{"id":818,"date":"2021-07-09T14:30:29","date_gmt":"2021-07-09T06:30:29","guid":{"rendered":"https:\/\/sumkcaps.com\/?post_type=product&#038;p=818"},"modified":"2024-03-27T17:11:33","modified_gmt":"2024-03-27T09:11:33","slug":"velcro-patch-snapback-cap","status":"publish","type":"product","link":"https:\/\/sumkcaps.com\/sv\/produkt\/snapback-keps-med-kardborreband\/","title":{"rendered":"Snapback-keps med kardborreband"},"content":{"rendered":"<p>1. Keps stil: snapback keps; basebollkeps; trucker; fem-panel; hinkhatt; m\u00f6ssor etc; kan ocks\u00e5 g\u00f6ra fanny pack<br \/>\n2. Tyg: Vi har olika tyger, bomull, akryl, kamouflagetyg, n\u00e4ttyg, m\u00f6nstertyg,<br \/>\normskinn l\u00e4der, leopard l\u00e4der, och s\u00e5 vidare, kan du v\u00e4lja den du gillar att g\u00f6ra locket<br \/>\n3. F\u00e4rg: Vi kan g\u00f6ra f\u00e4rgen som du vill<br \/>\n4. Storlek: Kan g\u00f6ra storleken som du vill<br \/>\n5. Topp: Toppen kan vara en b\u00f6jd topp eller en platt topp. Kan brodera eller skriva ut din logotyp p\u00e5 toppen ocks\u00e5.<br \/>\nToppen kan vara runt och kan ocks\u00e5 vara i kvadrat.<br \/>\n6. Logotypen kan vara broderad eller tryckt eller lapp etc.<br \/>\n7. Ryggst\u00e4ngning kan vara snapback, st\u00e4ngd, flexanpassad eller l\u00e4derrem<br \/>\n8. V\u00e5r MOQ \u00e4r 200st stil \/ f\u00e4rg<br \/>\n9. F\u00f6r betalning accepterar vi Western Union; Money Gram; TT etc<\/p>\n<p>F\u00f6r prov kan vi acceptera PayPal<br \/>\n10. Produktionen vi beh\u00f6ver 15-18 arbetsdagar f\u00f6r kvantiteten under 5000 st<br \/>\n11. F\u00f6r provet tar vi vanligtvis 5-7 arbetsdagar f\u00f6r att avsluta det.<br \/>\n12. Under tiden kan vi ocks\u00e5 g\u00f6ra v\u00e4vda etiketter, klisterm\u00e4rken, taputskrift, taggar \u00e5t dig.<\/p>","protected":false},"excerpt":{"rendered":"<p>Playgrnd har t\u00e4nkt utanf\u00f6r boxen med denna snapback med kardborreband p\u00e5 framsidan och vi kunde ge liv \u00e5t deras design med anpassningsbara alternativ f\u00f6r att skapa denna deluxe snapback.<\/p>","protected":false},"featured_media":819,"template":"","meta":{"_acf_changed":false,"_kad_blocks_custom_css":"","_kad_blocks_head_custom_js":"","_kad_blocks_body_custom_js":"","_kad_blocks_footer_custom_js":""},"product_brand":[],"product_cat":[42],"product_tag":[],"class_list":{"0":"post-818","1":"product","2":"type-product","3":"status-publish","4":"has-post-thumbnail","6":"product_cat-snapback-cap","8":"first","9":"outofstock","10":"shipping-taxable","11":"product-type-simple"},"acf":[],"yoast_head":"<!-- This site is optimized with the Yoast SEO Premium plugin v20.8 (Yoast SEO v25.9) - https:\/\/yoast.com\/wordpress\/plugins\/seo\/ -->\n<title>Velcro Patch Snapback Cap - Sumkcaps<\/title>\n<meta name=\"robots\" content=\"index, follow, max-snippet:-1, max-image-preview:large, max-video-preview:-1\" \/>\n<link rel=\"canonical\" href=\"https:\/\/sumkcaps.com\/sv\/produkt\/snapback-keps-med-kardborreband\/\" \/>\n<meta property=\"og:locale\" content=\"sv_SE\" \/>\n<meta property=\"og:type\" content=\"article\" \/>\n<meta property=\"og:title\" content=\"Velcro Patch Snapback Cap - Sumkcaps\" \/>\n<meta property=\"og:description\" content=\"Playgrnd has thought outside the box with this velcro front panel snapback and we were able to bring their design to life with customisable options to create this deluxe snapback.\" \/>\n<meta property=\"og:url\" content=\"https:\/\/sumkcaps.com\/sv\/produkt\/snapback-keps-med-kardborreband\/\" \/>\n<meta property=\"og:site_name\" content=\"Sumkcaps-China Original Headwear Manufacturer and Suppliers\" \/>\n<meta property=\"article:publisher\" content=\"https:\/\/www.facebook.com\/sumkcap\" \/>\n<meta property=\"article:modified_time\" content=\"2024-03-27T09:11:33+00:00\" \/>\n<meta property=\"og:image\" content=\"https:\/\/sumkcaps.com\/wp-content\/uploads\/2021\/07\/ARCADE-HEADWEAR-X-PLAYGRND-VELCRO-FLAT-BRIM-SNAPBACK-FRONT-420x420-1.jpg\" \/>\n\t<meta property=\"og:image:width\" content=\"420\" \/>\n\t<meta property=\"og:image:height\" content=\"420\" \/>\n\t<meta property=\"og:image:type\" content=\"image\/jpeg\" \/>\n<meta name=\"twitter:card\" content=\"summary_large_image\" \/>\n<meta name=\"twitter:label1\" content=\"Ber\u00e4knad l\u00e4stid\" \/>\n\t<meta name=\"twitter:data1\" content=\"1 minut\" \/>\n<script type=\"application\/ld+json\" class=\"yoast-schema-graph\">{\"@context\":\"https:\/\/schema.org\",\"@graph\":[{\"@type\":\"WebPage\",\"@id\":\"https:\/\/sumkcaps.com\/product\/velcro-patch-snapback-cap\/\",\"url\":\"https:\/\/sumkcaps.com\/product\/velcro-patch-snapback-cap\/\",\"name\":\"Velcro Patch Snapback Cap - Sumkcaps\",\"isPartOf\":{\"@id\":\"https:\/\/sumkcaps.com\/#website\"},\"primaryImageOfPage\":{\"@id\":\"https:\/\/sumkcaps.com\/product\/velcro-patch-snapback-cap\/#primaryimage\"},\"image\":{\"@id\":\"https:\/\/sumkcaps.com\/product\/velcro-patch-snapback-cap\/#primaryimage\"},\"thumbnailUrl\":\"https:\/\/sumkcaps.com\/wp-content\/uploads\/2021\/07\/ARCADE-HEADWEAR-X-PLAYGRND-VELCRO-FLAT-BRIM-SNAPBACK-FRONT-420x420-1.jpg\",\"datePublished\":\"2021-07-09T06:30:29+00:00\",\"dateModified\":\"2024-03-27T09:11:33+00:00\",\"breadcrumb\":{\"@id\":\"https:\/\/sumkcaps.com\/product\/velcro-patch-snapback-cap\/#breadcrumb\"},\"inLanguage\":\"sv-SE\",\"potentialAction\":[{\"@type\":\"ReadAction\",\"target\":[\"https:\/\/sumkcaps.com\/product\/velcro-patch-snapback-cap\/\"]}]},{\"@type\":\"ImageObject\",\"inLanguage\":\"sv-SE\",\"@id\":\"https:\/\/sumkcaps.com\/product\/velcro-patch-snapback-cap\/#primaryimage\",\"url\":\"https:\/\/sumkcaps.com\/wp-content\/uploads\/2021\/07\/ARCADE-HEADWEAR-X-PLAYGRND-VELCRO-FLAT-BRIM-SNAPBACK-FRONT-420x420-1.jpg\",\"contentUrl\":\"https:\/\/sumkcaps.com\/wp-content\/uploads\/2021\/07\/ARCADE-HEADWEAR-X-PLAYGRND-VELCRO-FLAT-BRIM-SNAPBACK-FRONT-420x420-1.jpg\",\"width\":420,\"height\":420},{\"@type\":\"BreadcrumbList\",\"@id\":\"https:\/\/sumkcaps.com\/product\/velcro-patch-snapback-cap\/#breadcrumb\",\"itemListElement\":[{\"@type\":\"ListItem\",\"position\":1,\"name\":\"Home\",\"item\":\"https:\/\/sumkcaps.com\/\"},{\"@type\":\"ListItem\",\"position\":2,\"name\":\"Products\",\"item\":\"https:\/\/sumkcaps.com\/product\/\"},{\"@type\":\"ListItem\",\"position\":3,\"name\":\"Velcro Patch Snapback Cap\"}]},{\"@type\":\"WebSite\",\"@id\":\"https:\/\/sumkcaps.com\/#website\",\"url\":\"https:\/\/sumkcaps.com\/\",\"name\":\"Sumkcaps-China Original Headwear Manufacturer and Suppliers\",\"description\":\"We are China Cap And Hat Original Factory, whose main business is to custom cap and hat as client&#039;s LOGO. Any cap style, any cap color, any qty, any material and qty is no problem. In one words, any small details can be customized as your request.\",\"publisher\":{\"@id\":\"https:\/\/sumkcaps.com\/#organization\"},\"potentialAction\":[{\"@type\":\"SearchAction\",\"target\":{\"@type\":\"EntryPoint\",\"urlTemplate\":\"https:\/\/sumkcaps.com\/?s={search_term_string}\"},\"query-input\":{\"@type\":\"PropertyValueSpecification\",\"valueRequired\":true,\"valueName\":\"search_term_string\"}}],\"inLanguage\":\"sv-SE\"},{\"@type\":\"Organization\",\"@id\":\"https:\/\/sumkcaps.com\/#organization\",\"name\":\"Sumkcaps-China Original Headwear Manufacturer and Suppliers\",\"url\":\"https:\/\/sumkcaps.com\/\",\"logo\":{\"@type\":\"ImageObject\",\"inLanguage\":\"sv-SE\",\"@id\":\"https:\/\/sumkcaps.com\/#\/schema\/logo\/image\/\",\"url\":\"https:\/\/sumkcaps.com\/wp-content\/uploads\/2025\/12\/1234.jpg\",\"contentUrl\":\"https:\/\/sumkcaps.com\/wp-content\/uploads\/2025\/12\/1234.jpg\",\"width\":800,\"height\":800,\"caption\":\"Sumkcaps-China Original Headwear Manufacturer and Suppliers\"},\"image\":{\"@id\":\"https:\/\/sumkcaps.com\/#\/schema\/logo\/image\/\"},\"sameAs\":[\"https:\/\/www.facebook.com\/sumkcap\",\"https:\/\/www.instagram.com\/sumkcaps7\/\",\"https:\/\/www.pinterest.com\/sumkcapschina\/\"]}]}<\/script>\n<!-- \/ Yoast SEO Premium plugin. -->","yoast_head_json":{"title":"Snapback-keps med kardborreband - Sumkcaps","robots":{"index":"index","follow":"follow","max-snippet":"max-snippet:-1","max-image-preview":"max-image-preview:large","max-video-preview":"max-video-preview:-1"},"canonical":"https:\/\/sumkcaps.com\/sv\/produkt\/snapback-keps-med-kardborreband\/","og_locale":"sv_SE","og_type":"article","og_title":"Velcro Patch Snapback Cap - Sumkcaps","og_description":"Playgrnd has thought outside the box with this velcro front panel snapback and we were able to bring their design to life with customisable options to create this deluxe snapback.","og_url":"https:\/\/sumkcaps.com\/sv\/produkt\/snapback-keps-med-kardborreband\/","og_site_name":"Sumkcaps-China Original Headwear Manufacturer and Suppliers","article_publisher":"https:\/\/www.facebook.com\/sumkcap","article_modified_time":"2024-03-27T09:11:33+00:00","og_image":[{"width":420,"height":420,"url":"https:\/\/sumkcaps.com\/wp-content\/uploads\/2021\/07\/ARCADE-HEADWEAR-X-PLAYGRND-VELCRO-FLAT-BRIM-SNAPBACK-FRONT-420x420-1.jpg","type":"image\/jpeg"}],"twitter_card":"summary_large_image","twitter_misc":{"Ber\u00e4knad l\u00e4stid":"1 minut"},"schema":{"@context":"https:\/\/schema.org","@graph":[{"@type":"WebPage","@id":"https:\/\/sumkcaps.com\/product\/velcro-patch-snapback-cap\/","url":"https:\/\/sumkcaps.com\/product\/velcro-patch-snapback-cap\/","name":"Snapback-keps med kardborreband - Sumkcaps","isPartOf":{"@id":"https:\/\/sumkcaps.com\/#website"},"primaryImageOfPage":{"@id":"https:\/\/sumkcaps.com\/product\/velcro-patch-snapback-cap\/#primaryimage"},"image":{"@id":"https:\/\/sumkcaps.com\/product\/velcro-patch-snapback-cap\/#primaryimage"},"thumbnailUrl":"https:\/\/sumkcaps.com\/wp-content\/uploads\/2021\/07\/ARCADE-HEADWEAR-X-PLAYGRND-VELCRO-FLAT-BRIM-SNAPBACK-FRONT-420x420-1.jpg","datePublished":"2021-07-09T06:30:29+00:00","dateModified":"2024-03-27T09:11:33+00:00","breadcrumb":{"@id":"https:\/\/sumkcaps.com\/product\/velcro-patch-snapback-cap\/#breadcrumb"},"inLanguage":"sv-SE","potentialAction":[{"@type":"ReadAction","target":["https:\/\/sumkcaps.com\/product\/velcro-patch-snapback-cap\/"]}]},{"@type":"ImageObject","inLanguage":"sv-SE","@id":"https:\/\/sumkcaps.com\/product\/velcro-patch-snapback-cap\/#primaryimage","url":"https:\/\/sumkcaps.com\/wp-content\/uploads\/2021\/07\/ARCADE-HEADWEAR-X-PLAYGRND-VELCRO-FLAT-BRIM-SNAPBACK-FRONT-420x420-1.jpg","contentUrl":"https:\/\/sumkcaps.com\/wp-content\/uploads\/2021\/07\/ARCADE-HEADWEAR-X-PLAYGRND-VELCRO-FLAT-BRIM-SNAPBACK-FRONT-420x420-1.jpg","width":420,"height":420},{"@type":"BreadcrumbList","@id":"https:\/\/sumkcaps.com\/product\/velcro-patch-snapback-cap\/#breadcrumb","itemListElement":[{"@type":"ListItem","position":1,"name":"Home","item":"https:\/\/sumkcaps.com\/"},{"@type":"ListItem","position":2,"name":"Products","item":"https:\/\/sumkcaps.com\/product\/"},{"@type":"ListItem","position":3,"name":"Velcro Patch Snapback Cap"}]},{"@type":"WebSite","@id":"https:\/\/sumkcaps.com\/#website","url":"https:\/\/sumkcaps.com\/","name":"Sumkcaps - tillverkare och leverant\u00f6rer av originalhuvudbonader i Kina","description":"Vi \u00e4r China Cap And Hat Original Factory, vars huvudsakliga verksamhet \u00e4r att anpassa m\u00f6ssa och hatt som klient &amp; #03939; s LOGO. Vilken keps som helst, vilken kepsf\u00e4rg som helst, vilket antal som helst, vilket material som helst och antal \u00e4r inget problem. Med ett ord kan alla sm\u00e5 detaljer anpassas efter din beg\u00e4ran.","publisher":{"@id":"https:\/\/sumkcaps.com\/#organization"},"potentialAction":[{"@type":"SearchAction","target":{"@type":"EntryPoint","urlTemplate":"https:\/\/sumkcaps.com\/?s={search_term_string}"},"query-input":{"@type":"PropertyValueSpecification","valueRequired":true,"valueName":"search_term_string"}}],"inLanguage":"sv-SE"},{"@type":"Organization","@id":"https:\/\/sumkcaps.com\/#organization","name":"Sumkcaps - tillverkare och leverant\u00f6rer av originalhuvudbonader i Kina","url":"https:\/\/sumkcaps.com\/","logo":{"@type":"ImageObject","inLanguage":"sv-SE","@id":"https:\/\/sumkcaps.com\/#\/schema\/logo\/image\/","url":"https:\/\/sumkcaps.com\/wp-content\/uploads\/2025\/12\/1234.jpg","contentUrl":"https:\/\/sumkcaps.com\/wp-content\/uploads\/2025\/12\/1234.jpg","width":800,"height":800,"caption":"Sumkcaps-China Original Headwear Manufacturer and Suppliers"},"image":{"@id":"https:\/\/sumkcaps.com\/#\/schema\/logo\/image\/"},"sameAs":["https:\/\/www.facebook.com\/sumkcap","https:\/\/www.instagram.com\/sumkcaps7\/","https:\/\/www.pinterest.com\/sumkcapschina\/"]}]}},"taxonomy_info":{"product_cat":[{"value":42,"label":"Snapback Hats Wholesale"}]},"featured_image_src_large":["https:\/\/sumkcaps.com\/wp-content\/uploads\/2021\/07\/ARCADE-HEADWEAR-X-PLAYGRND-VELCRO-FLAT-BRIM-SNAPBACK-FRONT-420x420-1.jpg",420,420,false],"author_info":[],"comment_info":"","_links":{"self":[{"href":"https:\/\/sumkcaps.com\/sv\/wp-json\/wp\/v2\/product\/818","targetHints":{"allow":["GET"]}}],"collection":[{"href":"https:\/\/sumkcaps.com\/sv\/wp-json\/wp\/v2\/product"}],"about":[{"href":"https:\/\/sumkcaps.com\/sv\/wp-json\/wp\/v2\/types\/product"}],"wp:featuredmedia":[{"embeddable":true,"href":"https:\/\/sumkcaps.com\/sv\/wp-json\/wp\/v2\/media\/819"}],"wp:attachment":[{"href":"https:\/\/sumkcaps.com\/sv\/wp-json\/wp\/v2\/media?parent=818"}],"wp:term":[{"taxonomy":"product_brand","embeddable":true,"href":"https:\/\/sumkcaps.com\/sv\/wp-json\/wp\/v2\/product_brand?post=818"},{"taxonomy":"product_cat","embeddable":true,"href":"https:\/\/sumkcaps.com\/sv\/wp-json\/wp\/v2\/product_cat?post=818"},{"taxonomy":"product_tag","embeddable":true,"href":"https:\/\/sumkcaps.com\/sv\/wp-json\/wp\/v2\/product_tag?post=818"}],"curies":[{"name":"wp","href":"https:\/\/api.w.org\/{rel}","templated":true}]}}