{"id":78,"date":"2021-07-03T10:08:30","date_gmt":"2021-07-03T02:08:30","guid":{"rendered":"https:\/\/sumkcaps.com\/?post_type=product&#038;p=78"},"modified":"2025-07-09T15:54:55","modified_gmt":"2025-07-09T07:54:55","slug":"flat-brim-snapback-cap","status":"publish","type":"product","link":"https:\/\/sumkcaps.com\/sv\/produkt\/snapback-keps-med-platt-skarm\/","title":{"rendered":"Snapback-keps med platt kant Partihandel"},"content":{"rendered":"<h2>Stil<\/h2>\n<p>Flat Brim Snapback Cap attraherar m\u00e5nga modeentusiaster med sin unika stil. Oavsett om det g\u00e4ller fritidskl\u00e4der eller street style, ger den en touch av k\u00e4nsla till varje outfit.<\/p>\n<h2>Design<\/h2>\n<p>Denna hatt har en innovativ design med ett klassiskt platt br\u00e4tte, vilket ger den ett modernt utseende. Den \u00e4r en m\u00e5ngsidig accessoar f\u00f6r b\u00e5de m\u00e4n och kvinnor.<\/p>\n<h2>Material<\/h2>\n<p>Flat Brim Snapback Cap \u00e4r tillverkad av h\u00f6gkvalitativa material och garanterar komfort och h\u00e5llbarhet. Det andningsbara tyget g\u00f6r den l\u00e4mplig f\u00f6r anv\u00e4ndning hela dagen.<\/p>\n<h2>F\u00e4rg<\/h2>\n<p>Flat Brim Snapback Cap finns i en m\u00e4ngd olika f\u00e4rger, s\u00e5 att du kan v\u00e4lja den perfekta nyansen f\u00f6r att matcha olika outfits. Oavsett om du f\u00f6redrar enf\u00e4rgade eller f\u00e4rgblockerande m\u00f6nster finns det ett alternativ f\u00f6r alla.<\/p>\n<h2>\u00d6glor<\/h2>\n<p>Den h\u00e4r kepsen har strategiskt placerade \u00f6ljetter som \u00f6kar luftfl\u00f6det och ser till att huvudet h\u00e5ller sig svalt och fr\u00e4scht \u00e4ven under varma dagar.<\/p>\n<p>Med 20 \u00e5rs expertis \u00e4r Sumkcaps en professionell hatttillverkare som erbjuder l\u00e5ga minsta orderkvantiteter och h\u00f6g kostnadseffektivitet. Oavsett om du beh\u00f6ver anpassning eller f\u00e4rdiga alternativ, har vi t\u00e4ckt dig. Kontakta oss nu f\u00f6r att grossist Flat Brim Snapback Caps och njut av v\u00e5ra konkurrenskraftiga priser!<\/p>","protected":false},"excerpt":{"rendered":"<p>Denna klassiska snapback med platt sk\u00e4rm blir aldrig omodern. En krona i ull ger den en traditionell ball-cap-k\u00e4nsla och karakt\u00e4r.<\/p>\n<p>V\u00e5r Flat Brim Snapback Cap \u00e4r snygg, m\u00e5ngsidig och tillverkad av h\u00f6gkvalitativa material. Justerbar och l\u00e4mplig f\u00f6r olika tillf\u00e4llen, med tillg\u00e4ngliga grossistpriser.<\/p>","protected":false},"featured_media":79,"template":"","meta":{"_acf_changed":false,"_kad_blocks_custom_css":"","_kad_blocks_head_custom_js":"","_kad_blocks_body_custom_js":"","_kad_blocks_footer_custom_js":""},"product_brand":[],"product_cat":[42,950],"product_tag":[],"class_list":{"0":"post-78","1":"product","2":"type-product","3":"status-publish","4":"has-post-thumbnail","6":"product_cat-snapback-cap","7":"product_cat-wool-5-panel-hat-wholesale","9":"first","10":"outofstock","11":"shipping-taxable","12":"product-type-simple"},"acf":[],"yoast_head":"<!-- This site is optimized with the Yoast SEO Premium plugin v20.8 (Yoast SEO v25.9) - https:\/\/yoast.com\/wordpress\/plugins\/seo\/ -->\n<title>Flat Brim Snapback Cap Wholesale - Sumkcaps<\/title>\n<meta name=\"description\" content=\"Explore Flat Brim Snapback Caps\u2014stylish, customizable, and durable. Perfect for any occasion. Bulk orders welcome, wholesale pricing available!\" \/>\n<meta name=\"robots\" content=\"index, follow, max-snippet:-1, max-image-preview:large, max-video-preview:-1\" \/>\n<link rel=\"canonical\" href=\"https:\/\/sumkcaps.com\/sv\/produkt\/snapback-keps-med-platt-skarm\/\" \/>\n<meta property=\"og:locale\" content=\"sv_SE\" \/>\n<meta property=\"og:type\" content=\"article\" \/>\n<meta property=\"og:title\" content=\"Flat Brim Snapback Cap Wholesale - Sumkcaps\" \/>\n<meta property=\"og:description\" content=\"Explore Flat Brim Snapback Caps\u2014stylish, customizable, and durable. Perfect for any occasion. Bulk orders welcome, wholesale pricing available!\" \/>\n<meta property=\"og:url\" content=\"https:\/\/sumkcaps.com\/sv\/produkt\/snapback-keps-med-platt-skarm\/\" \/>\n<meta property=\"og:site_name\" content=\"Sumkcaps-China Original Headwear Manufacturer and Suppliers\" \/>\n<meta property=\"article:publisher\" content=\"https:\/\/www.facebook.com\/sumkcap\" \/>\n<meta property=\"article:modified_time\" content=\"2025-07-09T07:54:55+00:00\" \/>\n<meta property=\"og:image\" content=\"https:\/\/sumkcaps.com\/wp-content\/uploads\/2021\/07\/Ha116e2098c214f45a52240a3791b413cW.jpg\" \/>\n\t<meta property=\"og:image:width\" content=\"800\" \/>\n\t<meta property=\"og:image:height\" content=\"800\" \/>\n\t<meta property=\"og:image:type\" content=\"image\/jpeg\" \/>\n<meta name=\"twitter:card\" content=\"summary_large_image\" \/>\n<meta name=\"twitter:label1\" content=\"Ber\u00e4knad l\u00e4stid\" \/>\n\t<meta name=\"twitter:data1\" content=\"1 minut\" \/>\n<script type=\"application\/ld+json\" class=\"yoast-schema-graph\">{\"@context\":\"https:\/\/schema.org\",\"@graph\":[{\"@type\":\"WebPage\",\"@id\":\"https:\/\/sumkcaps.com\/product\/flat-brim-snapback-cap\/\",\"url\":\"https:\/\/sumkcaps.com\/product\/flat-brim-snapback-cap\/\",\"name\":\"Flat Brim Snapback Cap Wholesale - Sumkcaps\",\"isPartOf\":{\"@id\":\"https:\/\/sumkcaps.com\/#website\"},\"primaryImageOfPage\":{\"@id\":\"https:\/\/sumkcaps.com\/product\/flat-brim-snapback-cap\/#primaryimage\"},\"image\":{\"@id\":\"https:\/\/sumkcaps.com\/product\/flat-brim-snapback-cap\/#primaryimage\"},\"thumbnailUrl\":\"https:\/\/sumkcaps.com\/wp-content\/uploads\/2021\/07\/Ha116e2098c214f45a52240a3791b413cW.jpg\",\"datePublished\":\"2021-07-03T02:08:30+00:00\",\"dateModified\":\"2025-07-09T07:54:55+00:00\",\"description\":\"Explore Flat Brim Snapback Caps\u2014stylish, customizable, and durable. Perfect for any occasion. Bulk orders welcome, wholesale pricing available!\",\"breadcrumb\":{\"@id\":\"https:\/\/sumkcaps.com\/product\/flat-brim-snapback-cap\/#breadcrumb\"},\"inLanguage\":\"sv-SE\",\"potentialAction\":[{\"@type\":\"ReadAction\",\"target\":[\"https:\/\/sumkcaps.com\/product\/flat-brim-snapback-cap\/\"]}]},{\"@type\":\"ImageObject\",\"inLanguage\":\"sv-SE\",\"@id\":\"https:\/\/sumkcaps.com\/product\/flat-brim-snapback-cap\/#primaryimage\",\"url\":\"https:\/\/sumkcaps.com\/wp-content\/uploads\/2021\/07\/Ha116e2098c214f45a52240a3791b413cW.jpg\",\"contentUrl\":\"https:\/\/sumkcaps.com\/wp-content\/uploads\/2021\/07\/Ha116e2098c214f45a52240a3791b413cW.jpg\",\"width\":800,\"height\":800,\"caption\":\"Flat Brim Snapback Cap Wholesale\"},{\"@type\":\"BreadcrumbList\",\"@id\":\"https:\/\/sumkcaps.com\/product\/flat-brim-snapback-cap\/#breadcrumb\",\"itemListElement\":[{\"@type\":\"ListItem\",\"position\":1,\"name\":\"Home\",\"item\":\"https:\/\/sumkcaps.com\/\"},{\"@type\":\"ListItem\",\"position\":2,\"name\":\"Products\",\"item\":\"https:\/\/sumkcaps.com\/product\/\"},{\"@type\":\"ListItem\",\"position\":3,\"name\":\"Flat Brim Snapback Cap Wholesale\"}]},{\"@type\":\"WebSite\",\"@id\":\"https:\/\/sumkcaps.com\/#website\",\"url\":\"https:\/\/sumkcaps.com\/\",\"name\":\"Sumkcaps-China Original Headwear Manufacturer and Suppliers\",\"description\":\"We are China Cap And Hat Original Factory, whose main business is to custom cap and hat as client&#039;s LOGO. Any cap style, any cap color, any qty, any material and qty is no problem. In one words, any small details can be customized as your request.\",\"publisher\":{\"@id\":\"https:\/\/sumkcaps.com\/#organization\"},\"potentialAction\":[{\"@type\":\"SearchAction\",\"target\":{\"@type\":\"EntryPoint\",\"urlTemplate\":\"https:\/\/sumkcaps.com\/?s={search_term_string}\"},\"query-input\":{\"@type\":\"PropertyValueSpecification\",\"valueRequired\":true,\"valueName\":\"search_term_string\"}}],\"inLanguage\":\"sv-SE\"},{\"@type\":\"Organization\",\"@id\":\"https:\/\/sumkcaps.com\/#organization\",\"name\":\"Sumkcaps-China Original Headwear Manufacturer and Suppliers\",\"url\":\"https:\/\/sumkcaps.com\/\",\"logo\":{\"@type\":\"ImageObject\",\"inLanguage\":\"sv-SE\",\"@id\":\"https:\/\/sumkcaps.com\/#\/schema\/logo\/image\/\",\"url\":\"https:\/\/sumkcaps.com\/wp-content\/uploads\/2025\/12\/1234.jpg\",\"contentUrl\":\"https:\/\/sumkcaps.com\/wp-content\/uploads\/2025\/12\/1234.jpg\",\"width\":800,\"height\":800,\"caption\":\"Sumkcaps-China Original Headwear Manufacturer and Suppliers\"},\"image\":{\"@id\":\"https:\/\/sumkcaps.com\/#\/schema\/logo\/image\/\"},\"sameAs\":[\"https:\/\/www.facebook.com\/sumkcap\",\"https:\/\/www.instagram.com\/sumkcaps7\/\",\"https:\/\/www.pinterest.com\/sumkcapschina\/\"]}]}<\/script>\n<!-- \/ Yoast SEO Premium plugin. -->","yoast_head_json":{"title":"Snapback-keps med platt br\u00e4tte - Sumkcaps","description":"Explore Snapback-kepsar med platt kant - snygga, anpassningsbara och h\u00e5llbara. Perfekt f\u00f6r alla tillf\u00e4llen. Bulkbest\u00e4llningar v\u00e4lkomna, grossistpriser tillg\u00e4ngliga!","robots":{"index":"index","follow":"follow","max-snippet":"max-snippet:-1","max-image-preview":"max-image-preview:large","max-video-preview":"max-video-preview:-1"},"canonical":"https:\/\/sumkcaps.com\/sv\/produkt\/snapback-keps-med-platt-skarm\/","og_locale":"sv_SE","og_type":"article","og_title":"Flat Brim Snapback Cap Wholesale - Sumkcaps","og_description":"Explore Flat Brim Snapback Caps\u2014stylish, customizable, and durable. Perfect for any occasion. Bulk orders welcome, wholesale pricing available!","og_url":"https:\/\/sumkcaps.com\/sv\/produkt\/snapback-keps-med-platt-skarm\/","og_site_name":"Sumkcaps-China Original Headwear Manufacturer and Suppliers","article_publisher":"https:\/\/www.facebook.com\/sumkcap","article_modified_time":"2025-07-09T07:54:55+00:00","og_image":[{"width":800,"height":800,"url":"https:\/\/sumkcaps.com\/wp-content\/uploads\/2021\/07\/Ha116e2098c214f45a52240a3791b413cW.jpg","type":"image\/jpeg"}],"twitter_card":"summary_large_image","twitter_misc":{"Ber\u00e4knad l\u00e4stid":"1 minut"},"schema":{"@context":"https:\/\/schema.org","@graph":[{"@type":"WebPage","@id":"https:\/\/sumkcaps.com\/product\/flat-brim-snapback-cap\/","url":"https:\/\/sumkcaps.com\/product\/flat-brim-snapback-cap\/","name":"Snapback-keps med platt br\u00e4tte - Sumkcaps","isPartOf":{"@id":"https:\/\/sumkcaps.com\/#website"},"primaryImageOfPage":{"@id":"https:\/\/sumkcaps.com\/product\/flat-brim-snapback-cap\/#primaryimage"},"image":{"@id":"https:\/\/sumkcaps.com\/product\/flat-brim-snapback-cap\/#primaryimage"},"thumbnailUrl":"https:\/\/sumkcaps.com\/wp-content\/uploads\/2021\/07\/Ha116e2098c214f45a52240a3791b413cW.jpg","datePublished":"2021-07-03T02:08:30+00:00","dateModified":"2025-07-09T07:54:55+00:00","description":"Explore Snapback-kepsar med platt kant - snygga, anpassningsbara och h\u00e5llbara. Perfekt f\u00f6r alla tillf\u00e4llen. Bulkbest\u00e4llningar v\u00e4lkomna, grossistpriser tillg\u00e4ngliga!","breadcrumb":{"@id":"https:\/\/sumkcaps.com\/product\/flat-brim-snapback-cap\/#breadcrumb"},"inLanguage":"sv-SE","potentialAction":[{"@type":"ReadAction","target":["https:\/\/sumkcaps.com\/product\/flat-brim-snapback-cap\/"]}]},{"@type":"ImageObject","inLanguage":"sv-SE","@id":"https:\/\/sumkcaps.com\/product\/flat-brim-snapback-cap\/#primaryimage","url":"https:\/\/sumkcaps.com\/wp-content\/uploads\/2021\/07\/Ha116e2098c214f45a52240a3791b413cW.jpg","contentUrl":"https:\/\/sumkcaps.com\/wp-content\/uploads\/2021\/07\/Ha116e2098c214f45a52240a3791b413cW.jpg","width":800,"height":800,"caption":"Flat Brim Snapback Cap Wholesale"},{"@type":"BreadcrumbList","@id":"https:\/\/sumkcaps.com\/product\/flat-brim-snapback-cap\/#breadcrumb","itemListElement":[{"@type":"ListItem","position":1,"name":"Home","item":"https:\/\/sumkcaps.com\/"},{"@type":"ListItem","position":2,"name":"Products","item":"https:\/\/sumkcaps.com\/product\/"},{"@type":"ListItem","position":3,"name":"Flat Brim Snapback Cap Wholesale"}]},{"@type":"WebSite","@id":"https:\/\/sumkcaps.com\/#website","url":"https:\/\/sumkcaps.com\/","name":"Sumkcaps - tillverkare och leverant\u00f6rer av originalhuvudbonader i Kina","description":"Vi \u00e4r China Cap And Hat Original Factory, vars huvudsakliga verksamhet \u00e4r att anpassa m\u00f6ssa och hatt som klient &amp; #03939; s LOGO. Vilken keps som helst, vilken kepsf\u00e4rg som helst, vilket antal som helst, vilket material som helst och antal \u00e4r inget problem. Med ett ord kan alla sm\u00e5 detaljer anpassas efter din beg\u00e4ran.","publisher":{"@id":"https:\/\/sumkcaps.com\/#organization"},"potentialAction":[{"@type":"SearchAction","target":{"@type":"EntryPoint","urlTemplate":"https:\/\/sumkcaps.com\/?s={search_term_string}"},"query-input":{"@type":"PropertyValueSpecification","valueRequired":true,"valueName":"search_term_string"}}],"inLanguage":"sv-SE"},{"@type":"Organization","@id":"https:\/\/sumkcaps.com\/#organization","name":"Sumkcaps - tillverkare och leverant\u00f6rer av originalhuvudbonader i Kina","url":"https:\/\/sumkcaps.com\/","logo":{"@type":"ImageObject","inLanguage":"sv-SE","@id":"https:\/\/sumkcaps.com\/#\/schema\/logo\/image\/","url":"https:\/\/sumkcaps.com\/wp-content\/uploads\/2025\/12\/1234.jpg","contentUrl":"https:\/\/sumkcaps.com\/wp-content\/uploads\/2025\/12\/1234.jpg","width":800,"height":800,"caption":"Sumkcaps-China Original Headwear Manufacturer and Suppliers"},"image":{"@id":"https:\/\/sumkcaps.com\/#\/schema\/logo\/image\/"},"sameAs":["https:\/\/www.facebook.com\/sumkcap","https:\/\/www.instagram.com\/sumkcaps7\/","https:\/\/www.pinterest.com\/sumkcapschina\/"]}]}},"taxonomy_info":{"product_cat":[{"value":42,"label":"Snapback Hats Wholesale"},{"value":950,"label":"Wool 5 Panel Hat Wholesale"}]},"featured_image_src_large":["https:\/\/sumkcaps.com\/wp-content\/uploads\/2021\/07\/Ha116e2098c214f45a52240a3791b413cW.jpg",800,800,false],"author_info":[],"comment_info":"","_links":{"self":[{"href":"https:\/\/sumkcaps.com\/sv\/wp-json\/wp\/v2\/product\/78","targetHints":{"allow":["GET"]}}],"collection":[{"href":"https:\/\/sumkcaps.com\/sv\/wp-json\/wp\/v2\/product"}],"about":[{"href":"https:\/\/sumkcaps.com\/sv\/wp-json\/wp\/v2\/types\/product"}],"wp:featuredmedia":[{"embeddable":true,"href":"https:\/\/sumkcaps.com\/sv\/wp-json\/wp\/v2\/media\/79"}],"wp:attachment":[{"href":"https:\/\/sumkcaps.com\/sv\/wp-json\/wp\/v2\/media?parent=78"}],"wp:term":[{"taxonomy":"product_brand","embeddable":true,"href":"https:\/\/sumkcaps.com\/sv\/wp-json\/wp\/v2\/product_brand?post=78"},{"taxonomy":"product_cat","embeddable":true,"href":"https:\/\/sumkcaps.com\/sv\/wp-json\/wp\/v2\/product_cat?post=78"},{"taxonomy":"product_tag","embeddable":true,"href":"https:\/\/sumkcaps.com\/sv\/wp-json\/wp\/v2\/product_tag?post=78"}],"curies":[{"name":"wp","href":"https:\/\/api.w.org\/{rel}","templated":true}]}}