{"id":67,"date":"2021-07-03T09:44:41","date_gmt":"2021-07-03T01:44:41","guid":{"rendered":"https:\/\/sumkcaps.com\/?post_type=product&#038;p=67"},"modified":"2025-07-30T15:41:26","modified_gmt":"2025-07-30T07:41:26","slug":"white-6-panel-white-unstructured-dad-hat-baseball-cap","status":"publish","type":"product","link":"https:\/\/sumkcaps.com\/sv\/produkt\/vit-6-panel-vit-ostrukturerad-dad-hat-basebollkeps\/","title":{"rendered":"White 6 Panel White Unstructured Dad Hat Baseball Cap Wholesale"},"content":{"rendered":"<p>White 6 Panel White Unstructured Dad Hat Baseball Cap har en tidl\u00f6s stil som sm\u00e4lter in s\u00f6ml\u00f6st med alla avslappnade kl\u00e4der. Kepsen har ett justerbart band som garanterar en bekv\u00e4m och s\u00e4ker passform f\u00f6r alla. Tillverkad av premiummaterial, garanterar den h\u00e5llbarhet och l\u00e5ngvarigt slitage. Den finns i klassisk vit f\u00e4rg och \u00e4r ett m\u00e5ngsidigt och elegant val f\u00f6r alla tillf\u00e4llen.<\/p>\n<h2 data-start=\"87\" data-end=\"124\"><strong data-start=\"94\" data-end=\"124\">Anpassning och dekorering<\/strong><\/h2>\n<ul data-start=\"125\" data-end=\"383\">\n<li data-start=\"125\" data-end=\"209\">\n<p data-start=\"127\" data-end=\"209\"><strong data-start=\"127\" data-end=\"146\">Dekorationstyp<\/strong>: Platt broderi f\u00f6r ren, klassisk placering av logotyp eller design<\/p>\n<\/li>\n<li data-start=\"210\" data-end=\"304\">\n<p data-start=\"212\" data-end=\"304\"><strong data-start=\"212\" data-end=\"231\">Servicealternativ<\/strong>: OEM &amp; ODM tillg\u00e4ngliga f\u00f6r fullst\u00e4ndig anpassning och private label-varum\u00e4rke<\/p>\n<\/li>\n<li data-start=\"305\" data-end=\"383\">\n<p data-start=\"307\" data-end=\"383\"><strong data-start=\"307\" data-end=\"314\">MOQ<\/strong>: 200 exemplar per design och f\u00e4rg - perfekt f\u00f6r skr\u00e4ddarsydda varum\u00e4rkesprojekt<\/p>\n<\/li>\n<\/ul>\n<h2 data-start=\"390\" data-end=\"424\"><strong data-start=\"397\" data-end=\"424\">Material &amp; konstruktion<\/strong><\/h2>\n<ul data-start=\"425\" data-end=\"693\">\n<li data-start=\"425\" data-end=\"515\">\n<p data-start=\"427\" data-end=\"515\"><strong data-start=\"427\" data-end=\"439\">Material<\/strong>: Tillverkad av 100% bomullstwill f\u00f6r en mjuk, andningsbar och bekv\u00e4m k\u00e4nsla<\/p>\n<\/li>\n<li data-start=\"516\" data-end=\"612\">\n<p data-start=\"518\" data-end=\"612\"><strong data-start=\"518\" data-end=\"539\">Form och struktur<\/strong>: Ostrukturerad 6-panelskonstruktion f\u00f6r en avslappnad och ledig silhuett<\/p>\n<\/li>\n<li data-start=\"613\" data-end=\"693\">\n<p data-start=\"615\" data-end=\"693\"><strong data-start=\"615\" data-end=\"624\">F\u00e4rg<\/strong>: Ren vit yta, perfekt f\u00f6r minimala eller dj\u00e4rva broderade m\u00f6nster<\/p>\n<\/li>\n<\/ul>\n<h2 data-start=\"700\" data-end=\"723\"><strong data-start=\"707\" data-end=\"723\">Passform och storlek<\/strong><\/h2>\n<ul data-start=\"724\" data-end=\"946\">\n<li data-start=\"724\" data-end=\"803\">\n<p data-start=\"726\" data-end=\"803\"><strong data-start=\"726\" data-end=\"733\">Passform<\/strong>: One Size Fits Most (OSFM), l\u00e4mplig f\u00f6r huvudstorlekar fr\u00e5n 7 till 7 3\/4<\/p>\n<\/li>\n<li data-start=\"804\" data-end=\"875\">\n<p data-start=\"806\" data-end=\"875\"><strong data-start=\"806\" data-end=\"817\">F\u00f6rslutning<\/strong>: Justerbar rem ger en personlig och s\u00e4ker passform<\/p>\n<\/li>\n<li data-start=\"876\" data-end=\"946\">\n<p data-start=\"878\" data-end=\"946\"><strong data-start=\"878\" data-end=\"887\">Visir<\/strong>: F\u00f6rb\u00f6jt br\u00e4tte f\u00f6r solskydd och enkel stil<\/p>\n<\/li>\n<\/ul>\n<h2>Kontakta oss<\/h2>\n<p>Letar du efter en keps som ger flexibilitet i personalisering? White 6 Panel White Unstructured Dad Hat Baseball Cap \u00e4r perfekt f\u00f6r anpassad brodyr eller tryck. Dess ostrukturerade konstruktion ger en avslappnad look samtidigt som den beh\u00e5ller formen med hj\u00e4lp av de v\u00e4ldesignade \u00f6ljetterna som s\u00e4kerst\u00e4ller andningsf\u00f6rm\u00e5ga.<\/p>\n<p>Sumkcaps har varit verksamma inom kapsyltillverkningsindustrin i 20 \u00e5r och \u00e4r k\u00e4nda f\u00f6r sina l\u00e5ga minimiorderkvantiteter och sitt utm\u00e4rkta f\u00f6rh\u00e5llande mellan kostnad och prestanda. Vi \u00e4r fast beslutna att leverera h\u00f6gkvalitativa produkter. <a href=\"https:\/\/sumkcaps.com\/contact\/\">Kontakta oss<\/a> idag f\u00f6r dina grossistbehov!<\/p>","protected":false},"excerpt":{"rendered":"<p>Grundl\u00e4ggande vit ostrukturerad form samtidigt som den \u00e4r tillverkad av ekologisk bomull, som f\u00e5r GOTS. kan anpassas med din egen logotyp eller varum\u00e4rke f\u00f6r marknadsf\u00f6ring, evenemang eller f\u00f6retag...<\/p>\n<p>Uppt\u00e4ck v\u00e5r h\u00f6gkvalitativa White 6 Panel White Unstructured Dad Hat Baseball Cap, perfekt f\u00f6r grossistk\u00f6pare.<\/p>","protected":false},"featured_media":68,"template":"","meta":{"_acf_changed":false,"_kad_blocks_custom_css":"","_kad_blocks_head_custom_js":"","_kad_blocks_body_custom_js":"","_kad_blocks_footer_custom_js":""},"product_brand":[],"product_cat":[693,949],"product_tag":[],"class_list":{"0":"post-67","1":"product","2":"type-product","3":"status-publish","4":"has-post-thumbnail","6":"product_cat-hat","7":"product_cat-unstructured-5-panel-hat-wholesale","9":"first","10":"outofstock","11":"shipping-taxable","12":"product-type-simple"},"acf":[],"yoast_head":"<!-- This site is optimized with the Yoast SEO Premium plugin v20.8 (Yoast SEO v25.9) - https:\/\/yoast.com\/wordpress\/plugins\/seo\/ -->\n<title>White 6 Panel White Unstructured Dad Hat Baseball Cap<\/title>\n<meta name=\"description\" content=\"Shop our White 6 Panel Unstructured Dad Hat\u2014premium cotton, adjustable fit. Perfect for custom embroidery, casual wear, and wholesale orders with low MOQ.\" \/>\n<meta name=\"robots\" content=\"index, follow, max-snippet:-1, max-image-preview:large, max-video-preview:-1\" \/>\n<link rel=\"canonical\" href=\"https:\/\/sumkcaps.com\/sv\/produkt\/vit-6-panel-vit-ostrukturerad-dad-hat-basebollkeps\/\" \/>\n<meta property=\"og:locale\" content=\"sv_SE\" \/>\n<meta property=\"og:type\" content=\"article\" \/>\n<meta property=\"og:title\" content=\"White 6 Panel White Unstructured Dad Hat Baseball Cap Wholesale - Sumkcaps\" \/>\n<meta property=\"og:description\" content=\"Shop our White 6 Panel Unstructured Dad Hat\u2014premium cotton, adjustable fit. Perfect for custom embroidery, casual wear, and wholesale orders with low MOQ.\" \/>\n<meta property=\"og:url\" content=\"https:\/\/sumkcaps.com\/sv\/produkt\/vit-6-panel-vit-ostrukturerad-dad-hat-basebollkeps\/\" \/>\n<meta property=\"og:site_name\" content=\"Sumkcaps-China Original Headwear Manufacturer and Suppliers\" \/>\n<meta property=\"article:publisher\" content=\"https:\/\/www.facebook.com\/sumkcap\" \/>\n<meta property=\"article:modified_time\" content=\"2025-07-30T07:41:26+00:00\" \/>\n<meta property=\"og:image\" content=\"https:\/\/sumkcaps.com\/wp-content\/uploads\/2021\/07\/\u7ee3\u82b1\u65e0\u886c\u68d2\u7403\u5e3d-3.jpg\" \/>\n\t<meta property=\"og:image:width\" content=\"800\" \/>\n\t<meta property=\"og:image:height\" content=\"800\" \/>\n\t<meta property=\"og:image:type\" content=\"image\/jpeg\" \/>\n<meta name=\"twitter:card\" content=\"summary_large_image\" \/>\n<meta name=\"twitter:label1\" content=\"Ber\u00e4knad l\u00e4stid\" \/>\n\t<meta name=\"twitter:data1\" content=\"2 minuter\" \/>\n<script type=\"application\/ld+json\" class=\"yoast-schema-graph\">{\"@context\":\"https:\/\/schema.org\",\"@graph\":[{\"@type\":\"WebPage\",\"@id\":\"https:\/\/sumkcaps.com\/product\/white-6-panel-white-unstructured-dad-hat-baseball-cap\/\",\"url\":\"https:\/\/sumkcaps.com\/product\/white-6-panel-white-unstructured-dad-hat-baseball-cap\/\",\"name\":\"White 6 Panel White Unstructured Dad Hat Baseball Cap\",\"isPartOf\":{\"@id\":\"https:\/\/sumkcaps.com\/#website\"},\"primaryImageOfPage\":{\"@id\":\"https:\/\/sumkcaps.com\/product\/white-6-panel-white-unstructured-dad-hat-baseball-cap\/#primaryimage\"},\"image\":{\"@id\":\"https:\/\/sumkcaps.com\/product\/white-6-panel-white-unstructured-dad-hat-baseball-cap\/#primaryimage\"},\"thumbnailUrl\":\"https:\/\/sumkcaps.com\/wp-content\/uploads\/2021\/07\/\u7ee3\u82b1\u65e0\u886c\u68d2\u7403\u5e3d-3.jpg\",\"datePublished\":\"2021-07-03T01:44:41+00:00\",\"dateModified\":\"2025-07-30T07:41:26+00:00\",\"description\":\"Shop our White 6 Panel Unstructured Dad Hat\u2014premium cotton, adjustable fit. Perfect for custom embroidery, casual wear, and wholesale orders with low MOQ.\",\"breadcrumb\":{\"@id\":\"https:\/\/sumkcaps.com\/product\/white-6-panel-white-unstructured-dad-hat-baseball-cap\/#breadcrumb\"},\"inLanguage\":\"sv-SE\",\"potentialAction\":[{\"@type\":\"ReadAction\",\"target\":[\"https:\/\/sumkcaps.com\/product\/white-6-panel-white-unstructured-dad-hat-baseball-cap\/\"]}]},{\"@type\":\"ImageObject\",\"inLanguage\":\"sv-SE\",\"@id\":\"https:\/\/sumkcaps.com\/product\/white-6-panel-white-unstructured-dad-hat-baseball-cap\/#primaryimage\",\"url\":\"https:\/\/sumkcaps.com\/wp-content\/uploads\/2021\/07\/\u7ee3\u82b1\u65e0\u886c\u68d2\u7403\u5e3d-3.jpg\",\"contentUrl\":\"https:\/\/sumkcaps.com\/wp-content\/uploads\/2021\/07\/\u7ee3\u82b1\u65e0\u886c\u68d2\u7403\u5e3d-3.jpg\",\"width\":800,\"height\":800,\"caption\":\"White 6 Panel White Unstructured Dad Hat Baseball Cap Wholesale\"},{\"@type\":\"BreadcrumbList\",\"@id\":\"https:\/\/sumkcaps.com\/product\/white-6-panel-white-unstructured-dad-hat-baseball-cap\/#breadcrumb\",\"itemListElement\":[{\"@type\":\"ListItem\",\"position\":1,\"name\":\"Home\",\"item\":\"https:\/\/sumkcaps.com\/\"},{\"@type\":\"ListItem\",\"position\":2,\"name\":\"Products\",\"item\":\"https:\/\/sumkcaps.com\/product\/\"},{\"@type\":\"ListItem\",\"position\":3,\"name\":\"White 6 Panel White Unstructured Dad Hat Baseball Cap Wholesale\"}]},{\"@type\":\"WebSite\",\"@id\":\"https:\/\/sumkcaps.com\/#website\",\"url\":\"https:\/\/sumkcaps.com\/\",\"name\":\"Sumkcaps-China Original Headwear Manufacturer and Suppliers\",\"description\":\"We are China Cap And Hat Original Factory, whose main business is to custom cap and hat as client&#039;s LOGO. Any cap style, any cap color, any qty, any material and qty is no problem. In one words, any small details can be customized as your request.\",\"publisher\":{\"@id\":\"https:\/\/sumkcaps.com\/#organization\"},\"potentialAction\":[{\"@type\":\"SearchAction\",\"target\":{\"@type\":\"EntryPoint\",\"urlTemplate\":\"https:\/\/sumkcaps.com\/?s={search_term_string}\"},\"query-input\":{\"@type\":\"PropertyValueSpecification\",\"valueRequired\":true,\"valueName\":\"search_term_string\"}}],\"inLanguage\":\"sv-SE\"},{\"@type\":\"Organization\",\"@id\":\"https:\/\/sumkcaps.com\/#organization\",\"name\":\"Sumkcaps-China Original Headwear Manufacturer and Suppliers\",\"url\":\"https:\/\/sumkcaps.com\/\",\"logo\":{\"@type\":\"ImageObject\",\"inLanguage\":\"sv-SE\",\"@id\":\"https:\/\/sumkcaps.com\/#\/schema\/logo\/image\/\",\"url\":\"https:\/\/sumkcaps.com\/wp-content\/uploads\/2025\/12\/1234.jpg\",\"contentUrl\":\"https:\/\/sumkcaps.com\/wp-content\/uploads\/2025\/12\/1234.jpg\",\"width\":800,\"height\":800,\"caption\":\"Sumkcaps-China Original Headwear Manufacturer and Suppliers\"},\"image\":{\"@id\":\"https:\/\/sumkcaps.com\/#\/schema\/logo\/image\/\"},\"sameAs\":[\"https:\/\/www.facebook.com\/sumkcap\",\"https:\/\/www.instagram.com\/sumkcaps7\/\",\"https:\/\/www.pinterest.com\/sumkcapschina\/\"]}]}<\/script>\n<!-- \/ Yoast SEO Premium plugin. -->","yoast_head_json":{"title":"White 6 Panel White Unstructured Dad Hat Baseball Cap","description":"Handla v\u00e5r vita 6 Panel Unstructured Dad Hat-premium bomull, justerbar passform. Perfekt f\u00f6r specialbroderi, fritidskl\u00e4der och grossistorder med l\u00e5g MOQ.","robots":{"index":"index","follow":"follow","max-snippet":"max-snippet:-1","max-image-preview":"max-image-preview:large","max-video-preview":"max-video-preview:-1"},"canonical":"https:\/\/sumkcaps.com\/sv\/produkt\/vit-6-panel-vit-ostrukturerad-dad-hat-basebollkeps\/","og_locale":"sv_SE","og_type":"article","og_title":"White 6 Panel White Unstructured Dad Hat Baseball Cap Wholesale - Sumkcaps","og_description":"Shop our White 6 Panel Unstructured Dad Hat\u2014premium cotton, adjustable fit. Perfect for custom embroidery, casual wear, and wholesale orders with low MOQ.","og_url":"https:\/\/sumkcaps.com\/sv\/produkt\/vit-6-panel-vit-ostrukturerad-dad-hat-basebollkeps\/","og_site_name":"Sumkcaps-China Original Headwear Manufacturer and Suppliers","article_publisher":"https:\/\/www.facebook.com\/sumkcap","article_modified_time":"2025-07-30T07:41:26+00:00","og_image":[{"width":800,"height":800,"url":"https:\/\/sumkcaps.com\/wp-content\/uploads\/2021\/07\/\u7ee3\u82b1\u65e0\u886c\u68d2\u7403\u5e3d-3.jpg","type":"image\/jpeg"}],"twitter_card":"summary_large_image","twitter_misc":{"Ber\u00e4knad l\u00e4stid":"2 minuter"},"schema":{"@context":"https:\/\/schema.org","@graph":[{"@type":"WebPage","@id":"https:\/\/sumkcaps.com\/product\/white-6-panel-white-unstructured-dad-hat-baseball-cap\/","url":"https:\/\/sumkcaps.com\/product\/white-6-panel-white-unstructured-dad-hat-baseball-cap\/","name":"White 6 Panel White Unstructured Dad Hat Baseball Cap","isPartOf":{"@id":"https:\/\/sumkcaps.com\/#website"},"primaryImageOfPage":{"@id":"https:\/\/sumkcaps.com\/product\/white-6-panel-white-unstructured-dad-hat-baseball-cap\/#primaryimage"},"image":{"@id":"https:\/\/sumkcaps.com\/product\/white-6-panel-white-unstructured-dad-hat-baseball-cap\/#primaryimage"},"thumbnailUrl":"https:\/\/sumkcaps.com\/wp-content\/uploads\/2021\/07\/\u7ee3\u82b1\u65e0\u886c\u68d2\u7403\u5e3d-3.jpg","datePublished":"2021-07-03T01:44:41+00:00","dateModified":"2025-07-30T07:41:26+00:00","description":"Handla v\u00e5r vita 6 Panel Unstructured Dad Hat-premium bomull, justerbar passform. Perfekt f\u00f6r specialbroderi, fritidskl\u00e4der och grossistorder med l\u00e5g MOQ.","breadcrumb":{"@id":"https:\/\/sumkcaps.com\/product\/white-6-panel-white-unstructured-dad-hat-baseball-cap\/#breadcrumb"},"inLanguage":"sv-SE","potentialAction":[{"@type":"ReadAction","target":["https:\/\/sumkcaps.com\/product\/white-6-panel-white-unstructured-dad-hat-baseball-cap\/"]}]},{"@type":"ImageObject","inLanguage":"sv-SE","@id":"https:\/\/sumkcaps.com\/product\/white-6-panel-white-unstructured-dad-hat-baseball-cap\/#primaryimage","url":"https:\/\/sumkcaps.com\/wp-content\/uploads\/2021\/07\/\u7ee3\u82b1\u65e0\u886c\u68d2\u7403\u5e3d-3.jpg","contentUrl":"https:\/\/sumkcaps.com\/wp-content\/uploads\/2021\/07\/\u7ee3\u82b1\u65e0\u886c\u68d2\u7403\u5e3d-3.jpg","width":800,"height":800,"caption":"White 6 Panel White Unstructured Dad Hat Baseball Cap Wholesale"},{"@type":"BreadcrumbList","@id":"https:\/\/sumkcaps.com\/product\/white-6-panel-white-unstructured-dad-hat-baseball-cap\/#breadcrumb","itemListElement":[{"@type":"ListItem","position":1,"name":"Home","item":"https:\/\/sumkcaps.com\/"},{"@type":"ListItem","position":2,"name":"Products","item":"https:\/\/sumkcaps.com\/product\/"},{"@type":"ListItem","position":3,"name":"White 6 Panel White Unstructured Dad Hat Baseball Cap Wholesale"}]},{"@type":"WebSite","@id":"https:\/\/sumkcaps.com\/#website","url":"https:\/\/sumkcaps.com\/","name":"Sumkcaps - tillverkare och leverant\u00f6rer av originalhuvudbonader i Kina","description":"Vi \u00e4r China Cap And Hat Original Factory, vars huvudsakliga verksamhet \u00e4r att anpassa m\u00f6ssa och hatt som klient &amp; #03939; s LOGO. Vilken keps som helst, vilken kepsf\u00e4rg som helst, vilket antal som helst, vilket material som helst och antal \u00e4r inget problem. Med ett ord kan alla sm\u00e5 detaljer anpassas efter din beg\u00e4ran.","publisher":{"@id":"https:\/\/sumkcaps.com\/#organization"},"potentialAction":[{"@type":"SearchAction","target":{"@type":"EntryPoint","urlTemplate":"https:\/\/sumkcaps.com\/?s={search_term_string}"},"query-input":{"@type":"PropertyValueSpecification","valueRequired":true,"valueName":"search_term_string"}}],"inLanguage":"sv-SE"},{"@type":"Organization","@id":"https:\/\/sumkcaps.com\/#organization","name":"Sumkcaps - tillverkare och leverant\u00f6rer av originalhuvudbonader i Kina","url":"https:\/\/sumkcaps.com\/","logo":{"@type":"ImageObject","inLanguage":"sv-SE","@id":"https:\/\/sumkcaps.com\/#\/schema\/logo\/image\/","url":"https:\/\/sumkcaps.com\/wp-content\/uploads\/2025\/12\/1234.jpg","contentUrl":"https:\/\/sumkcaps.com\/wp-content\/uploads\/2025\/12\/1234.jpg","width":800,"height":800,"caption":"Sumkcaps-China Original Headwear Manufacturer and Suppliers"},"image":{"@id":"https:\/\/sumkcaps.com\/#\/schema\/logo\/image\/"},"sameAs":["https:\/\/www.facebook.com\/sumkcap","https:\/\/www.instagram.com\/sumkcaps7\/","https:\/\/www.pinterest.com\/sumkcapschina\/"]}]}},"taxonomy_info":{"product_cat":[{"value":693,"label":"Hat"},{"value":949,"label":"Unstructured 5 Panel Hat Wholesale"}]},"featured_image_src_large":["https:\/\/sumkcaps.com\/wp-content\/uploads\/2021\/07\/\u7ee3\u82b1\u65e0\u886c\u68d2\u7403\u5e3d-3.jpg",800,800,false],"author_info":[],"comment_info":"","_links":{"self":[{"href":"https:\/\/sumkcaps.com\/sv\/wp-json\/wp\/v2\/product\/67","targetHints":{"allow":["GET"]}}],"collection":[{"href":"https:\/\/sumkcaps.com\/sv\/wp-json\/wp\/v2\/product"}],"about":[{"href":"https:\/\/sumkcaps.com\/sv\/wp-json\/wp\/v2\/types\/product"}],"wp:featuredmedia":[{"embeddable":true,"href":"https:\/\/sumkcaps.com\/sv\/wp-json\/wp\/v2\/media\/68"}],"wp:attachment":[{"href":"https:\/\/sumkcaps.com\/sv\/wp-json\/wp\/v2\/media?parent=67"}],"wp:term":[{"taxonomy":"product_brand","embeddable":true,"href":"https:\/\/sumkcaps.com\/sv\/wp-json\/wp\/v2\/product_brand?post=67"},{"taxonomy":"product_cat","embeddable":true,"href":"https:\/\/sumkcaps.com\/sv\/wp-json\/wp\/v2\/product_cat?post=67"},{"taxonomy":"product_tag","embeddable":true,"href":"https:\/\/sumkcaps.com\/sv\/wp-json\/wp\/v2\/product_tag?post=67"}],"curies":[{"name":"wp","href":"https:\/\/api.w.org\/{rel}","templated":true}]}}