{"id":5259,"date":"2022-04-24T13:31:37","date_gmt":"2022-04-24T05:31:37","guid":{"rendered":"https:\/\/sumkcaps.com\/?post_type=product&#038;p=5259"},"modified":"2025-11-05T14:04:26","modified_gmt":"2025-11-05T06:04:26","slug":"100-acrylic-winter-skull-beanie-hats","status":"publish","type":"product","link":"https:\/\/sumkcaps.com\/sv\/produkt\/100-akryl-vinter-skalle-beanie-hattar\/","title":{"rendered":"100% Akryl Vinter Beanie M\u00f6ssa med mudd"},"content":{"rendered":"<p>V\u00e5r <strong data-start=\"203\" data-end=\"231\">Vinter Beanie M\u00f6ssa med mudd<\/strong> kombinerar v\u00e4rme, h\u00e5llbarhet och modern stil - designad f\u00f6r b\u00e5de mode och funktion. Med mer \u00e4n 20 \u00e5rs erfarenhet av OEM- och ODM-tillverkning, <strong data-start=\"373\" data-end=\"385\">Sumkcaps<\/strong> tillhandah\u00e5ller huvudbonadsl\u00f6sningar av h\u00f6gsta kvalitet som globala varum\u00e4rken litar p\u00e5.<\/p>\n<h2 data-start=\"458\" data-end=\"488\"><strong data-start=\"462\" data-end=\"488\">1. Utm\u00e4rkt material<\/strong><\/h2>\n<p data-start=\"489\" data-end=\"735\">Tillverkad av <strong data-start=\"502\" data-end=\"531\">100% akryl av h\u00f6g kvalitet<\/strong> eller valfritt <strong data-start=\"544\" data-end=\"554\">bomull<\/strong>Dessa m\u00f6ssor erbjuder \u00f6verl\u00e4gsen v\u00e4rme, elasticitet och komfort. Akryltyget garanterar f\u00e4rgbest\u00e4ndighet, formstabilitet och l\u00e5ng livsl\u00e4ngd - perfekt f\u00f6r kalla v\u00e4derf\u00f6rh\u00e5llanden.<\/p>\n<h2 data-start=\"742\" data-end=\"776\"><strong data-start=\"746\" data-end=\"776\">2. Anpassning &amp; service<\/strong><\/h2>\n<p data-start=\"777\" data-end=\"1064\">Vi erbjuder <strong data-start=\"786\" data-end=\"812\">fullst\u00e4ndig OEM &amp; ODM-support<\/strong>vilket g\u00f6r att du kan skr\u00e4ddarsy varje detalj - fr\u00e5n garnval, f\u00e4rg och storlek till etikettdesign och f\u00f6rpackning. Oavsett om du beh\u00f6ver <strong data-start=\"937\" data-end=\"954\">blanka m\u00f6ssor<\/strong> f\u00f6r broderi eller helt kundanpassade kepsar, v\u00e5rt team erbjuder one-stop-service fr\u00e5n id\u00e9 till leverans.<\/p>\n<ul data-start=\"1066\" data-end=\"1210\">\n<li data-start=\"1066\" data-end=\"1092\">\n<p data-start=\"1068\" data-end=\"1092\"><strong data-start=\"1068\" data-end=\"1080\">Service:<\/strong> OEM &amp; ODM<\/p>\n<\/li>\n<li data-start=\"1093\" data-end=\"1149\">\n<p data-start=\"1095\" data-end=\"1149\"><strong data-start=\"1095\" data-end=\"1110\">Dekoration:<\/strong> Blank Beanie (anpassad logotyp tillg\u00e4nglig)<\/p>\n<\/li>\n<li data-start=\"1150\" data-end=\"1210\">\n<p data-start=\"1152\" data-end=\"1210\"><strong data-start=\"1152\" data-end=\"1162\">F\u00e4rg:<\/strong> Helt anpassningsbar (Pantone-matchning tillg\u00e4nglig)<\/p>\n<\/li>\n<\/ul>\n<h2 data-start=\"1217\" data-end=\"1248\"><strong data-start=\"1221\" data-end=\"1248\">3. Form, passform och komfort<\/strong><\/h2>\n<p data-start=\"1249\" data-end=\"1342\">Utformad med en <strong data-start=\"1265\" data-end=\"1294\">klassisk beanie-silhuett<\/strong>ger den h\u00e4r hatten en \u00e5tsittande men \u00e4nd\u00e5 bekv\u00e4m passform.<\/p>\n<ul data-start=\"1343\" data-end=\"1477\">\n<li data-start=\"1343\" data-end=\"1368\">\n<p data-start=\"1345\" data-end=\"1368\"><strong data-start=\"1345\" data-end=\"1355\">Form:<\/strong> Beanie M\u00f6ssa<\/p>\n<\/li>\n<li data-start=\"1369\" data-end=\"1477\">\n<p data-start=\"1371\" data-end=\"1477\"><strong data-start=\"1371\" data-end=\"1386\">Passform och storlek:<\/strong> OSFM (7 - 7\u00be) - en storlek passar de flesta, med flexibel stretch och mjuk textur f\u00f6r daglig anv\u00e4ndning.<\/p>\n<\/li>\n<\/ul>\n<h2 data-start=\"1484\" data-end=\"1520\"><strong data-start=\"1488\" data-end=\"1520\">4. Produktionskapacitet och MOQ<\/strong><\/h2>\n<p data-start=\"1521\" data-end=\"1622\">Vi tillgodoser b\u00e5de sm\u00e5 och stora bulkbest\u00e4llningar samtidigt som vi uppr\u00e4tth\u00e5ller en konsekvent kvalitetskontroll.<\/p>\n<ul data-start=\"1623\" data-end=\"1735\">\n<li data-start=\"1623\" data-end=\"1664\">\n<p data-start=\"1625\" data-end=\"1664\"><strong data-start=\"1625\" data-end=\"1633\">MOQ:<\/strong> 200 st per design per f\u00e4rg<\/p>\n<\/li>\n<li data-start=\"1665\" data-end=\"1735\">\n<p data-start=\"1667\" data-end=\"1735\">Perfekt f\u00f6r reklamevenemang, modem\u00e4rken eller vinterkollektioner.<\/p>\n<\/li>\n<\/ul>\n<h2 data-start=\"1742\" data-end=\"1781\"><strong data-start=\"1746\" data-end=\"1781\">5. Genomstr\u00f6mningstid och effektivitet<\/strong><\/h2>\n<p data-start=\"1782\" data-end=\"1881\">V\u00e5rt erfarna produktionsteam garanterar <strong data-start=\"1825\" data-end=\"1855\">snabb provtagning och leverans<\/strong> f\u00f6r att m\u00f6ta dina tidsramar.<\/p>\n<ul data-start=\"1882\" data-end=\"2049\">\n<li data-start=\"1882\" data-end=\"1919\">\n<p data-start=\"1884\" data-end=\"1919\"><strong data-start=\"1884\" data-end=\"1900\">Provtagningstid:<\/strong> 7-9 arbetsdagar<\/p>\n<\/li>\n<li data-start=\"1920\" data-end=\"2049\">\n<p data-start=\"1922\" data-end=\"2049\"><strong data-start=\"1922\" data-end=\"1942\">Produktionstid:<\/strong> 18-22 arbetsdagar<br data-start=\"1961\" data-end=\"1964\" \/>Vi \u00e4r ocks\u00e5 specialiserade p\u00e5 att hantera <strong data-start=\"1995\" data-end=\"2012\">br\u00e5dskande best\u00e4llningar<\/strong> med flexibel produktionsplanering.<\/p>\n<\/li>\n<\/ul>","protected":false},"excerpt":{"rendered":"<p>High Quality Fashion Winter 100% Acrylic Winter Cuffed Beanie Hats Warm Knitted Hats For Women.our Winter Skull Beanie Hats kombinerar v\u00e4rme, h\u00e5llbarhet och modern stil - designad f\u00f6r b\u00e5de mode och funktion.<\/p>","protected":false},"featured_media":5262,"template":"","meta":{"_acf_changed":false,"_kad_blocks_custom_css":"","_kad_blocks_head_custom_js":"","_kad_blocks_body_custom_js":"","_kad_blocks_footer_custom_js":""},"product_brand":[],"product_cat":[980,1036,693],"product_tag":[],"class_list":{"0":"post-5259","1":"product","2":"type-product","3":"status-publish","4":"has-post-thumbnail","6":"product_cat-beanie-hat-wholesale","7":"product_cat-cuffed-beanie-hat-wholesale","8":"product_cat-hat","10":"first","11":"outofstock","12":"shipping-taxable","13":"product-type-simple"},"acf":[],"yoast_head":"<!-- This site is optimized with the Yoast SEO Premium plugin v20.8 (Yoast SEO v25.9) - https:\/\/yoast.com\/wordpress\/plugins\/seo\/ -->\n<title>100% Acrylic Winter Cuffed Beanie Hats - Sumkcaps<\/title>\n<meta name=\"description\" content=\"Our Winter Cuffed Beanie Hats blend warmth, durability, and style. With 20+ years OEM &amp; ODM experience, Sumkcaps delivers quality headwear globally.\" \/>\n<meta name=\"robots\" content=\"index, follow, max-snippet:-1, max-image-preview:large, max-video-preview:-1\" \/>\n<link rel=\"canonical\" href=\"https:\/\/sumkcaps.com\/sv\/produkt\/100-akryl-vinter-skalle-beanie-hattar\/\" \/>\n<meta property=\"og:locale\" content=\"sv_SE\" \/>\n<meta property=\"og:type\" content=\"article\" \/>\n<meta property=\"og:title\" content=\"100% Acrylic Winter Cuffed Beanie Hats - Sumkcaps\" \/>\n<meta property=\"og:description\" content=\"Our Winter Cuffed Beanie Hats blend warmth, durability, and style. With 20+ years OEM &amp; ODM experience, Sumkcaps delivers quality headwear globally.\" \/>\n<meta property=\"og:url\" content=\"https:\/\/sumkcaps.com\/sv\/produkt\/100-akryl-vinter-skalle-beanie-hattar\/\" \/>\n<meta property=\"og:site_name\" content=\"Sumkcaps-China Original Headwear Manufacturer and Suppliers\" \/>\n<meta property=\"article:publisher\" content=\"https:\/\/www.facebook.com\/sumkcap\" \/>\n<meta property=\"article:modified_time\" content=\"2025-11-05T06:04:26+00:00\" \/>\n<meta property=\"og:image\" content=\"https:\/\/sumkcaps.com\/wp-content\/uploads\/2022\/04\/\u4ea7\u54c1\u4e3b\u56fe1-4.png\" \/>\n\t<meta property=\"og:image:width\" content=\"739\" \/>\n\t<meta property=\"og:image:height\" content=\"737\" \/>\n\t<meta property=\"og:image:type\" content=\"image\/png\" \/>\n<meta name=\"twitter:card\" content=\"summary_large_image\" \/>\n<meta name=\"twitter:label1\" content=\"Ber\u00e4knad l\u00e4stid\" \/>\n\t<meta name=\"twitter:data1\" content=\"2 minuter\" \/>\n<script type=\"application\/ld+json\" class=\"yoast-schema-graph\">{\"@context\":\"https:\/\/schema.org\",\"@graph\":[{\"@type\":\"WebPage\",\"@id\":\"https:\/\/sumkcaps.com\/product\/100-acrylic-winter-skull-beanie-hats\/\",\"url\":\"https:\/\/sumkcaps.com\/product\/100-acrylic-winter-skull-beanie-hats\/\",\"name\":\"100% Acrylic Winter Cuffed Beanie Hats - Sumkcaps\",\"isPartOf\":{\"@id\":\"https:\/\/sumkcaps.com\/#website\"},\"primaryImageOfPage\":{\"@id\":\"https:\/\/sumkcaps.com\/product\/100-acrylic-winter-skull-beanie-hats\/#primaryimage\"},\"image\":{\"@id\":\"https:\/\/sumkcaps.com\/product\/100-acrylic-winter-skull-beanie-hats\/#primaryimage\"},\"thumbnailUrl\":\"https:\/\/sumkcaps.com\/wp-content\/uploads\/2022\/04\/\u4ea7\u54c1\u4e3b\u56fe1-4.png\",\"datePublished\":\"2022-04-24T05:31:37+00:00\",\"dateModified\":\"2025-11-05T06:04:26+00:00\",\"description\":\"Our Winter Cuffed Beanie Hats blend warmth, durability, and style. With 20+ years OEM & ODM experience, Sumkcaps delivers quality headwear globally.\",\"breadcrumb\":{\"@id\":\"https:\/\/sumkcaps.com\/product\/100-acrylic-winter-skull-beanie-hats\/#breadcrumb\"},\"inLanguage\":\"sv-SE\",\"potentialAction\":[{\"@type\":\"ReadAction\",\"target\":[\"https:\/\/sumkcaps.com\/product\/100-acrylic-winter-skull-beanie-hats\/\"]}]},{\"@type\":\"ImageObject\",\"inLanguage\":\"sv-SE\",\"@id\":\"https:\/\/sumkcaps.com\/product\/100-acrylic-winter-skull-beanie-hats\/#primaryimage\",\"url\":\"https:\/\/sumkcaps.com\/wp-content\/uploads\/2022\/04\/\u4ea7\u54c1\u4e3b\u56fe1-4.png\",\"contentUrl\":\"https:\/\/sumkcaps.com\/wp-content\/uploads\/2022\/04\/\u4ea7\u54c1\u4e3b\u56fe1-4.png\",\"width\":739,\"height\":737},{\"@type\":\"BreadcrumbList\",\"@id\":\"https:\/\/sumkcaps.com\/product\/100-acrylic-winter-skull-beanie-hats\/#breadcrumb\",\"itemListElement\":[{\"@type\":\"ListItem\",\"position\":1,\"name\":\"Home\",\"item\":\"https:\/\/sumkcaps.com\/\"},{\"@type\":\"ListItem\",\"position\":2,\"name\":\"Products\",\"item\":\"https:\/\/sumkcaps.com\/product\/\"},{\"@type\":\"ListItem\",\"position\":3,\"name\":\"100% Acrylic Winter Cuffed Beanie Hats\"}]},{\"@type\":\"WebSite\",\"@id\":\"https:\/\/sumkcaps.com\/#website\",\"url\":\"https:\/\/sumkcaps.com\/\",\"name\":\"Sumkcaps-China Original Headwear Manufacturer and Suppliers\",\"description\":\"We are China Cap And Hat Original Factory, whose main business is to custom cap and hat as client&#039;s LOGO. Any cap style, any cap color, any qty, any material and qty is no problem. In one words, any small details can be customized as your request.\",\"publisher\":{\"@id\":\"https:\/\/sumkcaps.com\/#organization\"},\"potentialAction\":[{\"@type\":\"SearchAction\",\"target\":{\"@type\":\"EntryPoint\",\"urlTemplate\":\"https:\/\/sumkcaps.com\/?s={search_term_string}\"},\"query-input\":{\"@type\":\"PropertyValueSpecification\",\"valueRequired\":true,\"valueName\":\"search_term_string\"}}],\"inLanguage\":\"sv-SE\"},{\"@type\":\"Organization\",\"@id\":\"https:\/\/sumkcaps.com\/#organization\",\"name\":\"Sumkcaps-China Original Headwear Manufacturer and Suppliers\",\"url\":\"https:\/\/sumkcaps.com\/\",\"logo\":{\"@type\":\"ImageObject\",\"inLanguage\":\"sv-SE\",\"@id\":\"https:\/\/sumkcaps.com\/#\/schema\/logo\/image\/\",\"url\":\"https:\/\/sumkcaps.com\/wp-content\/uploads\/2025\/12\/1234.jpg\",\"contentUrl\":\"https:\/\/sumkcaps.com\/wp-content\/uploads\/2025\/12\/1234.jpg\",\"width\":800,\"height\":800,\"caption\":\"Sumkcaps-China Original Headwear Manufacturer and Suppliers\"},\"image\":{\"@id\":\"https:\/\/sumkcaps.com\/#\/schema\/logo\/image\/\"},\"sameAs\":[\"https:\/\/www.facebook.com\/sumkcap\",\"https:\/\/www.instagram.com\/sumkcaps7\/\",\"https:\/\/www.pinterest.com\/sumkcapschina\/\"]}]}<\/script>\n<!-- \/ Yoast SEO Premium plugin. -->","yoast_head_json":{"title":"100% Vinterm\u00f6ssor med mudd i akryl - Sumkcaps","description":"V\u00e5ra Winter Cuffed Beanie Hats blandar v\u00e4rme, h\u00e5llbarhet och stil. Med 20+ \u00e5rs OEM &amp; ODM-erfarenhet levererar Sumkcaps kvalitetshuvudbonader globalt.","robots":{"index":"index","follow":"follow","max-snippet":"max-snippet:-1","max-image-preview":"max-image-preview:large","max-video-preview":"max-video-preview:-1"},"canonical":"https:\/\/sumkcaps.com\/sv\/produkt\/100-akryl-vinter-skalle-beanie-hattar\/","og_locale":"sv_SE","og_type":"article","og_title":"100% Acrylic Winter Cuffed Beanie Hats - Sumkcaps","og_description":"Our Winter Cuffed Beanie Hats blend warmth, durability, and style. With 20+ years OEM & ODM experience, Sumkcaps delivers quality headwear globally.","og_url":"https:\/\/sumkcaps.com\/sv\/produkt\/100-akryl-vinter-skalle-beanie-hattar\/","og_site_name":"Sumkcaps-China Original Headwear Manufacturer and Suppliers","article_publisher":"https:\/\/www.facebook.com\/sumkcap","article_modified_time":"2025-11-05T06:04:26+00:00","og_image":[{"width":739,"height":737,"url":"https:\/\/sumkcaps.com\/wp-content\/uploads\/2022\/04\/\u4ea7\u54c1\u4e3b\u56fe1-4.png","type":"image\/png"}],"twitter_card":"summary_large_image","twitter_misc":{"Ber\u00e4knad l\u00e4stid":"2 minuter"},"schema":{"@context":"https:\/\/schema.org","@graph":[{"@type":"WebPage","@id":"https:\/\/sumkcaps.com\/product\/100-acrylic-winter-skull-beanie-hats\/","url":"https:\/\/sumkcaps.com\/product\/100-acrylic-winter-skull-beanie-hats\/","name":"100% Vinterm\u00f6ssor med mudd i akryl - Sumkcaps","isPartOf":{"@id":"https:\/\/sumkcaps.com\/#website"},"primaryImageOfPage":{"@id":"https:\/\/sumkcaps.com\/product\/100-acrylic-winter-skull-beanie-hats\/#primaryimage"},"image":{"@id":"https:\/\/sumkcaps.com\/product\/100-acrylic-winter-skull-beanie-hats\/#primaryimage"},"thumbnailUrl":"https:\/\/sumkcaps.com\/wp-content\/uploads\/2022\/04\/\u4ea7\u54c1\u4e3b\u56fe1-4.png","datePublished":"2022-04-24T05:31:37+00:00","dateModified":"2025-11-05T06:04:26+00:00","description":"V\u00e5ra Winter Cuffed Beanie Hats blandar v\u00e4rme, h\u00e5llbarhet och stil. Med 20+ \u00e5rs OEM &amp; ODM-erfarenhet levererar Sumkcaps kvalitetshuvudbonader globalt.","breadcrumb":{"@id":"https:\/\/sumkcaps.com\/product\/100-acrylic-winter-skull-beanie-hats\/#breadcrumb"},"inLanguage":"sv-SE","potentialAction":[{"@type":"ReadAction","target":["https:\/\/sumkcaps.com\/product\/100-acrylic-winter-skull-beanie-hats\/"]}]},{"@type":"ImageObject","inLanguage":"sv-SE","@id":"https:\/\/sumkcaps.com\/product\/100-acrylic-winter-skull-beanie-hats\/#primaryimage","url":"https:\/\/sumkcaps.com\/wp-content\/uploads\/2022\/04\/\u4ea7\u54c1\u4e3b\u56fe1-4.png","contentUrl":"https:\/\/sumkcaps.com\/wp-content\/uploads\/2022\/04\/\u4ea7\u54c1\u4e3b\u56fe1-4.png","width":739,"height":737},{"@type":"BreadcrumbList","@id":"https:\/\/sumkcaps.com\/product\/100-acrylic-winter-skull-beanie-hats\/#breadcrumb","itemListElement":[{"@type":"ListItem","position":1,"name":"Home","item":"https:\/\/sumkcaps.com\/"},{"@type":"ListItem","position":2,"name":"Products","item":"https:\/\/sumkcaps.com\/product\/"},{"@type":"ListItem","position":3,"name":"100% Acrylic Winter Cuffed Beanie Hats"}]},{"@type":"WebSite","@id":"https:\/\/sumkcaps.com\/#website","url":"https:\/\/sumkcaps.com\/","name":"Sumkcaps - tillverkare och leverant\u00f6rer av originalhuvudbonader i Kina","description":"Vi \u00e4r China Cap And Hat Original Factory, vars huvudsakliga verksamhet \u00e4r att anpassa m\u00f6ssa och hatt som klient &amp; #03939; s LOGO. Vilken keps som helst, vilken kepsf\u00e4rg som helst, vilket antal som helst, vilket material som helst och antal \u00e4r inget problem. Med ett ord kan alla sm\u00e5 detaljer anpassas efter din beg\u00e4ran.","publisher":{"@id":"https:\/\/sumkcaps.com\/#organization"},"potentialAction":[{"@type":"SearchAction","target":{"@type":"EntryPoint","urlTemplate":"https:\/\/sumkcaps.com\/?s={search_term_string}"},"query-input":{"@type":"PropertyValueSpecification","valueRequired":true,"valueName":"search_term_string"}}],"inLanguage":"sv-SE"},{"@type":"Organization","@id":"https:\/\/sumkcaps.com\/#organization","name":"Sumkcaps - tillverkare och leverant\u00f6rer av originalhuvudbonader i Kina","url":"https:\/\/sumkcaps.com\/","logo":{"@type":"ImageObject","inLanguage":"sv-SE","@id":"https:\/\/sumkcaps.com\/#\/schema\/logo\/image\/","url":"https:\/\/sumkcaps.com\/wp-content\/uploads\/2025\/12\/1234.jpg","contentUrl":"https:\/\/sumkcaps.com\/wp-content\/uploads\/2025\/12\/1234.jpg","width":800,"height":800,"caption":"Sumkcaps-China Original Headwear Manufacturer and Suppliers"},"image":{"@id":"https:\/\/sumkcaps.com\/#\/schema\/logo\/image\/"},"sameAs":["https:\/\/www.facebook.com\/sumkcap","https:\/\/www.instagram.com\/sumkcaps7\/","https:\/\/www.pinterest.com\/sumkcapschina\/"]}]}},"taxonomy_info":{"product_cat":[{"value":980,"label":"Beanie Hat"},{"value":1036,"label":"Cuffed Beanie Hats"},{"value":693,"label":"Hat"}]},"featured_image_src_large":["https:\/\/sumkcaps.com\/wp-content\/uploads\/2022\/04\/\u4ea7\u54c1\u4e3b\u56fe1-4.png",739,737,false],"author_info":[],"comment_info":"","_links":{"self":[{"href":"https:\/\/sumkcaps.com\/sv\/wp-json\/wp\/v2\/product\/5259","targetHints":{"allow":["GET"]}}],"collection":[{"href":"https:\/\/sumkcaps.com\/sv\/wp-json\/wp\/v2\/product"}],"about":[{"href":"https:\/\/sumkcaps.com\/sv\/wp-json\/wp\/v2\/types\/product"}],"wp:featuredmedia":[{"embeddable":true,"href":"https:\/\/sumkcaps.com\/sv\/wp-json\/wp\/v2\/media\/5262"}],"wp:attachment":[{"href":"https:\/\/sumkcaps.com\/sv\/wp-json\/wp\/v2\/media?parent=5259"}],"wp:term":[{"taxonomy":"product_brand","embeddable":true,"href":"https:\/\/sumkcaps.com\/sv\/wp-json\/wp\/v2\/product_brand?post=5259"},{"taxonomy":"product_cat","embeddable":true,"href":"https:\/\/sumkcaps.com\/sv\/wp-json\/wp\/v2\/product_cat?post=5259"},{"taxonomy":"product_tag","embeddable":true,"href":"https:\/\/sumkcaps.com\/sv\/wp-json\/wp\/v2\/product_tag?post=5259"}],"curies":[{"name":"wp","href":"https:\/\/api.w.org\/{rel}","templated":true}]}}