{"id":5248,"date":"2022-04-24T13:29:53","date_gmt":"2022-04-24T05:29:53","guid":{"rendered":"https:\/\/sumkcaps.com\/?post_type=product&#038;p=5248"},"modified":"2025-11-05T14:36:14","modified_gmt":"2025-11-05T06:36:14","slug":"winter-beanie-hats-warm-skull-knitted-hats","status":"publish","type":"product","link":"https:\/\/sumkcaps.com\/sv\/produkt\/vinter-beanie-mossor-varma-skalle-stickade-mossor\/","title":{"rendered":"Vinter Beanie Hattar Varma Slouch Stickade Hattar"},"content":{"rendered":"<h2 data-start=\"244\" data-end=\"265\"><strong data-start=\"249\" data-end=\"263\">Dekoration<\/strong><\/h2>\n<ul data-start=\"266\" data-end=\"398\">\n<li data-start=\"266\" data-end=\"341\">\n<p data-start=\"268\" data-end=\"341\">Klassisk blank design, redo f\u00f6r eget broderi, lappar eller tryck<\/p>\n<\/li>\n<li data-start=\"342\" data-end=\"398\">\n<p data-start=\"344\" data-end=\"398\">Perfekt f\u00f6r att skapa personliga vinteraccessoarer<\/p>\n<\/li>\n<\/ul>\n<h2 data-start=\"400\" data-end=\"419\"><strong data-start=\"405\" data-end=\"417\">Material<\/strong><\/h2>\n<ul data-start=\"420\" data-end=\"559\">\n<li data-start=\"420\" data-end=\"494\">\n<p data-start=\"422\" data-end=\"494\">Tillverkad av akryl\/bomullsblandning f\u00f6r v\u00e4rme, mjukhet och andningsf\u00f6rm\u00e5ga<\/p>\n<\/li>\n<li data-start=\"495\" data-end=\"559\">\n<p data-start=\"497\" data-end=\"559\">Stretchig trik\u00e5 f\u00f6r en \u00e5tsittande och bekv\u00e4m passform i kallt v\u00e4der<\/p>\n<\/li>\n<\/ul>\n<h2 data-start=\"561\" data-end=\"585\"><strong data-start=\"566\" data-end=\"583\">F\u00e4rgalternativ<\/strong><\/h2>\n<ul data-start=\"586\" data-end=\"651\">\n<li data-start=\"586\" data-end=\"651\">\n<p data-start=\"588\" data-end=\"651\">Fullst\u00e4ndigt anpassningsbara f\u00e4rger f\u00f6r att matcha ditt varum\u00e4rke, team eller evenemang<\/p>\n<\/li>\n<\/ul>\n<h2 data-start=\"653\" data-end=\"681\"><strong data-start=\"658\" data-end=\"679\">Struktur och stil<\/strong><\/h2>\n<ul data-start=\"682\" data-end=\"873\">\n<li data-start=\"682\" data-end=\"740\">\n<p data-start=\"684\" data-end=\"740\">Traditionell beanie-m\u00f6ssa f\u00f6r m\u00e5ngsidiga vinterkl\u00e4der<\/p>\n<\/li>\n<li data-start=\"741\" data-end=\"800\">\n<p data-start=\"743\" data-end=\"800\">Skull fit-design ger v\u00e4rme och en snygg silhuett<\/p>\n<\/li>\n<li data-start=\"801\" data-end=\"873\">\n<p data-start=\"803\" data-end=\"873\">Perfekt f\u00f6r vardagsbruk, utomhusaktiviteter och som lager under hj\u00e4lmen<\/p>\n<\/li>\n<\/ul>\n<h2 data-start=\"875\" data-end=\"904\"><strong data-start=\"880\" data-end=\"902\">Servicekapacitet<\/strong><\/h2>\n<ul data-start=\"905\" data-end=\"1059\">\n<li data-start=\"905\" data-end=\"989\">\n<p data-start=\"907\" data-end=\"989\">OEM- och ODM-tj\u00e4nster tillg\u00e4ngliga f\u00f6r fullst\u00e4ndig anpassning och produktion av egna m\u00e4rkesvaror<\/p>\n<\/li>\n<li data-start=\"990\" data-end=\"1059\">\n<p data-start=\"992\" data-end=\"1059\">Idealisk f\u00f6r modem\u00e4rken, butikskollektioner och f\u00f6retagsg\u00e5vor<\/p>\n<\/li>\n<\/ul>\n<h2 data-start=\"1061\" data-end=\"1094\"><strong data-start=\"1066\" data-end=\"1092\">Minsta antal best\u00e4llningar<\/strong><\/h2>\n<ul data-start=\"1095\" data-end=\"1193\">\n<li data-start=\"1095\" data-end=\"1130\">\n<p data-start=\"1097\" data-end=\"1130\">200 stycken per design och f\u00e4rg<\/p>\n<\/li>\n<li data-start=\"1131\" data-end=\"1193\">\n<p data-start=\"1133\" data-end=\"1193\">L\u00e4mplig f\u00f6r grossistf\u00f6rs\u00e4ljning, varudistribution och vinterkampanjer<\/p>\n<\/li>\n<\/ul>","protected":false},"excerpt":{"rendered":"<p>Grossist Winter Slouch Beanie Hats tillverkad av varm akryl\/bomullsblandning. Blank stil f\u00f6r anpassad branding. Klassisk passform, anpassningsbara f\u00e4rger. OEM &amp; ODM-service. MOQ 200 st, perfekt f\u00f6r utomhuskl\u00e4der, detaljhandelsm\u00e4rken och vintertillbeh\u00f6r f\u00f6r reklam.<\/p>","protected":false},"featured_media":5249,"template":"","meta":{"_acf_changed":false,"_kad_blocks_custom_css":"","_kad_blocks_head_custom_js":"","_kad_blocks_body_custom_js":"","_kad_blocks_footer_custom_js":""},"product_brand":[],"product_cat":[980,1038,693],"product_tag":[],"class_list":{"0":"post-5248","1":"product","2":"type-product","3":"status-publish","4":"has-post-thumbnail","6":"product_cat-beanie-hat-wholesale","7":"product_cat-slouch-beanie-hat-wholesale","8":"product_cat-hat","10":"first","11":"outofstock","12":"shipping-taxable","13":"product-type-simple"},"acf":[],"yoast_head":"<!-- This site is optimized with the Yoast SEO Premium plugin v20.8 (Yoast SEO v25.9) - https:\/\/yoast.com\/wordpress\/plugins\/seo\/ -->\n<title>Winter Beanie Hats Warm Slouch Knitted Hats - Sumkcaps<\/title>\n<meta name=\"description\" content=\"Custom Winter Slouch Beanie Hats in acrylic\/cotton. Blank style, warm and comfy. OEM &amp; ODM available. Perfect for branding, retail, and outdoor wear.\" \/>\n<meta name=\"robots\" content=\"index, follow, max-snippet:-1, max-image-preview:large, max-video-preview:-1\" \/>\n<link rel=\"canonical\" href=\"https:\/\/sumkcaps.com\/sv\/produkt\/vinter-beanie-mossor-varma-skalle-stickade-mossor\/\" \/>\n<meta property=\"og:locale\" content=\"sv_SE\" \/>\n<meta property=\"og:type\" content=\"article\" \/>\n<meta property=\"og:title\" content=\"Winter Beanie Hats Warm Slouch Knitted Hats - Sumkcaps\" \/>\n<meta property=\"og:description\" content=\"Custom Winter Slouch Beanie Hats in acrylic\/cotton. Blank style, warm and comfy. OEM &amp; ODM available. Perfect for branding, retail, and outdoor wear.\" \/>\n<meta property=\"og:url\" content=\"https:\/\/sumkcaps.com\/sv\/produkt\/vinter-beanie-mossor-varma-skalle-stickade-mossor\/\" \/>\n<meta property=\"og:site_name\" content=\"Sumkcaps-China Original Headwear Manufacturer and Suppliers\" \/>\n<meta property=\"article:publisher\" content=\"https:\/\/www.facebook.com\/sumkcap\" \/>\n<meta property=\"article:modified_time\" content=\"2025-11-05T06:36:14+00:00\" \/>\n<meta property=\"og:image\" content=\"https:\/\/sumkcaps.com\/wp-content\/uploads\/2022\/04\/\u4ea7\u54c1\u4e3b\u56fe1-494.jpg\" \/>\n\t<meta property=\"og:image:width\" content=\"750\" \/>\n\t<meta property=\"og:image:height\" content=\"750\" \/>\n\t<meta property=\"og:image:type\" content=\"image\/jpeg\" \/>\n<meta name=\"twitter:card\" content=\"summary_large_image\" \/>\n<meta name=\"twitter:label1\" content=\"Ber\u00e4knad l\u00e4stid\" \/>\n\t<meta name=\"twitter:data1\" content=\"1 minut\" \/>\n<script type=\"application\/ld+json\" class=\"yoast-schema-graph\">{\"@context\":\"https:\/\/schema.org\",\"@graph\":[{\"@type\":\"WebPage\",\"@id\":\"https:\/\/sumkcaps.com\/product\/winter-beanie-hats-warm-skull-knitted-hats\/\",\"url\":\"https:\/\/sumkcaps.com\/product\/winter-beanie-hats-warm-skull-knitted-hats\/\",\"name\":\"Winter Beanie Hats Warm Slouch Knitted Hats - Sumkcaps\",\"isPartOf\":{\"@id\":\"https:\/\/sumkcaps.com\/#website\"},\"primaryImageOfPage\":{\"@id\":\"https:\/\/sumkcaps.com\/product\/winter-beanie-hats-warm-skull-knitted-hats\/#primaryimage\"},\"image\":{\"@id\":\"https:\/\/sumkcaps.com\/product\/winter-beanie-hats-warm-skull-knitted-hats\/#primaryimage\"},\"thumbnailUrl\":\"https:\/\/sumkcaps.com\/wp-content\/uploads\/2022\/04\/\u4ea7\u54c1\u4e3b\u56fe1-494.jpg\",\"datePublished\":\"2022-04-24T05:29:53+00:00\",\"dateModified\":\"2025-11-05T06:36:14+00:00\",\"description\":\"Custom Winter Slouch Beanie Hats in acrylic\/cotton. Blank style, warm and comfy. OEM & ODM available. Perfect for branding, retail, and outdoor wear.\",\"breadcrumb\":{\"@id\":\"https:\/\/sumkcaps.com\/product\/winter-beanie-hats-warm-skull-knitted-hats\/#breadcrumb\"},\"inLanguage\":\"sv-SE\",\"potentialAction\":[{\"@type\":\"ReadAction\",\"target\":[\"https:\/\/sumkcaps.com\/product\/winter-beanie-hats-warm-skull-knitted-hats\/\"]}]},{\"@type\":\"ImageObject\",\"inLanguage\":\"sv-SE\",\"@id\":\"https:\/\/sumkcaps.com\/product\/winter-beanie-hats-warm-skull-knitted-hats\/#primaryimage\",\"url\":\"https:\/\/sumkcaps.com\/wp-content\/uploads\/2022\/04\/\u4ea7\u54c1\u4e3b\u56fe1-494.jpg\",\"contentUrl\":\"https:\/\/sumkcaps.com\/wp-content\/uploads\/2022\/04\/\u4ea7\u54c1\u4e3b\u56fe1-494.jpg\",\"width\":750,\"height\":750},{\"@type\":\"BreadcrumbList\",\"@id\":\"https:\/\/sumkcaps.com\/product\/winter-beanie-hats-warm-skull-knitted-hats\/#breadcrumb\",\"itemListElement\":[{\"@type\":\"ListItem\",\"position\":1,\"name\":\"Home\",\"item\":\"https:\/\/sumkcaps.com\/\"},{\"@type\":\"ListItem\",\"position\":2,\"name\":\"Products\",\"item\":\"https:\/\/sumkcaps.com\/product\/\"},{\"@type\":\"ListItem\",\"position\":3,\"name\":\"Winter Beanie Hats Warm Slouch Knitted Hats\"}]},{\"@type\":\"WebSite\",\"@id\":\"https:\/\/sumkcaps.com\/#website\",\"url\":\"https:\/\/sumkcaps.com\/\",\"name\":\"Sumkcaps-China Original Headwear Manufacturer and Suppliers\",\"description\":\"We are China Cap And Hat Original Factory, whose main business is to custom cap and hat as client&#039;s LOGO. Any cap style, any cap color, any qty, any material and qty is no problem. In one words, any small details can be customized as your request.\",\"publisher\":{\"@id\":\"https:\/\/sumkcaps.com\/#organization\"},\"potentialAction\":[{\"@type\":\"SearchAction\",\"target\":{\"@type\":\"EntryPoint\",\"urlTemplate\":\"https:\/\/sumkcaps.com\/?s={search_term_string}\"},\"query-input\":{\"@type\":\"PropertyValueSpecification\",\"valueRequired\":true,\"valueName\":\"search_term_string\"}}],\"inLanguage\":\"sv-SE\"},{\"@type\":\"Organization\",\"@id\":\"https:\/\/sumkcaps.com\/#organization\",\"name\":\"Sumkcaps-China Original Headwear Manufacturer and Suppliers\",\"url\":\"https:\/\/sumkcaps.com\/\",\"logo\":{\"@type\":\"ImageObject\",\"inLanguage\":\"sv-SE\",\"@id\":\"https:\/\/sumkcaps.com\/#\/schema\/logo\/image\/\",\"url\":\"https:\/\/sumkcaps.com\/wp-content\/uploads\/2025\/12\/1234.jpg\",\"contentUrl\":\"https:\/\/sumkcaps.com\/wp-content\/uploads\/2025\/12\/1234.jpg\",\"width\":800,\"height\":800,\"caption\":\"Sumkcaps-China Original Headwear Manufacturer and Suppliers\"},\"image\":{\"@id\":\"https:\/\/sumkcaps.com\/#\/schema\/logo\/image\/\"},\"sameAs\":[\"https:\/\/www.facebook.com\/sumkcap\",\"https:\/\/www.instagram.com\/sumkcaps7\/\",\"https:\/\/www.pinterest.com\/sumkcapschina\/\"]}]}<\/script>\n<!-- \/ Yoast SEO Premium plugin. -->","yoast_head_json":{"title":"Vinter Beanie M\u00f6ssor Varma Slouch Stickade M\u00f6ssor - Sumkcaps","description":"Winter Slouch Beanie Hats med tryck i akryl\/bomull. Blank stil, varm och bekv\u00e4m. OEM &amp; ODM tillg\u00e4nglig. Perfekt f\u00f6r branding, detaljhandel och utomhuskl\u00e4der.","robots":{"index":"index","follow":"follow","max-snippet":"max-snippet:-1","max-image-preview":"max-image-preview:large","max-video-preview":"max-video-preview:-1"},"canonical":"https:\/\/sumkcaps.com\/sv\/produkt\/vinter-beanie-mossor-varma-skalle-stickade-mossor\/","og_locale":"sv_SE","og_type":"article","og_title":"Winter Beanie Hats Warm Slouch Knitted Hats - Sumkcaps","og_description":"Custom Winter Slouch Beanie Hats in acrylic\/cotton. Blank style, warm and comfy. OEM & ODM available. Perfect for branding, retail, and outdoor wear.","og_url":"https:\/\/sumkcaps.com\/sv\/produkt\/vinter-beanie-mossor-varma-skalle-stickade-mossor\/","og_site_name":"Sumkcaps-China Original Headwear Manufacturer and Suppliers","article_publisher":"https:\/\/www.facebook.com\/sumkcap","article_modified_time":"2025-11-05T06:36:14+00:00","og_image":[{"width":750,"height":750,"url":"https:\/\/sumkcaps.com\/wp-content\/uploads\/2022\/04\/\u4ea7\u54c1\u4e3b\u56fe1-494.jpg","type":"image\/jpeg"}],"twitter_card":"summary_large_image","twitter_misc":{"Ber\u00e4knad l\u00e4stid":"1 minut"},"schema":{"@context":"https:\/\/schema.org","@graph":[{"@type":"WebPage","@id":"https:\/\/sumkcaps.com\/product\/winter-beanie-hats-warm-skull-knitted-hats\/","url":"https:\/\/sumkcaps.com\/product\/winter-beanie-hats-warm-skull-knitted-hats\/","name":"Vinter Beanie M\u00f6ssor Varma Slouch Stickade M\u00f6ssor - Sumkcaps","isPartOf":{"@id":"https:\/\/sumkcaps.com\/#website"},"primaryImageOfPage":{"@id":"https:\/\/sumkcaps.com\/product\/winter-beanie-hats-warm-skull-knitted-hats\/#primaryimage"},"image":{"@id":"https:\/\/sumkcaps.com\/product\/winter-beanie-hats-warm-skull-knitted-hats\/#primaryimage"},"thumbnailUrl":"https:\/\/sumkcaps.com\/wp-content\/uploads\/2022\/04\/\u4ea7\u54c1\u4e3b\u56fe1-494.jpg","datePublished":"2022-04-24T05:29:53+00:00","dateModified":"2025-11-05T06:36:14+00:00","description":"Winter Slouch Beanie Hats med tryck i akryl\/bomull. Blank stil, varm och bekv\u00e4m. OEM &amp; ODM tillg\u00e4nglig. Perfekt f\u00f6r branding, detaljhandel och utomhuskl\u00e4der.","breadcrumb":{"@id":"https:\/\/sumkcaps.com\/product\/winter-beanie-hats-warm-skull-knitted-hats\/#breadcrumb"},"inLanguage":"sv-SE","potentialAction":[{"@type":"ReadAction","target":["https:\/\/sumkcaps.com\/product\/winter-beanie-hats-warm-skull-knitted-hats\/"]}]},{"@type":"ImageObject","inLanguage":"sv-SE","@id":"https:\/\/sumkcaps.com\/product\/winter-beanie-hats-warm-skull-knitted-hats\/#primaryimage","url":"https:\/\/sumkcaps.com\/wp-content\/uploads\/2022\/04\/\u4ea7\u54c1\u4e3b\u56fe1-494.jpg","contentUrl":"https:\/\/sumkcaps.com\/wp-content\/uploads\/2022\/04\/\u4ea7\u54c1\u4e3b\u56fe1-494.jpg","width":750,"height":750},{"@type":"BreadcrumbList","@id":"https:\/\/sumkcaps.com\/product\/winter-beanie-hats-warm-skull-knitted-hats\/#breadcrumb","itemListElement":[{"@type":"ListItem","position":1,"name":"Home","item":"https:\/\/sumkcaps.com\/"},{"@type":"ListItem","position":2,"name":"Products","item":"https:\/\/sumkcaps.com\/product\/"},{"@type":"ListItem","position":3,"name":"Winter Beanie Hats Warm Slouch Knitted Hats"}]},{"@type":"WebSite","@id":"https:\/\/sumkcaps.com\/#website","url":"https:\/\/sumkcaps.com\/","name":"Sumkcaps - tillverkare och leverant\u00f6rer av originalhuvudbonader i Kina","description":"Vi \u00e4r China Cap And Hat Original Factory, vars huvudsakliga verksamhet \u00e4r att anpassa m\u00f6ssa och hatt som klient &amp; #03939; s LOGO. Vilken keps som helst, vilken kepsf\u00e4rg som helst, vilket antal som helst, vilket material som helst och antal \u00e4r inget problem. Med ett ord kan alla sm\u00e5 detaljer anpassas efter din beg\u00e4ran.","publisher":{"@id":"https:\/\/sumkcaps.com\/#organization"},"potentialAction":[{"@type":"SearchAction","target":{"@type":"EntryPoint","urlTemplate":"https:\/\/sumkcaps.com\/?s={search_term_string}"},"query-input":{"@type":"PropertyValueSpecification","valueRequired":true,"valueName":"search_term_string"}}],"inLanguage":"sv-SE"},{"@type":"Organization","@id":"https:\/\/sumkcaps.com\/#organization","name":"Sumkcaps - tillverkare och leverant\u00f6rer av originalhuvudbonader i Kina","url":"https:\/\/sumkcaps.com\/","logo":{"@type":"ImageObject","inLanguage":"sv-SE","@id":"https:\/\/sumkcaps.com\/#\/schema\/logo\/image\/","url":"https:\/\/sumkcaps.com\/wp-content\/uploads\/2025\/12\/1234.jpg","contentUrl":"https:\/\/sumkcaps.com\/wp-content\/uploads\/2025\/12\/1234.jpg","width":800,"height":800,"caption":"Sumkcaps-China Original Headwear Manufacturer and Suppliers"},"image":{"@id":"https:\/\/sumkcaps.com\/#\/schema\/logo\/image\/"},"sameAs":["https:\/\/www.facebook.com\/sumkcap","https:\/\/www.instagram.com\/sumkcaps7\/","https:\/\/www.pinterest.com\/sumkcapschina\/"]}]}},"taxonomy_info":{"product_cat":[{"value":980,"label":"Beanie Hat"},{"value":1038,"label":"Slouch Beanie Hats"},{"value":693,"label":"Hat"}]},"featured_image_src_large":["https:\/\/sumkcaps.com\/wp-content\/uploads\/2022\/04\/\u4ea7\u54c1\u4e3b\u56fe1-494.jpg",750,750,false],"author_info":[],"comment_info":"","_links":{"self":[{"href":"https:\/\/sumkcaps.com\/sv\/wp-json\/wp\/v2\/product\/5248","targetHints":{"allow":["GET"]}}],"collection":[{"href":"https:\/\/sumkcaps.com\/sv\/wp-json\/wp\/v2\/product"}],"about":[{"href":"https:\/\/sumkcaps.com\/sv\/wp-json\/wp\/v2\/types\/product"}],"wp:featuredmedia":[{"embeddable":true,"href":"https:\/\/sumkcaps.com\/sv\/wp-json\/wp\/v2\/media\/5249"}],"wp:attachment":[{"href":"https:\/\/sumkcaps.com\/sv\/wp-json\/wp\/v2\/media?parent=5248"}],"wp:term":[{"taxonomy":"product_brand","embeddable":true,"href":"https:\/\/sumkcaps.com\/sv\/wp-json\/wp\/v2\/product_brand?post=5248"},{"taxonomy":"product_cat","embeddable":true,"href":"https:\/\/sumkcaps.com\/sv\/wp-json\/wp\/v2\/product_cat?post=5248"},{"taxonomy":"product_tag","embeddable":true,"href":"https:\/\/sumkcaps.com\/sv\/wp-json\/wp\/v2\/product_tag?post=5248"}],"curies":[{"name":"wp","href":"https:\/\/api.w.org\/{rel}","templated":true}]}}