{"id":3835,"date":"2022-04-22T16:12:19","date_gmt":"2022-04-22T08:12:19","guid":{"rendered":"https:\/\/sumkcaps.com\/?post_type=product&#038;p=3835"},"modified":"2024-03-27T17:07:57","modified_gmt":"2024-03-27T09:07:57","slug":"custom-6-panel-embroidery-velvet-baseball-caps","status":"publish","type":"product","link":"https:\/\/sumkcaps.com\/sv\/produkt\/basebollkepsar-i-sammet-med-6-paneler-och-broderi\/","title":{"rendered":"Basebollkepsar med 6 paneler och broderi i sammet"},"content":{"rendered":"","protected":false},"excerpt":{"rendered":"<p>Kina leverant\u00f6r vinter strass lyx designer grossist hattar trend sammet new york hatt satin fodrade hattar f\u00f6r kvinnor<\/p>","protected":false},"featured_media":3860,"template":"","meta":{"_acf_changed":false,"_kad_blocks_custom_css":"","_kad_blocks_head_custom_js":"","_kad_blocks_body_custom_js":"","_kad_blocks_footer_custom_js":""},"product_brand":[],"product_cat":[38],"product_tag":[],"class_list":{"0":"post-3835","1":"product","2":"type-product","3":"status-publish","4":"has-post-thumbnail","6":"product_cat-baseball-cap-supplier","8":"first","9":"outofstock","10":"shipping-taxable","11":"product-type-simple"},"acf":[],"yoast_head":"<!-- This site is optimized with the Yoast SEO Premium plugin v20.8 (Yoast SEO v25.9) - https:\/\/yoast.com\/wordpress\/plugins\/seo\/ -->\n<title>Custom 6 Panel Embroidery Velvet Baseball Caps - Sumkcaps<\/title>\n<meta name=\"robots\" content=\"index, follow, max-snippet:-1, max-image-preview:large, max-video-preview:-1\" \/>\n<link rel=\"canonical\" href=\"https:\/\/sumkcaps.com\/sv\/produkt\/basebollkepsar-i-sammet-med-6-paneler-och-broderi\/\" \/>\n<meta property=\"og:locale\" content=\"sv_SE\" \/>\n<meta property=\"og:type\" content=\"article\" \/>\n<meta property=\"og:title\" content=\"Custom 6 Panel Embroidery Velvet Baseball Caps - Sumkcaps\" \/>\n<meta property=\"og:description\" content=\"China vendor winter rhinestone luxury designer wholesale hats trend velvet new york hat satin lined hats for women\" \/>\n<meta property=\"og:url\" content=\"https:\/\/sumkcaps.com\/sv\/produkt\/basebollkepsar-i-sammet-med-6-paneler-och-broderi\/\" \/>\n<meta property=\"og:site_name\" content=\"Sumkcaps-China Original Headwear Manufacturer and Suppliers\" \/>\n<meta property=\"article:publisher\" content=\"https:\/\/www.facebook.com\/sumkcap\" \/>\n<meta property=\"article:modified_time\" content=\"2024-03-27T09:07:57+00:00\" \/>\n<meta property=\"og:image\" content=\"https:\/\/sumkcaps.com\/wp-content\/uploads\/2022\/04\/\u4ea7\u54c1\u4e3b\u56fe2-258.jpg\" \/>\n\t<meta property=\"og:image:width\" content=\"800\" \/>\n\t<meta property=\"og:image:height\" content=\"800\" \/>\n\t<meta property=\"og:image:type\" content=\"image\/jpeg\" \/>\n<meta name=\"twitter:card\" content=\"summary_large_image\" \/>\n<script type=\"application\/ld+json\" class=\"yoast-schema-graph\">{\"@context\":\"https:\/\/schema.org\",\"@graph\":[{\"@type\":\"WebPage\",\"@id\":\"https:\/\/sumkcaps.com\/product\/custom-6-panel-embroidery-velvet-baseball-caps\/\",\"url\":\"https:\/\/sumkcaps.com\/product\/custom-6-panel-embroidery-velvet-baseball-caps\/\",\"name\":\"Custom 6 Panel Embroidery Velvet Baseball Caps - Sumkcaps\",\"isPartOf\":{\"@id\":\"https:\/\/sumkcaps.com\/#website\"},\"primaryImageOfPage\":{\"@id\":\"https:\/\/sumkcaps.com\/product\/custom-6-panel-embroidery-velvet-baseball-caps\/#primaryimage\"},\"image\":{\"@id\":\"https:\/\/sumkcaps.com\/product\/custom-6-panel-embroidery-velvet-baseball-caps\/#primaryimage\"},\"thumbnailUrl\":\"https:\/\/sumkcaps.com\/wp-content\/uploads\/2022\/04\/\u4ea7\u54c1\u4e3b\u56fe2-258.jpg\",\"datePublished\":\"2022-04-22T08:12:19+00:00\",\"dateModified\":\"2024-03-27T09:07:57+00:00\",\"breadcrumb\":{\"@id\":\"https:\/\/sumkcaps.com\/product\/custom-6-panel-embroidery-velvet-baseball-caps\/#breadcrumb\"},\"inLanguage\":\"sv-SE\",\"potentialAction\":[{\"@type\":\"ReadAction\",\"target\":[\"https:\/\/sumkcaps.com\/product\/custom-6-panel-embroidery-velvet-baseball-caps\/\"]}]},{\"@type\":\"ImageObject\",\"inLanguage\":\"sv-SE\",\"@id\":\"https:\/\/sumkcaps.com\/product\/custom-6-panel-embroidery-velvet-baseball-caps\/#primaryimage\",\"url\":\"https:\/\/sumkcaps.com\/wp-content\/uploads\/2022\/04\/\u4ea7\u54c1\u4e3b\u56fe2-258.jpg\",\"contentUrl\":\"https:\/\/sumkcaps.com\/wp-content\/uploads\/2022\/04\/\u4ea7\u54c1\u4e3b\u56fe2-258.jpg\",\"width\":800,\"height\":800},{\"@type\":\"BreadcrumbList\",\"@id\":\"https:\/\/sumkcaps.com\/product\/custom-6-panel-embroidery-velvet-baseball-caps\/#breadcrumb\",\"itemListElement\":[{\"@type\":\"ListItem\",\"position\":1,\"name\":\"Home\",\"item\":\"https:\/\/sumkcaps.com\/\"},{\"@type\":\"ListItem\",\"position\":2,\"name\":\"Products\",\"item\":\"https:\/\/sumkcaps.com\/product\/\"},{\"@type\":\"ListItem\",\"position\":3,\"name\":\"Custom 6 Panel Embroidery Velvet Baseball Caps\"}]},{\"@type\":\"WebSite\",\"@id\":\"https:\/\/sumkcaps.com\/#website\",\"url\":\"https:\/\/sumkcaps.com\/\",\"name\":\"Sumkcaps-China Original Headwear Manufacturer and Suppliers\",\"description\":\"We are China Cap And Hat Original Factory, whose main business is to custom cap and hat as client&#039;s LOGO. Any cap style, any cap color, any qty, any material and qty is no problem. In one words, any small details can be customized as your request.\",\"publisher\":{\"@id\":\"https:\/\/sumkcaps.com\/#organization\"},\"potentialAction\":[{\"@type\":\"SearchAction\",\"target\":{\"@type\":\"EntryPoint\",\"urlTemplate\":\"https:\/\/sumkcaps.com\/?s={search_term_string}\"},\"query-input\":{\"@type\":\"PropertyValueSpecification\",\"valueRequired\":true,\"valueName\":\"search_term_string\"}}],\"inLanguage\":\"sv-SE\"},{\"@type\":\"Organization\",\"@id\":\"https:\/\/sumkcaps.com\/#organization\",\"name\":\"Sumkcaps-China Original Headwear Manufacturer and Suppliers\",\"url\":\"https:\/\/sumkcaps.com\/\",\"logo\":{\"@type\":\"ImageObject\",\"inLanguage\":\"sv-SE\",\"@id\":\"https:\/\/sumkcaps.com\/#\/schema\/logo\/image\/\",\"url\":\"https:\/\/sumkcaps.com\/wp-content\/uploads\/2025\/12\/1234.jpg\",\"contentUrl\":\"https:\/\/sumkcaps.com\/wp-content\/uploads\/2025\/12\/1234.jpg\",\"width\":800,\"height\":800,\"caption\":\"Sumkcaps-China Original Headwear Manufacturer and Suppliers\"},\"image\":{\"@id\":\"https:\/\/sumkcaps.com\/#\/schema\/logo\/image\/\"},\"sameAs\":[\"https:\/\/www.facebook.com\/sumkcap\",\"https:\/\/www.instagram.com\/sumkcaps7\/\",\"https:\/\/www.pinterest.com\/sumkcapschina\/\"]}]}<\/script>\n<!-- \/ Yoast SEO Premium plugin. -->","yoast_head_json":{"title":"Basebollkepsar med 6 paneler och broderi i sammet - Sumkcaps","robots":{"index":"index","follow":"follow","max-snippet":"max-snippet:-1","max-image-preview":"max-image-preview:large","max-video-preview":"max-video-preview:-1"},"canonical":"https:\/\/sumkcaps.com\/sv\/produkt\/basebollkepsar-i-sammet-med-6-paneler-och-broderi\/","og_locale":"sv_SE","og_type":"article","og_title":"Custom 6 Panel Embroidery Velvet Baseball Caps - Sumkcaps","og_description":"China vendor winter rhinestone luxury designer wholesale hats trend velvet new york hat satin lined hats for women","og_url":"https:\/\/sumkcaps.com\/sv\/produkt\/basebollkepsar-i-sammet-med-6-paneler-och-broderi\/","og_site_name":"Sumkcaps-China Original Headwear Manufacturer and Suppliers","article_publisher":"https:\/\/www.facebook.com\/sumkcap","article_modified_time":"2024-03-27T09:07:57+00:00","og_image":[{"width":800,"height":800,"url":"https:\/\/sumkcaps.com\/wp-content\/uploads\/2022\/04\/\u4ea7\u54c1\u4e3b\u56fe2-258.jpg","type":"image\/jpeg"}],"twitter_card":"summary_large_image","schema":{"@context":"https:\/\/schema.org","@graph":[{"@type":"WebPage","@id":"https:\/\/sumkcaps.com\/product\/custom-6-panel-embroidery-velvet-baseball-caps\/","url":"https:\/\/sumkcaps.com\/product\/custom-6-panel-embroidery-velvet-baseball-caps\/","name":"Basebollkepsar med 6 paneler och broderi i sammet - Sumkcaps","isPartOf":{"@id":"https:\/\/sumkcaps.com\/#website"},"primaryImageOfPage":{"@id":"https:\/\/sumkcaps.com\/product\/custom-6-panel-embroidery-velvet-baseball-caps\/#primaryimage"},"image":{"@id":"https:\/\/sumkcaps.com\/product\/custom-6-panel-embroidery-velvet-baseball-caps\/#primaryimage"},"thumbnailUrl":"https:\/\/sumkcaps.com\/wp-content\/uploads\/2022\/04\/\u4ea7\u54c1\u4e3b\u56fe2-258.jpg","datePublished":"2022-04-22T08:12:19+00:00","dateModified":"2024-03-27T09:07:57+00:00","breadcrumb":{"@id":"https:\/\/sumkcaps.com\/product\/custom-6-panel-embroidery-velvet-baseball-caps\/#breadcrumb"},"inLanguage":"sv-SE","potentialAction":[{"@type":"ReadAction","target":["https:\/\/sumkcaps.com\/product\/custom-6-panel-embroidery-velvet-baseball-caps\/"]}]},{"@type":"ImageObject","inLanguage":"sv-SE","@id":"https:\/\/sumkcaps.com\/product\/custom-6-panel-embroidery-velvet-baseball-caps\/#primaryimage","url":"https:\/\/sumkcaps.com\/wp-content\/uploads\/2022\/04\/\u4ea7\u54c1\u4e3b\u56fe2-258.jpg","contentUrl":"https:\/\/sumkcaps.com\/wp-content\/uploads\/2022\/04\/\u4ea7\u54c1\u4e3b\u56fe2-258.jpg","width":800,"height":800},{"@type":"BreadcrumbList","@id":"https:\/\/sumkcaps.com\/product\/custom-6-panel-embroidery-velvet-baseball-caps\/#breadcrumb","itemListElement":[{"@type":"ListItem","position":1,"name":"Home","item":"https:\/\/sumkcaps.com\/"},{"@type":"ListItem","position":2,"name":"Products","item":"https:\/\/sumkcaps.com\/product\/"},{"@type":"ListItem","position":3,"name":"Custom 6 Panel Embroidery Velvet Baseball Caps"}]},{"@type":"WebSite","@id":"https:\/\/sumkcaps.com\/#website","url":"https:\/\/sumkcaps.com\/","name":"Sumkcaps - tillverkare och leverant\u00f6rer av originalhuvudbonader i Kina","description":"Vi \u00e4r China Cap And Hat Original Factory, vars huvudsakliga verksamhet \u00e4r att anpassa m\u00f6ssa och hatt som klient &amp; #03939; s LOGO. Vilken keps som helst, vilken kepsf\u00e4rg som helst, vilket antal som helst, vilket material som helst och antal \u00e4r inget problem. Med ett ord kan alla sm\u00e5 detaljer anpassas efter din beg\u00e4ran.","publisher":{"@id":"https:\/\/sumkcaps.com\/#organization"},"potentialAction":[{"@type":"SearchAction","target":{"@type":"EntryPoint","urlTemplate":"https:\/\/sumkcaps.com\/?s={search_term_string}"},"query-input":{"@type":"PropertyValueSpecification","valueRequired":true,"valueName":"search_term_string"}}],"inLanguage":"sv-SE"},{"@type":"Organization","@id":"https:\/\/sumkcaps.com\/#organization","name":"Sumkcaps - tillverkare och leverant\u00f6rer av originalhuvudbonader i Kina","url":"https:\/\/sumkcaps.com\/","logo":{"@type":"ImageObject","inLanguage":"sv-SE","@id":"https:\/\/sumkcaps.com\/#\/schema\/logo\/image\/","url":"https:\/\/sumkcaps.com\/wp-content\/uploads\/2025\/12\/1234.jpg","contentUrl":"https:\/\/sumkcaps.com\/wp-content\/uploads\/2025\/12\/1234.jpg","width":800,"height":800,"caption":"Sumkcaps-China Original Headwear Manufacturer and Suppliers"},"image":{"@id":"https:\/\/sumkcaps.com\/#\/schema\/logo\/image\/"},"sameAs":["https:\/\/www.facebook.com\/sumkcap","https:\/\/www.instagram.com\/sumkcaps7\/","https:\/\/www.pinterest.com\/sumkcapschina\/"]}]}},"taxonomy_info":{"product_cat":[{"value":38,"label":"Baseball Cap"}]},"featured_image_src_large":["https:\/\/sumkcaps.com\/wp-content\/uploads\/2022\/04\/\u4ea7\u54c1\u4e3b\u56fe2-258.jpg",800,800,false],"author_info":[],"comment_info":"","_links":{"self":[{"href":"https:\/\/sumkcaps.com\/sv\/wp-json\/wp\/v2\/product\/3835","targetHints":{"allow":["GET"]}}],"collection":[{"href":"https:\/\/sumkcaps.com\/sv\/wp-json\/wp\/v2\/product"}],"about":[{"href":"https:\/\/sumkcaps.com\/sv\/wp-json\/wp\/v2\/types\/product"}],"wp:featuredmedia":[{"embeddable":true,"href":"https:\/\/sumkcaps.com\/sv\/wp-json\/wp\/v2\/media\/3860"}],"wp:attachment":[{"href":"https:\/\/sumkcaps.com\/sv\/wp-json\/wp\/v2\/media?parent=3835"}],"wp:term":[{"taxonomy":"product_brand","embeddable":true,"href":"https:\/\/sumkcaps.com\/sv\/wp-json\/wp\/v2\/product_brand?post=3835"},{"taxonomy":"product_cat","embeddable":true,"href":"https:\/\/sumkcaps.com\/sv\/wp-json\/wp\/v2\/product_cat?post=3835"},{"taxonomy":"product_tag","embeddable":true,"href":"https:\/\/sumkcaps.com\/sv\/wp-json\/wp\/v2\/product_tag?post=3835"}],"curies":[{"name":"wp","href":"https:\/\/api.w.org\/{rel}","templated":true}]}}