{"id":33104,"date":"2025-12-30T16:33:04","date_gmt":"2025-12-30T08:33:04","guid":{"rendered":"https:\/\/sumkcaps.com\/?post_type=product&#038;p=33104"},"modified":"2025-12-30T17:03:19","modified_gmt":"2025-12-30T09:03:19","slug":"olive-green-flat-embroidery-distressed-dad-hat","status":"publish","type":"product","link":"https:\/\/sumkcaps.com\/sv\/produkt\/olivgron-platt-broderad-dad-hat-med-slitna-detaljer\/","title":{"rendered":"Anpassad olivgr\u00f6n platt broderad Dad Hat i slitna stil"},"content":{"rendered":"<h3 data-start=\"121\" data-end=\"137\">Dekoration<\/h3>\n<p data-start=\"138\" data-end=\"421\">Denna pappam\u00f6ssa har ett specialdesignat platt broderi som ger ett rent och raffinerat intryck av logotypen. Broderiet sitter snyggt p\u00e5 den slitna bomullsytan, vilket f\u00f6rst\u00e4rker varum\u00e4rkets synlighet samtidigt som den beh\u00e5ller sin avslappnade, vintageinspirerade look. Perfekt f\u00f6r logotyper, text eller minimalistisk grafik.<\/p>\n<h3 data-start=\"428\" data-end=\"442\">Material<\/h3>\n<p data-start=\"443\" data-end=\"686\">Denna keps \u00e4r tillverkad av 100%-bomull och erbjuder utm\u00e4rkt andningsf\u00f6rm\u00e5ga, mjukhet och h\u00e5llbarhet. Det naturliga bomullstyget garanterar komfort hela dagen och l\u00e4mpar sig f\u00f6r anpassade ytbehandlingar, tv\u00e4ttar eller slitna effekter utifr\u00e5n varum\u00e4rkets krav.<\/p>\n<h3 data-start=\"693\" data-end=\"704\">F\u00e4rg<\/h3>\n<p data-start=\"705\" data-end=\"937\">Presenteras i en klassisk olivgr\u00f6n nyans som passar b\u00e5de till vardags- och friluftskl\u00e4der. Anpassade f\u00e4rgalternativ finns tillg\u00e4ngliga f\u00f6r att matcha varum\u00e4rkesidentitet, s\u00e4songskollektioner eller marknadsf\u00f6ringsbehov, vilket garanterar flexibla designm\u00f6jligheter.<\/p>\n<h3 data-start=\"944\" data-end=\"960\">Passform och storlek<\/h3>\n<p data-start=\"961\" data-end=\"1144\">Designad med en OSFM-struktur som passar huvudstorlekar fr\u00e5n 7 till 7 3\/4. Den justerbara bakre st\u00e4ngningen ger en s\u00e4ker och bekv\u00e4m passform, vilket g\u00f6r den l\u00e4mplig f\u00f6r ett brett spektrum av anv\u00e4ndare.<\/p>\n<h3 data-start=\"1151\" data-end=\"1162\">Visir<\/h3>\n<p data-start=\"1163\" data-end=\"1346\">Utrustad med ett f\u00f6rb\u00f6jt visir som ger ett avslappnat, slitet utseende. Den b\u00f6jda sk\u00e4rmen minskar bl\u00e4ndningen och bidrar till den avslappnade dad hat-estetiken, som passar f\u00f6r vardagsbruk.<\/p>\n<h3 data-start=\"1353\" data-end=\"1366\">Service<\/h3>\n<p data-start=\"1367\" data-end=\"1571\">Vi erbjuder kompletta OEM- och ODM-tj\u00e4nster och hj\u00e4lper till med anpassad design, logotypplacering, materialval och f\u00f6rpackning. V\u00e5rt erfarna produktionsteam garanterar j\u00e4mn kvalitet f\u00f6r b\u00e5de sm\u00e5 och stora best\u00e4llningar.<\/p>\n<h3 data-start=\"1578\" data-end=\"1599\">Genomf\u00f6randetid<\/h3>\n<p data-start=\"1600\" data-end=\"1796\">Provproduktion tar vanligtvis 7\u20139 arbetsdagar f\u00f6r granskning och godk\u00e4nnande. Massproduktion slutf\u00f6rs inom 18\u201322 arbetsdagar, vilket s\u00e4kerst\u00e4ller effektiva ledtider f\u00f6r grossist- och specialanpassade projekt.<\/p>","protected":false},"excerpt":{"rendered":"<div class=\"text-base my-auto mx-auto pb-10 [--thread-content-margin:--spacing(4)] @w-sm\/main:[--thread-content-margin:--spacing(6)] @w-lg\/main:[--thread-content-margin:--spacing(16)] px-(--thread-content-margin)\">\n<div class=\"[--thread-content-max-width:40rem] @w-lg\/main:[--thread-content-max-width:48rem] mx-auto max-w-(--thread-content-max-width) flex-1 group\/turn-messages focus-visible:outline-hidden relative flex w-full min-w-0 flex-col agent-turn\" tabindex=\"-1\">\n<div class=\"flex max-w-full flex-col grow\">\n<div class=\"min-h-8 text-message relative flex w-full flex-col items-end gap-2 text-start break-words whitespace-normal [.text-message+&amp;]:mt-1\" dir=\"auto\" data-message-author-role=\"assistant\" data-message-id=\"0fbb25b9-662b-42f1-8ace-a1eee2f0eee0\" data-message-model-slug=\"gpt-5-2\">\n<div class=\"flex w-full flex-col gap-1 empty:hidden first:pt-[1px]\">\n<div class=\"markdown prose dark:prose-invert w-full break-words light markdown-new-styling\">\n<p data-start=\"0\" data-end=\"437\" data-is-last-node=\"\" data-is-only-node=\"\">Den skr\u00e4ddarsydda olivgr\u00f6na platta broderade Dad Hat med slitna detaljer \u00e4r tillverkad av 100%-bomull f\u00f6r andningsbar komfort hela dagen. Den har rena platta broderier p\u00e5 en vintage-sliten yta och ger ett avslappnat men samtidigt exklusivt utseende. Den f\u00f6rb\u00f6jda sk\u00e4rmen f\u00f6rb\u00e4ttrar b\u00e4rkomforten, medan OSFM-designen (7\u20137 3\/4) garanterar en bekv\u00e4m passform. Finns i olivgr\u00f6n eller anpassade f\u00e4rger, med fullst\u00e4ndiga OEM- och ODM-tj\u00e4nster och effektiv produktion.<\/p>\n<\/div>\n<\/div>\n<\/div>\n<\/div>\n<\/div>\n<\/div>","protected":false},"featured_media":33107,"template":"","meta":{"_acf_changed":false,"_kad_blocks_custom_css":"","_kad_blocks_head_custom_js":"","_kad_blocks_body_custom_js":"","_kad_blocks_footer_custom_js":""},"product_brand":[],"product_cat":[695,952,693],"product_tag":[],"class_list":{"0":"post-33104","1":"product","2":"type-product","3":"status-publish","4":"has-post-thumbnail","6":"product_cat-dad-cap","7":"product_cat-custom-distressed-dad-hat-wholesale","8":"product_cat-hat","10":"first","11":"outofstock","12":"shipping-taxable","13":"product-type-simple"},"acf":[],"yoast_head":"<!-- This site is optimized with the Yoast SEO Premium plugin v20.8 (Yoast SEO v25.9) - https:\/\/yoast.com\/wordpress\/plugins\/seo\/ -->\n<title>Olive Green Flat Embroidery Distressed Dad Hat - Sumkcaps<\/title>\n<meta name=\"description\" content=\"Custom olive green distressed dad hat made from 100% cotton with flat embroidery. Pre-curved visor, OSFM fit, customizable colors, OEM &amp; ODM supported.\" \/>\n<meta name=\"robots\" content=\"index, follow, max-snippet:-1, max-image-preview:large, max-video-preview:-1\" \/>\n<link rel=\"canonical\" href=\"https:\/\/sumkcaps.com\/sv\/produkt\/olivgron-platt-broderad-dad-hat-med-slitna-detaljer\/\" \/>\n<meta property=\"og:locale\" content=\"sv_SE\" \/>\n<meta property=\"og:type\" content=\"article\" \/>\n<meta property=\"og:title\" content=\"Custom Olive Green Flat Embroidery Distressed Dad Hat - Sumkcaps\" \/>\n<meta property=\"og:description\" content=\"Custom olive green distressed dad hat made from 100% cotton with flat embroidery. Pre-curved visor, OSFM fit, customizable colors, OEM &amp; ODM supported.\" \/>\n<meta property=\"og:url\" content=\"https:\/\/sumkcaps.com\/sv\/produkt\/olivgron-platt-broderad-dad-hat-med-slitna-detaljer\/\" \/>\n<meta property=\"og:site_name\" content=\"Sumkcaps-China Original Headwear Manufacturer and Suppliers\" \/>\n<meta property=\"article:publisher\" content=\"https:\/\/www.facebook.com\/sumkcap\" \/>\n<meta property=\"article:modified_time\" content=\"2025-12-30T09:03:19+00:00\" \/>\n<meta property=\"og:image\" content=\"https:\/\/sumkcaps.com\/wp-content\/uploads\/2025\/12\/Custom-Olive-Green-Flat-Embroidery-Distressed-Dad-Hat.3.png\" \/>\n\t<meta property=\"og:image:width\" content=\"1080\" \/>\n\t<meta property=\"og:image:height\" content=\"1080\" \/>\n\t<meta property=\"og:image:type\" content=\"image\/png\" \/>\n<meta name=\"twitter:card\" content=\"summary_large_image\" \/>\n<meta name=\"twitter:label1\" content=\"Ber\u00e4knad l\u00e4stid\" \/>\n\t<meta name=\"twitter:data1\" content=\"2 minuter\" \/>\n<script type=\"application\/ld+json\" class=\"yoast-schema-graph\">{\"@context\":\"https:\/\/schema.org\",\"@graph\":[{\"@type\":\"WebPage\",\"@id\":\"https:\/\/sumkcaps.com\/product\/olive-green-flat-embroidery-distressed-dad-hat\/\",\"url\":\"https:\/\/sumkcaps.com\/product\/olive-green-flat-embroidery-distressed-dad-hat\/\",\"name\":\"Olive Green Flat Embroidery Distressed Dad Hat - Sumkcaps\",\"isPartOf\":{\"@id\":\"https:\/\/sumkcaps.com\/#website\"},\"primaryImageOfPage\":{\"@id\":\"https:\/\/sumkcaps.com\/product\/olive-green-flat-embroidery-distressed-dad-hat\/#primaryimage\"},\"image\":{\"@id\":\"https:\/\/sumkcaps.com\/product\/olive-green-flat-embroidery-distressed-dad-hat\/#primaryimage\"},\"thumbnailUrl\":\"https:\/\/sumkcaps.com\/wp-content\/uploads\/2025\/12\/Custom-Olive-Green-Flat-Embroidery-Distressed-Dad-Hat.3.png\",\"datePublished\":\"2025-12-30T08:33:04+00:00\",\"dateModified\":\"2025-12-30T09:03:19+00:00\",\"description\":\"Custom olive green distressed dad hat made from 100% cotton with flat embroidery. Pre-curved visor, OSFM fit, customizable colors, OEM & ODM supported.\",\"breadcrumb\":{\"@id\":\"https:\/\/sumkcaps.com\/product\/olive-green-flat-embroidery-distressed-dad-hat\/#breadcrumb\"},\"inLanguage\":\"sv-SE\",\"potentialAction\":[{\"@type\":\"ReadAction\",\"target\":[\"https:\/\/sumkcaps.com\/product\/olive-green-flat-embroidery-distressed-dad-hat\/\"]}]},{\"@type\":\"ImageObject\",\"inLanguage\":\"sv-SE\",\"@id\":\"https:\/\/sumkcaps.com\/product\/olive-green-flat-embroidery-distressed-dad-hat\/#primaryimage\",\"url\":\"https:\/\/sumkcaps.com\/wp-content\/uploads\/2025\/12\/Custom-Olive-Green-Flat-Embroidery-Distressed-Dad-Hat.3.png\",\"contentUrl\":\"https:\/\/sumkcaps.com\/wp-content\/uploads\/2025\/12\/Custom-Olive-Green-Flat-Embroidery-Distressed-Dad-Hat.3.png\",\"width\":1080,\"height\":1080,\"caption\":\"Custom Olive Green Flat Embroidery Distressed Dad Hat.3\"},{\"@type\":\"BreadcrumbList\",\"@id\":\"https:\/\/sumkcaps.com\/product\/olive-green-flat-embroidery-distressed-dad-hat\/#breadcrumb\",\"itemListElement\":[{\"@type\":\"ListItem\",\"position\":1,\"name\":\"Home\",\"item\":\"https:\/\/sumkcaps.com\/\"},{\"@type\":\"ListItem\",\"position\":2,\"name\":\"Products\",\"item\":\"https:\/\/sumkcaps.com\/product\/\"},{\"@type\":\"ListItem\",\"position\":3,\"name\":\"Custom Olive Green Flat Embroidery Distressed Dad Hat\"}]},{\"@type\":\"WebSite\",\"@id\":\"https:\/\/sumkcaps.com\/#website\",\"url\":\"https:\/\/sumkcaps.com\/\",\"name\":\"Sumkcaps-China Original Headwear Manufacturer and Suppliers\",\"description\":\"We are China Cap And Hat Original Factory, whose main business is to custom cap and hat as client&#039;s LOGO. Any cap style, any cap color, any qty, any material and qty is no problem. In one words, any small details can be customized as your request.\",\"publisher\":{\"@id\":\"https:\/\/sumkcaps.com\/#organization\"},\"potentialAction\":[{\"@type\":\"SearchAction\",\"target\":{\"@type\":\"EntryPoint\",\"urlTemplate\":\"https:\/\/sumkcaps.com\/?s={search_term_string}\"},\"query-input\":{\"@type\":\"PropertyValueSpecification\",\"valueRequired\":true,\"valueName\":\"search_term_string\"}}],\"inLanguage\":\"sv-SE\"},{\"@type\":\"Organization\",\"@id\":\"https:\/\/sumkcaps.com\/#organization\",\"name\":\"Sumkcaps-China Original Headwear Manufacturer and Suppliers\",\"url\":\"https:\/\/sumkcaps.com\/\",\"logo\":{\"@type\":\"ImageObject\",\"inLanguage\":\"sv-SE\",\"@id\":\"https:\/\/sumkcaps.com\/#\/schema\/logo\/image\/\",\"url\":\"https:\/\/sumkcaps.com\/wp-content\/uploads\/2025\/12\/1234.jpg\",\"contentUrl\":\"https:\/\/sumkcaps.com\/wp-content\/uploads\/2025\/12\/1234.jpg\",\"width\":800,\"height\":800,\"caption\":\"Sumkcaps-China Original Headwear Manufacturer and Suppliers\"},\"image\":{\"@id\":\"https:\/\/sumkcaps.com\/#\/schema\/logo\/image\/\"},\"sameAs\":[\"https:\/\/www.facebook.com\/sumkcap\",\"https:\/\/www.instagram.com\/sumkcaps7\/\",\"https:\/\/www.pinterest.com\/sumkcapschina\/\"]}]}<\/script>\n<!-- \/ Yoast SEO Premium plugin. -->","yoast_head_json":{"title":"Olivgr\u00f6n platt broderad Dad Hat i slitna stil - Sumkcaps","description":"Anpassad olivgr\u00f6n dad hat i slitna stil, tillverkad av 100%-bomull med platt brodyr. F\u00f6rb\u00f6jd sk\u00e4rm, OSFM-passform, anpassningsbara f\u00e4rger, OEM- och ODM-st\u00f6d.","robots":{"index":"index","follow":"follow","max-snippet":"max-snippet:-1","max-image-preview":"max-image-preview:large","max-video-preview":"max-video-preview:-1"},"canonical":"https:\/\/sumkcaps.com\/sv\/produkt\/olivgron-platt-broderad-dad-hat-med-slitna-detaljer\/","og_locale":"sv_SE","og_type":"article","og_title":"Custom Olive Green Flat Embroidery Distressed Dad Hat - Sumkcaps","og_description":"Custom olive green distressed dad hat made from 100% cotton with flat embroidery. Pre-curved visor, OSFM fit, customizable colors, OEM & ODM supported.","og_url":"https:\/\/sumkcaps.com\/sv\/produkt\/olivgron-platt-broderad-dad-hat-med-slitna-detaljer\/","og_site_name":"Sumkcaps-China Original Headwear Manufacturer and Suppliers","article_publisher":"https:\/\/www.facebook.com\/sumkcap","article_modified_time":"2025-12-30T09:03:19+00:00","og_image":[{"width":1080,"height":1080,"url":"https:\/\/sumkcaps.com\/wp-content\/uploads\/2025\/12\/Custom-Olive-Green-Flat-Embroidery-Distressed-Dad-Hat.3.png","type":"image\/png"}],"twitter_card":"summary_large_image","twitter_misc":{"Ber\u00e4knad l\u00e4stid":"2 minuter"},"schema":{"@context":"https:\/\/schema.org","@graph":[{"@type":"WebPage","@id":"https:\/\/sumkcaps.com\/product\/olive-green-flat-embroidery-distressed-dad-hat\/","url":"https:\/\/sumkcaps.com\/product\/olive-green-flat-embroidery-distressed-dad-hat\/","name":"Olivgr\u00f6n platt broderad Dad Hat i slitna stil - Sumkcaps","isPartOf":{"@id":"https:\/\/sumkcaps.com\/#website"},"primaryImageOfPage":{"@id":"https:\/\/sumkcaps.com\/product\/olive-green-flat-embroidery-distressed-dad-hat\/#primaryimage"},"image":{"@id":"https:\/\/sumkcaps.com\/product\/olive-green-flat-embroidery-distressed-dad-hat\/#primaryimage"},"thumbnailUrl":"https:\/\/sumkcaps.com\/wp-content\/uploads\/2025\/12\/Custom-Olive-Green-Flat-Embroidery-Distressed-Dad-Hat.3.png","datePublished":"2025-12-30T08:33:04+00:00","dateModified":"2025-12-30T09:03:19+00:00","description":"Anpassad olivgr\u00f6n dad hat i slitna stil, tillverkad av 100%-bomull med platt brodyr. F\u00f6rb\u00f6jd sk\u00e4rm, OSFM-passform, anpassningsbara f\u00e4rger, OEM- och ODM-st\u00f6d.","breadcrumb":{"@id":"https:\/\/sumkcaps.com\/product\/olive-green-flat-embroidery-distressed-dad-hat\/#breadcrumb"},"inLanguage":"sv-SE","potentialAction":[{"@type":"ReadAction","target":["https:\/\/sumkcaps.com\/product\/olive-green-flat-embroidery-distressed-dad-hat\/"]}]},{"@type":"ImageObject","inLanguage":"sv-SE","@id":"https:\/\/sumkcaps.com\/product\/olive-green-flat-embroidery-distressed-dad-hat\/#primaryimage","url":"https:\/\/sumkcaps.com\/wp-content\/uploads\/2025\/12\/Custom-Olive-Green-Flat-Embroidery-Distressed-Dad-Hat.3.png","contentUrl":"https:\/\/sumkcaps.com\/wp-content\/uploads\/2025\/12\/Custom-Olive-Green-Flat-Embroidery-Distressed-Dad-Hat.3.png","width":1080,"height":1080,"caption":"Custom Olive Green Flat Embroidery Distressed Dad Hat.3"},{"@type":"BreadcrumbList","@id":"https:\/\/sumkcaps.com\/product\/olive-green-flat-embroidery-distressed-dad-hat\/#breadcrumb","itemListElement":[{"@type":"ListItem","position":1,"name":"Home","item":"https:\/\/sumkcaps.com\/"},{"@type":"ListItem","position":2,"name":"Products","item":"https:\/\/sumkcaps.com\/product\/"},{"@type":"ListItem","position":3,"name":"Custom Olive Green Flat Embroidery Distressed Dad Hat"}]},{"@type":"WebSite","@id":"https:\/\/sumkcaps.com\/#website","url":"https:\/\/sumkcaps.com\/","name":"Sumkcaps - tillverkare och leverant\u00f6rer av originalhuvudbonader i Kina","description":"Vi \u00e4r China Cap And Hat Original Factory, vars huvudsakliga verksamhet \u00e4r att anpassa m\u00f6ssa och hatt som klient &amp; #03939; s LOGO. Vilken keps som helst, vilken kepsf\u00e4rg som helst, vilket antal som helst, vilket material som helst och antal \u00e4r inget problem. Med ett ord kan alla sm\u00e5 detaljer anpassas efter din beg\u00e4ran.","publisher":{"@id":"https:\/\/sumkcaps.com\/#organization"},"potentialAction":[{"@type":"SearchAction","target":{"@type":"EntryPoint","urlTemplate":"https:\/\/sumkcaps.com\/?s={search_term_string}"},"query-input":{"@type":"PropertyValueSpecification","valueRequired":true,"valueName":"search_term_string"}}],"inLanguage":"sv-SE"},{"@type":"Organization","@id":"https:\/\/sumkcaps.com\/#organization","name":"Sumkcaps - tillverkare och leverant\u00f6rer av originalhuvudbonader i Kina","url":"https:\/\/sumkcaps.com\/","logo":{"@type":"ImageObject","inLanguage":"sv-SE","@id":"https:\/\/sumkcaps.com\/#\/schema\/logo\/image\/","url":"https:\/\/sumkcaps.com\/wp-content\/uploads\/2025\/12\/1234.jpg","contentUrl":"https:\/\/sumkcaps.com\/wp-content\/uploads\/2025\/12\/1234.jpg","width":800,"height":800,"caption":"Sumkcaps-China Original Headwear Manufacturer and Suppliers"},"image":{"@id":"https:\/\/sumkcaps.com\/#\/schema\/logo\/image\/"},"sameAs":["https:\/\/www.facebook.com\/sumkcap","https:\/\/www.instagram.com\/sumkcaps7\/","https:\/\/www.pinterest.com\/sumkcapschina\/"]}]}},"taxonomy_info":{"product_cat":[{"value":695,"label":"Dad Hat Wholesale"},{"value":952,"label":"Distressed Dad Hat Wholesale"},{"value":693,"label":"Hat"}]},"featured_image_src_large":["https:\/\/sumkcaps.com\/wp-content\/uploads\/2025\/12\/Custom-Olive-Green-Flat-Embroidery-Distressed-Dad-Hat.3-1024x1024.png",800,800,true],"author_info":[],"comment_info":"","_links":{"self":[{"href":"https:\/\/sumkcaps.com\/sv\/wp-json\/wp\/v2\/product\/33104","targetHints":{"allow":["GET"]}}],"collection":[{"href":"https:\/\/sumkcaps.com\/sv\/wp-json\/wp\/v2\/product"}],"about":[{"href":"https:\/\/sumkcaps.com\/sv\/wp-json\/wp\/v2\/types\/product"}],"wp:featuredmedia":[{"embeddable":true,"href":"https:\/\/sumkcaps.com\/sv\/wp-json\/wp\/v2\/media\/33107"}],"wp:attachment":[{"href":"https:\/\/sumkcaps.com\/sv\/wp-json\/wp\/v2\/media?parent=33104"}],"wp:term":[{"taxonomy":"product_brand","embeddable":true,"href":"https:\/\/sumkcaps.com\/sv\/wp-json\/wp\/v2\/product_brand?post=33104"},{"taxonomy":"product_cat","embeddable":true,"href":"https:\/\/sumkcaps.com\/sv\/wp-json\/wp\/v2\/product_cat?post=33104"},{"taxonomy":"product_tag","embeddable":true,"href":"https:\/\/sumkcaps.com\/sv\/wp-json\/wp\/v2\/product_tag?post=33104"}],"curies":[{"name":"wp","href":"https:\/\/api.w.org\/{rel}","templated":true}]}}