{"id":23885,"date":"2023-09-13T20:59:16","date_gmt":"2023-09-13T12:59:16","guid":{"rendered":"https:\/\/sumkcaps.com\/?post_type=product&#038;p=23885"},"modified":"2026-01-12T11:10:47","modified_gmt":"2026-01-12T03:10:47","slug":"sumkcaps-5-panel-3d-embroidery-canvas-trucker-hats","status":"publish","type":"product","link":"https:\/\/sumkcaps.com\/sv\/produkt\/sumkcaps-5-panel-3d-broderi-canvas-truckerhattar\/","title":{"rendered":"5 Panel 3D-brodyr Canvas Trucker Hattar Partihandel"},"content":{"rendered":"<h3 data-start=\"86\" data-end=\"118\">Dekoration<\/h3>\n<p data-start=\"119\" data-end=\"490\">Dessa truckerhattar har premium 3D-brodyr som ger djup och textur till dina m\u00f6nster. De upph\u00f6jda s\u00f6mmarna ser till att logotyper, text eller grafik sticker ut och ger en professionell och i\u00f6gonfallande finish. Broderierna \u00e4r perfekta f\u00f6r varum\u00e4rkesprofilering, team merchandise eller modekollektioner och f\u00f6rb\u00e4ttrar det visuella intrycket samtidigt som h\u00e5llbarheten bibeh\u00e5lls genom l\u00e5ngvarigt slitage.<\/p>\n<h3 data-start=\"497\" data-end=\"520\">Material<\/h3>\n<p data-start=\"521\" data-end=\"899\">Dessa hattar \u00e4r tillverkade av h\u00f6gkvalitativ canvas och \u00e4r slitstarka, andningsbara och utformade f\u00f6r vardagsbruk. Det robusta tyget h\u00e5ller formen bra samtidigt som det ger en bekv\u00e4m passform f\u00f6r l\u00e5ngvarig anv\u00e4ndning. Canvas erbjuder ocks\u00e5 en idealisk yta f\u00f6r 3D-broderi, vilket s\u00e4kerst\u00e4ller att dina m\u00f6nster f\u00f6rblir skarpa och levande \u00f6ver tid. Dessa hattar \u00e4r b\u00e5de praktiska och snygga f\u00f6r vardagliga aktiviteter eller utomhusaktiviteter.<\/p>\n<h3 data-start=\"906\" data-end=\"937\">F\u00e4rg<\/h3>\n<p data-start=\"938\" data-end=\"1291\">Dessa truckerhattar finns i klassisk svart eller helt anpassningsbara f\u00e4rger f\u00f6r att matcha ditt varum\u00e4rke eller din designvision. Oavsett om du f\u00f6redrar dj\u00e4rva toner, subtila nyanser eller unika m\u00f6nster, g\u00f6r anpassade f\u00e4rgalternativ det enkelt att skapa en distinkt produktlinje. Denna flexibilitet \u00e4r perfekt f\u00f6r modem\u00e4rken, reklamkampanjer och personliga grossistorder.<\/p>\n<h3 data-start=\"1298\" data-end=\"1333\">Passform och storlek<\/h3>\n<p data-start=\"1334\" data-end=\"1655\">Dessa truckerhattar har en One Size Fits Most-design och passar bekv\u00e4mt huvudstorlekar fr\u00e5n 7 till 7 3\/4. Den strukturerade 5-panelskonstruktionen garanterar en s\u00e4ker men bekv\u00e4m passform f\u00f6r de flesta b\u00e4rare. OSFM-storleken f\u00f6renklar lagerhanteringen, vilket g\u00f6r hattarna idealiska f\u00f6r grossist-, detaljhandels- eller kampanjdistribution.<\/p>\n<h3 data-start=\"1662\" data-end=\"1686\">Visir<\/h3>\n<p data-start=\"1687\" data-end=\"2012\">Det f\u00f6rb\u00f6jda visiret ger en klassisk, bekv\u00e4m passform samtidigt som det ger solskydd och ett snyggt utseende. Den f\u00f6rformade designen bibeh\u00e5ller formen, vilket eliminerar behovet av justering och s\u00e4kerst\u00e4ller en konsekvent stil. Denna funktion ger hatten en professionell finish samtidigt som den kompletterar en avslappnad, sportig eller streetwear-look.<\/p>\n<h3 data-start=\"2019\" data-end=\"2044\">Service<\/h3>\n<p data-start=\"2045\" data-end=\"2379\">Dessa hattar st\u00f6der b\u00e5de OEM- och ODM-tj\u00e4nster, vilket m\u00f6jligg\u00f6r fullst\u00e4ndig anpassning av broderier, f\u00e4rger, paneler och varum\u00e4rkeselement. Oavsett om du producerar varor under eget varum\u00e4rke eller utvecklar unika modekollektioner, ger dessa tj\u00e4nster flexibilitet, kvalitetss\u00e4kring och professionell produktionsv\u00e4gledning f\u00f6r dina grossistorder.<\/p>\n<h3 data-start=\"2386\" data-end=\"2407\">Genomf\u00f6randetid<\/h3>\n<p data-start=\"2408\" data-end=\"2700\" data-is-last-node=\"\" data-is-only-node=\"\">Provproduktion tar vanligtvis 7-9 arbetsdagar f\u00f6r godk\u00e4nnande av design. N\u00e4r det har bekr\u00e4ftats \u00e4r massproduktionen klar inom 18-22 arbetsdagar. Denna effektiva tidslinje s\u00e4kerst\u00e4ller snabb leverans f\u00f6r bulkbest\u00e4llningar, s\u00e4songsbetonade lanseringar eller reklamkampanjer utan att kompromissa med kvalitet eller detaljer.<\/p>","protected":false},"excerpt":{"rendered":"<p>Denna snygga camo truckerhatt med eget broderi \u00e4r perfekt f\u00f6r utomhusentusiaster och avslappnade evenemang. Idealisk f\u00f6r grossistk\u00f6p, vilket garanterar att du f\u00e5r b\u00e4sta priser och kvalitet. Best\u00e4ll nu och njut av premiumrabatter p\u00e5 bulkbest\u00e4llningar<\/p>","protected":false},"featured_media":23886,"template":"","meta":{"_acf_changed":false,"_kad_blocks_custom_css":"","_kad_blocks_head_custom_js":"","_kad_blocks_body_custom_js":"","_kad_blocks_footer_custom_js":""},"product_brand":[],"product_cat":[693,971,942,943],"product_tag":[],"class_list":{"0":"post-23885","1":"product","2":"type-product","3":"status-publish","4":"has-post-thumbnail","6":"product_cat-hat","7":"product_cat-custom-embroidery-trucker-hats-wholesale","8":"product_cat-5-panel-trucker-hat","9":"product_cat-custom-embroidered-5-panel-hats","11":"first","12":"outofstock","13":"shipping-taxable","14":"product-type-simple"},"acf":[],"yoast_head":"<!-- This site is optimized with the Yoast SEO Premium plugin v20.8 (Yoast SEO v25.9) - https:\/\/yoast.com\/wordpress\/plugins\/seo\/ -->\n<title>Custom Embroidery Patch Camo Trucker Hat Wholesale<\/title>\n<meta name=\"description\" content=\"Custom Embroidery Patch Camo Trucker Hat\u2014wholesale-ready with durable materials, adjustable fit, and customizable logos for any occasion.\" \/>\n<meta name=\"robots\" content=\"index, follow, max-snippet:-1, max-image-preview:large, max-video-preview:-1\" \/>\n<link rel=\"canonical\" href=\"https:\/\/sumkcaps.com\/sv\/produkt\/sumkcaps-5-panel-3d-broderi-canvas-truckerhattar\/\" \/>\n<meta property=\"og:locale\" content=\"sv_SE\" \/>\n<meta property=\"og:type\" content=\"article\" \/>\n<meta property=\"og:title\" content=\"Custom 5 Panel 3D Logo Canvas Trucker Hats | Sumkcaps\" \/>\n<meta property=\"og:description\" content=\"High Quality China Custom Headwear Manufacturer. Top Quality Products At Best Prices. Add Your Logo or Custom Design Online. Expert Service. Bulk Discount.\" \/>\n<meta property=\"og:url\" content=\"https:\/\/sumkcaps.com\/sv\/produkt\/sumkcaps-5-panel-3d-broderi-canvas-truckerhattar\/\" \/>\n<meta property=\"og:site_name\" content=\"Sumkcaps-China Original Headwear Manufacturer and Suppliers\" \/>\n<meta property=\"article:publisher\" content=\"https:\/\/www.facebook.com\/sumkcap\" \/>\n<meta property=\"article:modified_time\" content=\"2026-01-12T03:10:47+00:00\" \/>\n<meta property=\"og:image\" content=\"https:\/\/sumkcaps.com\/wp-content\/uploads\/2023\/09\/sumkcaps-5-panel-canvas-trucker-hats-1.jpg\" \/>\n\t<meta property=\"og:image:width\" content=\"750\" \/>\n\t<meta property=\"og:image:height\" content=\"750\" \/>\n\t<meta property=\"og:image:type\" content=\"image\/jpeg\" \/>\n<meta name=\"twitter:card\" content=\"summary_large_image\" \/>\n<meta name=\"twitter:title\" content=\"Custom 5 Panel 3D Logo Canvas Trucker Hats | Sumkcaps\" \/>\n<meta name=\"twitter:description\" content=\"High Quality China Custom Headwear Manufacturer. Top Quality Products At Best Prices. Add Your Logo or Custom Design Online. Expert Service. Bulk Discount.\" \/>\n<meta name=\"twitter:label1\" content=\"Ber\u00e4knad l\u00e4stid\" \/>\n\t<meta name=\"twitter:data1\" content=\"2 minuter\" \/>\n<script type=\"application\/ld+json\" class=\"yoast-schema-graph\">{\"@context\":\"https:\/\/schema.org\",\"@graph\":[{\"@type\":\"WebPage\",\"@id\":\"https:\/\/sumkcaps.com\/product\/sumkcaps-5-panel-3d-embroidery-canvas-trucker-hats\/\",\"url\":\"https:\/\/sumkcaps.com\/product\/sumkcaps-5-panel-3d-embroidery-canvas-trucker-hats\/\",\"name\":\"Custom Embroidery Patch Camo Trucker Hat Wholesale\",\"isPartOf\":{\"@id\":\"https:\/\/sumkcaps.com\/#website\"},\"primaryImageOfPage\":{\"@id\":\"https:\/\/sumkcaps.com\/product\/sumkcaps-5-panel-3d-embroidery-canvas-trucker-hats\/#primaryimage\"},\"image\":{\"@id\":\"https:\/\/sumkcaps.com\/product\/sumkcaps-5-panel-3d-embroidery-canvas-trucker-hats\/#primaryimage\"},\"thumbnailUrl\":\"https:\/\/sumkcaps.com\/wp-content\/uploads\/2023\/09\/sumkcaps-5-panel-canvas-trucker-hats-1.jpg\",\"datePublished\":\"2023-09-13T12:59:16+00:00\",\"dateModified\":\"2026-01-12T03:10:47+00:00\",\"description\":\"Custom Embroidery Patch Camo Trucker Hat\u2014wholesale-ready with durable materials, adjustable fit, and customizable logos for any occasion.\",\"breadcrumb\":{\"@id\":\"https:\/\/sumkcaps.com\/product\/sumkcaps-5-panel-3d-embroidery-canvas-trucker-hats\/#breadcrumb\"},\"inLanguage\":\"sv-SE\",\"potentialAction\":[{\"@type\":\"ReadAction\",\"target\":[\"https:\/\/sumkcaps.com\/product\/sumkcaps-5-panel-3d-embroidery-canvas-trucker-hats\/\"]}]},{\"@type\":\"ImageObject\",\"inLanguage\":\"sv-SE\",\"@id\":\"https:\/\/sumkcaps.com\/product\/sumkcaps-5-panel-3d-embroidery-canvas-trucker-hats\/#primaryimage\",\"url\":\"https:\/\/sumkcaps.com\/wp-content\/uploads\/2023\/09\/sumkcaps-5-panel-canvas-trucker-hats-1.jpg\",\"contentUrl\":\"https:\/\/sumkcaps.com\/wp-content\/uploads\/2023\/09\/sumkcaps-5-panel-canvas-trucker-hats-1.jpg\",\"width\":750,\"height\":750,\"caption\":\"Sumkcaps 5 Panel Canvas Trucker Hats 1\"},{\"@type\":\"BreadcrumbList\",\"@id\":\"https:\/\/sumkcaps.com\/product\/sumkcaps-5-panel-3d-embroidery-canvas-trucker-hats\/#breadcrumb\",\"itemListElement\":[{\"@type\":\"ListItem\",\"position\":1,\"name\":\"Home\",\"item\":\"https:\/\/sumkcaps.com\/\"},{\"@type\":\"ListItem\",\"position\":2,\"name\":\"Products\",\"item\":\"https:\/\/sumkcaps.com\/product\/\"},{\"@type\":\"ListItem\",\"position\":3,\"name\":\"5 Panel 3D Embroidery Canvas Trucker Hats Wholesale\"}]},{\"@type\":\"WebSite\",\"@id\":\"https:\/\/sumkcaps.com\/#website\",\"url\":\"https:\/\/sumkcaps.com\/\",\"name\":\"Sumkcaps-China Original Headwear Manufacturer and Suppliers\",\"description\":\"We are China Cap And Hat Original Factory, whose main business is to custom cap and hat as client&#039;s LOGO. Any cap style, any cap color, any qty, any material and qty is no problem. In one words, any small details can be customized as your request.\",\"publisher\":{\"@id\":\"https:\/\/sumkcaps.com\/#organization\"},\"potentialAction\":[{\"@type\":\"SearchAction\",\"target\":{\"@type\":\"EntryPoint\",\"urlTemplate\":\"https:\/\/sumkcaps.com\/?s={search_term_string}\"},\"query-input\":{\"@type\":\"PropertyValueSpecification\",\"valueRequired\":true,\"valueName\":\"search_term_string\"}}],\"inLanguage\":\"sv-SE\"},{\"@type\":\"Organization\",\"@id\":\"https:\/\/sumkcaps.com\/#organization\",\"name\":\"Sumkcaps-China Original Headwear Manufacturer and Suppliers\",\"url\":\"https:\/\/sumkcaps.com\/\",\"logo\":{\"@type\":\"ImageObject\",\"inLanguage\":\"sv-SE\",\"@id\":\"https:\/\/sumkcaps.com\/#\/schema\/logo\/image\/\",\"url\":\"https:\/\/sumkcaps.com\/wp-content\/uploads\/2025\/12\/1234.jpg\",\"contentUrl\":\"https:\/\/sumkcaps.com\/wp-content\/uploads\/2025\/12\/1234.jpg\",\"width\":800,\"height\":800,\"caption\":\"Sumkcaps-China Original Headwear Manufacturer and Suppliers\"},\"image\":{\"@id\":\"https:\/\/sumkcaps.com\/#\/schema\/logo\/image\/\"},\"sameAs\":[\"https:\/\/www.facebook.com\/sumkcap\",\"https:\/\/www.instagram.com\/sumkcaps7\/\",\"https:\/\/www.pinterest.com\/sumkcapschina\/\"]}]}<\/script>\n<!-- \/ Yoast SEO Premium plugin. -->","yoast_head_json":{"title":"Anpassat broderi Patch Camo Trucker Hat Wholesale","description":"Custom Embroidery Patch Camo Trucker Hat-engrossklart med slitstarka material, justerbar passform och anpassningsbara logotyper f\u00f6r alla tillf\u00e4llen.","robots":{"index":"index","follow":"follow","max-snippet":"max-snippet:-1","max-image-preview":"max-image-preview:large","max-video-preview":"max-video-preview:-1"},"canonical":"https:\/\/sumkcaps.com\/sv\/produkt\/sumkcaps-5-panel-3d-broderi-canvas-truckerhattar\/","og_locale":"sv_SE","og_type":"article","og_title":"Custom 5 Panel 3D Logo Canvas Trucker Hats | Sumkcaps","og_description":"High Quality China Custom Headwear Manufacturer. Top Quality Products At Best Prices. Add Your Logo or Custom Design Online. Expert Service. Bulk Discount.","og_url":"https:\/\/sumkcaps.com\/sv\/produkt\/sumkcaps-5-panel-3d-broderi-canvas-truckerhattar\/","og_site_name":"Sumkcaps-China Original Headwear Manufacturer and Suppliers","article_publisher":"https:\/\/www.facebook.com\/sumkcap","article_modified_time":"2026-01-12T03:10:47+00:00","og_image":[{"width":750,"height":750,"url":"https:\/\/sumkcaps.com\/wp-content\/uploads\/2023\/09\/sumkcaps-5-panel-canvas-trucker-hats-1.jpg","type":"image\/jpeg"}],"twitter_card":"summary_large_image","twitter_title":"Custom 5 Panel 3D Logo Canvas Trucker Hats | Sumkcaps","twitter_description":"High Quality China Custom Headwear Manufacturer. Top Quality Products At Best Prices. Add Your Logo or Custom Design Online. Expert Service. Bulk Discount.","twitter_misc":{"Ber\u00e4knad l\u00e4stid":"2 minuter"},"schema":{"@context":"https:\/\/schema.org","@graph":[{"@type":"WebPage","@id":"https:\/\/sumkcaps.com\/product\/sumkcaps-5-panel-3d-embroidery-canvas-trucker-hats\/","url":"https:\/\/sumkcaps.com\/product\/sumkcaps-5-panel-3d-embroidery-canvas-trucker-hats\/","name":"Anpassat broderi Patch Camo Trucker Hat Wholesale","isPartOf":{"@id":"https:\/\/sumkcaps.com\/#website"},"primaryImageOfPage":{"@id":"https:\/\/sumkcaps.com\/product\/sumkcaps-5-panel-3d-embroidery-canvas-trucker-hats\/#primaryimage"},"image":{"@id":"https:\/\/sumkcaps.com\/product\/sumkcaps-5-panel-3d-embroidery-canvas-trucker-hats\/#primaryimage"},"thumbnailUrl":"https:\/\/sumkcaps.com\/wp-content\/uploads\/2023\/09\/sumkcaps-5-panel-canvas-trucker-hats-1.jpg","datePublished":"2023-09-13T12:59:16+00:00","dateModified":"2026-01-12T03:10:47+00:00","description":"Custom Embroidery Patch Camo Trucker Hat-engrossklart med slitstarka material, justerbar passform och anpassningsbara logotyper f\u00f6r alla tillf\u00e4llen.","breadcrumb":{"@id":"https:\/\/sumkcaps.com\/product\/sumkcaps-5-panel-3d-embroidery-canvas-trucker-hats\/#breadcrumb"},"inLanguage":"sv-SE","potentialAction":[{"@type":"ReadAction","target":["https:\/\/sumkcaps.com\/product\/sumkcaps-5-panel-3d-embroidery-canvas-trucker-hats\/"]}]},{"@type":"ImageObject","inLanguage":"sv-SE","@id":"https:\/\/sumkcaps.com\/product\/sumkcaps-5-panel-3d-embroidery-canvas-trucker-hats\/#primaryimage","url":"https:\/\/sumkcaps.com\/wp-content\/uploads\/2023\/09\/sumkcaps-5-panel-canvas-trucker-hats-1.jpg","contentUrl":"https:\/\/sumkcaps.com\/wp-content\/uploads\/2023\/09\/sumkcaps-5-panel-canvas-trucker-hats-1.jpg","width":750,"height":750,"caption":"Sumkcaps 5 Panel Canvas Trucker Hats 1"},{"@type":"BreadcrumbList","@id":"https:\/\/sumkcaps.com\/product\/sumkcaps-5-panel-3d-embroidery-canvas-trucker-hats\/#breadcrumb","itemListElement":[{"@type":"ListItem","position":1,"name":"Home","item":"https:\/\/sumkcaps.com\/"},{"@type":"ListItem","position":2,"name":"Products","item":"https:\/\/sumkcaps.com\/product\/"},{"@type":"ListItem","position":3,"name":"5 Panel 3D Embroidery Canvas Trucker Hats Wholesale"}]},{"@type":"WebSite","@id":"https:\/\/sumkcaps.com\/#website","url":"https:\/\/sumkcaps.com\/","name":"Sumkcaps - tillverkare och leverant\u00f6rer av originalhuvudbonader i Kina","description":"Vi \u00e4r China Cap And Hat Original Factory, vars huvudsakliga verksamhet \u00e4r att anpassa m\u00f6ssa och hatt som klient &amp; #03939; s LOGO. Vilken keps som helst, vilken kepsf\u00e4rg som helst, vilket antal som helst, vilket material som helst och antal \u00e4r inget problem. Med ett ord kan alla sm\u00e5 detaljer anpassas efter din beg\u00e4ran.","publisher":{"@id":"https:\/\/sumkcaps.com\/#organization"},"potentialAction":[{"@type":"SearchAction","target":{"@type":"EntryPoint","urlTemplate":"https:\/\/sumkcaps.com\/?s={search_term_string}"},"query-input":{"@type":"PropertyValueSpecification","valueRequired":true,"valueName":"search_term_string"}}],"inLanguage":"sv-SE"},{"@type":"Organization","@id":"https:\/\/sumkcaps.com\/#organization","name":"Sumkcaps - tillverkare och leverant\u00f6rer av originalhuvudbonader i Kina","url":"https:\/\/sumkcaps.com\/","logo":{"@type":"ImageObject","inLanguage":"sv-SE","@id":"https:\/\/sumkcaps.com\/#\/schema\/logo\/image\/","url":"https:\/\/sumkcaps.com\/wp-content\/uploads\/2025\/12\/1234.jpg","contentUrl":"https:\/\/sumkcaps.com\/wp-content\/uploads\/2025\/12\/1234.jpg","width":800,"height":800,"caption":"Sumkcaps-China Original Headwear Manufacturer and Suppliers"},"image":{"@id":"https:\/\/sumkcaps.com\/#\/schema\/logo\/image\/"},"sameAs":["https:\/\/www.facebook.com\/sumkcap","https:\/\/www.instagram.com\/sumkcaps7\/","https:\/\/www.pinterest.com\/sumkcapschina\/"]}]}},"taxonomy_info":{"product_cat":[{"value":693,"label":"Hat"},{"value":971,"label":"Embroidery Trucker Hats Wholesale"},{"value":942,"label":"5 Panel Trucker Hat"},{"value":943,"label":"Custom Embroidered 5 Panel Hats"}]},"featured_image_src_large":["https:\/\/sumkcaps.com\/wp-content\/uploads\/2023\/09\/sumkcaps-5-panel-canvas-trucker-hats-1.jpg",750,750,false],"author_info":[],"comment_info":"","_links":{"self":[{"href":"https:\/\/sumkcaps.com\/sv\/wp-json\/wp\/v2\/product\/23885","targetHints":{"allow":["GET"]}}],"collection":[{"href":"https:\/\/sumkcaps.com\/sv\/wp-json\/wp\/v2\/product"}],"about":[{"href":"https:\/\/sumkcaps.com\/sv\/wp-json\/wp\/v2\/types\/product"}],"wp:featuredmedia":[{"embeddable":true,"href":"https:\/\/sumkcaps.com\/sv\/wp-json\/wp\/v2\/media\/23886"}],"wp:attachment":[{"href":"https:\/\/sumkcaps.com\/sv\/wp-json\/wp\/v2\/media?parent=23885"}],"wp:term":[{"taxonomy":"product_brand","embeddable":true,"href":"https:\/\/sumkcaps.com\/sv\/wp-json\/wp\/v2\/product_brand?post=23885"},{"taxonomy":"product_cat","embeddable":true,"href":"https:\/\/sumkcaps.com\/sv\/wp-json\/wp\/v2\/product_cat?post=23885"},{"taxonomy":"product_tag","embeddable":true,"href":"https:\/\/sumkcaps.com\/sv\/wp-json\/wp\/v2\/product_tag?post=23885"}],"curies":[{"name":"wp","href":"https:\/\/api.w.org\/{rel}","templated":true}]}}