{"id":23742,"date":"2024-05-08T13:41:54","date_gmt":"2024-05-08T05:41:54","guid":{"rendered":"https:\/\/sumkcaps.com\/?post_type=product&#038;p=23742"},"modified":"2026-02-05T11:33:15","modified_gmt":"2026-02-05T03:33:15","slug":"golf-rope-hats","status":"publish","type":"product","link":"https:\/\/sumkcaps.com\/sv\/produkt\/golf-rep-hattar\/","title":{"rendered":"Golf Rope Hattar Brim Anpassad grossist"},"content":{"rendered":"<p class=\"p1\">Anpassad logotyp, broderi (3D eller 2D) eller patchlogotyp<\/p>\n<p class=\"p1\">\u25cf Vatten- och svettresistent nylon<\/p>\n<p class=\"p1\">\u25cf B\u00f6jd kant<\/p>\n<p class=\"p1\">\u25cf Semistrukturerad h\u00f6g profil<\/p>\n<p class=\"p1\">\u25cf Linor av fl\u00e4tad nylon<\/p>\n<p class=\"p1\">\u25cf Anpassad snapback-st\u00e4ngning<\/p>\n<p class=\"p1\">\u25cf 58cm Classic Fit<\/p>\n<p class=\"p1\">\u25cf 100% Svettband i bomull<\/p>\n<p class=\"p1\">\u25cf Inre svart n\u00e4tstruktur<\/p>","protected":false},"excerpt":{"rendered":"<p>\u25cf Egen logotyp, broderi (3D eller 2D) eller patchlogotyp \u25cf Vatten- och svettresistent nylon \u25cf Sv\u00e4ngd sk\u00e4rm \u25cf Halvstrukturerad h\u00f6g profil \u25cf Fl\u00e4tat nylonrep \u25cf Egen snapback-st\u00e4ngning \u25cf 58 cm klassisk passform \u25cf 100% svettband i bomull \u25cf Inre svart n\u00e4tstruktur<\/p>","protected":false},"featured_media":23800,"template":"","meta":{"_acf_changed":false,"_kad_blocks_custom_css":"","_kad_blocks_head_custom_js":"","_kad_blocks_body_custom_js":"","_kad_blocks_footer_custom_js":""},"product_brand":[],"product_cat":[751,939],"product_tag":[],"class_list":{"0":"post-23742","1":"product","2":"type-product","3":"status-publish","4":"has-post-thumbnail","6":"product_cat-rope-hat","7":"product_cat-custom-rope-bill-hats","9":"first","10":"outofstock","11":"shipping-taxable","12":"product-type-simple"},"acf":[],"yoast_head":"<!-- This site is optimized with the Yoast SEO Premium plugin v20.8 (Yoast SEO v25.9) - https:\/\/yoast.com\/wordpress\/plugins\/seo\/ -->\n<title>Custom Golf Rope Hats Chinese Hats Manufacturer | Sumkcaps<\/title>\n<meta name=\"description\" content=\"Sumkcaps is a leading premium headwear manufacturer. 200 Pieces minimum. BSCI Certification Factory. Competitive Prices. OEM &amp; ODM available.\" \/>\n<meta name=\"robots\" content=\"index, follow, max-snippet:-1, max-image-preview:large, max-video-preview:-1\" \/>\n<link rel=\"canonical\" href=\"https:\/\/sumkcaps.com\/sv\/produkt\/golf-rep-hattar\/\" \/>\n<meta property=\"og:locale\" content=\"sv_SE\" \/>\n<meta property=\"og:type\" content=\"article\" \/>\n<meta property=\"og:title\" content=\"Custom Golf Rope Hats Chinese Hats Manufacturer | Sumkcaps\" \/>\n<meta property=\"og:description\" content=\"Sumkcaps is a leading premium headwear manufacturer. 200 Pieces minimum. BSCI Certification Factory. Competitive Prices. OEM &amp; ODM available.\" \/>\n<meta property=\"og:url\" content=\"https:\/\/sumkcaps.com\/sv\/produkt\/golf-rep-hattar\/\" \/>\n<meta property=\"og:site_name\" content=\"Sumkcaps-China Original Headwear Manufacturer and Suppliers\" \/>\n<meta property=\"article:publisher\" content=\"https:\/\/www.facebook.com\/sumkcap\" \/>\n<meta property=\"article:modified_time\" content=\"2026-02-05T03:33:15+00:00\" \/>\n<meta property=\"og:image\" content=\"https:\/\/sumkcaps.com\/wp-content\/uploads\/2023\/08\/golf-rope-hats.jpg\" \/>\n\t<meta property=\"og:image:width\" content=\"750\" \/>\n\t<meta property=\"og:image:height\" content=\"750\" \/>\n\t<meta property=\"og:image:type\" content=\"image\/jpeg\" \/>\n<meta name=\"twitter:card\" content=\"summary_large_image\" \/>\n<meta name=\"twitter:title\" content=\"Custom Golf Rope Hats Chinese Hats Manufacturer | Sumkcaps\" \/>\n<meta name=\"twitter:description\" content=\"Sumkcaps is a leading premium headwear manufacturer. 200 Pieces minimum. BSCI Certification Factory. Competitive Prices. OEM &amp; ODM available.\" \/>\n<meta name=\"twitter:label1\" content=\"Ber\u00e4knad l\u00e4stid\" \/>\n\t<meta name=\"twitter:data1\" content=\"1 minut\" \/>\n<script type=\"application\/ld+json\" class=\"yoast-schema-graph\">{\"@context\":\"https:\/\/schema.org\",\"@graph\":[{\"@type\":\"WebPage\",\"@id\":\"https:\/\/sumkcaps.com\/product\/golf-rope-hats\/\",\"url\":\"https:\/\/sumkcaps.com\/product\/golf-rope-hats\/\",\"name\":\"Custom Golf Rope Hats Chinese Hats Manufacturer | Sumkcaps\",\"isPartOf\":{\"@id\":\"https:\/\/sumkcaps.com\/#website\"},\"primaryImageOfPage\":{\"@id\":\"https:\/\/sumkcaps.com\/product\/golf-rope-hats\/#primaryimage\"},\"image\":{\"@id\":\"https:\/\/sumkcaps.com\/product\/golf-rope-hats\/#primaryimage\"},\"thumbnailUrl\":\"https:\/\/sumkcaps.com\/wp-content\/uploads\/2023\/08\/golf-rope-hats.jpg\",\"datePublished\":\"2024-05-08T05:41:54+00:00\",\"dateModified\":\"2026-02-05T03:33:15+00:00\",\"description\":\"Sumkcaps is a leading premium headwear manufacturer. 200 Pieces minimum. BSCI Certification Factory. Competitive Prices. OEM & ODM available.\",\"breadcrumb\":{\"@id\":\"https:\/\/sumkcaps.com\/product\/golf-rope-hats\/#breadcrumb\"},\"inLanguage\":\"sv-SE\",\"potentialAction\":[{\"@type\":\"ReadAction\",\"target\":[\"https:\/\/sumkcaps.com\/product\/golf-rope-hats\/\"]}]},{\"@type\":\"ImageObject\",\"inLanguage\":\"sv-SE\",\"@id\":\"https:\/\/sumkcaps.com\/product\/golf-rope-hats\/#primaryimage\",\"url\":\"https:\/\/sumkcaps.com\/wp-content\/uploads\/2023\/08\/golf-rope-hats.jpg\",\"contentUrl\":\"https:\/\/sumkcaps.com\/wp-content\/uploads\/2023\/08\/golf-rope-hats.jpg\",\"width\":750,\"height\":750,\"caption\":\"Golf Rope Hats\"},{\"@type\":\"BreadcrumbList\",\"@id\":\"https:\/\/sumkcaps.com\/product\/golf-rope-hats\/#breadcrumb\",\"itemListElement\":[{\"@type\":\"ListItem\",\"position\":1,\"name\":\"Home\",\"item\":\"https:\/\/sumkcaps.com\/\"},{\"@type\":\"ListItem\",\"position\":2,\"name\":\"Products\",\"item\":\"https:\/\/sumkcaps.com\/product\/\"},{\"@type\":\"ListItem\",\"position\":3,\"name\":\"Golf Rope Hats Brim Custom Wholesale\"}]},{\"@type\":\"WebSite\",\"@id\":\"https:\/\/sumkcaps.com\/#website\",\"url\":\"https:\/\/sumkcaps.com\/\",\"name\":\"Sumkcaps-China Original Headwear Manufacturer and Suppliers\",\"description\":\"We are China Cap And Hat Original Factory, whose main business is to custom cap and hat as client&#039;s LOGO. Any cap style, any cap color, any qty, any material and qty is no problem. In one words, any small details can be customized as your request.\",\"publisher\":{\"@id\":\"https:\/\/sumkcaps.com\/#organization\"},\"potentialAction\":[{\"@type\":\"SearchAction\",\"target\":{\"@type\":\"EntryPoint\",\"urlTemplate\":\"https:\/\/sumkcaps.com\/?s={search_term_string}\"},\"query-input\":{\"@type\":\"PropertyValueSpecification\",\"valueRequired\":true,\"valueName\":\"search_term_string\"}}],\"inLanguage\":\"sv-SE\"},{\"@type\":\"Organization\",\"@id\":\"https:\/\/sumkcaps.com\/#organization\",\"name\":\"Sumkcaps-China Original Headwear Manufacturer and Suppliers\",\"url\":\"https:\/\/sumkcaps.com\/\",\"logo\":{\"@type\":\"ImageObject\",\"inLanguage\":\"sv-SE\",\"@id\":\"https:\/\/sumkcaps.com\/#\/schema\/logo\/image\/\",\"url\":\"https:\/\/sumkcaps.com\/wp-content\/uploads\/2025\/12\/1234.jpg\",\"contentUrl\":\"https:\/\/sumkcaps.com\/wp-content\/uploads\/2025\/12\/1234.jpg\",\"width\":800,\"height\":800,\"caption\":\"Sumkcaps-China Original Headwear Manufacturer and Suppliers\"},\"image\":{\"@id\":\"https:\/\/sumkcaps.com\/#\/schema\/logo\/image\/\"},\"sameAs\":[\"https:\/\/www.facebook.com\/sumkcap\",\"https:\/\/www.instagram.com\/sumkcaps7\/\",\"https:\/\/www.pinterest.com\/sumkcapschina\/\"]}]}<\/script>\n<!-- \/ Yoast SEO Premium plugin. -->","yoast_head_json":{"title":"Anpassade golf rep hattar kinesiska hattar tillverkare | Sumkcaps","description":"Sumkcaps \u00e4r en ledande tillverkare av huvudbonader i premiumsegmentet. 200 stycken minimum. BSCI-certifieringsfabrik. Konkurrenskraftiga priser. OEM &amp; ODM tillg\u00e4nglig.","robots":{"index":"index","follow":"follow","max-snippet":"max-snippet:-1","max-image-preview":"max-image-preview:large","max-video-preview":"max-video-preview:-1"},"canonical":"https:\/\/sumkcaps.com\/sv\/produkt\/golf-rep-hattar\/","og_locale":"sv_SE","og_type":"article","og_title":"Custom Golf Rope Hats Chinese Hats Manufacturer | Sumkcaps","og_description":"Sumkcaps is a leading premium headwear manufacturer. 200 Pieces minimum. BSCI Certification Factory. Competitive Prices. OEM & ODM available.","og_url":"https:\/\/sumkcaps.com\/sv\/produkt\/golf-rep-hattar\/","og_site_name":"Sumkcaps-China Original Headwear Manufacturer and Suppliers","article_publisher":"https:\/\/www.facebook.com\/sumkcap","article_modified_time":"2026-02-05T03:33:15+00:00","og_image":[{"width":750,"height":750,"url":"https:\/\/sumkcaps.com\/wp-content\/uploads\/2023\/08\/golf-rope-hats.jpg","type":"image\/jpeg"}],"twitter_card":"summary_large_image","twitter_title":"Custom Golf Rope Hats Chinese Hats Manufacturer | Sumkcaps","twitter_description":"Sumkcaps is a leading premium headwear manufacturer. 200 Pieces minimum. BSCI Certification Factory. Competitive Prices. OEM & ODM available.","twitter_misc":{"Ber\u00e4knad l\u00e4stid":"1 minut"},"schema":{"@context":"https:\/\/schema.org","@graph":[{"@type":"WebPage","@id":"https:\/\/sumkcaps.com\/product\/golf-rope-hats\/","url":"https:\/\/sumkcaps.com\/product\/golf-rope-hats\/","name":"Anpassade golf rep hattar kinesiska hattar tillverkare | Sumkcaps","isPartOf":{"@id":"https:\/\/sumkcaps.com\/#website"},"primaryImageOfPage":{"@id":"https:\/\/sumkcaps.com\/product\/golf-rope-hats\/#primaryimage"},"image":{"@id":"https:\/\/sumkcaps.com\/product\/golf-rope-hats\/#primaryimage"},"thumbnailUrl":"https:\/\/sumkcaps.com\/wp-content\/uploads\/2023\/08\/golf-rope-hats.jpg","datePublished":"2024-05-08T05:41:54+00:00","dateModified":"2026-02-05T03:33:15+00:00","description":"Sumkcaps \u00e4r en ledande tillverkare av huvudbonader i premiumsegmentet. 200 stycken minimum. BSCI-certifieringsfabrik. Konkurrenskraftiga priser. OEM &amp; ODM tillg\u00e4nglig.","breadcrumb":{"@id":"https:\/\/sumkcaps.com\/product\/golf-rope-hats\/#breadcrumb"},"inLanguage":"sv-SE","potentialAction":[{"@type":"ReadAction","target":["https:\/\/sumkcaps.com\/product\/golf-rope-hats\/"]}]},{"@type":"ImageObject","inLanguage":"sv-SE","@id":"https:\/\/sumkcaps.com\/product\/golf-rope-hats\/#primaryimage","url":"https:\/\/sumkcaps.com\/wp-content\/uploads\/2023\/08\/golf-rope-hats.jpg","contentUrl":"https:\/\/sumkcaps.com\/wp-content\/uploads\/2023\/08\/golf-rope-hats.jpg","width":750,"height":750,"caption":"Golf Rope Hats"},{"@type":"BreadcrumbList","@id":"https:\/\/sumkcaps.com\/product\/golf-rope-hats\/#breadcrumb","itemListElement":[{"@type":"ListItem","position":1,"name":"Home","item":"https:\/\/sumkcaps.com\/"},{"@type":"ListItem","position":2,"name":"Products","item":"https:\/\/sumkcaps.com\/product\/"},{"@type":"ListItem","position":3,"name":"Golf Rope Hats Brim Custom Wholesale"}]},{"@type":"WebSite","@id":"https:\/\/sumkcaps.com\/#website","url":"https:\/\/sumkcaps.com\/","name":"Sumkcaps - tillverkare och leverant\u00f6rer av originalhuvudbonader i Kina","description":"Vi \u00e4r China Cap And Hat Original Factory, vars huvudsakliga verksamhet \u00e4r att anpassa m\u00f6ssa och hatt som klient &amp; #03939; s LOGO. Vilken keps som helst, vilken kepsf\u00e4rg som helst, vilket antal som helst, vilket material som helst och antal \u00e4r inget problem. Med ett ord kan alla sm\u00e5 detaljer anpassas efter din beg\u00e4ran.","publisher":{"@id":"https:\/\/sumkcaps.com\/#organization"},"potentialAction":[{"@type":"SearchAction","target":{"@type":"EntryPoint","urlTemplate":"https:\/\/sumkcaps.com\/?s={search_term_string}"},"query-input":{"@type":"PropertyValueSpecification","valueRequired":true,"valueName":"search_term_string"}}],"inLanguage":"sv-SE"},{"@type":"Organization","@id":"https:\/\/sumkcaps.com\/#organization","name":"Sumkcaps - tillverkare och leverant\u00f6rer av originalhuvudbonader i Kina","url":"https:\/\/sumkcaps.com\/","logo":{"@type":"ImageObject","inLanguage":"sv-SE","@id":"https:\/\/sumkcaps.com\/#\/schema\/logo\/image\/","url":"https:\/\/sumkcaps.com\/wp-content\/uploads\/2025\/12\/1234.jpg","contentUrl":"https:\/\/sumkcaps.com\/wp-content\/uploads\/2025\/12\/1234.jpg","width":800,"height":800,"caption":"Sumkcaps-China Original Headwear Manufacturer and Suppliers"},"image":{"@id":"https:\/\/sumkcaps.com\/#\/schema\/logo\/image\/"},"sameAs":["https:\/\/www.facebook.com\/sumkcap","https:\/\/www.instagram.com\/sumkcaps7\/","https:\/\/www.pinterest.com\/sumkcapschina\/"]}]}},"taxonomy_info":{"product_cat":[{"value":751,"label":"Rope Hat Wholesale"},{"value":939,"label":"Hats With Rope On Bill Wholesale"}]},"featured_image_src_large":["https:\/\/sumkcaps.com\/wp-content\/uploads\/2023\/08\/golf-rope-hats.jpg",750,750,false],"author_info":[],"comment_info":"","_links":{"self":[{"href":"https:\/\/sumkcaps.com\/sv\/wp-json\/wp\/v2\/product\/23742","targetHints":{"allow":["GET"]}}],"collection":[{"href":"https:\/\/sumkcaps.com\/sv\/wp-json\/wp\/v2\/product"}],"about":[{"href":"https:\/\/sumkcaps.com\/sv\/wp-json\/wp\/v2\/types\/product"}],"wp:featuredmedia":[{"embeddable":true,"href":"https:\/\/sumkcaps.com\/sv\/wp-json\/wp\/v2\/media\/23800"}],"wp:attachment":[{"href":"https:\/\/sumkcaps.com\/sv\/wp-json\/wp\/v2\/media?parent=23742"}],"wp:term":[{"taxonomy":"product_brand","embeddable":true,"href":"https:\/\/sumkcaps.com\/sv\/wp-json\/wp\/v2\/product_brand?post=23742"},{"taxonomy":"product_cat","embeddable":true,"href":"https:\/\/sumkcaps.com\/sv\/wp-json\/wp\/v2\/product_cat?post=23742"},{"taxonomy":"product_tag","embeddable":true,"href":"https:\/\/sumkcaps.com\/sv\/wp-json\/wp\/v2\/product_tag?post=23742"}],"curies":[{"name":"wp","href":"https:\/\/api.w.org\/{rel}","templated":true}]}}