{"id":23377,"date":"2023-08-03T14:32:59","date_gmt":"2023-08-03T06:32:59","guid":{"rendered":"https:\/\/sumkcaps.com\/?post_type=product&#038;p=23377"},"modified":"2024-03-27T16:10:39","modified_gmt":"2024-03-27T08:10:39","slug":"sumk-maroon-white-rope-hats","status":"publish","type":"product","link":"https:\/\/sumkcaps.com\/sv\/produkt\/sumk-rodbrun-vit-rep-hattar\/","title":{"rendered":"Sumk Maroon White Rope Hattar"},"content":{"rendered":"","protected":false},"excerpt":{"rendered":"<p>Blank Rope Hats \u00e4r de mest popul\u00e4ra nylonrephattarna, som ocks\u00e5 kan l\u00e4gga till din egen logotyp.<\/p>","protected":false},"featured_media":23378,"template":"","meta":{"_acf_changed":false,"_kad_blocks_custom_css":"","_kad_blocks_head_custom_js":"","_kad_blocks_body_custom_js":"","_kad_blocks_footer_custom_js":""},"product_brand":[],"product_cat":[751],"product_tag":[],"class_list":{"0":"post-23377","1":"product","2":"type-product","3":"status-publish","4":"has-post-thumbnail","6":"product_cat-rope-hat","8":"first","9":"outofstock","10":"shipping-taxable","11":"product-type-simple"},"acf":[],"yoast_head":"<!-- This site is optimized with the Yoast SEO Premium plugin v20.8 (Yoast SEO v25.9) - https:\/\/yoast.com\/wordpress\/plugins\/seo\/ -->\n<title>Custom Rope Hats Supplier &amp; Manufactuer | OEM &amp; ODM Avaible<\/title>\n<meta name=\"description\" content=\"Sumkcaps\u00a0is\u00a0a\u00a0professional\u00a0custom Rope hat Hat\u00a0manufacturer\u00a0and\u00a0supplier in\u00a0headwear.\u00a0We\u00a0have\u00a030+\u00a0Years\u00a0Oem&amp;ODM\u00a0experience. 100pcs moq.\" \/>\n<meta name=\"robots\" content=\"index, follow, max-snippet:-1, max-image-preview:large, max-video-preview:-1\" \/>\n<link rel=\"canonical\" href=\"https:\/\/sumkcaps.com\/sv\/produkt\/sumk-rodbrun-vit-rep-hattar\/\" \/>\n<meta property=\"og:locale\" content=\"sv_SE\" \/>\n<meta property=\"og:type\" content=\"article\" \/>\n<meta property=\"og:title\" content=\"Custom Rope Hats Supplier &amp; Manufactuer | OEM &amp; ODM Avaible\" \/>\n<meta property=\"og:description\" content=\"Sumkcaps\u00a0is\u00a0a\u00a0professional\u00a0custom Rope hat Hat\u00a0manufacturer\u00a0and\u00a0supplier in\u00a0headwear.\u00a0We\u00a0have\u00a030+\u00a0Years\u00a0Oem&amp;ODM\u00a0experience. 100pcs moq.\" \/>\n<meta property=\"og:url\" content=\"https:\/\/sumkcaps.com\/sv\/produkt\/sumk-rodbrun-vit-rep-hattar\/\" \/>\n<meta property=\"og:site_name\" content=\"Sumkcaps-China Original Headwear Manufacturer and Suppliers\" \/>\n<meta property=\"article:publisher\" content=\"https:\/\/www.facebook.com\/sumkcap\" \/>\n<meta property=\"article:modified_time\" content=\"2024-03-27T08:10:39+00:00\" \/>\n<meta property=\"og:image\" content=\"https:\/\/sumkcaps.com\/wp-content\/uploads\/2023\/08\/white-maroon-rope-hats-1-1.jpg\" \/>\n\t<meta property=\"og:image:width\" content=\"750\" \/>\n\t<meta property=\"og:image:height\" content=\"750\" \/>\n\t<meta property=\"og:image:type\" content=\"image\/jpeg\" \/>\n<meta name=\"twitter:card\" content=\"summary_large_image\" \/>\n<meta name=\"twitter:title\" content=\"Custom Rope Hats Supplier &amp; Manufactuer | OEM &amp; ODM Avaible\" \/>\n<meta name=\"twitter:description\" content=\"Sumkcaps\u00a0is\u00a0a\u00a0professional\u00a0custom Rope hat Hat\u00a0manufacturer\u00a0and\u00a0supplier in\u00a0headwear.\u00a0We\u00a0have\u00a030+\u00a0Years\u00a0Oem&amp;ODM\u00a0experience. 100pcs moq.\" \/>\n<script type=\"application\/ld+json\" class=\"yoast-schema-graph\">{\"@context\":\"https:\/\/schema.org\",\"@graph\":[{\"@type\":\"WebPage\",\"@id\":\"https:\/\/sumkcaps.com\/product\/sumk-maroon-white-rope-hats\/\",\"url\":\"https:\/\/sumkcaps.com\/product\/sumk-maroon-white-rope-hats\/\",\"name\":\"Custom Rope Hats Supplier & Manufactuer | OEM & ODM Avaible\",\"isPartOf\":{\"@id\":\"https:\/\/sumkcaps.com\/#website\"},\"primaryImageOfPage\":{\"@id\":\"https:\/\/sumkcaps.com\/product\/sumk-maroon-white-rope-hats\/#primaryimage\"},\"image\":{\"@id\":\"https:\/\/sumkcaps.com\/product\/sumk-maroon-white-rope-hats\/#primaryimage\"},\"thumbnailUrl\":\"https:\/\/sumkcaps.com\/wp-content\/uploads\/2023\/08\/white-maroon-rope-hats-1-1.jpg\",\"datePublished\":\"2023-08-03T06:32:59+00:00\",\"dateModified\":\"2024-03-27T08:10:39+00:00\",\"description\":\"Sumkcaps\u00a0is\u00a0a\u00a0professional\u00a0custom Rope hat Hat\u00a0manufacturer\u00a0and\u00a0supplier in\u00a0headwear.\u00a0We\u00a0have\u00a030+\u00a0Years\u00a0Oem&ODM\u00a0experience. 100pcs moq.\",\"breadcrumb\":{\"@id\":\"https:\/\/sumkcaps.com\/product\/sumk-maroon-white-rope-hats\/#breadcrumb\"},\"inLanguage\":\"sv-SE\",\"potentialAction\":[{\"@type\":\"ReadAction\",\"target\":[\"https:\/\/sumkcaps.com\/product\/sumk-maroon-white-rope-hats\/\"]}]},{\"@type\":\"ImageObject\",\"inLanguage\":\"sv-SE\",\"@id\":\"https:\/\/sumkcaps.com\/product\/sumk-maroon-white-rope-hats\/#primaryimage\",\"url\":\"https:\/\/sumkcaps.com\/wp-content\/uploads\/2023\/08\/white-maroon-rope-hats-1-1.jpg\",\"contentUrl\":\"https:\/\/sumkcaps.com\/wp-content\/uploads\/2023\/08\/white-maroon-rope-hats-1-1.jpg\",\"width\":750,\"height\":750},{\"@type\":\"BreadcrumbList\",\"@id\":\"https:\/\/sumkcaps.com\/product\/sumk-maroon-white-rope-hats\/#breadcrumb\",\"itemListElement\":[{\"@type\":\"ListItem\",\"position\":1,\"name\":\"Home\",\"item\":\"https:\/\/sumkcaps.com\/\"},{\"@type\":\"ListItem\",\"position\":2,\"name\":\"Products\",\"item\":\"https:\/\/sumkcaps.com\/product\/\"},{\"@type\":\"ListItem\",\"position\":3,\"name\":\"Sumk Maroon White Rope Hats\"}]},{\"@type\":\"WebSite\",\"@id\":\"https:\/\/sumkcaps.com\/#website\",\"url\":\"https:\/\/sumkcaps.com\/\",\"name\":\"Sumkcaps-China Original Headwear Manufacturer and Suppliers\",\"description\":\"We are China Cap And Hat Original Factory, whose main business is to custom cap and hat as client&#039;s LOGO. Any cap style, any cap color, any qty, any material and qty is no problem. In one words, any small details can be customized as your request.\",\"publisher\":{\"@id\":\"https:\/\/sumkcaps.com\/#organization\"},\"potentialAction\":[{\"@type\":\"SearchAction\",\"target\":{\"@type\":\"EntryPoint\",\"urlTemplate\":\"https:\/\/sumkcaps.com\/?s={search_term_string}\"},\"query-input\":{\"@type\":\"PropertyValueSpecification\",\"valueRequired\":true,\"valueName\":\"search_term_string\"}}],\"inLanguage\":\"sv-SE\"},{\"@type\":\"Organization\",\"@id\":\"https:\/\/sumkcaps.com\/#organization\",\"name\":\"Sumkcaps-China Original Headwear Manufacturer and Suppliers\",\"url\":\"https:\/\/sumkcaps.com\/\",\"logo\":{\"@type\":\"ImageObject\",\"inLanguage\":\"sv-SE\",\"@id\":\"https:\/\/sumkcaps.com\/#\/schema\/logo\/image\/\",\"url\":\"https:\/\/sumkcaps.com\/wp-content\/uploads\/2025\/12\/1234.jpg\",\"contentUrl\":\"https:\/\/sumkcaps.com\/wp-content\/uploads\/2025\/12\/1234.jpg\",\"width\":800,\"height\":800,\"caption\":\"Sumkcaps-China Original Headwear Manufacturer and Suppliers\"},\"image\":{\"@id\":\"https:\/\/sumkcaps.com\/#\/schema\/logo\/image\/\"},\"sameAs\":[\"https:\/\/www.facebook.com\/sumkcap\",\"https:\/\/www.instagram.com\/sumkcaps7\/\",\"https:\/\/www.pinterest.com\/sumkcapschina\/\"]}]}<\/script>\n<!-- \/ Yoast SEO Premium plugin. -->","yoast_head_json":{"title":"Anpassad rep hattar leverant\u00f6r och tillverkare | OEM &amp; ODM Avaible","description":"Sumkcaps \u00e4r en professionell anpassad Rope hat Hat Tillverkare och leverant\u00f6r av huvudbonader. Vi har 30+ \u00e5rs Oem&amp;ODM-erfarenhet. 100st moq.","robots":{"index":"index","follow":"follow","max-snippet":"max-snippet:-1","max-image-preview":"max-image-preview:large","max-video-preview":"max-video-preview:-1"},"canonical":"https:\/\/sumkcaps.com\/sv\/produkt\/sumk-rodbrun-vit-rep-hattar\/","og_locale":"sv_SE","og_type":"article","og_title":"Custom Rope Hats Supplier & Manufactuer | OEM & ODM Avaible","og_description":"Sumkcaps\u00a0is\u00a0a\u00a0professional\u00a0custom Rope hat Hat\u00a0manufacturer\u00a0and\u00a0supplier in\u00a0headwear.\u00a0We\u00a0have\u00a030+\u00a0Years\u00a0Oem&ODM\u00a0experience. 100pcs moq.","og_url":"https:\/\/sumkcaps.com\/sv\/produkt\/sumk-rodbrun-vit-rep-hattar\/","og_site_name":"Sumkcaps-China Original Headwear Manufacturer and Suppliers","article_publisher":"https:\/\/www.facebook.com\/sumkcap","article_modified_time":"2024-03-27T08:10:39+00:00","og_image":[{"width":750,"height":750,"url":"https:\/\/sumkcaps.com\/wp-content\/uploads\/2023\/08\/white-maroon-rope-hats-1-1.jpg","type":"image\/jpeg"}],"twitter_card":"summary_large_image","twitter_title":"Custom Rope Hats Supplier & Manufactuer | OEM & ODM Avaible","twitter_description":"Sumkcaps\u00a0is\u00a0a\u00a0professional\u00a0custom Rope hat Hat\u00a0manufacturer\u00a0and\u00a0supplier in\u00a0headwear.\u00a0We\u00a0have\u00a030+\u00a0Years\u00a0Oem&ODM\u00a0experience. 100pcs moq.","schema":{"@context":"https:\/\/schema.org","@graph":[{"@type":"WebPage","@id":"https:\/\/sumkcaps.com\/product\/sumk-maroon-white-rope-hats\/","url":"https:\/\/sumkcaps.com\/product\/sumk-maroon-white-rope-hats\/","name":"Anpassad rep hattar leverant\u00f6r och tillverkare | OEM &amp; ODM Avaible","isPartOf":{"@id":"https:\/\/sumkcaps.com\/#website"},"primaryImageOfPage":{"@id":"https:\/\/sumkcaps.com\/product\/sumk-maroon-white-rope-hats\/#primaryimage"},"image":{"@id":"https:\/\/sumkcaps.com\/product\/sumk-maroon-white-rope-hats\/#primaryimage"},"thumbnailUrl":"https:\/\/sumkcaps.com\/wp-content\/uploads\/2023\/08\/white-maroon-rope-hats-1-1.jpg","datePublished":"2023-08-03T06:32:59+00:00","dateModified":"2024-03-27T08:10:39+00:00","description":"Sumkcaps \u00e4r en professionell anpassad Rope hat Hat Tillverkare och leverant\u00f6r av huvudbonader. Vi har 30+ \u00e5rs Oem&amp;ODM-erfarenhet. 100st moq.","breadcrumb":{"@id":"https:\/\/sumkcaps.com\/product\/sumk-maroon-white-rope-hats\/#breadcrumb"},"inLanguage":"sv-SE","potentialAction":[{"@type":"ReadAction","target":["https:\/\/sumkcaps.com\/product\/sumk-maroon-white-rope-hats\/"]}]},{"@type":"ImageObject","inLanguage":"sv-SE","@id":"https:\/\/sumkcaps.com\/product\/sumk-maroon-white-rope-hats\/#primaryimage","url":"https:\/\/sumkcaps.com\/wp-content\/uploads\/2023\/08\/white-maroon-rope-hats-1-1.jpg","contentUrl":"https:\/\/sumkcaps.com\/wp-content\/uploads\/2023\/08\/white-maroon-rope-hats-1-1.jpg","width":750,"height":750},{"@type":"BreadcrumbList","@id":"https:\/\/sumkcaps.com\/product\/sumk-maroon-white-rope-hats\/#breadcrumb","itemListElement":[{"@type":"ListItem","position":1,"name":"Home","item":"https:\/\/sumkcaps.com\/"},{"@type":"ListItem","position":2,"name":"Products","item":"https:\/\/sumkcaps.com\/product\/"},{"@type":"ListItem","position":3,"name":"Sumk Maroon White Rope Hats"}]},{"@type":"WebSite","@id":"https:\/\/sumkcaps.com\/#website","url":"https:\/\/sumkcaps.com\/","name":"Sumkcaps - tillverkare och leverant\u00f6rer av originalhuvudbonader i Kina","description":"Vi \u00e4r China Cap And Hat Original Factory, vars huvudsakliga verksamhet \u00e4r att anpassa m\u00f6ssa och hatt som klient &amp; #03939; s LOGO. Vilken keps som helst, vilken kepsf\u00e4rg som helst, vilket antal som helst, vilket material som helst och antal \u00e4r inget problem. Med ett ord kan alla sm\u00e5 detaljer anpassas efter din beg\u00e4ran.","publisher":{"@id":"https:\/\/sumkcaps.com\/#organization"},"potentialAction":[{"@type":"SearchAction","target":{"@type":"EntryPoint","urlTemplate":"https:\/\/sumkcaps.com\/?s={search_term_string}"},"query-input":{"@type":"PropertyValueSpecification","valueRequired":true,"valueName":"search_term_string"}}],"inLanguage":"sv-SE"},{"@type":"Organization","@id":"https:\/\/sumkcaps.com\/#organization","name":"Sumkcaps - tillverkare och leverant\u00f6rer av originalhuvudbonader i Kina","url":"https:\/\/sumkcaps.com\/","logo":{"@type":"ImageObject","inLanguage":"sv-SE","@id":"https:\/\/sumkcaps.com\/#\/schema\/logo\/image\/","url":"https:\/\/sumkcaps.com\/wp-content\/uploads\/2025\/12\/1234.jpg","contentUrl":"https:\/\/sumkcaps.com\/wp-content\/uploads\/2025\/12\/1234.jpg","width":800,"height":800,"caption":"Sumkcaps-China Original Headwear Manufacturer and Suppliers"},"image":{"@id":"https:\/\/sumkcaps.com\/#\/schema\/logo\/image\/"},"sameAs":["https:\/\/www.facebook.com\/sumkcap","https:\/\/www.instagram.com\/sumkcaps7\/","https:\/\/www.pinterest.com\/sumkcapschina\/"]}]}},"taxonomy_info":{"product_cat":[{"value":751,"label":"Rope Hat Wholesale"}]},"featured_image_src_large":["https:\/\/sumkcaps.com\/wp-content\/uploads\/2023\/08\/white-maroon-rope-hats-1-1.jpg",750,750,false],"author_info":[],"comment_info":"","_links":{"self":[{"href":"https:\/\/sumkcaps.com\/sv\/wp-json\/wp\/v2\/product\/23377","targetHints":{"allow":["GET"]}}],"collection":[{"href":"https:\/\/sumkcaps.com\/sv\/wp-json\/wp\/v2\/product"}],"about":[{"href":"https:\/\/sumkcaps.com\/sv\/wp-json\/wp\/v2\/types\/product"}],"wp:featuredmedia":[{"embeddable":true,"href":"https:\/\/sumkcaps.com\/sv\/wp-json\/wp\/v2\/media\/23378"}],"wp:attachment":[{"href":"https:\/\/sumkcaps.com\/sv\/wp-json\/wp\/v2\/media?parent=23377"}],"wp:term":[{"taxonomy":"product_brand","embeddable":true,"href":"https:\/\/sumkcaps.com\/sv\/wp-json\/wp\/v2\/product_brand?post=23377"},{"taxonomy":"product_cat","embeddable":true,"href":"https:\/\/sumkcaps.com\/sv\/wp-json\/wp\/v2\/product_cat?post=23377"},{"taxonomy":"product_tag","embeddable":true,"href":"https:\/\/sumkcaps.com\/sv\/wp-json\/wp\/v2\/product_tag?post=23377"}],"curies":[{"name":"wp","href":"https:\/\/api.w.org\/{rel}","templated":true}]}}