{"id":20261,"date":"2022-11-14T16:45:56","date_gmt":"2022-11-14T08:45:56","guid":{"rendered":"https:\/\/sumkcaps.com\/?post_type=product&#038;p=20261"},"modified":"2025-07-09T14:24:01","modified_gmt":"2025-07-09T06:24:01","slug":"sufox-231329-custom-six-panel-woven-patch-black-trucker-hat","status":"publish","type":"product","link":"https:\/\/sumkcaps.com\/sv\/produkt\/sufox-231329-custom-six-panel-woven-patch-svart-truckerhatt\/","title":{"rendered":"Anpassad sexpanel v\u00e4vd patch svart truckerhatt grossist"},"content":{"rendered":"<h2>F\u00e4rg<\/h2>\n<p>Custom Six Panel Woven Patch Black Trucker Hat presenteras i en klassisk svart f\u00e4rg och erbjuder en m\u00e5ngsidig och elegant accessoar som passar alla kl\u00e4der. Hattens eleganta svarta design f\u00f6rst\u00e4rks av en distinkt v\u00e4vd patch, vilket ger en touch av sofistikering.<\/p>\n<h2>Material<\/h2>\n<p>Dessa truckerhattar \u00e4r tillverkade av polyester och mesh av h\u00f6gsta kvalitet, vilket ger h\u00e5llbarhet och andningsf\u00f6rm\u00e5ga. Framtill finns en omsorgsfullt v\u00e4vd patch som ger b\u00e5de komfort och l\u00e5ng livsl\u00e4ngd.<\/p>\n<h2>Till\u00e4mpningsscenario<\/h2>\n<p>Custom Six Panel Woven Patch Black Trucker Hat \u00e4r perfekt f\u00f6r fritidskl\u00e4der, f\u00f6retagsevenemang och reklamaktiviteter och kombinerar funktionalitet och mode. Designen med sex paneler garanterar en bekv\u00e4m passform, vilket g\u00f6r den till ett perfekt val f\u00f6r laguniformer, varum\u00e4rkesevenemang och vardagsbruk.<\/p>\n<h2>Material som kan produceras<\/h2>\n<p>Vi tillverkar dessa Custom Trucker Hats med hj\u00e4lp av h\u00f6gkvalitativa polyester- och n\u00e4tmaterial. Den v\u00e4vda lappen \u00e4r utformad f\u00f6r att f\u00f6rbli intakt genom regelbunden anv\u00e4ndning, vilket s\u00e4kerst\u00e4ller att ditt varum\u00e4rkes logotyp f\u00f6rblir framtr\u00e4dande och snygg \u00f6ver tiden.<\/p>\n<h2>Anpassad logotyp<\/h2>\n<p>Anpassa din Custom Six Panel Woven Patch Black Trucker Hat med din unika logotyp eller design. Den v\u00e4vda lappen m\u00f6jligg\u00f6r detaljerade och invecklade logotyper, vilket g\u00f6r den perfekt f\u00f6r varum\u00e4rkes- och reklam\u00e4ndam\u00e5l. F\u00f6rb\u00e4ttra ditt varum\u00e4rkes synlighet med v\u00e5ra h\u00f6gkvalitativa anpassade hattar.<\/p>\n<h2>Om Sumkcaps<\/h2>\n<p>Med \u00f6ver 20 \u00e5rs erfarenhet av hatttillverkning erbjuder Sumkcaps l\u00e5ga minsta orderkvantiteter och kostnadseffektiva anpassade grossisttj\u00e4nster. V\u00e5rt engagemang f\u00f6r kvalitet och kundn\u00f6jdhet s\u00e4kerst\u00e4ller att du f\u00e5r de finaste Custom Six Panel Woven Patch Black Trucker Hats. Lita p\u00e5 Sumkcaps f\u00f6r att f\u00f6rb\u00e4ttra ditt varum\u00e4rke med v\u00e5ra exceptionella, anpassningsbara hattar.<\/p>","protected":false},"excerpt":{"rendered":"<div class=\"flex flex-grow flex-col max-w-full\">\n<div class=\"min-h-[20px] text-message flex flex-col items-start whitespace-pre-wrap break-words [.text-message+&amp;]:mt-5 juice:w-full juice:items-end overflow-x-auto gap-2\" dir=\"auto\" data-message-author-role=\"assistant\" data-message-id=\"8b7c2f09-52c7-4daf-9a79-aca5bcdd9ac6\">\n<div class=\"flex w-full flex-col gap-1 juice:empty:hidden juice:first:pt-[3px]\">\n<div class=\"markdown prose w-full break-words dark:prose-invert light\">\n<p>P\u00e5 Sumkcaps anv\u00e4nder vi avancerade produktionstekniker och material av h\u00f6gsta kvalitet f\u00f6r att skapa Custom Six Panel Woven Patch Black Trucker Hats. V\u00e5ra hattar tillverkas med precision, vilket garanterar h\u00e5llbarhet och komfort. Vi anv\u00e4nder premium polyester och andningsbart n\u00e4t f\u00f6r kroppen, medan de v\u00e4vda lapparna \u00e4r utformade med noggrann uppm\u00e4rksamhet p\u00e5 detaljer. Varje m\u00f6ssa genomg\u00e5r rigor\u00f6s kvalitetskontroll f\u00f6r att uppfylla v\u00e5ra h\u00f6ga standarder, vilket s\u00e4kerst\u00e4ller att din anpassade logotyp sticker ut med oklanderlig detalj. Sumkcaps erbjuder flexibilitet i produktionen och tillgodoser b\u00e5de stora och sm\u00e5 best\u00e4llningar med l\u00e5ga minsta orderkvantiteter, vilket g\u00f6r det enkelt f\u00f6r f\u00f6retag i alla storlekar att dra nytta av v\u00e5ra anpassade grossisttj\u00e4nster.<\/p>\n<\/div>\n<\/div>\n<\/div>\n<\/div>","protected":false},"featured_media":20262,"template":"","meta":{"_acf_changed":false,"_kad_blocks_custom_css":"","_kad_blocks_head_custom_js":"","_kad_blocks_body_custom_js":"","_kad_blocks_footer_custom_js":""},"product_brand":[],"product_cat":[693,973],"product_tag":[],"class_list":{"0":"post-20261","1":"product","2":"type-product","3":"status-publish","4":"has-post-thumbnail","6":"product_cat-hat","7":"product_cat-patch-trucker-hat","9":"first","10":"outofstock","11":"shipping-taxable","12":"product-type-simple"},"acf":[],"yoast_head":"<!-- This site is optimized with the Yoast SEO Premium plugin v20.8 (Yoast SEO v25.9) - https:\/\/yoast.com\/wordpress\/plugins\/seo\/ -->\n<title>Custom Six Panel Woven Patch Black Trucker Hat Wholesale<\/title>\n<meta name=\"description\" content=\"Shop Custom Six Panel Woven Patch Black Trucker Hats from Sumkcaps. Durable polyester &amp; mesh. Perfect for branding. Add your logo today!\" \/>\n<meta name=\"robots\" content=\"index, follow, max-snippet:-1, max-image-preview:large, max-video-preview:-1\" \/>\n<link rel=\"canonical\" href=\"https:\/\/sumkcaps.com\/sv\/produkt\/sufox-231329-custom-six-panel-woven-patch-svart-truckerhatt\/\" \/>\n<meta property=\"og:locale\" content=\"sv_SE\" \/>\n<meta property=\"og:type\" content=\"article\" \/>\n<meta property=\"og:title\" content=\"Custom Six Panel Woven Patch Black Trucker Hat Wholesale - Sumkcaps\" \/>\n<meta property=\"og:description\" content=\"Shop Custom Six Panel Woven Patch Black Trucker Hats from Sumkcaps. Durable polyester &amp; mesh. Perfect for branding. Add your logo today!\" \/>\n<meta property=\"og:url\" content=\"https:\/\/sumkcaps.com\/sv\/produkt\/sufox-231329-custom-six-panel-woven-patch-svart-truckerhatt\/\" \/>\n<meta property=\"og:site_name\" content=\"Sumkcaps-China Original Headwear Manufacturer and Suppliers\" \/>\n<meta property=\"article:publisher\" content=\"https:\/\/www.facebook.com\/sumkcap\" \/>\n<meta property=\"article:modified_time\" content=\"2025-07-09T06:24:01+00:00\" \/>\n<meta property=\"og:image\" content=\"https:\/\/sumkcaps.com\/wp-content\/uploads\/2022\/11\/6_panel_woven_patch_black_trucker_hat-1.jpg\" \/>\n\t<meta property=\"og:image:width\" content=\"1000\" \/>\n\t<meta property=\"og:image:height\" content=\"1000\" \/>\n\t<meta property=\"og:image:type\" content=\"image\/jpeg\" \/>\n<meta name=\"twitter:card\" content=\"summary_large_image\" \/>\n<meta name=\"twitter:label1\" content=\"Ber\u00e4knad l\u00e4stid\" \/>\n\t<meta name=\"twitter:data1\" content=\"2 minuter\" \/>\n<script type=\"application\/ld+json\" class=\"yoast-schema-graph\">{\"@context\":\"https:\/\/schema.org\",\"@graph\":[{\"@type\":\"WebPage\",\"@id\":\"https:\/\/sumkcaps.com\/product\/sufox-231329-custom-six-panel-woven-patch-black-trucker-hat\/\",\"url\":\"https:\/\/sumkcaps.com\/product\/sufox-231329-custom-six-panel-woven-patch-black-trucker-hat\/\",\"name\":\"Custom Six Panel Woven Patch Black Trucker Hat Wholesale\",\"isPartOf\":{\"@id\":\"https:\/\/sumkcaps.com\/#website\"},\"primaryImageOfPage\":{\"@id\":\"https:\/\/sumkcaps.com\/product\/sufox-231329-custom-six-panel-woven-patch-black-trucker-hat\/#primaryimage\"},\"image\":{\"@id\":\"https:\/\/sumkcaps.com\/product\/sufox-231329-custom-six-panel-woven-patch-black-trucker-hat\/#primaryimage\"},\"thumbnailUrl\":\"https:\/\/sumkcaps.com\/wp-content\/uploads\/2022\/11\/6_panel_woven_patch_black_trucker_hat-1.jpg\",\"datePublished\":\"2022-11-14T08:45:56+00:00\",\"dateModified\":\"2025-07-09T06:24:01+00:00\",\"description\":\"Shop Custom Six Panel Woven Patch Black Trucker Hats from Sumkcaps. Durable polyester & mesh. Perfect for branding. Add your logo today!\",\"breadcrumb\":{\"@id\":\"https:\/\/sumkcaps.com\/product\/sufox-231329-custom-six-panel-woven-patch-black-trucker-hat\/#breadcrumb\"},\"inLanguage\":\"sv-SE\",\"potentialAction\":[{\"@type\":\"ReadAction\",\"target\":[\"https:\/\/sumkcaps.com\/product\/sufox-231329-custom-six-panel-woven-patch-black-trucker-hat\/\"]}]},{\"@type\":\"ImageObject\",\"inLanguage\":\"sv-SE\",\"@id\":\"https:\/\/sumkcaps.com\/product\/sufox-231329-custom-six-panel-woven-patch-black-trucker-hat\/#primaryimage\",\"url\":\"https:\/\/sumkcaps.com\/wp-content\/uploads\/2022\/11\/6_panel_woven_patch_black_trucker_hat-1.jpg\",\"contentUrl\":\"https:\/\/sumkcaps.com\/wp-content\/uploads\/2022\/11\/6_panel_woven_patch_black_trucker_hat-1.jpg\",\"width\":1000,\"height\":1000,\"caption\":\"Custom Six Panel Woven Patch Black Trucker Hat Wholesale\"},{\"@type\":\"BreadcrumbList\",\"@id\":\"https:\/\/sumkcaps.com\/product\/sufox-231329-custom-six-panel-woven-patch-black-trucker-hat\/#breadcrumb\",\"itemListElement\":[{\"@type\":\"ListItem\",\"position\":1,\"name\":\"Home\",\"item\":\"https:\/\/sumkcaps.com\/\"},{\"@type\":\"ListItem\",\"position\":2,\"name\":\"Products\",\"item\":\"https:\/\/sumkcaps.com\/product\/\"},{\"@type\":\"ListItem\",\"position\":3,\"name\":\"Custom Six Panel Woven Patch Black Trucker Hat Wholesale\"}]},{\"@type\":\"WebSite\",\"@id\":\"https:\/\/sumkcaps.com\/#website\",\"url\":\"https:\/\/sumkcaps.com\/\",\"name\":\"Sumkcaps-China Original Headwear Manufacturer and Suppliers\",\"description\":\"We are China Cap And Hat Original Factory, whose main business is to custom cap and hat as client&#039;s LOGO. Any cap style, any cap color, any qty, any material and qty is no problem. In one words, any small details can be customized as your request.\",\"publisher\":{\"@id\":\"https:\/\/sumkcaps.com\/#organization\"},\"potentialAction\":[{\"@type\":\"SearchAction\",\"target\":{\"@type\":\"EntryPoint\",\"urlTemplate\":\"https:\/\/sumkcaps.com\/?s={search_term_string}\"},\"query-input\":{\"@type\":\"PropertyValueSpecification\",\"valueRequired\":true,\"valueName\":\"search_term_string\"}}],\"inLanguage\":\"sv-SE\"},{\"@type\":\"Organization\",\"@id\":\"https:\/\/sumkcaps.com\/#organization\",\"name\":\"Sumkcaps-China Original Headwear Manufacturer and Suppliers\",\"url\":\"https:\/\/sumkcaps.com\/\",\"logo\":{\"@type\":\"ImageObject\",\"inLanguage\":\"sv-SE\",\"@id\":\"https:\/\/sumkcaps.com\/#\/schema\/logo\/image\/\",\"url\":\"https:\/\/sumkcaps.com\/wp-content\/uploads\/2025\/12\/1234.jpg\",\"contentUrl\":\"https:\/\/sumkcaps.com\/wp-content\/uploads\/2025\/12\/1234.jpg\",\"width\":800,\"height\":800,\"caption\":\"Sumkcaps-China Original Headwear Manufacturer and Suppliers\"},\"image\":{\"@id\":\"https:\/\/sumkcaps.com\/#\/schema\/logo\/image\/\"},\"sameAs\":[\"https:\/\/www.facebook.com\/sumkcap\",\"https:\/\/www.instagram.com\/sumkcaps7\/\",\"https:\/\/www.pinterest.com\/sumkcapschina\/\"]}]}<\/script>\n<!-- \/ Yoast SEO Premium plugin. -->","yoast_head_json":{"title":"Anpassad sexpanel v\u00e4vd patch svart truckerhatt grossist","description":"Handla Custom Six Panel Woven Patch Black Trucker Hats fr\u00e5n Sumkcaps. Slitstark polyester och mesh. Perfekt f\u00f6r varum\u00e4rkesprofilering. L\u00e4gg till din logotyp idag!","robots":{"index":"index","follow":"follow","max-snippet":"max-snippet:-1","max-image-preview":"max-image-preview:large","max-video-preview":"max-video-preview:-1"},"canonical":"https:\/\/sumkcaps.com\/sv\/produkt\/sufox-231329-custom-six-panel-woven-patch-svart-truckerhatt\/","og_locale":"sv_SE","og_type":"article","og_title":"Custom Six Panel Woven Patch Black Trucker Hat Wholesale - Sumkcaps","og_description":"Shop Custom Six Panel Woven Patch Black Trucker Hats from Sumkcaps. Durable polyester & mesh. Perfect for branding. Add your logo today!","og_url":"https:\/\/sumkcaps.com\/sv\/produkt\/sufox-231329-custom-six-panel-woven-patch-svart-truckerhatt\/","og_site_name":"Sumkcaps-China Original Headwear Manufacturer and Suppliers","article_publisher":"https:\/\/www.facebook.com\/sumkcap","article_modified_time":"2025-07-09T06:24:01+00:00","og_image":[{"width":1000,"height":1000,"url":"https:\/\/sumkcaps.com\/wp-content\/uploads\/2022\/11\/6_panel_woven_patch_black_trucker_hat-1.jpg","type":"image\/jpeg"}],"twitter_card":"summary_large_image","twitter_misc":{"Ber\u00e4knad l\u00e4stid":"2 minuter"},"schema":{"@context":"https:\/\/schema.org","@graph":[{"@type":"WebPage","@id":"https:\/\/sumkcaps.com\/product\/sufox-231329-custom-six-panel-woven-patch-black-trucker-hat\/","url":"https:\/\/sumkcaps.com\/product\/sufox-231329-custom-six-panel-woven-patch-black-trucker-hat\/","name":"Anpassad sexpanel v\u00e4vd patch svart truckerhatt grossist","isPartOf":{"@id":"https:\/\/sumkcaps.com\/#website"},"primaryImageOfPage":{"@id":"https:\/\/sumkcaps.com\/product\/sufox-231329-custom-six-panel-woven-patch-black-trucker-hat\/#primaryimage"},"image":{"@id":"https:\/\/sumkcaps.com\/product\/sufox-231329-custom-six-panel-woven-patch-black-trucker-hat\/#primaryimage"},"thumbnailUrl":"https:\/\/sumkcaps.com\/wp-content\/uploads\/2022\/11\/6_panel_woven_patch_black_trucker_hat-1.jpg","datePublished":"2022-11-14T08:45:56+00:00","dateModified":"2025-07-09T06:24:01+00:00","description":"Handla Custom Six Panel Woven Patch Black Trucker Hats fr\u00e5n Sumkcaps. Slitstark polyester och mesh. Perfekt f\u00f6r varum\u00e4rkesprofilering. L\u00e4gg till din logotyp idag!","breadcrumb":{"@id":"https:\/\/sumkcaps.com\/product\/sufox-231329-custom-six-panel-woven-patch-black-trucker-hat\/#breadcrumb"},"inLanguage":"sv-SE","potentialAction":[{"@type":"ReadAction","target":["https:\/\/sumkcaps.com\/product\/sufox-231329-custom-six-panel-woven-patch-black-trucker-hat\/"]}]},{"@type":"ImageObject","inLanguage":"sv-SE","@id":"https:\/\/sumkcaps.com\/product\/sufox-231329-custom-six-panel-woven-patch-black-trucker-hat\/#primaryimage","url":"https:\/\/sumkcaps.com\/wp-content\/uploads\/2022\/11\/6_panel_woven_patch_black_trucker_hat-1.jpg","contentUrl":"https:\/\/sumkcaps.com\/wp-content\/uploads\/2022\/11\/6_panel_woven_patch_black_trucker_hat-1.jpg","width":1000,"height":1000,"caption":"Custom Six Panel Woven Patch Black Trucker Hat Wholesale"},{"@type":"BreadcrumbList","@id":"https:\/\/sumkcaps.com\/product\/sufox-231329-custom-six-panel-woven-patch-black-trucker-hat\/#breadcrumb","itemListElement":[{"@type":"ListItem","position":1,"name":"Home","item":"https:\/\/sumkcaps.com\/"},{"@type":"ListItem","position":2,"name":"Products","item":"https:\/\/sumkcaps.com\/product\/"},{"@type":"ListItem","position":3,"name":"Custom Six Panel Woven Patch Black Trucker Hat Wholesale"}]},{"@type":"WebSite","@id":"https:\/\/sumkcaps.com\/#website","url":"https:\/\/sumkcaps.com\/","name":"Sumkcaps - tillverkare och leverant\u00f6rer av originalhuvudbonader i Kina","description":"Vi \u00e4r China Cap And Hat Original Factory, vars huvudsakliga verksamhet \u00e4r att anpassa m\u00f6ssa och hatt som klient &amp; #03939; s LOGO. Vilken keps som helst, vilken kepsf\u00e4rg som helst, vilket antal som helst, vilket material som helst och antal \u00e4r inget problem. Med ett ord kan alla sm\u00e5 detaljer anpassas efter din beg\u00e4ran.","publisher":{"@id":"https:\/\/sumkcaps.com\/#organization"},"potentialAction":[{"@type":"SearchAction","target":{"@type":"EntryPoint","urlTemplate":"https:\/\/sumkcaps.com\/?s={search_term_string}"},"query-input":{"@type":"PropertyValueSpecification","valueRequired":true,"valueName":"search_term_string"}}],"inLanguage":"sv-SE"},{"@type":"Organization","@id":"https:\/\/sumkcaps.com\/#organization","name":"Sumkcaps - tillverkare och leverant\u00f6rer av originalhuvudbonader i Kina","url":"https:\/\/sumkcaps.com\/","logo":{"@type":"ImageObject","inLanguage":"sv-SE","@id":"https:\/\/sumkcaps.com\/#\/schema\/logo\/image\/","url":"https:\/\/sumkcaps.com\/wp-content\/uploads\/2025\/12\/1234.jpg","contentUrl":"https:\/\/sumkcaps.com\/wp-content\/uploads\/2025\/12\/1234.jpg","width":800,"height":800,"caption":"Sumkcaps-China Original Headwear Manufacturer and Suppliers"},"image":{"@id":"https:\/\/sumkcaps.com\/#\/schema\/logo\/image\/"},"sameAs":["https:\/\/www.facebook.com\/sumkcap","https:\/\/www.instagram.com\/sumkcaps7\/","https:\/\/www.pinterest.com\/sumkcapschina\/"]}]}},"taxonomy_info":{"product_cat":[{"value":693,"label":"Hat"},{"value":973,"label":"Patch Trucker Hats"}]},"featured_image_src_large":["https:\/\/sumkcaps.com\/wp-content\/uploads\/2022\/11\/6_panel_woven_patch_black_trucker_hat-1.jpg",800,800,false],"author_info":[],"comment_info":"","_links":{"self":[{"href":"https:\/\/sumkcaps.com\/sv\/wp-json\/wp\/v2\/product\/20261","targetHints":{"allow":["GET"]}}],"collection":[{"href":"https:\/\/sumkcaps.com\/sv\/wp-json\/wp\/v2\/product"}],"about":[{"href":"https:\/\/sumkcaps.com\/sv\/wp-json\/wp\/v2\/types\/product"}],"wp:featuredmedia":[{"embeddable":true,"href":"https:\/\/sumkcaps.com\/sv\/wp-json\/wp\/v2\/media\/20262"}],"wp:attachment":[{"href":"https:\/\/sumkcaps.com\/sv\/wp-json\/wp\/v2\/media?parent=20261"}],"wp:term":[{"taxonomy":"product_brand","embeddable":true,"href":"https:\/\/sumkcaps.com\/sv\/wp-json\/wp\/v2\/product_brand?post=20261"},{"taxonomy":"product_cat","embeddable":true,"href":"https:\/\/sumkcaps.com\/sv\/wp-json\/wp\/v2\/product_cat?post=20261"},{"taxonomy":"product_tag","embeddable":true,"href":"https:\/\/sumkcaps.com\/sv\/wp-json\/wp\/v2\/product_tag?post=20261"}],"curies":[{"name":"wp","href":"https:\/\/api.w.org\/{rel}","templated":true}]}}