{"id":20141,"date":"2022-11-14T14:59:51","date_gmt":"2022-11-14T06:59:51","guid":{"rendered":"https:\/\/sumkcaps.com\/?post_type=product&#038;p=20141"},"modified":"2025-07-31T16:29:23","modified_gmt":"2025-07-31T08:29:23","slug":"sufox-231314-custom-six-panel-3d-embroidery-trucker-hat","status":"publish","type":"product","link":"https:\/\/sumkcaps.com\/sv\/produkt\/sufox-231314-custom-sex-panel-3d-broderi-truckerhatt\/","title":{"rendered":"231314 Custom Truckerhatt med sex paneler och 3D-brodyr"},"content":{"rendered":"<p data-start=\"218\" data-end=\"466\"><strong data-start=\"218\" data-end=\"271\">231314 Custom Truckerhatt med sex paneler och 3D-brodyr<\/strong><br data-start=\"271\" data-end=\"274\" \/><a href=\"https:\/\/sumkcaps.com\/product\/sufox-231314-custom-six-panel-3d-embroidery-trucker-hat\/\"><span style=\"color: #000000;\">Denna premium truckerhatt<\/span><\/a> kombinerar dj\u00e4rvt 3D-broderi med ventilerande meshkonstruktion - perfekt f\u00f6r varum\u00e4rken, evenemang och livsstilskollektioner som s\u00f6ker framtr\u00e4dande huvudbonader med maximal visuell effekt.<\/p>\n<h3 data-start=\"473\" data-end=\"497\">Passform och struktur<\/h3>\n<ul data-start=\"498\" data-end=\"801\">\n<li data-start=\"498\" data-end=\"581\">\n<p data-start=\"500\" data-end=\"581\"><strong data-start=\"500\" data-end=\"516\">Krona Stil:<\/strong> Strukturerad <strong data-start=\"528\" data-end=\"541\">sex paneler<\/strong> design f\u00f6r en skarp, h\u00f6gprofilerad look<\/p>\n<\/li>\n<li data-start=\"582\" data-end=\"663\">\n<p data-start=\"584\" data-end=\"663\"><strong data-start=\"584\" data-end=\"593\">Storlek:<\/strong> <strong data-start=\"594\" data-end=\"623\">OSFM (en storlek som passar de flesta)<\/strong> - passar huvudstorlekar fr\u00e5n <strong data-start=\"647\" data-end=\"661\">7 till 7 3\/4<\/strong><\/p>\n<\/li>\n<li data-start=\"664\" data-end=\"731\">\n<p data-start=\"666\" data-end=\"731\"><strong data-start=\"666\" data-end=\"676\">Visir:<\/strong> <strong data-start=\"677\" data-end=\"691\">F\u00f6rb\u00f6jd<\/strong> br\u00e4tte f\u00f6r en klassisk passform som passar till kl\u00e4der<\/p>\n<\/li>\n<li data-start=\"732\" data-end=\"801\">\n<p data-start=\"734\" data-end=\"801\">Konstruerad f\u00f6r b\u00e5de komfort och struktur, perfekt f\u00f6r anv\u00e4ndning hela dagen<\/p>\n<\/li>\n<\/ul>\n<h3 data-start=\"808\" data-end=\"843\">Dekoration och kundanpassning<\/h3>\n<ul data-start=\"844\" data-end=\"1178\">\n<li data-start=\"844\" data-end=\"942\">\n<p data-start=\"846\" data-end=\"942\"><strong data-start=\"846\" data-end=\"866\">Dekorationstyp:<\/strong> Premium <strong data-start=\"875\" data-end=\"892\">3D-broderi<\/strong>, perfekt f\u00f6r logotyper som beh\u00f6ver djup och synlighet<\/p>\n<\/li>\n<li data-start=\"943\" data-end=\"1089\">\n<p data-start=\"945\" data-end=\"1089\"><strong data-start=\"945\" data-end=\"971\">Anpassningsalternativ:<\/strong> Fullst\u00e4ndigt anpassningsbar i f\u00e4rg, broderidesign, inre etiketter, bakre f\u00f6rslutningar (snapback, kardborreband etc.) och f\u00f6rpackning<\/p>\n<\/li>\n<li data-start=\"1090\" data-end=\"1178\">\n<p data-start=\"1092\" data-end=\"1178\">Utm\u00e4rkt f\u00f6r <strong data-start=\"1106\" data-end=\"1178\">streetwear-varum\u00e4rken, reklamartiklar, uniformer eller detaljhandelsvaror<\/strong><\/p>\n<\/li>\n<\/ul>\n<h3 data-start=\"1185\" data-end=\"1210\">Material &amp; f\u00e4rg<\/h3>\n<ul data-start=\"1211\" data-end=\"1472\">\n<li data-start=\"1211\" data-end=\"1296\">\n<p data-start=\"1213\" data-end=\"1296\"><strong data-start=\"1213\" data-end=\"1226\">Material:<\/strong> H\u00e5llbar <strong data-start=\"1235\" data-end=\"1258\">baksida i polyestern\u00e4t<\/strong> med en fast, strukturerad frontpanel<\/p>\n<\/li>\n<li data-start=\"1297\" data-end=\"1384\">\n<p data-start=\"1299\" data-end=\"1384\"><strong data-start=\"1299\" data-end=\"1309\">F\u00e4rg:<\/strong> <strong data-start=\"1310\" data-end=\"1338\">Anpassade f\u00e4rgalternativ<\/strong> tillg\u00e4ngliga f\u00f6r att anpassas till din varum\u00e4rkesidentitet<\/p>\n<\/li>\n<li data-start=\"1385\" data-end=\"1472\">\n<p data-start=\"1387\" data-end=\"1472\">L\u00e4tt och andningsbar, vilket g\u00f6r den idealisk f\u00f6r utomhusbruk och milj\u00f6er med varmt v\u00e4der<\/p>\n<\/li>\n<\/ul>\n<h3 data-start=\"1479\" data-end=\"1502\">MOQ &amp; tj\u00e4nster<\/h3>\n<ul data-start=\"1503\" data-end=\"1881\">\n<li data-start=\"1503\" data-end=\"1570\">\n<p data-start=\"1505\" data-end=\"1570\"><strong data-start=\"1505\" data-end=\"1532\">Minsta orderkvantitet:<\/strong> <strong data-start=\"1533\" data-end=\"1568\">200 stycken per design per f\u00e4rg<\/strong><\/p>\n<\/li>\n<li data-start=\"1571\" data-end=\"1794\">\n<p data-start=\"1573\" data-end=\"1629\"><strong data-start=\"1573\" data-end=\"1595\">Tillhandah\u00e5llna tj\u00e4nster:<\/strong> Full <strong data-start=\"1601\" data-end=\"1614\">OEM &amp; ODM<\/strong> kapacitet<\/p>\n<ul data-start=\"1632\" data-end=\"1794\">\n<li data-start=\"1632\" data-end=\"1705\">\n<p data-start=\"1634\" data-end=\"1705\"><strong data-start=\"1634\" data-end=\"1641\">OEM<\/strong>: Applicera ditt befintliga varum\u00e4rke och din design p\u00e5 v\u00e5r kvalitetsbas cap<\/p>\n<\/li>\n<li data-start=\"1708\" data-end=\"1794\">\n<p data-start=\"1710\" data-end=\"1794\"><strong data-start=\"1710\" data-end=\"1717\">ODM<\/strong>: L\u00e5t oss hj\u00e4lpa dig att utveckla och tillverka ditt eget hattkoncept fr\u00e5n grunden<\/p>\n<\/li>\n<\/ul>\n<\/li>\n<li data-start=\"1795\" data-end=\"1881\">\n<p data-start=\"1797\" data-end=\"1881\">Perfekt f\u00f6r <strong data-start=\"1809\" data-end=\"1879\">varum\u00e4rken, grossister, \u00e5terf\u00f6rs\u00e4ljare, reklambyr\u00e5er och nystartade f\u00f6retag<\/strong><\/p>\n<\/li>\n<\/ul>","protected":false},"excerpt":{"rendered":"<p>Sumkcaps 231314 Custom Six Panel 3D Broderi Trucker Hat \u00e4r en av popul\u00e4ra Cap Style, l\u00e4tt vikt och andas v\u00e4l. V\u00e5ra Snapbacks kommer i en m\u00e4ngd olika stilar och f\u00e4rger fr\u00e5n alla de b\u00e4sta varum\u00e4rkena.<\/p>","protected":false},"featured_media":20142,"template":"","meta":{"_acf_changed":false,"_kad_blocks_custom_css":"","_kad_blocks_head_custom_js":"","_kad_blocks_body_custom_js":"","_kad_blocks_footer_custom_js":""},"product_brand":[],"product_cat":[693,967,971],"product_tag":[],"class_list":{"0":"post-20141","1":"product","2":"type-product","3":"status-publish","4":"has-post-thumbnail","6":"product_cat-hat","7":"product_cat-trucker-hat","8":"product_cat-custom-embroidery-trucker-hats-wholesale","10":"first","11":"outofstock","12":"shipping-taxable","13":"product-type-simple"},"acf":[],"yoast_head":"<!-- This site is optimized with the Yoast SEO Premium plugin v20.8 (Yoast SEO v25.9) - https:\/\/yoast.com\/wordpress\/plugins\/seo\/ -->\n<title>231314 Six Panel 3D Embroidery Trucker Hat | China Manufactuer<\/title>\n<meta name=\"description\" content=\"231314 custom six panel trucker hat with 3D embroidery, breathable mesh, and OEM\/ODM service. MOQ 200. Ideal for branding, retail, and promotions.\" \/>\n<meta name=\"robots\" content=\"index, follow, max-snippet:-1, max-image-preview:large, max-video-preview:-1\" \/>\n<link rel=\"canonical\" href=\"https:\/\/sumkcaps.com\/sv\/produkt\/sufox-231314-custom-sex-panel-3d-broderi-truckerhatt\/\" \/>\n<meta property=\"og:locale\" content=\"sv_SE\" \/>\n<meta property=\"og:type\" content=\"article\" \/>\n<meta property=\"og:title\" content=\"231314 Custom Six Panel 3D Embroidery Trucker Hat - Sumkcaps\" \/>\n<meta property=\"og:description\" content=\"231314 custom six panel trucker hat with 3D embroidery, breathable mesh, and OEM\/ODM service. MOQ 200. Ideal for branding, retail, and promotions.\" \/>\n<meta property=\"og:url\" content=\"https:\/\/sumkcaps.com\/sv\/produkt\/sufox-231314-custom-sex-panel-3d-broderi-truckerhatt\/\" \/>\n<meta property=\"og:site_name\" content=\"Sumkcaps-China Original Headwear Manufacturer and Suppliers\" \/>\n<meta property=\"article:publisher\" content=\"https:\/\/www.facebook.com\/sumkcap\" \/>\n<meta property=\"article:modified_time\" content=\"2025-07-31T08:29:23+00:00\" \/>\n<meta property=\"og:image\" content=\"https:\/\/sumkcaps.com\/wp-content\/uploads\/2022\/11\/6_panel_3d_embroidery_trucker_hat-1-2.jpg\" \/>\n\t<meta property=\"og:image:width\" content=\"750\" \/>\n\t<meta property=\"og:image:height\" content=\"750\" \/>\n\t<meta property=\"og:image:type\" content=\"image\/jpeg\" \/>\n<meta name=\"twitter:card\" content=\"summary_large_image\" \/>\n<meta name=\"twitter:label1\" content=\"Ber\u00e4knad l\u00e4stid\" \/>\n\t<meta name=\"twitter:data1\" content=\"2 minuter\" \/>\n<script type=\"application\/ld+json\" class=\"yoast-schema-graph\">{\"@context\":\"https:\/\/schema.org\",\"@graph\":[{\"@type\":\"WebPage\",\"@id\":\"https:\/\/sumkcaps.com\/product\/sufox-231314-custom-six-panel-3d-embroidery-trucker-hat\/\",\"url\":\"https:\/\/sumkcaps.com\/product\/sufox-231314-custom-six-panel-3d-embroidery-trucker-hat\/\",\"name\":\"231314 Six Panel 3D Embroidery Trucker Hat | China Manufactuer\",\"isPartOf\":{\"@id\":\"https:\/\/sumkcaps.com\/#website\"},\"primaryImageOfPage\":{\"@id\":\"https:\/\/sumkcaps.com\/product\/sufox-231314-custom-six-panel-3d-embroidery-trucker-hat\/#primaryimage\"},\"image\":{\"@id\":\"https:\/\/sumkcaps.com\/product\/sufox-231314-custom-six-panel-3d-embroidery-trucker-hat\/#primaryimage\"},\"thumbnailUrl\":\"https:\/\/sumkcaps.com\/wp-content\/uploads\/2022\/11\/6_panel_3d_embroidery_trucker_hat-1-2.jpg\",\"datePublished\":\"2022-11-14T06:59:51+00:00\",\"dateModified\":\"2025-07-31T08:29:23+00:00\",\"description\":\"231314 custom six panel trucker hat with 3D embroidery, breathable mesh, and OEM\/ODM service. MOQ 200. Ideal for branding, retail, and promotions.\",\"breadcrumb\":{\"@id\":\"https:\/\/sumkcaps.com\/product\/sufox-231314-custom-six-panel-3d-embroidery-trucker-hat\/#breadcrumb\"},\"inLanguage\":\"sv-SE\",\"potentialAction\":[{\"@type\":\"ReadAction\",\"target\":[\"https:\/\/sumkcaps.com\/product\/sufox-231314-custom-six-panel-3d-embroidery-trucker-hat\/\"]}]},{\"@type\":\"ImageObject\",\"inLanguage\":\"sv-SE\",\"@id\":\"https:\/\/sumkcaps.com\/product\/sufox-231314-custom-six-panel-3d-embroidery-trucker-hat\/#primaryimage\",\"url\":\"https:\/\/sumkcaps.com\/wp-content\/uploads\/2022\/11\/6_panel_3d_embroidery_trucker_hat-1-2.jpg\",\"contentUrl\":\"https:\/\/sumkcaps.com\/wp-content\/uploads\/2022\/11\/6_panel_3d_embroidery_trucker_hat-1-2.jpg\",\"width\":750,\"height\":750,\"caption\":\"Custom Six Panel 3D Embroidery Trucker Hat Wholesale\"},{\"@type\":\"BreadcrumbList\",\"@id\":\"https:\/\/sumkcaps.com\/product\/sufox-231314-custom-six-panel-3d-embroidery-trucker-hat\/#breadcrumb\",\"itemListElement\":[{\"@type\":\"ListItem\",\"position\":1,\"name\":\"Home\",\"item\":\"https:\/\/sumkcaps.com\/\"},{\"@type\":\"ListItem\",\"position\":2,\"name\":\"Products\",\"item\":\"https:\/\/sumkcaps.com\/product\/\"},{\"@type\":\"ListItem\",\"position\":3,\"name\":\"231314 Custom Six Panel 3D Embroidery Trucker Hat\"}]},{\"@type\":\"WebSite\",\"@id\":\"https:\/\/sumkcaps.com\/#website\",\"url\":\"https:\/\/sumkcaps.com\/\",\"name\":\"Sumkcaps-China Original Headwear Manufacturer and Suppliers\",\"description\":\"We are China Cap And Hat Original Factory, whose main business is to custom cap and hat as client&#039;s LOGO. Any cap style, any cap color, any qty, any material and qty is no problem. In one words, any small details can be customized as your request.\",\"publisher\":{\"@id\":\"https:\/\/sumkcaps.com\/#organization\"},\"potentialAction\":[{\"@type\":\"SearchAction\",\"target\":{\"@type\":\"EntryPoint\",\"urlTemplate\":\"https:\/\/sumkcaps.com\/?s={search_term_string}\"},\"query-input\":{\"@type\":\"PropertyValueSpecification\",\"valueRequired\":true,\"valueName\":\"search_term_string\"}}],\"inLanguage\":\"sv-SE\"},{\"@type\":\"Organization\",\"@id\":\"https:\/\/sumkcaps.com\/#organization\",\"name\":\"Sumkcaps-China Original Headwear Manufacturer and Suppliers\",\"url\":\"https:\/\/sumkcaps.com\/\",\"logo\":{\"@type\":\"ImageObject\",\"inLanguage\":\"sv-SE\",\"@id\":\"https:\/\/sumkcaps.com\/#\/schema\/logo\/image\/\",\"url\":\"https:\/\/sumkcaps.com\/wp-content\/uploads\/2025\/12\/1234.jpg\",\"contentUrl\":\"https:\/\/sumkcaps.com\/wp-content\/uploads\/2025\/12\/1234.jpg\",\"width\":800,\"height\":800,\"caption\":\"Sumkcaps-China Original Headwear Manufacturer and Suppliers\"},\"image\":{\"@id\":\"https:\/\/sumkcaps.com\/#\/schema\/logo\/image\/\"},\"sameAs\":[\"https:\/\/www.facebook.com\/sumkcap\",\"https:\/\/www.instagram.com\/sumkcaps7\/\",\"https:\/\/www.pinterest.com\/sumkcapschina\/\"]}]}<\/script>\n<!-- \/ Yoast SEO Premium plugin. -->","yoast_head_json":{"title":"231314 Truckerhatt med sex paneler och 3D-brodyr | Kina Tillverkare","description":"231314 anpassad sexpanel truckerhatt med 3D-broderi, andningsbart n\u00e4t och OEM \/ ODM-service. MOQ 200. Idealisk f\u00f6r varum\u00e4rkesprofilering, detaljhandel och kampanjer.","robots":{"index":"index","follow":"follow","max-snippet":"max-snippet:-1","max-image-preview":"max-image-preview:large","max-video-preview":"max-video-preview:-1"},"canonical":"https:\/\/sumkcaps.com\/sv\/produkt\/sufox-231314-custom-sex-panel-3d-broderi-truckerhatt\/","og_locale":"sv_SE","og_type":"article","og_title":"231314 Custom Six Panel 3D Embroidery Trucker Hat - Sumkcaps","og_description":"231314 custom six panel trucker hat with 3D embroidery, breathable mesh, and OEM\/ODM service. MOQ 200. Ideal for branding, retail, and promotions.","og_url":"https:\/\/sumkcaps.com\/sv\/produkt\/sufox-231314-custom-sex-panel-3d-broderi-truckerhatt\/","og_site_name":"Sumkcaps-China Original Headwear Manufacturer and Suppliers","article_publisher":"https:\/\/www.facebook.com\/sumkcap","article_modified_time":"2025-07-31T08:29:23+00:00","og_image":[{"width":750,"height":750,"url":"https:\/\/sumkcaps.com\/wp-content\/uploads\/2022\/11\/6_panel_3d_embroidery_trucker_hat-1-2.jpg","type":"image\/jpeg"}],"twitter_card":"summary_large_image","twitter_misc":{"Ber\u00e4knad l\u00e4stid":"2 minuter"},"schema":{"@context":"https:\/\/schema.org","@graph":[{"@type":"WebPage","@id":"https:\/\/sumkcaps.com\/product\/sufox-231314-custom-six-panel-3d-embroidery-trucker-hat\/","url":"https:\/\/sumkcaps.com\/product\/sufox-231314-custom-six-panel-3d-embroidery-trucker-hat\/","name":"231314 Truckerhatt med sex paneler och 3D-brodyr | Kina Tillverkare","isPartOf":{"@id":"https:\/\/sumkcaps.com\/#website"},"primaryImageOfPage":{"@id":"https:\/\/sumkcaps.com\/product\/sufox-231314-custom-six-panel-3d-embroidery-trucker-hat\/#primaryimage"},"image":{"@id":"https:\/\/sumkcaps.com\/product\/sufox-231314-custom-six-panel-3d-embroidery-trucker-hat\/#primaryimage"},"thumbnailUrl":"https:\/\/sumkcaps.com\/wp-content\/uploads\/2022\/11\/6_panel_3d_embroidery_trucker_hat-1-2.jpg","datePublished":"2022-11-14T06:59:51+00:00","dateModified":"2025-07-31T08:29:23+00:00","description":"231314 anpassad sexpanel truckerhatt med 3D-broderi, andningsbart n\u00e4t och OEM \/ ODM-service. MOQ 200. Idealisk f\u00f6r varum\u00e4rkesprofilering, detaljhandel och kampanjer.","breadcrumb":{"@id":"https:\/\/sumkcaps.com\/product\/sufox-231314-custom-six-panel-3d-embroidery-trucker-hat\/#breadcrumb"},"inLanguage":"sv-SE","potentialAction":[{"@type":"ReadAction","target":["https:\/\/sumkcaps.com\/product\/sufox-231314-custom-six-panel-3d-embroidery-trucker-hat\/"]}]},{"@type":"ImageObject","inLanguage":"sv-SE","@id":"https:\/\/sumkcaps.com\/product\/sufox-231314-custom-six-panel-3d-embroidery-trucker-hat\/#primaryimage","url":"https:\/\/sumkcaps.com\/wp-content\/uploads\/2022\/11\/6_panel_3d_embroidery_trucker_hat-1-2.jpg","contentUrl":"https:\/\/sumkcaps.com\/wp-content\/uploads\/2022\/11\/6_panel_3d_embroidery_trucker_hat-1-2.jpg","width":750,"height":750,"caption":"Custom Six Panel 3D Embroidery Trucker Hat Wholesale"},{"@type":"BreadcrumbList","@id":"https:\/\/sumkcaps.com\/product\/sufox-231314-custom-six-panel-3d-embroidery-trucker-hat\/#breadcrumb","itemListElement":[{"@type":"ListItem","position":1,"name":"Home","item":"https:\/\/sumkcaps.com\/"},{"@type":"ListItem","position":2,"name":"Products","item":"https:\/\/sumkcaps.com\/product\/"},{"@type":"ListItem","position":3,"name":"231314 Custom Six Panel 3D Embroidery Trucker Hat"}]},{"@type":"WebSite","@id":"https:\/\/sumkcaps.com\/#website","url":"https:\/\/sumkcaps.com\/","name":"Sumkcaps - tillverkare och leverant\u00f6rer av originalhuvudbonader i Kina","description":"Vi \u00e4r China Cap And Hat Original Factory, vars huvudsakliga verksamhet \u00e4r att anpassa m\u00f6ssa och hatt som klient &amp; #03939; s LOGO. Vilken keps som helst, vilken kepsf\u00e4rg som helst, vilket antal som helst, vilket material som helst och antal \u00e4r inget problem. Med ett ord kan alla sm\u00e5 detaljer anpassas efter din beg\u00e4ran.","publisher":{"@id":"https:\/\/sumkcaps.com\/#organization"},"potentialAction":[{"@type":"SearchAction","target":{"@type":"EntryPoint","urlTemplate":"https:\/\/sumkcaps.com\/?s={search_term_string}"},"query-input":{"@type":"PropertyValueSpecification","valueRequired":true,"valueName":"search_term_string"}}],"inLanguage":"sv-SE"},{"@type":"Organization","@id":"https:\/\/sumkcaps.com\/#organization","name":"Sumkcaps - tillverkare och leverant\u00f6rer av originalhuvudbonader i Kina","url":"https:\/\/sumkcaps.com\/","logo":{"@type":"ImageObject","inLanguage":"sv-SE","@id":"https:\/\/sumkcaps.com\/#\/schema\/logo\/image\/","url":"https:\/\/sumkcaps.com\/wp-content\/uploads\/2025\/12\/1234.jpg","contentUrl":"https:\/\/sumkcaps.com\/wp-content\/uploads\/2025\/12\/1234.jpg","width":800,"height":800,"caption":"Sumkcaps-China Original Headwear Manufacturer and Suppliers"},"image":{"@id":"https:\/\/sumkcaps.com\/#\/schema\/logo\/image\/"},"sameAs":["https:\/\/www.facebook.com\/sumkcap","https:\/\/www.instagram.com\/sumkcaps7\/","https:\/\/www.pinterest.com\/sumkcapschina\/"]}]}},"taxonomy_info":{"product_cat":[{"value":693,"label":"Hat"},{"value":967,"label":"Trucker Hat Wholesale"},{"value":971,"label":"Embroidery Trucker Hats Wholesale"}]},"featured_image_src_large":["https:\/\/sumkcaps.com\/wp-content\/uploads\/2022\/11\/6_panel_3d_embroidery_trucker_hat-1-2.jpg",750,750,false],"author_info":[],"comment_info":"","_links":{"self":[{"href":"https:\/\/sumkcaps.com\/sv\/wp-json\/wp\/v2\/product\/20141","targetHints":{"allow":["GET"]}}],"collection":[{"href":"https:\/\/sumkcaps.com\/sv\/wp-json\/wp\/v2\/product"}],"about":[{"href":"https:\/\/sumkcaps.com\/sv\/wp-json\/wp\/v2\/types\/product"}],"wp:featuredmedia":[{"embeddable":true,"href":"https:\/\/sumkcaps.com\/sv\/wp-json\/wp\/v2\/media\/20142"}],"wp:attachment":[{"href":"https:\/\/sumkcaps.com\/sv\/wp-json\/wp\/v2\/media?parent=20141"}],"wp:term":[{"taxonomy":"product_brand","embeddable":true,"href":"https:\/\/sumkcaps.com\/sv\/wp-json\/wp\/v2\/product_brand?post=20141"},{"taxonomy":"product_cat","embeddable":true,"href":"https:\/\/sumkcaps.com\/sv\/wp-json\/wp\/v2\/product_cat?post=20141"},{"taxonomy":"product_tag","embeddable":true,"href":"https:\/\/sumkcaps.com\/sv\/wp-json\/wp\/v2\/product_tag?post=20141"}],"curies":[{"name":"wp","href":"https:\/\/api.w.org\/{rel}","templated":true}]}}