{"id":19870,"date":"2022-11-11T09:20:00","date_gmt":"2022-11-11T01:20:00","guid":{"rendered":"https:\/\/sumkcaps.com\/?post_type=product&#038;p=19870"},"modified":"2026-01-22T09:35:12","modified_gmt":"2026-01-22T01:35:12","slug":"sufox-231278-custom-seven-panel-rubber-patch-snapback-cap","status":"publish","type":"product","link":"https:\/\/sumkcaps.com\/sv\/produkt\/sufox-231278-custom-snapback-keps-med-sju-paneler-och-gummilapp\/","title":{"rendered":"Sumkcaps 231278 Custom Snapback-keps med sju paneler och gummilapp"},"content":{"rendered":"<h3 data-start=\"66\" data-end=\"400\"><strong data-start=\"66\" data-end=\"80\">Dekoration<\/strong><\/h3>\n<p data-start=\"66\" data-end=\"400\">Denna snapbackkeps med sju paneler har en helt anpassningsbar gummilapp som erbjuder en modern, h\u00e5llbar och i\u00f6gonfallande varum\u00e4rkesl\u00f6sning. Gummilappar ger en ren 3D-effekt, stark textur och utm\u00e4rkt motst\u00e5ndskraft mot slitage, fukt och deformation, vilket g\u00f6r dem idealiska f\u00f6r streetwear-varum\u00e4rken och reklamanv\u00e4ndning.<\/p>\n<h3 data-start=\"402\" data-end=\"679\"><strong data-start=\"402\" data-end=\"414\">Material<\/strong><\/h3>\n<p data-start=\"402\" data-end=\"679\">Kepsen \u00e4r tillverkad av 100% h\u00f6gkvalitativ bomull och ger en mjuk handk\u00e4nsla, god andningsf\u00f6rm\u00e5ga och p\u00e5litlig h\u00e5llbarhet. Bomullstyget ger komfort hela dagen samtidigt som det beh\u00e5ller sin struktur, vilket g\u00f6r den l\u00e4mplig f\u00f6r b\u00e5de fritidskl\u00e4der och l\u00e5ngvarig anv\u00e4ndning under olika \u00e5rstider.<\/p>\n<h3 data-start=\"681\" data-end=\"933\"><strong data-start=\"681\" data-end=\"690\">F\u00e4rg<\/strong><\/h3>\n<p data-start=\"681\" data-end=\"933\">Finns i en snygg gr\u00e5 bas med m\u00f6jlighet till fullf\u00e4rgstillpassning. Oavsett om du beh\u00f6ver enf\u00e4rgade f\u00e4rger, varum\u00e4rkesspecifika toner eller Pantone-matchade nyanser kan kepsen tillverkas s\u00e5 att den passar perfekt till din varum\u00e4rkesidentitet eller ditt kollektionstema.<\/p>\n<h3 data-start=\"935\" data-end=\"1164\"><strong data-start=\"935\" data-end=\"949\">Passform och storlek<\/strong><\/h3>\n<p data-start=\"935\" data-end=\"1164\">Denna snapback-keps \u00e4r designad med en OSFM-passform (7 - 7 3\/4) och passar ett brett spektrum av huvudstorlekar. Den justerbara snapback-st\u00e4ngningen ger en s\u00e4ker och bekv\u00e4m passform samtidigt som den beh\u00e5ller en klassisk snapback-silhuett.<\/p>\n<h3 data-start=\"1166\" data-end=\"1379\"><strong data-start=\"1166\" data-end=\"1175\">Visir<\/strong><\/h3>\n<p data-start=\"1166\" data-end=\"1379\">Det platta visiret ger en dj\u00e4rv, modern look som \u00e4r popul\u00e4r inom streetwear och urbant mode. Det ger ocks\u00e5 ett effektivt solskydd samtidigt som det f\u00f6rst\u00e4rker kepsens skarpa, strukturerade utseende.<\/p>\n<h3 data-start=\"1381\" data-end=\"1619\"><strong data-start=\"1381\" data-end=\"1392\">Service<\/strong><\/h3>\n<p data-start=\"1381\" data-end=\"1619\">Sumkcaps erbjuder professionella OEM- och ODM-tj\u00e4nster, med st\u00f6d f\u00f6r fullst\u00e4ndig anpassning fr\u00e5n designutveckling till massproduktion. V\u00e5rt erfarna team hj\u00e4lper varum\u00e4rken att f\u00f6rvandla kreativa koncept till h\u00f6gkvalitativa f\u00e4rdiga kepsar p\u00e5 ett effektivt s\u00e4tt.<\/p>\n<h3 data-start=\"1621\" data-end=\"1861\"><strong data-start=\"1621\" data-end=\"1640\">Genomf\u00f6randetid<\/strong><\/h3>\n<p data-start=\"1621\" data-end=\"1861\" data-is-last-node=\"\" data-is-only-node=\"\">Provproduktionen tar cirka 7-9 arbetsdagar, vilket m\u00f6jligg\u00f6r snabb validering av designen. Bulkproduktionen \u00e4r klar inom 18-22 arbetsdagar, vilket ger tillf\u00f6rlitliga ledtider f\u00f6r s\u00e4songslanseringar och grossistorder.<\/p>","protected":false},"excerpt":{"rendered":"<p>Sumkcaps 231278 Custom Seven Panel Rubber Patch Snapback Cap \u00e4r en av popul\u00e4ra kepsar, l\u00e4tt och andningsbar v\u00e4l. V\u00e5ra Snapbacks kommer i en m\u00e4ngd olika stilar och f\u00e4rger fr\u00e5n alla de b\u00e4sta varum\u00e4rkena.<\/p>","protected":false},"featured_media":19871,"template":"","meta":{"_acf_changed":false,"_kad_blocks_custom_css":"","_kad_blocks_head_custom_js":"","_kad_blocks_body_custom_js":"","_kad_blocks_footer_custom_js":""},"product_brand":[],"product_cat":[42],"product_tag":[],"class_list":{"0":"post-19870","1":"product","2":"type-product","3":"status-publish","4":"has-post-thumbnail","6":"product_cat-snapback-cap","8":"first","9":"outofstock","10":"shipping-taxable","11":"product-type-simple"},"acf":[],"yoast_head":"<!-- This site is optimized with the Yoast SEO Premium plugin v20.8 (Yoast SEO v25.9) - https:\/\/yoast.com\/wordpress\/plugins\/seo\/ -->\n<title>Custom 7 Panel Rubber Patch Snapback Cap | China Manufactuer<\/title>\n<meta name=\"description\" content=\"High Quality China Custom Headwear Manufacturer. Top Quality Products At Best Prices. Add Your Logo or Custom Design Online. Expert Service. Bulk Discount.\" \/>\n<meta name=\"robots\" content=\"index, follow, max-snippet:-1, max-image-preview:large, max-video-preview:-1\" \/>\n<link rel=\"canonical\" href=\"https:\/\/sumkcaps.com\/sv\/produkt\/sufox-231278-custom-snapback-keps-med-sju-paneler-och-gummilapp\/\" \/>\n<meta property=\"og:locale\" content=\"sv_SE\" \/>\n<meta property=\"og:type\" content=\"article\" \/>\n<meta property=\"og:title\" content=\"Sumkcaps 231278 Custom Seven Panel Rubber Patch Snapback Cap - Sumkcaps\" \/>\n<meta property=\"og:description\" content=\"High Quality China Custom Headwear Manufacturer. Top Quality Products At Best Prices. Add Your Logo or Custom Design Online. Expert Service. Bulk Discount.\" \/>\n<meta property=\"og:url\" content=\"https:\/\/sumkcaps.com\/sv\/produkt\/sufox-231278-custom-snapback-keps-med-sju-paneler-och-gummilapp\/\" \/>\n<meta property=\"og:site_name\" content=\"Sumkcaps-China Original Headwear Manufacturer and Suppliers\" \/>\n<meta property=\"article:publisher\" content=\"https:\/\/www.facebook.com\/sumkcap\" \/>\n<meta property=\"article:modified_time\" content=\"2026-01-22T01:35:12+00:00\" \/>\n<meta property=\"og:image\" content=\"https:\/\/sumkcaps.com\/wp-content\/uploads\/2022\/11\/rubber_patch_7_panel_snapback_cap-1-1.jpg\" \/>\n\t<meta property=\"og:image:width\" content=\"1000\" \/>\n\t<meta property=\"og:image:height\" content=\"1000\" \/>\n\t<meta property=\"og:image:type\" content=\"image\/jpeg\" \/>\n<meta name=\"twitter:card\" content=\"summary_large_image\" \/>\n<meta name=\"twitter:label1\" content=\"Ber\u00e4knad l\u00e4stid\" \/>\n\t<meta name=\"twitter:data1\" content=\"2 minuter\" \/>\n<script type=\"application\/ld+json\" class=\"yoast-schema-graph\">{\"@context\":\"https:\/\/schema.org\",\"@graph\":[{\"@type\":\"WebPage\",\"@id\":\"https:\/\/sumkcaps.com\/product\/sufox-231278-custom-seven-panel-rubber-patch-snapback-cap\/\",\"url\":\"https:\/\/sumkcaps.com\/product\/sufox-231278-custom-seven-panel-rubber-patch-snapback-cap\/\",\"name\":\"Custom 7 Panel Rubber Patch Snapback Cap | China Manufactuer\",\"isPartOf\":{\"@id\":\"https:\/\/sumkcaps.com\/#website\"},\"primaryImageOfPage\":{\"@id\":\"https:\/\/sumkcaps.com\/product\/sufox-231278-custom-seven-panel-rubber-patch-snapback-cap\/#primaryimage\"},\"image\":{\"@id\":\"https:\/\/sumkcaps.com\/product\/sufox-231278-custom-seven-panel-rubber-patch-snapback-cap\/#primaryimage\"},\"thumbnailUrl\":\"https:\/\/sumkcaps.com\/wp-content\/uploads\/2022\/11\/rubber_patch_7_panel_snapback_cap-1-1.jpg\",\"datePublished\":\"2022-11-11T01:20:00+00:00\",\"dateModified\":\"2026-01-22T01:35:12+00:00\",\"description\":\"High Quality China Custom Headwear Manufacturer. Top Quality Products At Best Prices. Add Your Logo or Custom Design Online. Expert Service. Bulk Discount.\",\"breadcrumb\":{\"@id\":\"https:\/\/sumkcaps.com\/product\/sufox-231278-custom-seven-panel-rubber-patch-snapback-cap\/#breadcrumb\"},\"inLanguage\":\"sv-SE\",\"potentialAction\":[{\"@type\":\"ReadAction\",\"target\":[\"https:\/\/sumkcaps.com\/product\/sufox-231278-custom-seven-panel-rubber-patch-snapback-cap\/\"]}]},{\"@type\":\"ImageObject\",\"inLanguage\":\"sv-SE\",\"@id\":\"https:\/\/sumkcaps.com\/product\/sufox-231278-custom-seven-panel-rubber-patch-snapback-cap\/#primaryimage\",\"url\":\"https:\/\/sumkcaps.com\/wp-content\/uploads\/2022\/11\/rubber_patch_7_panel_snapback_cap-1-1.jpg\",\"contentUrl\":\"https:\/\/sumkcaps.com\/wp-content\/uploads\/2022\/11\/rubber_patch_7_panel_snapback_cap-1-1.jpg\",\"width\":1000,\"height\":1000},{\"@type\":\"BreadcrumbList\",\"@id\":\"https:\/\/sumkcaps.com\/product\/sufox-231278-custom-seven-panel-rubber-patch-snapback-cap\/#breadcrumb\",\"itemListElement\":[{\"@type\":\"ListItem\",\"position\":1,\"name\":\"Home\",\"item\":\"https:\/\/sumkcaps.com\/\"},{\"@type\":\"ListItem\",\"position\":2,\"name\":\"Products\",\"item\":\"https:\/\/sumkcaps.com\/product\/\"},{\"@type\":\"ListItem\",\"position\":3,\"name\":\"Sumkcaps 231278 Custom Seven Panel Rubber Patch Snapback Cap\"}]},{\"@type\":\"WebSite\",\"@id\":\"https:\/\/sumkcaps.com\/#website\",\"url\":\"https:\/\/sumkcaps.com\/\",\"name\":\"Sumkcaps-China Original Headwear Manufacturer and Suppliers\",\"description\":\"We are China Cap And Hat Original Factory, whose main business is to custom cap and hat as client&#039;s LOGO. Any cap style, any cap color, any qty, any material and qty is no problem. In one words, any small details can be customized as your request.\",\"publisher\":{\"@id\":\"https:\/\/sumkcaps.com\/#organization\"},\"potentialAction\":[{\"@type\":\"SearchAction\",\"target\":{\"@type\":\"EntryPoint\",\"urlTemplate\":\"https:\/\/sumkcaps.com\/?s={search_term_string}\"},\"query-input\":{\"@type\":\"PropertyValueSpecification\",\"valueRequired\":true,\"valueName\":\"search_term_string\"}}],\"inLanguage\":\"sv-SE\"},{\"@type\":\"Organization\",\"@id\":\"https:\/\/sumkcaps.com\/#organization\",\"name\":\"Sumkcaps-China Original Headwear Manufacturer and Suppliers\",\"url\":\"https:\/\/sumkcaps.com\/\",\"logo\":{\"@type\":\"ImageObject\",\"inLanguage\":\"sv-SE\",\"@id\":\"https:\/\/sumkcaps.com\/#\/schema\/logo\/image\/\",\"url\":\"https:\/\/sumkcaps.com\/wp-content\/uploads\/2025\/12\/1234.jpg\",\"contentUrl\":\"https:\/\/sumkcaps.com\/wp-content\/uploads\/2025\/12\/1234.jpg\",\"width\":800,\"height\":800,\"caption\":\"Sumkcaps-China Original Headwear Manufacturer and Suppliers\"},\"image\":{\"@id\":\"https:\/\/sumkcaps.com\/#\/schema\/logo\/image\/\"},\"sameAs\":[\"https:\/\/www.facebook.com\/sumkcap\",\"https:\/\/www.instagram.com\/sumkcaps7\/\",\"https:\/\/www.pinterest.com\/sumkcapschina\/\"]}]}<\/script>\n<!-- \/ Yoast SEO Premium plugin. -->","yoast_head_json":{"title":"Anpassad 7 panel gummi patch snapback keps | Kina tillverkare","description":"H\u00f6gkvalitativ tillverkare av anpassade huvudbonader i Kina. Produkter av h\u00f6gsta kvalitet till b\u00e4sta priser. L\u00e4gg till din logotyp eller anpassad design online. Expert service. Bulk rabatt.","robots":{"index":"index","follow":"follow","max-snippet":"max-snippet:-1","max-image-preview":"max-image-preview:large","max-video-preview":"max-video-preview:-1"},"canonical":"https:\/\/sumkcaps.com\/sv\/produkt\/sufox-231278-custom-snapback-keps-med-sju-paneler-och-gummilapp\/","og_locale":"sv_SE","og_type":"article","og_title":"Sumkcaps 231278 Custom Seven Panel Rubber Patch Snapback Cap - Sumkcaps","og_description":"High Quality China Custom Headwear Manufacturer. Top Quality Products At Best Prices. Add Your Logo or Custom Design Online. Expert Service. Bulk Discount.","og_url":"https:\/\/sumkcaps.com\/sv\/produkt\/sufox-231278-custom-snapback-keps-med-sju-paneler-och-gummilapp\/","og_site_name":"Sumkcaps-China Original Headwear Manufacturer and Suppliers","article_publisher":"https:\/\/www.facebook.com\/sumkcap","article_modified_time":"2026-01-22T01:35:12+00:00","og_image":[{"width":1000,"height":1000,"url":"https:\/\/sumkcaps.com\/wp-content\/uploads\/2022\/11\/rubber_patch_7_panel_snapback_cap-1-1.jpg","type":"image\/jpeg"}],"twitter_card":"summary_large_image","twitter_misc":{"Ber\u00e4knad l\u00e4stid":"2 minuter"},"schema":{"@context":"https:\/\/schema.org","@graph":[{"@type":"WebPage","@id":"https:\/\/sumkcaps.com\/product\/sufox-231278-custom-seven-panel-rubber-patch-snapback-cap\/","url":"https:\/\/sumkcaps.com\/product\/sufox-231278-custom-seven-panel-rubber-patch-snapback-cap\/","name":"Anpassad 7 panel gummi patch snapback keps | Kina tillverkare","isPartOf":{"@id":"https:\/\/sumkcaps.com\/#website"},"primaryImageOfPage":{"@id":"https:\/\/sumkcaps.com\/product\/sufox-231278-custom-seven-panel-rubber-patch-snapback-cap\/#primaryimage"},"image":{"@id":"https:\/\/sumkcaps.com\/product\/sufox-231278-custom-seven-panel-rubber-patch-snapback-cap\/#primaryimage"},"thumbnailUrl":"https:\/\/sumkcaps.com\/wp-content\/uploads\/2022\/11\/rubber_patch_7_panel_snapback_cap-1-1.jpg","datePublished":"2022-11-11T01:20:00+00:00","dateModified":"2026-01-22T01:35:12+00:00","description":"H\u00f6gkvalitativ tillverkare av anpassade huvudbonader i Kina. Produkter av h\u00f6gsta kvalitet till b\u00e4sta priser. L\u00e4gg till din logotyp eller anpassad design online. Expert service. Bulk rabatt.","breadcrumb":{"@id":"https:\/\/sumkcaps.com\/product\/sufox-231278-custom-seven-panel-rubber-patch-snapback-cap\/#breadcrumb"},"inLanguage":"sv-SE","potentialAction":[{"@type":"ReadAction","target":["https:\/\/sumkcaps.com\/product\/sufox-231278-custom-seven-panel-rubber-patch-snapback-cap\/"]}]},{"@type":"ImageObject","inLanguage":"sv-SE","@id":"https:\/\/sumkcaps.com\/product\/sufox-231278-custom-seven-panel-rubber-patch-snapback-cap\/#primaryimage","url":"https:\/\/sumkcaps.com\/wp-content\/uploads\/2022\/11\/rubber_patch_7_panel_snapback_cap-1-1.jpg","contentUrl":"https:\/\/sumkcaps.com\/wp-content\/uploads\/2022\/11\/rubber_patch_7_panel_snapback_cap-1-1.jpg","width":1000,"height":1000},{"@type":"BreadcrumbList","@id":"https:\/\/sumkcaps.com\/product\/sufox-231278-custom-seven-panel-rubber-patch-snapback-cap\/#breadcrumb","itemListElement":[{"@type":"ListItem","position":1,"name":"Home","item":"https:\/\/sumkcaps.com\/"},{"@type":"ListItem","position":2,"name":"Products","item":"https:\/\/sumkcaps.com\/product\/"},{"@type":"ListItem","position":3,"name":"Sumkcaps 231278 Custom Seven Panel Rubber Patch Snapback Cap"}]},{"@type":"WebSite","@id":"https:\/\/sumkcaps.com\/#website","url":"https:\/\/sumkcaps.com\/","name":"Sumkcaps - tillverkare och leverant\u00f6rer av originalhuvudbonader i Kina","description":"Vi \u00e4r China Cap And Hat Original Factory, vars huvudsakliga verksamhet \u00e4r att anpassa m\u00f6ssa och hatt som klient &amp; #03939; s LOGO. Vilken keps som helst, vilken kepsf\u00e4rg som helst, vilket antal som helst, vilket material som helst och antal \u00e4r inget problem. Med ett ord kan alla sm\u00e5 detaljer anpassas efter din beg\u00e4ran.","publisher":{"@id":"https:\/\/sumkcaps.com\/#organization"},"potentialAction":[{"@type":"SearchAction","target":{"@type":"EntryPoint","urlTemplate":"https:\/\/sumkcaps.com\/?s={search_term_string}"},"query-input":{"@type":"PropertyValueSpecification","valueRequired":true,"valueName":"search_term_string"}}],"inLanguage":"sv-SE"},{"@type":"Organization","@id":"https:\/\/sumkcaps.com\/#organization","name":"Sumkcaps - tillverkare och leverant\u00f6rer av originalhuvudbonader i Kina","url":"https:\/\/sumkcaps.com\/","logo":{"@type":"ImageObject","inLanguage":"sv-SE","@id":"https:\/\/sumkcaps.com\/#\/schema\/logo\/image\/","url":"https:\/\/sumkcaps.com\/wp-content\/uploads\/2025\/12\/1234.jpg","contentUrl":"https:\/\/sumkcaps.com\/wp-content\/uploads\/2025\/12\/1234.jpg","width":800,"height":800,"caption":"Sumkcaps-China Original Headwear Manufacturer and Suppliers"},"image":{"@id":"https:\/\/sumkcaps.com\/#\/schema\/logo\/image\/"},"sameAs":["https:\/\/www.facebook.com\/sumkcap","https:\/\/www.instagram.com\/sumkcaps7\/","https:\/\/www.pinterest.com\/sumkcapschina\/"]}]}},"taxonomy_info":{"product_cat":[{"value":42,"label":"Snapback Hats Wholesale"}]},"featured_image_src_large":["https:\/\/sumkcaps.com\/wp-content\/uploads\/2022\/11\/rubber_patch_7_panel_snapback_cap-1-1.jpg",800,800,false],"author_info":[],"comment_info":"","_links":{"self":[{"href":"https:\/\/sumkcaps.com\/sv\/wp-json\/wp\/v2\/product\/19870","targetHints":{"allow":["GET"]}}],"collection":[{"href":"https:\/\/sumkcaps.com\/sv\/wp-json\/wp\/v2\/product"}],"about":[{"href":"https:\/\/sumkcaps.com\/sv\/wp-json\/wp\/v2\/types\/product"}],"wp:featuredmedia":[{"embeddable":true,"href":"https:\/\/sumkcaps.com\/sv\/wp-json\/wp\/v2\/media\/19871"}],"wp:attachment":[{"href":"https:\/\/sumkcaps.com\/sv\/wp-json\/wp\/v2\/media?parent=19870"}],"wp:term":[{"taxonomy":"product_brand","embeddable":true,"href":"https:\/\/sumkcaps.com\/sv\/wp-json\/wp\/v2\/product_brand?post=19870"},{"taxonomy":"product_cat","embeddable":true,"href":"https:\/\/sumkcaps.com\/sv\/wp-json\/wp\/v2\/product_cat?post=19870"},{"taxonomy":"product_tag","embeddable":true,"href":"https:\/\/sumkcaps.com\/sv\/wp-json\/wp\/v2\/product_tag?post=19870"}],"curies":[{"name":"wp","href":"https:\/\/api.w.org\/{rel}","templated":true}]}}