{"id":19685,"date":"2022-11-10T14:56:01","date_gmt":"2022-11-10T06:56:01","guid":{"rendered":"https:\/\/sumkcaps.com\/?post_type=product&#038;p=19685"},"modified":"2025-07-30T14:57:01","modified_gmt":"2025-07-30T06:57:01","slug":"sufox-231255-custom-five-panel-3d-embroidery-trucker-hat","status":"publish","type":"product","link":"https:\/\/sumkcaps.com\/sv\/produkt\/sufox-231255-anpassad-fem-panel-3d-broderi-truckerhatt\/","title":{"rendered":"Anpassad fempanel 3D-broderi Trucker Hat Wholesale"},"content":{"rendered":"<p>Custom Five Panel 3D Embroidery Trucker Hat f\u00f6rkroppsligar modern stil med sin snygga design. Det intrikata 3D-broderiet ger en touch av sofistikering, vilket g\u00f6r den till ett framtr\u00e4dande tillbeh\u00f6r f\u00f6r alla kl\u00e4der. Tillverkad av h\u00f6gkvalitativa material, garanterar denna hatt h\u00e5llbarhet och en bekv\u00e4m passform f\u00f6r l\u00e5ngvarigt slitage. Den justerbara passformen g\u00f6r det m\u00f6jligt att anpassa storleken och ger optimal komfort f\u00f6r alla huvudformer och storlekar. Den h\u00e4r hatten finns i olika f\u00e4rger och erbjuder n\u00e5got f\u00f6r alla.<\/p>\n<h3 data-start=\"86\" data-end=\"123\"><strong data-start=\"93\" data-end=\"123\">Anpassning och dekorering<\/strong><\/h3>\n<ul data-start=\"124\" data-end=\"384\">\n<li data-start=\"124\" data-end=\"203\">\n<p data-start=\"126\" data-end=\"203\"><strong data-start=\"126\" data-end=\"148\">Dekorationsalternativ<\/strong>: 3D-broderi, helt anpassningsbara m\u00f6nster tillg\u00e4ngliga<\/p>\n<\/li>\n<li data-start=\"204\" data-end=\"285\">\n<p data-start=\"206\" data-end=\"285\"><strong data-start=\"206\" data-end=\"227\">OEM &amp; ODM-tj\u00e4nst<\/strong>: Fullt st\u00f6d f\u00f6r private label och varum\u00e4rkesanpassning<\/p>\n<\/li>\n<li data-start=\"286\" data-end=\"384\">\n<p data-start=\"288\" data-end=\"384\"><strong data-start=\"288\" data-end=\"305\">F\u00e4rgval<\/strong>: Finns i klassisk svart eller helt anpassad f\u00f6r att matcha din varum\u00e4rkesidentitet<\/p>\n<\/li>\n<\/ul>\n<h3 data-start=\"391\" data-end=\"425\"><strong data-start=\"398\" data-end=\"425\">Material &amp; konstruktion<\/strong><\/h3>\n<ul data-start=\"426\" data-end=\"663\">\n<li data-start=\"426\" data-end=\"525\">\n<p data-start=\"428\" data-end=\"525\"><strong data-start=\"428\" data-end=\"440\">Material<\/strong>: Frontpaneler i slitstark bomull med baksida i ventilerande mesh f\u00f6r komfort och ventilation<\/p>\n<\/li>\n<li data-start=\"526\" data-end=\"595\">\n<p data-start=\"528\" data-end=\"595\"><strong data-start=\"528\" data-end=\"541\">Struktur<\/strong>: 5-panelskonstruktion som ger ett snyggt, modernt utseende<\/p>\n<\/li>\n<li data-start=\"596\" data-end=\"663\">\n<p data-start=\"598\" data-end=\"663\"><strong data-start=\"598\" data-end=\"607\">Visir<\/strong>: F\u00f6rb\u00f6jd sk\u00e4rm f\u00f6r en klassisk passform och solskydd<\/p>\n<\/li>\n<\/ul>\n<h3 data-start=\"670\" data-end=\"693\"><strong data-start=\"677\" data-end=\"693\">Passform och storlek<\/strong><\/h3>\n<ul data-start=\"694\" data-end=\"837\">\n<li data-start=\"694\" data-end=\"767\">\n<p data-start=\"696\" data-end=\"767\"><strong data-start=\"696\" data-end=\"703\">Passform<\/strong>: One Size Fits Most (OSFM), l\u00e4mplig f\u00f6r huvudstorlekarna 7 - 7 3\/4<\/p>\n<\/li>\n<li data-start=\"768\" data-end=\"837\">\n<p data-start=\"770\" data-end=\"837\"><strong data-start=\"770\" data-end=\"781\">F\u00f6rslutning<\/strong>: Justerbar rem f\u00f6r flexibel storlek och s\u00e4ker anv\u00e4ndning<\/p>\n<\/li>\n<\/ul>\n<h3 data-start=\"844\" data-end=\"871\"><strong data-start=\"851\" data-end=\"871\">MOQ &amp; Produktion<\/strong><\/h3>\n<ul data-start=\"872\" data-end=\"1060\">\n<li data-start=\"872\" data-end=\"963\">\n<p data-start=\"874\" data-end=\"963\"><strong data-start=\"874\" data-end=\"881\">MOQ<\/strong>: 200 exemplar per design och f\u00e4rg - perfekt f\u00f6r v\u00e4xande varum\u00e4rken och kundanpassade projekt<\/p>\n<\/li>\n<li data-start=\"964\" data-end=\"1060\">\n<p data-start=\"966\" data-end=\"1060\"><strong data-start=\"966\" data-end=\"985\">Produktionstyp<\/strong>: Support f\u00f6r stora best\u00e4llningar med snabba leveranstider och skalbar leverans<\/p>\n<\/li>\n<\/ul>\n<p>Sk\u00e4m bort dig sj\u00e4lv med kundanpassning med <strong>Custom Five Panel Truckerhatt med 3D-brodyr<\/strong>, skr\u00e4ddarsydda f\u00f6r att matcha ditt varum\u00e4rkes identitet. Perfekta f\u00f6r alla situationer, oavsett om det g\u00e4ller fritidskl\u00e4der eller reklamevenemang. De strategiskt placerade \u00f6ljetterna ger utm\u00e4rkt ventilation och h\u00e5ller huvudet svalt och bekv\u00e4mt. Det kraftiga br\u00e4ttet ger ett bra solskydd, vilket g\u00f6r den till ett praktiskt val f\u00f6r utomhusaktiviteter.<\/p>\n<p><strong>Sumkcaps, med 20 \u00e5rs erfarenhet<\/strong>erbjuder f\u00f6rstklassig kvalitet med l\u00e5g MOQ, vilket ger dig det b\u00e4sta v\u00e4rdet f\u00f6r din investering. Uppt\u00e4ck varf\u00f6r f\u00f6retag \u00f6ver hela v\u00e4rlden litar p\u00e5 oss f\u00f6r deras huvudbonadbehov. Kontakta oss idag f\u00f6r att placera din grossistorder!<\/p>","protected":false},"excerpt":{"rendered":"<p>Sumkcaps 231255 Custom Five Panel 3D Broderi Trucker Hat \u00e4r en av popul\u00e4ra Cap Style, l\u00e4tt vikt och andas v\u00e4l. Perfekt hatt f\u00f6r ditt lilla f\u00f6retag, sportlag, specialevenemang och mer. \u00c4ndra din egen logotyp enkelt. Uppt\u00e4ck v\u00e5r anpassade fempanel 3D-broderi Trucker Hat. Perfekt designad f\u00f6r komfort och stil. H\u00f6gkvalitativa material och justerbar passform. Best\u00e4ll grossist nu!<\/p>","protected":false},"featured_media":19686,"template":"","meta":{"_acf_changed":false,"_kad_blocks_custom_css":"","_kad_blocks_head_custom_js":"","_kad_blocks_body_custom_js":"","_kad_blocks_footer_custom_js":""},"product_brand":[],"product_cat":[693,942,943],"product_tag":[],"class_list":{"0":"post-19685","1":"product","2":"type-product","3":"status-publish","4":"has-post-thumbnail","6":"product_cat-hat","7":"product_cat-5-panel-trucker-hat","8":"product_cat-custom-embroidered-5-panel-hats","10":"first","11":"outofstock","12":"shipping-taxable","13":"product-type-simple"},"acf":[],"yoast_head":"<!-- This site is optimized with the Yoast SEO Premium plugin v20.8 (Yoast SEO v25.9) - https:\/\/yoast.com\/wordpress\/plugins\/seo\/ -->\n<title>Custom Five Panel 3D Embroidery Trucker Hat Wholesale<\/title>\n<meta name=\"description\" content=\"Discover our Custom 5 Panel 3D Embroidery Trucker Hat\u2014premium comfort, breathable mesh, and stylish fit. Perfect for branding. Order wholesale today!\" \/>\n<meta name=\"robots\" content=\"index, follow, max-snippet:-1, max-image-preview:large, max-video-preview:-1\" \/>\n<link rel=\"canonical\" href=\"https:\/\/sumkcaps.com\/sv\/produkt\/sufox-231255-anpassad-fem-panel-3d-broderi-truckerhatt\/\" \/>\n<meta property=\"og:locale\" content=\"sv_SE\" \/>\n<meta property=\"og:type\" content=\"article\" \/>\n<meta property=\"og:title\" content=\"Custom Five Panel 3D Embroidery Trucker Hat Wholesale - Sumkcaps\" \/>\n<meta property=\"og:description\" content=\"Discover our Custom 5 Panel 3D Embroidery Trucker Hat\u2014premium comfort, breathable mesh, and stylish fit. Perfect for branding. Order wholesale today!\" \/>\n<meta property=\"og:url\" content=\"https:\/\/sumkcaps.com\/sv\/produkt\/sufox-231255-anpassad-fem-panel-3d-broderi-truckerhatt\/\" \/>\n<meta property=\"og:site_name\" content=\"Sumkcaps-China Original Headwear Manufacturer and Suppliers\" \/>\n<meta property=\"article:publisher\" content=\"https:\/\/www.facebook.com\/sumkcap\" \/>\n<meta property=\"article:modified_time\" content=\"2025-07-30T06:57:01+00:00\" \/>\n<meta property=\"og:image\" content=\"https:\/\/sumkcaps.com\/wp-content\/uploads\/2022\/11\/5_panel_3d_embroidery_trucker_hat-1.jpg\" \/>\n\t<meta property=\"og:image:width\" content=\"1000\" \/>\n\t<meta property=\"og:image:height\" content=\"1000\" \/>\n\t<meta property=\"og:image:type\" content=\"image\/jpeg\" \/>\n<meta name=\"twitter:card\" content=\"summary_large_image\" \/>\n<meta name=\"twitter:label1\" content=\"Ber\u00e4knad l\u00e4stid\" \/>\n\t<meta name=\"twitter:data1\" content=\"2 minuter\" \/>\n<script type=\"application\/ld+json\" class=\"yoast-schema-graph\">{\"@context\":\"https:\/\/schema.org\",\"@graph\":[{\"@type\":\"WebPage\",\"@id\":\"https:\/\/sumkcaps.com\/product\/sufox-231255-custom-five-panel-3d-embroidery-trucker-hat\/\",\"url\":\"https:\/\/sumkcaps.com\/product\/sufox-231255-custom-five-panel-3d-embroidery-trucker-hat\/\",\"name\":\"Custom Five Panel 3D Embroidery Trucker Hat Wholesale\",\"isPartOf\":{\"@id\":\"https:\/\/sumkcaps.com\/#website\"},\"primaryImageOfPage\":{\"@id\":\"https:\/\/sumkcaps.com\/product\/sufox-231255-custom-five-panel-3d-embroidery-trucker-hat\/#primaryimage\"},\"image\":{\"@id\":\"https:\/\/sumkcaps.com\/product\/sufox-231255-custom-five-panel-3d-embroidery-trucker-hat\/#primaryimage\"},\"thumbnailUrl\":\"https:\/\/sumkcaps.com\/wp-content\/uploads\/2022\/11\/5_panel_3d_embroidery_trucker_hat-1.jpg\",\"datePublished\":\"2022-11-10T06:56:01+00:00\",\"dateModified\":\"2025-07-30T06:57:01+00:00\",\"description\":\"Discover our Custom 5 Panel 3D Embroidery Trucker Hat\u2014premium comfort, breathable mesh, and stylish fit. Perfect for branding. Order wholesale today!\",\"breadcrumb\":{\"@id\":\"https:\/\/sumkcaps.com\/product\/sufox-231255-custom-five-panel-3d-embroidery-trucker-hat\/#breadcrumb\"},\"inLanguage\":\"sv-SE\",\"potentialAction\":[{\"@type\":\"ReadAction\",\"target\":[\"https:\/\/sumkcaps.com\/product\/sufox-231255-custom-five-panel-3d-embroidery-trucker-hat\/\"]}]},{\"@type\":\"ImageObject\",\"inLanguage\":\"sv-SE\",\"@id\":\"https:\/\/sumkcaps.com\/product\/sufox-231255-custom-five-panel-3d-embroidery-trucker-hat\/#primaryimage\",\"url\":\"https:\/\/sumkcaps.com\/wp-content\/uploads\/2022\/11\/5_panel_3d_embroidery_trucker_hat-1.jpg\",\"contentUrl\":\"https:\/\/sumkcaps.com\/wp-content\/uploads\/2022\/11\/5_panel_3d_embroidery_trucker_hat-1.jpg\",\"width\":1000,\"height\":1000,\"caption\":\"Custom Five Panel 3D Embroidery Trucker Hat Wholesale\"},{\"@type\":\"BreadcrumbList\",\"@id\":\"https:\/\/sumkcaps.com\/product\/sufox-231255-custom-five-panel-3d-embroidery-trucker-hat\/#breadcrumb\",\"itemListElement\":[{\"@type\":\"ListItem\",\"position\":1,\"name\":\"Home\",\"item\":\"https:\/\/sumkcaps.com\/\"},{\"@type\":\"ListItem\",\"position\":2,\"name\":\"Products\",\"item\":\"https:\/\/sumkcaps.com\/product\/\"},{\"@type\":\"ListItem\",\"position\":3,\"name\":\"Custom Five Panel 3D Embroidery Trucker Hat Wholesale\"}]},{\"@type\":\"WebSite\",\"@id\":\"https:\/\/sumkcaps.com\/#website\",\"url\":\"https:\/\/sumkcaps.com\/\",\"name\":\"Sumkcaps-China Original Headwear Manufacturer and Suppliers\",\"description\":\"We are China Cap And Hat Original Factory, whose main business is to custom cap and hat as client&#039;s LOGO. Any cap style, any cap color, any qty, any material and qty is no problem. In one words, any small details can be customized as your request.\",\"publisher\":{\"@id\":\"https:\/\/sumkcaps.com\/#organization\"},\"potentialAction\":[{\"@type\":\"SearchAction\",\"target\":{\"@type\":\"EntryPoint\",\"urlTemplate\":\"https:\/\/sumkcaps.com\/?s={search_term_string}\"},\"query-input\":{\"@type\":\"PropertyValueSpecification\",\"valueRequired\":true,\"valueName\":\"search_term_string\"}}],\"inLanguage\":\"sv-SE\"},{\"@type\":\"Organization\",\"@id\":\"https:\/\/sumkcaps.com\/#organization\",\"name\":\"Sumkcaps-China Original Headwear Manufacturer and Suppliers\",\"url\":\"https:\/\/sumkcaps.com\/\",\"logo\":{\"@type\":\"ImageObject\",\"inLanguage\":\"sv-SE\",\"@id\":\"https:\/\/sumkcaps.com\/#\/schema\/logo\/image\/\",\"url\":\"https:\/\/sumkcaps.com\/wp-content\/uploads\/2025\/12\/1234.jpg\",\"contentUrl\":\"https:\/\/sumkcaps.com\/wp-content\/uploads\/2025\/12\/1234.jpg\",\"width\":800,\"height\":800,\"caption\":\"Sumkcaps-China Original Headwear Manufacturer and Suppliers\"},\"image\":{\"@id\":\"https:\/\/sumkcaps.com\/#\/schema\/logo\/image\/\"},\"sameAs\":[\"https:\/\/www.facebook.com\/sumkcap\",\"https:\/\/www.instagram.com\/sumkcaps7\/\",\"https:\/\/www.pinterest.com\/sumkcapschina\/\"]}]}<\/script>\n<!-- \/ Yoast SEO Premium plugin. -->","yoast_head_json":{"title":"Anpassad fempanel 3D-broderi Trucker Hat Wholesale","description":"Uppt\u00e4ck v\u00e5r Custom 5 Panel 3D Embroidery Trucker Hat - f\u00f6rstklassig komfort, ventilerande mesh och snygg passform. Perfekt f\u00f6r varum\u00e4rkesprofilering. Best\u00e4ll grossist idag!","robots":{"index":"index","follow":"follow","max-snippet":"max-snippet:-1","max-image-preview":"max-image-preview:large","max-video-preview":"max-video-preview:-1"},"canonical":"https:\/\/sumkcaps.com\/sv\/produkt\/sufox-231255-anpassad-fem-panel-3d-broderi-truckerhatt\/","og_locale":"sv_SE","og_type":"article","og_title":"Custom Five Panel 3D Embroidery Trucker Hat Wholesale - Sumkcaps","og_description":"Discover our Custom 5 Panel 3D Embroidery Trucker Hat\u2014premium comfort, breathable mesh, and stylish fit. Perfect for branding. Order wholesale today!","og_url":"https:\/\/sumkcaps.com\/sv\/produkt\/sufox-231255-anpassad-fem-panel-3d-broderi-truckerhatt\/","og_site_name":"Sumkcaps-China Original Headwear Manufacturer and Suppliers","article_publisher":"https:\/\/www.facebook.com\/sumkcap","article_modified_time":"2025-07-30T06:57:01+00:00","og_image":[{"width":1000,"height":1000,"url":"https:\/\/sumkcaps.com\/wp-content\/uploads\/2022\/11\/5_panel_3d_embroidery_trucker_hat-1.jpg","type":"image\/jpeg"}],"twitter_card":"summary_large_image","twitter_misc":{"Ber\u00e4knad l\u00e4stid":"2 minuter"},"schema":{"@context":"https:\/\/schema.org","@graph":[{"@type":"WebPage","@id":"https:\/\/sumkcaps.com\/product\/sufox-231255-custom-five-panel-3d-embroidery-trucker-hat\/","url":"https:\/\/sumkcaps.com\/product\/sufox-231255-custom-five-panel-3d-embroidery-trucker-hat\/","name":"Anpassad fempanel 3D-broderi Trucker Hat Wholesale","isPartOf":{"@id":"https:\/\/sumkcaps.com\/#website"},"primaryImageOfPage":{"@id":"https:\/\/sumkcaps.com\/product\/sufox-231255-custom-five-panel-3d-embroidery-trucker-hat\/#primaryimage"},"image":{"@id":"https:\/\/sumkcaps.com\/product\/sufox-231255-custom-five-panel-3d-embroidery-trucker-hat\/#primaryimage"},"thumbnailUrl":"https:\/\/sumkcaps.com\/wp-content\/uploads\/2022\/11\/5_panel_3d_embroidery_trucker_hat-1.jpg","datePublished":"2022-11-10T06:56:01+00:00","dateModified":"2025-07-30T06:57:01+00:00","description":"Uppt\u00e4ck v\u00e5r Custom 5 Panel 3D Embroidery Trucker Hat - f\u00f6rstklassig komfort, ventilerande mesh och snygg passform. Perfekt f\u00f6r varum\u00e4rkesprofilering. Best\u00e4ll grossist idag!","breadcrumb":{"@id":"https:\/\/sumkcaps.com\/product\/sufox-231255-custom-five-panel-3d-embroidery-trucker-hat\/#breadcrumb"},"inLanguage":"sv-SE","potentialAction":[{"@type":"ReadAction","target":["https:\/\/sumkcaps.com\/product\/sufox-231255-custom-five-panel-3d-embroidery-trucker-hat\/"]}]},{"@type":"ImageObject","inLanguage":"sv-SE","@id":"https:\/\/sumkcaps.com\/product\/sufox-231255-custom-five-panel-3d-embroidery-trucker-hat\/#primaryimage","url":"https:\/\/sumkcaps.com\/wp-content\/uploads\/2022\/11\/5_panel_3d_embroidery_trucker_hat-1.jpg","contentUrl":"https:\/\/sumkcaps.com\/wp-content\/uploads\/2022\/11\/5_panel_3d_embroidery_trucker_hat-1.jpg","width":1000,"height":1000,"caption":"Custom Five Panel 3D Embroidery Trucker Hat Wholesale"},{"@type":"BreadcrumbList","@id":"https:\/\/sumkcaps.com\/product\/sufox-231255-custom-five-panel-3d-embroidery-trucker-hat\/#breadcrumb","itemListElement":[{"@type":"ListItem","position":1,"name":"Home","item":"https:\/\/sumkcaps.com\/"},{"@type":"ListItem","position":2,"name":"Products","item":"https:\/\/sumkcaps.com\/product\/"},{"@type":"ListItem","position":3,"name":"Custom Five Panel 3D Embroidery Trucker Hat Wholesale"}]},{"@type":"WebSite","@id":"https:\/\/sumkcaps.com\/#website","url":"https:\/\/sumkcaps.com\/","name":"Sumkcaps - tillverkare och leverant\u00f6rer av originalhuvudbonader i Kina","description":"Vi \u00e4r China Cap And Hat Original Factory, vars huvudsakliga verksamhet \u00e4r att anpassa m\u00f6ssa och hatt som klient &amp; #03939; s LOGO. Vilken keps som helst, vilken kepsf\u00e4rg som helst, vilket antal som helst, vilket material som helst och antal \u00e4r inget problem. Med ett ord kan alla sm\u00e5 detaljer anpassas efter din beg\u00e4ran.","publisher":{"@id":"https:\/\/sumkcaps.com\/#organization"},"potentialAction":[{"@type":"SearchAction","target":{"@type":"EntryPoint","urlTemplate":"https:\/\/sumkcaps.com\/?s={search_term_string}"},"query-input":{"@type":"PropertyValueSpecification","valueRequired":true,"valueName":"search_term_string"}}],"inLanguage":"sv-SE"},{"@type":"Organization","@id":"https:\/\/sumkcaps.com\/#organization","name":"Sumkcaps - tillverkare och leverant\u00f6rer av originalhuvudbonader i Kina","url":"https:\/\/sumkcaps.com\/","logo":{"@type":"ImageObject","inLanguage":"sv-SE","@id":"https:\/\/sumkcaps.com\/#\/schema\/logo\/image\/","url":"https:\/\/sumkcaps.com\/wp-content\/uploads\/2025\/12\/1234.jpg","contentUrl":"https:\/\/sumkcaps.com\/wp-content\/uploads\/2025\/12\/1234.jpg","width":800,"height":800,"caption":"Sumkcaps-China Original Headwear Manufacturer and Suppliers"},"image":{"@id":"https:\/\/sumkcaps.com\/#\/schema\/logo\/image\/"},"sameAs":["https:\/\/www.facebook.com\/sumkcap","https:\/\/www.instagram.com\/sumkcaps7\/","https:\/\/www.pinterest.com\/sumkcapschina\/"]}]}},"taxonomy_info":{"product_cat":[{"value":693,"label":"Hat"},{"value":942,"label":"5 Panel Trucker Hat"},{"value":943,"label":"Custom Embroidered 5 Panel Hats"}]},"featured_image_src_large":["https:\/\/sumkcaps.com\/wp-content\/uploads\/2022\/11\/5_panel_3d_embroidery_trucker_hat-1.jpg",800,800,false],"author_info":[],"comment_info":"","_links":{"self":[{"href":"https:\/\/sumkcaps.com\/sv\/wp-json\/wp\/v2\/product\/19685","targetHints":{"allow":["GET"]}}],"collection":[{"href":"https:\/\/sumkcaps.com\/sv\/wp-json\/wp\/v2\/product"}],"about":[{"href":"https:\/\/sumkcaps.com\/sv\/wp-json\/wp\/v2\/types\/product"}],"wp:featuredmedia":[{"embeddable":true,"href":"https:\/\/sumkcaps.com\/sv\/wp-json\/wp\/v2\/media\/19686"}],"wp:attachment":[{"href":"https:\/\/sumkcaps.com\/sv\/wp-json\/wp\/v2\/media?parent=19685"}],"wp:term":[{"taxonomy":"product_brand","embeddable":true,"href":"https:\/\/sumkcaps.com\/sv\/wp-json\/wp\/v2\/product_brand?post=19685"},{"taxonomy":"product_cat","embeddable":true,"href":"https:\/\/sumkcaps.com\/sv\/wp-json\/wp\/v2\/product_cat?post=19685"},{"taxonomy":"product_tag","embeddable":true,"href":"https:\/\/sumkcaps.com\/sv\/wp-json\/wp\/v2\/product_tag?post=19685"}],"curies":[{"name":"wp","href":"https:\/\/api.w.org\/{rel}","templated":true}]}}