{"id":19357,"date":"2022-11-08T14:29:26","date_gmt":"2022-11-08T06:29:26","guid":{"rendered":"https:\/\/sumkcaps.com\/?post_type=product&#038;p=19357"},"modified":"2025-11-05T15:18:44","modified_gmt":"2025-11-05T07:18:44","slug":"sufox-231395-custom-tie-dye-knitted-beanie-hat","status":"publish","type":"product","link":"https:\/\/sumkcaps.com\/sv\/produkt\/sufox-231395-custom-tie-dye-stickad-beanie-mossa\/","title":{"rendered":"Sumkcaps 231395 Custom Tie Dye Stickad Beanie M\u00f6ssa"},"content":{"rendered":"","protected":false},"excerpt":{"rendered":"<p>Sumkcaps 231395 Custom Tie Dye Stickad Beanie Hat \u00e4r en varm vinterhatt. H\u00f6gkvalitativ kepshuvudslitage med professionell anpassad designtj\u00e4nst tillg\u00e4nglig. L\u00e4gg till din logotyp eller anpassad design online. Expert service. Bulk rabatt. Best\u00e4ll idag!<\/p>","protected":false},"featured_media":19358,"template":"","meta":{"_acf_changed":false,"_kad_blocks_custom_css":"","_kad_blocks_head_custom_js":"","_kad_blocks_body_custom_js":"","_kad_blocks_footer_custom_js":""},"product_brand":[],"product_cat":[980,1036,693],"product_tag":[],"class_list":{"0":"post-19357","1":"product","2":"type-product","3":"status-publish","4":"has-post-thumbnail","6":"product_cat-beanie-hat-wholesale","7":"product_cat-cuffed-beanie-hat-wholesale","8":"product_cat-hat","10":"first","11":"outofstock","12":"shipping-taxable","13":"product-type-simple"},"acf":[],"yoast_head":"<!-- This site is optimized with the Yoast SEO Premium plugin v20.8 (Yoast SEO v25.9) - https:\/\/yoast.com\/wordpress\/plugins\/seo\/ -->\n<title>Custom Tie Dye Knitted Beanie Hat | China Manufactuer<\/title>\n<meta name=\"description\" content=\"Leading Manufacturer For Headwear, Orders From Factory Directly And Save Your 75% Budget! Direct Factory Prices Free Logo Design. Bulk Discount.\" \/>\n<meta name=\"robots\" content=\"index, follow, max-snippet:-1, max-image-preview:large, max-video-preview:-1\" \/>\n<link rel=\"canonical\" href=\"https:\/\/sumkcaps.com\/sv\/produkt\/sufox-231395-custom-tie-dye-stickad-beanie-mossa\/\" \/>\n<meta property=\"og:locale\" content=\"sv_SE\" \/>\n<meta property=\"og:type\" content=\"article\" \/>\n<meta property=\"og:title\" content=\"Sumkcaps 231395 Custom Tie Dye Knitted Beanie Hat - Sumkcaps\" \/>\n<meta property=\"og:description\" content=\"Leading Manufacturer For Headwear, Orders From Factory Directly And Save Your 75% Budget! Direct Factory Prices Free Logo Design. Bulk Discount.\" \/>\n<meta property=\"og:url\" content=\"https:\/\/sumkcaps.com\/sv\/produkt\/sufox-231395-custom-tie-dye-stickad-beanie-mossa\/\" \/>\n<meta property=\"og:site_name\" content=\"Sumkcaps-China Original Headwear Manufacturer and Suppliers\" \/>\n<meta property=\"article:publisher\" content=\"https:\/\/www.facebook.com\/sumkcap\" \/>\n<meta property=\"article:modified_time\" content=\"2025-11-05T07:18:44+00:00\" \/>\n<meta property=\"og:image\" content=\"https:\/\/sumkcaps.com\/wp-content\/uploads\/2022\/11\/tie_dye_cuffed_beanie_hat-1.jpg\" \/>\n\t<meta property=\"og:image:width\" content=\"800\" \/>\n\t<meta property=\"og:image:height\" content=\"800\" \/>\n\t<meta property=\"og:image:type\" content=\"image\/jpeg\" \/>\n<meta name=\"twitter:card\" content=\"summary_large_image\" \/>\n<script type=\"application\/ld+json\" class=\"yoast-schema-graph\">{\"@context\":\"https:\/\/schema.org\",\"@graph\":[{\"@type\":\"WebPage\",\"@id\":\"https:\/\/sumkcaps.com\/product\/sufox-231395-custom-tie-dye-knitted-beanie-hat\/\",\"url\":\"https:\/\/sumkcaps.com\/product\/sufox-231395-custom-tie-dye-knitted-beanie-hat\/\",\"name\":\"Custom Tie Dye Knitted Beanie Hat | China Manufactuer\",\"isPartOf\":{\"@id\":\"https:\/\/sumkcaps.com\/#website\"},\"primaryImageOfPage\":{\"@id\":\"https:\/\/sumkcaps.com\/product\/sufox-231395-custom-tie-dye-knitted-beanie-hat\/#primaryimage\"},\"image\":{\"@id\":\"https:\/\/sumkcaps.com\/product\/sufox-231395-custom-tie-dye-knitted-beanie-hat\/#primaryimage\"},\"thumbnailUrl\":\"https:\/\/sumkcaps.com\/wp-content\/uploads\/2022\/11\/tie_dye_cuffed_beanie_hat-1.jpg\",\"datePublished\":\"2022-11-08T06:29:26+00:00\",\"dateModified\":\"2025-11-05T07:18:44+00:00\",\"description\":\"Leading Manufacturer For Headwear, Orders From Factory Directly And Save Your 75% Budget! Direct Factory Prices Free Logo Design. Bulk Discount.\",\"breadcrumb\":{\"@id\":\"https:\/\/sumkcaps.com\/product\/sufox-231395-custom-tie-dye-knitted-beanie-hat\/#breadcrumb\"},\"inLanguage\":\"sv-SE\",\"potentialAction\":[{\"@type\":\"ReadAction\",\"target\":[\"https:\/\/sumkcaps.com\/product\/sufox-231395-custom-tie-dye-knitted-beanie-hat\/\"]}]},{\"@type\":\"ImageObject\",\"inLanguage\":\"sv-SE\",\"@id\":\"https:\/\/sumkcaps.com\/product\/sufox-231395-custom-tie-dye-knitted-beanie-hat\/#primaryimage\",\"url\":\"https:\/\/sumkcaps.com\/wp-content\/uploads\/2022\/11\/tie_dye_cuffed_beanie_hat-1.jpg\",\"contentUrl\":\"https:\/\/sumkcaps.com\/wp-content\/uploads\/2022\/11\/tie_dye_cuffed_beanie_hat-1.jpg\",\"width\":800,\"height\":800},{\"@type\":\"BreadcrumbList\",\"@id\":\"https:\/\/sumkcaps.com\/product\/sufox-231395-custom-tie-dye-knitted-beanie-hat\/#breadcrumb\",\"itemListElement\":[{\"@type\":\"ListItem\",\"position\":1,\"name\":\"Home\",\"item\":\"https:\/\/sumkcaps.com\/\"},{\"@type\":\"ListItem\",\"position\":2,\"name\":\"Products\",\"item\":\"https:\/\/sumkcaps.com\/product\/\"},{\"@type\":\"ListItem\",\"position\":3,\"name\":\"Sumkcaps 231395 Custom Tie Dye Knitted Beanie Hat\"}]},{\"@type\":\"WebSite\",\"@id\":\"https:\/\/sumkcaps.com\/#website\",\"url\":\"https:\/\/sumkcaps.com\/\",\"name\":\"Sumkcaps-China Original Headwear Manufacturer and Suppliers\",\"description\":\"We are China Cap And Hat Original Factory, whose main business is to custom cap and hat as client&#039;s LOGO. Any cap style, any cap color, any qty, any material and qty is no problem. In one words, any small details can be customized as your request.\",\"publisher\":{\"@id\":\"https:\/\/sumkcaps.com\/#organization\"},\"potentialAction\":[{\"@type\":\"SearchAction\",\"target\":{\"@type\":\"EntryPoint\",\"urlTemplate\":\"https:\/\/sumkcaps.com\/?s={search_term_string}\"},\"query-input\":{\"@type\":\"PropertyValueSpecification\",\"valueRequired\":true,\"valueName\":\"search_term_string\"}}],\"inLanguage\":\"sv-SE\"},{\"@type\":\"Organization\",\"@id\":\"https:\/\/sumkcaps.com\/#organization\",\"name\":\"Sumkcaps-China Original Headwear Manufacturer and Suppliers\",\"url\":\"https:\/\/sumkcaps.com\/\",\"logo\":{\"@type\":\"ImageObject\",\"inLanguage\":\"sv-SE\",\"@id\":\"https:\/\/sumkcaps.com\/#\/schema\/logo\/image\/\",\"url\":\"https:\/\/sumkcaps.com\/wp-content\/uploads\/2025\/12\/1234.jpg\",\"contentUrl\":\"https:\/\/sumkcaps.com\/wp-content\/uploads\/2025\/12\/1234.jpg\",\"width\":800,\"height\":800,\"caption\":\"Sumkcaps-China Original Headwear Manufacturer and Suppliers\"},\"image\":{\"@id\":\"https:\/\/sumkcaps.com\/#\/schema\/logo\/image\/\"},\"sameAs\":[\"https:\/\/www.facebook.com\/sumkcap\",\"https:\/\/www.instagram.com\/sumkcaps7\/\",\"https:\/\/www.pinterest.com\/sumkcapschina\/\"]}]}<\/script>\n<!-- \/ Yoast SEO Premium plugin. -->","yoast_head_json":{"title":"Anpassad Tie Dye Stickad Beanie Hat | Kina Tillverkare","description":"Ledande tillverkare f\u00f6r huvudbonader, best\u00e4ller direkt fr\u00e5n fabriken och spara din 75%-budget! Direkta fabrikspriser Gratis logotypdesign. Bulk rabatt.","robots":{"index":"index","follow":"follow","max-snippet":"max-snippet:-1","max-image-preview":"max-image-preview:large","max-video-preview":"max-video-preview:-1"},"canonical":"https:\/\/sumkcaps.com\/sv\/produkt\/sufox-231395-custom-tie-dye-stickad-beanie-mossa\/","og_locale":"sv_SE","og_type":"article","og_title":"Sumkcaps 231395 Custom Tie Dye Knitted Beanie Hat - Sumkcaps","og_description":"Leading Manufacturer For Headwear, Orders From Factory Directly And Save Your 75% Budget! Direct Factory Prices Free Logo Design. Bulk Discount.","og_url":"https:\/\/sumkcaps.com\/sv\/produkt\/sufox-231395-custom-tie-dye-stickad-beanie-mossa\/","og_site_name":"Sumkcaps-China Original Headwear Manufacturer and Suppliers","article_publisher":"https:\/\/www.facebook.com\/sumkcap","article_modified_time":"2025-11-05T07:18:44+00:00","og_image":[{"width":800,"height":800,"url":"https:\/\/sumkcaps.com\/wp-content\/uploads\/2022\/11\/tie_dye_cuffed_beanie_hat-1.jpg","type":"image\/jpeg"}],"twitter_card":"summary_large_image","schema":{"@context":"https:\/\/schema.org","@graph":[{"@type":"WebPage","@id":"https:\/\/sumkcaps.com\/product\/sufox-231395-custom-tie-dye-knitted-beanie-hat\/","url":"https:\/\/sumkcaps.com\/product\/sufox-231395-custom-tie-dye-knitted-beanie-hat\/","name":"Anpassad Tie Dye Stickad Beanie Hat | Kina Tillverkare","isPartOf":{"@id":"https:\/\/sumkcaps.com\/#website"},"primaryImageOfPage":{"@id":"https:\/\/sumkcaps.com\/product\/sufox-231395-custom-tie-dye-knitted-beanie-hat\/#primaryimage"},"image":{"@id":"https:\/\/sumkcaps.com\/product\/sufox-231395-custom-tie-dye-knitted-beanie-hat\/#primaryimage"},"thumbnailUrl":"https:\/\/sumkcaps.com\/wp-content\/uploads\/2022\/11\/tie_dye_cuffed_beanie_hat-1.jpg","datePublished":"2022-11-08T06:29:26+00:00","dateModified":"2025-11-05T07:18:44+00:00","description":"Ledande tillverkare f\u00f6r huvudbonader, best\u00e4ller direkt fr\u00e5n fabriken och spara din 75%-budget! Direkta fabrikspriser Gratis logotypdesign. Bulk rabatt.","breadcrumb":{"@id":"https:\/\/sumkcaps.com\/product\/sufox-231395-custom-tie-dye-knitted-beanie-hat\/#breadcrumb"},"inLanguage":"sv-SE","potentialAction":[{"@type":"ReadAction","target":["https:\/\/sumkcaps.com\/product\/sufox-231395-custom-tie-dye-knitted-beanie-hat\/"]}]},{"@type":"ImageObject","inLanguage":"sv-SE","@id":"https:\/\/sumkcaps.com\/product\/sufox-231395-custom-tie-dye-knitted-beanie-hat\/#primaryimage","url":"https:\/\/sumkcaps.com\/wp-content\/uploads\/2022\/11\/tie_dye_cuffed_beanie_hat-1.jpg","contentUrl":"https:\/\/sumkcaps.com\/wp-content\/uploads\/2022\/11\/tie_dye_cuffed_beanie_hat-1.jpg","width":800,"height":800},{"@type":"BreadcrumbList","@id":"https:\/\/sumkcaps.com\/product\/sufox-231395-custom-tie-dye-knitted-beanie-hat\/#breadcrumb","itemListElement":[{"@type":"ListItem","position":1,"name":"Home","item":"https:\/\/sumkcaps.com\/"},{"@type":"ListItem","position":2,"name":"Products","item":"https:\/\/sumkcaps.com\/product\/"},{"@type":"ListItem","position":3,"name":"Sumkcaps 231395 Custom Tie Dye Knitted Beanie Hat"}]},{"@type":"WebSite","@id":"https:\/\/sumkcaps.com\/#website","url":"https:\/\/sumkcaps.com\/","name":"Sumkcaps - tillverkare och leverant\u00f6rer av originalhuvudbonader i Kina","description":"Vi \u00e4r China Cap And Hat Original Factory, vars huvudsakliga verksamhet \u00e4r att anpassa m\u00f6ssa och hatt som klient &amp; #03939; s LOGO. Vilken keps som helst, vilken kepsf\u00e4rg som helst, vilket antal som helst, vilket material som helst och antal \u00e4r inget problem. Med ett ord kan alla sm\u00e5 detaljer anpassas efter din beg\u00e4ran.","publisher":{"@id":"https:\/\/sumkcaps.com\/#organization"},"potentialAction":[{"@type":"SearchAction","target":{"@type":"EntryPoint","urlTemplate":"https:\/\/sumkcaps.com\/?s={search_term_string}"},"query-input":{"@type":"PropertyValueSpecification","valueRequired":true,"valueName":"search_term_string"}}],"inLanguage":"sv-SE"},{"@type":"Organization","@id":"https:\/\/sumkcaps.com\/#organization","name":"Sumkcaps - tillverkare och leverant\u00f6rer av originalhuvudbonader i Kina","url":"https:\/\/sumkcaps.com\/","logo":{"@type":"ImageObject","inLanguage":"sv-SE","@id":"https:\/\/sumkcaps.com\/#\/schema\/logo\/image\/","url":"https:\/\/sumkcaps.com\/wp-content\/uploads\/2025\/12\/1234.jpg","contentUrl":"https:\/\/sumkcaps.com\/wp-content\/uploads\/2025\/12\/1234.jpg","width":800,"height":800,"caption":"Sumkcaps-China Original Headwear Manufacturer and Suppliers"},"image":{"@id":"https:\/\/sumkcaps.com\/#\/schema\/logo\/image\/"},"sameAs":["https:\/\/www.facebook.com\/sumkcap","https:\/\/www.instagram.com\/sumkcaps7\/","https:\/\/www.pinterest.com\/sumkcapschina\/"]}]}},"taxonomy_info":{"product_cat":[{"value":980,"label":"Beanie Hat"},{"value":1036,"label":"Cuffed Beanie Hats"},{"value":693,"label":"Hat"}]},"featured_image_src_large":["https:\/\/sumkcaps.com\/wp-content\/uploads\/2022\/11\/tie_dye_cuffed_beanie_hat-1.jpg",800,800,false],"author_info":[],"comment_info":"","_links":{"self":[{"href":"https:\/\/sumkcaps.com\/sv\/wp-json\/wp\/v2\/product\/19357","targetHints":{"allow":["GET"]}}],"collection":[{"href":"https:\/\/sumkcaps.com\/sv\/wp-json\/wp\/v2\/product"}],"about":[{"href":"https:\/\/sumkcaps.com\/sv\/wp-json\/wp\/v2\/types\/product"}],"wp:featuredmedia":[{"embeddable":true,"href":"https:\/\/sumkcaps.com\/sv\/wp-json\/wp\/v2\/media\/19358"}],"wp:attachment":[{"href":"https:\/\/sumkcaps.com\/sv\/wp-json\/wp\/v2\/media?parent=19357"}],"wp:term":[{"taxonomy":"product_brand","embeddable":true,"href":"https:\/\/sumkcaps.com\/sv\/wp-json\/wp\/v2\/product_brand?post=19357"},{"taxonomy":"product_cat","embeddable":true,"href":"https:\/\/sumkcaps.com\/sv\/wp-json\/wp\/v2\/product_cat?post=19357"},{"taxonomy":"product_tag","embeddable":true,"href":"https:\/\/sumkcaps.com\/sv\/wp-json\/wp\/v2\/product_tag?post=19357"}],"curies":[{"name":"wp","href":"https:\/\/api.w.org\/{rel}","templated":true}]}}