{"id":18545,"date":"2022-11-04T09:50:31","date_gmt":"2022-11-04T01:50:31","guid":{"rendered":"https:\/\/sumkcaps.com\/?post_type=product&#038;p=18545"},"modified":"2026-01-07T16:29:05","modified_gmt":"2026-01-07T08:29:05","slug":"sufox-231187-custom-cow-full-printing-reversible-bucket-hats","status":"publish","type":"product","link":"https:\/\/sumkcaps.com\/sv\/produkt\/sufox-231187-anpassad-ko-fullt-tryck-vandbar-hinkhattar\/","title":{"rendered":"Sumkcaps 231187 Custom Cow Fullt tryck v\u00e4ndbara buckethattar"},"content":{"rendered":"<h3 data-start=\"226\" data-end=\"244\"><strong data-start=\"230\" data-end=\"244\">Dekoration<\/strong><\/h3>\n<p data-start=\"245\" data-end=\"584\">Med <strong data-start=\"255\" data-end=\"279\">anpassat fullst\u00e4ndigt tryck<\/strong>, Med den h\u00e4r v\u00e4ndbara buckethatten kan du trycka dj\u00e4rva m\u00f6nster fr\u00e5n kant till kant med h\u00f6g f\u00e4rgklarhet. Trycket \u00e4r perfekt f\u00f6r ko-m\u00f6nster eller kreativa konstverk och ger en stark visuell effekt samtidigt som h\u00e5llbarheten bibeh\u00e5lls. Perfekt f\u00f6r modekollektioner, kampanjer och private label-varum\u00e4rken som kr\u00e4ver enast\u00e5ende design.<\/p>\n<h3 data-start=\"591\" data-end=\"607\"><strong data-start=\"595\" data-end=\"607\">Material<\/strong><\/h3>\n<p data-start=\"608\" data-end=\"890\">Tillverkad av <strong data-start=\"618\" data-end=\"633\">100% bomull<\/strong>, Tack vare sitt mjuka material erbjuder denna hatt andningsbar komfort, mjukhet och l\u00e5ngvarig anv\u00e4ndning. Bomullstyget \u00e4r hudv\u00e4nligt och l\u00e4mpligt f\u00f6r anv\u00e4ndning hela dagen, vilket g\u00f6r det idealiskt f\u00f6r sommar, utomhusaktiviteter och livsstilsmode. Det st\u00f6der ocks\u00e5 h\u00f6gkvalitativa utskriftsresultat.<\/p>\n<h3 data-start=\"897\" data-end=\"910\"><strong data-start=\"901\" data-end=\"910\">Form<\/strong><\/h3>\n<p data-start=\"911\" data-end=\"1200\">Utformad i en <strong data-start=\"925\" data-end=\"958\">klassisk silhuett av bucket hat<\/strong>, Den h\u00e4r v\u00e4ndbara modellen ger ett balanserat solskydd och en avslappnad passform. Den tidl\u00f6sa formen passar bra f\u00f6r fritidskl\u00e4der, street fashion och s\u00e4songskollektioner, medan den v\u00e4ndbara konstruktionen ger m\u00e5ngsidighet och extra stylingalternativ.<\/p>\n<h3 data-start=\"1207\" data-end=\"1220\"><strong data-start=\"1211\" data-end=\"1220\">F\u00e4rg<\/strong><\/h3>\n<p data-start=\"1221\" data-end=\"1479\">Tillg\u00e4nglig i <strong data-start=\"1234\" data-end=\"1263\">helt anpassningsbara f\u00e4rger<\/strong>, har denna bucket hat st\u00f6d f\u00f6r ett brett utbud av f\u00e4rgst\u00e4llningar och tryckta m\u00f6nster. Fr\u00e5n dj\u00e4rva ko-m\u00f6nster till unika varum\u00e4rkeskonstverk, anpassade f\u00e4rgalternativ hj\u00e4lper varum\u00e4rken att skapa distinkta produkter f\u00f6r detalj- och grossistmarknader.<\/p>\n<h3 data-start=\"1486\" data-end=\"1504\"><strong data-start=\"1490\" data-end=\"1504\">Passform och storlek<\/strong><\/h3>\n<p data-start=\"1505\" data-end=\"1722\">Med en <strong data-start=\"1513\" data-end=\"1537\">OSFM-passform (7 \u2013 7 3\/4)<\/strong>, passar denna bucket hat bekv\u00e4mt de flesta huvudstorlekar. Den flexibla bomullskonstruktionen ger en s\u00e4ker men \u00e4nd\u00e5 bekv\u00e4m k\u00e4nsla, vilket g\u00f6r den l\u00e4mplig f\u00f6r unisexkl\u00e4der och bulk grossistorder.<\/p>\n<h3 data-start=\"1729\" data-end=\"1752\"><strong data-start=\"1733\" data-end=\"1752\">Genomf\u00f6randetid<\/strong><\/h3>\n<p data-start=\"1753\" data-end=\"1981\">Effektiva produktionstider st\u00f6der snabb orderhantering. <strong data-start=\"1816\" data-end=\"1851\">Provtiden \u00e4r 7-9 arbetsdagar<\/strong>, medan <strong data-start=\"1859\" data-end=\"1900\">produktionstiden \u00e4r 18-22 arbetsdagar<\/strong>, \u00e4r idealisk f\u00f6r s\u00e4songslanseringar, reklamkampanjer och private label-program.<\/p>","protected":false},"excerpt":{"rendered":"<p>Sumkcaps 231187 Custom Cow Reversible Bucket Hat \u00e4r tillverkad av <strong data-start=\"210\" data-end=\"225\">100% bomull<\/strong> f\u00f6r mjuk, andningsbar komfort och anv\u00e4ndning hela dagen. Med f\u00f6ljande egenskaper <strong data-start=\"283\" data-end=\"307\">helt anpassad utskrift<\/strong> och en klassisk hinkform, erbjuder dj\u00e4rv design fr\u00e5n kant till kant och en m\u00e5ngsidig v\u00e4ndbar styling. Den \u00e4r helt anpassningsbar i f\u00e4rger och m\u00f6nster och passar de flesta huvudstorlekar (<strong data-start=\"475\" data-end=\"491\">OSFM 7-7 3\/4<\/strong>) och \u00e4r idealisk f\u00f6r partihandel, kampanjer och private label-kollektioner. Provtid: 7-9 arbetsdagar; produktion: 18-22 arbetsdagar.<\/p>","protected":false},"featured_media":18546,"template":"","meta":{"_acf_changed":false,"_kad_blocks_custom_css":"","_kad_blocks_head_custom_js":"","_kad_blocks_body_custom_js":"","_kad_blocks_footer_custom_js":""},"product_brand":[],"product_cat":[55],"product_tag":[],"class_list":{"0":"post-18545","1":"product","2":"type-product","3":"status-publish","4":"has-post-thumbnail","6":"product_cat-bucket-hat-manufacturers","8":"first","9":"outofstock","10":"shipping-taxable","11":"product-type-simple"},"acf":[],"yoast_head":"<!-- This site is optimized with the Yoast SEO Premium plugin v20.8 (Yoast SEO v25.9) - https:\/\/yoast.com\/wordpress\/plugins\/seo\/ -->\n<title>Custom Full Printing Reversible Bucket Hats | China Manufactuer<\/title>\n<meta name=\"description\" content=\"Custom cow full-print reversible bucket hat, 100% cotton, OSFM fit, classic shape, bold designs, ideal for wholesale &amp; branding.\" \/>\n<meta name=\"robots\" content=\"index, follow, max-snippet:-1, max-image-preview:large, max-video-preview:-1\" \/>\n<link rel=\"canonical\" href=\"https:\/\/sumkcaps.com\/sv\/produkt\/sufox-231187-anpassad-ko-fullt-tryck-vandbar-hinkhattar\/\" \/>\n<meta property=\"og:locale\" content=\"sv_SE\" \/>\n<meta property=\"og:type\" content=\"article\" \/>\n<meta property=\"og:title\" content=\"Sumkcaps 231187 Custom Cow Full Printing Reversible Bucket Hats - Sumkcaps\" \/>\n<meta property=\"og:description\" content=\"Custom cow full-print reversible bucket hat, 100% cotton, OSFM fit, classic shape, bold designs, ideal for wholesale &amp; branding.\" \/>\n<meta property=\"og:url\" content=\"https:\/\/sumkcaps.com\/sv\/produkt\/sufox-231187-anpassad-ko-fullt-tryck-vandbar-hinkhattar\/\" \/>\n<meta property=\"og:site_name\" content=\"Sumkcaps-China Original Headwear Manufacturer and Suppliers\" \/>\n<meta property=\"article:publisher\" content=\"https:\/\/www.facebook.com\/sumkcap\" \/>\n<meta property=\"article:modified_time\" content=\"2026-01-07T08:29:05+00:00\" \/>\n<meta property=\"og:image\" content=\"https:\/\/sumkcaps.com\/wp-content\/uploads\/2022\/11\/black_pink_cow_full_printing_bucket_hat-1.jpg\" \/>\n\t<meta property=\"og:image:width\" content=\"800\" \/>\n\t<meta property=\"og:image:height\" content=\"800\" \/>\n\t<meta property=\"og:image:type\" content=\"image\/jpeg\" \/>\n<meta name=\"twitter:card\" content=\"summary_large_image\" \/>\n<meta name=\"twitter:label1\" content=\"Ber\u00e4knad l\u00e4stid\" \/>\n\t<meta name=\"twitter:data1\" content=\"2 minuter\" \/>\n<script type=\"application\/ld+json\" class=\"yoast-schema-graph\">{\"@context\":\"https:\/\/schema.org\",\"@graph\":[{\"@type\":\"WebPage\",\"@id\":\"https:\/\/sumkcaps.com\/product\/sufox-231187-custom-cow-full-printing-reversible-bucket-hats\/\",\"url\":\"https:\/\/sumkcaps.com\/product\/sufox-231187-custom-cow-full-printing-reversible-bucket-hats\/\",\"name\":\"Custom Full Printing Reversible Bucket Hats | China Manufactuer\",\"isPartOf\":{\"@id\":\"https:\/\/sumkcaps.com\/#website\"},\"primaryImageOfPage\":{\"@id\":\"https:\/\/sumkcaps.com\/product\/sufox-231187-custom-cow-full-printing-reversible-bucket-hats\/#primaryimage\"},\"image\":{\"@id\":\"https:\/\/sumkcaps.com\/product\/sufox-231187-custom-cow-full-printing-reversible-bucket-hats\/#primaryimage\"},\"thumbnailUrl\":\"https:\/\/sumkcaps.com\/wp-content\/uploads\/2022\/11\/black_pink_cow_full_printing_bucket_hat-1.jpg\",\"datePublished\":\"2022-11-04T01:50:31+00:00\",\"dateModified\":\"2026-01-07T08:29:05+00:00\",\"description\":\"Custom cow full-print reversible bucket hat, 100% cotton, OSFM fit, classic shape, bold designs, ideal for wholesale & branding.\",\"breadcrumb\":{\"@id\":\"https:\/\/sumkcaps.com\/product\/sufox-231187-custom-cow-full-printing-reversible-bucket-hats\/#breadcrumb\"},\"inLanguage\":\"sv-SE\",\"potentialAction\":[{\"@type\":\"ReadAction\",\"target\":[\"https:\/\/sumkcaps.com\/product\/sufox-231187-custom-cow-full-printing-reversible-bucket-hats\/\"]}]},{\"@type\":\"ImageObject\",\"inLanguage\":\"sv-SE\",\"@id\":\"https:\/\/sumkcaps.com\/product\/sufox-231187-custom-cow-full-printing-reversible-bucket-hats\/#primaryimage\",\"url\":\"https:\/\/sumkcaps.com\/wp-content\/uploads\/2022\/11\/black_pink_cow_full_printing_bucket_hat-1.jpg\",\"contentUrl\":\"https:\/\/sumkcaps.com\/wp-content\/uploads\/2022\/11\/black_pink_cow_full_printing_bucket_hat-1.jpg\",\"width\":800,\"height\":800},{\"@type\":\"BreadcrumbList\",\"@id\":\"https:\/\/sumkcaps.com\/product\/sufox-231187-custom-cow-full-printing-reversible-bucket-hats\/#breadcrumb\",\"itemListElement\":[{\"@type\":\"ListItem\",\"position\":1,\"name\":\"Home\",\"item\":\"https:\/\/sumkcaps.com\/\"},{\"@type\":\"ListItem\",\"position\":2,\"name\":\"Products\",\"item\":\"https:\/\/sumkcaps.com\/product\/\"},{\"@type\":\"ListItem\",\"position\":3,\"name\":\"Sumkcaps 231187 Custom Cow Full Printing Reversible Bucket Hats\"}]},{\"@type\":\"WebSite\",\"@id\":\"https:\/\/sumkcaps.com\/#website\",\"url\":\"https:\/\/sumkcaps.com\/\",\"name\":\"Sumkcaps-China Original Headwear Manufacturer and Suppliers\",\"description\":\"We are China Cap And Hat Original Factory, whose main business is to custom cap and hat as client&#039;s LOGO. Any cap style, any cap color, any qty, any material and qty is no problem. In one words, any small details can be customized as your request.\",\"publisher\":{\"@id\":\"https:\/\/sumkcaps.com\/#organization\"},\"potentialAction\":[{\"@type\":\"SearchAction\",\"target\":{\"@type\":\"EntryPoint\",\"urlTemplate\":\"https:\/\/sumkcaps.com\/?s={search_term_string}\"},\"query-input\":{\"@type\":\"PropertyValueSpecification\",\"valueRequired\":true,\"valueName\":\"search_term_string\"}}],\"inLanguage\":\"sv-SE\"},{\"@type\":\"Organization\",\"@id\":\"https:\/\/sumkcaps.com\/#organization\",\"name\":\"Sumkcaps-China Original Headwear Manufacturer and Suppliers\",\"url\":\"https:\/\/sumkcaps.com\/\",\"logo\":{\"@type\":\"ImageObject\",\"inLanguage\":\"sv-SE\",\"@id\":\"https:\/\/sumkcaps.com\/#\/schema\/logo\/image\/\",\"url\":\"https:\/\/sumkcaps.com\/wp-content\/uploads\/2025\/12\/1234.jpg\",\"contentUrl\":\"https:\/\/sumkcaps.com\/wp-content\/uploads\/2025\/12\/1234.jpg\",\"width\":800,\"height\":800,\"caption\":\"Sumkcaps-China Original Headwear Manufacturer and Suppliers\"},\"image\":{\"@id\":\"https:\/\/sumkcaps.com\/#\/schema\/logo\/image\/\"},\"sameAs\":[\"https:\/\/www.facebook.com\/sumkcap\",\"https:\/\/www.instagram.com\/sumkcaps7\/\",\"https:\/\/www.pinterest.com\/sumkcapschina\/\"]}]}<\/script>\n<!-- \/ Yoast SEO Premium plugin. -->","yoast_head_json":{"title":"Anpassad full utskrift v\u00e4ndbara hinkhattar | Kina tillverkare","description":"Cow fullprint reversibel bucket hat med tryck, 100% bomull, OSFM passform, klassisk form, dj\u00e4rva m\u00f6nster, idealisk f\u00f6r grossist- och varum\u00e4rkesprofilering.","robots":{"index":"index","follow":"follow","max-snippet":"max-snippet:-1","max-image-preview":"max-image-preview:large","max-video-preview":"max-video-preview:-1"},"canonical":"https:\/\/sumkcaps.com\/sv\/produkt\/sufox-231187-anpassad-ko-fullt-tryck-vandbar-hinkhattar\/","og_locale":"sv_SE","og_type":"article","og_title":"Sumkcaps 231187 Custom Cow Full Printing Reversible Bucket Hats - Sumkcaps","og_description":"Custom cow full-print reversible bucket hat, 100% cotton, OSFM fit, classic shape, bold designs, ideal for wholesale & branding.","og_url":"https:\/\/sumkcaps.com\/sv\/produkt\/sufox-231187-anpassad-ko-fullt-tryck-vandbar-hinkhattar\/","og_site_name":"Sumkcaps-China Original Headwear Manufacturer and Suppliers","article_publisher":"https:\/\/www.facebook.com\/sumkcap","article_modified_time":"2026-01-07T08:29:05+00:00","og_image":[{"width":800,"height":800,"url":"https:\/\/sumkcaps.com\/wp-content\/uploads\/2022\/11\/black_pink_cow_full_printing_bucket_hat-1.jpg","type":"image\/jpeg"}],"twitter_card":"summary_large_image","twitter_misc":{"Ber\u00e4knad l\u00e4stid":"2 minuter"},"schema":{"@context":"https:\/\/schema.org","@graph":[{"@type":"WebPage","@id":"https:\/\/sumkcaps.com\/product\/sufox-231187-custom-cow-full-printing-reversible-bucket-hats\/","url":"https:\/\/sumkcaps.com\/product\/sufox-231187-custom-cow-full-printing-reversible-bucket-hats\/","name":"Anpassad full utskrift v\u00e4ndbara hinkhattar | Kina tillverkare","isPartOf":{"@id":"https:\/\/sumkcaps.com\/#website"},"primaryImageOfPage":{"@id":"https:\/\/sumkcaps.com\/product\/sufox-231187-custom-cow-full-printing-reversible-bucket-hats\/#primaryimage"},"image":{"@id":"https:\/\/sumkcaps.com\/product\/sufox-231187-custom-cow-full-printing-reversible-bucket-hats\/#primaryimage"},"thumbnailUrl":"https:\/\/sumkcaps.com\/wp-content\/uploads\/2022\/11\/black_pink_cow_full_printing_bucket_hat-1.jpg","datePublished":"2022-11-04T01:50:31+00:00","dateModified":"2026-01-07T08:29:05+00:00","description":"Cow fullprint reversibel bucket hat med tryck, 100% bomull, OSFM passform, klassisk form, dj\u00e4rva m\u00f6nster, idealisk f\u00f6r grossist- och varum\u00e4rkesprofilering.","breadcrumb":{"@id":"https:\/\/sumkcaps.com\/product\/sufox-231187-custom-cow-full-printing-reversible-bucket-hats\/#breadcrumb"},"inLanguage":"sv-SE","potentialAction":[{"@type":"ReadAction","target":["https:\/\/sumkcaps.com\/product\/sufox-231187-custom-cow-full-printing-reversible-bucket-hats\/"]}]},{"@type":"ImageObject","inLanguage":"sv-SE","@id":"https:\/\/sumkcaps.com\/product\/sufox-231187-custom-cow-full-printing-reversible-bucket-hats\/#primaryimage","url":"https:\/\/sumkcaps.com\/wp-content\/uploads\/2022\/11\/black_pink_cow_full_printing_bucket_hat-1.jpg","contentUrl":"https:\/\/sumkcaps.com\/wp-content\/uploads\/2022\/11\/black_pink_cow_full_printing_bucket_hat-1.jpg","width":800,"height":800},{"@type":"BreadcrumbList","@id":"https:\/\/sumkcaps.com\/product\/sufox-231187-custom-cow-full-printing-reversible-bucket-hats\/#breadcrumb","itemListElement":[{"@type":"ListItem","position":1,"name":"Home","item":"https:\/\/sumkcaps.com\/"},{"@type":"ListItem","position":2,"name":"Products","item":"https:\/\/sumkcaps.com\/product\/"},{"@type":"ListItem","position":3,"name":"Sumkcaps 231187 Custom Cow Full Printing Reversible Bucket Hats"}]},{"@type":"WebSite","@id":"https:\/\/sumkcaps.com\/#website","url":"https:\/\/sumkcaps.com\/","name":"Sumkcaps - tillverkare och leverant\u00f6rer av originalhuvudbonader i Kina","description":"Vi \u00e4r China Cap And Hat Original Factory, vars huvudsakliga verksamhet \u00e4r att anpassa m\u00f6ssa och hatt som klient &amp; #03939; s LOGO. Vilken keps som helst, vilken kepsf\u00e4rg som helst, vilket antal som helst, vilket material som helst och antal \u00e4r inget problem. Med ett ord kan alla sm\u00e5 detaljer anpassas efter din beg\u00e4ran.","publisher":{"@id":"https:\/\/sumkcaps.com\/#organization"},"potentialAction":[{"@type":"SearchAction","target":{"@type":"EntryPoint","urlTemplate":"https:\/\/sumkcaps.com\/?s={search_term_string}"},"query-input":{"@type":"PropertyValueSpecification","valueRequired":true,"valueName":"search_term_string"}}],"inLanguage":"sv-SE"},{"@type":"Organization","@id":"https:\/\/sumkcaps.com\/#organization","name":"Sumkcaps - tillverkare och leverant\u00f6rer av originalhuvudbonader i Kina","url":"https:\/\/sumkcaps.com\/","logo":{"@type":"ImageObject","inLanguage":"sv-SE","@id":"https:\/\/sumkcaps.com\/#\/schema\/logo\/image\/","url":"https:\/\/sumkcaps.com\/wp-content\/uploads\/2025\/12\/1234.jpg","contentUrl":"https:\/\/sumkcaps.com\/wp-content\/uploads\/2025\/12\/1234.jpg","width":800,"height":800,"caption":"Sumkcaps-China Original Headwear Manufacturer and Suppliers"},"image":{"@id":"https:\/\/sumkcaps.com\/#\/schema\/logo\/image\/"},"sameAs":["https:\/\/www.facebook.com\/sumkcap","https:\/\/www.instagram.com\/sumkcaps7\/","https:\/\/www.pinterest.com\/sumkcapschina\/"]}]}},"taxonomy_info":{"product_cat":[{"value":55,"label":"Bucket Hat Wholesale"}]},"featured_image_src_large":["https:\/\/sumkcaps.com\/wp-content\/uploads\/2022\/11\/black_pink_cow_full_printing_bucket_hat-1.jpg",800,800,false],"author_info":[],"comment_info":"","_links":{"self":[{"href":"https:\/\/sumkcaps.com\/sv\/wp-json\/wp\/v2\/product\/18545","targetHints":{"allow":["GET"]}}],"collection":[{"href":"https:\/\/sumkcaps.com\/sv\/wp-json\/wp\/v2\/product"}],"about":[{"href":"https:\/\/sumkcaps.com\/sv\/wp-json\/wp\/v2\/types\/product"}],"wp:featuredmedia":[{"embeddable":true,"href":"https:\/\/sumkcaps.com\/sv\/wp-json\/wp\/v2\/media\/18546"}],"wp:attachment":[{"href":"https:\/\/sumkcaps.com\/sv\/wp-json\/wp\/v2\/media?parent=18545"}],"wp:term":[{"taxonomy":"product_brand","embeddable":true,"href":"https:\/\/sumkcaps.com\/sv\/wp-json\/wp\/v2\/product_brand?post=18545"},{"taxonomy":"product_cat","embeddable":true,"href":"https:\/\/sumkcaps.com\/sv\/wp-json\/wp\/v2\/product_cat?post=18545"},{"taxonomy":"product_tag","embeddable":true,"href":"https:\/\/sumkcaps.com\/sv\/wp-json\/wp\/v2\/product_tag?post=18545"}],"curies":[{"name":"wp","href":"https:\/\/api.w.org\/{rel}","templated":true}]}}