{"id":18117,"date":"2022-10-27T11:33:43","date_gmt":"2022-10-27T03:33:43","guid":{"rendered":"https:\/\/sumkcaps.com\/?post_type=product&#038;p=18117"},"modified":"2026-02-06T11:58:07","modified_gmt":"2026-02-06T03:58:07","slug":"sufox-231134-custom-six-panel-embroidery-acrylic-snapback-cap","status":"publish","type":"product","link":"https:\/\/sumkcaps.com\/sv\/produkt\/sufox-231134-custom-six-panel-brodyr-akryl-snapback-keps\/","title":{"rendered":"Sumkcaps 231134 Custom Six Panel Broderi Akryl Snapback Keps"},"content":{"rendered":"<h3 data-start=\"144\" data-end=\"158\">Dekoration<\/h3>\n<p data-start=\"159\" data-end=\"544\">Denna snapback-keps har ett specialgjort platt broderi, som ger ett snyggt och raffinerat utseende med rena, detaljerade s\u00f6mmar. Den platta broderitekniken \u00e4r perfekt f\u00f6r logotyper, text eller enkel grafik och skapar ett skarpt och professionellt utseende. Det ger designen en h\u00e5llbar, tidl\u00f6s kvalitet, vilket g\u00f6r den idealisk f\u00f6r f\u00f6retagsbranding, lagkl\u00e4der eller casual modeanpassning.<\/p>\n<h3 data-start=\"546\" data-end=\"558\">Material<\/h3>\n<p data-start=\"559\" data-end=\"957\">Den h\u00e4r kepsen \u00e4r tillverkad av 100%-akryl och kombinerar h\u00e5llbarhet med l\u00e4ttviktsk\u00e4nsla, vilket ger komfort hela dagen. Akryltyget beh\u00e5ller livfulla f\u00e4rger och motst\u00e5r blekning, s\u00e5 att dina egna m\u00f6nster f\u00f6rblir levande och tydliga \u00e4ven efter l\u00e5nga anv\u00e4ndningsperioder. Det andas och transporterar bort fukt, s\u00e5 att du h\u00e5ller dig sval och bekv\u00e4m oavsett milj\u00f6, vilket g\u00f6r det till ett utm\u00e4rkt alternativ f\u00f6r alla typer av kl\u00e4der.<\/p>\n<h3 data-start=\"959\" data-end=\"968\">F\u00e4rg<\/h3>\n<p data-start=\"969\" data-end=\"1335\">Kepsen kommer i bl\u00e5tt, en m\u00e5ngsidig och allm\u00e4nt popul\u00e4r f\u00e4rg som passar till m\u00e5nga olika stilar och tillf\u00e4llen. Bl\u00e5 \u00e4r k\u00e4nd f\u00f6r sitt lugnande och professionella utseende, vilket g\u00f6r den idealisk f\u00f6r b\u00e5de avslappnade och f\u00f6retagsmilj\u00f6er. Dessutom kan f\u00e4rgen anpassas f\u00f6r att passa dina specifika preferenser eller varum\u00e4rkesbehov, vilket ger dig flexibilitet i designvalen.<\/p>\n<h3 data-start=\"1337\" data-end=\"1351\">Passform och storlek<\/h3>\n<p data-start=\"1352\" data-end=\"1733\">Den h\u00e4r kepsen har en justerbar OSFM-passform (One Size Fits Most) och passar bekv\u00e4mt huvudstorlekar fr\u00e5n 7 till 7 3\/4. Den justerbara snapback-st\u00e4ngningen ger en s\u00e4ker passform som kan anpassas till individuell komfort, vilket ger flexibilitet utan att kompromissa med stilen. Detta g\u00f6r kepsen l\u00e4mplig f\u00f6r en m\u00e4ngd olika anv\u00e4ndare, fr\u00e5n giveaways till vardagskl\u00e4der.<\/p>\n<h3 data-start=\"1735\" data-end=\"1744\">Visir<\/h3>\n<p data-start=\"1745\" data-end=\"2118\">Den platta sk\u00e4rmen ger en modern och strukturerad look som \u00e4r popul\u00e4r inom streetwear-mode. Det platta visiret ger inte bara stil utan hj\u00e4lper ocks\u00e5 till att skydda ansiktet fr\u00e5n solen. Den robusta konstruktionen bibeh\u00e5ller kepsens form och ger den ett rent och skarpt utseende under daglig anv\u00e4ndning. Denna design s\u00e4kerst\u00e4ller att kepsen h\u00e5ller sig till sin form och ger b\u00e5de stil och funktionalitet.<\/p>\n<h3 data-start=\"2120\" data-end=\"2131\">Service<\/h3>\n<p data-start=\"2132\" data-end=\"2535\">Denna keps \u00e4r tillg\u00e4nglig med OEM &amp; ODM-tj\u00e4nster, vilket erbjuder fullst\u00e4ndig anpassning f\u00f6r att uppfylla dina specifika varum\u00e4rkes- eller designkrav. Oavsett om du beh\u00f6ver unika logotyper, f\u00e4rgjusteringar eller olika tygfinisher, s\u00e4kerst\u00e4ller denna flexibilitet att kepsen passar perfekt efter dina behov. Den skr\u00e4ddarsydda tj\u00e4nsten g\u00f6r den till ett utm\u00e4rkt val f\u00f6r reklamartiklar, laguniformer eller m\u00e4rkesvaror.<\/p>\n<h3 data-start=\"2537\" data-end=\"2556\">Genomf\u00f6randetid<\/h3>\n<p data-start=\"2557\" data-end=\"2885\">Det tar 7-9 arbetsdagar att skapa ett prov, s\u00e5 att du kan godk\u00e4nna designen innan du g\u00e5r vidare med bulkproduktionen. Efter godk\u00e4nnande \u00e4r produktionstiden cirka 18-22 arbetsdagar, vilket s\u00e4kerst\u00e4ller att dina anpassade kepsar levereras i tid, oavsett om det g\u00e4ller kampanjer, butikslanseringar eller andra tillf\u00e4llen.<\/p>","protected":false},"excerpt":{"rendered":"<p>Sumkcaps 231134 Custom Six Panel Embroidery Acrylic Snapback Cap \u00e4r en av popul\u00e4ra kepsar, l\u00e4tt vikt och andas bra. V\u00e5ra Snapbacks kommer i en m\u00e4ngd olika stilar och f\u00e4rger fr\u00e5n alla de b\u00e4sta varum\u00e4rkena.<\/p>","protected":false},"featured_media":18118,"template":"","meta":{"_acf_changed":false,"_kad_blocks_custom_css":"","_kad_blocks_head_custom_js":"","_kad_blocks_body_custom_js":"","_kad_blocks_footer_custom_js":""},"product_brand":[],"product_cat":[42],"product_tag":[],"class_list":{"0":"post-18117","1":"product","2":"type-product","3":"status-publish","4":"has-post-thumbnail","6":"product_cat-snapback-cap","8":"first","9":"outofstock","10":"shipping-taxable","11":"product-type-simple"},"acf":[],"yoast_head":"<!-- This site is optimized with the Yoast SEO Premium plugin v20.8 (Yoast SEO v25.9) - https:\/\/yoast.com\/wordpress\/plugins\/seo\/ -->\n<title>Custom Embroidery Acrylic Snapback Cap | China Manufactuer<\/title>\n<meta name=\"description\" content=\"Custom Cap, Logo Cap, Brand Caps, Custom Made Snapback Caps, Custom Snapback Baseball Hats. Premium Cap Manufacturer since 2006. Bulk Discount.\" \/>\n<meta name=\"robots\" content=\"index, follow, max-snippet:-1, max-image-preview:large, max-video-preview:-1\" \/>\n<link rel=\"canonical\" href=\"https:\/\/sumkcaps.com\/sv\/produkt\/sufox-231134-custom-six-panel-brodyr-akryl-snapback-keps\/\" \/>\n<meta property=\"og:locale\" content=\"sv_SE\" \/>\n<meta property=\"og:type\" content=\"article\" \/>\n<meta property=\"og:title\" content=\"Sumkcaps 231134 Custom Six Panel Embroidery Acrylic Snapback Cap - Sumkcaps\" \/>\n<meta property=\"og:description\" content=\"Custom Cap, Logo Cap, Brand Caps, Custom Made Snapback Caps, Custom Snapback Baseball Hats. Premium Cap Manufacturer since 2006. Bulk Discount.\" \/>\n<meta property=\"og:url\" content=\"https:\/\/sumkcaps.com\/sv\/produkt\/sufox-231134-custom-six-panel-brodyr-akryl-snapback-keps\/\" \/>\n<meta property=\"og:site_name\" content=\"Sumkcaps-China Original Headwear Manufacturer and Suppliers\" \/>\n<meta property=\"article:publisher\" content=\"https:\/\/www.facebook.com\/sumkcap\" \/>\n<meta property=\"article:modified_time\" content=\"2026-02-06T03:58:07+00:00\" \/>\n<meta property=\"og:image\" content=\"https:\/\/sumkcaps.com\/wp-content\/uploads\/2022\/10\/6_panel_embroidery_acrylic_snapback_cap-1.jpg\" \/>\n\t<meta property=\"og:image:width\" content=\"750\" \/>\n\t<meta property=\"og:image:height\" content=\"750\" \/>\n\t<meta property=\"og:image:type\" content=\"image\/jpeg\" \/>\n<meta name=\"twitter:card\" content=\"summary_large_image\" \/>\n<meta name=\"twitter:label1\" content=\"Ber\u00e4knad l\u00e4stid\" \/>\n\t<meta name=\"twitter:data1\" content=\"2 minuter\" \/>\n<script type=\"application\/ld+json\" class=\"yoast-schema-graph\">{\"@context\":\"https:\/\/schema.org\",\"@graph\":[{\"@type\":\"WebPage\",\"@id\":\"https:\/\/sumkcaps.com\/product\/sufox-231134-custom-six-panel-embroidery-acrylic-snapback-cap\/\",\"url\":\"https:\/\/sumkcaps.com\/product\/sufox-231134-custom-six-panel-embroidery-acrylic-snapback-cap\/\",\"name\":\"Custom Embroidery Acrylic Snapback Cap | China Manufactuer\",\"isPartOf\":{\"@id\":\"https:\/\/sumkcaps.com\/#website\"},\"primaryImageOfPage\":{\"@id\":\"https:\/\/sumkcaps.com\/product\/sufox-231134-custom-six-panel-embroidery-acrylic-snapback-cap\/#primaryimage\"},\"image\":{\"@id\":\"https:\/\/sumkcaps.com\/product\/sufox-231134-custom-six-panel-embroidery-acrylic-snapback-cap\/#primaryimage\"},\"thumbnailUrl\":\"https:\/\/sumkcaps.com\/wp-content\/uploads\/2022\/10\/6_panel_embroidery_acrylic_snapback_cap-1.jpg\",\"datePublished\":\"2022-10-27T03:33:43+00:00\",\"dateModified\":\"2026-02-06T03:58:07+00:00\",\"description\":\"Custom Cap, Logo Cap, Brand Caps, Custom Made Snapback Caps, Custom Snapback Baseball Hats. Premium Cap Manufacturer since 2006. Bulk Discount.\",\"breadcrumb\":{\"@id\":\"https:\/\/sumkcaps.com\/product\/sufox-231134-custom-six-panel-embroidery-acrylic-snapback-cap\/#breadcrumb\"},\"inLanguage\":\"sv-SE\",\"potentialAction\":[{\"@type\":\"ReadAction\",\"target\":[\"https:\/\/sumkcaps.com\/product\/sufox-231134-custom-six-panel-embroidery-acrylic-snapback-cap\/\"]}]},{\"@type\":\"ImageObject\",\"inLanguage\":\"sv-SE\",\"@id\":\"https:\/\/sumkcaps.com\/product\/sufox-231134-custom-six-panel-embroidery-acrylic-snapback-cap\/#primaryimage\",\"url\":\"https:\/\/sumkcaps.com\/wp-content\/uploads\/2022\/10\/6_panel_embroidery_acrylic_snapback_cap-1.jpg\",\"contentUrl\":\"https:\/\/sumkcaps.com\/wp-content\/uploads\/2022\/10\/6_panel_embroidery_acrylic_snapback_cap-1.jpg\",\"width\":750,\"height\":750},{\"@type\":\"BreadcrumbList\",\"@id\":\"https:\/\/sumkcaps.com\/product\/sufox-231134-custom-six-panel-embroidery-acrylic-snapback-cap\/#breadcrumb\",\"itemListElement\":[{\"@type\":\"ListItem\",\"position\":1,\"name\":\"Home\",\"item\":\"https:\/\/sumkcaps.com\/\"},{\"@type\":\"ListItem\",\"position\":2,\"name\":\"Products\",\"item\":\"https:\/\/sumkcaps.com\/product\/\"},{\"@type\":\"ListItem\",\"position\":3,\"name\":\"Sumkcaps 231134 Custom Six Panel Embroidery Acrylic Snapback Cap\"}]},{\"@type\":\"WebSite\",\"@id\":\"https:\/\/sumkcaps.com\/#website\",\"url\":\"https:\/\/sumkcaps.com\/\",\"name\":\"Sumkcaps-China Original Headwear Manufacturer and Suppliers\",\"description\":\"We are China Cap And Hat Original Factory, whose main business is to custom cap and hat as client&#039;s LOGO. Any cap style, any cap color, any qty, any material and qty is no problem. In one words, any small details can be customized as your request.\",\"publisher\":{\"@id\":\"https:\/\/sumkcaps.com\/#organization\"},\"potentialAction\":[{\"@type\":\"SearchAction\",\"target\":{\"@type\":\"EntryPoint\",\"urlTemplate\":\"https:\/\/sumkcaps.com\/?s={search_term_string}\"},\"query-input\":{\"@type\":\"PropertyValueSpecification\",\"valueRequired\":true,\"valueName\":\"search_term_string\"}}],\"inLanguage\":\"sv-SE\"},{\"@type\":\"Organization\",\"@id\":\"https:\/\/sumkcaps.com\/#organization\",\"name\":\"Sumkcaps-China Original Headwear Manufacturer and Suppliers\",\"url\":\"https:\/\/sumkcaps.com\/\",\"logo\":{\"@type\":\"ImageObject\",\"inLanguage\":\"sv-SE\",\"@id\":\"https:\/\/sumkcaps.com\/#\/schema\/logo\/image\/\",\"url\":\"https:\/\/sumkcaps.com\/wp-content\/uploads\/2025\/12\/1234.jpg\",\"contentUrl\":\"https:\/\/sumkcaps.com\/wp-content\/uploads\/2025\/12\/1234.jpg\",\"width\":800,\"height\":800,\"caption\":\"Sumkcaps-China Original Headwear Manufacturer and Suppliers\"},\"image\":{\"@id\":\"https:\/\/sumkcaps.com\/#\/schema\/logo\/image\/\"},\"sameAs\":[\"https:\/\/www.facebook.com\/sumkcap\",\"https:\/\/www.instagram.com\/sumkcaps7\/\",\"https:\/\/www.pinterest.com\/sumkcapschina\/\"]}]}<\/script>\n<!-- \/ Yoast SEO Premium plugin. -->","yoast_head_json":{"title":"Anpassat broderi Akryl Snapback Cap | Kina Tillverkare","description":"Anpassad keps, logotypkeps, varum\u00e4rkeskepsar, skr\u00e4ddarsydda snapback-kepsar, anpassade snapback-basebollhattar. Premium Cap Tillverkare sedan 2006. Bulk rabatt.","robots":{"index":"index","follow":"follow","max-snippet":"max-snippet:-1","max-image-preview":"max-image-preview:large","max-video-preview":"max-video-preview:-1"},"canonical":"https:\/\/sumkcaps.com\/sv\/produkt\/sufox-231134-custom-six-panel-brodyr-akryl-snapback-keps\/","og_locale":"sv_SE","og_type":"article","og_title":"Sumkcaps 231134 Custom Six Panel Embroidery Acrylic Snapback Cap - Sumkcaps","og_description":"Custom Cap, Logo Cap, Brand Caps, Custom Made Snapback Caps, Custom Snapback Baseball Hats. Premium Cap Manufacturer since 2006. Bulk Discount.","og_url":"https:\/\/sumkcaps.com\/sv\/produkt\/sufox-231134-custom-six-panel-brodyr-akryl-snapback-keps\/","og_site_name":"Sumkcaps-China Original Headwear Manufacturer and Suppliers","article_publisher":"https:\/\/www.facebook.com\/sumkcap","article_modified_time":"2026-02-06T03:58:07+00:00","og_image":[{"width":750,"height":750,"url":"https:\/\/sumkcaps.com\/wp-content\/uploads\/2022\/10\/6_panel_embroidery_acrylic_snapback_cap-1.jpg","type":"image\/jpeg"}],"twitter_card":"summary_large_image","twitter_misc":{"Ber\u00e4knad l\u00e4stid":"2 minuter"},"schema":{"@context":"https:\/\/schema.org","@graph":[{"@type":"WebPage","@id":"https:\/\/sumkcaps.com\/product\/sufox-231134-custom-six-panel-embroidery-acrylic-snapback-cap\/","url":"https:\/\/sumkcaps.com\/product\/sufox-231134-custom-six-panel-embroidery-acrylic-snapback-cap\/","name":"Anpassat broderi Akryl Snapback Cap | Kina Tillverkare","isPartOf":{"@id":"https:\/\/sumkcaps.com\/#website"},"primaryImageOfPage":{"@id":"https:\/\/sumkcaps.com\/product\/sufox-231134-custom-six-panel-embroidery-acrylic-snapback-cap\/#primaryimage"},"image":{"@id":"https:\/\/sumkcaps.com\/product\/sufox-231134-custom-six-panel-embroidery-acrylic-snapback-cap\/#primaryimage"},"thumbnailUrl":"https:\/\/sumkcaps.com\/wp-content\/uploads\/2022\/10\/6_panel_embroidery_acrylic_snapback_cap-1.jpg","datePublished":"2022-10-27T03:33:43+00:00","dateModified":"2026-02-06T03:58:07+00:00","description":"Anpassad keps, logotypkeps, varum\u00e4rkeskepsar, skr\u00e4ddarsydda snapback-kepsar, anpassade snapback-basebollhattar. Premium Cap Tillverkare sedan 2006. Bulk rabatt.","breadcrumb":{"@id":"https:\/\/sumkcaps.com\/product\/sufox-231134-custom-six-panel-embroidery-acrylic-snapback-cap\/#breadcrumb"},"inLanguage":"sv-SE","potentialAction":[{"@type":"ReadAction","target":["https:\/\/sumkcaps.com\/product\/sufox-231134-custom-six-panel-embroidery-acrylic-snapback-cap\/"]}]},{"@type":"ImageObject","inLanguage":"sv-SE","@id":"https:\/\/sumkcaps.com\/product\/sufox-231134-custom-six-panel-embroidery-acrylic-snapback-cap\/#primaryimage","url":"https:\/\/sumkcaps.com\/wp-content\/uploads\/2022\/10\/6_panel_embroidery_acrylic_snapback_cap-1.jpg","contentUrl":"https:\/\/sumkcaps.com\/wp-content\/uploads\/2022\/10\/6_panel_embroidery_acrylic_snapback_cap-1.jpg","width":750,"height":750},{"@type":"BreadcrumbList","@id":"https:\/\/sumkcaps.com\/product\/sufox-231134-custom-six-panel-embroidery-acrylic-snapback-cap\/#breadcrumb","itemListElement":[{"@type":"ListItem","position":1,"name":"Home","item":"https:\/\/sumkcaps.com\/"},{"@type":"ListItem","position":2,"name":"Products","item":"https:\/\/sumkcaps.com\/product\/"},{"@type":"ListItem","position":3,"name":"Sumkcaps 231134 Custom Six Panel Embroidery Acrylic Snapback Cap"}]},{"@type":"WebSite","@id":"https:\/\/sumkcaps.com\/#website","url":"https:\/\/sumkcaps.com\/","name":"Sumkcaps - tillverkare och leverant\u00f6rer av originalhuvudbonader i Kina","description":"Vi \u00e4r China Cap And Hat Original Factory, vars huvudsakliga verksamhet \u00e4r att anpassa m\u00f6ssa och hatt som klient &amp; #03939; s LOGO. Vilken keps som helst, vilken kepsf\u00e4rg som helst, vilket antal som helst, vilket material som helst och antal \u00e4r inget problem. Med ett ord kan alla sm\u00e5 detaljer anpassas efter din beg\u00e4ran.","publisher":{"@id":"https:\/\/sumkcaps.com\/#organization"},"potentialAction":[{"@type":"SearchAction","target":{"@type":"EntryPoint","urlTemplate":"https:\/\/sumkcaps.com\/?s={search_term_string}"},"query-input":{"@type":"PropertyValueSpecification","valueRequired":true,"valueName":"search_term_string"}}],"inLanguage":"sv-SE"},{"@type":"Organization","@id":"https:\/\/sumkcaps.com\/#organization","name":"Sumkcaps - tillverkare och leverant\u00f6rer av originalhuvudbonader i Kina","url":"https:\/\/sumkcaps.com\/","logo":{"@type":"ImageObject","inLanguage":"sv-SE","@id":"https:\/\/sumkcaps.com\/#\/schema\/logo\/image\/","url":"https:\/\/sumkcaps.com\/wp-content\/uploads\/2025\/12\/1234.jpg","contentUrl":"https:\/\/sumkcaps.com\/wp-content\/uploads\/2025\/12\/1234.jpg","width":800,"height":800,"caption":"Sumkcaps-China Original Headwear Manufacturer and Suppliers"},"image":{"@id":"https:\/\/sumkcaps.com\/#\/schema\/logo\/image\/"},"sameAs":["https:\/\/www.facebook.com\/sumkcap","https:\/\/www.instagram.com\/sumkcaps7\/","https:\/\/www.pinterest.com\/sumkcapschina\/"]}]}},"taxonomy_info":{"product_cat":[{"value":42,"label":"Snapback Hats Wholesale"}]},"featured_image_src_large":["https:\/\/sumkcaps.com\/wp-content\/uploads\/2022\/10\/6_panel_embroidery_acrylic_snapback_cap-1.jpg",750,750,false],"author_info":[],"comment_info":"","_links":{"self":[{"href":"https:\/\/sumkcaps.com\/sv\/wp-json\/wp\/v2\/product\/18117","targetHints":{"allow":["GET"]}}],"collection":[{"href":"https:\/\/sumkcaps.com\/sv\/wp-json\/wp\/v2\/product"}],"about":[{"href":"https:\/\/sumkcaps.com\/sv\/wp-json\/wp\/v2\/types\/product"}],"wp:featuredmedia":[{"embeddable":true,"href":"https:\/\/sumkcaps.com\/sv\/wp-json\/wp\/v2\/media\/18118"}],"wp:attachment":[{"href":"https:\/\/sumkcaps.com\/sv\/wp-json\/wp\/v2\/media?parent=18117"}],"wp:term":[{"taxonomy":"product_brand","embeddable":true,"href":"https:\/\/sumkcaps.com\/sv\/wp-json\/wp\/v2\/product_brand?post=18117"},{"taxonomy":"product_cat","embeddable":true,"href":"https:\/\/sumkcaps.com\/sv\/wp-json\/wp\/v2\/product_cat?post=18117"},{"taxonomy":"product_tag","embeddable":true,"href":"https:\/\/sumkcaps.com\/sv\/wp-json\/wp\/v2\/product_tag?post=18117"}],"curies":[{"name":"wp","href":"https:\/\/api.w.org\/{rel}","templated":true}]}}