{"id":18109,"date":"2022-10-27T11:27:14","date_gmt":"2022-10-27T03:27:14","guid":{"rendered":"https:\/\/sumkcaps.com\/?post_type=product&#038;p=18109"},"modified":"2026-02-06T14:33:22","modified_gmt":"2026-02-06T06:33:22","slug":"sufox-231133-custom-six-panel-flat-embroidery-fitted-snapback-cap","status":"publish","type":"product","link":"https:\/\/sumkcaps.com\/sv\/produkt\/sufox-231133-custom-six-panel-flat-embroidery-fitted-snapback-keps\/","title":{"rendered":"Sumkcaps 231133 Custom Six Panel Flat Embroidery Fitted Snapback keps"},"content":{"rendered":"<h3 data-start=\"141\" data-end=\"157\">Dekoration<\/h3>\n<p data-start=\"158\" data-end=\"565\">Denna snapback-keps har ett specialtillverkat plattbroderi som ger en ren och snygg design som framh\u00e4ver logotyper, text och grafik med precision. Den platta broderitekniken \u00e4r perfekt f\u00f6r att skapa ett professionellt och detaljerat utseende, vilket g\u00f6r den idealisk f\u00f6r f\u00f6retag, idrottslag eller personligt mode. Det ger kepsen en raffinerad touch och s\u00e4kerst\u00e4ller l\u00e5ngvariga och visuellt skarpa m\u00f6nster som inte bleknar l\u00e4tt.<\/p>\n<h3 data-start=\"567\" data-end=\"581\">Material<\/h3>\n<p data-start=\"582\" data-end=\"1004\">Den h\u00e4r kepsen \u00e4r tillverkad av en blandning av akryl och ull och kombinerar det b\u00e4sta av tv\u00e5 v\u00e4rldar. Akryl ger h\u00e5llbarhet, f\u00e4rgbest\u00e4ndighet och fukttransporterande egenskaper, medan ull ger en fyllig textur och v\u00e4rme. Kombinationen g\u00f6r kepsen b\u00e5de bekv\u00e4m och t\u00e5lig, perfekt f\u00f6r \u00e5ret runt-bruk. Materialblandningen ger en premiumk\u00e4nsla och en strukturerad, h\u00f6gkvalitativ finish f\u00f6r vardagsbruk eller speciella evenemang.<\/p>\n<h3 data-start=\"1006\" data-end=\"1017\">F\u00e4rg<\/h3>\n<p data-start=\"1018\" data-end=\"1412\">Kepsen \u00e4r helt anpassningsbar i f\u00e4rg, vilket ger dig friheten att v\u00e4lja den perfekta nyansen f\u00f6r din design eller ditt varum\u00e4rke. Oavsett om du letar efter n\u00e5got dj\u00e4rvt och i\u00f6gonfallande eller mer subtilt och professionellt \u00e4r f\u00e4rgalternativen obegr\u00e4nsade. Denna flexibilitet g\u00f6r kepsen till ett perfekt val f\u00f6r reklamartiklar, f\u00f6retagsprofilering eller f\u00f6r att skapa en personlig look f\u00f6r alla evenemang eller grupper.<\/p>\n<h3 data-start=\"1414\" data-end=\"1430\">Passform och storlek<\/h3>\n<p data-start=\"1431\" data-end=\"1829\">Designad med en<strong data-start=\"1448\" data-end=\"1477\"> OSFM (en storlek som passar de flesta)<\/strong> Med justerbar passform passar denna keps huvudstorlekar fr\u00e5n 7 till 7 3\/4. Den justerbara snapback-st\u00e4ngningen ger en bekv\u00e4m och personlig passform som ger komfort under hela dagen. Den m\u00e5ngsidiga storleken g\u00f6r den l\u00e4mplig f\u00f6r ett brett spektrum av individer, fr\u00e5n avslappnade b\u00e4rare till evenemangsdeltagare, vilket garanterar en s\u00e4ker och bekv\u00e4m passform f\u00f6r alla.<\/p>\n<h3 data-start=\"1831\" data-end=\"1842\">Visir<\/h3>\n<p data-start=\"1843\" data-end=\"2218\">Den platta designen ger en modern, ren estetik som \u00e4r mycket uppskattad inom streetwear och casual fashion. Den ger inte bara skydd mot solen utan ocks\u00e5 en skarp, strukturerad look. Det platta visiret bidrar till kepsens \u00f6vergripande form och ser till att den beh\u00e5ller sin rena profil samtidigt som den erbjuder en cool, modern stil som sticker ut i alla milj\u00f6er.<\/p>\n<h3 data-start=\"2220\" data-end=\"2233\">Service<\/h3>\n<p data-start=\"2234\" data-end=\"2627\">Denna keps \u00e4r tillg\u00e4nglig med OEM- och ODM-tj\u00e4nster, vilket ger fullst\u00e4ndiga anpassningsalternativ f\u00f6r att uppfylla dina unika krav. Oavsett om du beh\u00f6ver specifika logotyper, m\u00f6nster eller justeringar f\u00f6r att passa dina varum\u00e4rkesbehov kan kepsen skr\u00e4ddarsys efter dina exakta specifikationer. Denna flexibilitet g\u00f6r den till ett utm\u00e4rkt val f\u00f6r f\u00f6retagsg\u00e5vor, idrottslag eller specialevenemang d\u00e4r personalisering \u00e4r nyckeln.<\/p>\n<h3 data-start=\"2629\" data-end=\"2650\">Genomf\u00f6randetid<\/h3>\n<p data-start=\"2651\" data-end=\"3001\">Det tar cirka 7-9 arbetsdagar att skapa ett prov, s\u00e5 att du kan godk\u00e4nna designen innan massproduktionen p\u00e5b\u00f6rjas. N\u00e4r provet \u00e4r godk\u00e4nt \u00e4r produktionstiden f\u00f6r bulkbest\u00e4llningar 18-22 arbetsdagar, vilket s\u00e4kerst\u00e4ller att du f\u00e5r dina anpassade kepsar inom den f\u00f6rv\u00e4ntade tidsramen, oavsett om det g\u00e4ller ett reklamevenemang eller en lansering i detaljhandeln.<\/p>","protected":false},"excerpt":{"rendered":"<p>Sumkcaps 231133 Custom Six Panel Flat Embroidery Fitted Snapback Cap \u00e4r en av popul\u00e4ra Cap Style, l\u00e4tt vikt och andas v\u00e4l. V\u00e5ra Snapbacks kommer i en m\u00e4ngd olika stilar och f\u00e4rger fr\u00e5n alla de b\u00e4sta varum\u00e4rkena.<\/p>","protected":false},"featured_media":18115,"template":"","meta":{"_acf_changed":false,"_kad_blocks_custom_css":"","_kad_blocks_head_custom_js":"","_kad_blocks_body_custom_js":"","_kad_blocks_footer_custom_js":""},"product_brand":[],"product_cat":[42],"product_tag":[],"class_list":{"0":"post-18109","1":"product","2":"type-product","3":"status-publish","4":"has-post-thumbnail","6":"product_cat-snapback-cap","8":"first","9":"outofstock","10":"shipping-taxable","11":"product-type-simple"},"acf":[],"yoast_head":"<!-- This site is optimized with the Yoast SEO Premium plugin v20.8 (Yoast SEO v25.9) - https:\/\/yoast.com\/wordpress\/plugins\/seo\/ -->\n<title>Custom Flat Embroidery Fitted Snapback Cap | China Manufactuer<\/title>\n<meta name=\"description\" content=\"More Than 10 Years Of Experience In The Headwear Industry. Cap Manufacturers.100% Satisfaction Guarantee. Expert Service. Bulk Discount. Quick delivery.\" \/>\n<meta name=\"robots\" content=\"index, follow, max-snippet:-1, max-image-preview:large, max-video-preview:-1\" \/>\n<link rel=\"canonical\" href=\"https:\/\/sumkcaps.com\/sv\/produkt\/sufox-231133-custom-six-panel-flat-embroidery-fitted-snapback-keps\/\" \/>\n<meta property=\"og:locale\" content=\"sv_SE\" \/>\n<meta property=\"og:type\" content=\"article\" \/>\n<meta property=\"og:title\" content=\"Sumkcaps 231133 Custom Six Panel Flat Embroidery Fitted Snapback Cap - Sumkcaps\" \/>\n<meta property=\"og:description\" content=\"More Than 10 Years Of Experience In The Headwear Industry. Cap Manufacturers.100% Satisfaction Guarantee. Expert Service. Bulk Discount. Quick delivery.\" \/>\n<meta property=\"og:url\" content=\"https:\/\/sumkcaps.com\/sv\/produkt\/sufox-231133-custom-six-panel-flat-embroidery-fitted-snapback-keps\/\" \/>\n<meta property=\"og:site_name\" content=\"Sumkcaps-China Original Headwear Manufacturer and Suppliers\" \/>\n<meta property=\"article:publisher\" content=\"https:\/\/www.facebook.com\/sumkcap\" \/>\n<meta property=\"article:modified_time\" content=\"2026-02-06T06:33:22+00:00\" \/>\n<meta property=\"og:image\" content=\"https:\/\/sumkcaps.com\/wp-content\/uploads\/2022\/10\/6_panel_embroidery_wool_blend_fitted_snapback_cap-6-scaled.jpg\" \/>\n\t<meta property=\"og:image:width\" content=\"2560\" \/>\n\t<meta property=\"og:image:height\" content=\"2560\" \/>\n\t<meta property=\"og:image:type\" content=\"image\/jpeg\" \/>\n<meta name=\"twitter:card\" content=\"summary_large_image\" \/>\n<meta name=\"twitter:label1\" content=\"Ber\u00e4knad l\u00e4stid\" \/>\n\t<meta name=\"twitter:data1\" content=\"3 minuter\" \/>\n<script type=\"application\/ld+json\" class=\"yoast-schema-graph\">{\"@context\":\"https:\/\/schema.org\",\"@graph\":[{\"@type\":\"WebPage\",\"@id\":\"https:\/\/sumkcaps.com\/product\/sufox-231133-custom-six-panel-flat-embroidery-fitted-snapback-cap\/\",\"url\":\"https:\/\/sumkcaps.com\/product\/sufox-231133-custom-six-panel-flat-embroidery-fitted-snapback-cap\/\",\"name\":\"Custom Flat Embroidery Fitted Snapback Cap | China Manufactuer\",\"isPartOf\":{\"@id\":\"https:\/\/sumkcaps.com\/#website\"},\"primaryImageOfPage\":{\"@id\":\"https:\/\/sumkcaps.com\/product\/sufox-231133-custom-six-panel-flat-embroidery-fitted-snapback-cap\/#primaryimage\"},\"image\":{\"@id\":\"https:\/\/sumkcaps.com\/product\/sufox-231133-custom-six-panel-flat-embroidery-fitted-snapback-cap\/#primaryimage\"},\"thumbnailUrl\":\"https:\/\/sumkcaps.com\/wp-content\/uploads\/2022\/10\/6_panel_embroidery_wool_blend_fitted_snapback_cap-6-scaled.jpg\",\"datePublished\":\"2022-10-27T03:27:14+00:00\",\"dateModified\":\"2026-02-06T06:33:22+00:00\",\"description\":\"More Than 10 Years Of Experience In The Headwear Industry. Cap Manufacturers.100% Satisfaction Guarantee. Expert Service. Bulk Discount. Quick delivery.\",\"breadcrumb\":{\"@id\":\"https:\/\/sumkcaps.com\/product\/sufox-231133-custom-six-panel-flat-embroidery-fitted-snapback-cap\/#breadcrumb\"},\"inLanguage\":\"sv-SE\",\"potentialAction\":[{\"@type\":\"ReadAction\",\"target\":[\"https:\/\/sumkcaps.com\/product\/sufox-231133-custom-six-panel-flat-embroidery-fitted-snapback-cap\/\"]}]},{\"@type\":\"ImageObject\",\"inLanguage\":\"sv-SE\",\"@id\":\"https:\/\/sumkcaps.com\/product\/sufox-231133-custom-six-panel-flat-embroidery-fitted-snapback-cap\/#primaryimage\",\"url\":\"https:\/\/sumkcaps.com\/wp-content\/uploads\/2022\/10\/6_panel_embroidery_wool_blend_fitted_snapback_cap-6-scaled.jpg\",\"contentUrl\":\"https:\/\/sumkcaps.com\/wp-content\/uploads\/2022\/10\/6_panel_embroidery_wool_blend_fitted_snapback_cap-6-scaled.jpg\",\"width\":2560,\"height\":2560},{\"@type\":\"BreadcrumbList\",\"@id\":\"https:\/\/sumkcaps.com\/product\/sufox-231133-custom-six-panel-flat-embroidery-fitted-snapback-cap\/#breadcrumb\",\"itemListElement\":[{\"@type\":\"ListItem\",\"position\":1,\"name\":\"Home\",\"item\":\"https:\/\/sumkcaps.com\/\"},{\"@type\":\"ListItem\",\"position\":2,\"name\":\"Products\",\"item\":\"https:\/\/sumkcaps.com\/product\/\"},{\"@type\":\"ListItem\",\"position\":3,\"name\":\"Sumkcaps 231133 Custom Six Panel Flat Embroidery Fitted Snapback Cap\"}]},{\"@type\":\"WebSite\",\"@id\":\"https:\/\/sumkcaps.com\/#website\",\"url\":\"https:\/\/sumkcaps.com\/\",\"name\":\"Sumkcaps-China Original Headwear Manufacturer and Suppliers\",\"description\":\"We are China Cap And Hat Original Factory, whose main business is to custom cap and hat as client&#039;s LOGO. Any cap style, any cap color, any qty, any material and qty is no problem. In one words, any small details can be customized as your request.\",\"publisher\":{\"@id\":\"https:\/\/sumkcaps.com\/#organization\"},\"potentialAction\":[{\"@type\":\"SearchAction\",\"target\":{\"@type\":\"EntryPoint\",\"urlTemplate\":\"https:\/\/sumkcaps.com\/?s={search_term_string}\"},\"query-input\":{\"@type\":\"PropertyValueSpecification\",\"valueRequired\":true,\"valueName\":\"search_term_string\"}}],\"inLanguage\":\"sv-SE\"},{\"@type\":\"Organization\",\"@id\":\"https:\/\/sumkcaps.com\/#organization\",\"name\":\"Sumkcaps-China Original Headwear Manufacturer and Suppliers\",\"url\":\"https:\/\/sumkcaps.com\/\",\"logo\":{\"@type\":\"ImageObject\",\"inLanguage\":\"sv-SE\",\"@id\":\"https:\/\/sumkcaps.com\/#\/schema\/logo\/image\/\",\"url\":\"https:\/\/sumkcaps.com\/wp-content\/uploads\/2025\/12\/1234.jpg\",\"contentUrl\":\"https:\/\/sumkcaps.com\/wp-content\/uploads\/2025\/12\/1234.jpg\",\"width\":800,\"height\":800,\"caption\":\"Sumkcaps-China Original Headwear Manufacturer and Suppliers\"},\"image\":{\"@id\":\"https:\/\/sumkcaps.com\/#\/schema\/logo\/image\/\"},\"sameAs\":[\"https:\/\/www.facebook.com\/sumkcap\",\"https:\/\/www.instagram.com\/sumkcaps7\/\",\"https:\/\/www.pinterest.com\/sumkcapschina\/\"]}]}<\/script>\n<!-- \/ Yoast SEO Premium plugin. -->","yoast_head_json":{"title":"Anpassad platt broderi monterad Snapback-keps | Kina Tillverkare","description":"Mer \u00e4n 10 \u00e5rs erfarenhet inom huvudkl\u00e4desindustrin. Cap Manufacturers.100% N\u00f6jdhetsgaranti. Expert service. Bulk rabatt. Snabb leverans.","robots":{"index":"index","follow":"follow","max-snippet":"max-snippet:-1","max-image-preview":"max-image-preview:large","max-video-preview":"max-video-preview:-1"},"canonical":"https:\/\/sumkcaps.com\/sv\/produkt\/sufox-231133-custom-six-panel-flat-embroidery-fitted-snapback-keps\/","og_locale":"sv_SE","og_type":"article","og_title":"Sumkcaps 231133 Custom Six Panel Flat Embroidery Fitted Snapback Cap - Sumkcaps","og_description":"More Than 10 Years Of Experience In The Headwear Industry. Cap Manufacturers.100% Satisfaction Guarantee. Expert Service. Bulk Discount. Quick delivery.","og_url":"https:\/\/sumkcaps.com\/sv\/produkt\/sufox-231133-custom-six-panel-flat-embroidery-fitted-snapback-keps\/","og_site_name":"Sumkcaps-China Original Headwear Manufacturer and Suppliers","article_publisher":"https:\/\/www.facebook.com\/sumkcap","article_modified_time":"2026-02-06T06:33:22+00:00","og_image":[{"width":2560,"height":2560,"url":"https:\/\/sumkcaps.com\/wp-content\/uploads\/2022\/10\/6_panel_embroidery_wool_blend_fitted_snapback_cap-6-scaled.jpg","type":"image\/jpeg"}],"twitter_card":"summary_large_image","twitter_misc":{"Ber\u00e4knad l\u00e4stid":"3 minuter"},"schema":{"@context":"https:\/\/schema.org","@graph":[{"@type":"WebPage","@id":"https:\/\/sumkcaps.com\/product\/sufox-231133-custom-six-panel-flat-embroidery-fitted-snapback-cap\/","url":"https:\/\/sumkcaps.com\/product\/sufox-231133-custom-six-panel-flat-embroidery-fitted-snapback-cap\/","name":"Anpassad platt broderi monterad Snapback-keps | Kina Tillverkare","isPartOf":{"@id":"https:\/\/sumkcaps.com\/#website"},"primaryImageOfPage":{"@id":"https:\/\/sumkcaps.com\/product\/sufox-231133-custom-six-panel-flat-embroidery-fitted-snapback-cap\/#primaryimage"},"image":{"@id":"https:\/\/sumkcaps.com\/product\/sufox-231133-custom-six-panel-flat-embroidery-fitted-snapback-cap\/#primaryimage"},"thumbnailUrl":"https:\/\/sumkcaps.com\/wp-content\/uploads\/2022\/10\/6_panel_embroidery_wool_blend_fitted_snapback_cap-6-scaled.jpg","datePublished":"2022-10-27T03:27:14+00:00","dateModified":"2026-02-06T06:33:22+00:00","description":"Mer \u00e4n 10 \u00e5rs erfarenhet inom huvudkl\u00e4desindustrin. Cap Manufacturers.100% N\u00f6jdhetsgaranti. Expert service. Bulk rabatt. Snabb leverans.","breadcrumb":{"@id":"https:\/\/sumkcaps.com\/product\/sufox-231133-custom-six-panel-flat-embroidery-fitted-snapback-cap\/#breadcrumb"},"inLanguage":"sv-SE","potentialAction":[{"@type":"ReadAction","target":["https:\/\/sumkcaps.com\/product\/sufox-231133-custom-six-panel-flat-embroidery-fitted-snapback-cap\/"]}]},{"@type":"ImageObject","inLanguage":"sv-SE","@id":"https:\/\/sumkcaps.com\/product\/sufox-231133-custom-six-panel-flat-embroidery-fitted-snapback-cap\/#primaryimage","url":"https:\/\/sumkcaps.com\/wp-content\/uploads\/2022\/10\/6_panel_embroidery_wool_blend_fitted_snapback_cap-6-scaled.jpg","contentUrl":"https:\/\/sumkcaps.com\/wp-content\/uploads\/2022\/10\/6_panel_embroidery_wool_blend_fitted_snapback_cap-6-scaled.jpg","width":2560,"height":2560},{"@type":"BreadcrumbList","@id":"https:\/\/sumkcaps.com\/product\/sufox-231133-custom-six-panel-flat-embroidery-fitted-snapback-cap\/#breadcrumb","itemListElement":[{"@type":"ListItem","position":1,"name":"Home","item":"https:\/\/sumkcaps.com\/"},{"@type":"ListItem","position":2,"name":"Products","item":"https:\/\/sumkcaps.com\/product\/"},{"@type":"ListItem","position":3,"name":"Sumkcaps 231133 Custom Six Panel Flat Embroidery Fitted Snapback Cap"}]},{"@type":"WebSite","@id":"https:\/\/sumkcaps.com\/#website","url":"https:\/\/sumkcaps.com\/","name":"Sumkcaps - tillverkare och leverant\u00f6rer av originalhuvudbonader i Kina","description":"Vi \u00e4r China Cap And Hat Original Factory, vars huvudsakliga verksamhet \u00e4r att anpassa m\u00f6ssa och hatt som klient &amp; #03939; s LOGO. Vilken keps som helst, vilken kepsf\u00e4rg som helst, vilket antal som helst, vilket material som helst och antal \u00e4r inget problem. Med ett ord kan alla sm\u00e5 detaljer anpassas efter din beg\u00e4ran.","publisher":{"@id":"https:\/\/sumkcaps.com\/#organization"},"potentialAction":[{"@type":"SearchAction","target":{"@type":"EntryPoint","urlTemplate":"https:\/\/sumkcaps.com\/?s={search_term_string}"},"query-input":{"@type":"PropertyValueSpecification","valueRequired":true,"valueName":"search_term_string"}}],"inLanguage":"sv-SE"},{"@type":"Organization","@id":"https:\/\/sumkcaps.com\/#organization","name":"Sumkcaps - tillverkare och leverant\u00f6rer av originalhuvudbonader i Kina","url":"https:\/\/sumkcaps.com\/","logo":{"@type":"ImageObject","inLanguage":"sv-SE","@id":"https:\/\/sumkcaps.com\/#\/schema\/logo\/image\/","url":"https:\/\/sumkcaps.com\/wp-content\/uploads\/2025\/12\/1234.jpg","contentUrl":"https:\/\/sumkcaps.com\/wp-content\/uploads\/2025\/12\/1234.jpg","width":800,"height":800,"caption":"Sumkcaps-China Original Headwear Manufacturer and Suppliers"},"image":{"@id":"https:\/\/sumkcaps.com\/#\/schema\/logo\/image\/"},"sameAs":["https:\/\/www.facebook.com\/sumkcap","https:\/\/www.instagram.com\/sumkcaps7\/","https:\/\/www.pinterest.com\/sumkcapschina\/"]}]}},"taxonomy_info":{"product_cat":[{"value":42,"label":"Snapback Hats Wholesale"}]},"featured_image_src_large":["https:\/\/sumkcaps.com\/wp-content\/uploads\/2022\/10\/6_panel_embroidery_wool_blend_fitted_snapback_cap-6-1024x1024.jpg",800,800,true],"author_info":[],"comment_info":"","_links":{"self":[{"href":"https:\/\/sumkcaps.com\/sv\/wp-json\/wp\/v2\/product\/18109","targetHints":{"allow":["GET"]}}],"collection":[{"href":"https:\/\/sumkcaps.com\/sv\/wp-json\/wp\/v2\/product"}],"about":[{"href":"https:\/\/sumkcaps.com\/sv\/wp-json\/wp\/v2\/types\/product"}],"wp:featuredmedia":[{"embeddable":true,"href":"https:\/\/sumkcaps.com\/sv\/wp-json\/wp\/v2\/media\/18115"}],"wp:attachment":[{"href":"https:\/\/sumkcaps.com\/sv\/wp-json\/wp\/v2\/media?parent=18109"}],"wp:term":[{"taxonomy":"product_brand","embeddable":true,"href":"https:\/\/sumkcaps.com\/sv\/wp-json\/wp\/v2\/product_brand?post=18109"},{"taxonomy":"product_cat","embeddable":true,"href":"https:\/\/sumkcaps.com\/sv\/wp-json\/wp\/v2\/product_cat?post=18109"},{"taxonomy":"product_tag","embeddable":true,"href":"https:\/\/sumkcaps.com\/sv\/wp-json\/wp\/v2\/product_tag?post=18109"}],"curies":[{"name":"wp","href":"https:\/\/api.w.org\/{rel}","templated":true}]}}