{"id":18023,"date":"2022-10-27T09:18:13","date_gmt":"2022-10-27T01:18:13","guid":{"rendered":"https:\/\/sumkcaps.com\/?post_type=product&#038;p=18023"},"modified":"2025-07-10T09:05:57","modified_gmt":"2025-07-10T01:05:57","slug":"sufox-231122-custom-six-panel-3d-embroidery-fitted-snapback-cap","status":"publish","type":"product","link":"https:\/\/sumkcaps.com\/sv\/produkt\/sufox-231122-custom-sex-paneler-3d-broderi-monterad-snapback-keps\/","title":{"rendered":"Sumkcaps 231122 Custom Six Panel 3D Broderi Fitted Snapback keps med sex paneler"},"content":{"rendered":"<h2 data-start=\"269\" data-end=\"323\"><strong data-start=\"276\" data-end=\"321\">Typ av hatt och struktur: Fitted Snapback keps<\/strong><\/h2>\n<p data-start=\"324\" data-end=\"766\">Denna keps h\u00f6r till <strong data-start=\"348\" data-end=\"371\">snapback keps familj<\/strong>, som k\u00e4nnetecknas av sin <strong data-start=\"394\" data-end=\"407\">platt r\u00e4kning<\/strong> och <strong data-start=\"412\" data-end=\"439\">justerbar sn\u00e4ppst\u00e4ngning<\/strong>. Till skillnad fr\u00e5n casual dad hats eller performance caps, \u00e4r <strong data-start=\"489\" data-end=\"508\">figursydd snapback<\/strong> \u00e4r strukturerad och elegant och har en \u00e5tsittande passform som kombinerar urban stil med funktionella huvudbonader. Den <strong data-start=\"613\" data-end=\"639\">konstruktion med sex paneler<\/strong> f\u00f6rb\u00e4ttrar formstabiliteten och erbjuder en klassisk silhuett, vilket g\u00f6r den idealisk f\u00f6r streetwear, team branding och livsstilsvarum\u00e4rken.<\/p>\n<h2 data-start=\"768\" data-end=\"815\"><strong data-start=\"775\" data-end=\"813\">Materialets sammans\u00e4ttning: 100% Akryl<\/strong><\/h2>\n<p data-start=\"816\" data-end=\"1107\">Akryl \u00e4r ett slitstarkt, l\u00e4ttviktigt och formbest\u00e4ndigt material. Det anv\u00e4nds ofta i huvudbonader i streetstyle-stil eftersom det h\u00e5ller broderade m\u00f6nster skarpa samtidigt som det \u00e4r bekv\u00e4mt och andas. Detta tyg ger ocks\u00e5 <strong data-start=\"1052\" data-end=\"1070\">f\u00e4rgskiftning<\/strong>vilket g\u00f6r att logotyper och m\u00f6nster framtr\u00e4der tydligt.<\/p>\n<h2 data-start=\"1109\" data-end=\"1167\"><strong data-start=\"1116\" data-end=\"1165\">Dekorations stil: 3D-brodyr Anpassning<\/strong><\/h2>\n<p data-start=\"1168\" data-end=\"1555\">3D-brodyr \u00e4r en av de mest exklusiva dekorationsteknikerna inom tillverkning av huvudbonader. Den ger logotyper och text en upph\u00f6jd, taktil effekt som ger djup och dimension. Den h\u00e4r metoden \u00e4r idealisk f\u00f6r varum\u00e4rken som vill ha ett visuellt varum\u00e4rke med stor genomslagskraft. I kombination med <strong data-start=\"1419\" data-end=\"1449\">fullst\u00e4ndiga anpassningsm\u00f6jligheter<\/strong>kan anv\u00e4ndarna utforma unika illustrationer, teamlogotyper eller reklamgrafik som \u00e4r skr\u00e4ddarsydd f\u00f6r varum\u00e4rkets identitet.<\/p>\n<h2 data-start=\"1557\" data-end=\"1603\"><strong data-start=\"1564\" data-end=\"1601\">Visirets stil: Flat Bill Estetik<\/strong><\/h2>\n<p data-start=\"1604\" data-end=\"1901\">Den <strong data-start=\"1608\" data-end=\"1627\">visir med platt sk\u00e4rm<\/strong> erbjuder en modern, urban estetik som f\u00f6redras av streetwear-m\u00e4rken, hiphop-kulturen och yngre demografier. Till skillnad fr\u00e5n b\u00f6jda visir som finns p\u00e5 pappahattar eller basebollkepsar ger den platta sk\u00e4rmen ett dj\u00e4rvt och modernt utseende, vilket g\u00f6r den till ett modestatement ut\u00f6ver funktionella huvudbonader.<\/p>\n<h2 data-start=\"1903\" data-end=\"1958\"><strong data-start=\"1910\" data-end=\"1956\">Anpassning av f\u00e4rg: Fullst\u00e4ndig Pantone-matchning<\/strong><\/h2>\n<p data-start=\"1959\" data-end=\"2183\">Detta lock st\u00f6der <strong data-start=\"1977\" data-end=\"2004\">helt anpassade f\u00e4rger<\/strong>vilket g\u00f6r det m\u00f6jligt f\u00f6r varum\u00e4rken att matcha exakta Pantone-nyanser. Oavsett om du beh\u00f6ver dj\u00e4rva monokromer eller livfulla kontraster hj\u00e4lper anpassningen till att anpassa produkten perfekt till ditt visuella varum\u00e4rke.<\/p>\n<h2 data-start=\"1959\" data-end=\"2183\"><strong data-start=\"2192\" data-end=\"2222\">M\u00e5lmarknader &amp; anv\u00e4ndningsomr\u00e5den<\/strong><\/h2>\n<ul data-start=\"2225\" data-end=\"2551\">\n<li data-start=\"2225\" data-end=\"2307\">\n<p data-start=\"2227\" data-end=\"2307\"><strong data-start=\"2227\" data-end=\"2249\">Streetwear Varum\u00e4rken:<\/strong> Skapa ikoniska produktlinjer med ett starkt visuellt varum\u00e4rke.<\/p>\n<\/li>\n<li data-start=\"2308\" data-end=\"2391\">\n<p data-start=\"2310\" data-end=\"2391\"><strong data-start=\"2310\" data-end=\"2327\">Idrottslag:<\/strong> Professionella huvudbonader f\u00f6r team med logotypfokuserad design.<\/p>\n<\/li>\n<li data-start=\"2392\" data-end=\"2473\">\n<p data-start=\"2394\" data-end=\"2473\"><strong data-start=\"2394\" data-end=\"2419\">F\u00f6retagskampanjer:<\/strong> F\u00f6rb\u00e4ttra varum\u00e4rkets identitet med premiumpresenter i form av huvudbonader.<\/p>\n<\/li>\n<li data-start=\"2474\" data-end=\"2551\">\n<p data-start=\"2476\" data-end=\"2551\"><strong data-start=\"2476\" data-end=\"2501\">Varor och detaljhandel:<\/strong> Idealisk f\u00f6r \u00e5terf\u00f6rs\u00e4ljning i livsstils- och kl\u00e4dbutiker.<\/p>\n<\/li>\n<\/ul>\n<h2 data-start=\"2553\" data-end=\"2594\"><strong data-start=\"2560\" data-end=\"2592\">MOQ &amp; tillverkningstj\u00e4nster<\/strong><\/h2>\n<p data-start=\"2595\" data-end=\"2894\">Med en <strong data-start=\"2602\" data-end=\"2663\">minsta orderkvantitet 200 stycken per design per f\u00e4rg<\/strong>\u00e4r den h\u00e4r produkten optimerad f\u00f6r bulkk\u00f6pare som modem\u00e4rken, merch-skapare och evenemangsarrang\u00f6rer. Sumkcaps erbjuder <strong data-start=\"2785\" data-end=\"2807\">OEM- och ODM-tj\u00e4nster<\/strong>vilket g\u00f6r det enkelt att lansera din egen cap-linje med fabriksanpassat st\u00f6d.<\/p>","protected":false},"excerpt":{"rendered":"<p>Sumkcaps 231122 \u00e4r en skr\u00e4ddarsydd snapback med sex paneler tillverkad av 100% akryl. Den har dj\u00e4rvt 3D-broderi och ett platt visir och erbjuder anpassning i fullf\u00e4rg och OEM- och ODM-tj\u00e4nster. MOQ 200 st per design\/f\u00e4rg, perfekt f\u00f6r streetwear-varum\u00e4rken, team och kampanjer.<\/p>","protected":false},"featured_media":18024,"template":"","meta":{"_acf_changed":false,"_kad_blocks_custom_css":"","_kad_blocks_head_custom_js":"","_kad_blocks_body_custom_js":"","_kad_blocks_footer_custom_js":""},"product_brand":[],"product_cat":[42],"product_tag":[],"class_list":{"0":"post-18023","1":"product","2":"type-product","3":"status-publish","4":"has-post-thumbnail","6":"product_cat-snapback-cap","8":"first","9":"outofstock","10":"shipping-taxable","11":"product-type-simple"},"acf":[],"yoast_head":"<!-- This site is optimized with the Yoast SEO Premium plugin v20.8 (Yoast SEO v25.9) - https:\/\/yoast.com\/wordpress\/plugins\/seo\/ -->\n<title>Custom 3D Embroidery Fitted Snapback Cap | China Manufactuer<\/title>\n<meta name=\"description\" content=\"Custom Cap, Logo Cap, Brand Caps, Custom Made Snapback Caps, Custom Snapback Baseball Hats. Premium Cap Manufacturer since 2006. Quick delivery.\" \/>\n<meta name=\"robots\" content=\"index, follow, max-snippet:-1, max-image-preview:large, max-video-preview:-1\" \/>\n<link rel=\"canonical\" href=\"https:\/\/sumkcaps.com\/sv\/produkt\/sufox-231122-custom-sex-paneler-3d-broderi-monterad-snapback-keps\/\" \/>\n<meta property=\"og:locale\" content=\"sv_SE\" \/>\n<meta property=\"og:type\" content=\"article\" \/>\n<meta property=\"og:title\" content=\"Sumkcaps 231122 Custom Six Panel 3D Embroidery Fitted Snapback Cap - Sumkcaps\" \/>\n<meta property=\"og:description\" content=\"Custom Cap, Logo Cap, Brand Caps, Custom Made Snapback Caps, Custom Snapback Baseball Hats. Premium Cap Manufacturer since 2006. Quick delivery.\" \/>\n<meta property=\"og:url\" content=\"https:\/\/sumkcaps.com\/sv\/produkt\/sufox-231122-custom-sex-paneler-3d-broderi-monterad-snapback-keps\/\" \/>\n<meta property=\"og:site_name\" content=\"Sumkcaps-China Original Headwear Manufacturer and Suppliers\" \/>\n<meta property=\"article:publisher\" content=\"https:\/\/www.facebook.com\/sumkcap\" \/>\n<meta property=\"article:modified_time\" content=\"2025-07-10T01:05:57+00:00\" \/>\n<meta property=\"og:image\" content=\"https:\/\/sumkcaps.com\/wp-content\/uploads\/2022\/10\/6_panel_3d_embroidery_fitted_snapback_cap-1-3-scaled.jpg\" \/>\n\t<meta property=\"og:image:width\" content=\"2560\" \/>\n\t<meta property=\"og:image:height\" content=\"2400\" \/>\n\t<meta property=\"og:image:type\" content=\"image\/jpeg\" \/>\n<meta name=\"twitter:card\" content=\"summary_large_image\" \/>\n<meta name=\"twitter:label1\" content=\"Ber\u00e4knad l\u00e4stid\" \/>\n\t<meta name=\"twitter:data1\" content=\"2 minuter\" \/>\n<script type=\"application\/ld+json\" class=\"yoast-schema-graph\">{\"@context\":\"https:\/\/schema.org\",\"@graph\":[{\"@type\":\"WebPage\",\"@id\":\"https:\/\/sumkcaps.com\/product\/sufox-231122-custom-six-panel-3d-embroidery-fitted-snapback-cap\/\",\"url\":\"https:\/\/sumkcaps.com\/product\/sufox-231122-custom-six-panel-3d-embroidery-fitted-snapback-cap\/\",\"name\":\"Custom 3D Embroidery Fitted Snapback Cap | China Manufactuer\",\"isPartOf\":{\"@id\":\"https:\/\/sumkcaps.com\/#website\"},\"primaryImageOfPage\":{\"@id\":\"https:\/\/sumkcaps.com\/product\/sufox-231122-custom-six-panel-3d-embroidery-fitted-snapback-cap\/#primaryimage\"},\"image\":{\"@id\":\"https:\/\/sumkcaps.com\/product\/sufox-231122-custom-six-panel-3d-embroidery-fitted-snapback-cap\/#primaryimage\"},\"thumbnailUrl\":\"https:\/\/sumkcaps.com\/wp-content\/uploads\/2022\/10\/6_panel_3d_embroidery_fitted_snapback_cap-1-3-scaled.jpg\",\"datePublished\":\"2022-10-27T01:18:13+00:00\",\"dateModified\":\"2025-07-10T01:05:57+00:00\",\"description\":\"Custom Cap, Logo Cap, Brand Caps, Custom Made Snapback Caps, Custom Snapback Baseball Hats. Premium Cap Manufacturer since 2006. Quick delivery.\",\"breadcrumb\":{\"@id\":\"https:\/\/sumkcaps.com\/product\/sufox-231122-custom-six-panel-3d-embroidery-fitted-snapback-cap\/#breadcrumb\"},\"inLanguage\":\"sv-SE\",\"potentialAction\":[{\"@type\":\"ReadAction\",\"target\":[\"https:\/\/sumkcaps.com\/product\/sufox-231122-custom-six-panel-3d-embroidery-fitted-snapback-cap\/\"]}]},{\"@type\":\"ImageObject\",\"inLanguage\":\"sv-SE\",\"@id\":\"https:\/\/sumkcaps.com\/product\/sufox-231122-custom-six-panel-3d-embroidery-fitted-snapback-cap\/#primaryimage\",\"url\":\"https:\/\/sumkcaps.com\/wp-content\/uploads\/2022\/10\/6_panel_3d_embroidery_fitted_snapback_cap-1-3-scaled.jpg\",\"contentUrl\":\"https:\/\/sumkcaps.com\/wp-content\/uploads\/2022\/10\/6_panel_3d_embroidery_fitted_snapback_cap-1-3-scaled.jpg\",\"width\":2560,\"height\":2400},{\"@type\":\"BreadcrumbList\",\"@id\":\"https:\/\/sumkcaps.com\/product\/sufox-231122-custom-six-panel-3d-embroidery-fitted-snapback-cap\/#breadcrumb\",\"itemListElement\":[{\"@type\":\"ListItem\",\"position\":1,\"name\":\"Home\",\"item\":\"https:\/\/sumkcaps.com\/\"},{\"@type\":\"ListItem\",\"position\":2,\"name\":\"Products\",\"item\":\"https:\/\/sumkcaps.com\/product\/\"},{\"@type\":\"ListItem\",\"position\":3,\"name\":\"Sumkcaps 231122 Custom Six Panel 3D Embroidery Fitted Snapback Cap\"}]},{\"@type\":\"WebSite\",\"@id\":\"https:\/\/sumkcaps.com\/#website\",\"url\":\"https:\/\/sumkcaps.com\/\",\"name\":\"Sumkcaps-China Original Headwear Manufacturer and Suppliers\",\"description\":\"We are China Cap And Hat Original Factory, whose main business is to custom cap and hat as client&#039;s LOGO. Any cap style, any cap color, any qty, any material and qty is no problem. In one words, any small details can be customized as your request.\",\"publisher\":{\"@id\":\"https:\/\/sumkcaps.com\/#organization\"},\"potentialAction\":[{\"@type\":\"SearchAction\",\"target\":{\"@type\":\"EntryPoint\",\"urlTemplate\":\"https:\/\/sumkcaps.com\/?s={search_term_string}\"},\"query-input\":{\"@type\":\"PropertyValueSpecification\",\"valueRequired\":true,\"valueName\":\"search_term_string\"}}],\"inLanguage\":\"sv-SE\"},{\"@type\":\"Organization\",\"@id\":\"https:\/\/sumkcaps.com\/#organization\",\"name\":\"Sumkcaps-China Original Headwear Manufacturer and Suppliers\",\"url\":\"https:\/\/sumkcaps.com\/\",\"logo\":{\"@type\":\"ImageObject\",\"inLanguage\":\"sv-SE\",\"@id\":\"https:\/\/sumkcaps.com\/#\/schema\/logo\/image\/\",\"url\":\"https:\/\/sumkcaps.com\/wp-content\/uploads\/2025\/12\/1234.jpg\",\"contentUrl\":\"https:\/\/sumkcaps.com\/wp-content\/uploads\/2025\/12\/1234.jpg\",\"width\":800,\"height\":800,\"caption\":\"Sumkcaps-China Original Headwear Manufacturer and Suppliers\"},\"image\":{\"@id\":\"https:\/\/sumkcaps.com\/#\/schema\/logo\/image\/\"},\"sameAs\":[\"https:\/\/www.facebook.com\/sumkcap\",\"https:\/\/www.instagram.com\/sumkcaps7\/\",\"https:\/\/www.pinterest.com\/sumkcapschina\/\"]}]}<\/script>\n<!-- \/ Yoast SEO Premium plugin. -->","yoast_head_json":{"title":"Anpassad 3D-brodyr monterad Snapback-keps | Kina Tillverkare","description":"Anpassad keps, logotypkeps, varum\u00e4rkeskepsar, skr\u00e4ddarsydda snapback-kepsar, anpassade snapback-basebollhattar. Premium Cap Tillverkare sedan 2006. Snabb leverans.","robots":{"index":"index","follow":"follow","max-snippet":"max-snippet:-1","max-image-preview":"max-image-preview:large","max-video-preview":"max-video-preview:-1"},"canonical":"https:\/\/sumkcaps.com\/sv\/produkt\/sufox-231122-custom-sex-paneler-3d-broderi-monterad-snapback-keps\/","og_locale":"sv_SE","og_type":"article","og_title":"Sumkcaps 231122 Custom Six Panel 3D Embroidery Fitted Snapback Cap - Sumkcaps","og_description":"Custom Cap, Logo Cap, Brand Caps, Custom Made Snapback Caps, Custom Snapback Baseball Hats. Premium Cap Manufacturer since 2006. Quick delivery.","og_url":"https:\/\/sumkcaps.com\/sv\/produkt\/sufox-231122-custom-sex-paneler-3d-broderi-monterad-snapback-keps\/","og_site_name":"Sumkcaps-China Original Headwear Manufacturer and Suppliers","article_publisher":"https:\/\/www.facebook.com\/sumkcap","article_modified_time":"2025-07-10T01:05:57+00:00","og_image":[{"width":2560,"height":2400,"url":"https:\/\/sumkcaps.com\/wp-content\/uploads\/2022\/10\/6_panel_3d_embroidery_fitted_snapback_cap-1-3-scaled.jpg","type":"image\/jpeg"}],"twitter_card":"summary_large_image","twitter_misc":{"Ber\u00e4knad l\u00e4stid":"2 minuter"},"schema":{"@context":"https:\/\/schema.org","@graph":[{"@type":"WebPage","@id":"https:\/\/sumkcaps.com\/product\/sufox-231122-custom-six-panel-3d-embroidery-fitted-snapback-cap\/","url":"https:\/\/sumkcaps.com\/product\/sufox-231122-custom-six-panel-3d-embroidery-fitted-snapback-cap\/","name":"Anpassad 3D-brodyr monterad Snapback-keps | Kina Tillverkare","isPartOf":{"@id":"https:\/\/sumkcaps.com\/#website"},"primaryImageOfPage":{"@id":"https:\/\/sumkcaps.com\/product\/sufox-231122-custom-six-panel-3d-embroidery-fitted-snapback-cap\/#primaryimage"},"image":{"@id":"https:\/\/sumkcaps.com\/product\/sufox-231122-custom-six-panel-3d-embroidery-fitted-snapback-cap\/#primaryimage"},"thumbnailUrl":"https:\/\/sumkcaps.com\/wp-content\/uploads\/2022\/10\/6_panel_3d_embroidery_fitted_snapback_cap-1-3-scaled.jpg","datePublished":"2022-10-27T01:18:13+00:00","dateModified":"2025-07-10T01:05:57+00:00","description":"Anpassad keps, logotypkeps, varum\u00e4rkeskepsar, skr\u00e4ddarsydda snapback-kepsar, anpassade snapback-basebollhattar. Premium Cap Tillverkare sedan 2006. Snabb leverans.","breadcrumb":{"@id":"https:\/\/sumkcaps.com\/product\/sufox-231122-custom-six-panel-3d-embroidery-fitted-snapback-cap\/#breadcrumb"},"inLanguage":"sv-SE","potentialAction":[{"@type":"ReadAction","target":["https:\/\/sumkcaps.com\/product\/sufox-231122-custom-six-panel-3d-embroidery-fitted-snapback-cap\/"]}]},{"@type":"ImageObject","inLanguage":"sv-SE","@id":"https:\/\/sumkcaps.com\/product\/sufox-231122-custom-six-panel-3d-embroidery-fitted-snapback-cap\/#primaryimage","url":"https:\/\/sumkcaps.com\/wp-content\/uploads\/2022\/10\/6_panel_3d_embroidery_fitted_snapback_cap-1-3-scaled.jpg","contentUrl":"https:\/\/sumkcaps.com\/wp-content\/uploads\/2022\/10\/6_panel_3d_embroidery_fitted_snapback_cap-1-3-scaled.jpg","width":2560,"height":2400},{"@type":"BreadcrumbList","@id":"https:\/\/sumkcaps.com\/product\/sufox-231122-custom-six-panel-3d-embroidery-fitted-snapback-cap\/#breadcrumb","itemListElement":[{"@type":"ListItem","position":1,"name":"Home","item":"https:\/\/sumkcaps.com\/"},{"@type":"ListItem","position":2,"name":"Products","item":"https:\/\/sumkcaps.com\/product\/"},{"@type":"ListItem","position":3,"name":"Sumkcaps 231122 Custom Six Panel 3D Embroidery Fitted Snapback Cap"}]},{"@type":"WebSite","@id":"https:\/\/sumkcaps.com\/#website","url":"https:\/\/sumkcaps.com\/","name":"Sumkcaps - tillverkare och leverant\u00f6rer av originalhuvudbonader i Kina","description":"Vi \u00e4r China Cap And Hat Original Factory, vars huvudsakliga verksamhet \u00e4r att anpassa m\u00f6ssa och hatt som klient &amp; #03939; s LOGO. Vilken keps som helst, vilken kepsf\u00e4rg som helst, vilket antal som helst, vilket material som helst och antal \u00e4r inget problem. Med ett ord kan alla sm\u00e5 detaljer anpassas efter din beg\u00e4ran.","publisher":{"@id":"https:\/\/sumkcaps.com\/#organization"},"potentialAction":[{"@type":"SearchAction","target":{"@type":"EntryPoint","urlTemplate":"https:\/\/sumkcaps.com\/?s={search_term_string}"},"query-input":{"@type":"PropertyValueSpecification","valueRequired":true,"valueName":"search_term_string"}}],"inLanguage":"sv-SE"},{"@type":"Organization","@id":"https:\/\/sumkcaps.com\/#organization","name":"Sumkcaps - tillverkare och leverant\u00f6rer av originalhuvudbonader i Kina","url":"https:\/\/sumkcaps.com\/","logo":{"@type":"ImageObject","inLanguage":"sv-SE","@id":"https:\/\/sumkcaps.com\/#\/schema\/logo\/image\/","url":"https:\/\/sumkcaps.com\/wp-content\/uploads\/2025\/12\/1234.jpg","contentUrl":"https:\/\/sumkcaps.com\/wp-content\/uploads\/2025\/12\/1234.jpg","width":800,"height":800,"caption":"Sumkcaps-China Original Headwear Manufacturer and Suppliers"},"image":{"@id":"https:\/\/sumkcaps.com\/#\/schema\/logo\/image\/"},"sameAs":["https:\/\/www.facebook.com\/sumkcap","https:\/\/www.instagram.com\/sumkcaps7\/","https:\/\/www.pinterest.com\/sumkcapschina\/"]}]}},"taxonomy_info":{"product_cat":[{"value":42,"label":"Snapback Hats Wholesale"}]},"featured_image_src_large":["https:\/\/sumkcaps.com\/wp-content\/uploads\/2022\/10\/6_panel_3d_embroidery_fitted_snapback_cap-1-3-1024x960.jpg",800,750,true],"author_info":[],"comment_info":"","_links":{"self":[{"href":"https:\/\/sumkcaps.com\/sv\/wp-json\/wp\/v2\/product\/18023","targetHints":{"allow":["GET"]}}],"collection":[{"href":"https:\/\/sumkcaps.com\/sv\/wp-json\/wp\/v2\/product"}],"about":[{"href":"https:\/\/sumkcaps.com\/sv\/wp-json\/wp\/v2\/types\/product"}],"wp:featuredmedia":[{"embeddable":true,"href":"https:\/\/sumkcaps.com\/sv\/wp-json\/wp\/v2\/media\/18024"}],"wp:attachment":[{"href":"https:\/\/sumkcaps.com\/sv\/wp-json\/wp\/v2\/media?parent=18023"}],"wp:term":[{"taxonomy":"product_brand","embeddable":true,"href":"https:\/\/sumkcaps.com\/sv\/wp-json\/wp\/v2\/product_brand?post=18023"},{"taxonomy":"product_cat","embeddable":true,"href":"https:\/\/sumkcaps.com\/sv\/wp-json\/wp\/v2\/product_cat?post=18023"},{"taxonomy":"product_tag","embeddable":true,"href":"https:\/\/sumkcaps.com\/sv\/wp-json\/wp\/v2\/product_tag?post=18023"}],"curies":[{"name":"wp","href":"https:\/\/api.w.org\/{rel}","templated":true}]}}