{"id":17963,"date":"2022-10-26T13:46:43","date_gmt":"2022-10-26T05:46:43","guid":{"rendered":"https:\/\/sumkcaps.com\/?post_type=product&#038;p=17963"},"modified":"2026-02-27T14:28:06","modified_gmt":"2026-02-27T06:28:06","slug":"sufox-231114-custom-six-panel-3d-embroidery-snapback-cap","status":"publish","type":"product","link":"https:\/\/sumkcaps.com\/sv\/produkt\/sufox-231114-custom-snapback-keps-med-sex-paneler-och-3d-brodyr\/","title":{"rendered":"Sumkcaps 231114 Custom Snapback-keps med sex paneler och 3D-brodyr"},"content":{"rendered":"<div class=\"flex flex-col text-sm\">\n<article class=\"text-token-text-primary w-full focus:outline-none [--shadow-height:45px] has-data-writing-block:pointer-events-none has-data-writing-block:-mt-(--shadow-height) has-data-writing-block:pt-(--shadow-height) [&amp;:has([data-writing-block])&gt;*]:pointer-events-auto scroll-mt-[calc(var(--header-height)+min(200px,max(70px,20svh)))]\" dir=\"auto\" tabindex=\"-1\" data-turn-id=\"request-699ff822-ab3c-8321-8f15-3ba4b4f9ab0b-7\" data-testid=\"conversation-turn-18\" data-scroll-anchor=\"true\" data-turn=\"assistant\">\n<div class=\"text-base my-auto mx-auto pb-10 [--thread-content-margin:--spacing(4)] @w-sm\/main:[--thread-content-margin:--spacing(6)] @w-lg\/main:[--thread-content-margin:--spacing(16)] px-(--thread-content-margin)\">\n<div class=\"[--thread-content-max-width:40rem] @w-lg\/main:[--thread-content-max-width:48rem] mx-auto max-w-(--thread-content-max-width) flex-1 group\/turn-messages focus-visible:outline-hidden relative flex w-full min-w-0 flex-col agent-turn\" tabindex=\"-1\">\n<div class=\"flex max-w-full flex-col grow\">\n<div class=\"min-h-8 text-message relative flex w-full flex-col items-end gap-2 text-start break-words whitespace-normal [.text-message+&amp;]:mt-1\" dir=\"auto\" data-message-author-role=\"assistant\" data-message-id=\"1c527f7e-3be1-4397-9c20-68a7c3564b67\" data-message-model-slug=\"gpt-5-2\">\n<div class=\"flex w-full flex-col gap-1 empty:hidden first:pt-[1px]\">\n<div class=\"markdown prose dark:prose-invert w-full wrap-break-word light markdown-new-styling\">\n<h3 data-start=\"81\" data-end=\"378\"><strong data-start=\"81\" data-end=\"118\">Dekoration<\/strong><\/h3>\n<p data-start=\"81\" data-end=\"378\">Denna snapback-keps med sex paneler har ett 3D-broderi som skapar en upph\u00f6jd effekt f\u00f6r logotyper och m\u00f6nster. De tredimensionella s\u00f6mmarna f\u00f6rst\u00e4rker den visuella effekten och ger ett premiumutseende, vilket g\u00f6r den idealisk f\u00f6r varum\u00e4rkesprofilering och detaljhandelskollektioner.<\/p>\n<h3 data-start=\"380\" data-end=\"630\"><strong data-start=\"380\" data-end=\"407\">Material<\/strong><\/h3>\n<p data-start=\"380\" data-end=\"630\">Den h\u00e4r kepsen \u00e4r tillverkad av 100% akrylv\u00e4v och \u00e4r mycket slitstark och formstabil. Materialet \u00e4r l\u00e4tt och bekv\u00e4mt och ger ett strukturerat utseende som passar f\u00f6r daglig anv\u00e4ndning och reklam.<\/p>\n<h3 data-start=\"632\" data-end=\"849\"><strong data-start=\"632\" data-end=\"654\">F\u00e4rg<\/strong><\/h3>\n<p data-start=\"632\" data-end=\"849\">Fullt anpassade f\u00e4rgalternativ g\u00f6r att du kan matcha din varum\u00e4rkesidentitet eller ditt designkoncept. Flexibla f\u00e4rgval g\u00f6r denna keps l\u00e4mplig f\u00f6r reklamkampanjer, lagkl\u00e4der och detaljhandeln.<\/p>\n<h3 data-start=\"851\" data-end=\"1058\"><strong data-start=\"851\" data-end=\"884\">Passform och storlek<\/strong><\/h3>\n<p data-start=\"851\" data-end=\"1058\">Den h\u00e4r kepsen har en justerbar snapback-st\u00e4ngning och OSFM-storlek som passar de flesta huvudstorlekar fr\u00e5n 7 till 7 3\/4. Den justerbara designen ger komfort och en s\u00e4ker passform.<\/p>\n<h3 data-start=\"1060\" data-end=\"1259\"><strong data-start=\"1060\" data-end=\"1081\">Visir<\/strong><\/h3>\n<p data-start=\"1060\" data-end=\"1259\">Det platta visiret ger ett modernt och elegant utseende samtidigt som det ger ett effektivt solskydd. Den strukturerade konstruktionen hj\u00e4lper till att h\u00e5lla en ren och modern form.<\/p>\n<h3 data-start=\"1261\" data-end=\"1476\"><strong data-start=\"1261\" data-end=\"1284\">Service<\/strong><\/h3>\n<p data-start=\"1261\" data-end=\"1476\">OEM- och ODM-tj\u00e4nster finns tillg\u00e4ngliga f\u00f6r att st\u00f6dja fullst\u00e4ndig anpassning, inklusive logotyper, material, f\u00e4rger, etiketter och f\u00f6rpackningar. V\u00e5rt professionella team s\u00e4kerst\u00e4ller effektiv och p\u00e5litlig produktion.<\/p>\n<h3 data-start=\"1478\" data-end=\"1679\"><strong data-start=\"1478\" data-end=\"1497\">Genomf\u00f6randetid<\/strong><\/h3>\n<p data-start=\"1478\" data-end=\"1679\" data-is-last-node=\"\" data-is-only-node=\"\">Provproduktion tar vanligtvis 7-9 arbetsdagar f\u00f6r snabb bekr\u00e4ftelse. Bulkproduktion kr\u00e4ver cirka 18-22 arbetsdagar, vilket s\u00e4kerst\u00e4ller stabil kvalitet och leverans i tid.<\/p>\n<\/div>\n<\/div>\n<\/div>\n<\/div>\n<\/div>\n<\/div>\n<\/article>\n<\/div>","protected":false},"excerpt":{"rendered":"<p>Sumkcaps 231114 Custom Six Panel 3D Embroidery Snapback Cap \u00e4r en av popul\u00e4ra kepsar, l\u00e4tt och andas bra. V\u00e5ra Snapbacks kommer i en m\u00e4ngd olika stilar och f\u00e4rger fr\u00e5n alla de b\u00e4sta varum\u00e4rkena.<\/p>","protected":false},"featured_media":17964,"template":"","meta":{"_acf_changed":false,"_kad_blocks_custom_css":"","_kad_blocks_head_custom_js":"","_kad_blocks_body_custom_js":"","_kad_blocks_footer_custom_js":""},"product_brand":[],"product_cat":[42],"product_tag":[],"class_list":{"0":"post-17963","1":"product","2":"type-product","3":"status-publish","4":"has-post-thumbnail","6":"product_cat-snapback-cap","8":"first","9":"outofstock","10":"shipping-taxable","11":"product-type-simple"},"acf":[],"yoast_head":"<!-- This site is optimized with the Yoast SEO Premium plugin v20.8 (Yoast SEO v25.9) - https:\/\/yoast.com\/wordpress\/plugins\/seo\/ -->\n<title>Custom 3D Embroidery Snapback Cap | China Manufactuer<\/title>\n<meta name=\"description\" content=\"Custom Cap, Logo Cap, Brand Caps, Custom Made Snapback Caps, Custom Snapback Baseball Hats. Premium Cap Manufacturer since 2006. Quick delivery.\" \/>\n<meta name=\"robots\" content=\"index, follow, max-snippet:-1, max-image-preview:large, max-video-preview:-1\" \/>\n<link rel=\"canonical\" href=\"https:\/\/sumkcaps.com\/sv\/produkt\/sufox-231114-custom-snapback-keps-med-sex-paneler-och-3d-brodyr\/\" \/>\n<meta property=\"og:locale\" content=\"sv_SE\" \/>\n<meta property=\"og:type\" content=\"article\" \/>\n<meta property=\"og:title\" content=\"Sumkcaps 231114 Custom Six Panel 3D Embroidery Snapback Cap - Sumkcaps\" \/>\n<meta property=\"og:description\" content=\"Custom Cap, Logo Cap, Brand Caps, Custom Made Snapback Caps, Custom Snapback Baseball Hats. Premium Cap Manufacturer since 2006. Quick delivery.\" \/>\n<meta property=\"og:url\" content=\"https:\/\/sumkcaps.com\/sv\/produkt\/sufox-231114-custom-snapback-keps-med-sex-paneler-och-3d-brodyr\/\" \/>\n<meta property=\"og:site_name\" content=\"Sumkcaps-China Original Headwear Manufacturer and Suppliers\" \/>\n<meta property=\"article:publisher\" content=\"https:\/\/www.facebook.com\/sumkcap\" \/>\n<meta property=\"article:modified_time\" content=\"2026-02-27T06:28:06+00:00\" \/>\n<meta property=\"og:image\" content=\"https:\/\/sumkcaps.com\/wp-content\/uploads\/2022\/10\/6_panel_3d_embroidery_snapback_cap-1-5-scaled.jpg\" \/>\n\t<meta property=\"og:image:width\" content=\"2560\" \/>\n\t<meta property=\"og:image:height\" content=\"2560\" \/>\n\t<meta property=\"og:image:type\" content=\"image\/jpeg\" \/>\n<meta name=\"twitter:card\" content=\"summary_large_image\" \/>\n<meta name=\"twitter:label1\" content=\"Ber\u00e4knad l\u00e4stid\" \/>\n\t<meta name=\"twitter:data1\" content=\"2 minuter\" \/>\n<script type=\"application\/ld+json\" class=\"yoast-schema-graph\">{\"@context\":\"https:\/\/schema.org\",\"@graph\":[{\"@type\":\"WebPage\",\"@id\":\"https:\/\/sumkcaps.com\/product\/sufox-231114-custom-six-panel-3d-embroidery-snapback-cap\/\",\"url\":\"https:\/\/sumkcaps.com\/product\/sufox-231114-custom-six-panel-3d-embroidery-snapback-cap\/\",\"name\":\"Custom 3D Embroidery Snapback Cap | China Manufactuer\",\"isPartOf\":{\"@id\":\"https:\/\/sumkcaps.com\/#website\"},\"primaryImageOfPage\":{\"@id\":\"https:\/\/sumkcaps.com\/product\/sufox-231114-custom-six-panel-3d-embroidery-snapback-cap\/#primaryimage\"},\"image\":{\"@id\":\"https:\/\/sumkcaps.com\/product\/sufox-231114-custom-six-panel-3d-embroidery-snapback-cap\/#primaryimage\"},\"thumbnailUrl\":\"https:\/\/sumkcaps.com\/wp-content\/uploads\/2022\/10\/6_panel_3d_embroidery_snapback_cap-1-5-scaled.jpg\",\"datePublished\":\"2022-10-26T05:46:43+00:00\",\"dateModified\":\"2026-02-27T06:28:06+00:00\",\"description\":\"Custom Cap, Logo Cap, Brand Caps, Custom Made Snapback Caps, Custom Snapback Baseball Hats. Premium Cap Manufacturer since 2006. Quick delivery.\",\"breadcrumb\":{\"@id\":\"https:\/\/sumkcaps.com\/product\/sufox-231114-custom-six-panel-3d-embroidery-snapback-cap\/#breadcrumb\"},\"inLanguage\":\"sv-SE\",\"potentialAction\":[{\"@type\":\"ReadAction\",\"target\":[\"https:\/\/sumkcaps.com\/product\/sufox-231114-custom-six-panel-3d-embroidery-snapback-cap\/\"]}]},{\"@type\":\"ImageObject\",\"inLanguage\":\"sv-SE\",\"@id\":\"https:\/\/sumkcaps.com\/product\/sufox-231114-custom-six-panel-3d-embroidery-snapback-cap\/#primaryimage\",\"url\":\"https:\/\/sumkcaps.com\/wp-content\/uploads\/2022\/10\/6_panel_3d_embroidery_snapback_cap-1-5-scaled.jpg\",\"contentUrl\":\"https:\/\/sumkcaps.com\/wp-content\/uploads\/2022\/10\/6_panel_3d_embroidery_snapback_cap-1-5-scaled.jpg\",\"width\":2560,\"height\":2560},{\"@type\":\"BreadcrumbList\",\"@id\":\"https:\/\/sumkcaps.com\/product\/sufox-231114-custom-six-panel-3d-embroidery-snapback-cap\/#breadcrumb\",\"itemListElement\":[{\"@type\":\"ListItem\",\"position\":1,\"name\":\"Home\",\"item\":\"https:\/\/sumkcaps.com\/\"},{\"@type\":\"ListItem\",\"position\":2,\"name\":\"Products\",\"item\":\"https:\/\/sumkcaps.com\/product\/\"},{\"@type\":\"ListItem\",\"position\":3,\"name\":\"Sumkcaps 231114 Custom Six Panel 3D Embroidery Snapback Cap\"}]},{\"@type\":\"WebSite\",\"@id\":\"https:\/\/sumkcaps.com\/#website\",\"url\":\"https:\/\/sumkcaps.com\/\",\"name\":\"Sumkcaps-China Original Headwear Manufacturer and Suppliers\",\"description\":\"We are China Cap And Hat Original Factory, whose main business is to custom cap and hat as client&#039;s LOGO. Any cap style, any cap color, any qty, any material and qty is no problem. In one words, any small details can be customized as your request.\",\"publisher\":{\"@id\":\"https:\/\/sumkcaps.com\/#organization\"},\"potentialAction\":[{\"@type\":\"SearchAction\",\"target\":{\"@type\":\"EntryPoint\",\"urlTemplate\":\"https:\/\/sumkcaps.com\/?s={search_term_string}\"},\"query-input\":{\"@type\":\"PropertyValueSpecification\",\"valueRequired\":true,\"valueName\":\"search_term_string\"}}],\"inLanguage\":\"sv-SE\"},{\"@type\":\"Organization\",\"@id\":\"https:\/\/sumkcaps.com\/#organization\",\"name\":\"Sumkcaps-China Original Headwear Manufacturer and Suppliers\",\"url\":\"https:\/\/sumkcaps.com\/\",\"logo\":{\"@type\":\"ImageObject\",\"inLanguage\":\"sv-SE\",\"@id\":\"https:\/\/sumkcaps.com\/#\/schema\/logo\/image\/\",\"url\":\"https:\/\/sumkcaps.com\/wp-content\/uploads\/2025\/12\/1234.jpg\",\"contentUrl\":\"https:\/\/sumkcaps.com\/wp-content\/uploads\/2025\/12\/1234.jpg\",\"width\":800,\"height\":800,\"caption\":\"Sumkcaps-China Original Headwear Manufacturer and Suppliers\"},\"image\":{\"@id\":\"https:\/\/sumkcaps.com\/#\/schema\/logo\/image\/\"},\"sameAs\":[\"https:\/\/www.facebook.com\/sumkcap\",\"https:\/\/www.instagram.com\/sumkcaps7\/\",\"https:\/\/www.pinterest.com\/sumkcapschina\/\"]}]}<\/script>\n<!-- \/ Yoast SEO Premium plugin. -->","yoast_head_json":{"title":"Anpassad 3D-broderad Snapback-keps | Kina Tillverkare","description":"Anpassad keps, logotypkeps, varum\u00e4rkeskepsar, skr\u00e4ddarsydda snapback-kepsar, anpassade snapback-basebollhattar. Premium Cap Tillverkare sedan 2006. Snabb leverans.","robots":{"index":"index","follow":"follow","max-snippet":"max-snippet:-1","max-image-preview":"max-image-preview:large","max-video-preview":"max-video-preview:-1"},"canonical":"https:\/\/sumkcaps.com\/sv\/produkt\/sufox-231114-custom-snapback-keps-med-sex-paneler-och-3d-brodyr\/","og_locale":"sv_SE","og_type":"article","og_title":"Sumkcaps 231114 Custom Six Panel 3D Embroidery Snapback Cap - Sumkcaps","og_description":"Custom Cap, Logo Cap, Brand Caps, Custom Made Snapback Caps, Custom Snapback Baseball Hats. Premium Cap Manufacturer since 2006. Quick delivery.","og_url":"https:\/\/sumkcaps.com\/sv\/produkt\/sufox-231114-custom-snapback-keps-med-sex-paneler-och-3d-brodyr\/","og_site_name":"Sumkcaps-China Original Headwear Manufacturer and Suppliers","article_publisher":"https:\/\/www.facebook.com\/sumkcap","article_modified_time":"2026-02-27T06:28:06+00:00","og_image":[{"width":2560,"height":2560,"url":"https:\/\/sumkcaps.com\/wp-content\/uploads\/2022\/10\/6_panel_3d_embroidery_snapback_cap-1-5-scaled.jpg","type":"image\/jpeg"}],"twitter_card":"summary_large_image","twitter_misc":{"Ber\u00e4knad l\u00e4stid":"2 minuter"},"schema":{"@context":"https:\/\/schema.org","@graph":[{"@type":"WebPage","@id":"https:\/\/sumkcaps.com\/product\/sufox-231114-custom-six-panel-3d-embroidery-snapback-cap\/","url":"https:\/\/sumkcaps.com\/product\/sufox-231114-custom-six-panel-3d-embroidery-snapback-cap\/","name":"Anpassad 3D-broderad Snapback-keps | Kina Tillverkare","isPartOf":{"@id":"https:\/\/sumkcaps.com\/#website"},"primaryImageOfPage":{"@id":"https:\/\/sumkcaps.com\/product\/sufox-231114-custom-six-panel-3d-embroidery-snapback-cap\/#primaryimage"},"image":{"@id":"https:\/\/sumkcaps.com\/product\/sufox-231114-custom-six-panel-3d-embroidery-snapback-cap\/#primaryimage"},"thumbnailUrl":"https:\/\/sumkcaps.com\/wp-content\/uploads\/2022\/10\/6_panel_3d_embroidery_snapback_cap-1-5-scaled.jpg","datePublished":"2022-10-26T05:46:43+00:00","dateModified":"2026-02-27T06:28:06+00:00","description":"Anpassad keps, logotypkeps, varum\u00e4rkeskepsar, skr\u00e4ddarsydda snapback-kepsar, anpassade snapback-basebollhattar. Premium Cap Tillverkare sedan 2006. Snabb leverans.","breadcrumb":{"@id":"https:\/\/sumkcaps.com\/product\/sufox-231114-custom-six-panel-3d-embroidery-snapback-cap\/#breadcrumb"},"inLanguage":"sv-SE","potentialAction":[{"@type":"ReadAction","target":["https:\/\/sumkcaps.com\/product\/sufox-231114-custom-six-panel-3d-embroidery-snapback-cap\/"]}]},{"@type":"ImageObject","inLanguage":"sv-SE","@id":"https:\/\/sumkcaps.com\/product\/sufox-231114-custom-six-panel-3d-embroidery-snapback-cap\/#primaryimage","url":"https:\/\/sumkcaps.com\/wp-content\/uploads\/2022\/10\/6_panel_3d_embroidery_snapback_cap-1-5-scaled.jpg","contentUrl":"https:\/\/sumkcaps.com\/wp-content\/uploads\/2022\/10\/6_panel_3d_embroidery_snapback_cap-1-5-scaled.jpg","width":2560,"height":2560},{"@type":"BreadcrumbList","@id":"https:\/\/sumkcaps.com\/product\/sufox-231114-custom-six-panel-3d-embroidery-snapback-cap\/#breadcrumb","itemListElement":[{"@type":"ListItem","position":1,"name":"Home","item":"https:\/\/sumkcaps.com\/"},{"@type":"ListItem","position":2,"name":"Products","item":"https:\/\/sumkcaps.com\/product\/"},{"@type":"ListItem","position":3,"name":"Sumkcaps 231114 Custom Six Panel 3D Embroidery Snapback Cap"}]},{"@type":"WebSite","@id":"https:\/\/sumkcaps.com\/#website","url":"https:\/\/sumkcaps.com\/","name":"Sumkcaps - tillverkare och leverant\u00f6rer av originalhuvudbonader i Kina","description":"Vi \u00e4r China Cap And Hat Original Factory, vars huvudsakliga verksamhet \u00e4r att anpassa m\u00f6ssa och hatt som klient &amp; #03939; s LOGO. Vilken keps som helst, vilken kepsf\u00e4rg som helst, vilket antal som helst, vilket material som helst och antal \u00e4r inget problem. Med ett ord kan alla sm\u00e5 detaljer anpassas efter din beg\u00e4ran.","publisher":{"@id":"https:\/\/sumkcaps.com\/#organization"},"potentialAction":[{"@type":"SearchAction","target":{"@type":"EntryPoint","urlTemplate":"https:\/\/sumkcaps.com\/?s={search_term_string}"},"query-input":{"@type":"PropertyValueSpecification","valueRequired":true,"valueName":"search_term_string"}}],"inLanguage":"sv-SE"},{"@type":"Organization","@id":"https:\/\/sumkcaps.com\/#organization","name":"Sumkcaps - tillverkare och leverant\u00f6rer av originalhuvudbonader i Kina","url":"https:\/\/sumkcaps.com\/","logo":{"@type":"ImageObject","inLanguage":"sv-SE","@id":"https:\/\/sumkcaps.com\/#\/schema\/logo\/image\/","url":"https:\/\/sumkcaps.com\/wp-content\/uploads\/2025\/12\/1234.jpg","contentUrl":"https:\/\/sumkcaps.com\/wp-content\/uploads\/2025\/12\/1234.jpg","width":800,"height":800,"caption":"Sumkcaps-China Original Headwear Manufacturer and Suppliers"},"image":{"@id":"https:\/\/sumkcaps.com\/#\/schema\/logo\/image\/"},"sameAs":["https:\/\/www.facebook.com\/sumkcap","https:\/\/www.instagram.com\/sumkcaps7\/","https:\/\/www.pinterest.com\/sumkcapschina\/"]}]}},"taxonomy_info":{"product_cat":[{"value":42,"label":"Snapback Hats Wholesale"}]},"featured_image_src_large":["https:\/\/sumkcaps.com\/wp-content\/uploads\/2022\/10\/6_panel_3d_embroidery_snapback_cap-1-5-1024x1024.jpg",800,800,true],"author_info":[],"comment_info":"","_links":{"self":[{"href":"https:\/\/sumkcaps.com\/sv\/wp-json\/wp\/v2\/product\/17963","targetHints":{"allow":["GET"]}}],"collection":[{"href":"https:\/\/sumkcaps.com\/sv\/wp-json\/wp\/v2\/product"}],"about":[{"href":"https:\/\/sumkcaps.com\/sv\/wp-json\/wp\/v2\/types\/product"}],"wp:featuredmedia":[{"embeddable":true,"href":"https:\/\/sumkcaps.com\/sv\/wp-json\/wp\/v2\/media\/17964"}],"wp:attachment":[{"href":"https:\/\/sumkcaps.com\/sv\/wp-json\/wp\/v2\/media?parent=17963"}],"wp:term":[{"taxonomy":"product_brand","embeddable":true,"href":"https:\/\/sumkcaps.com\/sv\/wp-json\/wp\/v2\/product_brand?post=17963"},{"taxonomy":"product_cat","embeddable":true,"href":"https:\/\/sumkcaps.com\/sv\/wp-json\/wp\/v2\/product_cat?post=17963"},{"taxonomy":"product_tag","embeddable":true,"href":"https:\/\/sumkcaps.com\/sv\/wp-json\/wp\/v2\/product_tag?post=17963"}],"curies":[{"name":"wp","href":"https:\/\/api.w.org\/{rel}","templated":true}]}}