{"id":17947,"date":"2022-10-26T13:30:57","date_gmt":"2022-10-26T05:30:57","guid":{"rendered":"https:\/\/sumkcaps.com\/?post_type=product&#038;p=17947"},"modified":"2026-03-02T15:05:11","modified_gmt":"2026-03-02T07:05:11","slug":"sufox-231112-custom-six-panel-3d-embroidery-fitted-snapback-cap","status":"publish","type":"product","link":"https:\/\/sumkcaps.com\/sv\/produkt\/sufox-231112-custom-sex-paneler-3d-broderi-monterad-snapback-keps\/","title":{"rendered":"Sumkcaps 231112 Custom Six Panel 3D Broderi Fitted Snapback keps med sex paneler"},"content":{"rendered":"<h3 data-start=\"76\" data-end=\"420\"><strong data-start=\"76\" data-end=\"114\">Dekoration<\/strong><\/h3>\n<p data-start=\"76\" data-end=\"420\">Den h\u00e4r kepsen har ett h\u00f6gkvalitativt 3D-broderi som skapar en dj\u00e4rv och upph\u00f6jd logotypeffekt. Broderiet ger textur och djup, vilket g\u00f6r designen mer i\u00f6gonfallande och professionell. Avancerade s\u00f6mnadstekniker ger rena linjer och l\u00e5ng h\u00e5llbarhet, perfekt f\u00f6r varum\u00e4rkeslogotyper och teamdesign.<\/p>\n<h3 data-start=\"422\" data-end=\"746\"><strong data-start=\"422\" data-end=\"449\">Material<\/strong><\/h3>\n<p data-start=\"422\" data-end=\"746\">Den h\u00e4r kepsen \u00e4r tillverkad av akryltyget 100% och \u00e4r mycket slitstark och formstabil. Materialet \u00e4r l\u00e4tt och motst\u00e5ndskraftigt mot skrynklor och blekning, vilket g\u00f6r det l\u00e4mpligt f\u00f6r vardagligt bruk. Akryl ger ocks\u00e5 en stabil yta f\u00f6r broderi, vilket garanterar konsekventa och skarpa logoresultat.<\/p>\n<h3 data-start=\"748\" data-end=\"1047\"><strong data-start=\"748\" data-end=\"770\">F\u00e4rg<\/strong><\/h3>\n<p data-start=\"748\" data-end=\"1047\">Fullt anpassningsbara f\u00e4rgalternativ g\u00f6r att du kan matcha din varum\u00e4rkesstil eller ditt kampanjtema. Fr\u00e5n klassiska neutrala nyanser till livfulla toner, f\u00e4rgerna kan produceras enligt dina specifikationer. Anpassade f\u00e4rgkombinationer hj\u00e4lper till att skapa ett distinkt och professionellt utseende.<\/p>\n<h3 data-start=\"1049\" data-end=\"1339\"><strong data-start=\"1049\" data-end=\"1082\">Passform och storlek<\/strong><\/h3>\n<p data-start=\"1049\" data-end=\"1339\">Den h\u00e4r kepsen har en justerbar snapback-st\u00e4ngning och passar de flesta huvudstorlekar bekv\u00e4mt. OSFM-intervallet (7 - 7 3\/4) ger flexibilitet och bekv\u00e4mlighet f\u00f6r olika anv\u00e4ndare. Den s\u00e4kra passformen ger stabilitet och bibeh\u00e5ller komforten under l\u00e5ngvarig anv\u00e4ndning.<\/p>\n<h3 data-start=\"1341\" data-end=\"1602\"><strong data-start=\"1341\" data-end=\"1362\">Visir<\/strong><\/h3>\n<p data-start=\"1341\" data-end=\"1602\">Det platta visiret ger kepsen ett modernt och strukturerat utseende. Den h\u00e5ller formen v\u00e4l och ger ett effektivt solskydd. Den h\u00e4r stilen \u00e4r popul\u00e4r inom streetwear och sportmode, vilket g\u00f6r den l\u00e4mplig f\u00f6r detaljhandel och marknadsf\u00f6ring.<\/p>\n<h3 data-start=\"1604\" data-end=\"1892\"><strong data-start=\"1604\" data-end=\"1627\">Service<\/strong><\/h3>\n<p data-start=\"1604\" data-end=\"1892\">Professionella OEM- och ODM-tj\u00e4nster finns tillg\u00e4ngliga f\u00f6r att st\u00f6dja fullst\u00e4ndig anpassning. Fr\u00e5n logoplacering och etiketter till f\u00f6rpackningsl\u00f6sningar kan varje detalj skr\u00e4ddarsys efter dina behov. V\u00e5rt team s\u00e4kerst\u00e4ller tillf\u00f6rlitlig kvalitet och effektiv kommunikation under hela produktionen.<\/p>\n<h3 data-start=\"1894\" data-end=\"2174\"><strong data-start=\"1894\" data-end=\"1931\">Genomf\u00f6randetid<\/strong><\/h3>\n<p data-start=\"1894\" data-end=\"2174\" data-is-last-node=\"\" data-is-only-node=\"\">Provproduktion tar cirka 7-9 arbetsdagar, vilket m\u00f6jligg\u00f6r snabb designbekr\u00e4ftelse. Bulkproduktion kr\u00e4ver cirka 18-22 arbetsdagar. Stabila produktionsscheman s\u00e4kerst\u00e4ller snabb leverans f\u00f6r varum\u00e4rkeslanseringar och kampanjprojekt.<\/p>","protected":false},"excerpt":{"rendered":"<p>Sumkcaps 231112 Custom Six Panel 3D Broderi Fitted Snapback Cap \u00e4r en av popul\u00e4ra Cap Style, l\u00e4tt vikt och andas v\u00e4l. V\u00e5ra Snapbacks kommer i en m\u00e4ngd olika stilar och f\u00e4rger fr\u00e5n alla de b\u00e4sta varum\u00e4rkena.<\/p>","protected":false},"featured_media":17948,"template":"","meta":{"_acf_changed":false,"_kad_blocks_custom_css":"","_kad_blocks_head_custom_js":"","_kad_blocks_body_custom_js":"","_kad_blocks_footer_custom_js":""},"product_brand":[],"product_cat":[42],"product_tag":[],"class_list":{"0":"post-17947","1":"product","2":"type-product","3":"status-publish","4":"has-post-thumbnail","6":"product_cat-snapback-cap","8":"first","9":"outofstock","10":"shipping-taxable","11":"product-type-simple"},"acf":[],"yoast_head":"<!-- This site is optimized with the Yoast SEO Premium plugin v20.8 (Yoast SEO v25.9) - https:\/\/yoast.com\/wordpress\/plugins\/seo\/ -->\n<title>Custom 3D Embroidery Fitted Snapback Cap | China Manufactuer<\/title>\n<meta name=\"description\" content=\"Custom Cap, Logo Cap, Brand Caps, Custom Made Snapback Caps, Custom Snapback Baseball Hats. Premium Cap Manufacturer since 2006. Quick delivery.\" \/>\n<meta name=\"robots\" content=\"index, follow, max-snippet:-1, max-image-preview:large, max-video-preview:-1\" \/>\n<link rel=\"canonical\" href=\"https:\/\/sumkcaps.com\/sv\/produkt\/sufox-231112-custom-sex-paneler-3d-broderi-monterad-snapback-keps\/\" \/>\n<meta property=\"og:locale\" content=\"sv_SE\" \/>\n<meta property=\"og:type\" content=\"article\" \/>\n<meta property=\"og:title\" content=\"Sumkcaps 231112 Custom Six Panel 3D Embroidery Fitted Snapback Cap - Sumkcaps\" \/>\n<meta property=\"og:description\" content=\"Custom Cap, Logo Cap, Brand Caps, Custom Made Snapback Caps, Custom Snapback Baseball Hats. Premium Cap Manufacturer since 2006. Quick delivery.\" \/>\n<meta property=\"og:url\" content=\"https:\/\/sumkcaps.com\/sv\/produkt\/sufox-231112-custom-sex-paneler-3d-broderi-monterad-snapback-keps\/\" \/>\n<meta property=\"og:site_name\" content=\"Sumkcaps-China Original Headwear Manufacturer and Suppliers\" \/>\n<meta property=\"article:publisher\" content=\"https:\/\/www.facebook.com\/sumkcap\" \/>\n<meta property=\"article:modified_time\" content=\"2026-03-02T07:05:11+00:00\" \/>\n<meta property=\"og:image\" content=\"https:\/\/sumkcaps.com\/wp-content\/uploads\/2022\/10\/6_panel_3d_embroidery_fitted_snapback_cap-1-2-scaled.jpg\" \/>\n\t<meta property=\"og:image:width\" content=\"2560\" \/>\n\t<meta property=\"og:image:height\" content=\"2560\" \/>\n\t<meta property=\"og:image:type\" content=\"image\/jpeg\" \/>\n<meta name=\"twitter:card\" content=\"summary_large_image\" \/>\n<meta name=\"twitter:label1\" content=\"Ber\u00e4knad l\u00e4stid\" \/>\n\t<meta name=\"twitter:data1\" content=\"2 minuter\" \/>\n<script type=\"application\/ld+json\" class=\"yoast-schema-graph\">{\"@context\":\"https:\/\/schema.org\",\"@graph\":[{\"@type\":\"WebPage\",\"@id\":\"https:\/\/sumkcaps.com\/product\/sufox-231112-custom-six-panel-3d-embroidery-fitted-snapback-cap\/\",\"url\":\"https:\/\/sumkcaps.com\/product\/sufox-231112-custom-six-panel-3d-embroidery-fitted-snapback-cap\/\",\"name\":\"Custom 3D Embroidery Fitted Snapback Cap | China Manufactuer\",\"isPartOf\":{\"@id\":\"https:\/\/sumkcaps.com\/#website\"},\"primaryImageOfPage\":{\"@id\":\"https:\/\/sumkcaps.com\/product\/sufox-231112-custom-six-panel-3d-embroidery-fitted-snapback-cap\/#primaryimage\"},\"image\":{\"@id\":\"https:\/\/sumkcaps.com\/product\/sufox-231112-custom-six-panel-3d-embroidery-fitted-snapback-cap\/#primaryimage\"},\"thumbnailUrl\":\"https:\/\/sumkcaps.com\/wp-content\/uploads\/2022\/10\/6_panel_3d_embroidery_fitted_snapback_cap-1-2-scaled.jpg\",\"datePublished\":\"2022-10-26T05:30:57+00:00\",\"dateModified\":\"2026-03-02T07:05:11+00:00\",\"description\":\"Custom Cap, Logo Cap, Brand Caps, Custom Made Snapback Caps, Custom Snapback Baseball Hats. Premium Cap Manufacturer since 2006. Quick delivery.\",\"breadcrumb\":{\"@id\":\"https:\/\/sumkcaps.com\/product\/sufox-231112-custom-six-panel-3d-embroidery-fitted-snapback-cap\/#breadcrumb\"},\"inLanguage\":\"sv-SE\",\"potentialAction\":[{\"@type\":\"ReadAction\",\"target\":[\"https:\/\/sumkcaps.com\/product\/sufox-231112-custom-six-panel-3d-embroidery-fitted-snapback-cap\/\"]}]},{\"@type\":\"ImageObject\",\"inLanguage\":\"sv-SE\",\"@id\":\"https:\/\/sumkcaps.com\/product\/sufox-231112-custom-six-panel-3d-embroidery-fitted-snapback-cap\/#primaryimage\",\"url\":\"https:\/\/sumkcaps.com\/wp-content\/uploads\/2022\/10\/6_panel_3d_embroidery_fitted_snapback_cap-1-2-scaled.jpg\",\"contentUrl\":\"https:\/\/sumkcaps.com\/wp-content\/uploads\/2022\/10\/6_panel_3d_embroidery_fitted_snapback_cap-1-2-scaled.jpg\",\"width\":2560,\"height\":2560},{\"@type\":\"BreadcrumbList\",\"@id\":\"https:\/\/sumkcaps.com\/product\/sufox-231112-custom-six-panel-3d-embroidery-fitted-snapback-cap\/#breadcrumb\",\"itemListElement\":[{\"@type\":\"ListItem\",\"position\":1,\"name\":\"Home\",\"item\":\"https:\/\/sumkcaps.com\/\"},{\"@type\":\"ListItem\",\"position\":2,\"name\":\"Products\",\"item\":\"https:\/\/sumkcaps.com\/product\/\"},{\"@type\":\"ListItem\",\"position\":3,\"name\":\"Sumkcaps 231112 Custom Six Panel 3D Embroidery Fitted Snapback Cap\"}]},{\"@type\":\"WebSite\",\"@id\":\"https:\/\/sumkcaps.com\/#website\",\"url\":\"https:\/\/sumkcaps.com\/\",\"name\":\"Sumkcaps-China Original Headwear Manufacturer and Suppliers\",\"description\":\"We are China Cap And Hat Original Factory, whose main business is to custom cap and hat as client&#039;s LOGO. Any cap style, any cap color, any qty, any material and qty is no problem. In one words, any small details can be customized as your request.\",\"publisher\":{\"@id\":\"https:\/\/sumkcaps.com\/#organization\"},\"potentialAction\":[{\"@type\":\"SearchAction\",\"target\":{\"@type\":\"EntryPoint\",\"urlTemplate\":\"https:\/\/sumkcaps.com\/?s={search_term_string}\"},\"query-input\":{\"@type\":\"PropertyValueSpecification\",\"valueRequired\":true,\"valueName\":\"search_term_string\"}}],\"inLanguage\":\"sv-SE\"},{\"@type\":\"Organization\",\"@id\":\"https:\/\/sumkcaps.com\/#organization\",\"name\":\"Sumkcaps-China Original Headwear Manufacturer and Suppliers\",\"url\":\"https:\/\/sumkcaps.com\/\",\"logo\":{\"@type\":\"ImageObject\",\"inLanguage\":\"sv-SE\",\"@id\":\"https:\/\/sumkcaps.com\/#\/schema\/logo\/image\/\",\"url\":\"https:\/\/sumkcaps.com\/wp-content\/uploads\/2025\/12\/1234.jpg\",\"contentUrl\":\"https:\/\/sumkcaps.com\/wp-content\/uploads\/2025\/12\/1234.jpg\",\"width\":800,\"height\":800,\"caption\":\"Sumkcaps-China Original Headwear Manufacturer and Suppliers\"},\"image\":{\"@id\":\"https:\/\/sumkcaps.com\/#\/schema\/logo\/image\/\"},\"sameAs\":[\"https:\/\/www.facebook.com\/sumkcap\",\"https:\/\/www.instagram.com\/sumkcaps7\/\",\"https:\/\/www.pinterest.com\/sumkcapschina\/\"]}]}<\/script>\n<!-- \/ Yoast SEO Premium plugin. -->","yoast_head_json":{"title":"Anpassad 3D-brodyr monterad Snapback-keps | Kina Tillverkare","description":"Anpassad keps, logotypkeps, varum\u00e4rkeskepsar, skr\u00e4ddarsydda snapback-kepsar, anpassade snapback-basebollhattar. Premium Cap Tillverkare sedan 2006. Snabb leverans.","robots":{"index":"index","follow":"follow","max-snippet":"max-snippet:-1","max-image-preview":"max-image-preview:large","max-video-preview":"max-video-preview:-1"},"canonical":"https:\/\/sumkcaps.com\/sv\/produkt\/sufox-231112-custom-sex-paneler-3d-broderi-monterad-snapback-keps\/","og_locale":"sv_SE","og_type":"article","og_title":"Sumkcaps 231112 Custom Six Panel 3D Embroidery Fitted Snapback Cap - Sumkcaps","og_description":"Custom Cap, Logo Cap, Brand Caps, Custom Made Snapback Caps, Custom Snapback Baseball Hats. Premium Cap Manufacturer since 2006. Quick delivery.","og_url":"https:\/\/sumkcaps.com\/sv\/produkt\/sufox-231112-custom-sex-paneler-3d-broderi-monterad-snapback-keps\/","og_site_name":"Sumkcaps-China Original Headwear Manufacturer and Suppliers","article_publisher":"https:\/\/www.facebook.com\/sumkcap","article_modified_time":"2026-03-02T07:05:11+00:00","og_image":[{"width":2560,"height":2560,"url":"https:\/\/sumkcaps.com\/wp-content\/uploads\/2022\/10\/6_panel_3d_embroidery_fitted_snapback_cap-1-2-scaled.jpg","type":"image\/jpeg"}],"twitter_card":"summary_large_image","twitter_misc":{"Ber\u00e4knad l\u00e4stid":"2 minuter"},"schema":{"@context":"https:\/\/schema.org","@graph":[{"@type":"WebPage","@id":"https:\/\/sumkcaps.com\/product\/sufox-231112-custom-six-panel-3d-embroidery-fitted-snapback-cap\/","url":"https:\/\/sumkcaps.com\/product\/sufox-231112-custom-six-panel-3d-embroidery-fitted-snapback-cap\/","name":"Anpassad 3D-brodyr monterad Snapback-keps | Kina Tillverkare","isPartOf":{"@id":"https:\/\/sumkcaps.com\/#website"},"primaryImageOfPage":{"@id":"https:\/\/sumkcaps.com\/product\/sufox-231112-custom-six-panel-3d-embroidery-fitted-snapback-cap\/#primaryimage"},"image":{"@id":"https:\/\/sumkcaps.com\/product\/sufox-231112-custom-six-panel-3d-embroidery-fitted-snapback-cap\/#primaryimage"},"thumbnailUrl":"https:\/\/sumkcaps.com\/wp-content\/uploads\/2022\/10\/6_panel_3d_embroidery_fitted_snapback_cap-1-2-scaled.jpg","datePublished":"2022-10-26T05:30:57+00:00","dateModified":"2026-03-02T07:05:11+00:00","description":"Anpassad keps, logotypkeps, varum\u00e4rkeskepsar, skr\u00e4ddarsydda snapback-kepsar, anpassade snapback-basebollhattar. Premium Cap Tillverkare sedan 2006. Snabb leverans.","breadcrumb":{"@id":"https:\/\/sumkcaps.com\/product\/sufox-231112-custom-six-panel-3d-embroidery-fitted-snapback-cap\/#breadcrumb"},"inLanguage":"sv-SE","potentialAction":[{"@type":"ReadAction","target":["https:\/\/sumkcaps.com\/product\/sufox-231112-custom-six-panel-3d-embroidery-fitted-snapback-cap\/"]}]},{"@type":"ImageObject","inLanguage":"sv-SE","@id":"https:\/\/sumkcaps.com\/product\/sufox-231112-custom-six-panel-3d-embroidery-fitted-snapback-cap\/#primaryimage","url":"https:\/\/sumkcaps.com\/wp-content\/uploads\/2022\/10\/6_panel_3d_embroidery_fitted_snapback_cap-1-2-scaled.jpg","contentUrl":"https:\/\/sumkcaps.com\/wp-content\/uploads\/2022\/10\/6_panel_3d_embroidery_fitted_snapback_cap-1-2-scaled.jpg","width":2560,"height":2560},{"@type":"BreadcrumbList","@id":"https:\/\/sumkcaps.com\/product\/sufox-231112-custom-six-panel-3d-embroidery-fitted-snapback-cap\/#breadcrumb","itemListElement":[{"@type":"ListItem","position":1,"name":"Home","item":"https:\/\/sumkcaps.com\/"},{"@type":"ListItem","position":2,"name":"Products","item":"https:\/\/sumkcaps.com\/product\/"},{"@type":"ListItem","position":3,"name":"Sumkcaps 231112 Custom Six Panel 3D Embroidery Fitted Snapback Cap"}]},{"@type":"WebSite","@id":"https:\/\/sumkcaps.com\/#website","url":"https:\/\/sumkcaps.com\/","name":"Sumkcaps - tillverkare och leverant\u00f6rer av originalhuvudbonader i Kina","description":"Vi \u00e4r China Cap And Hat Original Factory, vars huvudsakliga verksamhet \u00e4r att anpassa m\u00f6ssa och hatt som klient &amp; #03939; s LOGO. Vilken keps som helst, vilken kepsf\u00e4rg som helst, vilket antal som helst, vilket material som helst och antal \u00e4r inget problem. Med ett ord kan alla sm\u00e5 detaljer anpassas efter din beg\u00e4ran.","publisher":{"@id":"https:\/\/sumkcaps.com\/#organization"},"potentialAction":[{"@type":"SearchAction","target":{"@type":"EntryPoint","urlTemplate":"https:\/\/sumkcaps.com\/?s={search_term_string}"},"query-input":{"@type":"PropertyValueSpecification","valueRequired":true,"valueName":"search_term_string"}}],"inLanguage":"sv-SE"},{"@type":"Organization","@id":"https:\/\/sumkcaps.com\/#organization","name":"Sumkcaps - tillverkare och leverant\u00f6rer av originalhuvudbonader i Kina","url":"https:\/\/sumkcaps.com\/","logo":{"@type":"ImageObject","inLanguage":"sv-SE","@id":"https:\/\/sumkcaps.com\/#\/schema\/logo\/image\/","url":"https:\/\/sumkcaps.com\/wp-content\/uploads\/2025\/12\/1234.jpg","contentUrl":"https:\/\/sumkcaps.com\/wp-content\/uploads\/2025\/12\/1234.jpg","width":800,"height":800,"caption":"Sumkcaps-China Original Headwear Manufacturer and Suppliers"},"image":{"@id":"https:\/\/sumkcaps.com\/#\/schema\/logo\/image\/"},"sameAs":["https:\/\/www.facebook.com\/sumkcap","https:\/\/www.instagram.com\/sumkcaps7\/","https:\/\/www.pinterest.com\/sumkcapschina\/"]}]}},"taxonomy_info":{"product_cat":[{"value":42,"label":"Snapback Hats Wholesale"}]},"featured_image_src_large":["https:\/\/sumkcaps.com\/wp-content\/uploads\/2022\/10\/6_panel_3d_embroidery_fitted_snapback_cap-1-2-1024x1024.jpg",800,800,true],"author_info":[],"comment_info":"","_links":{"self":[{"href":"https:\/\/sumkcaps.com\/sv\/wp-json\/wp\/v2\/product\/17947","targetHints":{"allow":["GET"]}}],"collection":[{"href":"https:\/\/sumkcaps.com\/sv\/wp-json\/wp\/v2\/product"}],"about":[{"href":"https:\/\/sumkcaps.com\/sv\/wp-json\/wp\/v2\/types\/product"}],"wp:featuredmedia":[{"embeddable":true,"href":"https:\/\/sumkcaps.com\/sv\/wp-json\/wp\/v2\/media\/17948"}],"wp:attachment":[{"href":"https:\/\/sumkcaps.com\/sv\/wp-json\/wp\/v2\/media?parent=17947"}],"wp:term":[{"taxonomy":"product_brand","embeddable":true,"href":"https:\/\/sumkcaps.com\/sv\/wp-json\/wp\/v2\/product_brand?post=17947"},{"taxonomy":"product_cat","embeddable":true,"href":"https:\/\/sumkcaps.com\/sv\/wp-json\/wp\/v2\/product_cat?post=17947"},{"taxonomy":"product_tag","embeddable":true,"href":"https:\/\/sumkcaps.com\/sv\/wp-json\/wp\/v2\/product_tag?post=17947"}],"curies":[{"name":"wp","href":"https:\/\/api.w.org\/{rel}","templated":true}]}}