{"id":17897,"date":"2022-10-26T11:23:33","date_gmt":"2022-10-26T03:23:33","guid":{"rendered":"https:\/\/sumkcaps.com\/?post_type=product&#038;p=17897"},"modified":"2026-03-02T15:16:13","modified_gmt":"2026-03-02T07:16:13","slug":"sufox-231107-custom-five-panel-3d-embroidery-snapback-cap","status":"publish","type":"product","link":"https:\/\/sumkcaps.com\/sv\/produkt\/sufox-231107-custom-snapback-keps-med-fem-paneler-och-3d-brodyr\/","title":{"rendered":"Sumkcaps 231107 Custom Five Panel Snapback-keps med 3D-brodyr"},"content":{"rendered":"<h3 data-start=\"70\" data-end=\"415\"><strong data-start=\"70\" data-end=\"108\">Dekoration<\/strong><\/h3>\n<p data-start=\"70\" data-end=\"415\">Denna snapback-keps med fem paneler har ett 3D-broderi som skapar en upph\u00f6jd och strukturerad logotypeffekt. Broderiet ger djup och visuell effekt, vilket g\u00f6r designen mer synlig och professionell. Avancerade s\u00f6mmar ger rena detaljer och stark h\u00e5llbarhet, perfekt f\u00f6r varum\u00e4rkesprofilering och reklam.<\/p>\n<h3 data-start=\"417\" data-end=\"729\"><strong data-start=\"417\" data-end=\"446\">Material<\/strong><\/h3>\n<p data-start=\"417\" data-end=\"729\">Den h\u00e4r kepsen \u00e4r tillverkad av en h\u00f6gkvalitativ akryl- och ullblandning och \u00e4r b\u00e5de h\u00e5llbar och bekv\u00e4m. Akryl hj\u00e4lper till att bibeh\u00e5lla kepsens form, medan ull ger en mjuk och f\u00f6rstklassig textur. Materialkombinationen ger v\u00e4rme och struktur, vilket g\u00f6r kepsen l\u00e4mplig f\u00f6r olika \u00e5rstider.<\/p>\n<h3 data-start=\"731\" data-end=\"1024\"><strong data-start=\"731\" data-end=\"760\">F\u00e4rg<\/strong><\/h3>\n<p data-start=\"731\" data-end=\"1024\">Kepsen finns i b\u00e5de klassisk gr\u00e5 och helt kundanpassade f\u00e4rger och kan skr\u00e4ddarsys f\u00f6r att matcha ditt varum\u00e4rke. Gr\u00e5tt ger ett m\u00e5ngsidigt och modernt utseende, medan anpassade f\u00e4rgalternativ m\u00f6jligg\u00f6r unika kombinationer som f\u00f6rb\u00e4ttrar varum\u00e4rkesigenk\u00e4nningen och produkttilltalet.<\/p>\n<h3 data-start=\"1026\" data-end=\"1303\"><strong data-start=\"1026\" data-end=\"1059\">Passform och storlek<\/strong><\/h3>\n<p data-start=\"1026\" data-end=\"1303\">Kepsen har en justerbar snapback-st\u00e4ngning och passar de flesta huvudstorlekar bekv\u00e4mt. OSFM-intervallet (7 - 7 3\/4) ger flexibilitet f\u00f6r olika anv\u00e4ndare. Den justerbara designen ger en s\u00e4ker passform samtidigt som den bibeh\u00e5ller komforten f\u00f6r daglig anv\u00e4ndning.<\/p>\n<h3 data-start=\"1305\" data-end=\"1579\"><strong data-start=\"1305\" data-end=\"1326\">Visir<\/strong><\/h3>\n<p data-start=\"1305\" data-end=\"1579\">Visiret med platt sk\u00e4rm ger ett strukturerat och modernt utseende. Det beh\u00e5ller sin form v\u00e4l och ger ett effektivt solskydd. Den platta visirstilen \u00e4r popul\u00e4r inom streetwear och sportmode, vilket g\u00f6r den l\u00e4mplig f\u00f6r detaljhandeln och reklammarknaden.<\/p>\n<h3 data-start=\"1581\" data-end=\"1858\"><strong data-start=\"1581\" data-end=\"1604\">Service<\/strong><\/h3>\n<p data-start=\"1581\" data-end=\"1858\">Vi erbjuder kompletta OEM- och ODM-tj\u00e4nster f\u00f6r kundanpassad produktion. Fr\u00e5n logoplacering och material till etiketter och f\u00f6rpackningar kan varje detalj skr\u00e4ddarsys. V\u00e5rt professionella team s\u00e4kerst\u00e4ller stabil kvalitet och effektiv kommunikation under hela projektet.<\/p>\n<h3 data-start=\"1860\" data-end=\"2119\"><strong data-start=\"1860\" data-end=\"1897\">Genomf\u00f6randetid<\/strong><\/h3>\n<p data-start=\"1860\" data-end=\"2119\" data-is-last-node=\"\" data-is-only-node=\"\">Provproduktion tar cirka 7-9 arbetsdagar f\u00f6r snabb bekr\u00e4ftelse. Bulkproduktion kr\u00e4ver vanligtvis 18-22 arbetsdagar. P\u00e5litlig produktionshantering s\u00e4kerst\u00e4ller leverans i r\u00e4tt tid f\u00f6r b\u00e5de sm\u00e5 och stora best\u00e4llningar.<\/p>","protected":false},"excerpt":{"rendered":"<p>Sumkcaps 231107 Custom Five Panel 3D Embroidery Snapback Cap \u00e4r en av popul\u00e4ra kepsar, l\u00e4tt vikt och andas v\u00e4l. V\u00e5ra Snapbacks kommer i en m\u00e4ngd olika stilar och f\u00e4rger fr\u00e5n alla de b\u00e4sta varum\u00e4rkena.<\/p>","protected":false},"featured_media":17898,"template":"","meta":{"_acf_changed":false,"_kad_blocks_custom_css":"","_kad_blocks_head_custom_js":"","_kad_blocks_body_custom_js":"","_kad_blocks_footer_custom_js":""},"product_brand":[],"product_cat":[42],"product_tag":[],"class_list":{"0":"post-17897","1":"product","2":"type-product","3":"status-publish","4":"has-post-thumbnail","6":"product_cat-snapback-cap","8":"first","9":"outofstock","10":"shipping-taxable","11":"product-type-simple"},"acf":[],"yoast_head":"<!-- This site is optimized with the Yoast SEO Premium plugin v20.8 (Yoast SEO v25.9) - https:\/\/yoast.com\/wordpress\/plugins\/seo\/ -->\n<title>Custom 5 Panel Embroidery Snapback Cap | China Manufactuer<\/title>\n<meta name=\"description\" content=\"High Quality China Custom Headwear Manufacturer. Top Quality Products At Best Prices. Add Your Logo or Custom Design Online. Expert Service. Bulk Discount.\" \/>\n<meta name=\"robots\" content=\"index, follow, max-snippet:-1, max-image-preview:large, max-video-preview:-1\" \/>\n<link rel=\"canonical\" href=\"https:\/\/sumkcaps.com\/sv\/produkt\/sufox-231107-custom-snapback-keps-med-fem-paneler-och-3d-brodyr\/\" \/>\n<meta property=\"og:locale\" content=\"sv_SE\" \/>\n<meta property=\"og:type\" content=\"article\" \/>\n<meta property=\"og:title\" content=\"Sumkcaps 231107 Custom Five Panel 3D Embroidery Snapback Cap - Sumkcaps\" \/>\n<meta property=\"og:description\" content=\"High Quality China Custom Headwear Manufacturer. Top Quality Products At Best Prices. Add Your Logo or Custom Design Online. Expert Service. Bulk Discount.\" \/>\n<meta property=\"og:url\" content=\"https:\/\/sumkcaps.com\/sv\/produkt\/sufox-231107-custom-snapback-keps-med-fem-paneler-och-3d-brodyr\/\" \/>\n<meta property=\"og:site_name\" content=\"Sumkcaps-China Original Headwear Manufacturer and Suppliers\" \/>\n<meta property=\"article:publisher\" content=\"https:\/\/www.facebook.com\/sumkcap\" \/>\n<meta property=\"article:modified_time\" content=\"2026-03-02T07:16:13+00:00\" \/>\n<meta property=\"og:image\" content=\"https:\/\/sumkcaps.com\/wp-content\/uploads\/2022\/10\/5_panel_embroidery_acrylic_wool_blend_snapback_cap-1.jpg\" \/>\n\t<meta property=\"og:image:width\" content=\"750\" \/>\n\t<meta property=\"og:image:height\" content=\"750\" \/>\n\t<meta property=\"og:image:type\" content=\"image\/jpeg\" \/>\n<meta name=\"twitter:card\" content=\"summary_large_image\" \/>\n<meta name=\"twitter:label1\" content=\"Ber\u00e4knad l\u00e4stid\" \/>\n\t<meta name=\"twitter:data1\" content=\"2 minuter\" \/>\n<script type=\"application\/ld+json\" class=\"yoast-schema-graph\">{\"@context\":\"https:\/\/schema.org\",\"@graph\":[{\"@type\":\"WebPage\",\"@id\":\"https:\/\/sumkcaps.com\/product\/sufox-231107-custom-five-panel-3d-embroidery-snapback-cap\/\",\"url\":\"https:\/\/sumkcaps.com\/product\/sufox-231107-custom-five-panel-3d-embroidery-snapback-cap\/\",\"name\":\"Custom 5 Panel Embroidery Snapback Cap | China Manufactuer\",\"isPartOf\":{\"@id\":\"https:\/\/sumkcaps.com\/#website\"},\"primaryImageOfPage\":{\"@id\":\"https:\/\/sumkcaps.com\/product\/sufox-231107-custom-five-panel-3d-embroidery-snapback-cap\/#primaryimage\"},\"image\":{\"@id\":\"https:\/\/sumkcaps.com\/product\/sufox-231107-custom-five-panel-3d-embroidery-snapback-cap\/#primaryimage\"},\"thumbnailUrl\":\"https:\/\/sumkcaps.com\/wp-content\/uploads\/2022\/10\/5_panel_embroidery_acrylic_wool_blend_snapback_cap-1.jpg\",\"datePublished\":\"2022-10-26T03:23:33+00:00\",\"dateModified\":\"2026-03-02T07:16:13+00:00\",\"description\":\"High Quality China Custom Headwear Manufacturer. Top Quality Products At Best Prices. Add Your Logo or Custom Design Online. Expert Service. Bulk Discount.\",\"breadcrumb\":{\"@id\":\"https:\/\/sumkcaps.com\/product\/sufox-231107-custom-five-panel-3d-embroidery-snapback-cap\/#breadcrumb\"},\"inLanguage\":\"sv-SE\",\"potentialAction\":[{\"@type\":\"ReadAction\",\"target\":[\"https:\/\/sumkcaps.com\/product\/sufox-231107-custom-five-panel-3d-embroidery-snapback-cap\/\"]}]},{\"@type\":\"ImageObject\",\"inLanguage\":\"sv-SE\",\"@id\":\"https:\/\/sumkcaps.com\/product\/sufox-231107-custom-five-panel-3d-embroidery-snapback-cap\/#primaryimage\",\"url\":\"https:\/\/sumkcaps.com\/wp-content\/uploads\/2022\/10\/5_panel_embroidery_acrylic_wool_blend_snapback_cap-1.jpg\",\"contentUrl\":\"https:\/\/sumkcaps.com\/wp-content\/uploads\/2022\/10\/5_panel_embroidery_acrylic_wool_blend_snapback_cap-1.jpg\",\"width\":750,\"height\":750},{\"@type\":\"BreadcrumbList\",\"@id\":\"https:\/\/sumkcaps.com\/product\/sufox-231107-custom-five-panel-3d-embroidery-snapback-cap\/#breadcrumb\",\"itemListElement\":[{\"@type\":\"ListItem\",\"position\":1,\"name\":\"Home\",\"item\":\"https:\/\/sumkcaps.com\/\"},{\"@type\":\"ListItem\",\"position\":2,\"name\":\"Products\",\"item\":\"https:\/\/sumkcaps.com\/product\/\"},{\"@type\":\"ListItem\",\"position\":3,\"name\":\"Sumkcaps 231107 Custom Five Panel 3D Embroidery Snapback Cap\"}]},{\"@type\":\"WebSite\",\"@id\":\"https:\/\/sumkcaps.com\/#website\",\"url\":\"https:\/\/sumkcaps.com\/\",\"name\":\"Sumkcaps-China Original Headwear Manufacturer and Suppliers\",\"description\":\"We are China Cap And Hat Original Factory, whose main business is to custom cap and hat as client&#039;s LOGO. Any cap style, any cap color, any qty, any material and qty is no problem. In one words, any small details can be customized as your request.\",\"publisher\":{\"@id\":\"https:\/\/sumkcaps.com\/#organization\"},\"potentialAction\":[{\"@type\":\"SearchAction\",\"target\":{\"@type\":\"EntryPoint\",\"urlTemplate\":\"https:\/\/sumkcaps.com\/?s={search_term_string}\"},\"query-input\":{\"@type\":\"PropertyValueSpecification\",\"valueRequired\":true,\"valueName\":\"search_term_string\"}}],\"inLanguage\":\"sv-SE\"},{\"@type\":\"Organization\",\"@id\":\"https:\/\/sumkcaps.com\/#organization\",\"name\":\"Sumkcaps-China Original Headwear Manufacturer and Suppliers\",\"url\":\"https:\/\/sumkcaps.com\/\",\"logo\":{\"@type\":\"ImageObject\",\"inLanguage\":\"sv-SE\",\"@id\":\"https:\/\/sumkcaps.com\/#\/schema\/logo\/image\/\",\"url\":\"https:\/\/sumkcaps.com\/wp-content\/uploads\/2025\/12\/1234.jpg\",\"contentUrl\":\"https:\/\/sumkcaps.com\/wp-content\/uploads\/2025\/12\/1234.jpg\",\"width\":800,\"height\":800,\"caption\":\"Sumkcaps-China Original Headwear Manufacturer and Suppliers\"},\"image\":{\"@id\":\"https:\/\/sumkcaps.com\/#\/schema\/logo\/image\/\"},\"sameAs\":[\"https:\/\/www.facebook.com\/sumkcap\",\"https:\/\/www.instagram.com\/sumkcaps7\/\",\"https:\/\/www.pinterest.com\/sumkcapschina\/\"]}]}<\/script>\n<!-- \/ Yoast SEO Premium plugin. -->","yoast_head_json":{"title":"Anpassad 5 panel broderi Snapback keps | Kina Tillverkare","description":"H\u00f6gkvalitativ tillverkare av anpassade huvudbonader i Kina. Produkter av h\u00f6gsta kvalitet till b\u00e4sta priser. L\u00e4gg till din logotyp eller anpassad design online. Expert service. Bulk rabatt.","robots":{"index":"index","follow":"follow","max-snippet":"max-snippet:-1","max-image-preview":"max-image-preview:large","max-video-preview":"max-video-preview:-1"},"canonical":"https:\/\/sumkcaps.com\/sv\/produkt\/sufox-231107-custom-snapback-keps-med-fem-paneler-och-3d-brodyr\/","og_locale":"sv_SE","og_type":"article","og_title":"Sumkcaps 231107 Custom Five Panel 3D Embroidery Snapback Cap - Sumkcaps","og_description":"High Quality China Custom Headwear Manufacturer. Top Quality Products At Best Prices. Add Your Logo or Custom Design Online. Expert Service. Bulk Discount.","og_url":"https:\/\/sumkcaps.com\/sv\/produkt\/sufox-231107-custom-snapback-keps-med-fem-paneler-och-3d-brodyr\/","og_site_name":"Sumkcaps-China Original Headwear Manufacturer and Suppliers","article_publisher":"https:\/\/www.facebook.com\/sumkcap","article_modified_time":"2026-03-02T07:16:13+00:00","og_image":[{"width":750,"height":750,"url":"https:\/\/sumkcaps.com\/wp-content\/uploads\/2022\/10\/5_panel_embroidery_acrylic_wool_blend_snapback_cap-1.jpg","type":"image\/jpeg"}],"twitter_card":"summary_large_image","twitter_misc":{"Ber\u00e4knad l\u00e4stid":"2 minuter"},"schema":{"@context":"https:\/\/schema.org","@graph":[{"@type":"WebPage","@id":"https:\/\/sumkcaps.com\/product\/sufox-231107-custom-five-panel-3d-embroidery-snapback-cap\/","url":"https:\/\/sumkcaps.com\/product\/sufox-231107-custom-five-panel-3d-embroidery-snapback-cap\/","name":"Anpassad 5 panel broderi Snapback keps | Kina Tillverkare","isPartOf":{"@id":"https:\/\/sumkcaps.com\/#website"},"primaryImageOfPage":{"@id":"https:\/\/sumkcaps.com\/product\/sufox-231107-custom-five-panel-3d-embroidery-snapback-cap\/#primaryimage"},"image":{"@id":"https:\/\/sumkcaps.com\/product\/sufox-231107-custom-five-panel-3d-embroidery-snapback-cap\/#primaryimage"},"thumbnailUrl":"https:\/\/sumkcaps.com\/wp-content\/uploads\/2022\/10\/5_panel_embroidery_acrylic_wool_blend_snapback_cap-1.jpg","datePublished":"2022-10-26T03:23:33+00:00","dateModified":"2026-03-02T07:16:13+00:00","description":"H\u00f6gkvalitativ tillverkare av anpassade huvudbonader i Kina. Produkter av h\u00f6gsta kvalitet till b\u00e4sta priser. L\u00e4gg till din logotyp eller anpassad design online. Expert service. Bulk rabatt.","breadcrumb":{"@id":"https:\/\/sumkcaps.com\/product\/sufox-231107-custom-five-panel-3d-embroidery-snapback-cap\/#breadcrumb"},"inLanguage":"sv-SE","potentialAction":[{"@type":"ReadAction","target":["https:\/\/sumkcaps.com\/product\/sufox-231107-custom-five-panel-3d-embroidery-snapback-cap\/"]}]},{"@type":"ImageObject","inLanguage":"sv-SE","@id":"https:\/\/sumkcaps.com\/product\/sufox-231107-custom-five-panel-3d-embroidery-snapback-cap\/#primaryimage","url":"https:\/\/sumkcaps.com\/wp-content\/uploads\/2022\/10\/5_panel_embroidery_acrylic_wool_blend_snapback_cap-1.jpg","contentUrl":"https:\/\/sumkcaps.com\/wp-content\/uploads\/2022\/10\/5_panel_embroidery_acrylic_wool_blend_snapback_cap-1.jpg","width":750,"height":750},{"@type":"BreadcrumbList","@id":"https:\/\/sumkcaps.com\/product\/sufox-231107-custom-five-panel-3d-embroidery-snapback-cap\/#breadcrumb","itemListElement":[{"@type":"ListItem","position":1,"name":"Home","item":"https:\/\/sumkcaps.com\/"},{"@type":"ListItem","position":2,"name":"Products","item":"https:\/\/sumkcaps.com\/product\/"},{"@type":"ListItem","position":3,"name":"Sumkcaps 231107 Custom Five Panel 3D Embroidery Snapback Cap"}]},{"@type":"WebSite","@id":"https:\/\/sumkcaps.com\/#website","url":"https:\/\/sumkcaps.com\/","name":"Sumkcaps - tillverkare och leverant\u00f6rer av originalhuvudbonader i Kina","description":"Vi \u00e4r China Cap And Hat Original Factory, vars huvudsakliga verksamhet \u00e4r att anpassa m\u00f6ssa och hatt som klient &amp; #03939; s LOGO. Vilken keps som helst, vilken kepsf\u00e4rg som helst, vilket antal som helst, vilket material som helst och antal \u00e4r inget problem. Med ett ord kan alla sm\u00e5 detaljer anpassas efter din beg\u00e4ran.","publisher":{"@id":"https:\/\/sumkcaps.com\/#organization"},"potentialAction":[{"@type":"SearchAction","target":{"@type":"EntryPoint","urlTemplate":"https:\/\/sumkcaps.com\/?s={search_term_string}"},"query-input":{"@type":"PropertyValueSpecification","valueRequired":true,"valueName":"search_term_string"}}],"inLanguage":"sv-SE"},{"@type":"Organization","@id":"https:\/\/sumkcaps.com\/#organization","name":"Sumkcaps - tillverkare och leverant\u00f6rer av originalhuvudbonader i Kina","url":"https:\/\/sumkcaps.com\/","logo":{"@type":"ImageObject","inLanguage":"sv-SE","@id":"https:\/\/sumkcaps.com\/#\/schema\/logo\/image\/","url":"https:\/\/sumkcaps.com\/wp-content\/uploads\/2025\/12\/1234.jpg","contentUrl":"https:\/\/sumkcaps.com\/wp-content\/uploads\/2025\/12\/1234.jpg","width":800,"height":800,"caption":"Sumkcaps-China Original Headwear Manufacturer and Suppliers"},"image":{"@id":"https:\/\/sumkcaps.com\/#\/schema\/logo\/image\/"},"sameAs":["https:\/\/www.facebook.com\/sumkcap","https:\/\/www.instagram.com\/sumkcaps7\/","https:\/\/www.pinterest.com\/sumkcapschina\/"]}]}},"taxonomy_info":{"product_cat":[{"value":42,"label":"Snapback Hats Wholesale"}]},"featured_image_src_large":["https:\/\/sumkcaps.com\/wp-content\/uploads\/2022\/10\/5_panel_embroidery_acrylic_wool_blend_snapback_cap-1.jpg",750,750,false],"author_info":[],"comment_info":"","_links":{"self":[{"href":"https:\/\/sumkcaps.com\/sv\/wp-json\/wp\/v2\/product\/17897","targetHints":{"allow":["GET"]}}],"collection":[{"href":"https:\/\/sumkcaps.com\/sv\/wp-json\/wp\/v2\/product"}],"about":[{"href":"https:\/\/sumkcaps.com\/sv\/wp-json\/wp\/v2\/types\/product"}],"wp:featuredmedia":[{"embeddable":true,"href":"https:\/\/sumkcaps.com\/sv\/wp-json\/wp\/v2\/media\/17898"}],"wp:attachment":[{"href":"https:\/\/sumkcaps.com\/sv\/wp-json\/wp\/v2\/media?parent=17897"}],"wp:term":[{"taxonomy":"product_brand","embeddable":true,"href":"https:\/\/sumkcaps.com\/sv\/wp-json\/wp\/v2\/product_brand?post=17897"},{"taxonomy":"product_cat","embeddable":true,"href":"https:\/\/sumkcaps.com\/sv\/wp-json\/wp\/v2\/product_cat?post=17897"},{"taxonomy":"product_tag","embeddable":true,"href":"https:\/\/sumkcaps.com\/sv\/wp-json\/wp\/v2\/product_tag?post=17897"}],"curies":[{"name":"wp","href":"https:\/\/api.w.org\/{rel}","templated":true}]}}