{"id":17866,"date":"2022-10-26T10:54:56","date_gmt":"2022-10-26T02:54:56","guid":{"rendered":"https:\/\/sumkcaps.com\/?post_type=product&#038;p=17866"},"modified":"2026-03-02T15:30:05","modified_gmt":"2026-03-02T07:30:05","slug":"sufox-231103-custom-five-panel-full-printing-snapback-cap","status":"publish","type":"product","link":"https:\/\/sumkcaps.com\/sv\/produkt\/sufox-231103-custom-snapback-keps-med-fem-paneler-och-fullt-tryck\/","title":{"rendered":"Sumkcaps 231103 Custom Snapback-keps med fem paneler och fullt tryck"},"content":{"rendered":"<div class=\"flex flex-col text-sm pb-25\">\n<article class=\"text-token-text-primary w-full focus:outline-none [--shadow-height:45px] has-data-writing-block:pointer-events-none has-data-writing-block:-mt-(--shadow-height) has-data-writing-block:pt-(--shadow-height) [&amp;:has([data-writing-block])&gt;*]:pointer-events-auto scroll-mt-[calc(var(--header-height)+min(200px,max(70px,20svh)))]\" dir=\"auto\" tabindex=\"-1\" data-turn-id=\"request-WEB:0009233b-92ca-45c0-94b7-1b401328b987-5\" data-testid=\"conversation-turn-12\" data-scroll-anchor=\"true\" data-turn=\"assistant\">\n<div class=\"text-base my-auto mx-auto pb-10 [--thread-content-margin:--spacing(4)] @w-sm\/main:[--thread-content-margin:--spacing(6)] @w-lg\/main:[--thread-content-margin:--spacing(16)] px-(--thread-content-margin)\">\n<div class=\"[--thread-content-max-width:40rem] @w-lg\/main:[--thread-content-max-width:48rem] mx-auto max-w-(--thread-content-max-width) flex-1 group\/turn-messages focus-visible:outline-hidden relative flex w-full min-w-0 flex-col agent-turn\" tabindex=\"-1\">\n<div class=\"flex max-w-full flex-col grow\">\n<div class=\"min-h-8 text-message relative flex w-full flex-col items-end gap-2 text-start break-words whitespace-normal [.text-message+&amp;]:mt-1\" dir=\"auto\" data-message-author-role=\"assistant\" data-message-id=\"c6c5a8c6-c37a-4081-aab6-6f9663c56668\" data-message-model-slug=\"gpt-5-2\">\n<div class=\"flex w-full flex-col gap-1 empty:hidden first:pt-[1px]\">\n<div class=\"markdown prose dark:prose-invert w-full wrap-break-word light markdown-new-styling\">\n<h3 data-start=\"70\" data-end=\"409\"><strong data-start=\"70\" data-end=\"107\">Dekoration<\/strong><\/h3>\n<p data-start=\"70\" data-end=\"409\">Denna snapback-keps med fem paneler har ett anpassat fulltryck som m\u00f6jligg\u00f6r livfulla och detaljerade m\u00f6nster \u00f6ver hela ytan. Avancerade trycktekniker s\u00e4kerst\u00e4ller tydliga m\u00f6nster och l\u00e5ngvarig f\u00e4rgprestanda. Fullt tryck \u00e4r perfekt f\u00f6r kreativa konstverk, varum\u00e4rkesgrafik och marknadsf\u00f6ringsdesign.<\/p>\n<h3 data-start=\"411\" data-end=\"725\"><strong data-start=\"411\" data-end=\"435\">Material<\/strong><\/h3>\n<p data-start=\"411\" data-end=\"725\">Kepsen \u00e4r tillverkad av h\u00f6gkvalitativt polyestertyg och \u00e4r l\u00e4tt, slitstark och l\u00e4tt att underh\u00e5lla. Materialet har god motst\u00e5ndskraft mot skrynklor och blekning samtidigt som det ger en sl\u00e4t yta f\u00f6r tryck. Polyester \u00e4r idealiskt f\u00f6r fullprintdesign, vilket ger klara f\u00e4rger och skarpa detaljer.<\/p>\n<h3 data-start=\"727\" data-end=\"1014\"><strong data-start=\"727\" data-end=\"749\">F\u00e4rg<\/strong><\/h3>\n<p data-start=\"727\" data-end=\"1014\">Fullt anpassningsbara f\u00e4rgalternativ g\u00f6r att du kan skapa unika och i\u00f6gonfallande m\u00f6nster. Oavsett om du beh\u00f6ver dj\u00e4rv grafik eller subtila m\u00f6nster kan f\u00e4rgerna produceras enligt dina krav. Anpassat f\u00e4rgtryck hj\u00e4lper varum\u00e4rken att uppn\u00e5 distinkta visuella effekter.<\/p>\n<h3 data-start=\"1016\" data-end=\"1284\"><strong data-start=\"1016\" data-end=\"1049\">Passform och storlek<\/strong><\/h3>\n<p data-start=\"1016\" data-end=\"1284\">Den h\u00e4r kepsen har en justerbar snapback-st\u00e4ngning och passar de flesta huvudstorlekar bekv\u00e4mt. OSFM-intervallet (7 - 7 3\/4) ger flexibilitet f\u00f6r olika anv\u00e4ndare. Den justerbara designen ger en s\u00e4ker och bekv\u00e4m passform f\u00f6r daglig anv\u00e4ndning.<\/p>\n<h3 data-start=\"1286\" data-end=\"1529\"><strong data-start=\"1286\" data-end=\"1307\">Visir<\/strong><\/h3>\n<p data-start=\"1286\" data-end=\"1529\">Det platta visiret ger ett strukturerat och modernt utseende. Det beh\u00e5ller sin form v\u00e4l och kompletterar den tryckta designen. Visiret ger ocks\u00e5 ett effektivt solskydd, vilket g\u00f6r det l\u00e4mpligt f\u00f6r utomhusaktiviteter.<\/p>\n<h3 data-start=\"1531\" data-end=\"1798\"><strong data-start=\"1531\" data-end=\"1554\">Service<\/strong><\/h3>\n<p data-start=\"1531\" data-end=\"1798\">Vi erbjuder professionella OEM- och ODM-tj\u00e4nster f\u00f6r att st\u00f6dja anpassad produktion. Fr\u00e5n tryckdesign och etiketter till f\u00f6rpackningsl\u00f6sningar kan varje detalj skr\u00e4ddarsys. V\u00e5rt erfarna team s\u00e4kerst\u00e4ller konsekvent kvalitet och effektiv projektledning.<\/p>\n<h3 data-start=\"1800\" data-end=\"2043\"><strong data-start=\"1800\" data-end=\"1837\">Genomf\u00f6randetid<\/strong><\/h3>\n<p data-start=\"1800\" data-end=\"2043\" data-is-last-node=\"\" data-is-only-node=\"\">Provproduktion tar cirka 7-9 arbetsdagar f\u00f6r snabb designbekr\u00e4ftelse. Bulkproduktion kr\u00e4ver vanligtvis 18-22 arbetsdagar. Stabil produktionsplanering s\u00e4kerst\u00e4ller p\u00e5litlig leverans i r\u00e4tt tid.<\/p>\n<\/div>\n<\/div>\n<\/div>\n<\/div>\n<div class=\"z-0 flex min-h-[46px] justify-start\"><\/div>\n<div class=\"mt-3 w-full empty:hidden\">\n<div class=\"text-center\"><\/div>\n<\/div>\n<\/div>\n<\/div>\n<\/article>\n<\/div>\n<div class=\"pointer-events-none h-px w-px absolute bottom-0\" aria-hidden=\"true\" data-edge=\"true\"><\/div>","protected":false},"excerpt":{"rendered":"<p>Sumkcaps 231103 Custom Five Panel Full Printing Snapback Cap \u00e4r en av popul\u00e4ra Cap Style, l\u00e4tt vikt och andningsbar v\u00e4l. V\u00e5ra Snapbacks kommer i en m\u00e4ngd olika stilar och f\u00e4rger fr\u00e5n alla de b\u00e4sta varum\u00e4rkena.<\/p>","protected":false},"featured_media":17867,"template":"","meta":{"_acf_changed":false,"_kad_blocks_custom_css":"","_kad_blocks_head_custom_js":"","_kad_blocks_body_custom_js":"","_kad_blocks_footer_custom_js":""},"product_brand":[],"product_cat":[42],"product_tag":[],"class_list":{"0":"post-17866","1":"product","2":"type-product","3":"status-publish","4":"has-post-thumbnail","6":"product_cat-snapback-cap","8":"first","9":"outofstock","10":"shipping-taxable","11":"product-type-simple"},"acf":[],"yoast_head":"<!-- This site is optimized with the Yoast SEO Premium plugin v20.8 (Yoast SEO v25.9) - https:\/\/yoast.com\/wordpress\/plugins\/seo\/ -->\n<title>Custom 5 Panel Full Printing Snapback Cap | China Manufactuer<\/title>\n<meta name=\"description\" content=\"High Quality China Custom Headwear Manufacturer. Top Quality Products At Best Prices. Add Your Logo or Custom Design Online. Expert Service. Bulk Discount.\" \/>\n<meta name=\"robots\" content=\"index, follow, max-snippet:-1, max-image-preview:large, max-video-preview:-1\" \/>\n<link rel=\"canonical\" href=\"https:\/\/sumkcaps.com\/sv\/produkt\/sufox-231103-custom-snapback-keps-med-fem-paneler-och-fullt-tryck\/\" \/>\n<meta property=\"og:locale\" content=\"sv_SE\" \/>\n<meta property=\"og:type\" content=\"article\" \/>\n<meta property=\"og:title\" content=\"Sumkcaps 231103 Custom Five Panel Full Printing Snapback Cap - Sumkcaps\" \/>\n<meta property=\"og:description\" content=\"High Quality China Custom Headwear Manufacturer. Top Quality Products At Best Prices. Add Your Logo or Custom Design Online. Expert Service. Bulk Discount.\" \/>\n<meta property=\"og:url\" content=\"https:\/\/sumkcaps.com\/sv\/produkt\/sufox-231103-custom-snapback-keps-med-fem-paneler-och-fullt-tryck\/\" \/>\n<meta property=\"og:site_name\" content=\"Sumkcaps-China Original Headwear Manufacturer and Suppliers\" \/>\n<meta property=\"article:publisher\" content=\"https:\/\/www.facebook.com\/sumkcap\" \/>\n<meta property=\"article:modified_time\" content=\"2026-03-02T07:30:05+00:00\" \/>\n<meta property=\"og:image\" content=\"https:\/\/sumkcaps.com\/wp-content\/uploads\/2022\/10\/5_panel_full_printing_snapback_cap-1.jpg\" \/>\n\t<meta property=\"og:image:width\" content=\"750\" \/>\n\t<meta property=\"og:image:height\" content=\"750\" \/>\n\t<meta property=\"og:image:type\" content=\"image\/jpeg\" \/>\n<meta name=\"twitter:card\" content=\"summary_large_image\" \/>\n<meta name=\"twitter:label1\" content=\"Ber\u00e4knad l\u00e4stid\" \/>\n\t<meta name=\"twitter:data1\" content=\"2 minuter\" \/>\n<script type=\"application\/ld+json\" class=\"yoast-schema-graph\">{\"@context\":\"https:\/\/schema.org\",\"@graph\":[{\"@type\":\"WebPage\",\"@id\":\"https:\/\/sumkcaps.com\/product\/sufox-231103-custom-five-panel-full-printing-snapback-cap\/\",\"url\":\"https:\/\/sumkcaps.com\/product\/sufox-231103-custom-five-panel-full-printing-snapback-cap\/\",\"name\":\"Custom 5 Panel Full Printing Snapback Cap | China Manufactuer\",\"isPartOf\":{\"@id\":\"https:\/\/sumkcaps.com\/#website\"},\"primaryImageOfPage\":{\"@id\":\"https:\/\/sumkcaps.com\/product\/sufox-231103-custom-five-panel-full-printing-snapback-cap\/#primaryimage\"},\"image\":{\"@id\":\"https:\/\/sumkcaps.com\/product\/sufox-231103-custom-five-panel-full-printing-snapback-cap\/#primaryimage\"},\"thumbnailUrl\":\"https:\/\/sumkcaps.com\/wp-content\/uploads\/2022\/10\/5_panel_full_printing_snapback_cap-1.jpg\",\"datePublished\":\"2022-10-26T02:54:56+00:00\",\"dateModified\":\"2026-03-02T07:30:05+00:00\",\"description\":\"High Quality China Custom Headwear Manufacturer. Top Quality Products At Best Prices. Add Your Logo or Custom Design Online. Expert Service. Bulk Discount.\",\"breadcrumb\":{\"@id\":\"https:\/\/sumkcaps.com\/product\/sufox-231103-custom-five-panel-full-printing-snapback-cap\/#breadcrumb\"},\"inLanguage\":\"sv-SE\",\"potentialAction\":[{\"@type\":\"ReadAction\",\"target\":[\"https:\/\/sumkcaps.com\/product\/sufox-231103-custom-five-panel-full-printing-snapback-cap\/\"]}]},{\"@type\":\"ImageObject\",\"inLanguage\":\"sv-SE\",\"@id\":\"https:\/\/sumkcaps.com\/product\/sufox-231103-custom-five-panel-full-printing-snapback-cap\/#primaryimage\",\"url\":\"https:\/\/sumkcaps.com\/wp-content\/uploads\/2022\/10\/5_panel_full_printing_snapback_cap-1.jpg\",\"contentUrl\":\"https:\/\/sumkcaps.com\/wp-content\/uploads\/2022\/10\/5_panel_full_printing_snapback_cap-1.jpg\",\"width\":750,\"height\":750},{\"@type\":\"BreadcrumbList\",\"@id\":\"https:\/\/sumkcaps.com\/product\/sufox-231103-custom-five-panel-full-printing-snapback-cap\/#breadcrumb\",\"itemListElement\":[{\"@type\":\"ListItem\",\"position\":1,\"name\":\"Home\",\"item\":\"https:\/\/sumkcaps.com\/\"},{\"@type\":\"ListItem\",\"position\":2,\"name\":\"Products\",\"item\":\"https:\/\/sumkcaps.com\/product\/\"},{\"@type\":\"ListItem\",\"position\":3,\"name\":\"Sumkcaps 231103 Custom Five Panel Full Printing Snapback Cap\"}]},{\"@type\":\"WebSite\",\"@id\":\"https:\/\/sumkcaps.com\/#website\",\"url\":\"https:\/\/sumkcaps.com\/\",\"name\":\"Sumkcaps-China Original Headwear Manufacturer and Suppliers\",\"description\":\"We are China Cap And Hat Original Factory, whose main business is to custom cap and hat as client&#039;s LOGO. Any cap style, any cap color, any qty, any material and qty is no problem. In one words, any small details can be customized as your request.\",\"publisher\":{\"@id\":\"https:\/\/sumkcaps.com\/#organization\"},\"potentialAction\":[{\"@type\":\"SearchAction\",\"target\":{\"@type\":\"EntryPoint\",\"urlTemplate\":\"https:\/\/sumkcaps.com\/?s={search_term_string}\"},\"query-input\":{\"@type\":\"PropertyValueSpecification\",\"valueRequired\":true,\"valueName\":\"search_term_string\"}}],\"inLanguage\":\"sv-SE\"},{\"@type\":\"Organization\",\"@id\":\"https:\/\/sumkcaps.com\/#organization\",\"name\":\"Sumkcaps-China Original Headwear Manufacturer and Suppliers\",\"url\":\"https:\/\/sumkcaps.com\/\",\"logo\":{\"@type\":\"ImageObject\",\"inLanguage\":\"sv-SE\",\"@id\":\"https:\/\/sumkcaps.com\/#\/schema\/logo\/image\/\",\"url\":\"https:\/\/sumkcaps.com\/wp-content\/uploads\/2025\/12\/1234.jpg\",\"contentUrl\":\"https:\/\/sumkcaps.com\/wp-content\/uploads\/2025\/12\/1234.jpg\",\"width\":800,\"height\":800,\"caption\":\"Sumkcaps-China Original Headwear Manufacturer and Suppliers\"},\"image\":{\"@id\":\"https:\/\/sumkcaps.com\/#\/schema\/logo\/image\/\"},\"sameAs\":[\"https:\/\/www.facebook.com\/sumkcap\",\"https:\/\/www.instagram.com\/sumkcaps7\/\",\"https:\/\/www.pinterest.com\/sumkcapschina\/\"]}]}<\/script>\n<!-- \/ Yoast SEO Premium plugin. -->","yoast_head_json":{"title":"Anpassad 5 panel full utskrift Snapback keps | Kina tillverkare","description":"H\u00f6gkvalitativ tillverkare av anpassade huvudbonader i Kina. Produkter av h\u00f6gsta kvalitet till b\u00e4sta priser. L\u00e4gg till din logotyp eller anpassad design online. Expert service. Bulk rabatt.","robots":{"index":"index","follow":"follow","max-snippet":"max-snippet:-1","max-image-preview":"max-image-preview:large","max-video-preview":"max-video-preview:-1"},"canonical":"https:\/\/sumkcaps.com\/sv\/produkt\/sufox-231103-custom-snapback-keps-med-fem-paneler-och-fullt-tryck\/","og_locale":"sv_SE","og_type":"article","og_title":"Sumkcaps 231103 Custom Five Panel Full Printing Snapback Cap - Sumkcaps","og_description":"High Quality China Custom Headwear Manufacturer. Top Quality Products At Best Prices. Add Your Logo or Custom Design Online. Expert Service. Bulk Discount.","og_url":"https:\/\/sumkcaps.com\/sv\/produkt\/sufox-231103-custom-snapback-keps-med-fem-paneler-och-fullt-tryck\/","og_site_name":"Sumkcaps-China Original Headwear Manufacturer and Suppliers","article_publisher":"https:\/\/www.facebook.com\/sumkcap","article_modified_time":"2026-03-02T07:30:05+00:00","og_image":[{"width":750,"height":750,"url":"https:\/\/sumkcaps.com\/wp-content\/uploads\/2022\/10\/5_panel_full_printing_snapback_cap-1.jpg","type":"image\/jpeg"}],"twitter_card":"summary_large_image","twitter_misc":{"Ber\u00e4knad l\u00e4stid":"2 minuter"},"schema":{"@context":"https:\/\/schema.org","@graph":[{"@type":"WebPage","@id":"https:\/\/sumkcaps.com\/product\/sufox-231103-custom-five-panel-full-printing-snapback-cap\/","url":"https:\/\/sumkcaps.com\/product\/sufox-231103-custom-five-panel-full-printing-snapback-cap\/","name":"Anpassad 5 panel full utskrift Snapback keps | Kina tillverkare","isPartOf":{"@id":"https:\/\/sumkcaps.com\/#website"},"primaryImageOfPage":{"@id":"https:\/\/sumkcaps.com\/product\/sufox-231103-custom-five-panel-full-printing-snapback-cap\/#primaryimage"},"image":{"@id":"https:\/\/sumkcaps.com\/product\/sufox-231103-custom-five-panel-full-printing-snapback-cap\/#primaryimage"},"thumbnailUrl":"https:\/\/sumkcaps.com\/wp-content\/uploads\/2022\/10\/5_panel_full_printing_snapback_cap-1.jpg","datePublished":"2022-10-26T02:54:56+00:00","dateModified":"2026-03-02T07:30:05+00:00","description":"H\u00f6gkvalitativ tillverkare av anpassade huvudbonader i Kina. Produkter av h\u00f6gsta kvalitet till b\u00e4sta priser. L\u00e4gg till din logotyp eller anpassad design online. Expert service. Bulk rabatt.","breadcrumb":{"@id":"https:\/\/sumkcaps.com\/product\/sufox-231103-custom-five-panel-full-printing-snapback-cap\/#breadcrumb"},"inLanguage":"sv-SE","potentialAction":[{"@type":"ReadAction","target":["https:\/\/sumkcaps.com\/product\/sufox-231103-custom-five-panel-full-printing-snapback-cap\/"]}]},{"@type":"ImageObject","inLanguage":"sv-SE","@id":"https:\/\/sumkcaps.com\/product\/sufox-231103-custom-five-panel-full-printing-snapback-cap\/#primaryimage","url":"https:\/\/sumkcaps.com\/wp-content\/uploads\/2022\/10\/5_panel_full_printing_snapback_cap-1.jpg","contentUrl":"https:\/\/sumkcaps.com\/wp-content\/uploads\/2022\/10\/5_panel_full_printing_snapback_cap-1.jpg","width":750,"height":750},{"@type":"BreadcrumbList","@id":"https:\/\/sumkcaps.com\/product\/sufox-231103-custom-five-panel-full-printing-snapback-cap\/#breadcrumb","itemListElement":[{"@type":"ListItem","position":1,"name":"Home","item":"https:\/\/sumkcaps.com\/"},{"@type":"ListItem","position":2,"name":"Products","item":"https:\/\/sumkcaps.com\/product\/"},{"@type":"ListItem","position":3,"name":"Sumkcaps 231103 Custom Five Panel Full Printing Snapback Cap"}]},{"@type":"WebSite","@id":"https:\/\/sumkcaps.com\/#website","url":"https:\/\/sumkcaps.com\/","name":"Sumkcaps - tillverkare och leverant\u00f6rer av originalhuvudbonader i Kina","description":"Vi \u00e4r China Cap And Hat Original Factory, vars huvudsakliga verksamhet \u00e4r att anpassa m\u00f6ssa och hatt som klient &amp; #03939; s LOGO. Vilken keps som helst, vilken kepsf\u00e4rg som helst, vilket antal som helst, vilket material som helst och antal \u00e4r inget problem. Med ett ord kan alla sm\u00e5 detaljer anpassas efter din beg\u00e4ran.","publisher":{"@id":"https:\/\/sumkcaps.com\/#organization"},"potentialAction":[{"@type":"SearchAction","target":{"@type":"EntryPoint","urlTemplate":"https:\/\/sumkcaps.com\/?s={search_term_string}"},"query-input":{"@type":"PropertyValueSpecification","valueRequired":true,"valueName":"search_term_string"}}],"inLanguage":"sv-SE"},{"@type":"Organization","@id":"https:\/\/sumkcaps.com\/#organization","name":"Sumkcaps - tillverkare och leverant\u00f6rer av originalhuvudbonader i Kina","url":"https:\/\/sumkcaps.com\/","logo":{"@type":"ImageObject","inLanguage":"sv-SE","@id":"https:\/\/sumkcaps.com\/#\/schema\/logo\/image\/","url":"https:\/\/sumkcaps.com\/wp-content\/uploads\/2025\/12\/1234.jpg","contentUrl":"https:\/\/sumkcaps.com\/wp-content\/uploads\/2025\/12\/1234.jpg","width":800,"height":800,"caption":"Sumkcaps-China Original Headwear Manufacturer and Suppliers"},"image":{"@id":"https:\/\/sumkcaps.com\/#\/schema\/logo\/image\/"},"sameAs":["https:\/\/www.facebook.com\/sumkcap","https:\/\/www.instagram.com\/sumkcaps7\/","https:\/\/www.pinterest.com\/sumkcapschina\/"]}]}},"taxonomy_info":{"product_cat":[{"value":42,"label":"Snapback Hats Wholesale"}]},"featured_image_src_large":["https:\/\/sumkcaps.com\/wp-content\/uploads\/2022\/10\/5_panel_full_printing_snapback_cap-1.jpg",750,750,false],"author_info":[],"comment_info":"","_links":{"self":[{"href":"https:\/\/sumkcaps.com\/sv\/wp-json\/wp\/v2\/product\/17866","targetHints":{"allow":["GET"]}}],"collection":[{"href":"https:\/\/sumkcaps.com\/sv\/wp-json\/wp\/v2\/product"}],"about":[{"href":"https:\/\/sumkcaps.com\/sv\/wp-json\/wp\/v2\/types\/product"}],"wp:featuredmedia":[{"embeddable":true,"href":"https:\/\/sumkcaps.com\/sv\/wp-json\/wp\/v2\/media\/17867"}],"wp:attachment":[{"href":"https:\/\/sumkcaps.com\/sv\/wp-json\/wp\/v2\/media?parent=17866"}],"wp:term":[{"taxonomy":"product_brand","embeddable":true,"href":"https:\/\/sumkcaps.com\/sv\/wp-json\/wp\/v2\/product_brand?post=17866"},{"taxonomy":"product_cat","embeddable":true,"href":"https:\/\/sumkcaps.com\/sv\/wp-json\/wp\/v2\/product_cat?post=17866"},{"taxonomy":"product_tag","embeddable":true,"href":"https:\/\/sumkcaps.com\/sv\/wp-json\/wp\/v2\/product_tag?post=17866"}],"curies":[{"name":"wp","href":"https:\/\/api.w.org\/{rel}","templated":true}]}}