{"id":17818,"date":"2022-10-25T15:26:03","date_gmt":"2022-10-25T07:26:03","guid":{"rendered":"https:\/\/sumkcaps.com\/?post_type=product&#038;p=17818"},"modified":"2026-03-03T14:18:24","modified_gmt":"2026-03-03T06:18:24","slug":"sufox-231097-custom-six-panel-embroidery-patch-snapback-cap","status":"publish","type":"product","link":"https:\/\/sumkcaps.com\/sv\/produkt\/sufox-231097-custom-snapback-keps-med-sex-paneler-och-broderad-patch\/","title":{"rendered":"Sumkcaps 231097 Custom Snapback-keps med broderi och lapp med sex paneler"},"content":{"rendered":"<h3 data-start=\"74\" data-end=\"380\"><strong data-start=\"74\" data-end=\"114\">Dekoration<\/strong><\/h3>\n<p data-start=\"74\" data-end=\"380\">Denna snapback-keps har specialbroderade lappar f\u00f6r en dj\u00e4rv, strukturerad design. Broderierna \u00e4r ordentligt sydda, vilket ger djup och en premiumk\u00e4nsla. De \u00e4r perfekta f\u00f6r logotyper, varum\u00e4rkesdesign eller lagemblem och ger en i\u00f6gonfallande, h\u00e5llbar dekoration som h\u00e5ller l\u00e4nge.<\/p>\n<h3 data-start=\"382\" data-end=\"656\"><strong data-start=\"382\" data-end=\"409\">Material<\/strong><\/h3>\n<p data-start=\"382\" data-end=\"656\">Den h\u00e4r kepsen \u00e4r tillverkad av 100%-akryl och har utm\u00e4rkt formbest\u00e4ndighet och h\u00e5llbarhet. Det l\u00e4tta, skrynkelresistenta tyget \u00e4r bekv\u00e4mt att b\u00e4ra samtidigt som det ger en sl\u00e4t bas f\u00f6r broderier som h\u00e5ller designen skarp och h\u00e5llbar.<\/p>\n<h3 data-start=\"658\" data-end=\"932\"><strong data-start=\"658\" data-end=\"680\">F\u00e4rg<\/strong><\/h3>\n<p data-start=\"658\" data-end=\"932\">Fullt anpassningsbara f\u00e4rgalternativ g\u00f6r att du kan matcha varum\u00e4rkesidentitet eller personlig stil. Kepsen kan tillverkas i alla f\u00e4rgkombinationer, vilket g\u00f6r den perfekt f\u00f6r modekollektioner, reklamprojekt eller lagvaror med unik visuell attraktionskraft.<\/p>\n<h3 data-start=\"934\" data-end=\"1189\"><strong data-start=\"934\" data-end=\"967\">Passform och storlek<\/strong><\/h3>\n<p data-start=\"934\" data-end=\"1189\">Den h\u00e4r kepsen har en justerbar snapback-st\u00e4ngning och passar de flesta huvudstorlekar bekv\u00e4mt. OSFM-storleksintervallet (7 - 7 3\/4) ger flexibilitet och en s\u00e4ker passform, vilket garanterar komfort f\u00f6r vardagsbruk eller utomhusaktiviteter.<\/p>\n<h3 data-start=\"1191\" data-end=\"1442\"><strong data-start=\"1191\" data-end=\"1212\">Visir<\/strong><\/h3>\n<p data-start=\"1191\" data-end=\"1442\">Det platta visiret ger kepsen ett modernt och strukturerat utseende samtidigt som formen bibeh\u00e5lls. Den ger effektivt solskydd och kompletterar streetwear- och sportkl\u00e4desstilar, vilket g\u00f6r den l\u00e4mplig f\u00f6r avslappnad anv\u00e4ndning och kampanjer.<\/p>\n<h3 data-start=\"1444\" data-end=\"1706\"><strong data-start=\"1444\" data-end=\"1467\">Service<\/strong><\/h3>\n<p data-start=\"1444\" data-end=\"1706\">Professionella OEM- och ODM-tj\u00e4nster finns tillg\u00e4ngliga f\u00f6r fullst\u00e4ndig anpassning. Fr\u00e5n design och placering av broderipatchar till etiketter och f\u00f6rpackningar kan varje detalj skr\u00e4ddarsys. V\u00e5rt team s\u00e4kerst\u00e4ller h\u00f6gkvalitativ produktion och konsekventa resultat.<\/p>\n<h3 data-start=\"1708\" data-end=\"1940\"><strong data-start=\"1708\" data-end=\"1745\">Genomf\u00f6randetid<\/strong><\/h3>\n<p data-start=\"1708\" data-end=\"1940\" data-is-last-node=\"\" data-is-only-node=\"\">Provproduktion tar normalt 7-9 arbetsdagar f\u00f6r designbekr\u00e4ftelse. Bulkproduktion kr\u00e4ver 18-22 arbetsdagar. Effektiv schemal\u00e4ggning s\u00e4kerst\u00e4ller leverans i r\u00e4tt tid f\u00f6r sm\u00e5 eller stora best\u00e4llningar.<\/p>","protected":false},"excerpt":{"rendered":"<p>Sumkcaps 231097 Custom Six Panel Embroidery Patch Snapback Cap \u00e4r en av popul\u00e4ra kepsar, l\u00e4tt vikt och andas v\u00e4l. V\u00e5ra Snapbacks kommer i en m\u00e4ngd olika stilar och f\u00e4rger fr\u00e5n alla de b\u00e4sta varum\u00e4rkena.<\/p>","protected":false},"featured_media":17819,"template":"","meta":{"_acf_changed":false,"_kad_blocks_custom_css":"","_kad_blocks_head_custom_js":"","_kad_blocks_body_custom_js":"","_kad_blocks_footer_custom_js":""},"product_brand":[],"product_cat":[42],"product_tag":[],"class_list":{"0":"post-17818","1":"product","2":"type-product","3":"status-publish","4":"has-post-thumbnail","6":"product_cat-snapback-cap","8":"first","9":"outofstock","10":"shipping-taxable","11":"product-type-simple"},"acf":[],"yoast_head":"<!-- This site is optimized with the Yoast SEO Premium plugin v20.8 (Yoast SEO v25.9) - https:\/\/yoast.com\/wordpress\/plugins\/seo\/ -->\n<title>Custom 6 Panel Embroidery Snapback Cap | China Manufactuer<\/title>\n<meta name=\"description\" content=\"We are dedicated to manufacturing Premium Custom Caps, beanies and bucket hats. Patches available. Many custom options. Bulk Discount. Quick delivery.\" \/>\n<meta name=\"robots\" content=\"index, follow, max-snippet:-1, max-image-preview:large, max-video-preview:-1\" \/>\n<link rel=\"canonical\" href=\"https:\/\/sumkcaps.com\/sv\/produkt\/sufox-231097-custom-snapback-keps-med-sex-paneler-och-broderad-patch\/\" \/>\n<meta property=\"og:locale\" content=\"sv_SE\" \/>\n<meta property=\"og:type\" content=\"article\" \/>\n<meta property=\"og:title\" content=\"Sumkcaps 231097 Custom Six Panel Embroidery Patch Snapback Cap - Sumkcaps\" \/>\n<meta property=\"og:description\" content=\"We are dedicated to manufacturing Premium Custom Caps, beanies and bucket hats. Patches available. Many custom options. Bulk Discount. Quick delivery.\" \/>\n<meta property=\"og:url\" content=\"https:\/\/sumkcaps.com\/sv\/produkt\/sufox-231097-custom-snapback-keps-med-sex-paneler-och-broderad-patch\/\" \/>\n<meta property=\"og:site_name\" content=\"Sumkcaps-China Original Headwear Manufacturer and Suppliers\" \/>\n<meta property=\"article:publisher\" content=\"https:\/\/www.facebook.com\/sumkcap\" \/>\n<meta property=\"article:modified_time\" content=\"2026-03-03T06:18:24+00:00\" \/>\n<meta property=\"og:image\" content=\"https:\/\/sumkcaps.com\/wp-content\/uploads\/2022\/10\/6_panel_embroidery_patch_snapback_cap-1-3.jpg\" \/>\n\t<meta property=\"og:image:width\" content=\"800\" \/>\n\t<meta property=\"og:image:height\" content=\"800\" \/>\n\t<meta property=\"og:image:type\" content=\"image\/jpeg\" \/>\n<meta name=\"twitter:card\" content=\"summary_large_image\" \/>\n<meta name=\"twitter:label1\" content=\"Ber\u00e4knad l\u00e4stid\" \/>\n\t<meta name=\"twitter:data1\" content=\"2 minuter\" \/>\n<script type=\"application\/ld+json\" class=\"yoast-schema-graph\">{\"@context\":\"https:\/\/schema.org\",\"@graph\":[{\"@type\":\"WebPage\",\"@id\":\"https:\/\/sumkcaps.com\/product\/sufox-231097-custom-six-panel-embroidery-patch-snapback-cap\/\",\"url\":\"https:\/\/sumkcaps.com\/product\/sufox-231097-custom-six-panel-embroidery-patch-snapback-cap\/\",\"name\":\"Custom 6 Panel Embroidery Snapback Cap | China Manufactuer\",\"isPartOf\":{\"@id\":\"https:\/\/sumkcaps.com\/#website\"},\"primaryImageOfPage\":{\"@id\":\"https:\/\/sumkcaps.com\/product\/sufox-231097-custom-six-panel-embroidery-patch-snapback-cap\/#primaryimage\"},\"image\":{\"@id\":\"https:\/\/sumkcaps.com\/product\/sufox-231097-custom-six-panel-embroidery-patch-snapback-cap\/#primaryimage\"},\"thumbnailUrl\":\"https:\/\/sumkcaps.com\/wp-content\/uploads\/2022\/10\/6_panel_embroidery_patch_snapback_cap-1-3.jpg\",\"datePublished\":\"2022-10-25T07:26:03+00:00\",\"dateModified\":\"2026-03-03T06:18:24+00:00\",\"description\":\"We are dedicated to manufacturing Premium Custom Caps, beanies and bucket hats. Patches available. Many custom options. Bulk Discount. Quick delivery.\",\"breadcrumb\":{\"@id\":\"https:\/\/sumkcaps.com\/product\/sufox-231097-custom-six-panel-embroidery-patch-snapback-cap\/#breadcrumb\"},\"inLanguage\":\"sv-SE\",\"potentialAction\":[{\"@type\":\"ReadAction\",\"target\":[\"https:\/\/sumkcaps.com\/product\/sufox-231097-custom-six-panel-embroidery-patch-snapback-cap\/\"]}]},{\"@type\":\"ImageObject\",\"inLanguage\":\"sv-SE\",\"@id\":\"https:\/\/sumkcaps.com\/product\/sufox-231097-custom-six-panel-embroidery-patch-snapback-cap\/#primaryimage\",\"url\":\"https:\/\/sumkcaps.com\/wp-content\/uploads\/2022\/10\/6_panel_embroidery_patch_snapback_cap-1-3.jpg\",\"contentUrl\":\"https:\/\/sumkcaps.com\/wp-content\/uploads\/2022\/10\/6_panel_embroidery_patch_snapback_cap-1-3.jpg\",\"width\":800,\"height\":800},{\"@type\":\"BreadcrumbList\",\"@id\":\"https:\/\/sumkcaps.com\/product\/sufox-231097-custom-six-panel-embroidery-patch-snapback-cap\/#breadcrumb\",\"itemListElement\":[{\"@type\":\"ListItem\",\"position\":1,\"name\":\"Home\",\"item\":\"https:\/\/sumkcaps.com\/\"},{\"@type\":\"ListItem\",\"position\":2,\"name\":\"Products\",\"item\":\"https:\/\/sumkcaps.com\/product\/\"},{\"@type\":\"ListItem\",\"position\":3,\"name\":\"Sumkcaps 231097 Custom Six Panel Embroidery Patch Snapback Cap\"}]},{\"@type\":\"WebSite\",\"@id\":\"https:\/\/sumkcaps.com\/#website\",\"url\":\"https:\/\/sumkcaps.com\/\",\"name\":\"Sumkcaps-China Original Headwear Manufacturer and Suppliers\",\"description\":\"We are China Cap And Hat Original Factory, whose main business is to custom cap and hat as client&#039;s LOGO. Any cap style, any cap color, any qty, any material and qty is no problem. In one words, any small details can be customized as your request.\",\"publisher\":{\"@id\":\"https:\/\/sumkcaps.com\/#organization\"},\"potentialAction\":[{\"@type\":\"SearchAction\",\"target\":{\"@type\":\"EntryPoint\",\"urlTemplate\":\"https:\/\/sumkcaps.com\/?s={search_term_string}\"},\"query-input\":{\"@type\":\"PropertyValueSpecification\",\"valueRequired\":true,\"valueName\":\"search_term_string\"}}],\"inLanguage\":\"sv-SE\"},{\"@type\":\"Organization\",\"@id\":\"https:\/\/sumkcaps.com\/#organization\",\"name\":\"Sumkcaps-China Original Headwear Manufacturer and Suppliers\",\"url\":\"https:\/\/sumkcaps.com\/\",\"logo\":{\"@type\":\"ImageObject\",\"inLanguage\":\"sv-SE\",\"@id\":\"https:\/\/sumkcaps.com\/#\/schema\/logo\/image\/\",\"url\":\"https:\/\/sumkcaps.com\/wp-content\/uploads\/2025\/12\/1234.jpg\",\"contentUrl\":\"https:\/\/sumkcaps.com\/wp-content\/uploads\/2025\/12\/1234.jpg\",\"width\":800,\"height\":800,\"caption\":\"Sumkcaps-China Original Headwear Manufacturer and Suppliers\"},\"image\":{\"@id\":\"https:\/\/sumkcaps.com\/#\/schema\/logo\/image\/\"},\"sameAs\":[\"https:\/\/www.facebook.com\/sumkcap\",\"https:\/\/www.instagram.com\/sumkcaps7\/\",\"https:\/\/www.pinterest.com\/sumkcapschina\/\"]}]}<\/script>\n<!-- \/ Yoast SEO Premium plugin. -->","yoast_head_json":{"title":"Anpassad 6 panel broderi Snapback keps | Kina Tillverkare","description":"Vi \u00e4r dedikerade till att tillverka premium anpassade kepsar, m\u00f6ssor och hinkhattar. Patchar tillg\u00e4ngliga. M\u00e5nga anpassade alternativ. Bulk rabatt. Snabb leverans.","robots":{"index":"index","follow":"follow","max-snippet":"max-snippet:-1","max-image-preview":"max-image-preview:large","max-video-preview":"max-video-preview:-1"},"canonical":"https:\/\/sumkcaps.com\/sv\/produkt\/sufox-231097-custom-snapback-keps-med-sex-paneler-och-broderad-patch\/","og_locale":"sv_SE","og_type":"article","og_title":"Sumkcaps 231097 Custom Six Panel Embroidery Patch Snapback Cap - Sumkcaps","og_description":"We are dedicated to manufacturing Premium Custom Caps, beanies and bucket hats. Patches available. Many custom options. Bulk Discount. Quick delivery.","og_url":"https:\/\/sumkcaps.com\/sv\/produkt\/sufox-231097-custom-snapback-keps-med-sex-paneler-och-broderad-patch\/","og_site_name":"Sumkcaps-China Original Headwear Manufacturer and Suppliers","article_publisher":"https:\/\/www.facebook.com\/sumkcap","article_modified_time":"2026-03-03T06:18:24+00:00","og_image":[{"width":800,"height":800,"url":"https:\/\/sumkcaps.com\/wp-content\/uploads\/2022\/10\/6_panel_embroidery_patch_snapback_cap-1-3.jpg","type":"image\/jpeg"}],"twitter_card":"summary_large_image","twitter_misc":{"Ber\u00e4knad l\u00e4stid":"2 minuter"},"schema":{"@context":"https:\/\/schema.org","@graph":[{"@type":"WebPage","@id":"https:\/\/sumkcaps.com\/product\/sufox-231097-custom-six-panel-embroidery-patch-snapback-cap\/","url":"https:\/\/sumkcaps.com\/product\/sufox-231097-custom-six-panel-embroidery-patch-snapback-cap\/","name":"Anpassad 6 panel broderi Snapback keps | Kina Tillverkare","isPartOf":{"@id":"https:\/\/sumkcaps.com\/#website"},"primaryImageOfPage":{"@id":"https:\/\/sumkcaps.com\/product\/sufox-231097-custom-six-panel-embroidery-patch-snapback-cap\/#primaryimage"},"image":{"@id":"https:\/\/sumkcaps.com\/product\/sufox-231097-custom-six-panel-embroidery-patch-snapback-cap\/#primaryimage"},"thumbnailUrl":"https:\/\/sumkcaps.com\/wp-content\/uploads\/2022\/10\/6_panel_embroidery_patch_snapback_cap-1-3.jpg","datePublished":"2022-10-25T07:26:03+00:00","dateModified":"2026-03-03T06:18:24+00:00","description":"Vi \u00e4r dedikerade till att tillverka premium anpassade kepsar, m\u00f6ssor och hinkhattar. Patchar tillg\u00e4ngliga. M\u00e5nga anpassade alternativ. Bulk rabatt. Snabb leverans.","breadcrumb":{"@id":"https:\/\/sumkcaps.com\/product\/sufox-231097-custom-six-panel-embroidery-patch-snapback-cap\/#breadcrumb"},"inLanguage":"sv-SE","potentialAction":[{"@type":"ReadAction","target":["https:\/\/sumkcaps.com\/product\/sufox-231097-custom-six-panel-embroidery-patch-snapback-cap\/"]}]},{"@type":"ImageObject","inLanguage":"sv-SE","@id":"https:\/\/sumkcaps.com\/product\/sufox-231097-custom-six-panel-embroidery-patch-snapback-cap\/#primaryimage","url":"https:\/\/sumkcaps.com\/wp-content\/uploads\/2022\/10\/6_panel_embroidery_patch_snapback_cap-1-3.jpg","contentUrl":"https:\/\/sumkcaps.com\/wp-content\/uploads\/2022\/10\/6_panel_embroidery_patch_snapback_cap-1-3.jpg","width":800,"height":800},{"@type":"BreadcrumbList","@id":"https:\/\/sumkcaps.com\/product\/sufox-231097-custom-six-panel-embroidery-patch-snapback-cap\/#breadcrumb","itemListElement":[{"@type":"ListItem","position":1,"name":"Home","item":"https:\/\/sumkcaps.com\/"},{"@type":"ListItem","position":2,"name":"Products","item":"https:\/\/sumkcaps.com\/product\/"},{"@type":"ListItem","position":3,"name":"Sumkcaps 231097 Custom Six Panel Embroidery Patch Snapback Cap"}]},{"@type":"WebSite","@id":"https:\/\/sumkcaps.com\/#website","url":"https:\/\/sumkcaps.com\/","name":"Sumkcaps - tillverkare och leverant\u00f6rer av originalhuvudbonader i Kina","description":"Vi \u00e4r China Cap And Hat Original Factory, vars huvudsakliga verksamhet \u00e4r att anpassa m\u00f6ssa och hatt som klient &amp; #03939; s LOGO. Vilken keps som helst, vilken kepsf\u00e4rg som helst, vilket antal som helst, vilket material som helst och antal \u00e4r inget problem. Med ett ord kan alla sm\u00e5 detaljer anpassas efter din beg\u00e4ran.","publisher":{"@id":"https:\/\/sumkcaps.com\/#organization"},"potentialAction":[{"@type":"SearchAction","target":{"@type":"EntryPoint","urlTemplate":"https:\/\/sumkcaps.com\/?s={search_term_string}"},"query-input":{"@type":"PropertyValueSpecification","valueRequired":true,"valueName":"search_term_string"}}],"inLanguage":"sv-SE"},{"@type":"Organization","@id":"https:\/\/sumkcaps.com\/#organization","name":"Sumkcaps - tillverkare och leverant\u00f6rer av originalhuvudbonader i Kina","url":"https:\/\/sumkcaps.com\/","logo":{"@type":"ImageObject","inLanguage":"sv-SE","@id":"https:\/\/sumkcaps.com\/#\/schema\/logo\/image\/","url":"https:\/\/sumkcaps.com\/wp-content\/uploads\/2025\/12\/1234.jpg","contentUrl":"https:\/\/sumkcaps.com\/wp-content\/uploads\/2025\/12\/1234.jpg","width":800,"height":800,"caption":"Sumkcaps-China Original Headwear Manufacturer and Suppliers"},"image":{"@id":"https:\/\/sumkcaps.com\/#\/schema\/logo\/image\/"},"sameAs":["https:\/\/www.facebook.com\/sumkcap","https:\/\/www.instagram.com\/sumkcaps7\/","https:\/\/www.pinterest.com\/sumkcapschina\/"]}]}},"taxonomy_info":{"product_cat":[{"value":42,"label":"Snapback Hats Wholesale"}]},"featured_image_src_large":["https:\/\/sumkcaps.com\/wp-content\/uploads\/2022\/10\/6_panel_embroidery_patch_snapback_cap-1-3.jpg",800,800,false],"author_info":[],"comment_info":"","_links":{"self":[{"href":"https:\/\/sumkcaps.com\/sv\/wp-json\/wp\/v2\/product\/17818","targetHints":{"allow":["GET"]}}],"collection":[{"href":"https:\/\/sumkcaps.com\/sv\/wp-json\/wp\/v2\/product"}],"about":[{"href":"https:\/\/sumkcaps.com\/sv\/wp-json\/wp\/v2\/types\/product"}],"wp:featuredmedia":[{"embeddable":true,"href":"https:\/\/sumkcaps.com\/sv\/wp-json\/wp\/v2\/media\/17819"}],"wp:attachment":[{"href":"https:\/\/sumkcaps.com\/sv\/wp-json\/wp\/v2\/media?parent=17818"}],"wp:term":[{"taxonomy":"product_brand","embeddable":true,"href":"https:\/\/sumkcaps.com\/sv\/wp-json\/wp\/v2\/product_brand?post=17818"},{"taxonomy":"product_cat","embeddable":true,"href":"https:\/\/sumkcaps.com\/sv\/wp-json\/wp\/v2\/product_cat?post=17818"},{"taxonomy":"product_tag","embeddable":true,"href":"https:\/\/sumkcaps.com\/sv\/wp-json\/wp\/v2\/product_tag?post=17818"}],"curies":[{"name":"wp","href":"https:\/\/api.w.org\/{rel}","templated":true}]}}