{"id":17782,"date":"2022-10-25T15:02:19","date_gmt":"2022-10-25T07:02:19","guid":{"rendered":"https:\/\/sumkcaps.com\/?post_type=product&#038;p=17782"},"modified":"2026-03-03T14:24:33","modified_gmt":"2026-03-03T06:24:33","slug":"sufox-231093-custom-five-panel-sublimation-printing-snapback-cap","status":"publish","type":"product","link":"https:\/\/sumkcaps.com\/sv\/produkt\/sufox-231093-custom-snapback-keps-med-fem-paneler-och-sublimeringstryck\/","title":{"rendered":"Sumkcaps 231093 Custom Snapback-keps med fem paneler och sublimeringstryck"},"content":{"rendered":"<h3 data-start=\"79\" data-end=\"402\"><strong data-start=\"79\" data-end=\"123\">Dekoration<\/strong><\/h3>\n<p data-start=\"79\" data-end=\"402\">Denna snapback-keps med fem paneler har sublimeringstryck med full anpassning, vilket m\u00f6jligg\u00f6r livfulla, helt\u00e4ckande m\u00f6nster med exakta detaljer. Tryckprocessen s\u00e4kerst\u00e4ller att f\u00e4rgerna f\u00f6rblir ljusa och skarpa \u00f6ver tid, vilket g\u00f6r den idealisk f\u00f6r kreativ grafik, varum\u00e4rkesvisualiseringar eller reklamkonstverk.<\/p>\n<h3 data-start=\"404\" data-end=\"700\"><strong data-start=\"404\" data-end=\"437\">Material<\/strong><\/h3>\n<p data-start=\"404\" data-end=\"700\">Kepsen \u00e4r tillverkad i en polyester- och bomullsblandning och kombinerar h\u00e5llbarhet med komfort. Polyester ger livfulla tryck och bibeh\u00e5llen form, medan bomull ger mjukhet f\u00f6r bekv\u00e4m anv\u00e4ndning hela dagen. Den h\u00e4r blandningen \u00e4r l\u00e4tt, andas och \u00e4r l\u00e4tt att underh\u00e5lla.<\/p>\n<h3 data-start=\"702\" data-end=\"953\"><strong data-start=\"702\" data-end=\"724\">F\u00e4rg<\/strong><\/h3>\n<p data-start=\"702\" data-end=\"953\">Fullt anpassningsbara f\u00e4rgalternativ g\u00f6r att du kan skapa unika och i\u00f6gonfallande designer. Oavsett om du vill ha dj\u00e4rva m\u00f6nster eller subtila toner kan f\u00e4rgerna skr\u00e4ddarsys f\u00f6r att matcha varum\u00e4rkesidentitet, modetrender eller team- och kampanjteman.<\/p>\n<h3 data-start=\"955\" data-end=\"1225\"><strong data-start=\"955\" data-end=\"988\">Passform och storlek<\/strong><\/h3>\n<p data-start=\"955\" data-end=\"1225\">Kepsen har en justerbar snapback-st\u00e4ngning och passar de flesta huvudstorlekar bekv\u00e4mt. OSFM-intervallet (7 - 7 3\/4) ger flexibilitet och en s\u00e4ker passform. Justerbar storlek ger komfort och stabilitet f\u00f6r daglig anv\u00e4ndning eller utomhusbruk.<\/p>\n<h3 data-start=\"1227\" data-end=\"1493\"><strong data-start=\"1227\" data-end=\"1248\">Visir<\/strong><\/h3>\n<p data-start=\"1227\" data-end=\"1493\">Det platta visiret ger en modern och strukturerad look. Det beh\u00e5ller sin form v\u00e4l samtidigt som det ger ett funktionellt solskydd. Den h\u00e4r stilen kompletterar streetwear, sportkl\u00e4der och casual mode, vilket g\u00f6r den m\u00e5ngsidig f\u00f6r olika tillf\u00e4llen.<\/p>\n<h3 data-start=\"1495\" data-end=\"1758\"><strong data-start=\"1495\" data-end=\"1518\">Service<\/strong><\/h3>\n<p data-start=\"1495\" data-end=\"1758\">Professionella OEM- och ODM-tj\u00e4nster finns tillg\u00e4ngliga f\u00f6r fullst\u00e4ndig anpassning. Fr\u00e5n sublimeringsdesignplacering och etiketter till f\u00f6rpackningsl\u00f6sningar kan varje detalj skr\u00e4ddarsys. V\u00e5rt team s\u00e4kerst\u00e4ller h\u00f6gkvalitativ produktion och konsekventa resultat.<\/p>\n<h3 data-start=\"1760\" data-end=\"2007\"><strong data-start=\"1760\" data-end=\"1797\">Genomf\u00f6randetid<\/strong><\/h3>\n<p data-start=\"1760\" data-end=\"2007\" data-is-last-node=\"\" data-is-only-node=\"\">Provproduktion tar 7-9 arbetsdagar f\u00f6r snabb designbekr\u00e4ftelse. Bulkproduktion kr\u00e4ver vanligtvis 18-22 arbetsdagar. Effektiv produktionsplanering s\u00e4kerst\u00e4ller leverans i r\u00e4tt tid f\u00f6r sm\u00e5 eller stora best\u00e4llningar.<\/p>","protected":false},"excerpt":{"rendered":"<p>Sumkcaps 231093 Custom Five Panel Sublimation Printing Snapback Cap \u00e4r en av popul\u00e4ra Cap Style, l\u00e4tt vikt och andas v\u00e4l. V\u00e5ra Snapbacks kommer i en m\u00e4ngd olika stilar och f\u00e4rger fr\u00e5n alla de b\u00e4sta varum\u00e4rkena.<\/p>","protected":false},"featured_media":17783,"template":"","meta":{"_acf_changed":false,"_kad_blocks_custom_css":"","_kad_blocks_head_custom_js":"","_kad_blocks_body_custom_js":"","_kad_blocks_footer_custom_js":""},"product_brand":[],"product_cat":[42],"product_tag":[],"class_list":{"0":"post-17782","1":"product","2":"type-product","3":"status-publish","4":"has-post-thumbnail","6":"product_cat-snapback-cap","8":"first","9":"outofstock","10":"shipping-taxable","11":"product-type-simple"},"acf":[],"yoast_head":"<!-- This site is optimized with the Yoast SEO Premium plugin v20.8 (Yoast SEO v25.9) - https:\/\/yoast.com\/wordpress\/plugins\/seo\/ -->\n<title>Custom Sublimation Printing Snapback Cap | China Manufactuer<\/title>\n<meta name=\"description\" content=\"High Quality China Custom Headwear Manufacturer. Top Quality Products At Best Prices. Add Your Logo or Custom Design Online. Expert Service. Bulk Discount.\" \/>\n<meta name=\"robots\" content=\"index, follow, max-snippet:-1, max-image-preview:large, max-video-preview:-1\" \/>\n<link rel=\"canonical\" href=\"https:\/\/sumkcaps.com\/sv\/produkt\/sufox-231093-custom-snapback-keps-med-fem-paneler-och-sublimeringstryck\/\" \/>\n<meta property=\"og:locale\" content=\"sv_SE\" \/>\n<meta property=\"og:type\" content=\"article\" \/>\n<meta property=\"og:title\" content=\"Sumkcaps 231093 Custom Five Panel Sublimation Printing Snapback Cap - Sumkcaps\" \/>\n<meta property=\"og:description\" content=\"High Quality China Custom Headwear Manufacturer. Top Quality Products At Best Prices. Add Your Logo or Custom Design Online. Expert Service. Bulk Discount.\" \/>\n<meta property=\"og:url\" content=\"https:\/\/sumkcaps.com\/sv\/produkt\/sufox-231093-custom-snapback-keps-med-fem-paneler-och-sublimeringstryck\/\" \/>\n<meta property=\"og:site_name\" content=\"Sumkcaps-China Original Headwear Manufacturer and Suppliers\" \/>\n<meta property=\"article:publisher\" content=\"https:\/\/www.facebook.com\/sumkcap\" \/>\n<meta property=\"article:modified_time\" content=\"2026-03-03T06:24:33+00:00\" \/>\n<meta property=\"og:image\" content=\"https:\/\/sumkcaps.com\/wp-content\/uploads\/2022\/10\/5_panel_sublimation_printing_snapback_cap-1-1-scaled.jpg\" \/>\n\t<meta property=\"og:image:width\" content=\"2560\" \/>\n\t<meta property=\"og:image:height\" content=\"2560\" \/>\n\t<meta property=\"og:image:type\" content=\"image\/jpeg\" \/>\n<meta name=\"twitter:card\" content=\"summary_large_image\" \/>\n<meta name=\"twitter:label1\" content=\"Ber\u00e4knad l\u00e4stid\" \/>\n\t<meta name=\"twitter:data1\" content=\"2 minuter\" \/>\n<script type=\"application\/ld+json\" class=\"yoast-schema-graph\">{\"@context\":\"https:\/\/schema.org\",\"@graph\":[{\"@type\":\"WebPage\",\"@id\":\"https:\/\/sumkcaps.com\/product\/sufox-231093-custom-five-panel-sublimation-printing-snapback-cap\/\",\"url\":\"https:\/\/sumkcaps.com\/product\/sufox-231093-custom-five-panel-sublimation-printing-snapback-cap\/\",\"name\":\"Custom Sublimation Printing Snapback Cap | China Manufactuer\",\"isPartOf\":{\"@id\":\"https:\/\/sumkcaps.com\/#website\"},\"primaryImageOfPage\":{\"@id\":\"https:\/\/sumkcaps.com\/product\/sufox-231093-custom-five-panel-sublimation-printing-snapback-cap\/#primaryimage\"},\"image\":{\"@id\":\"https:\/\/sumkcaps.com\/product\/sufox-231093-custom-five-panel-sublimation-printing-snapback-cap\/#primaryimage\"},\"thumbnailUrl\":\"https:\/\/sumkcaps.com\/wp-content\/uploads\/2022\/10\/5_panel_sublimation_printing_snapback_cap-1-1-scaled.jpg\",\"datePublished\":\"2022-10-25T07:02:19+00:00\",\"dateModified\":\"2026-03-03T06:24:33+00:00\",\"description\":\"High Quality China Custom Headwear Manufacturer. Top Quality Products At Best Prices. Add Your Logo or Custom Design Online. Expert Service. Bulk Discount.\",\"breadcrumb\":{\"@id\":\"https:\/\/sumkcaps.com\/product\/sufox-231093-custom-five-panel-sublimation-printing-snapback-cap\/#breadcrumb\"},\"inLanguage\":\"sv-SE\",\"potentialAction\":[{\"@type\":\"ReadAction\",\"target\":[\"https:\/\/sumkcaps.com\/product\/sufox-231093-custom-five-panel-sublimation-printing-snapback-cap\/\"]}]},{\"@type\":\"ImageObject\",\"inLanguage\":\"sv-SE\",\"@id\":\"https:\/\/sumkcaps.com\/product\/sufox-231093-custom-five-panel-sublimation-printing-snapback-cap\/#primaryimage\",\"url\":\"https:\/\/sumkcaps.com\/wp-content\/uploads\/2022\/10\/5_panel_sublimation_printing_snapback_cap-1-1-scaled.jpg\",\"contentUrl\":\"https:\/\/sumkcaps.com\/wp-content\/uploads\/2022\/10\/5_panel_sublimation_printing_snapback_cap-1-1-scaled.jpg\",\"width\":2560,\"height\":2560},{\"@type\":\"BreadcrumbList\",\"@id\":\"https:\/\/sumkcaps.com\/product\/sufox-231093-custom-five-panel-sublimation-printing-snapback-cap\/#breadcrumb\",\"itemListElement\":[{\"@type\":\"ListItem\",\"position\":1,\"name\":\"Home\",\"item\":\"https:\/\/sumkcaps.com\/\"},{\"@type\":\"ListItem\",\"position\":2,\"name\":\"Products\",\"item\":\"https:\/\/sumkcaps.com\/product\/\"},{\"@type\":\"ListItem\",\"position\":3,\"name\":\"Sumkcaps 231093 Custom Five Panel Sublimation Printing Snapback Cap\"}]},{\"@type\":\"WebSite\",\"@id\":\"https:\/\/sumkcaps.com\/#website\",\"url\":\"https:\/\/sumkcaps.com\/\",\"name\":\"Sumkcaps-China Original Headwear Manufacturer and Suppliers\",\"description\":\"We are China Cap And Hat Original Factory, whose main business is to custom cap and hat as client&#039;s LOGO. Any cap style, any cap color, any qty, any material and qty is no problem. In one words, any small details can be customized as your request.\",\"publisher\":{\"@id\":\"https:\/\/sumkcaps.com\/#organization\"},\"potentialAction\":[{\"@type\":\"SearchAction\",\"target\":{\"@type\":\"EntryPoint\",\"urlTemplate\":\"https:\/\/sumkcaps.com\/?s={search_term_string}\"},\"query-input\":{\"@type\":\"PropertyValueSpecification\",\"valueRequired\":true,\"valueName\":\"search_term_string\"}}],\"inLanguage\":\"sv-SE\"},{\"@type\":\"Organization\",\"@id\":\"https:\/\/sumkcaps.com\/#organization\",\"name\":\"Sumkcaps-China Original Headwear Manufacturer and Suppliers\",\"url\":\"https:\/\/sumkcaps.com\/\",\"logo\":{\"@type\":\"ImageObject\",\"inLanguage\":\"sv-SE\",\"@id\":\"https:\/\/sumkcaps.com\/#\/schema\/logo\/image\/\",\"url\":\"https:\/\/sumkcaps.com\/wp-content\/uploads\/2025\/12\/1234.jpg\",\"contentUrl\":\"https:\/\/sumkcaps.com\/wp-content\/uploads\/2025\/12\/1234.jpg\",\"width\":800,\"height\":800,\"caption\":\"Sumkcaps-China Original Headwear Manufacturer and Suppliers\"},\"image\":{\"@id\":\"https:\/\/sumkcaps.com\/#\/schema\/logo\/image\/\"},\"sameAs\":[\"https:\/\/www.facebook.com\/sumkcap\",\"https:\/\/www.instagram.com\/sumkcaps7\/\",\"https:\/\/www.pinterest.com\/sumkcapschina\/\"]}]}<\/script>\n<!-- \/ Yoast SEO Premium plugin. -->","yoast_head_json":{"title":"Anpassat sublimeringstryck Snapback Cap | Kina Tillverkare","description":"H\u00f6gkvalitativ tillverkare av anpassade huvudbonader i Kina. Produkter av h\u00f6gsta kvalitet till b\u00e4sta priser. L\u00e4gg till din logotyp eller anpassad design online. Expert service. Bulk rabatt.","robots":{"index":"index","follow":"follow","max-snippet":"max-snippet:-1","max-image-preview":"max-image-preview:large","max-video-preview":"max-video-preview:-1"},"canonical":"https:\/\/sumkcaps.com\/sv\/produkt\/sufox-231093-custom-snapback-keps-med-fem-paneler-och-sublimeringstryck\/","og_locale":"sv_SE","og_type":"article","og_title":"Sumkcaps 231093 Custom Five Panel Sublimation Printing Snapback Cap - Sumkcaps","og_description":"High Quality China Custom Headwear Manufacturer. Top Quality Products At Best Prices. Add Your Logo or Custom Design Online. Expert Service. Bulk Discount.","og_url":"https:\/\/sumkcaps.com\/sv\/produkt\/sufox-231093-custom-snapback-keps-med-fem-paneler-och-sublimeringstryck\/","og_site_name":"Sumkcaps-China Original Headwear Manufacturer and Suppliers","article_publisher":"https:\/\/www.facebook.com\/sumkcap","article_modified_time":"2026-03-03T06:24:33+00:00","og_image":[{"width":2560,"height":2560,"url":"https:\/\/sumkcaps.com\/wp-content\/uploads\/2022\/10\/5_panel_sublimation_printing_snapback_cap-1-1-scaled.jpg","type":"image\/jpeg"}],"twitter_card":"summary_large_image","twitter_misc":{"Ber\u00e4knad l\u00e4stid":"2 minuter"},"schema":{"@context":"https:\/\/schema.org","@graph":[{"@type":"WebPage","@id":"https:\/\/sumkcaps.com\/product\/sufox-231093-custom-five-panel-sublimation-printing-snapback-cap\/","url":"https:\/\/sumkcaps.com\/product\/sufox-231093-custom-five-panel-sublimation-printing-snapback-cap\/","name":"Anpassat sublimeringstryck Snapback Cap | Kina Tillverkare","isPartOf":{"@id":"https:\/\/sumkcaps.com\/#website"},"primaryImageOfPage":{"@id":"https:\/\/sumkcaps.com\/product\/sufox-231093-custom-five-panel-sublimation-printing-snapback-cap\/#primaryimage"},"image":{"@id":"https:\/\/sumkcaps.com\/product\/sufox-231093-custom-five-panel-sublimation-printing-snapback-cap\/#primaryimage"},"thumbnailUrl":"https:\/\/sumkcaps.com\/wp-content\/uploads\/2022\/10\/5_panel_sublimation_printing_snapback_cap-1-1-scaled.jpg","datePublished":"2022-10-25T07:02:19+00:00","dateModified":"2026-03-03T06:24:33+00:00","description":"H\u00f6gkvalitativ tillverkare av anpassade huvudbonader i Kina. Produkter av h\u00f6gsta kvalitet till b\u00e4sta priser. L\u00e4gg till din logotyp eller anpassad design online. Expert service. Bulk rabatt.","breadcrumb":{"@id":"https:\/\/sumkcaps.com\/product\/sufox-231093-custom-five-panel-sublimation-printing-snapback-cap\/#breadcrumb"},"inLanguage":"sv-SE","potentialAction":[{"@type":"ReadAction","target":["https:\/\/sumkcaps.com\/product\/sufox-231093-custom-five-panel-sublimation-printing-snapback-cap\/"]}]},{"@type":"ImageObject","inLanguage":"sv-SE","@id":"https:\/\/sumkcaps.com\/product\/sufox-231093-custom-five-panel-sublimation-printing-snapback-cap\/#primaryimage","url":"https:\/\/sumkcaps.com\/wp-content\/uploads\/2022\/10\/5_panel_sublimation_printing_snapback_cap-1-1-scaled.jpg","contentUrl":"https:\/\/sumkcaps.com\/wp-content\/uploads\/2022\/10\/5_panel_sublimation_printing_snapback_cap-1-1-scaled.jpg","width":2560,"height":2560},{"@type":"BreadcrumbList","@id":"https:\/\/sumkcaps.com\/product\/sufox-231093-custom-five-panel-sublimation-printing-snapback-cap\/#breadcrumb","itemListElement":[{"@type":"ListItem","position":1,"name":"Home","item":"https:\/\/sumkcaps.com\/"},{"@type":"ListItem","position":2,"name":"Products","item":"https:\/\/sumkcaps.com\/product\/"},{"@type":"ListItem","position":3,"name":"Sumkcaps 231093 Custom Five Panel Sublimation Printing Snapback Cap"}]},{"@type":"WebSite","@id":"https:\/\/sumkcaps.com\/#website","url":"https:\/\/sumkcaps.com\/","name":"Sumkcaps - tillverkare och leverant\u00f6rer av originalhuvudbonader i Kina","description":"Vi \u00e4r China Cap And Hat Original Factory, vars huvudsakliga verksamhet \u00e4r att anpassa m\u00f6ssa och hatt som klient &amp; #03939; s LOGO. Vilken keps som helst, vilken kepsf\u00e4rg som helst, vilket antal som helst, vilket material som helst och antal \u00e4r inget problem. Med ett ord kan alla sm\u00e5 detaljer anpassas efter din beg\u00e4ran.","publisher":{"@id":"https:\/\/sumkcaps.com\/#organization"},"potentialAction":[{"@type":"SearchAction","target":{"@type":"EntryPoint","urlTemplate":"https:\/\/sumkcaps.com\/?s={search_term_string}"},"query-input":{"@type":"PropertyValueSpecification","valueRequired":true,"valueName":"search_term_string"}}],"inLanguage":"sv-SE"},{"@type":"Organization","@id":"https:\/\/sumkcaps.com\/#organization","name":"Sumkcaps - tillverkare och leverant\u00f6rer av originalhuvudbonader i Kina","url":"https:\/\/sumkcaps.com\/","logo":{"@type":"ImageObject","inLanguage":"sv-SE","@id":"https:\/\/sumkcaps.com\/#\/schema\/logo\/image\/","url":"https:\/\/sumkcaps.com\/wp-content\/uploads\/2025\/12\/1234.jpg","contentUrl":"https:\/\/sumkcaps.com\/wp-content\/uploads\/2025\/12\/1234.jpg","width":800,"height":800,"caption":"Sumkcaps-China Original Headwear Manufacturer and Suppliers"},"image":{"@id":"https:\/\/sumkcaps.com\/#\/schema\/logo\/image\/"},"sameAs":["https:\/\/www.facebook.com\/sumkcap","https:\/\/www.instagram.com\/sumkcaps7\/","https:\/\/www.pinterest.com\/sumkcapschina\/"]}]}},"taxonomy_info":{"product_cat":[{"value":42,"label":"Snapback Hats Wholesale"}]},"featured_image_src_large":["https:\/\/sumkcaps.com\/wp-content\/uploads\/2022\/10\/5_panel_sublimation_printing_snapback_cap-1-1-1024x1024.jpg",800,800,true],"author_info":[],"comment_info":"","_links":{"self":[{"href":"https:\/\/sumkcaps.com\/sv\/wp-json\/wp\/v2\/product\/17782","targetHints":{"allow":["GET"]}}],"collection":[{"href":"https:\/\/sumkcaps.com\/sv\/wp-json\/wp\/v2\/product"}],"about":[{"href":"https:\/\/sumkcaps.com\/sv\/wp-json\/wp\/v2\/types\/product"}],"wp:featuredmedia":[{"embeddable":true,"href":"https:\/\/sumkcaps.com\/sv\/wp-json\/wp\/v2\/media\/17783"}],"wp:attachment":[{"href":"https:\/\/sumkcaps.com\/sv\/wp-json\/wp\/v2\/media?parent=17782"}],"wp:term":[{"taxonomy":"product_brand","embeddable":true,"href":"https:\/\/sumkcaps.com\/sv\/wp-json\/wp\/v2\/product_brand?post=17782"},{"taxonomy":"product_cat","embeddable":true,"href":"https:\/\/sumkcaps.com\/sv\/wp-json\/wp\/v2\/product_cat?post=17782"},{"taxonomy":"product_tag","embeddable":true,"href":"https:\/\/sumkcaps.com\/sv\/wp-json\/wp\/v2\/product_tag?post=17782"}],"curies":[{"name":"wp","href":"https:\/\/api.w.org\/{rel}","templated":true}]}}