{"id":17713,"date":"2022-10-25T10:45:36","date_gmt":"2022-10-25T02:45:36","guid":{"rendered":"https:\/\/sumkcaps.com\/?post_type=product&#038;p=17713"},"modified":"2024-03-27T16:34:09","modified_gmt":"2024-03-27T08:34:09","slug":"sufox-231084-custom-six-panel-3d-embroidery-fitted-snapback-cap","status":"publish","type":"product","link":"https:\/\/sumkcaps.com\/sv\/produkt\/sufox-231084-custom-sex-paneler-3d-broderi-monterad-snapback-keps\/","title":{"rendered":"Sumkcaps 231084 Custom Six Panel 3D Broderi Fitted Snapback keps med sex paneler"},"content":{"rendered":"","protected":false},"excerpt":{"rendered":"<p>Sumkcaps 231084 Custom Six Panel 3D Broderi Fitted Snapback Cap \u00e4r en av popul\u00e4ra kepsar, l\u00e4tt vikt och andas bra. V\u00e5ra Snapbacks kommer i en m\u00e4ngd olika stilar och f\u00e4rger fr\u00e5n alla de b\u00e4sta varum\u00e4rkena.<\/p>","protected":false},"featured_media":17714,"template":"","meta":{"_acf_changed":false,"_kad_blocks_custom_css":"","_kad_blocks_head_custom_js":"","_kad_blocks_body_custom_js":"","_kad_blocks_footer_custom_js":""},"product_brand":[],"product_cat":[42],"product_tag":[],"class_list":{"0":"post-17713","1":"product","2":"type-product","3":"status-publish","4":"has-post-thumbnail","6":"product_cat-snapback-cap","8":"first","9":"outofstock","10":"shipping-taxable","11":"product-type-simple"},"acf":[],"yoast_head":"<!-- This site is optimized with the Yoast SEO Premium plugin v20.8 (Yoast SEO v25.9) - https:\/\/yoast.com\/wordpress\/plugins\/seo\/ -->\n<title>Custom 3D Embroidery Fitted Snapback Cap | China Manufactuer<\/title>\n<meta name=\"description\" content=\"More Than 10 Years Of Experience In The Headwear Industry. Cap Manufacturers.100% Satisfaction Guarantee .Top Quality Products At Best Prices. Order Today!\" \/>\n<meta name=\"robots\" content=\"index, follow, max-snippet:-1, max-image-preview:large, max-video-preview:-1\" \/>\n<link rel=\"canonical\" href=\"https:\/\/sumkcaps.com\/sv\/produkt\/sufox-231084-custom-sex-paneler-3d-broderi-monterad-snapback-keps\/\" \/>\n<meta property=\"og:locale\" content=\"sv_SE\" \/>\n<meta property=\"og:type\" content=\"article\" \/>\n<meta property=\"og:title\" content=\"Sumkcaps 231084 Custom Six Panel 3D Embroidery Fitted Snapback Cap - Sumkcaps\" \/>\n<meta property=\"og:description\" content=\"More Than 10 Years Of Experience In The Headwear Industry. Cap Manufacturers.100% Satisfaction Guarantee .Top Quality Products At Best Prices. Order Today!\" \/>\n<meta property=\"og:url\" content=\"https:\/\/sumkcaps.com\/sv\/produkt\/sufox-231084-custom-sex-paneler-3d-broderi-monterad-snapback-keps\/\" \/>\n<meta property=\"og:site_name\" content=\"Sumkcaps-China Original Headwear Manufacturer and Suppliers\" \/>\n<meta property=\"article:publisher\" content=\"https:\/\/www.facebook.com\/sumkcap\" \/>\n<meta property=\"article:modified_time\" content=\"2024-03-27T08:34:09+00:00\" \/>\n<meta property=\"og:image\" content=\"https:\/\/sumkcaps.com\/wp-content\/uploads\/2022\/10\/6_panel_3d_embroidery_fitted_snapback_cap-1-1.jpg\" \/>\n\t<meta property=\"og:image:width\" content=\"1080\" \/>\n\t<meta property=\"og:image:height\" content=\"1080\" \/>\n\t<meta property=\"og:image:type\" content=\"image\/jpeg\" \/>\n<meta name=\"twitter:card\" content=\"summary_large_image\" \/>\n<script type=\"application\/ld+json\" class=\"yoast-schema-graph\">{\"@context\":\"https:\/\/schema.org\",\"@graph\":[{\"@type\":\"WebPage\",\"@id\":\"https:\/\/sumkcaps.com\/product\/sufox-231084-custom-six-panel-3d-embroidery-fitted-snapback-cap\/\",\"url\":\"https:\/\/sumkcaps.com\/product\/sufox-231084-custom-six-panel-3d-embroidery-fitted-snapback-cap\/\",\"name\":\"Custom 3D Embroidery Fitted Snapback Cap | China Manufactuer\",\"isPartOf\":{\"@id\":\"https:\/\/sumkcaps.com\/#website\"},\"primaryImageOfPage\":{\"@id\":\"https:\/\/sumkcaps.com\/product\/sufox-231084-custom-six-panel-3d-embroidery-fitted-snapback-cap\/#primaryimage\"},\"image\":{\"@id\":\"https:\/\/sumkcaps.com\/product\/sufox-231084-custom-six-panel-3d-embroidery-fitted-snapback-cap\/#primaryimage\"},\"thumbnailUrl\":\"https:\/\/sumkcaps.com\/wp-content\/uploads\/2022\/10\/6_panel_3d_embroidery_fitted_snapback_cap-1-1.jpg\",\"datePublished\":\"2022-10-25T02:45:36+00:00\",\"dateModified\":\"2024-03-27T08:34:09+00:00\",\"description\":\"More Than 10 Years Of Experience In The Headwear Industry. Cap Manufacturers.100% Satisfaction Guarantee .Top Quality Products At Best Prices. Order Today!\",\"breadcrumb\":{\"@id\":\"https:\/\/sumkcaps.com\/product\/sufox-231084-custom-six-panel-3d-embroidery-fitted-snapback-cap\/#breadcrumb\"},\"inLanguage\":\"sv-SE\",\"potentialAction\":[{\"@type\":\"ReadAction\",\"target\":[\"https:\/\/sumkcaps.com\/product\/sufox-231084-custom-six-panel-3d-embroidery-fitted-snapback-cap\/\"]}]},{\"@type\":\"ImageObject\",\"inLanguage\":\"sv-SE\",\"@id\":\"https:\/\/sumkcaps.com\/product\/sufox-231084-custom-six-panel-3d-embroidery-fitted-snapback-cap\/#primaryimage\",\"url\":\"https:\/\/sumkcaps.com\/wp-content\/uploads\/2022\/10\/6_panel_3d_embroidery_fitted_snapback_cap-1-1.jpg\",\"contentUrl\":\"https:\/\/sumkcaps.com\/wp-content\/uploads\/2022\/10\/6_panel_3d_embroidery_fitted_snapback_cap-1-1.jpg\",\"width\":1080,\"height\":1080},{\"@type\":\"BreadcrumbList\",\"@id\":\"https:\/\/sumkcaps.com\/product\/sufox-231084-custom-six-panel-3d-embroidery-fitted-snapback-cap\/#breadcrumb\",\"itemListElement\":[{\"@type\":\"ListItem\",\"position\":1,\"name\":\"Home\",\"item\":\"https:\/\/sumkcaps.com\/\"},{\"@type\":\"ListItem\",\"position\":2,\"name\":\"Products\",\"item\":\"https:\/\/sumkcaps.com\/product\/\"},{\"@type\":\"ListItem\",\"position\":3,\"name\":\"Sufox 231084 Custom Six Panel 3D Embroidery Fitted Snapback Cap\"}]},{\"@type\":\"WebSite\",\"@id\":\"https:\/\/sumkcaps.com\/#website\",\"url\":\"https:\/\/sumkcaps.com\/\",\"name\":\"Sumkcaps-China Original Headwear Manufacturer and Suppliers\",\"description\":\"We are China Cap And Hat Original Factory, whose main business is to custom cap and hat as client&#039;s LOGO. Any cap style, any cap color, any qty, any material and qty is no problem. In one words, any small details can be customized as your request.\",\"publisher\":{\"@id\":\"https:\/\/sumkcaps.com\/#organization\"},\"potentialAction\":[{\"@type\":\"SearchAction\",\"target\":{\"@type\":\"EntryPoint\",\"urlTemplate\":\"https:\/\/sumkcaps.com\/?s={search_term_string}\"},\"query-input\":{\"@type\":\"PropertyValueSpecification\",\"valueRequired\":true,\"valueName\":\"search_term_string\"}}],\"inLanguage\":\"sv-SE\"},{\"@type\":\"Organization\",\"@id\":\"https:\/\/sumkcaps.com\/#organization\",\"name\":\"Sumkcaps-China Original Headwear Manufacturer and Suppliers\",\"url\":\"https:\/\/sumkcaps.com\/\",\"logo\":{\"@type\":\"ImageObject\",\"inLanguage\":\"sv-SE\",\"@id\":\"https:\/\/sumkcaps.com\/#\/schema\/logo\/image\/\",\"url\":\"https:\/\/sumkcaps.com\/wp-content\/uploads\/2025\/12\/1234.jpg\",\"contentUrl\":\"https:\/\/sumkcaps.com\/wp-content\/uploads\/2025\/12\/1234.jpg\",\"width\":800,\"height\":800,\"caption\":\"Sumkcaps-China Original Headwear Manufacturer and Suppliers\"},\"image\":{\"@id\":\"https:\/\/sumkcaps.com\/#\/schema\/logo\/image\/\"},\"sameAs\":[\"https:\/\/www.facebook.com\/sumkcap\",\"https:\/\/www.instagram.com\/sumkcaps7\/\",\"https:\/\/www.pinterest.com\/sumkcapschina\/\"]}]}<\/script>\n<!-- \/ Yoast SEO Premium plugin. -->","yoast_head_json":{"title":"Anpassad 3D-brodyr monterad Snapback-keps | Kina Tillverkare","description":"Mer \u00e4n 10 \u00e5rs erfarenhet inom huvudkl\u00e4desindustrin. Cap Manufacturers.100% N\u00f6jdhetsgaranti .produkter av h\u00f6gsta kvalitet till b\u00e4sta priser. Best\u00e4ll idag!","robots":{"index":"index","follow":"follow","max-snippet":"max-snippet:-1","max-image-preview":"max-image-preview:large","max-video-preview":"max-video-preview:-1"},"canonical":"https:\/\/sumkcaps.com\/sv\/produkt\/sufox-231084-custom-sex-paneler-3d-broderi-monterad-snapback-keps\/","og_locale":"sv_SE","og_type":"article","og_title":"Sumkcaps 231084 Custom Six Panel 3D Embroidery Fitted Snapback Cap - Sumkcaps","og_description":"More Than 10 Years Of Experience In The Headwear Industry. Cap Manufacturers.100% Satisfaction Guarantee .Top Quality Products At Best Prices. Order Today!","og_url":"https:\/\/sumkcaps.com\/sv\/produkt\/sufox-231084-custom-sex-paneler-3d-broderi-monterad-snapback-keps\/","og_site_name":"Sumkcaps-China Original Headwear Manufacturer and Suppliers","article_publisher":"https:\/\/www.facebook.com\/sumkcap","article_modified_time":"2024-03-27T08:34:09+00:00","og_image":[{"width":1080,"height":1080,"url":"https:\/\/sumkcaps.com\/wp-content\/uploads\/2022\/10\/6_panel_3d_embroidery_fitted_snapback_cap-1-1.jpg","type":"image\/jpeg"}],"twitter_card":"summary_large_image","schema":{"@context":"https:\/\/schema.org","@graph":[{"@type":"WebPage","@id":"https:\/\/sumkcaps.com\/product\/sufox-231084-custom-six-panel-3d-embroidery-fitted-snapback-cap\/","url":"https:\/\/sumkcaps.com\/product\/sufox-231084-custom-six-panel-3d-embroidery-fitted-snapback-cap\/","name":"Anpassad 3D-brodyr monterad Snapback-keps | Kina Tillverkare","isPartOf":{"@id":"https:\/\/sumkcaps.com\/#website"},"primaryImageOfPage":{"@id":"https:\/\/sumkcaps.com\/product\/sufox-231084-custom-six-panel-3d-embroidery-fitted-snapback-cap\/#primaryimage"},"image":{"@id":"https:\/\/sumkcaps.com\/product\/sufox-231084-custom-six-panel-3d-embroidery-fitted-snapback-cap\/#primaryimage"},"thumbnailUrl":"https:\/\/sumkcaps.com\/wp-content\/uploads\/2022\/10\/6_panel_3d_embroidery_fitted_snapback_cap-1-1.jpg","datePublished":"2022-10-25T02:45:36+00:00","dateModified":"2024-03-27T08:34:09+00:00","description":"Mer \u00e4n 10 \u00e5rs erfarenhet inom huvudkl\u00e4desindustrin. Cap Manufacturers.100% N\u00f6jdhetsgaranti .produkter av h\u00f6gsta kvalitet till b\u00e4sta priser. Best\u00e4ll idag!","breadcrumb":{"@id":"https:\/\/sumkcaps.com\/product\/sufox-231084-custom-six-panel-3d-embroidery-fitted-snapback-cap\/#breadcrumb"},"inLanguage":"sv-SE","potentialAction":[{"@type":"ReadAction","target":["https:\/\/sumkcaps.com\/product\/sufox-231084-custom-six-panel-3d-embroidery-fitted-snapback-cap\/"]}]},{"@type":"ImageObject","inLanguage":"sv-SE","@id":"https:\/\/sumkcaps.com\/product\/sufox-231084-custom-six-panel-3d-embroidery-fitted-snapback-cap\/#primaryimage","url":"https:\/\/sumkcaps.com\/wp-content\/uploads\/2022\/10\/6_panel_3d_embroidery_fitted_snapback_cap-1-1.jpg","contentUrl":"https:\/\/sumkcaps.com\/wp-content\/uploads\/2022\/10\/6_panel_3d_embroidery_fitted_snapback_cap-1-1.jpg","width":1080,"height":1080},{"@type":"BreadcrumbList","@id":"https:\/\/sumkcaps.com\/product\/sufox-231084-custom-six-panel-3d-embroidery-fitted-snapback-cap\/#breadcrumb","itemListElement":[{"@type":"ListItem","position":1,"name":"Home","item":"https:\/\/sumkcaps.com\/"},{"@type":"ListItem","position":2,"name":"Products","item":"https:\/\/sumkcaps.com\/product\/"},{"@type":"ListItem","position":3,"name":"Sufox 231084 Custom Six Panel 3D Embroidery Fitted Snapback Cap"}]},{"@type":"WebSite","@id":"https:\/\/sumkcaps.com\/#website","url":"https:\/\/sumkcaps.com\/","name":"Sumkcaps - tillverkare och leverant\u00f6rer av originalhuvudbonader i Kina","description":"Vi \u00e4r China Cap And Hat Original Factory, vars huvudsakliga verksamhet \u00e4r att anpassa m\u00f6ssa och hatt som klient &amp; #03939; s LOGO. Vilken keps som helst, vilken kepsf\u00e4rg som helst, vilket antal som helst, vilket material som helst och antal \u00e4r inget problem. Med ett ord kan alla sm\u00e5 detaljer anpassas efter din beg\u00e4ran.","publisher":{"@id":"https:\/\/sumkcaps.com\/#organization"},"potentialAction":[{"@type":"SearchAction","target":{"@type":"EntryPoint","urlTemplate":"https:\/\/sumkcaps.com\/?s={search_term_string}"},"query-input":{"@type":"PropertyValueSpecification","valueRequired":true,"valueName":"search_term_string"}}],"inLanguage":"sv-SE"},{"@type":"Organization","@id":"https:\/\/sumkcaps.com\/#organization","name":"Sumkcaps - tillverkare och leverant\u00f6rer av originalhuvudbonader i Kina","url":"https:\/\/sumkcaps.com\/","logo":{"@type":"ImageObject","inLanguage":"sv-SE","@id":"https:\/\/sumkcaps.com\/#\/schema\/logo\/image\/","url":"https:\/\/sumkcaps.com\/wp-content\/uploads\/2025\/12\/1234.jpg","contentUrl":"https:\/\/sumkcaps.com\/wp-content\/uploads\/2025\/12\/1234.jpg","width":800,"height":800,"caption":"Sumkcaps-China Original Headwear Manufacturer and Suppliers"},"image":{"@id":"https:\/\/sumkcaps.com\/#\/schema\/logo\/image\/"},"sameAs":["https:\/\/www.facebook.com\/sumkcap","https:\/\/www.instagram.com\/sumkcaps7\/","https:\/\/www.pinterest.com\/sumkcapschina\/"]}]}},"taxonomy_info":{"product_cat":[{"value":42,"label":"Snapback Hats Wholesale"}]},"featured_image_src_large":["https:\/\/sumkcaps.com\/wp-content\/uploads\/2022\/10\/6_panel_3d_embroidery_fitted_snapback_cap-1-1-1024x1024.jpg",800,800,true],"author_info":[],"comment_info":"","_links":{"self":[{"href":"https:\/\/sumkcaps.com\/sv\/wp-json\/wp\/v2\/product\/17713","targetHints":{"allow":["GET"]}}],"collection":[{"href":"https:\/\/sumkcaps.com\/sv\/wp-json\/wp\/v2\/product"}],"about":[{"href":"https:\/\/sumkcaps.com\/sv\/wp-json\/wp\/v2\/types\/product"}],"wp:featuredmedia":[{"embeddable":true,"href":"https:\/\/sumkcaps.com\/sv\/wp-json\/wp\/v2\/media\/17714"}],"wp:attachment":[{"href":"https:\/\/sumkcaps.com\/sv\/wp-json\/wp\/v2\/media?parent=17713"}],"wp:term":[{"taxonomy":"product_brand","embeddable":true,"href":"https:\/\/sumkcaps.com\/sv\/wp-json\/wp\/v2\/product_brand?post=17713"},{"taxonomy":"product_cat","embeddable":true,"href":"https:\/\/sumkcaps.com\/sv\/wp-json\/wp\/v2\/product_cat?post=17713"},{"taxonomy":"product_tag","embeddable":true,"href":"https:\/\/sumkcaps.com\/sv\/wp-json\/wp\/v2\/product_tag?post=17713"}],"curies":[{"name":"wp","href":"https:\/\/api.w.org\/{rel}","templated":true}]}}