{"id":17684,"date":"2022-10-25T10:24:51","date_gmt":"2022-10-25T02:24:51","guid":{"rendered":"https:\/\/sumkcaps.com\/?post_type=product&#038;p=17684"},"modified":"2026-03-04T14:32:20","modified_gmt":"2026-03-04T06:32:20","slug":"sufox-231080-custom-six-panel-flat-embroidery-snapback-cap","status":"publish","type":"product","link":"https:\/\/sumkcaps.com\/sv\/produkt\/sufox-231080-custom-six-panel-snapback-keps-med-platt-broderi\/","title":{"rendered":"Sumkcaps 231080 Custom Snapback-keps med sex paneler och platt broderi"},"content":{"rendered":"<div class=\"flex flex-col text-sm\">\n<article class=\"text-token-text-primary w-full focus:outline-none [--shadow-height:45px] has-data-writing-block:pointer-events-none has-data-writing-block:-mt-(--shadow-height) has-data-writing-block:pt-(--shadow-height) [&amp;:has([data-writing-block])&gt;*]:pointer-events-auto scroll-mt-[calc(var(--header-height)+min(200px,max(70px,20svh)))]\" dir=\"auto\" tabindex=\"-1\" data-turn-id=\"request-69a533f8-b908-8320-af5c-a60756ee5572-8\" data-testid=\"conversation-turn-40\" data-scroll-anchor=\"true\" data-turn=\"assistant\">\n<div class=\"text-base my-auto mx-auto pb-10 [--thread-content-margin:--spacing(4)] @w-sm\/main:[--thread-content-margin:--spacing(6)] @w-lg\/main:[--thread-content-margin:--spacing(16)] px-(--thread-content-margin)\">\n<div class=\"[--thread-content-max-width:40rem] @w-lg\/main:[--thread-content-max-width:48rem] mx-auto max-w-(--thread-content-max-width) flex-1 group\/turn-messages focus-visible:outline-hidden relative flex w-full min-w-0 flex-col agent-turn\" tabindex=\"-1\">\n<div class=\"flex max-w-full flex-col grow\">\n<div class=\"min-h-8 text-message relative flex w-full flex-col items-end gap-2 text-start break-words whitespace-normal [.text-message+&amp;]:mt-1\" dir=\"auto\" data-message-author-role=\"assistant\" data-message-id=\"d6e33bb2-5e69-47bc-ab34-ffc575b46f97\" data-message-model-slug=\"gpt-5-2\">\n<div class=\"flex w-full flex-col gap-1 empty:hidden first:pt-[1px]\">\n<div class=\"markdown prose dark:prose-invert w-full wrap-break-word light markdown-new-styling\">\n<h3 data-start=\"71\" data-end=\"413\"><strong data-start=\"71\" data-end=\"103\">Dekoration<\/strong><\/h3>\n<p data-start=\"71\" data-end=\"413\">Denna snapback-keps med sex paneler har ett exakt platt broderi som ger en ren och f\u00f6rfinad logotypfinish. Stygnen ligger mjukt p\u00e5 tygets yta, vilket ger skarpa detaljer och en professionell presentation. Plattbroderi \u00e4r perfekt f\u00f6r komplicerade logotyper och textm\u00f6nster som kr\u00e4ver tydlighet och h\u00e5llbarhet.<\/p>\n<h3 data-start=\"415\" data-end=\"711\"><strong data-start=\"415\" data-end=\"442\">Material<\/strong><\/h3>\n<p data-start=\"415\" data-end=\"711\">Den h\u00e4r kepsen \u00e4r tillverkad av akryltyget 100% och har en utm\u00e4rkt struktur och l\u00e5ng h\u00e5llbarhet. Materialet beh\u00e5ller sin form samtidigt som det \u00e4r l\u00e4tt och bekv\u00e4mt. Det \u00e4r motst\u00e5ndskraftigt mot rynkor och blekning och ger en stabil bas f\u00f6r h\u00f6gkvalitativa broderier.<\/p>\n<h3 data-start=\"713\" data-end=\"996\"><strong data-start=\"713\" data-end=\"735\">F\u00e4rg<\/strong><\/h3>\n<p data-start=\"713\" data-end=\"996\">Fullt anpassningsbara f\u00e4rgalternativ g\u00f6r att du kan matcha din varum\u00e4rkesidentitet eller ditt kampanjtema. Fr\u00e5n subtila klassiska toner till dj\u00e4rva statementf\u00e4rger kan kepsen tillverkas enligt dina specifikationer, vilket bidrar till att skapa en distinkt och marknadsklar produkt.<\/p>\n<h3 data-start=\"998\" data-end=\"1245\"><strong data-start=\"998\" data-end=\"1031\">Passform och storlek<\/strong><\/h3>\n<p data-start=\"998\" data-end=\"1245\">Den h\u00e4r kepsen har en justerbar snapback-st\u00e4ngning och passar de flesta huvudstorlekar bekv\u00e4mt. OSFM-intervallet (7 - 7 3\/4) ger en flexibel justering och en s\u00e4ker passform, l\u00e4mplig f\u00f6r vardagsbruk eller utomhusaktiviteter.<\/p>\n<h3 data-start=\"1247\" data-end=\"1503\"><strong data-start=\"1247\" data-end=\"1268\">Visir<\/strong><\/h3>\n<p data-start=\"1247\" data-end=\"1503\">Det platta visiret ger ett modernt och strukturerat utseende samtidigt som det \u00e4r h\u00e5llbart. Det kompletterar den rena broderidesignen och ger ett effektivt solskydd, vilket g\u00f6r det perfekt f\u00f6r streetwear- och sportinspirerade stilar.<\/p>\n<h3 data-start=\"1505\" data-end=\"1756\"><strong data-start=\"1505\" data-end=\"1528\">Service<\/strong><\/h3>\n<p data-start=\"1505\" data-end=\"1756\">Professionella OEM- och ODM-tj\u00e4nster finns tillg\u00e4ngliga f\u00f6r att st\u00f6dja fullst\u00e4ndig anpassning. Fr\u00e5n brodyrplacering och varum\u00e4rkesdetaljer till f\u00f6rpackningsl\u00f6sningar kan varje aspekt skr\u00e4ddarsys efter dina behov med konsekvent kvalitetskontroll.<\/p>\n<h3 data-start=\"1758\" data-end=\"2010\"><strong data-start=\"1758\" data-end=\"1795\">Genomf\u00f6randetid<\/strong><\/h3>\n<p data-start=\"1758\" data-end=\"2010\" data-is-last-node=\"\" data-is-only-node=\"\">Provproduktion tar normalt 7-9 arbetsdagar f\u00f6r snabbt godk\u00e4nnande. Bulkproduktion kr\u00e4ver cirka 18-22 arbetsdagar. Effektiv produktionsplanering s\u00e4kerst\u00e4ller tillf\u00f6rlitlig leverans i r\u00e4tt tid f\u00f6r alla best\u00e4llningar.<\/p>\n<\/div>\n<\/div>\n<\/div>\n<\/div>\n<div class=\"z-0 flex min-h-[46px] justify-start\"><\/div>\n<div class=\"mt-3 w-full empty:hidden\">\n<div class=\"text-center\"><\/div>\n<\/div>\n<\/div>\n<\/div>\n<\/article>\n<\/div>\n<div class=\"pointer-events-none h-px w-px absolute bottom-0\" aria-hidden=\"true\" data-edge=\"true\"><\/div>","protected":false},"excerpt":{"rendered":"<p>Sumkcaps 231080 Custom Six Panel Flat Embroidery Snapback Cap \u00e4r en av popul\u00e4ra Cap Style, l\u00e4tt vikt och andas v\u00e4l. V\u00e5ra Snapbacks kommer i en m\u00e4ngd olika stilar och f\u00e4rger fr\u00e5n alla de b\u00e4sta varum\u00e4rkena.<\/p>","protected":false},"featured_media":17685,"template":"","meta":{"_acf_changed":false,"_kad_blocks_custom_css":"","_kad_blocks_head_custom_js":"","_kad_blocks_body_custom_js":"","_kad_blocks_footer_custom_js":""},"product_brand":[],"product_cat":[42],"product_tag":[],"class_list":{"0":"post-17684","1":"product","2":"type-product","3":"status-publish","4":"has-post-thumbnail","6":"product_cat-snapback-cap","8":"first","9":"outofstock","10":"shipping-taxable","11":"product-type-simple"},"acf":[],"yoast_head":"<!-- This site is optimized with the Yoast SEO Premium plugin v20.8 (Yoast SEO v25.9) - https:\/\/yoast.com\/wordpress\/plugins\/seo\/ -->\n<title>Custom 6 Panel Embroidery Snapback Cap | China Manufactuer<\/title>\n<meta name=\"description\" content=\"High Quality China Custom Headwear Manufacturer. Top Quality Products At Best Prices. Add Your Logo or Custom Design Online. Expert Service. Bulk Discount.\" \/>\n<meta name=\"robots\" content=\"index, follow, max-snippet:-1, max-image-preview:large, max-video-preview:-1\" \/>\n<link rel=\"canonical\" href=\"https:\/\/sumkcaps.com\/sv\/produkt\/sufox-231080-custom-six-panel-snapback-keps-med-platt-broderi\/\" \/>\n<meta property=\"og:locale\" content=\"sv_SE\" \/>\n<meta property=\"og:type\" content=\"article\" \/>\n<meta property=\"og:title\" content=\"Sumkcaps 231080 Custom Six Panel Flat Embroidery Snapback Cap - Sumkcaps\" \/>\n<meta property=\"og:description\" content=\"High Quality China Custom Headwear Manufacturer. Top Quality Products At Best Prices. Add Your Logo or Custom Design Online. Expert Service. Bulk Discount.\" \/>\n<meta property=\"og:url\" content=\"https:\/\/sumkcaps.com\/sv\/produkt\/sufox-231080-custom-six-panel-snapback-keps-med-platt-broderi\/\" \/>\n<meta property=\"og:site_name\" content=\"Sumkcaps-China Original Headwear Manufacturer and Suppliers\" \/>\n<meta property=\"article:publisher\" content=\"https:\/\/www.facebook.com\/sumkcap\" \/>\n<meta property=\"article:modified_time\" content=\"2026-03-04T06:32:20+00:00\" \/>\n<meta property=\"og:image\" content=\"https:\/\/sumkcaps.com\/wp-content\/uploads\/2022\/10\/6_panel_flat_embroidery_snapback_cap-1-scaled.jpg\" \/>\n\t<meta property=\"og:image:width\" content=\"2560\" \/>\n\t<meta property=\"og:image:height\" content=\"2560\" \/>\n\t<meta property=\"og:image:type\" content=\"image\/jpeg\" \/>\n<meta name=\"twitter:card\" content=\"summary_large_image\" \/>\n<meta name=\"twitter:label1\" content=\"Ber\u00e4knad l\u00e4stid\" \/>\n\t<meta name=\"twitter:data1\" content=\"2 minuter\" \/>\n<script type=\"application\/ld+json\" class=\"yoast-schema-graph\">{\"@context\":\"https:\/\/schema.org\",\"@graph\":[{\"@type\":\"WebPage\",\"@id\":\"https:\/\/sumkcaps.com\/product\/sufox-231080-custom-six-panel-flat-embroidery-snapback-cap\/\",\"url\":\"https:\/\/sumkcaps.com\/product\/sufox-231080-custom-six-panel-flat-embroidery-snapback-cap\/\",\"name\":\"Custom 6 Panel Embroidery Snapback Cap | China Manufactuer\",\"isPartOf\":{\"@id\":\"https:\/\/sumkcaps.com\/#website\"},\"primaryImageOfPage\":{\"@id\":\"https:\/\/sumkcaps.com\/product\/sufox-231080-custom-six-panel-flat-embroidery-snapback-cap\/#primaryimage\"},\"image\":{\"@id\":\"https:\/\/sumkcaps.com\/product\/sufox-231080-custom-six-panel-flat-embroidery-snapback-cap\/#primaryimage\"},\"thumbnailUrl\":\"https:\/\/sumkcaps.com\/wp-content\/uploads\/2022\/10\/6_panel_flat_embroidery_snapback_cap-1-scaled.jpg\",\"datePublished\":\"2022-10-25T02:24:51+00:00\",\"dateModified\":\"2026-03-04T06:32:20+00:00\",\"description\":\"High Quality China Custom Headwear Manufacturer. Top Quality Products At Best Prices. Add Your Logo or Custom Design Online. Expert Service. Bulk Discount.\",\"breadcrumb\":{\"@id\":\"https:\/\/sumkcaps.com\/product\/sufox-231080-custom-six-panel-flat-embroidery-snapback-cap\/#breadcrumb\"},\"inLanguage\":\"sv-SE\",\"potentialAction\":[{\"@type\":\"ReadAction\",\"target\":[\"https:\/\/sumkcaps.com\/product\/sufox-231080-custom-six-panel-flat-embroidery-snapback-cap\/\"]}]},{\"@type\":\"ImageObject\",\"inLanguage\":\"sv-SE\",\"@id\":\"https:\/\/sumkcaps.com\/product\/sufox-231080-custom-six-panel-flat-embroidery-snapback-cap\/#primaryimage\",\"url\":\"https:\/\/sumkcaps.com\/wp-content\/uploads\/2022\/10\/6_panel_flat_embroidery_snapback_cap-1-scaled.jpg\",\"contentUrl\":\"https:\/\/sumkcaps.com\/wp-content\/uploads\/2022\/10\/6_panel_flat_embroidery_snapback_cap-1-scaled.jpg\",\"width\":2560,\"height\":2560},{\"@type\":\"BreadcrumbList\",\"@id\":\"https:\/\/sumkcaps.com\/product\/sufox-231080-custom-six-panel-flat-embroidery-snapback-cap\/#breadcrumb\",\"itemListElement\":[{\"@type\":\"ListItem\",\"position\":1,\"name\":\"Home\",\"item\":\"https:\/\/sumkcaps.com\/\"},{\"@type\":\"ListItem\",\"position\":2,\"name\":\"Products\",\"item\":\"https:\/\/sumkcaps.com\/product\/\"},{\"@type\":\"ListItem\",\"position\":3,\"name\":\"Sumkcaps 231080 Custom Six Panel Flat Embroidery Snapback Cap\"}]},{\"@type\":\"WebSite\",\"@id\":\"https:\/\/sumkcaps.com\/#website\",\"url\":\"https:\/\/sumkcaps.com\/\",\"name\":\"Sumkcaps-China Original Headwear Manufacturer and Suppliers\",\"description\":\"We are China Cap And Hat Original Factory, whose main business is to custom cap and hat as client&#039;s LOGO. Any cap style, any cap color, any qty, any material and qty is no problem. In one words, any small details can be customized as your request.\",\"publisher\":{\"@id\":\"https:\/\/sumkcaps.com\/#organization\"},\"potentialAction\":[{\"@type\":\"SearchAction\",\"target\":{\"@type\":\"EntryPoint\",\"urlTemplate\":\"https:\/\/sumkcaps.com\/?s={search_term_string}\"},\"query-input\":{\"@type\":\"PropertyValueSpecification\",\"valueRequired\":true,\"valueName\":\"search_term_string\"}}],\"inLanguage\":\"sv-SE\"},{\"@type\":\"Organization\",\"@id\":\"https:\/\/sumkcaps.com\/#organization\",\"name\":\"Sumkcaps-China Original Headwear Manufacturer and Suppliers\",\"url\":\"https:\/\/sumkcaps.com\/\",\"logo\":{\"@type\":\"ImageObject\",\"inLanguage\":\"sv-SE\",\"@id\":\"https:\/\/sumkcaps.com\/#\/schema\/logo\/image\/\",\"url\":\"https:\/\/sumkcaps.com\/wp-content\/uploads\/2025\/12\/1234.jpg\",\"contentUrl\":\"https:\/\/sumkcaps.com\/wp-content\/uploads\/2025\/12\/1234.jpg\",\"width\":800,\"height\":800,\"caption\":\"Sumkcaps-China Original Headwear Manufacturer and Suppliers\"},\"image\":{\"@id\":\"https:\/\/sumkcaps.com\/#\/schema\/logo\/image\/\"},\"sameAs\":[\"https:\/\/www.facebook.com\/sumkcap\",\"https:\/\/www.instagram.com\/sumkcaps7\/\",\"https:\/\/www.pinterest.com\/sumkcapschina\/\"]}]}<\/script>\n<!-- \/ Yoast SEO Premium plugin. -->","yoast_head_json":{"title":"Anpassad 6 panel broderi Snapback keps | Kina Tillverkare","description":"H\u00f6gkvalitativ tillverkare av anpassade huvudbonader i Kina. Produkter av h\u00f6gsta kvalitet till b\u00e4sta priser. L\u00e4gg till din logotyp eller anpassad design online. Expert service. Bulk rabatt.","robots":{"index":"index","follow":"follow","max-snippet":"max-snippet:-1","max-image-preview":"max-image-preview:large","max-video-preview":"max-video-preview:-1"},"canonical":"https:\/\/sumkcaps.com\/sv\/produkt\/sufox-231080-custom-six-panel-snapback-keps-med-platt-broderi\/","og_locale":"sv_SE","og_type":"article","og_title":"Sumkcaps 231080 Custom Six Panel Flat Embroidery Snapback Cap - Sumkcaps","og_description":"High Quality China Custom Headwear Manufacturer. Top Quality Products At Best Prices. Add Your Logo or Custom Design Online. Expert Service. Bulk Discount.","og_url":"https:\/\/sumkcaps.com\/sv\/produkt\/sufox-231080-custom-six-panel-snapback-keps-med-platt-broderi\/","og_site_name":"Sumkcaps-China Original Headwear Manufacturer and Suppliers","article_publisher":"https:\/\/www.facebook.com\/sumkcap","article_modified_time":"2026-03-04T06:32:20+00:00","og_image":[{"width":2560,"height":2560,"url":"https:\/\/sumkcaps.com\/wp-content\/uploads\/2022\/10\/6_panel_flat_embroidery_snapback_cap-1-scaled.jpg","type":"image\/jpeg"}],"twitter_card":"summary_large_image","twitter_misc":{"Ber\u00e4knad l\u00e4stid":"2 minuter"},"schema":{"@context":"https:\/\/schema.org","@graph":[{"@type":"WebPage","@id":"https:\/\/sumkcaps.com\/product\/sufox-231080-custom-six-panel-flat-embroidery-snapback-cap\/","url":"https:\/\/sumkcaps.com\/product\/sufox-231080-custom-six-panel-flat-embroidery-snapback-cap\/","name":"Anpassad 6 panel broderi Snapback keps | Kina Tillverkare","isPartOf":{"@id":"https:\/\/sumkcaps.com\/#website"},"primaryImageOfPage":{"@id":"https:\/\/sumkcaps.com\/product\/sufox-231080-custom-six-panel-flat-embroidery-snapback-cap\/#primaryimage"},"image":{"@id":"https:\/\/sumkcaps.com\/product\/sufox-231080-custom-six-panel-flat-embroidery-snapback-cap\/#primaryimage"},"thumbnailUrl":"https:\/\/sumkcaps.com\/wp-content\/uploads\/2022\/10\/6_panel_flat_embroidery_snapback_cap-1-scaled.jpg","datePublished":"2022-10-25T02:24:51+00:00","dateModified":"2026-03-04T06:32:20+00:00","description":"H\u00f6gkvalitativ tillverkare av anpassade huvudbonader i Kina. Produkter av h\u00f6gsta kvalitet till b\u00e4sta priser. L\u00e4gg till din logotyp eller anpassad design online. Expert service. Bulk rabatt.","breadcrumb":{"@id":"https:\/\/sumkcaps.com\/product\/sufox-231080-custom-six-panel-flat-embroidery-snapback-cap\/#breadcrumb"},"inLanguage":"sv-SE","potentialAction":[{"@type":"ReadAction","target":["https:\/\/sumkcaps.com\/product\/sufox-231080-custom-six-panel-flat-embroidery-snapback-cap\/"]}]},{"@type":"ImageObject","inLanguage":"sv-SE","@id":"https:\/\/sumkcaps.com\/product\/sufox-231080-custom-six-panel-flat-embroidery-snapback-cap\/#primaryimage","url":"https:\/\/sumkcaps.com\/wp-content\/uploads\/2022\/10\/6_panel_flat_embroidery_snapback_cap-1-scaled.jpg","contentUrl":"https:\/\/sumkcaps.com\/wp-content\/uploads\/2022\/10\/6_panel_flat_embroidery_snapback_cap-1-scaled.jpg","width":2560,"height":2560},{"@type":"BreadcrumbList","@id":"https:\/\/sumkcaps.com\/product\/sufox-231080-custom-six-panel-flat-embroidery-snapback-cap\/#breadcrumb","itemListElement":[{"@type":"ListItem","position":1,"name":"Home","item":"https:\/\/sumkcaps.com\/"},{"@type":"ListItem","position":2,"name":"Products","item":"https:\/\/sumkcaps.com\/product\/"},{"@type":"ListItem","position":3,"name":"Sumkcaps 231080 Custom Six Panel Flat Embroidery Snapback Cap"}]},{"@type":"WebSite","@id":"https:\/\/sumkcaps.com\/#website","url":"https:\/\/sumkcaps.com\/","name":"Sumkcaps - tillverkare och leverant\u00f6rer av originalhuvudbonader i Kina","description":"Vi \u00e4r China Cap And Hat Original Factory, vars huvudsakliga verksamhet \u00e4r att anpassa m\u00f6ssa och hatt som klient &amp; #03939; s LOGO. Vilken keps som helst, vilken kepsf\u00e4rg som helst, vilket antal som helst, vilket material som helst och antal \u00e4r inget problem. Med ett ord kan alla sm\u00e5 detaljer anpassas efter din beg\u00e4ran.","publisher":{"@id":"https:\/\/sumkcaps.com\/#organization"},"potentialAction":[{"@type":"SearchAction","target":{"@type":"EntryPoint","urlTemplate":"https:\/\/sumkcaps.com\/?s={search_term_string}"},"query-input":{"@type":"PropertyValueSpecification","valueRequired":true,"valueName":"search_term_string"}}],"inLanguage":"sv-SE"},{"@type":"Organization","@id":"https:\/\/sumkcaps.com\/#organization","name":"Sumkcaps - tillverkare och leverant\u00f6rer av originalhuvudbonader i Kina","url":"https:\/\/sumkcaps.com\/","logo":{"@type":"ImageObject","inLanguage":"sv-SE","@id":"https:\/\/sumkcaps.com\/#\/schema\/logo\/image\/","url":"https:\/\/sumkcaps.com\/wp-content\/uploads\/2025\/12\/1234.jpg","contentUrl":"https:\/\/sumkcaps.com\/wp-content\/uploads\/2025\/12\/1234.jpg","width":800,"height":800,"caption":"Sumkcaps-China Original Headwear Manufacturer and Suppliers"},"image":{"@id":"https:\/\/sumkcaps.com\/#\/schema\/logo\/image\/"},"sameAs":["https:\/\/www.facebook.com\/sumkcap","https:\/\/www.instagram.com\/sumkcaps7\/","https:\/\/www.pinterest.com\/sumkcapschina\/"]}]}},"taxonomy_info":{"product_cat":[{"value":42,"label":"Snapback Hats Wholesale"}]},"featured_image_src_large":["https:\/\/sumkcaps.com\/wp-content\/uploads\/2022\/10\/6_panel_flat_embroidery_snapback_cap-1-1024x1024.jpg",800,800,true],"author_info":[],"comment_info":"","_links":{"self":[{"href":"https:\/\/sumkcaps.com\/sv\/wp-json\/wp\/v2\/product\/17684","targetHints":{"allow":["GET"]}}],"collection":[{"href":"https:\/\/sumkcaps.com\/sv\/wp-json\/wp\/v2\/product"}],"about":[{"href":"https:\/\/sumkcaps.com\/sv\/wp-json\/wp\/v2\/types\/product"}],"wp:featuredmedia":[{"embeddable":true,"href":"https:\/\/sumkcaps.com\/sv\/wp-json\/wp\/v2\/media\/17685"}],"wp:attachment":[{"href":"https:\/\/sumkcaps.com\/sv\/wp-json\/wp\/v2\/media?parent=17684"}],"wp:term":[{"taxonomy":"product_brand","embeddable":true,"href":"https:\/\/sumkcaps.com\/sv\/wp-json\/wp\/v2\/product_brand?post=17684"},{"taxonomy":"product_cat","embeddable":true,"href":"https:\/\/sumkcaps.com\/sv\/wp-json\/wp\/v2\/product_cat?post=17684"},{"taxonomy":"product_tag","embeddable":true,"href":"https:\/\/sumkcaps.com\/sv\/wp-json\/wp\/v2\/product_tag?post=17684"}],"curies":[{"name":"wp","href":"https:\/\/api.w.org\/{rel}","templated":true}]}}