{"id":17347,"date":"2022-10-22T09:16:51","date_gmt":"2022-10-22T01:16:51","guid":{"rendered":"https:\/\/sumkcaps.com\/?post_type=product&#038;p=17347"},"modified":"2026-03-06T09:33:21","modified_gmt":"2026-03-06T01:33:21","slug":"sufox-231036-custom-five-panel-3d-embroidery-snapback-cap","status":"publish","type":"product","link":"https:\/\/sumkcaps.com\/sv\/produkt\/sufox-231036-custom-snapback-keps-med-fem-paneler-och-3d-brodyr\/","title":{"rendered":"Sumkcaps 231036 Custom Five Panel Snapback-keps med 3D-brodyr"},"content":{"rendered":"<h3 data-start=\"80\" data-end=\"421\"><strong data-start=\"80\" data-end=\"110\">Dekoration<\/strong><\/h3>\n<p data-start=\"80\" data-end=\"421\">Denna snapback-keps har ett h\u00f6gkvalitativt 3D-broderi som skapar en dj\u00e4rv, upph\u00f6jd logoeffekt. De detaljerade s\u00f6mmarna f\u00f6rb\u00e4ttrar varum\u00e4rkets synlighet och ger kepsen en premiumlook. Den \u00e4r perfekt f\u00f6r streetwear-varum\u00e4rken, reklamevenemang eller specialtillverkade varor som kr\u00e4ver en stark och snygg visuell identitet.<\/p>\n<h3 data-start=\"423\" data-end=\"754\"><strong data-start=\"423\" data-end=\"450\">Material<\/strong><\/h3>\n<p data-start=\"423\" data-end=\"754\">Kepsen \u00e4r tillverkad av slitstarkt 100% akryltyg och har utm\u00e4rkt formbest\u00e4ndighet och l\u00e5ng livsl\u00e4ngd. Materialet \u00e4r l\u00e4tt, bekv\u00e4mt och motst\u00e5ndskraftigt mot skrynklor och blekning. Det beh\u00e5ller sin struktur \u00e4ven efter l\u00e5ngvarig anv\u00e4ndning, vilket g\u00f6r det till ett p\u00e5litligt val f\u00f6r daglig anv\u00e4ndning och kundanpassade bulkbest\u00e4llningar.<\/p>\n<h3 data-start=\"756\" data-end=\"1065\"><strong data-start=\"756\" data-end=\"783\">F\u00e4rg<\/strong><\/h3>\n<p data-start=\"756\" data-end=\"1065\">Den h\u00e4r kepsen har en sl\u00e5ende r\u00f6d f\u00e4rg och kan anpassas i fullf\u00e4rg. Varum\u00e4rken kan v\u00e4lja bland ett brett utbud av f\u00e4rger f\u00f6r att matcha sin identitet eller sitt kampanjtema. Anpassade f\u00e4rgalternativ s\u00e4kerst\u00e4ller att kepsen passar perfekt med din varum\u00e4rkesimage, laguniform eller kampanjdesign.<\/p>\n<h3 data-start=\"1067\" data-end=\"1366\"><strong data-start=\"1067\" data-end=\"1100\">Passform och storlek<\/strong><\/h3>\n<p data-start=\"1067\" data-end=\"1366\">Kepsen har en justerbar snapback-st\u00e4ngning och passar de flesta huvudstorlekar (7 - 7 3\/4). Den flexibla storleken ger enkel justering och en s\u00e4ker passform, vilket g\u00f6r den l\u00e4mplig f\u00f6r olika anv\u00e4ndare samtidigt som den klassiska snapback-silhuetten bibeh\u00e5lls.<\/p>\n<h3 data-start=\"1368\" data-end=\"1646\"><strong data-start=\"1368\" data-end=\"1389\">Visir<\/strong><\/h3>\n<p data-start=\"1368\" data-end=\"1646\">Det platta visiret ger en modern streetwear-stil samtidigt som det ger ett effektivt solskydd. Den strukturerade designen hj\u00e4lper kepsen att h\u00e5lla en skarp och modern profil, vilket g\u00f6r den popul\u00e4r bland modem\u00e4rken, idrottslag och livsstilskollektioner.<\/p>\n<h3 data-start=\"1648\" data-end=\"1941\"><strong data-start=\"1648\" data-end=\"1671\">Service<\/strong><\/h3>\n<p data-start=\"1648\" data-end=\"1941\">Sumkcaps tillhandah\u00e5ller omfattande OEM- och ODM-tj\u00e4nster, vilket g\u00f6r det m\u00f6jligt f\u00f6r kunderna att helt anpassa logotyper, material, f\u00e4rger, etiketter och f\u00f6rpackningar. V\u00e5ra professionella design- och produktionsteam arbetar n\u00e4ra varum\u00e4rken f\u00f6r att f\u00f6rvandla kreativa id\u00e9er till h\u00f6gkvalitativa anpassade kepsar.<\/p>\n<h3 data-start=\"1943\" data-end=\"2271\"><strong data-start=\"1943\" data-end=\"1962\">Genomf\u00f6randetid<\/strong><\/h3>\n<p data-start=\"1943\" data-end=\"2271\" data-is-last-node=\"\" data-is-only-node=\"\">Vi erbjuder effektiva produktionstider f\u00f6r att st\u00f6dja dina aff\u00e4rsbehov. Produktion av prover tar vanligtvis <strong data-start=\"2071\" data-end=\"2091\">7-9 arbetsdagar<\/strong>, vilket g\u00f6r att du kan granska designen f\u00f6re massproduktion. Massproduktionen \u00e4r klar inom <strong data-start=\"2187\" data-end=\"2209\">18-22 arbetsdagar<\/strong>, vilket s\u00e4kerst\u00e4ller tillf\u00f6rlitlig leverans f\u00f6r grossist- eller detaljhandelslanseringar.<\/p>","protected":false},"excerpt":{"rendered":"<p>Sumkcaps 231036 Custom Five Panel 3D Embroidery Snapback Cap \u00e4r en av popul\u00e4ra kepsar, l\u00e4tt vikt och andas v\u00e4l. V\u00e5ra Snapbacks kommer i en m\u00e4ngd olika stilar och f\u00e4rger fr\u00e5n alla de b\u00e4sta varum\u00e4rkena.<\/p>","protected":false},"featured_media":17348,"template":"","meta":{"_acf_changed":false,"_kad_blocks_custom_css":"","_kad_blocks_head_custom_js":"","_kad_blocks_body_custom_js":"","_kad_blocks_footer_custom_js":""},"product_brand":[],"product_cat":[42],"product_tag":[],"class_list":{"0":"post-17347","1":"product","2":"type-product","3":"status-publish","4":"has-post-thumbnail","6":"product_cat-snapback-cap","8":"first","9":"outofstock","10":"shipping-taxable","11":"product-type-simple"},"acf":[],"yoast_head":"<!-- This site is optimized with the Yoast SEO Premium plugin v20.8 (Yoast SEO v25.9) - https:\/\/yoast.com\/wordpress\/plugins\/seo\/ -->\n<title>Custom 3D Embroidery Snapback Cap | China Manufactuer<\/title>\n<meta name=\"description\" content=\"More Than 10 Years Of Experience In The Headwear Industry. Cap Manufacturers.100% Satisfaction Guarantee. Expert Service. Bulk Discount. Quick delivery.\" \/>\n<meta name=\"robots\" content=\"index, follow, max-snippet:-1, max-image-preview:large, max-video-preview:-1\" \/>\n<link rel=\"canonical\" href=\"https:\/\/sumkcaps.com\/sv\/produkt\/sufox-231036-custom-snapback-keps-med-fem-paneler-och-3d-brodyr\/\" \/>\n<meta property=\"og:locale\" content=\"sv_SE\" \/>\n<meta property=\"og:type\" content=\"article\" \/>\n<meta property=\"og:title\" content=\"Sumkcaps 231036 Custom Five Panel 3D Embroidery Snapback Cap - Sumkcaps\" \/>\n<meta property=\"og:description\" content=\"More Than 10 Years Of Experience In The Headwear Industry. Cap Manufacturers.100% Satisfaction Guarantee. Expert Service. Bulk Discount. Quick delivery.\" \/>\n<meta property=\"og:url\" content=\"https:\/\/sumkcaps.com\/sv\/produkt\/sufox-231036-custom-snapback-keps-med-fem-paneler-och-3d-brodyr\/\" \/>\n<meta property=\"og:site_name\" content=\"Sumkcaps-China Original Headwear Manufacturer and Suppliers\" \/>\n<meta property=\"article:publisher\" content=\"https:\/\/www.facebook.com\/sumkcap\" \/>\n<meta property=\"article:modified_time\" content=\"2026-03-06T01:33:21+00:00\" \/>\n<meta property=\"og:image\" content=\"https:\/\/sumkcaps.com\/wp-content\/uploads\/2022\/10\/5_panel_3d_embroidery_snapback_cap-1.jpg\" \/>\n\t<meta property=\"og:image:width\" content=\"800\" \/>\n\t<meta property=\"og:image:height\" content=\"800\" \/>\n\t<meta property=\"og:image:type\" content=\"image\/jpeg\" \/>\n<meta name=\"twitter:card\" content=\"summary_large_image\" \/>\n<meta name=\"twitter:label1\" content=\"Ber\u00e4knad l\u00e4stid\" \/>\n\t<meta name=\"twitter:data1\" content=\"2 minuter\" \/>\n<script type=\"application\/ld+json\" class=\"yoast-schema-graph\">{\"@context\":\"https:\/\/schema.org\",\"@graph\":[{\"@type\":\"WebPage\",\"@id\":\"https:\/\/sumkcaps.com\/product\/sufox-231036-custom-five-panel-3d-embroidery-snapback-cap\/\",\"url\":\"https:\/\/sumkcaps.com\/product\/sufox-231036-custom-five-panel-3d-embroidery-snapback-cap\/\",\"name\":\"Custom 3D Embroidery Snapback Cap | China Manufactuer\",\"isPartOf\":{\"@id\":\"https:\/\/sumkcaps.com\/#website\"},\"primaryImageOfPage\":{\"@id\":\"https:\/\/sumkcaps.com\/product\/sufox-231036-custom-five-panel-3d-embroidery-snapback-cap\/#primaryimage\"},\"image\":{\"@id\":\"https:\/\/sumkcaps.com\/product\/sufox-231036-custom-five-panel-3d-embroidery-snapback-cap\/#primaryimage\"},\"thumbnailUrl\":\"https:\/\/sumkcaps.com\/wp-content\/uploads\/2022\/10\/5_panel_3d_embroidery_snapback_cap-1.jpg\",\"datePublished\":\"2022-10-22T01:16:51+00:00\",\"dateModified\":\"2026-03-06T01:33:21+00:00\",\"description\":\"More Than 10 Years Of Experience In The Headwear Industry. Cap Manufacturers.100% Satisfaction Guarantee. Expert Service. Bulk Discount. Quick delivery.\",\"breadcrumb\":{\"@id\":\"https:\/\/sumkcaps.com\/product\/sufox-231036-custom-five-panel-3d-embroidery-snapback-cap\/#breadcrumb\"},\"inLanguage\":\"sv-SE\",\"potentialAction\":[{\"@type\":\"ReadAction\",\"target\":[\"https:\/\/sumkcaps.com\/product\/sufox-231036-custom-five-panel-3d-embroidery-snapback-cap\/\"]}]},{\"@type\":\"ImageObject\",\"inLanguage\":\"sv-SE\",\"@id\":\"https:\/\/sumkcaps.com\/product\/sufox-231036-custom-five-panel-3d-embroidery-snapback-cap\/#primaryimage\",\"url\":\"https:\/\/sumkcaps.com\/wp-content\/uploads\/2022\/10\/5_panel_3d_embroidery_snapback_cap-1.jpg\",\"contentUrl\":\"https:\/\/sumkcaps.com\/wp-content\/uploads\/2022\/10\/5_panel_3d_embroidery_snapback_cap-1.jpg\",\"width\":800,\"height\":800},{\"@type\":\"BreadcrumbList\",\"@id\":\"https:\/\/sumkcaps.com\/product\/sufox-231036-custom-five-panel-3d-embroidery-snapback-cap\/#breadcrumb\",\"itemListElement\":[{\"@type\":\"ListItem\",\"position\":1,\"name\":\"Home\",\"item\":\"https:\/\/sumkcaps.com\/\"},{\"@type\":\"ListItem\",\"position\":2,\"name\":\"Products\",\"item\":\"https:\/\/sumkcaps.com\/product\/\"},{\"@type\":\"ListItem\",\"position\":3,\"name\":\"Sumkcaps 231036 Custom Five Panel 3D Embroidery Snapback Cap\"}]},{\"@type\":\"WebSite\",\"@id\":\"https:\/\/sumkcaps.com\/#website\",\"url\":\"https:\/\/sumkcaps.com\/\",\"name\":\"Sumkcaps-China Original Headwear Manufacturer and Suppliers\",\"description\":\"We are China Cap And Hat Original Factory, whose main business is to custom cap and hat as client&#039;s LOGO. Any cap style, any cap color, any qty, any material and qty is no problem. In one words, any small details can be customized as your request.\",\"publisher\":{\"@id\":\"https:\/\/sumkcaps.com\/#organization\"},\"potentialAction\":[{\"@type\":\"SearchAction\",\"target\":{\"@type\":\"EntryPoint\",\"urlTemplate\":\"https:\/\/sumkcaps.com\/?s={search_term_string}\"},\"query-input\":{\"@type\":\"PropertyValueSpecification\",\"valueRequired\":true,\"valueName\":\"search_term_string\"}}],\"inLanguage\":\"sv-SE\"},{\"@type\":\"Organization\",\"@id\":\"https:\/\/sumkcaps.com\/#organization\",\"name\":\"Sumkcaps-China Original Headwear Manufacturer and Suppliers\",\"url\":\"https:\/\/sumkcaps.com\/\",\"logo\":{\"@type\":\"ImageObject\",\"inLanguage\":\"sv-SE\",\"@id\":\"https:\/\/sumkcaps.com\/#\/schema\/logo\/image\/\",\"url\":\"https:\/\/sumkcaps.com\/wp-content\/uploads\/2025\/12\/1234.jpg\",\"contentUrl\":\"https:\/\/sumkcaps.com\/wp-content\/uploads\/2025\/12\/1234.jpg\",\"width\":800,\"height\":800,\"caption\":\"Sumkcaps-China Original Headwear Manufacturer and Suppliers\"},\"image\":{\"@id\":\"https:\/\/sumkcaps.com\/#\/schema\/logo\/image\/\"},\"sameAs\":[\"https:\/\/www.facebook.com\/sumkcap\",\"https:\/\/www.instagram.com\/sumkcaps7\/\",\"https:\/\/www.pinterest.com\/sumkcapschina\/\"]}]}<\/script>\n<!-- \/ Yoast SEO Premium plugin. -->","yoast_head_json":{"title":"Anpassad 3D-broderad Snapback-keps | Kina Tillverkare","description":"Mer \u00e4n 10 \u00e5rs erfarenhet inom huvudkl\u00e4desindustrin. Cap Manufacturers.100% N\u00f6jdhetsgaranti. Expert service. Bulk rabatt. Snabb leverans.","robots":{"index":"index","follow":"follow","max-snippet":"max-snippet:-1","max-image-preview":"max-image-preview:large","max-video-preview":"max-video-preview:-1"},"canonical":"https:\/\/sumkcaps.com\/sv\/produkt\/sufox-231036-custom-snapback-keps-med-fem-paneler-och-3d-brodyr\/","og_locale":"sv_SE","og_type":"article","og_title":"Sumkcaps 231036 Custom Five Panel 3D Embroidery Snapback Cap - Sumkcaps","og_description":"More Than 10 Years Of Experience In The Headwear Industry. Cap Manufacturers.100% Satisfaction Guarantee. Expert Service. Bulk Discount. Quick delivery.","og_url":"https:\/\/sumkcaps.com\/sv\/produkt\/sufox-231036-custom-snapback-keps-med-fem-paneler-och-3d-brodyr\/","og_site_name":"Sumkcaps-China Original Headwear Manufacturer and Suppliers","article_publisher":"https:\/\/www.facebook.com\/sumkcap","article_modified_time":"2026-03-06T01:33:21+00:00","og_image":[{"width":800,"height":800,"url":"https:\/\/sumkcaps.com\/wp-content\/uploads\/2022\/10\/5_panel_3d_embroidery_snapback_cap-1.jpg","type":"image\/jpeg"}],"twitter_card":"summary_large_image","twitter_misc":{"Ber\u00e4knad l\u00e4stid":"2 minuter"},"schema":{"@context":"https:\/\/schema.org","@graph":[{"@type":"WebPage","@id":"https:\/\/sumkcaps.com\/product\/sufox-231036-custom-five-panel-3d-embroidery-snapback-cap\/","url":"https:\/\/sumkcaps.com\/product\/sufox-231036-custom-five-panel-3d-embroidery-snapback-cap\/","name":"Anpassad 3D-broderad Snapback-keps | Kina Tillverkare","isPartOf":{"@id":"https:\/\/sumkcaps.com\/#website"},"primaryImageOfPage":{"@id":"https:\/\/sumkcaps.com\/product\/sufox-231036-custom-five-panel-3d-embroidery-snapback-cap\/#primaryimage"},"image":{"@id":"https:\/\/sumkcaps.com\/product\/sufox-231036-custom-five-panel-3d-embroidery-snapback-cap\/#primaryimage"},"thumbnailUrl":"https:\/\/sumkcaps.com\/wp-content\/uploads\/2022\/10\/5_panel_3d_embroidery_snapback_cap-1.jpg","datePublished":"2022-10-22T01:16:51+00:00","dateModified":"2026-03-06T01:33:21+00:00","description":"Mer \u00e4n 10 \u00e5rs erfarenhet inom huvudkl\u00e4desindustrin. Cap Manufacturers.100% N\u00f6jdhetsgaranti. Expert service. Bulk rabatt. Snabb leverans.","breadcrumb":{"@id":"https:\/\/sumkcaps.com\/product\/sufox-231036-custom-five-panel-3d-embroidery-snapback-cap\/#breadcrumb"},"inLanguage":"sv-SE","potentialAction":[{"@type":"ReadAction","target":["https:\/\/sumkcaps.com\/product\/sufox-231036-custom-five-panel-3d-embroidery-snapback-cap\/"]}]},{"@type":"ImageObject","inLanguage":"sv-SE","@id":"https:\/\/sumkcaps.com\/product\/sufox-231036-custom-five-panel-3d-embroidery-snapback-cap\/#primaryimage","url":"https:\/\/sumkcaps.com\/wp-content\/uploads\/2022\/10\/5_panel_3d_embroidery_snapback_cap-1.jpg","contentUrl":"https:\/\/sumkcaps.com\/wp-content\/uploads\/2022\/10\/5_panel_3d_embroidery_snapback_cap-1.jpg","width":800,"height":800},{"@type":"BreadcrumbList","@id":"https:\/\/sumkcaps.com\/product\/sufox-231036-custom-five-panel-3d-embroidery-snapback-cap\/#breadcrumb","itemListElement":[{"@type":"ListItem","position":1,"name":"Home","item":"https:\/\/sumkcaps.com\/"},{"@type":"ListItem","position":2,"name":"Products","item":"https:\/\/sumkcaps.com\/product\/"},{"@type":"ListItem","position":3,"name":"Sumkcaps 231036 Custom Five Panel 3D Embroidery Snapback Cap"}]},{"@type":"WebSite","@id":"https:\/\/sumkcaps.com\/#website","url":"https:\/\/sumkcaps.com\/","name":"Sumkcaps - tillverkare och leverant\u00f6rer av originalhuvudbonader i Kina","description":"Vi \u00e4r China Cap And Hat Original Factory, vars huvudsakliga verksamhet \u00e4r att anpassa m\u00f6ssa och hatt som klient &amp; #03939; s LOGO. Vilken keps som helst, vilken kepsf\u00e4rg som helst, vilket antal som helst, vilket material som helst och antal \u00e4r inget problem. Med ett ord kan alla sm\u00e5 detaljer anpassas efter din beg\u00e4ran.","publisher":{"@id":"https:\/\/sumkcaps.com\/#organization"},"potentialAction":[{"@type":"SearchAction","target":{"@type":"EntryPoint","urlTemplate":"https:\/\/sumkcaps.com\/?s={search_term_string}"},"query-input":{"@type":"PropertyValueSpecification","valueRequired":true,"valueName":"search_term_string"}}],"inLanguage":"sv-SE"},{"@type":"Organization","@id":"https:\/\/sumkcaps.com\/#organization","name":"Sumkcaps - tillverkare och leverant\u00f6rer av originalhuvudbonader i Kina","url":"https:\/\/sumkcaps.com\/","logo":{"@type":"ImageObject","inLanguage":"sv-SE","@id":"https:\/\/sumkcaps.com\/#\/schema\/logo\/image\/","url":"https:\/\/sumkcaps.com\/wp-content\/uploads\/2025\/12\/1234.jpg","contentUrl":"https:\/\/sumkcaps.com\/wp-content\/uploads\/2025\/12\/1234.jpg","width":800,"height":800,"caption":"Sumkcaps-China Original Headwear Manufacturer and Suppliers"},"image":{"@id":"https:\/\/sumkcaps.com\/#\/schema\/logo\/image\/"},"sameAs":["https:\/\/www.facebook.com\/sumkcap","https:\/\/www.instagram.com\/sumkcaps7\/","https:\/\/www.pinterest.com\/sumkcapschina\/"]}]}},"taxonomy_info":{"product_cat":[{"value":42,"label":"Snapback Hats Wholesale"}]},"featured_image_src_large":["https:\/\/sumkcaps.com\/wp-content\/uploads\/2022\/10\/5_panel_3d_embroidery_snapback_cap-1.jpg",800,800,false],"author_info":[],"comment_info":"","_links":{"self":[{"href":"https:\/\/sumkcaps.com\/sv\/wp-json\/wp\/v2\/product\/17347","targetHints":{"allow":["GET"]}}],"collection":[{"href":"https:\/\/sumkcaps.com\/sv\/wp-json\/wp\/v2\/product"}],"about":[{"href":"https:\/\/sumkcaps.com\/sv\/wp-json\/wp\/v2\/types\/product"}],"wp:featuredmedia":[{"embeddable":true,"href":"https:\/\/sumkcaps.com\/sv\/wp-json\/wp\/v2\/media\/17348"}],"wp:attachment":[{"href":"https:\/\/sumkcaps.com\/sv\/wp-json\/wp\/v2\/media?parent=17347"}],"wp:term":[{"taxonomy":"product_brand","embeddable":true,"href":"https:\/\/sumkcaps.com\/sv\/wp-json\/wp\/v2\/product_brand?post=17347"},{"taxonomy":"product_cat","embeddable":true,"href":"https:\/\/sumkcaps.com\/sv\/wp-json\/wp\/v2\/product_cat?post=17347"},{"taxonomy":"product_tag","embeddable":true,"href":"https:\/\/sumkcaps.com\/sv\/wp-json\/wp\/v2\/product_tag?post=17347"}],"curies":[{"name":"wp","href":"https:\/\/api.w.org\/{rel}","templated":true}]}}