{"id":17022,"date":"2022-10-19T10:42:17","date_gmt":"2022-10-19T02:42:17","guid":{"rendered":"https:\/\/sumkcaps.com\/?post_type=product&#038;p=17022"},"modified":"2026-03-10T15:04:56","modified_gmt":"2026-03-10T07:04:56","slug":"sufox-231002-custom-five-panel-embroidered-mens-snapback-cap","status":"publish","type":"product","link":"https:\/\/sumkcaps.com\/sv\/produkt\/sufox-231002-custom-fem-panel-broderad-snapback-keps-for-herrar\/","title":{"rendered":"Sumkcaps 231002 Custom Five Panel Broderad Snapback-keps f\u00f6r herrar"},"content":{"rendered":"<div class=\"flex max-w-full flex-col gap-4 grow\">\n<div class=\"min-h-8 text-message relative flex w-full flex-col items-end gap-2 text-start break-words whitespace-normal [.text-message+&amp;]:mt-1\" dir=\"auto\" data-message-author-role=\"assistant\" data-message-id=\"26fbf6e3-4a58-4f16-8b10-8565ccfa3f8d\" data-message-model-slug=\"gpt-5-3\">\n<div class=\"flex w-full flex-col gap-1 empty:hidden\">\n<div class=\"markdown prose dark:prose-invert w-full wrap-break-word light markdown-new-styling\">\n<h3 data-start=\"0\" data-end=\"372\"><strong data-start=\"0\" data-end=\"32\">Dekoration<\/strong><\/h3>\n<p data-start=\"0\" data-end=\"372\">Denna snapback-keps har ett rent och h\u00e5llbart platt broderi som ger logotypen en skarp definition och ett professionellt utseende. Stygnen sitter smidigt p\u00e5 tygytan, vilket g\u00f6r den idealisk f\u00f6r varum\u00e4rkeslogotyper, lagemblem och reklamm\u00f6nster. Plattbroderier ger l\u00e5ngvariga detaljer och beh\u00e5ller sin form \u00e4ven efter frekvent anv\u00e4ndning.<\/p>\n<h3 data-start=\"374\" data-end=\"729\"><strong data-start=\"374\" data-end=\"401\">Material<\/strong><\/h3>\n<p data-start=\"374\" data-end=\"729\">Den h\u00e4r kepsen \u00e4r tillverkad av h\u00f6gkvalitativt 100% akryltyg och har utm\u00e4rkt h\u00e5llbarhet, f\u00e4rgbest\u00e4ndighet och l\u00e4ttviktskomfort. Akrylmaterialet krymper inte och skrynklar sig inte, vilket g\u00f6r den l\u00e4mplig f\u00f6r vardagsbruk och utomhusaktiviteter. Tyget ger ocks\u00e5 en strukturerad look som hj\u00e4lper kepsen att beh\u00e5lla sin ursprungliga form.<\/p>\n<h3 data-start=\"731\" data-end=\"1081\"><strong data-start=\"731\" data-end=\"760\">F\u00e4rg<\/strong><\/h3>\n<p data-start=\"731\" data-end=\"1081\">Den klassiska svarta f\u00e4rgen ger en m\u00e5ngsidig och elegant bas som enkelt matchar olika outfits och varum\u00e4rkesidentiteter. Ut\u00f6ver standardalternativet svart kan Sumkcaps anpassas i fullf\u00e4rg f\u00f6r att uppfylla olika varum\u00e4rkesbehov, vilket g\u00f6r det m\u00f6jligt f\u00f6r kunderna att v\u00e4lja f\u00e4rger som passar deras logotyp eller designkoncept.<\/p>\n<h3 data-start=\"1083\" data-end=\"1425\"><strong data-start=\"1083\" data-end=\"1116\">Passform och storlek<\/strong><\/h3>\n<p data-start=\"1083\" data-end=\"1425\">Den h\u00e4r kepsen har en justerbar snapback-st\u00e4ngning och OSFM-storlek (One Size Fits Most) som passar huvudomf\u00e5ng fr\u00e5n 7 till 7 3\/4. Den justerbara designen ger en s\u00e4ker och bekv\u00e4m passform f\u00f6r de flesta anv\u00e4ndare, vilket g\u00f6r den l\u00e4mplig f\u00f6r detaljhandeln, reklamevenemang, idrottslag och vardagliga fritidskl\u00e4der.<\/p>\n<h3 data-start=\"1427\" data-end=\"1754\"><strong data-start=\"1427\" data-end=\"1448\">Visir<\/strong><\/h3>\n<p data-start=\"1427\" data-end=\"1754\">Det platta visiret ger kepsen en modern streetwear-estetik samtidigt som det ger ett p\u00e5litligt solskydd. Den strukturerade designen h\u00e5ller en skarp form och kompletterar moderna modestilar som hiphop, skate och urban casual. Visiret kan ocks\u00e5 anpassas i olika f\u00e4rger eller material.<\/p>\n<h3 data-start=\"1756\" data-end=\"2071\"><strong data-start=\"1756\" data-end=\"1779\">Service<\/strong><\/h3>\n<p data-start=\"1756\" data-end=\"2071\">Sumkcaps erbjuder omfattande OEM- och ODM-tj\u00e4nster f\u00f6r att st\u00f6dja varum\u00e4rkes\u00e4gare, grossister och kampanjf\u00f6retag. Fr\u00e5n materialval och f\u00e4rgmatchning till logoplacering och f\u00f6rpackningsdesign hj\u00e4lper v\u00e5rt erfarna team till att omvandla dina id\u00e9er till helt anpassade huvudbonader.<\/p>\n<h3 data-start=\"2073\" data-end=\"2422\"><strong data-start=\"2073\" data-end=\"2115\">Genomf\u00f6randetid<\/strong><\/h3>\n<p data-start=\"2073\" data-end=\"2422\" data-is-last-node=\"\" data-is-only-node=\"\">V\u00e5r produktionsprocess \u00e4r utformad f\u00f6r att vara effektiv och tillf\u00f6rlitlig. Provframtagning tar normalt 7-9 arbetsdagar, vilket g\u00f6r att kunderna snabbt kan granska och bekr\u00e4fta produktdetaljer. Bulkproduktion tar i allm\u00e4nhet 18-22 arbetsdagar, vilket s\u00e4kerst\u00e4ller j\u00e4mn kvalitet och snabb leverans f\u00f6r stora best\u00e4llningar.<\/p>\n<\/div>\n<\/div>\n<\/div>\n<\/div>\n<div class=\"z-0 flex min-h-[46px] justify-start\"><\/div>\n<div class=\"mt-3 w-full empty:hidden\">\n<div class=\"text-center\">\n<div>\n<div class=\"inline-flex border border-gray-100 dark:border-gray-700 rounded-xl\">\n<div class=\"text-token-text-secondary flex items-center justify-center gap-4 px-4 py-2.5 text-sm whitespace-nowrap\"><\/div>\n<\/div>\n<\/div>\n<\/div>\n<\/div>","protected":false},"excerpt":{"rendered":"<p>Sumkcaps 231002 Custom Five Panel Brodered Mens Snapback Cap \u00e4r en av popul\u00e4ra kepsar, l\u00e4tt vikt och andas v\u00e4l. V\u00e5ra Snapbacks kommer i en m\u00e4ngd olika stilar och f\u00e4rger fr\u00e5n alla de b\u00e4sta varum\u00e4rkena.<\/p>","protected":false},"featured_media":17023,"template":"","meta":{"_acf_changed":false,"_kad_blocks_custom_css":"","_kad_blocks_head_custom_js":"","_kad_blocks_body_custom_js":"","_kad_blocks_footer_custom_js":""},"product_brand":[],"product_cat":[42],"product_tag":[],"class_list":{"0":"post-17022","1":"product","2":"type-product","3":"status-publish","4":"has-post-thumbnail","6":"product_cat-snapback-cap","8":"first","9":"outofstock","10":"shipping-taxable","11":"product-type-simple"},"acf":[],"yoast_head":"<!-- This site is optimized with the Yoast SEO Premium plugin v20.8 (Yoast SEO v25.9) - https:\/\/yoast.com\/wordpress\/plugins\/seo\/ -->\n<title>Custom Embroidered Mens Snapback Cap | China Manufactuer<\/title>\n<meta name=\"description\" content=\"Custom Cap, Logo Cap, Brand Caps, Custom Made Snapback Caps, Custom Snapback Baseball Hats. Premium Cap Manufacturer since 2006. Order Today!\" \/>\n<meta name=\"robots\" content=\"index, follow, max-snippet:-1, max-image-preview:large, max-video-preview:-1\" \/>\n<link rel=\"canonical\" href=\"https:\/\/sumkcaps.com\/sv\/produkt\/sufox-231002-custom-fem-panel-broderad-snapback-keps-for-herrar\/\" \/>\n<meta property=\"og:locale\" content=\"sv_SE\" \/>\n<meta property=\"og:type\" content=\"article\" \/>\n<meta property=\"og:title\" content=\"Sumkcaps 231002 Custom Five Panel Embroidered Mens Snapback Cap - Sumkcaps\" \/>\n<meta property=\"og:description\" content=\"Custom Cap, Logo Cap, Brand Caps, Custom Made Snapback Caps, Custom Snapback Baseball Hats. Premium Cap Manufacturer since 2006. Order Today!\" \/>\n<meta property=\"og:url\" content=\"https:\/\/sumkcaps.com\/sv\/produkt\/sufox-231002-custom-fem-panel-broderad-snapback-keps-for-herrar\/\" \/>\n<meta property=\"og:site_name\" content=\"Sumkcaps-China Original Headwear Manufacturer and Suppliers\" \/>\n<meta property=\"article:publisher\" content=\"https:\/\/www.facebook.com\/sumkcap\" \/>\n<meta property=\"article:modified_time\" content=\"2026-03-10T07:04:56+00:00\" \/>\n<meta property=\"og:image\" content=\"https:\/\/sumkcaps.com\/wp-content\/uploads\/2022\/10\/mens_embroidery_5_panel_snapback_cap-1.jpg\" \/>\n\t<meta property=\"og:image:width\" content=\"800\" \/>\n\t<meta property=\"og:image:height\" content=\"800\" \/>\n\t<meta property=\"og:image:type\" content=\"image\/jpeg\" \/>\n<meta name=\"twitter:card\" content=\"summary_large_image\" \/>\n<meta name=\"twitter:label1\" content=\"Ber\u00e4knad l\u00e4stid\" \/>\n\t<meta name=\"twitter:data1\" content=\"2 minuter\" \/>\n<script type=\"application\/ld+json\" class=\"yoast-schema-graph\">{\"@context\":\"https:\/\/schema.org\",\"@graph\":[{\"@type\":\"WebPage\",\"@id\":\"https:\/\/sumkcaps.com\/product\/sufox-231002-custom-five-panel-embroidered-mens-snapback-cap\/\",\"url\":\"https:\/\/sumkcaps.com\/product\/sufox-231002-custom-five-panel-embroidered-mens-snapback-cap\/\",\"name\":\"Custom Embroidered Mens Snapback Cap | China Manufactuer\",\"isPartOf\":{\"@id\":\"https:\/\/sumkcaps.com\/#website\"},\"primaryImageOfPage\":{\"@id\":\"https:\/\/sumkcaps.com\/product\/sufox-231002-custom-five-panel-embroidered-mens-snapback-cap\/#primaryimage\"},\"image\":{\"@id\":\"https:\/\/sumkcaps.com\/product\/sufox-231002-custom-five-panel-embroidered-mens-snapback-cap\/#primaryimage\"},\"thumbnailUrl\":\"https:\/\/sumkcaps.com\/wp-content\/uploads\/2022\/10\/mens_embroidery_5_panel_snapback_cap-1.jpg\",\"datePublished\":\"2022-10-19T02:42:17+00:00\",\"dateModified\":\"2026-03-10T07:04:56+00:00\",\"description\":\"Custom Cap, Logo Cap, Brand Caps, Custom Made Snapback Caps, Custom Snapback Baseball Hats. Premium Cap Manufacturer since 2006. Order Today!\",\"breadcrumb\":{\"@id\":\"https:\/\/sumkcaps.com\/product\/sufox-231002-custom-five-panel-embroidered-mens-snapback-cap\/#breadcrumb\"},\"inLanguage\":\"sv-SE\",\"potentialAction\":[{\"@type\":\"ReadAction\",\"target\":[\"https:\/\/sumkcaps.com\/product\/sufox-231002-custom-five-panel-embroidered-mens-snapback-cap\/\"]}]},{\"@type\":\"ImageObject\",\"inLanguage\":\"sv-SE\",\"@id\":\"https:\/\/sumkcaps.com\/product\/sufox-231002-custom-five-panel-embroidered-mens-snapback-cap\/#primaryimage\",\"url\":\"https:\/\/sumkcaps.com\/wp-content\/uploads\/2022\/10\/mens_embroidery_5_panel_snapback_cap-1.jpg\",\"contentUrl\":\"https:\/\/sumkcaps.com\/wp-content\/uploads\/2022\/10\/mens_embroidery_5_panel_snapback_cap-1.jpg\",\"width\":800,\"height\":800},{\"@type\":\"BreadcrumbList\",\"@id\":\"https:\/\/sumkcaps.com\/product\/sufox-231002-custom-five-panel-embroidered-mens-snapback-cap\/#breadcrumb\",\"itemListElement\":[{\"@type\":\"ListItem\",\"position\":1,\"name\":\"Home\",\"item\":\"https:\/\/sumkcaps.com\/\"},{\"@type\":\"ListItem\",\"position\":2,\"name\":\"Products\",\"item\":\"https:\/\/sumkcaps.com\/product\/\"},{\"@type\":\"ListItem\",\"position\":3,\"name\":\"Sumkcaps 231002 Custom Five Panel Embroidered Mens Snapback Cap\"}]},{\"@type\":\"WebSite\",\"@id\":\"https:\/\/sumkcaps.com\/#website\",\"url\":\"https:\/\/sumkcaps.com\/\",\"name\":\"Sumkcaps-China Original Headwear Manufacturer and Suppliers\",\"description\":\"We are China Cap And Hat Original Factory, whose main business is to custom cap and hat as client&#039;s LOGO. Any cap style, any cap color, any qty, any material and qty is no problem. In one words, any small details can be customized as your request.\",\"publisher\":{\"@id\":\"https:\/\/sumkcaps.com\/#organization\"},\"potentialAction\":[{\"@type\":\"SearchAction\",\"target\":{\"@type\":\"EntryPoint\",\"urlTemplate\":\"https:\/\/sumkcaps.com\/?s={search_term_string}\"},\"query-input\":{\"@type\":\"PropertyValueSpecification\",\"valueRequired\":true,\"valueName\":\"search_term_string\"}}],\"inLanguage\":\"sv-SE\"},{\"@type\":\"Organization\",\"@id\":\"https:\/\/sumkcaps.com\/#organization\",\"name\":\"Sumkcaps-China Original Headwear Manufacturer and Suppliers\",\"url\":\"https:\/\/sumkcaps.com\/\",\"logo\":{\"@type\":\"ImageObject\",\"inLanguage\":\"sv-SE\",\"@id\":\"https:\/\/sumkcaps.com\/#\/schema\/logo\/image\/\",\"url\":\"https:\/\/sumkcaps.com\/wp-content\/uploads\/2025\/12\/1234.jpg\",\"contentUrl\":\"https:\/\/sumkcaps.com\/wp-content\/uploads\/2025\/12\/1234.jpg\",\"width\":800,\"height\":800,\"caption\":\"Sumkcaps-China Original Headwear Manufacturer and Suppliers\"},\"image\":{\"@id\":\"https:\/\/sumkcaps.com\/#\/schema\/logo\/image\/\"},\"sameAs\":[\"https:\/\/www.facebook.com\/sumkcap\",\"https:\/\/www.instagram.com\/sumkcaps7\/\",\"https:\/\/www.pinterest.com\/sumkcapschina\/\"]}]}<\/script>\n<!-- \/ Yoast SEO Premium plugin. -->","yoast_head_json":{"title":"Specialbroderad Snapback-keps f\u00f6r herrar | Kina Tillverkare","description":"Anpassad keps, logotypkeps, varum\u00e4rkeskepsar, skr\u00e4ddarsydda snapback-kepsar, anpassade snapback-basebollhattar. Premium Cap Tillverkare sedan 2006. Best\u00e4ll idag!","robots":{"index":"index","follow":"follow","max-snippet":"max-snippet:-1","max-image-preview":"max-image-preview:large","max-video-preview":"max-video-preview:-1"},"canonical":"https:\/\/sumkcaps.com\/sv\/produkt\/sufox-231002-custom-fem-panel-broderad-snapback-keps-for-herrar\/","og_locale":"sv_SE","og_type":"article","og_title":"Sumkcaps 231002 Custom Five Panel Embroidered Mens Snapback Cap - Sumkcaps","og_description":"Custom Cap, Logo Cap, Brand Caps, Custom Made Snapback Caps, Custom Snapback Baseball Hats. Premium Cap Manufacturer since 2006. Order Today!","og_url":"https:\/\/sumkcaps.com\/sv\/produkt\/sufox-231002-custom-fem-panel-broderad-snapback-keps-for-herrar\/","og_site_name":"Sumkcaps-China Original Headwear Manufacturer and Suppliers","article_publisher":"https:\/\/www.facebook.com\/sumkcap","article_modified_time":"2026-03-10T07:04:56+00:00","og_image":[{"width":800,"height":800,"url":"https:\/\/sumkcaps.com\/wp-content\/uploads\/2022\/10\/mens_embroidery_5_panel_snapback_cap-1.jpg","type":"image\/jpeg"}],"twitter_card":"summary_large_image","twitter_misc":{"Ber\u00e4knad l\u00e4stid":"2 minuter"},"schema":{"@context":"https:\/\/schema.org","@graph":[{"@type":"WebPage","@id":"https:\/\/sumkcaps.com\/product\/sufox-231002-custom-five-panel-embroidered-mens-snapback-cap\/","url":"https:\/\/sumkcaps.com\/product\/sufox-231002-custom-five-panel-embroidered-mens-snapback-cap\/","name":"Specialbroderad Snapback-keps f\u00f6r herrar | Kina Tillverkare","isPartOf":{"@id":"https:\/\/sumkcaps.com\/#website"},"primaryImageOfPage":{"@id":"https:\/\/sumkcaps.com\/product\/sufox-231002-custom-five-panel-embroidered-mens-snapback-cap\/#primaryimage"},"image":{"@id":"https:\/\/sumkcaps.com\/product\/sufox-231002-custom-five-panel-embroidered-mens-snapback-cap\/#primaryimage"},"thumbnailUrl":"https:\/\/sumkcaps.com\/wp-content\/uploads\/2022\/10\/mens_embroidery_5_panel_snapback_cap-1.jpg","datePublished":"2022-10-19T02:42:17+00:00","dateModified":"2026-03-10T07:04:56+00:00","description":"Anpassad keps, logotypkeps, varum\u00e4rkeskepsar, skr\u00e4ddarsydda snapback-kepsar, anpassade snapback-basebollhattar. Premium Cap Tillverkare sedan 2006. Best\u00e4ll idag!","breadcrumb":{"@id":"https:\/\/sumkcaps.com\/product\/sufox-231002-custom-five-panel-embroidered-mens-snapback-cap\/#breadcrumb"},"inLanguage":"sv-SE","potentialAction":[{"@type":"ReadAction","target":["https:\/\/sumkcaps.com\/product\/sufox-231002-custom-five-panel-embroidered-mens-snapback-cap\/"]}]},{"@type":"ImageObject","inLanguage":"sv-SE","@id":"https:\/\/sumkcaps.com\/product\/sufox-231002-custom-five-panel-embroidered-mens-snapback-cap\/#primaryimage","url":"https:\/\/sumkcaps.com\/wp-content\/uploads\/2022\/10\/mens_embroidery_5_panel_snapback_cap-1.jpg","contentUrl":"https:\/\/sumkcaps.com\/wp-content\/uploads\/2022\/10\/mens_embroidery_5_panel_snapback_cap-1.jpg","width":800,"height":800},{"@type":"BreadcrumbList","@id":"https:\/\/sumkcaps.com\/product\/sufox-231002-custom-five-panel-embroidered-mens-snapback-cap\/#breadcrumb","itemListElement":[{"@type":"ListItem","position":1,"name":"Home","item":"https:\/\/sumkcaps.com\/"},{"@type":"ListItem","position":2,"name":"Products","item":"https:\/\/sumkcaps.com\/product\/"},{"@type":"ListItem","position":3,"name":"Sumkcaps 231002 Custom Five Panel Embroidered Mens Snapback Cap"}]},{"@type":"WebSite","@id":"https:\/\/sumkcaps.com\/#website","url":"https:\/\/sumkcaps.com\/","name":"Sumkcaps - tillverkare och leverant\u00f6rer av originalhuvudbonader i Kina","description":"Vi \u00e4r China Cap And Hat Original Factory, vars huvudsakliga verksamhet \u00e4r att anpassa m\u00f6ssa och hatt som klient &amp; #03939; s LOGO. Vilken keps som helst, vilken kepsf\u00e4rg som helst, vilket antal som helst, vilket material som helst och antal \u00e4r inget problem. Med ett ord kan alla sm\u00e5 detaljer anpassas efter din beg\u00e4ran.","publisher":{"@id":"https:\/\/sumkcaps.com\/#organization"},"potentialAction":[{"@type":"SearchAction","target":{"@type":"EntryPoint","urlTemplate":"https:\/\/sumkcaps.com\/?s={search_term_string}"},"query-input":{"@type":"PropertyValueSpecification","valueRequired":true,"valueName":"search_term_string"}}],"inLanguage":"sv-SE"},{"@type":"Organization","@id":"https:\/\/sumkcaps.com\/#organization","name":"Sumkcaps - tillverkare och leverant\u00f6rer av originalhuvudbonader i Kina","url":"https:\/\/sumkcaps.com\/","logo":{"@type":"ImageObject","inLanguage":"sv-SE","@id":"https:\/\/sumkcaps.com\/#\/schema\/logo\/image\/","url":"https:\/\/sumkcaps.com\/wp-content\/uploads\/2025\/12\/1234.jpg","contentUrl":"https:\/\/sumkcaps.com\/wp-content\/uploads\/2025\/12\/1234.jpg","width":800,"height":800,"caption":"Sumkcaps-China Original Headwear Manufacturer and Suppliers"},"image":{"@id":"https:\/\/sumkcaps.com\/#\/schema\/logo\/image\/"},"sameAs":["https:\/\/www.facebook.com\/sumkcap","https:\/\/www.instagram.com\/sumkcaps7\/","https:\/\/www.pinterest.com\/sumkcapschina\/"]}]}},"taxonomy_info":{"product_cat":[{"value":42,"label":"Snapback Hats Wholesale"}]},"featured_image_src_large":["https:\/\/sumkcaps.com\/wp-content\/uploads\/2022\/10\/mens_embroidery_5_panel_snapback_cap-1.jpg",800,800,false],"author_info":[],"comment_info":"","_links":{"self":[{"href":"https:\/\/sumkcaps.com\/sv\/wp-json\/wp\/v2\/product\/17022","targetHints":{"allow":["GET"]}}],"collection":[{"href":"https:\/\/sumkcaps.com\/sv\/wp-json\/wp\/v2\/product"}],"about":[{"href":"https:\/\/sumkcaps.com\/sv\/wp-json\/wp\/v2\/types\/product"}],"wp:featuredmedia":[{"embeddable":true,"href":"https:\/\/sumkcaps.com\/sv\/wp-json\/wp\/v2\/media\/17023"}],"wp:attachment":[{"href":"https:\/\/sumkcaps.com\/sv\/wp-json\/wp\/v2\/media?parent=17022"}],"wp:term":[{"taxonomy":"product_brand","embeddable":true,"href":"https:\/\/sumkcaps.com\/sv\/wp-json\/wp\/v2\/product_brand?post=17022"},{"taxonomy":"product_cat","embeddable":true,"href":"https:\/\/sumkcaps.com\/sv\/wp-json\/wp\/v2\/product_cat?post=17022"},{"taxonomy":"product_tag","embeddable":true,"href":"https:\/\/sumkcaps.com\/sv\/wp-json\/wp\/v2\/product_tag?post=17022"}],"curies":[{"name":"wp","href":"https:\/\/api.w.org\/{rel}","templated":true}]}}