{"id":17005,"date":"2022-10-13T16:44:49","date_gmt":"2022-10-13T08:44:49","guid":{"rendered":"https:\/\/sumkcaps.com\/?post_type=product&#038;p=17005"},"modified":"2026-03-10T15:33:09","modified_gmt":"2026-03-10T07:33:09","slug":"sufox-241086-custom-embossed-seven-panel-snapback-cap","status":"publish","type":"product","link":"https:\/\/sumkcaps.com\/sv\/produkt\/sufox-241086-custom-praglad-snapback-keps-med-sju-paneler\/","title":{"rendered":"Sumkcaps 241086 Custom pr\u00e4glad Snapback keps med sju paneler"},"content":{"rendered":"<h3 data-start=\"0\" data-end=\"370\"><strong data-start=\"0\" data-end=\"25\">Dekoration<\/strong><\/h3>\n<p data-start=\"0\" data-end=\"370\">Denna snapback-keps har en pr\u00e4glad dekor som skapar en distinkt upph\u00f6jd textur p\u00e5 frontpanelen. Den pr\u00e4glade designen ger djup och en f\u00f6rstklassig visuell effekt, vilket g\u00f6r att logotyper eller m\u00f6nster sticker ut p\u00e5 ett subtilt men \u00e4nd\u00e5 elegant s\u00e4tt. Denna teknik \u00e4r idealisk f\u00f6r varum\u00e4rken som s\u00f6ker ett modernt och sofistikerat utseende f\u00f6r sina anpassade huvudbonader.<\/p>\n<h3 data-start=\"372\" data-end=\"752\"><strong data-start=\"372\" data-end=\"399\">Material<\/strong><\/h3>\n<p data-start=\"372\" data-end=\"752\">Den h\u00e4r kepsen \u00e4r tillverkad av akryltyget 100% och \u00e4r mycket slitstark, l\u00e4tt och bekv\u00e4m samt formstabil. Materialet hj\u00e4lper kepsen att beh\u00e5lla sin strukturerade form samtidigt som det motst\u00e5r skrynklor och krympning. Akryltyget \u00e4r ocks\u00e5 l\u00e4ttsk\u00f6tt och l\u00e4mpligt f\u00f6r daglig anv\u00e4ndning, vilket g\u00f6r det till ett praktiskt val f\u00f6r b\u00e5de mode och reklam.<\/p>\n<h3 data-start=\"754\" data-end=\"1090\"><strong data-start=\"754\" data-end=\"776\">F\u00e4rg<\/strong><\/h3>\n<p data-start=\"754\" data-end=\"1090\">Kepsen kan anpassas i fullf\u00e4rg f\u00f6r att uppfylla olika varum\u00e4rkes- och designkrav. Kunderna kan v\u00e4lja bland ett brett utbud av tygf\u00e4rger f\u00f6r att matcha sin logotyp, varum\u00e4rkesidentitet eller s\u00e4songskollektioner, vilket g\u00f6r kepsen l\u00e4mplig f\u00f6r streetwear-m\u00e4rken, evenemang, reklamkampanjer och detaljhandelsvaror.<\/p>\n<h3 data-start=\"1092\" data-end=\"1387\"><strong data-start=\"1092\" data-end=\"1125\">Passform och storlek<\/strong><\/h3>\n<p data-start=\"1092\" data-end=\"1387\">Kepsen \u00e4r designad med en justerbar snapback-st\u00e4ngning och har en OSFM-passform (One Size Fits Most) som passar huvudstorlekar fr\u00e5n 7 till 7 3\/4. Den justerbara designen g\u00f6r det m\u00f6jligt f\u00f6r anv\u00e4ndare att enkelt \u00e4ndra passformen f\u00f6r komfort och stabilitet, vilket g\u00f6r den l\u00e4mplig f\u00f6r de flesta vuxna.<\/p>\n<h3 data-start=\"1389\" data-end=\"1699\"><strong data-start=\"1389\" data-end=\"1410\">Visir<\/strong><\/h3>\n<p data-start=\"1389\" data-end=\"1699\">Det platta visiret ger en ren, modern look som \u00e4r popul\u00e4r inom streetwear och casual fashion. Den strukturerade designen bibeh\u00e5ller en skarp form samtidigt som den ger ett tillf\u00f6rlitligt solskydd. Visiret kan ocks\u00e5 anpassas med olika f\u00e4rger eller material f\u00f6r att matcha den \u00f6vergripande kepsdesignen.<\/p>\n<h3 data-start=\"1701\" data-end=\"1990\"><strong data-start=\"1701\" data-end=\"1724\">Service<\/strong><\/h3>\n<p data-start=\"1701\" data-end=\"1990\">Sumkcaps erbjuder professionella OEM- och ODM-tj\u00e4nster f\u00f6r varum\u00e4rken, grossister och reklamf\u00f6retag. Fr\u00e5n konceptutveckling och materialval till logotypplacering och anpassning av f\u00f6rpackningar hj\u00e4lper v\u00e5rt team kunder att skapa unika och h\u00f6gkvalitativa anpassade kepsar.<\/p>\n<h3 data-start=\"1992\" data-end=\"2285\"><strong data-start=\"1992\" data-end=\"2034\">Genomf\u00f6randetid<\/strong><\/h3>\n<p data-start=\"1992\" data-end=\"2285\" data-is-last-node=\"\" data-is-only-node=\"\">Provproduktion tar vanligtvis 7-9 arbetsdagar, vilket g\u00f6r det m\u00f6jligt f\u00f6r kunderna att snabbt granska och bekr\u00e4fta designdetaljer. Bulkproduktion tar vanligtvis 18-22 arbetsdagar, vilket s\u00e4kerst\u00e4ller j\u00e4mn produktkvalitet och snabb leverans f\u00f6r best\u00e4llningar av stora volymer.<\/p>","protected":false},"excerpt":{"rendered":"<p>Sumkcaps 241086 Anpassad pr\u00e4glad Snapback-keps med sju paneler \u00e4r en av popul\u00e4ra kepsar, l\u00e4tt och andningsbar v\u00e4l. V\u00e5ra Snapbacks kommer i en m\u00e4ngd olika stilar och f\u00e4rger fr\u00e5n alla de b\u00e4sta varum\u00e4rkena.<\/p>","protected":false},"featured_media":17006,"template":"","meta":{"_acf_changed":false,"_kad_blocks_custom_css":"","_kad_blocks_head_custom_js":"","_kad_blocks_body_custom_js":"","_kad_blocks_footer_custom_js":""},"product_brand":[],"product_cat":[42],"product_tag":[],"class_list":{"0":"post-17005","1":"product","2":"type-product","3":"status-publish","4":"has-post-thumbnail","6":"product_cat-snapback-cap","8":"first","9":"outofstock","10":"shipping-taxable","11":"product-type-simple"},"acf":[],"yoast_head":"<!-- This site is optimized with the Yoast SEO Premium plugin v20.8 (Yoast SEO v25.9) - https:\/\/yoast.com\/wordpress\/plugins\/seo\/ -->\n<title>Custom Embossed 7 Panel Snapback Cap | China Manufactuer<\/title>\n<meta name=\"description\" content=\"Custom Cap, Logo Cap, Brand Caps, Custom Made Snapback Caps, Custom Snapback Baseball Hats. Premium Cap Manufacturer since 2006. Order Today!\" \/>\n<meta name=\"robots\" content=\"index, follow, max-snippet:-1, max-image-preview:large, max-video-preview:-1\" \/>\n<link rel=\"canonical\" href=\"https:\/\/sumkcaps.com\/sv\/produkt\/sufox-241086-custom-praglad-snapback-keps-med-sju-paneler\/\" \/>\n<meta property=\"og:locale\" content=\"sv_SE\" \/>\n<meta property=\"og:type\" content=\"article\" \/>\n<meta property=\"og:title\" content=\"Sumkcaps 241086 Custom Embossed Seven Panel Snapback Cap - Sumkcaps\" \/>\n<meta property=\"og:description\" content=\"Custom Cap, Logo Cap, Brand Caps, Custom Made Snapback Caps, Custom Snapback Baseball Hats. Premium Cap Manufacturer since 2006. Order Today!\" \/>\n<meta property=\"og:url\" content=\"https:\/\/sumkcaps.com\/sv\/produkt\/sufox-241086-custom-praglad-snapback-keps-med-sju-paneler\/\" \/>\n<meta property=\"og:site_name\" content=\"Sumkcaps-China Original Headwear Manufacturer and Suppliers\" \/>\n<meta property=\"article:publisher\" content=\"https:\/\/www.facebook.com\/sumkcap\" \/>\n<meta property=\"article:modified_time\" content=\"2026-03-10T07:33:09+00:00\" \/>\n<meta property=\"og:image\" content=\"https:\/\/sumkcaps.com\/wp-content\/uploads\/2022\/10\/custom_flat_bill_embossed_7_panel_snapback_hat-1.jpg\" \/>\n\t<meta property=\"og:image:width\" content=\"800\" \/>\n\t<meta property=\"og:image:height\" content=\"800\" \/>\n\t<meta property=\"og:image:type\" content=\"image\/jpeg\" \/>\n<meta name=\"twitter:card\" content=\"summary_large_image\" \/>\n<meta name=\"twitter:label1\" content=\"Ber\u00e4knad l\u00e4stid\" \/>\n\t<meta name=\"twitter:data1\" content=\"2 minuter\" \/>\n<script type=\"application\/ld+json\" class=\"yoast-schema-graph\">{\"@context\":\"https:\/\/schema.org\",\"@graph\":[{\"@type\":\"WebPage\",\"@id\":\"https:\/\/sumkcaps.com\/product\/sufox-241086-custom-embossed-seven-panel-snapback-cap\/\",\"url\":\"https:\/\/sumkcaps.com\/product\/sufox-241086-custom-embossed-seven-panel-snapback-cap\/\",\"name\":\"Custom Embossed 7 Panel Snapback Cap | China Manufactuer\",\"isPartOf\":{\"@id\":\"https:\/\/sumkcaps.com\/#website\"},\"primaryImageOfPage\":{\"@id\":\"https:\/\/sumkcaps.com\/product\/sufox-241086-custom-embossed-seven-panel-snapback-cap\/#primaryimage\"},\"image\":{\"@id\":\"https:\/\/sumkcaps.com\/product\/sufox-241086-custom-embossed-seven-panel-snapback-cap\/#primaryimage\"},\"thumbnailUrl\":\"https:\/\/sumkcaps.com\/wp-content\/uploads\/2022\/10\/custom_flat_bill_embossed_7_panel_snapback_hat-1.jpg\",\"datePublished\":\"2022-10-13T08:44:49+00:00\",\"dateModified\":\"2026-03-10T07:33:09+00:00\",\"description\":\"Custom Cap, Logo Cap, Brand Caps, Custom Made Snapback Caps, Custom Snapback Baseball Hats. Premium Cap Manufacturer since 2006. Order Today!\",\"breadcrumb\":{\"@id\":\"https:\/\/sumkcaps.com\/product\/sufox-241086-custom-embossed-seven-panel-snapback-cap\/#breadcrumb\"},\"inLanguage\":\"sv-SE\",\"potentialAction\":[{\"@type\":\"ReadAction\",\"target\":[\"https:\/\/sumkcaps.com\/product\/sufox-241086-custom-embossed-seven-panel-snapback-cap\/\"]}]},{\"@type\":\"ImageObject\",\"inLanguage\":\"sv-SE\",\"@id\":\"https:\/\/sumkcaps.com\/product\/sufox-241086-custom-embossed-seven-panel-snapback-cap\/#primaryimage\",\"url\":\"https:\/\/sumkcaps.com\/wp-content\/uploads\/2022\/10\/custom_flat_bill_embossed_7_panel_snapback_hat-1.jpg\",\"contentUrl\":\"https:\/\/sumkcaps.com\/wp-content\/uploads\/2022\/10\/custom_flat_bill_embossed_7_panel_snapback_hat-1.jpg\",\"width\":800,\"height\":800},{\"@type\":\"BreadcrumbList\",\"@id\":\"https:\/\/sumkcaps.com\/product\/sufox-241086-custom-embossed-seven-panel-snapback-cap\/#breadcrumb\",\"itemListElement\":[{\"@type\":\"ListItem\",\"position\":1,\"name\":\"Home\",\"item\":\"https:\/\/sumkcaps.com\/\"},{\"@type\":\"ListItem\",\"position\":2,\"name\":\"Products\",\"item\":\"https:\/\/sumkcaps.com\/product\/\"},{\"@type\":\"ListItem\",\"position\":3,\"name\":\"Sumkcaps 241086 Custom Embossed Seven Panel Snapback Cap\"}]},{\"@type\":\"WebSite\",\"@id\":\"https:\/\/sumkcaps.com\/#website\",\"url\":\"https:\/\/sumkcaps.com\/\",\"name\":\"Sumkcaps-China Original Headwear Manufacturer and Suppliers\",\"description\":\"We are China Cap And Hat Original Factory, whose main business is to custom cap and hat as client&#039;s LOGO. Any cap style, any cap color, any qty, any material and qty is no problem. In one words, any small details can be customized as your request.\",\"publisher\":{\"@id\":\"https:\/\/sumkcaps.com\/#organization\"},\"potentialAction\":[{\"@type\":\"SearchAction\",\"target\":{\"@type\":\"EntryPoint\",\"urlTemplate\":\"https:\/\/sumkcaps.com\/?s={search_term_string}\"},\"query-input\":{\"@type\":\"PropertyValueSpecification\",\"valueRequired\":true,\"valueName\":\"search_term_string\"}}],\"inLanguage\":\"sv-SE\"},{\"@type\":\"Organization\",\"@id\":\"https:\/\/sumkcaps.com\/#organization\",\"name\":\"Sumkcaps-China Original Headwear Manufacturer and Suppliers\",\"url\":\"https:\/\/sumkcaps.com\/\",\"logo\":{\"@type\":\"ImageObject\",\"inLanguage\":\"sv-SE\",\"@id\":\"https:\/\/sumkcaps.com\/#\/schema\/logo\/image\/\",\"url\":\"https:\/\/sumkcaps.com\/wp-content\/uploads\/2025\/12\/1234.jpg\",\"contentUrl\":\"https:\/\/sumkcaps.com\/wp-content\/uploads\/2025\/12\/1234.jpg\",\"width\":800,\"height\":800,\"caption\":\"Sumkcaps-China Original Headwear Manufacturer and Suppliers\"},\"image\":{\"@id\":\"https:\/\/sumkcaps.com\/#\/schema\/logo\/image\/\"},\"sameAs\":[\"https:\/\/www.facebook.com\/sumkcap\",\"https:\/\/www.instagram.com\/sumkcaps7\/\",\"https:\/\/www.pinterest.com\/sumkcapschina\/\"]}]}<\/script>\n<!-- \/ Yoast SEO Premium plugin. -->","yoast_head_json":{"title":"Anpassad pr\u00e4glad 7 panel snapback keps | Kina tillverkare","description":"Anpassad keps, logotypkeps, varum\u00e4rkeskepsar, skr\u00e4ddarsydda snapback-kepsar, anpassade snapback-basebollhattar. Premium Cap Tillverkare sedan 2006. Best\u00e4ll idag!","robots":{"index":"index","follow":"follow","max-snippet":"max-snippet:-1","max-image-preview":"max-image-preview:large","max-video-preview":"max-video-preview:-1"},"canonical":"https:\/\/sumkcaps.com\/sv\/produkt\/sufox-241086-custom-praglad-snapback-keps-med-sju-paneler\/","og_locale":"sv_SE","og_type":"article","og_title":"Sumkcaps 241086 Custom Embossed Seven Panel Snapback Cap - Sumkcaps","og_description":"Custom Cap, Logo Cap, Brand Caps, Custom Made Snapback Caps, Custom Snapback Baseball Hats. Premium Cap Manufacturer since 2006. Order Today!","og_url":"https:\/\/sumkcaps.com\/sv\/produkt\/sufox-241086-custom-praglad-snapback-keps-med-sju-paneler\/","og_site_name":"Sumkcaps-China Original Headwear Manufacturer and Suppliers","article_publisher":"https:\/\/www.facebook.com\/sumkcap","article_modified_time":"2026-03-10T07:33:09+00:00","og_image":[{"width":800,"height":800,"url":"https:\/\/sumkcaps.com\/wp-content\/uploads\/2022\/10\/custom_flat_bill_embossed_7_panel_snapback_hat-1.jpg","type":"image\/jpeg"}],"twitter_card":"summary_large_image","twitter_misc":{"Ber\u00e4knad l\u00e4stid":"2 minuter"},"schema":{"@context":"https:\/\/schema.org","@graph":[{"@type":"WebPage","@id":"https:\/\/sumkcaps.com\/product\/sufox-241086-custom-embossed-seven-panel-snapback-cap\/","url":"https:\/\/sumkcaps.com\/product\/sufox-241086-custom-embossed-seven-panel-snapback-cap\/","name":"Anpassad pr\u00e4glad 7 panel snapback keps | Kina tillverkare","isPartOf":{"@id":"https:\/\/sumkcaps.com\/#website"},"primaryImageOfPage":{"@id":"https:\/\/sumkcaps.com\/product\/sufox-241086-custom-embossed-seven-panel-snapback-cap\/#primaryimage"},"image":{"@id":"https:\/\/sumkcaps.com\/product\/sufox-241086-custom-embossed-seven-panel-snapback-cap\/#primaryimage"},"thumbnailUrl":"https:\/\/sumkcaps.com\/wp-content\/uploads\/2022\/10\/custom_flat_bill_embossed_7_panel_snapback_hat-1.jpg","datePublished":"2022-10-13T08:44:49+00:00","dateModified":"2026-03-10T07:33:09+00:00","description":"Anpassad keps, logotypkeps, varum\u00e4rkeskepsar, skr\u00e4ddarsydda snapback-kepsar, anpassade snapback-basebollhattar. Premium Cap Tillverkare sedan 2006. Best\u00e4ll idag!","breadcrumb":{"@id":"https:\/\/sumkcaps.com\/product\/sufox-241086-custom-embossed-seven-panel-snapback-cap\/#breadcrumb"},"inLanguage":"sv-SE","potentialAction":[{"@type":"ReadAction","target":["https:\/\/sumkcaps.com\/product\/sufox-241086-custom-embossed-seven-panel-snapback-cap\/"]}]},{"@type":"ImageObject","inLanguage":"sv-SE","@id":"https:\/\/sumkcaps.com\/product\/sufox-241086-custom-embossed-seven-panel-snapback-cap\/#primaryimage","url":"https:\/\/sumkcaps.com\/wp-content\/uploads\/2022\/10\/custom_flat_bill_embossed_7_panel_snapback_hat-1.jpg","contentUrl":"https:\/\/sumkcaps.com\/wp-content\/uploads\/2022\/10\/custom_flat_bill_embossed_7_panel_snapback_hat-1.jpg","width":800,"height":800},{"@type":"BreadcrumbList","@id":"https:\/\/sumkcaps.com\/product\/sufox-241086-custom-embossed-seven-panel-snapback-cap\/#breadcrumb","itemListElement":[{"@type":"ListItem","position":1,"name":"Home","item":"https:\/\/sumkcaps.com\/"},{"@type":"ListItem","position":2,"name":"Products","item":"https:\/\/sumkcaps.com\/product\/"},{"@type":"ListItem","position":3,"name":"Sumkcaps 241086 Custom Embossed Seven Panel Snapback Cap"}]},{"@type":"WebSite","@id":"https:\/\/sumkcaps.com\/#website","url":"https:\/\/sumkcaps.com\/","name":"Sumkcaps - tillverkare och leverant\u00f6rer av originalhuvudbonader i Kina","description":"Vi \u00e4r China Cap And Hat Original Factory, vars huvudsakliga verksamhet \u00e4r att anpassa m\u00f6ssa och hatt som klient &amp; #03939; s LOGO. Vilken keps som helst, vilken kepsf\u00e4rg som helst, vilket antal som helst, vilket material som helst och antal \u00e4r inget problem. Med ett ord kan alla sm\u00e5 detaljer anpassas efter din beg\u00e4ran.","publisher":{"@id":"https:\/\/sumkcaps.com\/#organization"},"potentialAction":[{"@type":"SearchAction","target":{"@type":"EntryPoint","urlTemplate":"https:\/\/sumkcaps.com\/?s={search_term_string}"},"query-input":{"@type":"PropertyValueSpecification","valueRequired":true,"valueName":"search_term_string"}}],"inLanguage":"sv-SE"},{"@type":"Organization","@id":"https:\/\/sumkcaps.com\/#organization","name":"Sumkcaps - tillverkare och leverant\u00f6rer av originalhuvudbonader i Kina","url":"https:\/\/sumkcaps.com\/","logo":{"@type":"ImageObject","inLanguage":"sv-SE","@id":"https:\/\/sumkcaps.com\/#\/schema\/logo\/image\/","url":"https:\/\/sumkcaps.com\/wp-content\/uploads\/2025\/12\/1234.jpg","contentUrl":"https:\/\/sumkcaps.com\/wp-content\/uploads\/2025\/12\/1234.jpg","width":800,"height":800,"caption":"Sumkcaps-China Original Headwear Manufacturer and Suppliers"},"image":{"@id":"https:\/\/sumkcaps.com\/#\/schema\/logo\/image\/"},"sameAs":["https:\/\/www.facebook.com\/sumkcap","https:\/\/www.instagram.com\/sumkcaps7\/","https:\/\/www.pinterest.com\/sumkcapschina\/"]}]}},"taxonomy_info":{"product_cat":[{"value":42,"label":"Snapback Hats Wholesale"}]},"featured_image_src_large":["https:\/\/sumkcaps.com\/wp-content\/uploads\/2022\/10\/custom_flat_bill_embossed_7_panel_snapback_hat-1.jpg",800,800,false],"author_info":[],"comment_info":"","_links":{"self":[{"href":"https:\/\/sumkcaps.com\/sv\/wp-json\/wp\/v2\/product\/17005","targetHints":{"allow":["GET"]}}],"collection":[{"href":"https:\/\/sumkcaps.com\/sv\/wp-json\/wp\/v2\/product"}],"about":[{"href":"https:\/\/sumkcaps.com\/sv\/wp-json\/wp\/v2\/types\/product"}],"wp:featuredmedia":[{"embeddable":true,"href":"https:\/\/sumkcaps.com\/sv\/wp-json\/wp\/v2\/media\/17006"}],"wp:attachment":[{"href":"https:\/\/sumkcaps.com\/sv\/wp-json\/wp\/v2\/media?parent=17005"}],"wp:term":[{"taxonomy":"product_brand","embeddable":true,"href":"https:\/\/sumkcaps.com\/sv\/wp-json\/wp\/v2\/product_brand?post=17005"},{"taxonomy":"product_cat","embeddable":true,"href":"https:\/\/sumkcaps.com\/sv\/wp-json\/wp\/v2\/product_cat?post=17005"},{"taxonomy":"product_tag","embeddable":true,"href":"https:\/\/sumkcaps.com\/sv\/wp-json\/wp\/v2\/product_tag?post=17005"}],"curies":[{"name":"wp","href":"https:\/\/api.w.org\/{rel}","templated":true}]}}