{"id":16973,"date":"2022-10-13T16:11:15","date_gmt":"2022-10-13T08:11:15","guid":{"rendered":"https:\/\/sumkcaps.com\/?post_type=product&#038;p=16973"},"modified":"2025-12-17T16:03:14","modified_gmt":"2025-12-17T08:03:14","slug":"sufox-241091-custom-six-panel-3d-embroidery-snapback-cap","status":"publish","type":"product","link":"https:\/\/sumkcaps.com\/sv\/produkt\/sufox-241091-custom-snapback-keps-med-sex-paneler-och-3d-brodyr\/","title":{"rendered":"Sumkcaps 241091 Custom Snapback keps med sex paneler och 3D-brodyr"},"content":{"rendered":"<h3 data-start=\"129\" data-end=\"514\"><strong data-start=\"129\" data-end=\"159\">Dekoration<\/strong><\/h3>\n<p data-start=\"129\" data-end=\"514\">Denna snapback-keps har h\u00f6gkvalitativ 3D-broderi, vilket ger logotyper, text eller m\u00f6nster en upph\u00f6jd, i\u00f6gonfallande effekt. Broderiet \u00e4r precist och h\u00e5llbart och beh\u00e5ller sin form och f\u00e4rg \u00f6ver tid. 3D-designen \u00e4r idealisk f\u00f6r varum\u00e4rkesprofilering, teamkl\u00e4der eller modekollektioner och ger djup och visuell attraktionskraft, vilket g\u00f6r att ditt varum\u00e4rke sticker ut i butiker eller i reklamsammanhang.<\/p>\n<h3 data-start=\"516\" data-end=\"890\"><strong data-start=\"516\" data-end=\"543\">Material<\/strong><\/h3>\n<p data-start=\"516\" data-end=\"890\">Denna keps \u00e4r tillverkad av h\u00f6gkvalitativ 100%-akryl och erbjuder h\u00e5llbarhet, l\u00e4tt komfort och utm\u00e4rkt formbest\u00e4ndighet. Akrylfibrerna ger en sl\u00e4t struktur, motst\u00e5r krympning och beh\u00e5ller sina livfulla f\u00e4rger \u00e4ven efter upprepad anv\u00e4ndning. Detta g\u00f6r den perfekt f\u00f6r vardagsbruk, utomhusaktiviteter eller grossistdistribution, och garanterar l\u00e5ngvarig kvalitet.<\/p>\n<h3 data-start=\"892\" data-end=\"1238\"><strong data-start=\"892\" data-end=\"919\">F\u00e4rg<\/strong><\/h3>\n<p data-start=\"892\" data-end=\"1238\">Finns i en dj\u00e4rv r\u00f6d bas eller helt anpassade f\u00e4rger som matchar ditt varum\u00e4rke eller s\u00e4songens teman. Anpassningsalternativen m\u00f6jligg\u00f6r enhetlig f\u00e4rgmatchning f\u00f6r stora best\u00e4llningar, vilket g\u00f6r den idealisk f\u00f6r egna m\u00e4rkeskollektioner, detaljhandelsprodukter eller reklamprodukter, s\u00e5 att varje keps matchar din varum\u00e4rkesidentitet.<\/p>\n<h3 data-start=\"1240\" data-end=\"1598\"><strong data-start=\"1240\" data-end=\"1273\">Passform och storlek<\/strong><\/h3>\n<p data-start=\"1240\" data-end=\"1598\">Denna snapback med sex paneler \u00e4r designad med en OSFM-passform och passar bekv\u00e4mt de flesta vuxna huvudstorlekar fr\u00e5n 7 till 7 3\/4. Den justerbara snapback-kn\u00e4ppningen ger en s\u00e4ker och flexibel passform, medan de strukturerade panelerna bibeh\u00e5ller en ren silhuett, vilket ger b\u00e5de komfort och ett polerat utseende som passar f\u00f6r casual eller modemedvetna kl\u00e4der.<\/p>\n<h3 data-start=\"1600\" data-end=\"1948\"><strong data-start=\"1600\" data-end=\"1621\">Visir<\/strong><\/h3>\n<p data-start=\"1600\" data-end=\"1948\">Den platta sk\u00e4rmen ger en modern, streetwear-inspirerad estetik samtidigt som den ger praktisk skugga och solskydd. Den strukturerade platta formen beh\u00e5ller sin form \u00f6ver tid och kompletterar kepsens sexpanelsdesign. Den platta sk\u00e4rmen \u00e4r perfekt f\u00f6r casual, sportig eller reklam\u00e4ndam\u00e5l och f\u00f6rst\u00e4rker den \u00f6vergripande stilen och visuella identiteten.<\/p>\n<h3 data-start=\"1950\" data-end=\"2286\"><strong data-start=\"1950\" data-end=\"1973\">Service<\/strong><\/h3>\n<p data-start=\"1950\" data-end=\"2286\">Vi erbjuder kompletta OEM- och ODM-tj\u00e4nster och st\u00f6djer kundspecifika designer, logotypplacering, m\u00e4rkning, f\u00f6rpackning och bulkproduktion. Fr\u00e5n koncept till leverans s\u00e4kerst\u00e4ller v\u00e5rt team h\u00f6gkvalitativ tillverkning och punktlig leverans, vilket g\u00f6r denna keps idealisk f\u00f6r egna varum\u00e4rken, grossistpartners eller reklamkampanjer.<\/p>","protected":false},"excerpt":{"rendered":"<p>Sumkcaps 241091 Custom Six Panel 3D Embroidery Snapback Cap \u00e4r en av popul\u00e4ra kepsar, l\u00e4tt och andas bra. V\u00e5ra Snapbacks kommer i en m\u00e4ngd olika stilar och f\u00e4rger fr\u00e5n alla de b\u00e4sta varum\u00e4rkena.<\/p>","protected":false},"featured_media":16974,"template":"","meta":{"_acf_changed":false,"_kad_blocks_custom_css":"","_kad_blocks_head_custom_js":"","_kad_blocks_body_custom_js":"","_kad_blocks_footer_custom_js":""},"product_brand":[],"product_cat":[42],"product_tag":[],"class_list":{"0":"post-16973","1":"product","2":"type-product","3":"status-publish","4":"has-post-thumbnail","6":"product_cat-snapback-cap","8":"first","9":"outofstock","10":"shipping-taxable","11":"product-type-simple"},"acf":[],"yoast_head":"<!-- This site is optimized with the Yoast SEO Premium plugin v20.8 (Yoast SEO v25.9) - https:\/\/yoast.com\/wordpress\/plugins\/seo\/ -->\n<title>Custom 3D Embroidery Snapback Cap | China Manufactuer<\/title>\n<meta name=\"description\" content=\"Sumkcaps 241091 3D Embroidery Snapback Cap with 100% acrylic, flat bill, OSFM fit, red\/custom colors, and full OEM &amp; ODM support.\" \/>\n<meta name=\"robots\" content=\"index, follow, max-snippet:-1, max-image-preview:large, max-video-preview:-1\" \/>\n<link rel=\"canonical\" href=\"https:\/\/sumkcaps.com\/sv\/produkt\/sufox-241091-custom-snapback-keps-med-sex-paneler-och-3d-brodyr\/\" \/>\n<meta property=\"og:locale\" content=\"sv_SE\" \/>\n<meta property=\"og:type\" content=\"article\" \/>\n<meta property=\"og:title\" content=\"Sumkcaps 241091 Custom Six Panel 3D Embroidery Snapback Cap - Sumkcaps\" \/>\n<meta property=\"og:description\" content=\"Sumkcaps 241091 3D Embroidery Snapback Cap with 100% acrylic, flat bill, OSFM fit, red\/custom colors, and full OEM &amp; ODM support.\" \/>\n<meta property=\"og:url\" content=\"https:\/\/sumkcaps.com\/sv\/produkt\/sufox-241091-custom-snapback-keps-med-sex-paneler-och-3d-brodyr\/\" \/>\n<meta property=\"og:site_name\" content=\"Sumkcaps-China Original Headwear Manufacturer and Suppliers\" \/>\n<meta property=\"article:publisher\" content=\"https:\/\/www.facebook.com\/sumkcap\" \/>\n<meta property=\"article:modified_time\" content=\"2025-12-17T08:03:14+00:00\" \/>\n<meta property=\"og:image\" content=\"https:\/\/sumkcaps.com\/wp-content\/uploads\/2022\/10\/custom_6_panel_3d_embroidery_snapback_hat-1-1.jpg\" \/>\n\t<meta property=\"og:image:width\" content=\"800\" \/>\n\t<meta property=\"og:image:height\" content=\"800\" \/>\n\t<meta property=\"og:image:type\" content=\"image\/jpeg\" \/>\n<meta name=\"twitter:card\" content=\"summary_large_image\" \/>\n<meta name=\"twitter:label1\" content=\"Ber\u00e4knad l\u00e4stid\" \/>\n\t<meta name=\"twitter:data1\" content=\"2 minuter\" \/>\n<script type=\"application\/ld+json\" class=\"yoast-schema-graph\">{\"@context\":\"https:\/\/schema.org\",\"@graph\":[{\"@type\":\"WebPage\",\"@id\":\"https:\/\/sumkcaps.com\/product\/sufox-241091-custom-six-panel-3d-embroidery-snapback-cap\/\",\"url\":\"https:\/\/sumkcaps.com\/product\/sufox-241091-custom-six-panel-3d-embroidery-snapback-cap\/\",\"name\":\"Custom 3D Embroidery Snapback Cap | China Manufactuer\",\"isPartOf\":{\"@id\":\"https:\/\/sumkcaps.com\/#website\"},\"primaryImageOfPage\":{\"@id\":\"https:\/\/sumkcaps.com\/product\/sufox-241091-custom-six-panel-3d-embroidery-snapback-cap\/#primaryimage\"},\"image\":{\"@id\":\"https:\/\/sumkcaps.com\/product\/sufox-241091-custom-six-panel-3d-embroidery-snapback-cap\/#primaryimage\"},\"thumbnailUrl\":\"https:\/\/sumkcaps.com\/wp-content\/uploads\/2022\/10\/custom_6_panel_3d_embroidery_snapback_hat-1-1.jpg\",\"datePublished\":\"2022-10-13T08:11:15+00:00\",\"dateModified\":\"2025-12-17T08:03:14+00:00\",\"description\":\"Sumkcaps 241091 3D Embroidery Snapback Cap with 100% acrylic, flat bill, OSFM fit, red\/custom colors, and full OEM & ODM support.\",\"breadcrumb\":{\"@id\":\"https:\/\/sumkcaps.com\/product\/sufox-241091-custom-six-panel-3d-embroidery-snapback-cap\/#breadcrumb\"},\"inLanguage\":\"sv-SE\",\"potentialAction\":[{\"@type\":\"ReadAction\",\"target\":[\"https:\/\/sumkcaps.com\/product\/sufox-241091-custom-six-panel-3d-embroidery-snapback-cap\/\"]}]},{\"@type\":\"ImageObject\",\"inLanguage\":\"sv-SE\",\"@id\":\"https:\/\/sumkcaps.com\/product\/sufox-241091-custom-six-panel-3d-embroidery-snapback-cap\/#primaryimage\",\"url\":\"https:\/\/sumkcaps.com\/wp-content\/uploads\/2022\/10\/custom_6_panel_3d_embroidery_snapback_hat-1-1.jpg\",\"contentUrl\":\"https:\/\/sumkcaps.com\/wp-content\/uploads\/2022\/10\/custom_6_panel_3d_embroidery_snapback_hat-1-1.jpg\",\"width\":800,\"height\":800},{\"@type\":\"BreadcrumbList\",\"@id\":\"https:\/\/sumkcaps.com\/product\/sufox-241091-custom-six-panel-3d-embroidery-snapback-cap\/#breadcrumb\",\"itemListElement\":[{\"@type\":\"ListItem\",\"position\":1,\"name\":\"Home\",\"item\":\"https:\/\/sumkcaps.com\/\"},{\"@type\":\"ListItem\",\"position\":2,\"name\":\"Products\",\"item\":\"https:\/\/sumkcaps.com\/product\/\"},{\"@type\":\"ListItem\",\"position\":3,\"name\":\"Sumkcaps 241091 Custom Six Panel 3D Embroidery Snapback Cap\"}]},{\"@type\":\"WebSite\",\"@id\":\"https:\/\/sumkcaps.com\/#website\",\"url\":\"https:\/\/sumkcaps.com\/\",\"name\":\"Sumkcaps-China Original Headwear Manufacturer and Suppliers\",\"description\":\"We are China Cap And Hat Original Factory, whose main business is to custom cap and hat as client&#039;s LOGO. Any cap style, any cap color, any qty, any material and qty is no problem. In one words, any small details can be customized as your request.\",\"publisher\":{\"@id\":\"https:\/\/sumkcaps.com\/#organization\"},\"potentialAction\":[{\"@type\":\"SearchAction\",\"target\":{\"@type\":\"EntryPoint\",\"urlTemplate\":\"https:\/\/sumkcaps.com\/?s={search_term_string}\"},\"query-input\":{\"@type\":\"PropertyValueSpecification\",\"valueRequired\":true,\"valueName\":\"search_term_string\"}}],\"inLanguage\":\"sv-SE\"},{\"@type\":\"Organization\",\"@id\":\"https:\/\/sumkcaps.com\/#organization\",\"name\":\"Sumkcaps-China Original Headwear Manufacturer and Suppliers\",\"url\":\"https:\/\/sumkcaps.com\/\",\"logo\":{\"@type\":\"ImageObject\",\"inLanguage\":\"sv-SE\",\"@id\":\"https:\/\/sumkcaps.com\/#\/schema\/logo\/image\/\",\"url\":\"https:\/\/sumkcaps.com\/wp-content\/uploads\/2025\/12\/1234.jpg\",\"contentUrl\":\"https:\/\/sumkcaps.com\/wp-content\/uploads\/2025\/12\/1234.jpg\",\"width\":800,\"height\":800,\"caption\":\"Sumkcaps-China Original Headwear Manufacturer and Suppliers\"},\"image\":{\"@id\":\"https:\/\/sumkcaps.com\/#\/schema\/logo\/image\/\"},\"sameAs\":[\"https:\/\/www.facebook.com\/sumkcap\",\"https:\/\/www.instagram.com\/sumkcaps7\/\",\"https:\/\/www.pinterest.com\/sumkcapschina\/\"]}]}<\/script>\n<!-- \/ Yoast SEO Premium plugin. -->","yoast_head_json":{"title":"Anpassad 3D-broderad Snapback-keps | Kina Tillverkare","description":"Sumkcaps 241091 3D-broderad snapback-keps med 100% akryl, platt sk\u00e4rm, OSFM-passform, r\u00f6d\/anpassade f\u00e4rger och fullt OEM- och ODM-st\u00f6d.","robots":{"index":"index","follow":"follow","max-snippet":"max-snippet:-1","max-image-preview":"max-image-preview:large","max-video-preview":"max-video-preview:-1"},"canonical":"https:\/\/sumkcaps.com\/sv\/produkt\/sufox-241091-custom-snapback-keps-med-sex-paneler-och-3d-brodyr\/","og_locale":"sv_SE","og_type":"article","og_title":"Sumkcaps 241091 Custom Six Panel 3D Embroidery Snapback Cap - Sumkcaps","og_description":"Sumkcaps 241091 3D Embroidery Snapback Cap with 100% acrylic, flat bill, OSFM fit, red\/custom colors, and full OEM & ODM support.","og_url":"https:\/\/sumkcaps.com\/sv\/produkt\/sufox-241091-custom-snapback-keps-med-sex-paneler-och-3d-brodyr\/","og_site_name":"Sumkcaps-China Original Headwear Manufacturer and Suppliers","article_publisher":"https:\/\/www.facebook.com\/sumkcap","article_modified_time":"2025-12-17T08:03:14+00:00","og_image":[{"width":800,"height":800,"url":"https:\/\/sumkcaps.com\/wp-content\/uploads\/2022\/10\/custom_6_panel_3d_embroidery_snapback_hat-1-1.jpg","type":"image\/jpeg"}],"twitter_card":"summary_large_image","twitter_misc":{"Ber\u00e4knad l\u00e4stid":"2 minuter"},"schema":{"@context":"https:\/\/schema.org","@graph":[{"@type":"WebPage","@id":"https:\/\/sumkcaps.com\/product\/sufox-241091-custom-six-panel-3d-embroidery-snapback-cap\/","url":"https:\/\/sumkcaps.com\/product\/sufox-241091-custom-six-panel-3d-embroidery-snapback-cap\/","name":"Anpassad 3D-broderad Snapback-keps | Kina Tillverkare","isPartOf":{"@id":"https:\/\/sumkcaps.com\/#website"},"primaryImageOfPage":{"@id":"https:\/\/sumkcaps.com\/product\/sufox-241091-custom-six-panel-3d-embroidery-snapback-cap\/#primaryimage"},"image":{"@id":"https:\/\/sumkcaps.com\/product\/sufox-241091-custom-six-panel-3d-embroidery-snapback-cap\/#primaryimage"},"thumbnailUrl":"https:\/\/sumkcaps.com\/wp-content\/uploads\/2022\/10\/custom_6_panel_3d_embroidery_snapback_hat-1-1.jpg","datePublished":"2022-10-13T08:11:15+00:00","dateModified":"2025-12-17T08:03:14+00:00","description":"Sumkcaps 241091 3D-broderad snapback-keps med 100% akryl, platt sk\u00e4rm, OSFM-passform, r\u00f6d\/anpassade f\u00e4rger och fullt OEM- och ODM-st\u00f6d.","breadcrumb":{"@id":"https:\/\/sumkcaps.com\/product\/sufox-241091-custom-six-panel-3d-embroidery-snapback-cap\/#breadcrumb"},"inLanguage":"sv-SE","potentialAction":[{"@type":"ReadAction","target":["https:\/\/sumkcaps.com\/product\/sufox-241091-custom-six-panel-3d-embroidery-snapback-cap\/"]}]},{"@type":"ImageObject","inLanguage":"sv-SE","@id":"https:\/\/sumkcaps.com\/product\/sufox-241091-custom-six-panel-3d-embroidery-snapback-cap\/#primaryimage","url":"https:\/\/sumkcaps.com\/wp-content\/uploads\/2022\/10\/custom_6_panel_3d_embroidery_snapback_hat-1-1.jpg","contentUrl":"https:\/\/sumkcaps.com\/wp-content\/uploads\/2022\/10\/custom_6_panel_3d_embroidery_snapback_hat-1-1.jpg","width":800,"height":800},{"@type":"BreadcrumbList","@id":"https:\/\/sumkcaps.com\/product\/sufox-241091-custom-six-panel-3d-embroidery-snapback-cap\/#breadcrumb","itemListElement":[{"@type":"ListItem","position":1,"name":"Home","item":"https:\/\/sumkcaps.com\/"},{"@type":"ListItem","position":2,"name":"Products","item":"https:\/\/sumkcaps.com\/product\/"},{"@type":"ListItem","position":3,"name":"Sumkcaps 241091 Custom Six Panel 3D Embroidery Snapback Cap"}]},{"@type":"WebSite","@id":"https:\/\/sumkcaps.com\/#website","url":"https:\/\/sumkcaps.com\/","name":"Sumkcaps - tillverkare och leverant\u00f6rer av originalhuvudbonader i Kina","description":"Vi \u00e4r China Cap And Hat Original Factory, vars huvudsakliga verksamhet \u00e4r att anpassa m\u00f6ssa och hatt som klient &amp; #03939; s LOGO. Vilken keps som helst, vilken kepsf\u00e4rg som helst, vilket antal som helst, vilket material som helst och antal \u00e4r inget problem. Med ett ord kan alla sm\u00e5 detaljer anpassas efter din beg\u00e4ran.","publisher":{"@id":"https:\/\/sumkcaps.com\/#organization"},"potentialAction":[{"@type":"SearchAction","target":{"@type":"EntryPoint","urlTemplate":"https:\/\/sumkcaps.com\/?s={search_term_string}"},"query-input":{"@type":"PropertyValueSpecification","valueRequired":true,"valueName":"search_term_string"}}],"inLanguage":"sv-SE"},{"@type":"Organization","@id":"https:\/\/sumkcaps.com\/#organization","name":"Sumkcaps - tillverkare och leverant\u00f6rer av originalhuvudbonader i Kina","url":"https:\/\/sumkcaps.com\/","logo":{"@type":"ImageObject","inLanguage":"sv-SE","@id":"https:\/\/sumkcaps.com\/#\/schema\/logo\/image\/","url":"https:\/\/sumkcaps.com\/wp-content\/uploads\/2025\/12\/1234.jpg","contentUrl":"https:\/\/sumkcaps.com\/wp-content\/uploads\/2025\/12\/1234.jpg","width":800,"height":800,"caption":"Sumkcaps-China Original Headwear Manufacturer and Suppliers"},"image":{"@id":"https:\/\/sumkcaps.com\/#\/schema\/logo\/image\/"},"sameAs":["https:\/\/www.facebook.com\/sumkcap","https:\/\/www.instagram.com\/sumkcaps7\/","https:\/\/www.pinterest.com\/sumkcapschina\/"]}]}},"taxonomy_info":{"product_cat":[{"value":42,"label":"Snapback Hats Wholesale"}]},"featured_image_src_large":["https:\/\/sumkcaps.com\/wp-content\/uploads\/2022\/10\/custom_6_panel_3d_embroidery_snapback_hat-1-1.jpg",800,800,false],"author_info":[],"comment_info":"","_links":{"self":[{"href":"https:\/\/sumkcaps.com\/sv\/wp-json\/wp\/v2\/product\/16973","targetHints":{"allow":["GET"]}}],"collection":[{"href":"https:\/\/sumkcaps.com\/sv\/wp-json\/wp\/v2\/product"}],"about":[{"href":"https:\/\/sumkcaps.com\/sv\/wp-json\/wp\/v2\/types\/product"}],"wp:featuredmedia":[{"embeddable":true,"href":"https:\/\/sumkcaps.com\/sv\/wp-json\/wp\/v2\/media\/16974"}],"wp:attachment":[{"href":"https:\/\/sumkcaps.com\/sv\/wp-json\/wp\/v2\/media?parent=16973"}],"wp:term":[{"taxonomy":"product_brand","embeddable":true,"href":"https:\/\/sumkcaps.com\/sv\/wp-json\/wp\/v2\/product_brand?post=16973"},{"taxonomy":"product_cat","embeddable":true,"href":"https:\/\/sumkcaps.com\/sv\/wp-json\/wp\/v2\/product_cat?post=16973"},{"taxonomy":"product_tag","embeddable":true,"href":"https:\/\/sumkcaps.com\/sv\/wp-json\/wp\/v2\/product_tag?post=16973"}],"curies":[{"name":"wp","href":"https:\/\/api.w.org\/{rel}","templated":true}]}}