{"id":16950,"date":"2022-10-13T15:49:44","date_gmt":"2022-10-13T07:49:44","guid":{"rendered":"https:\/\/sumkcaps.com\/?post_type=product&#038;p=16950"},"modified":"2026-03-10T16:00:59","modified_gmt":"2026-03-10T08:00:59","slug":"sufox-241098-custom-six-panel-3d-embroidery-camo-snapback-cap","status":"publish","type":"product","link":"https:\/\/sumkcaps.com\/sv\/produkt\/sufox-241098-custom-sex-paneler-3d-broderi-camo-snapback-keps\/","title":{"rendered":"Sumkcaps 241098 Custom Six Panel 3D-brodyr Camo Snapback keps med sex paneler"},"content":{"rendered":"<h3 data-start=\"0\" data-end=\"396\"><strong data-start=\"0\" data-end=\"30\">Dekoration<\/strong><\/h3>\n<p data-start=\"0\" data-end=\"396\">Denna snapback-keps har premium 3D-brodyr som skapar en dj\u00e4rv, upph\u00f6jd logoeffekt p\u00e5 framsidan. De tjocka s\u00f6mmarna ger djup och textur, vilket g\u00f6r att logotyper eller bokst\u00e4ver framtr\u00e4der tydligt. Denna dekorationsteknik \u00e4r popul\u00e4r f\u00f6r streetwear-varum\u00e4rken, utomhuskollektioner och reklamartiklar p\u00e5 grund av dess starka visuella effekt och h\u00e5llbarhet.<\/p>\n<h3 data-start=\"398\" data-end=\"755\"><strong data-start=\"398\" data-end=\"424\">Material<\/strong><\/h3>\n<p data-start=\"398\" data-end=\"755\">Den h\u00e4r kepsen \u00e4r tillverkad av bomullsmaterialet 100% och har en naturlig andningsf\u00f6rm\u00e5ga, mjukhet och komfort f\u00f6r daglig anv\u00e4ndning. Bomullsmaterialet ger utm\u00e4rkt fuktabsorption och luftfl\u00f6de, vilket g\u00f6r den l\u00e4mplig f\u00f6r utomhusaktiviteter och varmt v\u00e4der. Det ger ocks\u00e5 en klassisk, h\u00f6gkvalitativ k\u00e4nsla samtidigt som det \u00e4r h\u00e5llbart f\u00f6r l\u00e5ngvarig anv\u00e4ndning.<\/p>\n<h3 data-start=\"757\" data-end=\"1114\"><strong data-start=\"757\" data-end=\"785\">F\u00e4rg<\/strong><\/h3>\n<p data-start=\"757\" data-end=\"1114\">Kepsen har ett snyggt kamouflagem\u00f6nster som ger en robust och utomhusinspirerad look. Kamouflagem\u00f6nster \u00e4r popul\u00e4ra inom streetwear och utomhusmode. F\u00f6rutom kamouflagem\u00f6nster st\u00f6der Sumkcaps ocks\u00e5 full f\u00e4rganpassning, vilket g\u00f6r det m\u00f6jligt f\u00f6r varum\u00e4rken att v\u00e4lja f\u00e4rger och m\u00f6nster som \u00f6verensst\u00e4mmer med deras identitet eller designkoncept.<\/p>\n<h3 data-start=\"1116\" data-end=\"1414\"><strong data-start=\"1116\" data-end=\"1149\">Passform och storlek<\/strong><\/h3>\n<p data-start=\"1116\" data-end=\"1414\">Den h\u00e4r kepsen har en justerbar snapback-st\u00e4ngning och OSFM-storlek (One Size Fits Most) som passar huvudomf\u00e5ng fr\u00e5n 7 till 7 3\/4. Det justerbara bandet g\u00f6r att du enkelt kan \u00e4ndra passformen f\u00f6r komfort och stabilitet, vilket g\u00f6r den l\u00e4mplig f\u00f6r de flesta vuxna.<\/p>\n<h3 data-start=\"1416\" data-end=\"1688\"><strong data-start=\"1416\" data-end=\"1437\">Visir<\/strong><\/h3>\n<p data-start=\"1416\" data-end=\"1688\">Det platta visiret ger en modern streetwear-estetik samtidigt som det ger ett tillf\u00f6rlitligt solskydd. Den strukturerade designen ger ett rent och snyggt utseende, vilket g\u00f6r den till ett popul\u00e4rt val f\u00f6r avslappnat mode, utomhusaktiviteter och urban stil.<\/p>\n<h3 data-start=\"1690\" data-end=\"1986\"><strong data-start=\"1690\" data-end=\"1713\">Service<\/strong><\/h3>\n<p data-start=\"1690\" data-end=\"1986\">Sumkcaps erbjuder professionella OEM- och ODM-tj\u00e4nster f\u00f6r att st\u00f6dja globala varum\u00e4rken, grossister och reklamf\u00f6retag. Fr\u00e5n materialval och logotypanpassning till f\u00f6rpackningsl\u00f6sningar hj\u00e4lper v\u00e5rt erfarna team till att omvandla designkoncept till h\u00f6gkvalitativa anpassade kepsar.<\/p>\n<h3 data-start=\"1988\" data-end=\"2286\"><strong data-start=\"1988\" data-end=\"2030\">Genomf\u00f6randetid<\/strong><\/h3>\n<p data-start=\"1988\" data-end=\"2286\" data-is-last-node=\"\" data-is-only-node=\"\">Provframtagning tar vanligtvis 7-9 arbetsdagar, vilket g\u00f6r att kunderna snabbt kan granska produktdetaljer och bekr\u00e4fta design. Bulkproduktion tar vanligtvis 18-22 arbetsdagar, vilket s\u00e4kerst\u00e4ller konsekvent kvalitetskontroll och tillf\u00f6rlitlig leverans f\u00f6r stora best\u00e4llningar.<\/p>","protected":false},"excerpt":{"rendered":"<p>Sumkcaps 241098 Anpassad sexpanel 3D-broderi Camo Snapback Cap \u00e4r en av popul\u00e4ra kepsar, l\u00e4tt och andas v\u00e4l. V\u00e5ra Snapbacks kommer i en m\u00e4ngd olika stilar och f\u00e4rger fr\u00e5n alla de b\u00e4sta varum\u00e4rkena.<\/p>","protected":false},"featured_media":16951,"template":"","meta":{"_acf_changed":false,"_kad_blocks_custom_css":"","_kad_blocks_head_custom_js":"","_kad_blocks_body_custom_js":"","_kad_blocks_footer_custom_js":""},"product_brand":[],"product_cat":[42],"product_tag":[],"class_list":{"0":"post-16950","1":"product","2":"type-product","3":"status-publish","4":"has-post-thumbnail","6":"product_cat-snapback-cap","8":"first","9":"outofstock","10":"shipping-taxable","11":"product-type-simple"},"acf":[],"yoast_head":"<!-- This site is optimized with the Yoast SEO Premium plugin v20.8 (Yoast SEO v25.9) - https:\/\/yoast.com\/wordpress\/plugins\/seo\/ -->\n<title>Custom 3D Embroidery Camo Snapback Cap | China Manufactuer<\/title>\n<meta name=\"description\" content=\"High Quality China Custom Headwear Manufacturer. Top Quality Products At Best Prices. Add Your Logo or Custom Design Online. Expert Service. 16950\" \/>\n<meta name=\"robots\" content=\"index, follow, max-snippet:-1, max-image-preview:large, max-video-preview:-1\" \/>\n<link rel=\"canonical\" href=\"https:\/\/sumkcaps.com\/sv\/produkt\/sufox-241098-custom-sex-paneler-3d-broderi-camo-snapback-keps\/\" \/>\n<meta property=\"og:locale\" content=\"sv_SE\" \/>\n<meta property=\"og:type\" content=\"article\" \/>\n<meta property=\"og:title\" content=\"Sumkcaps 241098 Custom Six Panel 3D Embroidery Camo Snapback Cap - Sumkcaps\" \/>\n<meta property=\"og:description\" content=\"High Quality China Custom Headwear Manufacturer. Top Quality Products At Best Prices. Add Your Logo or Custom Design Online. Expert Service. 16950\" \/>\n<meta property=\"og:url\" content=\"https:\/\/sumkcaps.com\/sv\/produkt\/sufox-241098-custom-sex-paneler-3d-broderi-camo-snapback-keps\/\" \/>\n<meta property=\"og:site_name\" content=\"Sumkcaps-China Original Headwear Manufacturer and Suppliers\" \/>\n<meta property=\"article:publisher\" content=\"https:\/\/www.facebook.com\/sumkcap\" \/>\n<meta property=\"article:modified_time\" content=\"2026-03-10T08:00:59+00:00\" \/>\n<meta property=\"og:image\" content=\"https:\/\/sumkcaps.com\/wp-content\/uploads\/2022\/10\/custom_3d_embroidery_camo_snapback_cap-1.jpg\" \/>\n\t<meta property=\"og:image:width\" content=\"1000\" \/>\n\t<meta property=\"og:image:height\" content=\"1000\" \/>\n\t<meta property=\"og:image:type\" content=\"image\/jpeg\" \/>\n<meta name=\"twitter:card\" content=\"summary_large_image\" \/>\n<meta name=\"twitter:label1\" content=\"Ber\u00e4knad l\u00e4stid\" \/>\n\t<meta name=\"twitter:data1\" content=\"2 minuter\" \/>\n<script type=\"application\/ld+json\" class=\"yoast-schema-graph\">{\"@context\":\"https:\/\/schema.org\",\"@graph\":[{\"@type\":\"WebPage\",\"@id\":\"https:\/\/sumkcaps.com\/product\/sufox-241098-custom-six-panel-3d-embroidery-camo-snapback-cap\/\",\"url\":\"https:\/\/sumkcaps.com\/product\/sufox-241098-custom-six-panel-3d-embroidery-camo-snapback-cap\/\",\"name\":\"Custom 3D Embroidery Camo Snapback Cap | China Manufactuer\",\"isPartOf\":{\"@id\":\"https:\/\/sumkcaps.com\/#website\"},\"primaryImageOfPage\":{\"@id\":\"https:\/\/sumkcaps.com\/product\/sufox-241098-custom-six-panel-3d-embroidery-camo-snapback-cap\/#primaryimage\"},\"image\":{\"@id\":\"https:\/\/sumkcaps.com\/product\/sufox-241098-custom-six-panel-3d-embroidery-camo-snapback-cap\/#primaryimage\"},\"thumbnailUrl\":\"https:\/\/sumkcaps.com\/wp-content\/uploads\/2022\/10\/custom_3d_embroidery_camo_snapback_cap-1.jpg\",\"datePublished\":\"2022-10-13T07:49:44+00:00\",\"dateModified\":\"2026-03-10T08:00:59+00:00\",\"description\":\"High Quality China Custom Headwear Manufacturer. Top Quality Products At Best Prices. Add Your Logo or Custom Design Online. Expert Service. 16950\",\"breadcrumb\":{\"@id\":\"https:\/\/sumkcaps.com\/product\/sufox-241098-custom-six-panel-3d-embroidery-camo-snapback-cap\/#breadcrumb\"},\"inLanguage\":\"sv-SE\",\"potentialAction\":[{\"@type\":\"ReadAction\",\"target\":[\"https:\/\/sumkcaps.com\/product\/sufox-241098-custom-six-panel-3d-embroidery-camo-snapback-cap\/\"]}]},{\"@type\":\"ImageObject\",\"inLanguage\":\"sv-SE\",\"@id\":\"https:\/\/sumkcaps.com\/product\/sufox-241098-custom-six-panel-3d-embroidery-camo-snapback-cap\/#primaryimage\",\"url\":\"https:\/\/sumkcaps.com\/wp-content\/uploads\/2022\/10\/custom_3d_embroidery_camo_snapback_cap-1.jpg\",\"contentUrl\":\"https:\/\/sumkcaps.com\/wp-content\/uploads\/2022\/10\/custom_3d_embroidery_camo_snapback_cap-1.jpg\",\"width\":1000,\"height\":1000,\"caption\":\"custom 3d embroidery camo snapback cap\"},{\"@type\":\"BreadcrumbList\",\"@id\":\"https:\/\/sumkcaps.com\/product\/sufox-241098-custom-six-panel-3d-embroidery-camo-snapback-cap\/#breadcrumb\",\"itemListElement\":[{\"@type\":\"ListItem\",\"position\":1,\"name\":\"Home\",\"item\":\"https:\/\/sumkcaps.com\/\"},{\"@type\":\"ListItem\",\"position\":2,\"name\":\"Products\",\"item\":\"https:\/\/sumkcaps.com\/product\/\"},{\"@type\":\"ListItem\",\"position\":3,\"name\":\"Sumkcaps 241098 Custom Six Panel 3D Embroidery Camo Snapback Cap\"}]},{\"@type\":\"WebSite\",\"@id\":\"https:\/\/sumkcaps.com\/#website\",\"url\":\"https:\/\/sumkcaps.com\/\",\"name\":\"Sumkcaps-China Original Headwear Manufacturer and Suppliers\",\"description\":\"We are China Cap And Hat Original Factory, whose main business is to custom cap and hat as client&#039;s LOGO. Any cap style, any cap color, any qty, any material and qty is no problem. In one words, any small details can be customized as your request.\",\"publisher\":{\"@id\":\"https:\/\/sumkcaps.com\/#organization\"},\"potentialAction\":[{\"@type\":\"SearchAction\",\"target\":{\"@type\":\"EntryPoint\",\"urlTemplate\":\"https:\/\/sumkcaps.com\/?s={search_term_string}\"},\"query-input\":{\"@type\":\"PropertyValueSpecification\",\"valueRequired\":true,\"valueName\":\"search_term_string\"}}],\"inLanguage\":\"sv-SE\"},{\"@type\":\"Organization\",\"@id\":\"https:\/\/sumkcaps.com\/#organization\",\"name\":\"Sumkcaps-China Original Headwear Manufacturer and Suppliers\",\"url\":\"https:\/\/sumkcaps.com\/\",\"logo\":{\"@type\":\"ImageObject\",\"inLanguage\":\"sv-SE\",\"@id\":\"https:\/\/sumkcaps.com\/#\/schema\/logo\/image\/\",\"url\":\"https:\/\/sumkcaps.com\/wp-content\/uploads\/2025\/12\/1234.jpg\",\"contentUrl\":\"https:\/\/sumkcaps.com\/wp-content\/uploads\/2025\/12\/1234.jpg\",\"width\":800,\"height\":800,\"caption\":\"Sumkcaps-China Original Headwear Manufacturer and Suppliers\"},\"image\":{\"@id\":\"https:\/\/sumkcaps.com\/#\/schema\/logo\/image\/\"},\"sameAs\":[\"https:\/\/www.facebook.com\/sumkcap\",\"https:\/\/www.instagram.com\/sumkcaps7\/\",\"https:\/\/www.pinterest.com\/sumkcapschina\/\"]}]}<\/script>\n<!-- \/ Yoast SEO Premium plugin. -->","yoast_head_json":{"title":"Anpassad 3D-brodyr Camo Snapback keps | Kina Tillverkare","description":"H\u00f6gkvalitativ tillverkare av anpassade huvudbonader i Kina. Produkter av h\u00f6gsta kvalitet till b\u00e4sta priser. L\u00e4gg till din logotyp eller anpassad design online. Expert service. 16950","robots":{"index":"index","follow":"follow","max-snippet":"max-snippet:-1","max-image-preview":"max-image-preview:large","max-video-preview":"max-video-preview:-1"},"canonical":"https:\/\/sumkcaps.com\/sv\/produkt\/sufox-241098-custom-sex-paneler-3d-broderi-camo-snapback-keps\/","og_locale":"sv_SE","og_type":"article","og_title":"Sumkcaps 241098 Custom Six Panel 3D Embroidery Camo Snapback Cap - Sumkcaps","og_description":"High Quality China Custom Headwear Manufacturer. Top Quality Products At Best Prices. Add Your Logo or Custom Design Online. Expert Service. 16950","og_url":"https:\/\/sumkcaps.com\/sv\/produkt\/sufox-241098-custom-sex-paneler-3d-broderi-camo-snapback-keps\/","og_site_name":"Sumkcaps-China Original Headwear Manufacturer and Suppliers","article_publisher":"https:\/\/www.facebook.com\/sumkcap","article_modified_time":"2026-03-10T08:00:59+00:00","og_image":[{"width":1000,"height":1000,"url":"https:\/\/sumkcaps.com\/wp-content\/uploads\/2022\/10\/custom_3d_embroidery_camo_snapback_cap-1.jpg","type":"image\/jpeg"}],"twitter_card":"summary_large_image","twitter_misc":{"Ber\u00e4knad l\u00e4stid":"2 minuter"},"schema":{"@context":"https:\/\/schema.org","@graph":[{"@type":"WebPage","@id":"https:\/\/sumkcaps.com\/product\/sufox-241098-custom-six-panel-3d-embroidery-camo-snapback-cap\/","url":"https:\/\/sumkcaps.com\/product\/sufox-241098-custom-six-panel-3d-embroidery-camo-snapback-cap\/","name":"Anpassad 3D-brodyr Camo Snapback keps | Kina Tillverkare","isPartOf":{"@id":"https:\/\/sumkcaps.com\/#website"},"primaryImageOfPage":{"@id":"https:\/\/sumkcaps.com\/product\/sufox-241098-custom-six-panel-3d-embroidery-camo-snapback-cap\/#primaryimage"},"image":{"@id":"https:\/\/sumkcaps.com\/product\/sufox-241098-custom-six-panel-3d-embroidery-camo-snapback-cap\/#primaryimage"},"thumbnailUrl":"https:\/\/sumkcaps.com\/wp-content\/uploads\/2022\/10\/custom_3d_embroidery_camo_snapback_cap-1.jpg","datePublished":"2022-10-13T07:49:44+00:00","dateModified":"2026-03-10T08:00:59+00:00","description":"H\u00f6gkvalitativ tillverkare av anpassade huvudbonader i Kina. Produkter av h\u00f6gsta kvalitet till b\u00e4sta priser. L\u00e4gg till din logotyp eller anpassad design online. Expert service. 16950","breadcrumb":{"@id":"https:\/\/sumkcaps.com\/product\/sufox-241098-custom-six-panel-3d-embroidery-camo-snapback-cap\/#breadcrumb"},"inLanguage":"sv-SE","potentialAction":[{"@type":"ReadAction","target":["https:\/\/sumkcaps.com\/product\/sufox-241098-custom-six-panel-3d-embroidery-camo-snapback-cap\/"]}]},{"@type":"ImageObject","inLanguage":"sv-SE","@id":"https:\/\/sumkcaps.com\/product\/sufox-241098-custom-six-panel-3d-embroidery-camo-snapback-cap\/#primaryimage","url":"https:\/\/sumkcaps.com\/wp-content\/uploads\/2022\/10\/custom_3d_embroidery_camo_snapback_cap-1.jpg","contentUrl":"https:\/\/sumkcaps.com\/wp-content\/uploads\/2022\/10\/custom_3d_embroidery_camo_snapback_cap-1.jpg","width":1000,"height":1000,"caption":"custom 3d embroidery camo snapback cap"},{"@type":"BreadcrumbList","@id":"https:\/\/sumkcaps.com\/product\/sufox-241098-custom-six-panel-3d-embroidery-camo-snapback-cap\/#breadcrumb","itemListElement":[{"@type":"ListItem","position":1,"name":"Home","item":"https:\/\/sumkcaps.com\/"},{"@type":"ListItem","position":2,"name":"Products","item":"https:\/\/sumkcaps.com\/product\/"},{"@type":"ListItem","position":3,"name":"Sumkcaps 241098 Custom Six Panel 3D Embroidery Camo Snapback Cap"}]},{"@type":"WebSite","@id":"https:\/\/sumkcaps.com\/#website","url":"https:\/\/sumkcaps.com\/","name":"Sumkcaps - tillverkare och leverant\u00f6rer av originalhuvudbonader i Kina","description":"Vi \u00e4r China Cap And Hat Original Factory, vars huvudsakliga verksamhet \u00e4r att anpassa m\u00f6ssa och hatt som klient &amp; #03939; s LOGO. Vilken keps som helst, vilken kepsf\u00e4rg som helst, vilket antal som helst, vilket material som helst och antal \u00e4r inget problem. Med ett ord kan alla sm\u00e5 detaljer anpassas efter din beg\u00e4ran.","publisher":{"@id":"https:\/\/sumkcaps.com\/#organization"},"potentialAction":[{"@type":"SearchAction","target":{"@type":"EntryPoint","urlTemplate":"https:\/\/sumkcaps.com\/?s={search_term_string}"},"query-input":{"@type":"PropertyValueSpecification","valueRequired":true,"valueName":"search_term_string"}}],"inLanguage":"sv-SE"},{"@type":"Organization","@id":"https:\/\/sumkcaps.com\/#organization","name":"Sumkcaps - tillverkare och leverant\u00f6rer av originalhuvudbonader i Kina","url":"https:\/\/sumkcaps.com\/","logo":{"@type":"ImageObject","inLanguage":"sv-SE","@id":"https:\/\/sumkcaps.com\/#\/schema\/logo\/image\/","url":"https:\/\/sumkcaps.com\/wp-content\/uploads\/2025\/12\/1234.jpg","contentUrl":"https:\/\/sumkcaps.com\/wp-content\/uploads\/2025\/12\/1234.jpg","width":800,"height":800,"caption":"Sumkcaps-China Original Headwear Manufacturer and Suppliers"},"image":{"@id":"https:\/\/sumkcaps.com\/#\/schema\/logo\/image\/"},"sameAs":["https:\/\/www.facebook.com\/sumkcap","https:\/\/www.instagram.com\/sumkcaps7\/","https:\/\/www.pinterest.com\/sumkcapschina\/"]}]}},"taxonomy_info":{"product_cat":[{"value":42,"label":"Snapback Hats Wholesale"}]},"featured_image_src_large":["https:\/\/sumkcaps.com\/wp-content\/uploads\/2022\/10\/custom_3d_embroidery_camo_snapback_cap-1.jpg",800,800,false],"author_info":[],"comment_info":"","_links":{"self":[{"href":"https:\/\/sumkcaps.com\/sv\/wp-json\/wp\/v2\/product\/16950","targetHints":{"allow":["GET"]}}],"collection":[{"href":"https:\/\/sumkcaps.com\/sv\/wp-json\/wp\/v2\/product"}],"about":[{"href":"https:\/\/sumkcaps.com\/sv\/wp-json\/wp\/v2\/types\/product"}],"wp:featuredmedia":[{"embeddable":true,"href":"https:\/\/sumkcaps.com\/sv\/wp-json\/wp\/v2\/media\/16951"}],"wp:attachment":[{"href":"https:\/\/sumkcaps.com\/sv\/wp-json\/wp\/v2\/media?parent=16950"}],"wp:term":[{"taxonomy":"product_brand","embeddable":true,"href":"https:\/\/sumkcaps.com\/sv\/wp-json\/wp\/v2\/product_brand?post=16950"},{"taxonomy":"product_cat","embeddable":true,"href":"https:\/\/sumkcaps.com\/sv\/wp-json\/wp\/v2\/product_cat?post=16950"},{"taxonomy":"product_tag","embeddable":true,"href":"https:\/\/sumkcaps.com\/sv\/wp-json\/wp\/v2\/product_tag?post=16950"}],"curies":[{"name":"wp","href":"https:\/\/api.w.org\/{rel}","templated":true}]}}