{"id":16934,"date":"2022-10-13T15:38:29","date_gmt":"2022-10-13T07:38:29","guid":{"rendered":"https:\/\/sumkcaps.com\/?post_type=product&#038;p=16934"},"modified":"2026-03-10T16:17:07","modified_gmt":"2026-03-10T08:17:07","slug":"sufox-241101-custom-six-panel-leahter-patch-denim-snapback-cap","status":"publish","type":"product","link":"https:\/\/sumkcaps.com\/sv\/produkt\/sufox-241101-custom-six-panel-leahter-patch-denim-snapback-keps\/","title":{"rendered":"Sumkcaps 241101 Custom Six Panel Leahter Patch Denim Snapback keps"},"content":{"rendered":"<h3 data-start=\"0\" data-end=\"333\"><strong data-start=\"0\" data-end=\"30\">Dekoration<\/strong><\/h3>\n<p data-start=\"0\" data-end=\"333\">Denna snapback-keps har en patch i premiuml\u00e4der som ger en snygg och strukturerad fokuspunkt p\u00e5 frontpanelen. Lappen f\u00f6rst\u00e4rker logotyper eller m\u00f6nster med en sofistikerad, h\u00f6gkvalitativ look. Den \u00e4r idealisk f\u00f6r varum\u00e4rken som s\u00f6ker en robust, modern estetik och ger h\u00e5llbarhet och l\u00e5ngvarig visuell attraktionskraft.<\/p>\n<h3 data-start=\"335\" data-end=\"655\"><strong data-start=\"335\" data-end=\"355\">Material<\/strong><\/h3>\n<p data-start=\"335\" data-end=\"655\">Den h\u00e4r kepsen \u00e4r tillverkad av slitstarkt denimtyg och har en unik texturerad look och l\u00e5ng livsl\u00e4ngd. Denim andas, \u00e4r bekv\u00e4mt och beh\u00e5ller sin form \u00f6ver tid. Den robusta stilen g\u00f6r kepsen l\u00e4mplig f\u00f6r casual, streetwear eller utomhusmode samtidigt som den ger p\u00e5litlig prestanda varje dag.<\/p>\n<h3 data-start=\"657\" data-end=\"961\"><strong data-start=\"657\" data-end=\"679\">F\u00e4rg<\/strong><\/h3>\n<p data-start=\"657\" data-end=\"961\">Kepsen har full f\u00e4rganpassning, vilket g\u00f6r att kunderna kan v\u00e4lja denimnyanser och l\u00e4derlappsf\u00e4rger som passar varum\u00e4rkets identitet eller designkoncept. Denna flexibilitet s\u00e4kerst\u00e4ller att varje keps kan skr\u00e4ddarsys unikt f\u00f6r modekollektioner, kampanjer eller detaljhandelsvaror.<\/p>\n<h3 data-start=\"963\" data-end=\"1271\"><strong data-start=\"963\" data-end=\"996\">Passform och storlek\u00a0<\/strong><\/h3>\n<p data-start=\"963\" data-end=\"1271\">Den h\u00e4r kepsen har en justerbar snapback-st\u00e4ngning och OSFM-storlek (One Size Fits Most) som passar huvudomf\u00e5ng fr\u00e5n 7 till 7 3\/4. Den justerbara designen ger en s\u00e4ker och bekv\u00e4m passform f\u00f6r de flesta vuxna, vilket g\u00f6r den m\u00e5ngsidig f\u00f6r avslappnad och kampanjm\u00e4ssig anv\u00e4ndning.<\/p>\n<h3 data-start=\"1273\" data-end=\"1520\"><strong data-start=\"1273\" data-end=\"1294\">Visir<\/strong><\/h3>\n<p data-start=\"1273\" data-end=\"1520\">Det platta visiret ger en modern streetwear-stil samtidigt som det ger solskydd. Den strukturerade designen ger en skarp och ren silhuett som kompletterar denim och l\u00e4der f\u00f6r en modern, urban look.<\/p>\n<h3 data-start=\"1522\" data-end=\"1810\"><strong data-start=\"1522\" data-end=\"1545\">Service<\/strong><\/h3>\n<p data-start=\"1522\" data-end=\"1810\">Sumkcaps tillhandah\u00e5ller omfattande OEM- och ODM-tj\u00e4nster och hj\u00e4lper varum\u00e4rken och \u00e5terf\u00f6rs\u00e4ljare att skapa helt anpassade kepsar. Fr\u00e5n materialval och patchdesign till logoplacering och f\u00f6rpackning s\u00e4kerst\u00e4ller vi h\u00f6gkvalitativa resultat som \u00e4r skr\u00e4ddarsydda efter kundens specifikationer.<\/p>\n<h3 data-start=\"1812\" data-end=\"2060\"><strong data-start=\"1812\" data-end=\"1854\">Genomf\u00f6randetid<\/strong><\/h3>\n<p data-start=\"1812\" data-end=\"2060\" data-is-last-node=\"\" data-is-only-node=\"\">Provproduktion tar normalt 7-9 arbetsdagar f\u00f6r granskning och godk\u00e4nnande av design. Bulkproduktion tar i allm\u00e4nhet 18-22 arbetsdagar, vilket s\u00e4kerst\u00e4ller j\u00e4mn kvalitet och snabb leverans f\u00f6r stora best\u00e4llningar.<\/p>","protected":false},"excerpt":{"rendered":"<p>Sumkcaps 241101 Custom Six Panel Leahter Patch Denim Snapback Cap \u00e4r en av popul\u00e4ra kepsar, l\u00e4tt vikt och andas v\u00e4l. V\u00e5ra Snapbacks kommer i en m\u00e4ngd olika stilar och f\u00e4rger fr\u00e5n alla de b\u00e4sta varum\u00e4rkena.<\/p>","protected":false},"featured_media":16935,"template":"","meta":{"_acf_changed":false,"_kad_blocks_custom_css":"","_kad_blocks_head_custom_js":"","_kad_blocks_body_custom_js":"","_kad_blocks_footer_custom_js":""},"product_brand":[],"product_cat":[42],"product_tag":[],"class_list":{"0":"post-16934","1":"product","2":"type-product","3":"status-publish","4":"has-post-thumbnail","6":"product_cat-snapback-cap","8":"first","9":"outofstock","10":"shipping-taxable","11":"product-type-simple"},"acf":[],"yoast_head":"<!-- This site is optimized with the Yoast SEO Premium plugin v20.8 (Yoast SEO v25.9) - https:\/\/yoast.com\/wordpress\/plugins\/seo\/ -->\n<title>Custom Leahter Patch Denim Snapback Cap | China Manufactuer<\/title>\n<meta name=\"description\" content=\"More Than 10 Years Of Experience In The Headwear Industry. Cap Manufacturers.100% Satisfaction Guarantee. Add Your Logo or Custom Design Online.\" \/>\n<meta name=\"robots\" content=\"index, follow, max-snippet:-1, max-image-preview:large, max-video-preview:-1\" \/>\n<link rel=\"canonical\" href=\"https:\/\/sumkcaps.com\/sv\/produkt\/sufox-241101-custom-six-panel-leahter-patch-denim-snapback-keps\/\" \/>\n<meta property=\"og:locale\" content=\"sv_SE\" \/>\n<meta property=\"og:type\" content=\"article\" \/>\n<meta property=\"og:title\" content=\"Sumkcaps 241101 Custom Six Panel Leahter Patch Denim Snapback Cap - Sumkcaps\" \/>\n<meta property=\"og:description\" content=\"More Than 10 Years Of Experience In The Headwear Industry. Cap Manufacturers.100% Satisfaction Guarantee. Add Your Logo or Custom Design Online.\" \/>\n<meta property=\"og:url\" content=\"https:\/\/sumkcaps.com\/sv\/produkt\/sufox-241101-custom-six-panel-leahter-patch-denim-snapback-keps\/\" \/>\n<meta property=\"og:site_name\" content=\"Sumkcaps-China Original Headwear Manufacturer and Suppliers\" \/>\n<meta property=\"article:publisher\" content=\"https:\/\/www.facebook.com\/sumkcap\" \/>\n<meta property=\"article:modified_time\" content=\"2026-03-10T08:17:07+00:00\" \/>\n<meta property=\"og:image\" content=\"https:\/\/sumkcaps.com\/wp-content\/uploads\/2022\/10\/flat_suede_brim_denim_leather_patch_snapback_hat-1.jpg\" \/>\n\t<meta property=\"og:image:width\" content=\"1000\" \/>\n\t<meta property=\"og:image:height\" content=\"1000\" \/>\n\t<meta property=\"og:image:type\" content=\"image\/jpeg\" \/>\n<meta name=\"twitter:card\" content=\"summary_large_image\" \/>\n<meta name=\"twitter:label1\" content=\"Ber\u00e4knad l\u00e4stid\" \/>\n\t<meta name=\"twitter:data1\" content=\"2 minuter\" \/>\n<script type=\"application\/ld+json\" class=\"yoast-schema-graph\">{\"@context\":\"https:\/\/schema.org\",\"@graph\":[{\"@type\":\"WebPage\",\"@id\":\"https:\/\/sumkcaps.com\/product\/sufox-241101-custom-six-panel-leahter-patch-denim-snapback-cap\/\",\"url\":\"https:\/\/sumkcaps.com\/product\/sufox-241101-custom-six-panel-leahter-patch-denim-snapback-cap\/\",\"name\":\"Custom Leahter Patch Denim Snapback Cap | China Manufactuer\",\"isPartOf\":{\"@id\":\"https:\/\/sumkcaps.com\/#website\"},\"primaryImageOfPage\":{\"@id\":\"https:\/\/sumkcaps.com\/product\/sufox-241101-custom-six-panel-leahter-patch-denim-snapback-cap\/#primaryimage\"},\"image\":{\"@id\":\"https:\/\/sumkcaps.com\/product\/sufox-241101-custom-six-panel-leahter-patch-denim-snapback-cap\/#primaryimage\"},\"thumbnailUrl\":\"https:\/\/sumkcaps.com\/wp-content\/uploads\/2022\/10\/flat_suede_brim_denim_leather_patch_snapback_hat-1.jpg\",\"datePublished\":\"2022-10-13T07:38:29+00:00\",\"dateModified\":\"2026-03-10T08:17:07+00:00\",\"description\":\"More Than 10 Years Of Experience In The Headwear Industry. Cap Manufacturers.100% Satisfaction Guarantee. Add Your Logo or Custom Design Online.\",\"breadcrumb\":{\"@id\":\"https:\/\/sumkcaps.com\/product\/sufox-241101-custom-six-panel-leahter-patch-denim-snapback-cap\/#breadcrumb\"},\"inLanguage\":\"sv-SE\",\"potentialAction\":[{\"@type\":\"ReadAction\",\"target\":[\"https:\/\/sumkcaps.com\/product\/sufox-241101-custom-six-panel-leahter-patch-denim-snapback-cap\/\"]}]},{\"@type\":\"ImageObject\",\"inLanguage\":\"sv-SE\",\"@id\":\"https:\/\/sumkcaps.com\/product\/sufox-241101-custom-six-panel-leahter-patch-denim-snapback-cap\/#primaryimage\",\"url\":\"https:\/\/sumkcaps.com\/wp-content\/uploads\/2022\/10\/flat_suede_brim_denim_leather_patch_snapback_hat-1.jpg\",\"contentUrl\":\"https:\/\/sumkcaps.com\/wp-content\/uploads\/2022\/10\/flat_suede_brim_denim_leather_patch_snapback_hat-1.jpg\",\"width\":1000,\"height\":1000},{\"@type\":\"BreadcrumbList\",\"@id\":\"https:\/\/sumkcaps.com\/product\/sufox-241101-custom-six-panel-leahter-patch-denim-snapback-cap\/#breadcrumb\",\"itemListElement\":[{\"@type\":\"ListItem\",\"position\":1,\"name\":\"Home\",\"item\":\"https:\/\/sumkcaps.com\/\"},{\"@type\":\"ListItem\",\"position\":2,\"name\":\"Products\",\"item\":\"https:\/\/sumkcaps.com\/product\/\"},{\"@type\":\"ListItem\",\"position\":3,\"name\":\"Sumkcaps 241101 Custom Six Panel Leahter Patch Denim Snapback Cap\"}]},{\"@type\":\"WebSite\",\"@id\":\"https:\/\/sumkcaps.com\/#website\",\"url\":\"https:\/\/sumkcaps.com\/\",\"name\":\"Sumkcaps-China Original Headwear Manufacturer and Suppliers\",\"description\":\"We are China Cap And Hat Original Factory, whose main business is to custom cap and hat as client&#039;s LOGO. Any cap style, any cap color, any qty, any material and qty is no problem. In one words, any small details can be customized as your request.\",\"publisher\":{\"@id\":\"https:\/\/sumkcaps.com\/#organization\"},\"potentialAction\":[{\"@type\":\"SearchAction\",\"target\":{\"@type\":\"EntryPoint\",\"urlTemplate\":\"https:\/\/sumkcaps.com\/?s={search_term_string}\"},\"query-input\":{\"@type\":\"PropertyValueSpecification\",\"valueRequired\":true,\"valueName\":\"search_term_string\"}}],\"inLanguage\":\"sv-SE\"},{\"@type\":\"Organization\",\"@id\":\"https:\/\/sumkcaps.com\/#organization\",\"name\":\"Sumkcaps-China Original Headwear Manufacturer and Suppliers\",\"url\":\"https:\/\/sumkcaps.com\/\",\"logo\":{\"@type\":\"ImageObject\",\"inLanguage\":\"sv-SE\",\"@id\":\"https:\/\/sumkcaps.com\/#\/schema\/logo\/image\/\",\"url\":\"https:\/\/sumkcaps.com\/wp-content\/uploads\/2025\/12\/1234.jpg\",\"contentUrl\":\"https:\/\/sumkcaps.com\/wp-content\/uploads\/2025\/12\/1234.jpg\",\"width\":800,\"height\":800,\"caption\":\"Sumkcaps-China Original Headwear Manufacturer and Suppliers\"},\"image\":{\"@id\":\"https:\/\/sumkcaps.com\/#\/schema\/logo\/image\/\"},\"sameAs\":[\"https:\/\/www.facebook.com\/sumkcap\",\"https:\/\/www.instagram.com\/sumkcaps7\/\",\"https:\/\/www.pinterest.com\/sumkcapschina\/\"]}]}<\/script>\n<!-- \/ Yoast SEO Premium plugin. -->","yoast_head_json":{"title":"Anpassad Leahter Patch Denim Snapback keps | Kina Tillverkare","description":"Mer \u00e4n 10 \u00e5rs erfarenhet inom huvudkl\u00e4desindustrin. Cap Manufacturers.100% N\u00f6jdhetsgaranti. L\u00e4gg till din logotyp eller anpassad design online.","robots":{"index":"index","follow":"follow","max-snippet":"max-snippet:-1","max-image-preview":"max-image-preview:large","max-video-preview":"max-video-preview:-1"},"canonical":"https:\/\/sumkcaps.com\/sv\/produkt\/sufox-241101-custom-six-panel-leahter-patch-denim-snapback-keps\/","og_locale":"sv_SE","og_type":"article","og_title":"Sumkcaps 241101 Custom Six Panel Leahter Patch Denim Snapback Cap - Sumkcaps","og_description":"More Than 10 Years Of Experience In The Headwear Industry. Cap Manufacturers.100% Satisfaction Guarantee. Add Your Logo or Custom Design Online.","og_url":"https:\/\/sumkcaps.com\/sv\/produkt\/sufox-241101-custom-six-panel-leahter-patch-denim-snapback-keps\/","og_site_name":"Sumkcaps-China Original Headwear Manufacturer and Suppliers","article_publisher":"https:\/\/www.facebook.com\/sumkcap","article_modified_time":"2026-03-10T08:17:07+00:00","og_image":[{"width":1000,"height":1000,"url":"https:\/\/sumkcaps.com\/wp-content\/uploads\/2022\/10\/flat_suede_brim_denim_leather_patch_snapback_hat-1.jpg","type":"image\/jpeg"}],"twitter_card":"summary_large_image","twitter_misc":{"Ber\u00e4knad l\u00e4stid":"2 minuter"},"schema":{"@context":"https:\/\/schema.org","@graph":[{"@type":"WebPage","@id":"https:\/\/sumkcaps.com\/product\/sufox-241101-custom-six-panel-leahter-patch-denim-snapback-cap\/","url":"https:\/\/sumkcaps.com\/product\/sufox-241101-custom-six-panel-leahter-patch-denim-snapback-cap\/","name":"Anpassad Leahter Patch Denim Snapback keps | Kina Tillverkare","isPartOf":{"@id":"https:\/\/sumkcaps.com\/#website"},"primaryImageOfPage":{"@id":"https:\/\/sumkcaps.com\/product\/sufox-241101-custom-six-panel-leahter-patch-denim-snapback-cap\/#primaryimage"},"image":{"@id":"https:\/\/sumkcaps.com\/product\/sufox-241101-custom-six-panel-leahter-patch-denim-snapback-cap\/#primaryimage"},"thumbnailUrl":"https:\/\/sumkcaps.com\/wp-content\/uploads\/2022\/10\/flat_suede_brim_denim_leather_patch_snapback_hat-1.jpg","datePublished":"2022-10-13T07:38:29+00:00","dateModified":"2026-03-10T08:17:07+00:00","description":"Mer \u00e4n 10 \u00e5rs erfarenhet inom huvudkl\u00e4desindustrin. Cap Manufacturers.100% N\u00f6jdhetsgaranti. L\u00e4gg till din logotyp eller anpassad design online.","breadcrumb":{"@id":"https:\/\/sumkcaps.com\/product\/sufox-241101-custom-six-panel-leahter-patch-denim-snapback-cap\/#breadcrumb"},"inLanguage":"sv-SE","potentialAction":[{"@type":"ReadAction","target":["https:\/\/sumkcaps.com\/product\/sufox-241101-custom-six-panel-leahter-patch-denim-snapback-cap\/"]}]},{"@type":"ImageObject","inLanguage":"sv-SE","@id":"https:\/\/sumkcaps.com\/product\/sufox-241101-custom-six-panel-leahter-patch-denim-snapback-cap\/#primaryimage","url":"https:\/\/sumkcaps.com\/wp-content\/uploads\/2022\/10\/flat_suede_brim_denim_leather_patch_snapback_hat-1.jpg","contentUrl":"https:\/\/sumkcaps.com\/wp-content\/uploads\/2022\/10\/flat_suede_brim_denim_leather_patch_snapback_hat-1.jpg","width":1000,"height":1000},{"@type":"BreadcrumbList","@id":"https:\/\/sumkcaps.com\/product\/sufox-241101-custom-six-panel-leahter-patch-denim-snapback-cap\/#breadcrumb","itemListElement":[{"@type":"ListItem","position":1,"name":"Home","item":"https:\/\/sumkcaps.com\/"},{"@type":"ListItem","position":2,"name":"Products","item":"https:\/\/sumkcaps.com\/product\/"},{"@type":"ListItem","position":3,"name":"Sumkcaps 241101 Custom Six Panel Leahter Patch Denim Snapback Cap"}]},{"@type":"WebSite","@id":"https:\/\/sumkcaps.com\/#website","url":"https:\/\/sumkcaps.com\/","name":"Sumkcaps - tillverkare och leverant\u00f6rer av originalhuvudbonader i Kina","description":"Vi \u00e4r China Cap And Hat Original Factory, vars huvudsakliga verksamhet \u00e4r att anpassa m\u00f6ssa och hatt som klient &amp; #03939; s LOGO. Vilken keps som helst, vilken kepsf\u00e4rg som helst, vilket antal som helst, vilket material som helst och antal \u00e4r inget problem. Med ett ord kan alla sm\u00e5 detaljer anpassas efter din beg\u00e4ran.","publisher":{"@id":"https:\/\/sumkcaps.com\/#organization"},"potentialAction":[{"@type":"SearchAction","target":{"@type":"EntryPoint","urlTemplate":"https:\/\/sumkcaps.com\/?s={search_term_string}"},"query-input":{"@type":"PropertyValueSpecification","valueRequired":true,"valueName":"search_term_string"}}],"inLanguage":"sv-SE"},{"@type":"Organization","@id":"https:\/\/sumkcaps.com\/#organization","name":"Sumkcaps - tillverkare och leverant\u00f6rer av originalhuvudbonader i Kina","url":"https:\/\/sumkcaps.com\/","logo":{"@type":"ImageObject","inLanguage":"sv-SE","@id":"https:\/\/sumkcaps.com\/#\/schema\/logo\/image\/","url":"https:\/\/sumkcaps.com\/wp-content\/uploads\/2025\/12\/1234.jpg","contentUrl":"https:\/\/sumkcaps.com\/wp-content\/uploads\/2025\/12\/1234.jpg","width":800,"height":800,"caption":"Sumkcaps-China Original Headwear Manufacturer and Suppliers"},"image":{"@id":"https:\/\/sumkcaps.com\/#\/schema\/logo\/image\/"},"sameAs":["https:\/\/www.facebook.com\/sumkcap","https:\/\/www.instagram.com\/sumkcaps7\/","https:\/\/www.pinterest.com\/sumkcapschina\/"]}]}},"taxonomy_info":{"product_cat":[{"value":42,"label":"Snapback Hats Wholesale"}]},"featured_image_src_large":["https:\/\/sumkcaps.com\/wp-content\/uploads\/2022\/10\/flat_suede_brim_denim_leather_patch_snapback_hat-1.jpg",800,800,false],"author_info":[],"comment_info":"","_links":{"self":[{"href":"https:\/\/sumkcaps.com\/sv\/wp-json\/wp\/v2\/product\/16934","targetHints":{"allow":["GET"]}}],"collection":[{"href":"https:\/\/sumkcaps.com\/sv\/wp-json\/wp\/v2\/product"}],"about":[{"href":"https:\/\/sumkcaps.com\/sv\/wp-json\/wp\/v2\/types\/product"}],"wp:featuredmedia":[{"embeddable":true,"href":"https:\/\/sumkcaps.com\/sv\/wp-json\/wp\/v2\/media\/16935"}],"wp:attachment":[{"href":"https:\/\/sumkcaps.com\/sv\/wp-json\/wp\/v2\/media?parent=16934"}],"wp:term":[{"taxonomy":"product_brand","embeddable":true,"href":"https:\/\/sumkcaps.com\/sv\/wp-json\/wp\/v2\/product_brand?post=16934"},{"taxonomy":"product_cat","embeddable":true,"href":"https:\/\/sumkcaps.com\/sv\/wp-json\/wp\/v2\/product_cat?post=16934"},{"taxonomy":"product_tag","embeddable":true,"href":"https:\/\/sumkcaps.com\/sv\/wp-json\/wp\/v2\/product_tag?post=16934"}],"curies":[{"name":"wp","href":"https:\/\/api.w.org\/{rel}","templated":true}]}}