{"id":16918,"date":"2022-10-13T15:24:54","date_gmt":"2022-10-13T07:24:54","guid":{"rendered":"https:\/\/sumkcaps.com\/?post_type=product&#038;p=16918"},"modified":"2026-03-12T14:08:10","modified_gmt":"2026-03-12T06:08:10","slug":"sufox-241103-custom-six-panel-embroidery-cotton-stripe-snapback-cap","status":"publish","type":"product","link":"https:\/\/sumkcaps.com\/sv\/produkt\/sufox-241103-custom-six-panel-broderi-bomull-stripe-snapback-keps\/","title":{"rendered":"Sumkcaps sexpanels broderad bomullsrandig snapback-keps"},"content":{"rendered":"<div class=\"flex max-w-full flex-col gap-4 grow\">\n<div class=\"min-h-8 text-message relative flex w-full flex-col items-end gap-2 text-start break-words whitespace-normal [.text-message+&amp;]:mt-1\" dir=\"auto\" data-message-author-role=\"assistant\" data-message-id=\"085c51a3-080a-4e2a-a580-b9c69132ff1d\" data-message-model-slug=\"gpt-5-3\">\n<div class=\"flex w-full flex-col gap-1 empty:hidden\">\n<div class=\"markdown prose dark:prose-invert w-full wrap-break-word light markdown-new-styling\">\n<h3 data-start=\"73\" data-end=\"414\"><strong data-start=\"73\" data-end=\"100\">Dekoration<\/strong><\/h3>\n<p data-start=\"73\" data-end=\"414\">Denna snapback-keps har ett h\u00f6gkvalitativt broderi som ger en ren, h\u00e5llbar och professionell logopresentation. Avancerade broderitekniker garanterar skarpa detaljer och h\u00e5llbara s\u00f6mmar, vilket g\u00f6r den idealisk f\u00f6r varum\u00e4rkeslogotyper, teamgrafik eller kampanjdesign samtidigt som den bibeh\u00e5ller ett f\u00f6rstklassigt utseende.<\/p>\n<h3 data-start=\"416\" data-end=\"713\"><strong data-start=\"416\" data-end=\"442\">Material<\/strong><\/h3>\n<p data-start=\"416\" data-end=\"713\">Den h\u00e4r kepsen \u00e4r tillverkad av bomullstyget 100% och ger utm\u00e4rkt andningsf\u00f6rm\u00e5ga och komfort f\u00f6r vardagsbruk. Det naturliga bomullsmaterialet \u00e4r mjukt, slitstarkt och hudv\u00e4nligt, medan randm\u00f6nstret ger en snygg visuell textur som f\u00f6rb\u00e4ttrar kepsens \u00f6vergripande utseende.<\/p>\n<h3 data-start=\"715\" data-end=\"1013\"><strong data-start=\"715\" data-end=\"737\">F\u00e4rg<\/strong><\/h3>\n<p data-start=\"715\" data-end=\"1013\">Kepsen kan anpassas i fullf\u00e4rg f\u00f6r att matcha ditt varum\u00e4rkes identitet eller designbehov. Olika kombinationer av r\u00e4nder och f\u00e4rger p\u00e5 brodyrtr\u00e5dar kan v\u00e4ljas, vilket g\u00f6r det m\u00f6jligt f\u00f6r varum\u00e4rken att skapa en unik huvudbonadsprodukt som passar modetrender eller reklamkampanjer.<\/p>\n<h3 data-start=\"1015\" data-end=\"1287\"><strong data-start=\"1015\" data-end=\"1048\">Passform och storlek<\/strong><\/h3>\n<p data-start=\"1015\" data-end=\"1287\">Den h\u00e4r kepsen har en justerbar snapback-st\u00e4ngning och en flexibel passform som passar de flesta huvudstorlekar fr\u00e5n 7 till 7 3\/4. Den justerbara designen garanterar komfort och funktionalitet, vilket g\u00f6r den l\u00e4mplig f\u00f6r ett brett spektrum av kunder.<\/p>\n<h3 data-start=\"1289\" data-end=\"1558\"><strong data-start=\"1289\" data-end=\"1310\">Visir<\/strong><\/h3>\n<p data-start=\"1289\" data-end=\"1558\">Det platta visiret ger kepsen en modern streetwear-stil samtidigt som det ger ett effektivt solskydd. Den strukturerade designen hj\u00e4lper till att bibeh\u00e5lla kepsens form och skapar en dj\u00e4rv silhuett som \u00e4r popul\u00e4r p\u00e5 marknaderna f\u00f6r urbant mode och livsstil.<\/p>\n<h3 data-start=\"1560\" data-end=\"1828\"><strong data-start=\"1560\" data-end=\"1583\">Service<\/strong><\/h3>\n<p data-start=\"1560\" data-end=\"1828\">Sumkcaps erbjuder omfattande OEM- och ODM-anpassningstj\u00e4nster. Fr\u00e5n logotypbroderi och f\u00e4rgval till m\u00e4rkning och f\u00f6rpackning, v\u00e5rt erfarna team st\u00f6der varum\u00e4rken, grossister och \u00e5terf\u00f6rs\u00e4ljare i att utveckla anpassade huvudbonader.<\/p>\n<h3 data-start=\"1830\" data-end=\"2099\"><strong data-start=\"1830\" data-end=\"1849\">Genomf\u00f6randetid<\/strong><\/h3>\n<p data-start=\"1830\" data-end=\"2099\" data-is-last-node=\"\" data-is-only-node=\"\">Effektiv produktionsstyrning s\u00e4kerst\u00e4ller snabb hantering av kundanpassade best\u00e4llningar. Provproduktion tar vanligtvis <strong data-start=\"1960\" data-end=\"1980\">7-9 arbetsdagar<\/strong>, medan bulkproduktion kr\u00e4ver <strong data-start=\"2013\" data-end=\"2035\">18-22 arbetsdagar<\/strong>, och hj\u00e4lper varum\u00e4rken att snabbt lansera produkter och m\u00f6ta efterfr\u00e5gan p\u00e5 marknaden.<\/p>\n<\/div>\n<\/div>\n<\/div>\n<\/div>\n<div class=\"mt-3 w-full empty:hidden\">\n<div class=\"text-center\">\n<div>\n<div class=\"inline-flex border border-gray-100 dark:border-gray-700 rounded-xl\">\n<div class=\"text-token-text-secondary flex items-center justify-center gap-4 px-4 py-2.5 text-sm whitespace-nowrap\"><\/div>\n<\/div>\n<\/div>\n<\/div>\n<\/div>","protected":false},"excerpt":{"rendered":"<p>Sumkcaps 241103 Custom Six Panel Embroidery Cotton Stripe Snapback Cap \u00e4r en av popul\u00e4ra Cap Style, l\u00e4tt vikt och andas v\u00e4l. V\u00e5ra Snapbacks kommer i en m\u00e4ngd olika stilar och f\u00e4rger fr\u00e5n alla de b\u00e4sta varum\u00e4rkena.<\/p>","protected":false},"featured_media":16919,"template":"","meta":{"_acf_changed":false,"_kad_blocks_custom_css":"","_kad_blocks_head_custom_js":"","_kad_blocks_body_custom_js":"","_kad_blocks_footer_custom_js":""},"product_brand":[],"product_cat":[42],"product_tag":[],"class_list":{"0":"post-16918","1":"product","2":"type-product","3":"status-publish","4":"has-post-thumbnail","6":"product_cat-snapback-cap","8":"first","9":"outofstock","10":"shipping-taxable","11":"product-type-simple"},"acf":[],"yoast_head":"<!-- This site is optimized with the Yoast SEO Premium plugin v20.8 (Yoast SEO v25.9) - https:\/\/yoast.com\/wordpress\/plugins\/seo\/ -->\n<title>Custom Embroidery Stripe Snapback Cap | China Manufactuer<\/title>\n<meta name=\"description\" content=\"We are dedicated to manufacturing Premium Custom Caps, beanies and bucket hats. Patches available. Many custom options. Expert Service. Bulk Discount.\" \/>\n<meta name=\"robots\" content=\"index, follow, max-snippet:-1, max-image-preview:large, max-video-preview:-1\" \/>\n<link rel=\"canonical\" href=\"https:\/\/sumkcaps.com\/sv\/produkt\/sufox-241103-custom-six-panel-broderi-bomull-stripe-snapback-keps\/\" \/>\n<meta property=\"og:locale\" content=\"sv_SE\" \/>\n<meta property=\"og:type\" content=\"article\" \/>\n<meta property=\"og:title\" content=\"Sumkcaps Six Panel Embroidery Cotton Stripe Snapback Cap - Sumkcaps\" \/>\n<meta property=\"og:description\" content=\"We are dedicated to manufacturing Premium Custom Caps, beanies and bucket hats. Patches available. Many custom options. Expert Service. Bulk Discount.\" \/>\n<meta property=\"og:url\" content=\"https:\/\/sumkcaps.com\/sv\/produkt\/sufox-241103-custom-six-panel-broderi-bomull-stripe-snapback-keps\/\" \/>\n<meta property=\"og:site_name\" content=\"Sumkcaps-China Original Headwear Manufacturer and Suppliers\" \/>\n<meta property=\"article:publisher\" content=\"https:\/\/www.facebook.com\/sumkcap\" \/>\n<meta property=\"article:modified_time\" content=\"2026-03-12T06:08:10+00:00\" \/>\n<meta property=\"og:image\" content=\"https:\/\/sumkcaps.com\/wp-content\/uploads\/2022\/10\/men_6_panel_embroidery_cotton_stripe_snapback_hat-1.jpg\" \/>\n\t<meta property=\"og:image:width\" content=\"800\" \/>\n\t<meta property=\"og:image:height\" content=\"800\" \/>\n\t<meta property=\"og:image:type\" content=\"image\/jpeg\" \/>\n<meta name=\"twitter:card\" content=\"summary_large_image\" \/>\n<meta name=\"twitter:label1\" content=\"Ber\u00e4knad l\u00e4stid\" \/>\n\t<meta name=\"twitter:data1\" content=\"2 minuter\" \/>\n<script type=\"application\/ld+json\" class=\"yoast-schema-graph\">{\"@context\":\"https:\/\/schema.org\",\"@graph\":[{\"@type\":\"WebPage\",\"@id\":\"https:\/\/sumkcaps.com\/product\/sufox-241103-custom-six-panel-embroidery-cotton-stripe-snapback-cap\/\",\"url\":\"https:\/\/sumkcaps.com\/product\/sufox-241103-custom-six-panel-embroidery-cotton-stripe-snapback-cap\/\",\"name\":\"Custom Embroidery Stripe Snapback Cap | China Manufactuer\",\"isPartOf\":{\"@id\":\"https:\/\/sumkcaps.com\/#website\"},\"primaryImageOfPage\":{\"@id\":\"https:\/\/sumkcaps.com\/product\/sufox-241103-custom-six-panel-embroidery-cotton-stripe-snapback-cap\/#primaryimage\"},\"image\":{\"@id\":\"https:\/\/sumkcaps.com\/product\/sufox-241103-custom-six-panel-embroidery-cotton-stripe-snapback-cap\/#primaryimage\"},\"thumbnailUrl\":\"https:\/\/sumkcaps.com\/wp-content\/uploads\/2022\/10\/men_6_panel_embroidery_cotton_stripe_snapback_hat-1.jpg\",\"datePublished\":\"2022-10-13T07:24:54+00:00\",\"dateModified\":\"2026-03-12T06:08:10+00:00\",\"description\":\"We are dedicated to manufacturing Premium Custom Caps, beanies and bucket hats. Patches available. Many custom options. Expert Service. Bulk Discount.\",\"breadcrumb\":{\"@id\":\"https:\/\/sumkcaps.com\/product\/sufox-241103-custom-six-panel-embroidery-cotton-stripe-snapback-cap\/#breadcrumb\"},\"inLanguage\":\"sv-SE\",\"potentialAction\":[{\"@type\":\"ReadAction\",\"target\":[\"https:\/\/sumkcaps.com\/product\/sufox-241103-custom-six-panel-embroidery-cotton-stripe-snapback-cap\/\"]}]},{\"@type\":\"ImageObject\",\"inLanguage\":\"sv-SE\",\"@id\":\"https:\/\/sumkcaps.com\/product\/sufox-241103-custom-six-panel-embroidery-cotton-stripe-snapback-cap\/#primaryimage\",\"url\":\"https:\/\/sumkcaps.com\/wp-content\/uploads\/2022\/10\/men_6_panel_embroidery_cotton_stripe_snapback_hat-1.jpg\",\"contentUrl\":\"https:\/\/sumkcaps.com\/wp-content\/uploads\/2022\/10\/men_6_panel_embroidery_cotton_stripe_snapback_hat-1.jpg\",\"width\":800,\"height\":800},{\"@type\":\"BreadcrumbList\",\"@id\":\"https:\/\/sumkcaps.com\/product\/sufox-241103-custom-six-panel-embroidery-cotton-stripe-snapback-cap\/#breadcrumb\",\"itemListElement\":[{\"@type\":\"ListItem\",\"position\":1,\"name\":\"Home\",\"item\":\"https:\/\/sumkcaps.com\/\"},{\"@type\":\"ListItem\",\"position\":2,\"name\":\"Products\",\"item\":\"https:\/\/sumkcaps.com\/product\/\"},{\"@type\":\"ListItem\",\"position\":3,\"name\":\"Sumkcaps Six Panel Embroidery Cotton Stripe Snapback Cap\"}]},{\"@type\":\"WebSite\",\"@id\":\"https:\/\/sumkcaps.com\/#website\",\"url\":\"https:\/\/sumkcaps.com\/\",\"name\":\"Sumkcaps-China Original Headwear Manufacturer and Suppliers\",\"description\":\"We are China Cap And Hat Original Factory, whose main business is to custom cap and hat as client&#039;s LOGO. Any cap style, any cap color, any qty, any material and qty is no problem. In one words, any small details can be customized as your request.\",\"publisher\":{\"@id\":\"https:\/\/sumkcaps.com\/#organization\"},\"potentialAction\":[{\"@type\":\"SearchAction\",\"target\":{\"@type\":\"EntryPoint\",\"urlTemplate\":\"https:\/\/sumkcaps.com\/?s={search_term_string}\"},\"query-input\":{\"@type\":\"PropertyValueSpecification\",\"valueRequired\":true,\"valueName\":\"search_term_string\"}}],\"inLanguage\":\"sv-SE\"},{\"@type\":\"Organization\",\"@id\":\"https:\/\/sumkcaps.com\/#organization\",\"name\":\"Sumkcaps-China Original Headwear Manufacturer and Suppliers\",\"url\":\"https:\/\/sumkcaps.com\/\",\"logo\":{\"@type\":\"ImageObject\",\"inLanguage\":\"sv-SE\",\"@id\":\"https:\/\/sumkcaps.com\/#\/schema\/logo\/image\/\",\"url\":\"https:\/\/sumkcaps.com\/wp-content\/uploads\/2025\/12\/1234.jpg\",\"contentUrl\":\"https:\/\/sumkcaps.com\/wp-content\/uploads\/2025\/12\/1234.jpg\",\"width\":800,\"height\":800,\"caption\":\"Sumkcaps-China Original Headwear Manufacturer and Suppliers\"},\"image\":{\"@id\":\"https:\/\/sumkcaps.com\/#\/schema\/logo\/image\/\"},\"sameAs\":[\"https:\/\/www.facebook.com\/sumkcap\",\"https:\/\/www.instagram.com\/sumkcaps7\/\",\"https:\/\/www.pinterest.com\/sumkcapschina\/\"]}]}<\/script>\n<!-- \/ Yoast SEO Premium plugin. -->","yoast_head_json":{"title":"Anpassad broderi Stripe Snapback Cap | Kina Tillverkare","description":"Vi \u00e4r dedikerade till att tillverka premium anpassade kepsar, m\u00f6ssor och hinkhattar. Patchar tillg\u00e4ngliga. M\u00e5nga anpassade alternativ. Expert service. Bulk rabatt.","robots":{"index":"index","follow":"follow","max-snippet":"max-snippet:-1","max-image-preview":"max-image-preview:large","max-video-preview":"max-video-preview:-1"},"canonical":"https:\/\/sumkcaps.com\/sv\/produkt\/sufox-241103-custom-six-panel-broderi-bomull-stripe-snapback-keps\/","og_locale":"sv_SE","og_type":"article","og_title":"Sumkcaps Six Panel Embroidery Cotton Stripe Snapback Cap - Sumkcaps","og_description":"We are dedicated to manufacturing Premium Custom Caps, beanies and bucket hats. Patches available. Many custom options. Expert Service. Bulk Discount.","og_url":"https:\/\/sumkcaps.com\/sv\/produkt\/sufox-241103-custom-six-panel-broderi-bomull-stripe-snapback-keps\/","og_site_name":"Sumkcaps-China Original Headwear Manufacturer and Suppliers","article_publisher":"https:\/\/www.facebook.com\/sumkcap","article_modified_time":"2026-03-12T06:08:10+00:00","og_image":[{"width":800,"height":800,"url":"https:\/\/sumkcaps.com\/wp-content\/uploads\/2022\/10\/men_6_panel_embroidery_cotton_stripe_snapback_hat-1.jpg","type":"image\/jpeg"}],"twitter_card":"summary_large_image","twitter_misc":{"Ber\u00e4knad l\u00e4stid":"2 minuter"},"schema":{"@context":"https:\/\/schema.org","@graph":[{"@type":"WebPage","@id":"https:\/\/sumkcaps.com\/product\/sufox-241103-custom-six-panel-embroidery-cotton-stripe-snapback-cap\/","url":"https:\/\/sumkcaps.com\/product\/sufox-241103-custom-six-panel-embroidery-cotton-stripe-snapback-cap\/","name":"Anpassad broderi Stripe Snapback Cap | Kina Tillverkare","isPartOf":{"@id":"https:\/\/sumkcaps.com\/#website"},"primaryImageOfPage":{"@id":"https:\/\/sumkcaps.com\/product\/sufox-241103-custom-six-panel-embroidery-cotton-stripe-snapback-cap\/#primaryimage"},"image":{"@id":"https:\/\/sumkcaps.com\/product\/sufox-241103-custom-six-panel-embroidery-cotton-stripe-snapback-cap\/#primaryimage"},"thumbnailUrl":"https:\/\/sumkcaps.com\/wp-content\/uploads\/2022\/10\/men_6_panel_embroidery_cotton_stripe_snapback_hat-1.jpg","datePublished":"2022-10-13T07:24:54+00:00","dateModified":"2026-03-12T06:08:10+00:00","description":"Vi \u00e4r dedikerade till att tillverka premium anpassade kepsar, m\u00f6ssor och hinkhattar. Patchar tillg\u00e4ngliga. M\u00e5nga anpassade alternativ. Expert service. Bulk rabatt.","breadcrumb":{"@id":"https:\/\/sumkcaps.com\/product\/sufox-241103-custom-six-panel-embroidery-cotton-stripe-snapback-cap\/#breadcrumb"},"inLanguage":"sv-SE","potentialAction":[{"@type":"ReadAction","target":["https:\/\/sumkcaps.com\/product\/sufox-241103-custom-six-panel-embroidery-cotton-stripe-snapback-cap\/"]}]},{"@type":"ImageObject","inLanguage":"sv-SE","@id":"https:\/\/sumkcaps.com\/product\/sufox-241103-custom-six-panel-embroidery-cotton-stripe-snapback-cap\/#primaryimage","url":"https:\/\/sumkcaps.com\/wp-content\/uploads\/2022\/10\/men_6_panel_embroidery_cotton_stripe_snapback_hat-1.jpg","contentUrl":"https:\/\/sumkcaps.com\/wp-content\/uploads\/2022\/10\/men_6_panel_embroidery_cotton_stripe_snapback_hat-1.jpg","width":800,"height":800},{"@type":"BreadcrumbList","@id":"https:\/\/sumkcaps.com\/product\/sufox-241103-custom-six-panel-embroidery-cotton-stripe-snapback-cap\/#breadcrumb","itemListElement":[{"@type":"ListItem","position":1,"name":"Home","item":"https:\/\/sumkcaps.com\/"},{"@type":"ListItem","position":2,"name":"Products","item":"https:\/\/sumkcaps.com\/product\/"},{"@type":"ListItem","position":3,"name":"Sumkcaps Six Panel Embroidery Cotton Stripe Snapback Cap"}]},{"@type":"WebSite","@id":"https:\/\/sumkcaps.com\/#website","url":"https:\/\/sumkcaps.com\/","name":"Sumkcaps - tillverkare och leverant\u00f6rer av originalhuvudbonader i Kina","description":"Vi \u00e4r China Cap And Hat Original Factory, vars huvudsakliga verksamhet \u00e4r att anpassa m\u00f6ssa och hatt som klient &amp; #03939; s LOGO. Vilken keps som helst, vilken kepsf\u00e4rg som helst, vilket antal som helst, vilket material som helst och antal \u00e4r inget problem. Med ett ord kan alla sm\u00e5 detaljer anpassas efter din beg\u00e4ran.","publisher":{"@id":"https:\/\/sumkcaps.com\/#organization"},"potentialAction":[{"@type":"SearchAction","target":{"@type":"EntryPoint","urlTemplate":"https:\/\/sumkcaps.com\/?s={search_term_string}"},"query-input":{"@type":"PropertyValueSpecification","valueRequired":true,"valueName":"search_term_string"}}],"inLanguage":"sv-SE"},{"@type":"Organization","@id":"https:\/\/sumkcaps.com\/#organization","name":"Sumkcaps - tillverkare och leverant\u00f6rer av originalhuvudbonader i Kina","url":"https:\/\/sumkcaps.com\/","logo":{"@type":"ImageObject","inLanguage":"sv-SE","@id":"https:\/\/sumkcaps.com\/#\/schema\/logo\/image\/","url":"https:\/\/sumkcaps.com\/wp-content\/uploads\/2025\/12\/1234.jpg","contentUrl":"https:\/\/sumkcaps.com\/wp-content\/uploads\/2025\/12\/1234.jpg","width":800,"height":800,"caption":"Sumkcaps-China Original Headwear Manufacturer and Suppliers"},"image":{"@id":"https:\/\/sumkcaps.com\/#\/schema\/logo\/image\/"},"sameAs":["https:\/\/www.facebook.com\/sumkcap","https:\/\/www.instagram.com\/sumkcaps7\/","https:\/\/www.pinterest.com\/sumkcapschina\/"]}]}},"taxonomy_info":{"product_cat":[{"value":42,"label":"Snapback Hats Wholesale"}]},"featured_image_src_large":["https:\/\/sumkcaps.com\/wp-content\/uploads\/2022\/10\/men_6_panel_embroidery_cotton_stripe_snapback_hat-1.jpg",800,800,false],"author_info":[],"comment_info":"","_links":{"self":[{"href":"https:\/\/sumkcaps.com\/sv\/wp-json\/wp\/v2\/product\/16918","targetHints":{"allow":["GET"]}}],"collection":[{"href":"https:\/\/sumkcaps.com\/sv\/wp-json\/wp\/v2\/product"}],"about":[{"href":"https:\/\/sumkcaps.com\/sv\/wp-json\/wp\/v2\/types\/product"}],"wp:featuredmedia":[{"embeddable":true,"href":"https:\/\/sumkcaps.com\/sv\/wp-json\/wp\/v2\/media\/16919"}],"wp:attachment":[{"href":"https:\/\/sumkcaps.com\/sv\/wp-json\/wp\/v2\/media?parent=16918"}],"wp:term":[{"taxonomy":"product_brand","embeddable":true,"href":"https:\/\/sumkcaps.com\/sv\/wp-json\/wp\/v2\/product_brand?post=16918"},{"taxonomy":"product_cat","embeddable":true,"href":"https:\/\/sumkcaps.com\/sv\/wp-json\/wp\/v2\/product_cat?post=16918"},{"taxonomy":"product_tag","embeddable":true,"href":"https:\/\/sumkcaps.com\/sv\/wp-json\/wp\/v2\/product_tag?post=16918"}],"curies":[{"name":"wp","href":"https:\/\/api.w.org\/{rel}","templated":true}]}}