{"id":16837,"date":"2022-10-13T14:09:28","date_gmt":"2022-10-13T06:09:28","guid":{"rendered":"https:\/\/sumkcaps.com\/?post_type=product&#038;p=16837"},"modified":"2026-01-09T10:15:22","modified_gmt":"2026-01-09T02:15:22","slug":"sufox-241093-custom-leaves-logo-printed-bucket-hats","status":"publish","type":"product","link":"https:\/\/sumkcaps.com\/sv\/produkt\/sufox-241093-hinkhattar-med-tryck-av-logotyp-med-egna-blad\/","title":{"rendered":"Sumkcaps 241093 Custom Leaves Logo Tryckt Bucket Hats"},"content":{"rendered":"<h3 data-start=\"135\" data-end=\"164\"><strong data-start=\"139\" data-end=\"162\">Service<\/strong><\/h3>\n<p data-start=\"165\" data-end=\"516\">Sumkcaps tillhandah\u00e5ller professionella OEM- och ODM-tj\u00e4nster f\u00f6r anpassade hinkhattar och erbjuder end-to-end-support fr\u00e5n designutveckling till massproduktion. Vi hj\u00e4lper till med logotypplacering, tygval, tryckmetoder och varum\u00e4rkesdetaljer, vilket garanterar flexibilitet, stabil kvalitet och effektiva l\u00f6sningar f\u00f6r modem\u00e4rken, \u00e5terf\u00f6rs\u00e4ljare och reklamk\u00f6pare.<\/p>\n<h3 data-start=\"523\" data-end=\"586\"><strong data-start=\"527\" data-end=\"584\">Dekoration<\/strong><\/h3>\n<p data-start=\"587\" data-end=\"901\">Denna hinkhatt har st\u00f6d f\u00f6r fullt tryck med logotypdesign med egna blad, vilket ger levande m\u00f6nster och stark visuell effekt. V\u00e4vda etiketter och v\u00e4vda lappar ger textur och en f\u00f6rstklassig varum\u00e4rkestouch, vilket garanterar h\u00e5llbarhet och l\u00e5ngvariga detaljer som f\u00f6rb\u00e4ttrar varum\u00e4rkesigenk\u00e4nningen i mode- och livsstilskollektioner.<\/p>\n<h3 data-start=\"908\" data-end=\"940\"><strong data-start=\"912\" data-end=\"938\">Material<\/strong><\/h3>\n<p data-start=\"941\" data-end=\"1233\">Denna bucket hat \u00e4r tillverkad av 100% bomullstyg och har utm\u00e4rkt andningsf\u00f6rm\u00e5ga, mjukhet och komfort f\u00f6r vardagsbruk. Den naturliga fibern ger h\u00e5llbarhet och hudv\u00e4nlig prestanda, vilket g\u00f6r den l\u00e4mplig f\u00f6r anv\u00e4ndning i varmt v\u00e4der, utomhusaktiviteter och casual modeapplikationer hela s\u00e4songen.<\/p>\n<h3 data-start=\"1240\" data-end=\"1268\"><strong data-start=\"1244\" data-end=\"1266\">Form<\/strong><\/h3>\n<p data-start=\"1269\" data-end=\"1538\">Den h\u00e4r designen har en klassisk silhuett av en bucket hat och ger en avslappnad passform med helt\u00e4ckande br\u00e4tte. Den tidl\u00f6sa formen kombinerar funktionalitet och stil, vilket g\u00f6r den idealisk f\u00f6r streetwear, utomhus\u00e4ventyr och m\u00e4rkesvaror med en modern men m\u00e5ngsidig look.<\/p>\n<h3 data-start=\"1545\" data-end=\"1569\"><strong data-start=\"1549\" data-end=\"1567\">F\u00e4rg<\/strong><\/h3>\n<p data-start=\"1570\" data-end=\"1817\">F\u00e4rgerna \u00e4r helt anpassningsbara f\u00f6r att matcha varum\u00e4rkesidentitet, s\u00e4songsteman eller kampanjkoncept. Fr\u00e5n subtila neutrala nyanser till dj\u00e4rva, i\u00f6gonfallande toner, Sumkcaps s\u00e4kerst\u00e4ller korrekt f\u00e4rgmatchning och konsekventa resultat f\u00f6r sammanh\u00e4ngande produktkollektioner.<\/p>\n<h3 data-start=\"1824\" data-end=\"1863\"><strong data-start=\"1828\" data-end=\"1861\">Passform och storlek<\/strong><\/h3>\n<p data-start=\"1864\" data-end=\"2102\">Denna bucket hat \u00e4r designad i en storlek som passar de flesta och passar bekv\u00e4mt huvudstorlekar fr\u00e5n 7 till 7 3\/4. Den anpassningsbara konstruktionen g\u00f6r den l\u00e4mplig f\u00f6r bulkproduktion, detaljhandel och kampanjdistribution utan komplexa storlekskrav.<\/p>\n<h3 data-start=\"2109\" data-end=\"2134\"><strong data-start=\"2113\" data-end=\"2132\">Genomf\u00f6randetid<\/strong><\/h3>\n<p data-start=\"2135\" data-end=\"2365\">Provproduktionen \u00e4r klar inom 7-9 arbetsdagar f\u00f6r snabbt godk\u00e4nnande. Standardproduktionstiden \u00e4r cirka 18-22 arbetsdagar, vilket balanserar snabb leverans med strikt kvalitetskontroll f\u00f6r p\u00e5litliga grossist- och anpassade best\u00e4llningar.<\/p>","protected":false},"excerpt":{"rendered":"<p>Sumkcaps 241093 Custom Leaves Logo Printed Bucket Hats \u00e4r tillverkade av 100% bomull som andas och ger l\u00e4tt komfort och h\u00e5llbarhet i vardagen. Dessa bucket hats har fullt tryck med l\u00f6vlogotypdesign, plus v\u00e4vda etiketter och v\u00e4vda lappar, och ger en stark visuell effekt och f\u00f6rstklassiga varum\u00e4rkesdetaljer. Den klassiska bucket hat-formen ger t\u00e4ckning runt om, medan OSFM-passformen (7-7 3\/4) passar de flesta b\u00e4rare. Med flexibla OEM- och ODM-tj\u00e4nster, snabb provtagning p\u00e5 7-9 arbetsdagar och effektiv produktion p\u00e5 18-22 arbetsdagar \u00e4r den h\u00e4r stilen idealisk f\u00f6r modem\u00e4rken, \u00e5terf\u00f6rs\u00e4ljare och reklamsamlingar.<\/p>","protected":false},"featured_media":16838,"template":"","meta":{"_acf_changed":false,"_kad_blocks_custom_css":"","_kad_blocks_head_custom_js":"","_kad_blocks_body_custom_js":"","_kad_blocks_footer_custom_js":""},"product_brand":[],"product_cat":[55],"product_tag":[],"class_list":{"0":"post-16837","1":"product","2":"type-product","3":"status-publish","4":"has-post-thumbnail","6":"product_cat-bucket-hat-manufacturers","8":"first","9":"outofstock","10":"shipping-taxable","11":"product-type-simple"},"acf":[],"yoast_head":"<!-- This site is optimized with the Yoast SEO Premium plugin v20.8 (Yoast SEO v25.9) - https:\/\/yoast.com\/wordpress\/plugins\/seo\/ -->\n<title>Custom Leaves Logo Printed Bucket Hats | China Manufactuer<\/title>\n<meta name=\"description\" content=\"More Than 10 Years Of Experience In The Headwear Industry. Cap Manufacturers.100% Satisfaction Guarantee. Add Your Logo or Custom Design Online.\" \/>\n<meta name=\"robots\" content=\"index, follow, max-snippet:-1, max-image-preview:large, max-video-preview:-1\" \/>\n<link rel=\"canonical\" href=\"https:\/\/sumkcaps.com\/sv\/produkt\/sufox-241093-hinkhattar-med-tryck-av-logotyp-med-egna-blad\/\" \/>\n<meta property=\"og:locale\" content=\"sv_SE\" \/>\n<meta property=\"og:type\" content=\"article\" \/>\n<meta property=\"og:title\" content=\"Sumkcaps 241093 Custom Leaves Logo Printed Bucket Hats - Sumkcaps\" \/>\n<meta property=\"og:description\" content=\"More Than 10 Years Of Experience In The Headwear Industry. Cap Manufacturers.100% Satisfaction Guarantee. Add Your Logo or Custom Design Online.\" \/>\n<meta property=\"og:url\" content=\"https:\/\/sumkcaps.com\/sv\/produkt\/sufox-241093-hinkhattar-med-tryck-av-logotyp-med-egna-blad\/\" \/>\n<meta property=\"og:site_name\" content=\"Sumkcaps-China Original Headwear Manufacturer and Suppliers\" \/>\n<meta property=\"article:publisher\" content=\"https:\/\/www.facebook.com\/sumkcap\" \/>\n<meta property=\"article:modified_time\" content=\"2026-01-09T02:15:22+00:00\" \/>\n<meta property=\"og:image\" content=\"https:\/\/sumkcaps.com\/wp-content\/uploads\/2022\/10\/custom_printed_leaves_logo_cotton_twill_bucket_hat-1.jpg\" \/>\n\t<meta property=\"og:image:width\" content=\"800\" \/>\n\t<meta property=\"og:image:height\" content=\"800\" \/>\n\t<meta property=\"og:image:type\" content=\"image\/jpeg\" \/>\n<meta name=\"twitter:card\" content=\"summary_large_image\" \/>\n<meta name=\"twitter:label1\" content=\"Ber\u00e4knad l\u00e4stid\" \/>\n\t<meta name=\"twitter:data1\" content=\"2 minuter\" \/>\n<script type=\"application\/ld+json\" class=\"yoast-schema-graph\">{\"@context\":\"https:\/\/schema.org\",\"@graph\":[{\"@type\":\"WebPage\",\"@id\":\"https:\/\/sumkcaps.com\/product\/sufox-241093-custom-leaves-logo-printed-bucket-hats\/\",\"url\":\"https:\/\/sumkcaps.com\/product\/sufox-241093-custom-leaves-logo-printed-bucket-hats\/\",\"name\":\"Custom Leaves Logo Printed Bucket Hats | China Manufactuer\",\"isPartOf\":{\"@id\":\"https:\/\/sumkcaps.com\/#website\"},\"primaryImageOfPage\":{\"@id\":\"https:\/\/sumkcaps.com\/product\/sufox-241093-custom-leaves-logo-printed-bucket-hats\/#primaryimage\"},\"image\":{\"@id\":\"https:\/\/sumkcaps.com\/product\/sufox-241093-custom-leaves-logo-printed-bucket-hats\/#primaryimage\"},\"thumbnailUrl\":\"https:\/\/sumkcaps.com\/wp-content\/uploads\/2022\/10\/custom_printed_leaves_logo_cotton_twill_bucket_hat-1.jpg\",\"datePublished\":\"2022-10-13T06:09:28+00:00\",\"dateModified\":\"2026-01-09T02:15:22+00:00\",\"description\":\"More Than 10 Years Of Experience In The Headwear Industry. Cap Manufacturers.100% Satisfaction Guarantee. Add Your Logo or Custom Design Online.\",\"breadcrumb\":{\"@id\":\"https:\/\/sumkcaps.com\/product\/sufox-241093-custom-leaves-logo-printed-bucket-hats\/#breadcrumb\"},\"inLanguage\":\"sv-SE\",\"potentialAction\":[{\"@type\":\"ReadAction\",\"target\":[\"https:\/\/sumkcaps.com\/product\/sufox-241093-custom-leaves-logo-printed-bucket-hats\/\"]}]},{\"@type\":\"ImageObject\",\"inLanguage\":\"sv-SE\",\"@id\":\"https:\/\/sumkcaps.com\/product\/sufox-241093-custom-leaves-logo-printed-bucket-hats\/#primaryimage\",\"url\":\"https:\/\/sumkcaps.com\/wp-content\/uploads\/2022\/10\/custom_printed_leaves_logo_cotton_twill_bucket_hat-1.jpg\",\"contentUrl\":\"https:\/\/sumkcaps.com\/wp-content\/uploads\/2022\/10\/custom_printed_leaves_logo_cotton_twill_bucket_hat-1.jpg\",\"width\":800,\"height\":800,\"caption\":\"cotton bucket\"},{\"@type\":\"BreadcrumbList\",\"@id\":\"https:\/\/sumkcaps.com\/product\/sufox-241093-custom-leaves-logo-printed-bucket-hats\/#breadcrumb\",\"itemListElement\":[{\"@type\":\"ListItem\",\"position\":1,\"name\":\"Home\",\"item\":\"https:\/\/sumkcaps.com\/\"},{\"@type\":\"ListItem\",\"position\":2,\"name\":\"Products\",\"item\":\"https:\/\/sumkcaps.com\/product\/\"},{\"@type\":\"ListItem\",\"position\":3,\"name\":\"Sumkcaps 241093 Custom Leaves Logo Printed Bucket Hats\"}]},{\"@type\":\"WebSite\",\"@id\":\"https:\/\/sumkcaps.com\/#website\",\"url\":\"https:\/\/sumkcaps.com\/\",\"name\":\"Sumkcaps-China Original Headwear Manufacturer and Suppliers\",\"description\":\"We are China Cap And Hat Original Factory, whose main business is to custom cap and hat as client&#039;s LOGO. Any cap style, any cap color, any qty, any material and qty is no problem. In one words, any small details can be customized as your request.\",\"publisher\":{\"@id\":\"https:\/\/sumkcaps.com\/#organization\"},\"potentialAction\":[{\"@type\":\"SearchAction\",\"target\":{\"@type\":\"EntryPoint\",\"urlTemplate\":\"https:\/\/sumkcaps.com\/?s={search_term_string}\"},\"query-input\":{\"@type\":\"PropertyValueSpecification\",\"valueRequired\":true,\"valueName\":\"search_term_string\"}}],\"inLanguage\":\"sv-SE\"},{\"@type\":\"Organization\",\"@id\":\"https:\/\/sumkcaps.com\/#organization\",\"name\":\"Sumkcaps-China Original Headwear Manufacturer and Suppliers\",\"url\":\"https:\/\/sumkcaps.com\/\",\"logo\":{\"@type\":\"ImageObject\",\"inLanguage\":\"sv-SE\",\"@id\":\"https:\/\/sumkcaps.com\/#\/schema\/logo\/image\/\",\"url\":\"https:\/\/sumkcaps.com\/wp-content\/uploads\/2025\/12\/1234.jpg\",\"contentUrl\":\"https:\/\/sumkcaps.com\/wp-content\/uploads\/2025\/12\/1234.jpg\",\"width\":800,\"height\":800,\"caption\":\"Sumkcaps-China Original Headwear Manufacturer and Suppliers\"},\"image\":{\"@id\":\"https:\/\/sumkcaps.com\/#\/schema\/logo\/image\/\"},\"sameAs\":[\"https:\/\/www.facebook.com\/sumkcap\",\"https:\/\/www.instagram.com\/sumkcaps7\/\",\"https:\/\/www.pinterest.com\/sumkcapschina\/\"]}]}<\/script>\n<!-- \/ Yoast SEO Premium plugin. -->","yoast_head_json":{"title":"Anpassade l\u00f6v logotyp tryckta hinkhattar | Kina tillverkare","description":"Mer \u00e4n 10 \u00e5rs erfarenhet inom huvudkl\u00e4desindustrin. Cap Manufacturers.100% N\u00f6jdhetsgaranti. L\u00e4gg till din logotyp eller anpassad design online.","robots":{"index":"index","follow":"follow","max-snippet":"max-snippet:-1","max-image-preview":"max-image-preview:large","max-video-preview":"max-video-preview:-1"},"canonical":"https:\/\/sumkcaps.com\/sv\/produkt\/sufox-241093-hinkhattar-med-tryck-av-logotyp-med-egna-blad\/","og_locale":"sv_SE","og_type":"article","og_title":"Sumkcaps 241093 Custom Leaves Logo Printed Bucket Hats - Sumkcaps","og_description":"More Than 10 Years Of Experience In The Headwear Industry. Cap Manufacturers.100% Satisfaction Guarantee. Add Your Logo or Custom Design Online.","og_url":"https:\/\/sumkcaps.com\/sv\/produkt\/sufox-241093-hinkhattar-med-tryck-av-logotyp-med-egna-blad\/","og_site_name":"Sumkcaps-China Original Headwear Manufacturer and Suppliers","article_publisher":"https:\/\/www.facebook.com\/sumkcap","article_modified_time":"2026-01-09T02:15:22+00:00","og_image":[{"width":800,"height":800,"url":"https:\/\/sumkcaps.com\/wp-content\/uploads\/2022\/10\/custom_printed_leaves_logo_cotton_twill_bucket_hat-1.jpg","type":"image\/jpeg"}],"twitter_card":"summary_large_image","twitter_misc":{"Ber\u00e4knad l\u00e4stid":"2 minuter"},"schema":{"@context":"https:\/\/schema.org","@graph":[{"@type":"WebPage","@id":"https:\/\/sumkcaps.com\/product\/sufox-241093-custom-leaves-logo-printed-bucket-hats\/","url":"https:\/\/sumkcaps.com\/product\/sufox-241093-custom-leaves-logo-printed-bucket-hats\/","name":"Anpassade l\u00f6v logotyp tryckta hinkhattar | Kina tillverkare","isPartOf":{"@id":"https:\/\/sumkcaps.com\/#website"},"primaryImageOfPage":{"@id":"https:\/\/sumkcaps.com\/product\/sufox-241093-custom-leaves-logo-printed-bucket-hats\/#primaryimage"},"image":{"@id":"https:\/\/sumkcaps.com\/product\/sufox-241093-custom-leaves-logo-printed-bucket-hats\/#primaryimage"},"thumbnailUrl":"https:\/\/sumkcaps.com\/wp-content\/uploads\/2022\/10\/custom_printed_leaves_logo_cotton_twill_bucket_hat-1.jpg","datePublished":"2022-10-13T06:09:28+00:00","dateModified":"2026-01-09T02:15:22+00:00","description":"Mer \u00e4n 10 \u00e5rs erfarenhet inom huvudkl\u00e4desindustrin. Cap Manufacturers.100% N\u00f6jdhetsgaranti. L\u00e4gg till din logotyp eller anpassad design online.","breadcrumb":{"@id":"https:\/\/sumkcaps.com\/product\/sufox-241093-custom-leaves-logo-printed-bucket-hats\/#breadcrumb"},"inLanguage":"sv-SE","potentialAction":[{"@type":"ReadAction","target":["https:\/\/sumkcaps.com\/product\/sufox-241093-custom-leaves-logo-printed-bucket-hats\/"]}]},{"@type":"ImageObject","inLanguage":"sv-SE","@id":"https:\/\/sumkcaps.com\/product\/sufox-241093-custom-leaves-logo-printed-bucket-hats\/#primaryimage","url":"https:\/\/sumkcaps.com\/wp-content\/uploads\/2022\/10\/custom_printed_leaves_logo_cotton_twill_bucket_hat-1.jpg","contentUrl":"https:\/\/sumkcaps.com\/wp-content\/uploads\/2022\/10\/custom_printed_leaves_logo_cotton_twill_bucket_hat-1.jpg","width":800,"height":800,"caption":"cotton bucket"},{"@type":"BreadcrumbList","@id":"https:\/\/sumkcaps.com\/product\/sufox-241093-custom-leaves-logo-printed-bucket-hats\/#breadcrumb","itemListElement":[{"@type":"ListItem","position":1,"name":"Home","item":"https:\/\/sumkcaps.com\/"},{"@type":"ListItem","position":2,"name":"Products","item":"https:\/\/sumkcaps.com\/product\/"},{"@type":"ListItem","position":3,"name":"Sumkcaps 241093 Custom Leaves Logo Printed Bucket Hats"}]},{"@type":"WebSite","@id":"https:\/\/sumkcaps.com\/#website","url":"https:\/\/sumkcaps.com\/","name":"Sumkcaps - tillverkare och leverant\u00f6rer av originalhuvudbonader i Kina","description":"Vi \u00e4r China Cap And Hat Original Factory, vars huvudsakliga verksamhet \u00e4r att anpassa m\u00f6ssa och hatt som klient &amp; #03939; s LOGO. Vilken keps som helst, vilken kepsf\u00e4rg som helst, vilket antal som helst, vilket material som helst och antal \u00e4r inget problem. Med ett ord kan alla sm\u00e5 detaljer anpassas efter din beg\u00e4ran.","publisher":{"@id":"https:\/\/sumkcaps.com\/#organization"},"potentialAction":[{"@type":"SearchAction","target":{"@type":"EntryPoint","urlTemplate":"https:\/\/sumkcaps.com\/?s={search_term_string}"},"query-input":{"@type":"PropertyValueSpecification","valueRequired":true,"valueName":"search_term_string"}}],"inLanguage":"sv-SE"},{"@type":"Organization","@id":"https:\/\/sumkcaps.com\/#organization","name":"Sumkcaps - tillverkare och leverant\u00f6rer av originalhuvudbonader i Kina","url":"https:\/\/sumkcaps.com\/","logo":{"@type":"ImageObject","inLanguage":"sv-SE","@id":"https:\/\/sumkcaps.com\/#\/schema\/logo\/image\/","url":"https:\/\/sumkcaps.com\/wp-content\/uploads\/2025\/12\/1234.jpg","contentUrl":"https:\/\/sumkcaps.com\/wp-content\/uploads\/2025\/12\/1234.jpg","width":800,"height":800,"caption":"Sumkcaps-China Original Headwear Manufacturer and Suppliers"},"image":{"@id":"https:\/\/sumkcaps.com\/#\/schema\/logo\/image\/"},"sameAs":["https:\/\/www.facebook.com\/sumkcap","https:\/\/www.instagram.com\/sumkcaps7\/","https:\/\/www.pinterest.com\/sumkcapschina\/"]}]}},"taxonomy_info":{"product_cat":[{"value":55,"label":"Bucket Hat Wholesale"}]},"featured_image_src_large":["https:\/\/sumkcaps.com\/wp-content\/uploads\/2022\/10\/custom_printed_leaves_logo_cotton_twill_bucket_hat-1.jpg",800,800,false],"author_info":[],"comment_info":"","_links":{"self":[{"href":"https:\/\/sumkcaps.com\/sv\/wp-json\/wp\/v2\/product\/16837","targetHints":{"allow":["GET"]}}],"collection":[{"href":"https:\/\/sumkcaps.com\/sv\/wp-json\/wp\/v2\/product"}],"about":[{"href":"https:\/\/sumkcaps.com\/sv\/wp-json\/wp\/v2\/types\/product"}],"wp:featuredmedia":[{"embeddable":true,"href":"https:\/\/sumkcaps.com\/sv\/wp-json\/wp\/v2\/media\/16838"}],"wp:attachment":[{"href":"https:\/\/sumkcaps.com\/sv\/wp-json\/wp\/v2\/media?parent=16837"}],"wp:term":[{"taxonomy":"product_brand","embeddable":true,"href":"https:\/\/sumkcaps.com\/sv\/wp-json\/wp\/v2\/product_brand?post=16837"},{"taxonomy":"product_cat","embeddable":true,"href":"https:\/\/sumkcaps.com\/sv\/wp-json\/wp\/v2\/product_cat?post=16837"},{"taxonomy":"product_tag","embeddable":true,"href":"https:\/\/sumkcaps.com\/sv\/wp-json\/wp\/v2\/product_tag?post=16837"}],"curies":[{"name":"wp","href":"https:\/\/api.w.org\/{rel}","templated":true}]}}