{"id":16746,"date":"2022-10-13T11:32:12","date_gmt":"2022-10-13T03:32:12","guid":{"rendered":"https:\/\/sumkcaps.com\/?post_type=product&#038;p=16746"},"modified":"2026-03-12T14:17:51","modified_gmt":"2026-03-12T06:17:51","slug":"sufox-241077-custom-six-panel-printing-logo-snapback-cap","status":"publish","type":"product","link":"https:\/\/sumkcaps.com\/sv\/produkt\/sufox-241077-custom-sex-paneler-tryck-logotyp-snapback-keps\/","title":{"rendered":"Sumkcaps 241077 Custom Snapback keps med sex paneler och logotryck"},"content":{"rendered":"<h3 data-start=\"76\" data-end=\"451\"><strong data-start=\"76\" data-end=\"101\">Dekoration<\/strong><\/h3>\n<p data-start=\"76\" data-end=\"451\">Denna snapback-keps har h\u00f6gkvalitativt logotryck som ger tydlig, livfull grafik med utm\u00e4rkta detaljer. Trycktekniken g\u00f6r att komplexa m\u00f6nster, f\u00e4rgglada konstverk och varum\u00e4rkeslogotyper kan appliceras smidigt p\u00e5 kepsens yta, vilket skapar en dj\u00e4rv och i\u00f6gonfallande visuell effekt som passar f\u00f6r modem\u00e4rken, evenemang och reklamanv\u00e4ndning.<\/p>\n<h3 data-start=\"453\" data-end=\"759\"><strong data-start=\"453\" data-end=\"480\">Material<\/strong><\/h3>\n<p data-start=\"453\" data-end=\"759\">Den h\u00e4r kepsen \u00e4r tillverkad av 100%-akryl och \u00e4r slitstark, l\u00e4tt och formstabil. Akrylmaterialet \u00e4r motst\u00e5ndskraftigt mot skrynklor och blekning, vilket g\u00f6r att kepsen beh\u00e5ller sin struktur och f\u00e4rg \u00f6ver tid samtidigt som den \u00e4r bekv\u00e4m att b\u00e4ra varje dag.<\/p>\n<h3 data-start=\"761\" data-end=\"1089\"><strong data-start=\"761\" data-end=\"783\">F\u00e4rg<\/strong><\/h3>\n<p data-start=\"761\" data-end=\"1089\">Kepsen kan anpassas i fullf\u00e4rg f\u00f6r att matcha olika varum\u00e4rkesidentiteter eller designkoncept. Fr\u00e5n klassiska enf\u00e4rgade toner till livfulla f\u00e4rgkombinationer - med kundanpassade alternativ kan f\u00f6retag skapa unika snapback-kepsar som passar f\u00f6r detaljhandelskollektioner, reklamkampanjer eller produkter under eget varum\u00e4rke.<\/p>\n<h3 data-start=\"1091\" data-end=\"1365\"><strong data-start=\"1091\" data-end=\"1124\">Passform och storlek<\/strong><\/h3>\n<p data-start=\"1091\" data-end=\"1365\">Den h\u00e4r kepsen har en justerbar snapback-st\u00e4ngning och ger en flexibel passform som passar de flesta huvudstorlekar fr\u00e5n 7 till 7 3\/4. Den justerbara strukturen garanterar komfort och funktionalitet, vilket g\u00f6r den idealisk f\u00f6r ett brett spektrum av konsumenter.<\/p>\n<h3 data-start=\"1367\" data-end=\"1639\"><strong data-start=\"1367\" data-end=\"1388\">Visir\u00a0<\/strong><\/h3>\n<p data-start=\"1367\" data-end=\"1639\">Det platta visiret ger ett modernt streetwear-utseende samtidigt som det ger ett effektivt solskydd. Den strukturerade designen f\u00f6rst\u00e4rker kepsens \u00f6vergripande silhuett och ger en skarp, modern form som \u00e4r popul\u00e4r i urbant och avslappnat mode.<\/p>\n<h3 data-start=\"1641\" data-end=\"1928\"><strong data-start=\"1641\" data-end=\"1664\">Service<\/strong><\/h3>\n<p data-start=\"1641\" data-end=\"1928\">Sumkcaps tillhandah\u00e5ller omfattande OEM- och ODM-tj\u00e4nster f\u00f6r varum\u00e4rken, grossister och distribut\u00f6rer. V\u00e5rt team st\u00f6der fullst\u00e4ndig anpassning inklusive logotyptryck, f\u00e4rgmatchning, m\u00e4rkning och f\u00f6rpackningsl\u00f6sningar f\u00f6r att hj\u00e4lpa kunder att skapa distinkta huvudbonader.<\/p>\n<h3 data-start=\"1930\" data-end=\"2203\"><strong data-start=\"1930\" data-end=\"1949\">Genomf\u00f6randetid<\/strong><\/h3>\n<p data-start=\"1930\" data-end=\"2203\" data-is-last-node=\"\" data-is-only-node=\"\">V\u00e5r effektiva produktionsprocess garanterar snabb leverans av specialbest\u00e4llningar. Provproduktion tar vanligtvis <strong data-start=\"2058\" data-end=\"2078\">7-9 arbetsdagar<\/strong>, medan bulkproduktion kr\u00e4ver <strong data-start=\"2111\" data-end=\"2133\">18-22 arbetsdagar<\/strong>, och hj\u00e4lper varum\u00e4rken att snabbt och effektivt lansera nya produkter p\u00e5 marknaden.<\/p>","protected":false},"excerpt":{"rendered":"<p>Sumkcaps 241077 Custom Six Panel Printing Logo Snapback Cap \u00e4r en av popul\u00e4ra Cap Style, l\u00e4tt vikt och andas v\u00e4l. V\u00e5ra Snapbacks kommer i en m\u00e4ngd olika stilar och f\u00e4rger fr\u00e5n alla de b\u00e4sta varum\u00e4rkena.<\/p>","protected":false},"featured_media":16747,"template":"","meta":{"_acf_changed":false,"_kad_blocks_custom_css":"","_kad_blocks_head_custom_js":"","_kad_blocks_body_custom_js":"","_kad_blocks_footer_custom_js":""},"product_brand":[],"product_cat":[42],"product_tag":[],"class_list":{"0":"post-16746","1":"product","2":"type-product","3":"status-publish","4":"has-post-thumbnail","6":"product_cat-snapback-cap","8":"first","9":"outofstock","10":"shipping-taxable","11":"product-type-simple"},"acf":[],"yoast_head":"<!-- This site is optimized with the Yoast SEO Premium plugin v20.8 (Yoast SEO v25.9) - https:\/\/yoast.com\/wordpress\/plugins\/seo\/ -->\n<title>Custom Printing Logo Snapback Cap | China Manufactuer<\/title>\n<meta name=\"description\" content=\"High Quality Cap Head Wear With Professional Custom Design Service Available. Add Your Logo or Custom Design Online. Expert Service. Bulk Discount.\" \/>\n<meta name=\"robots\" content=\"index, follow, max-snippet:-1, max-image-preview:large, max-video-preview:-1\" \/>\n<link rel=\"canonical\" href=\"https:\/\/sumkcaps.com\/sv\/produkt\/sufox-241077-custom-sex-paneler-tryck-logotyp-snapback-keps\/\" \/>\n<meta property=\"og:locale\" content=\"sv_SE\" \/>\n<meta property=\"og:type\" content=\"article\" \/>\n<meta property=\"og:title\" content=\"Sumkcaps 241077 Custom Six Panel Printing Logo Snapback Cap - Sumkcaps\" \/>\n<meta property=\"og:description\" content=\"High Quality Cap Head Wear With Professional Custom Design Service Available. Add Your Logo or Custom Design Online. Expert Service. Bulk Discount.\" \/>\n<meta property=\"og:url\" content=\"https:\/\/sumkcaps.com\/sv\/produkt\/sufox-241077-custom-sex-paneler-tryck-logotyp-snapback-keps\/\" \/>\n<meta property=\"og:site_name\" content=\"Sumkcaps-China Original Headwear Manufacturer and Suppliers\" \/>\n<meta property=\"article:publisher\" content=\"https:\/\/www.facebook.com\/sumkcap\" \/>\n<meta property=\"article:modified_time\" content=\"2026-03-12T06:17:51+00:00\" \/>\n<meta property=\"og:image\" content=\"https:\/\/sumkcaps.com\/wp-content\/uploads\/2022\/10\/custom_6_panel_printing_logo_snapback_hat-1.jpg\" \/>\n\t<meta property=\"og:image:width\" content=\"800\" \/>\n\t<meta property=\"og:image:height\" content=\"800\" \/>\n\t<meta property=\"og:image:type\" content=\"image\/jpeg\" \/>\n<meta name=\"twitter:card\" content=\"summary_large_image\" \/>\n<meta name=\"twitter:label1\" content=\"Ber\u00e4knad l\u00e4stid\" \/>\n\t<meta name=\"twitter:data1\" content=\"2 minuter\" \/>\n<script type=\"application\/ld+json\" class=\"yoast-schema-graph\">{\"@context\":\"https:\/\/schema.org\",\"@graph\":[{\"@type\":\"WebPage\",\"@id\":\"https:\/\/sumkcaps.com\/product\/sufox-241077-custom-six-panel-printing-logo-snapback-cap\/\",\"url\":\"https:\/\/sumkcaps.com\/product\/sufox-241077-custom-six-panel-printing-logo-snapback-cap\/\",\"name\":\"Custom Printing Logo Snapback Cap | China Manufactuer\",\"isPartOf\":{\"@id\":\"https:\/\/sumkcaps.com\/#website\"},\"primaryImageOfPage\":{\"@id\":\"https:\/\/sumkcaps.com\/product\/sufox-241077-custom-six-panel-printing-logo-snapback-cap\/#primaryimage\"},\"image\":{\"@id\":\"https:\/\/sumkcaps.com\/product\/sufox-241077-custom-six-panel-printing-logo-snapback-cap\/#primaryimage\"},\"thumbnailUrl\":\"https:\/\/sumkcaps.com\/wp-content\/uploads\/2022\/10\/custom_6_panel_printing_logo_snapback_hat-1.jpg\",\"datePublished\":\"2022-10-13T03:32:12+00:00\",\"dateModified\":\"2026-03-12T06:17:51+00:00\",\"description\":\"High Quality Cap Head Wear With Professional Custom Design Service Available. Add Your Logo or Custom Design Online. Expert Service. Bulk Discount.\",\"breadcrumb\":{\"@id\":\"https:\/\/sumkcaps.com\/product\/sufox-241077-custom-six-panel-printing-logo-snapback-cap\/#breadcrumb\"},\"inLanguage\":\"sv-SE\",\"potentialAction\":[{\"@type\":\"ReadAction\",\"target\":[\"https:\/\/sumkcaps.com\/product\/sufox-241077-custom-six-panel-printing-logo-snapback-cap\/\"]}]},{\"@type\":\"ImageObject\",\"inLanguage\":\"sv-SE\",\"@id\":\"https:\/\/sumkcaps.com\/product\/sufox-241077-custom-six-panel-printing-logo-snapback-cap\/#primaryimage\",\"url\":\"https:\/\/sumkcaps.com\/wp-content\/uploads\/2022\/10\/custom_6_panel_printing_logo_snapback_hat-1.jpg\",\"contentUrl\":\"https:\/\/sumkcaps.com\/wp-content\/uploads\/2022\/10\/custom_6_panel_printing_logo_snapback_hat-1.jpg\",\"width\":800,\"height\":800},{\"@type\":\"BreadcrumbList\",\"@id\":\"https:\/\/sumkcaps.com\/product\/sufox-241077-custom-six-panel-printing-logo-snapback-cap\/#breadcrumb\",\"itemListElement\":[{\"@type\":\"ListItem\",\"position\":1,\"name\":\"Home\",\"item\":\"https:\/\/sumkcaps.com\/\"},{\"@type\":\"ListItem\",\"position\":2,\"name\":\"Products\",\"item\":\"https:\/\/sumkcaps.com\/product\/\"},{\"@type\":\"ListItem\",\"position\":3,\"name\":\"Sumkcaps 241077 Custom Six Panel Printing Logo Snapback Cap\"}]},{\"@type\":\"WebSite\",\"@id\":\"https:\/\/sumkcaps.com\/#website\",\"url\":\"https:\/\/sumkcaps.com\/\",\"name\":\"Sumkcaps-China Original Headwear Manufacturer and Suppliers\",\"description\":\"We are China Cap And Hat Original Factory, whose main business is to custom cap and hat as client&#039;s LOGO. Any cap style, any cap color, any qty, any material and qty is no problem. In one words, any small details can be customized as your request.\",\"publisher\":{\"@id\":\"https:\/\/sumkcaps.com\/#organization\"},\"potentialAction\":[{\"@type\":\"SearchAction\",\"target\":{\"@type\":\"EntryPoint\",\"urlTemplate\":\"https:\/\/sumkcaps.com\/?s={search_term_string}\"},\"query-input\":{\"@type\":\"PropertyValueSpecification\",\"valueRequired\":true,\"valueName\":\"search_term_string\"}}],\"inLanguage\":\"sv-SE\"},{\"@type\":\"Organization\",\"@id\":\"https:\/\/sumkcaps.com\/#organization\",\"name\":\"Sumkcaps-China Original Headwear Manufacturer and Suppliers\",\"url\":\"https:\/\/sumkcaps.com\/\",\"logo\":{\"@type\":\"ImageObject\",\"inLanguage\":\"sv-SE\",\"@id\":\"https:\/\/sumkcaps.com\/#\/schema\/logo\/image\/\",\"url\":\"https:\/\/sumkcaps.com\/wp-content\/uploads\/2025\/12\/1234.jpg\",\"contentUrl\":\"https:\/\/sumkcaps.com\/wp-content\/uploads\/2025\/12\/1234.jpg\",\"width\":800,\"height\":800,\"caption\":\"Sumkcaps-China Original Headwear Manufacturer and Suppliers\"},\"image\":{\"@id\":\"https:\/\/sumkcaps.com\/#\/schema\/logo\/image\/\"},\"sameAs\":[\"https:\/\/www.facebook.com\/sumkcap\",\"https:\/\/www.instagram.com\/sumkcaps7\/\",\"https:\/\/www.pinterest.com\/sumkcapschina\/\"]}]}<\/script>\n<!-- \/ Yoast SEO Premium plugin. -->","yoast_head_json":{"title":"Anpassat tryck Logo Snapback Cap | Kina Tillverkare","description":"H\u00f6gkvalitativt kepshuvudslitage med professionell anpassad designtj\u00e4nst tillg\u00e4nglig. L\u00e4gg till din logotyp eller anpassade design online. Expert service. Bulk rabatt.","robots":{"index":"index","follow":"follow","max-snippet":"max-snippet:-1","max-image-preview":"max-image-preview:large","max-video-preview":"max-video-preview:-1"},"canonical":"https:\/\/sumkcaps.com\/sv\/produkt\/sufox-241077-custom-sex-paneler-tryck-logotyp-snapback-keps\/","og_locale":"sv_SE","og_type":"article","og_title":"Sumkcaps 241077 Custom Six Panel Printing Logo Snapback Cap - Sumkcaps","og_description":"High Quality Cap Head Wear With Professional Custom Design Service Available. Add Your Logo or Custom Design Online. Expert Service. Bulk Discount.","og_url":"https:\/\/sumkcaps.com\/sv\/produkt\/sufox-241077-custom-sex-paneler-tryck-logotyp-snapback-keps\/","og_site_name":"Sumkcaps-China Original Headwear Manufacturer and Suppliers","article_publisher":"https:\/\/www.facebook.com\/sumkcap","article_modified_time":"2026-03-12T06:17:51+00:00","og_image":[{"width":800,"height":800,"url":"https:\/\/sumkcaps.com\/wp-content\/uploads\/2022\/10\/custom_6_panel_printing_logo_snapback_hat-1.jpg","type":"image\/jpeg"}],"twitter_card":"summary_large_image","twitter_misc":{"Ber\u00e4knad l\u00e4stid":"2 minuter"},"schema":{"@context":"https:\/\/schema.org","@graph":[{"@type":"WebPage","@id":"https:\/\/sumkcaps.com\/product\/sufox-241077-custom-six-panel-printing-logo-snapback-cap\/","url":"https:\/\/sumkcaps.com\/product\/sufox-241077-custom-six-panel-printing-logo-snapback-cap\/","name":"Anpassat tryck Logo Snapback Cap | Kina Tillverkare","isPartOf":{"@id":"https:\/\/sumkcaps.com\/#website"},"primaryImageOfPage":{"@id":"https:\/\/sumkcaps.com\/product\/sufox-241077-custom-six-panel-printing-logo-snapback-cap\/#primaryimage"},"image":{"@id":"https:\/\/sumkcaps.com\/product\/sufox-241077-custom-six-panel-printing-logo-snapback-cap\/#primaryimage"},"thumbnailUrl":"https:\/\/sumkcaps.com\/wp-content\/uploads\/2022\/10\/custom_6_panel_printing_logo_snapback_hat-1.jpg","datePublished":"2022-10-13T03:32:12+00:00","dateModified":"2026-03-12T06:17:51+00:00","description":"H\u00f6gkvalitativt kepshuvudslitage med professionell anpassad designtj\u00e4nst tillg\u00e4nglig. L\u00e4gg till din logotyp eller anpassade design online. Expert service. Bulk rabatt.","breadcrumb":{"@id":"https:\/\/sumkcaps.com\/product\/sufox-241077-custom-six-panel-printing-logo-snapback-cap\/#breadcrumb"},"inLanguage":"sv-SE","potentialAction":[{"@type":"ReadAction","target":["https:\/\/sumkcaps.com\/product\/sufox-241077-custom-six-panel-printing-logo-snapback-cap\/"]}]},{"@type":"ImageObject","inLanguage":"sv-SE","@id":"https:\/\/sumkcaps.com\/product\/sufox-241077-custom-six-panel-printing-logo-snapback-cap\/#primaryimage","url":"https:\/\/sumkcaps.com\/wp-content\/uploads\/2022\/10\/custom_6_panel_printing_logo_snapback_hat-1.jpg","contentUrl":"https:\/\/sumkcaps.com\/wp-content\/uploads\/2022\/10\/custom_6_panel_printing_logo_snapback_hat-1.jpg","width":800,"height":800},{"@type":"BreadcrumbList","@id":"https:\/\/sumkcaps.com\/product\/sufox-241077-custom-six-panel-printing-logo-snapback-cap\/#breadcrumb","itemListElement":[{"@type":"ListItem","position":1,"name":"Home","item":"https:\/\/sumkcaps.com\/"},{"@type":"ListItem","position":2,"name":"Products","item":"https:\/\/sumkcaps.com\/product\/"},{"@type":"ListItem","position":3,"name":"Sumkcaps 241077 Custom Six Panel Printing Logo Snapback Cap"}]},{"@type":"WebSite","@id":"https:\/\/sumkcaps.com\/#website","url":"https:\/\/sumkcaps.com\/","name":"Sumkcaps - tillverkare och leverant\u00f6rer av originalhuvudbonader i Kina","description":"Vi \u00e4r China Cap And Hat Original Factory, vars huvudsakliga verksamhet \u00e4r att anpassa m\u00f6ssa och hatt som klient &amp; #03939; s LOGO. Vilken keps som helst, vilken kepsf\u00e4rg som helst, vilket antal som helst, vilket material som helst och antal \u00e4r inget problem. Med ett ord kan alla sm\u00e5 detaljer anpassas efter din beg\u00e4ran.","publisher":{"@id":"https:\/\/sumkcaps.com\/#organization"},"potentialAction":[{"@type":"SearchAction","target":{"@type":"EntryPoint","urlTemplate":"https:\/\/sumkcaps.com\/?s={search_term_string}"},"query-input":{"@type":"PropertyValueSpecification","valueRequired":true,"valueName":"search_term_string"}}],"inLanguage":"sv-SE"},{"@type":"Organization","@id":"https:\/\/sumkcaps.com\/#organization","name":"Sumkcaps - tillverkare och leverant\u00f6rer av originalhuvudbonader i Kina","url":"https:\/\/sumkcaps.com\/","logo":{"@type":"ImageObject","inLanguage":"sv-SE","@id":"https:\/\/sumkcaps.com\/#\/schema\/logo\/image\/","url":"https:\/\/sumkcaps.com\/wp-content\/uploads\/2025\/12\/1234.jpg","contentUrl":"https:\/\/sumkcaps.com\/wp-content\/uploads\/2025\/12\/1234.jpg","width":800,"height":800,"caption":"Sumkcaps-China Original Headwear Manufacturer and Suppliers"},"image":{"@id":"https:\/\/sumkcaps.com\/#\/schema\/logo\/image\/"},"sameAs":["https:\/\/www.facebook.com\/sumkcap","https:\/\/www.instagram.com\/sumkcaps7\/","https:\/\/www.pinterest.com\/sumkcapschina\/"]}]}},"taxonomy_info":{"product_cat":[{"value":42,"label":"Snapback Hats Wholesale"}]},"featured_image_src_large":["https:\/\/sumkcaps.com\/wp-content\/uploads\/2022\/10\/custom_6_panel_printing_logo_snapback_hat-1.jpg",800,800,false],"author_info":[],"comment_info":"","_links":{"self":[{"href":"https:\/\/sumkcaps.com\/sv\/wp-json\/wp\/v2\/product\/16746","targetHints":{"allow":["GET"]}}],"collection":[{"href":"https:\/\/sumkcaps.com\/sv\/wp-json\/wp\/v2\/product"}],"about":[{"href":"https:\/\/sumkcaps.com\/sv\/wp-json\/wp\/v2\/types\/product"}],"wp:featuredmedia":[{"embeddable":true,"href":"https:\/\/sumkcaps.com\/sv\/wp-json\/wp\/v2\/media\/16747"}],"wp:attachment":[{"href":"https:\/\/sumkcaps.com\/sv\/wp-json\/wp\/v2\/media?parent=16746"}],"wp:term":[{"taxonomy":"product_brand","embeddable":true,"href":"https:\/\/sumkcaps.com\/sv\/wp-json\/wp\/v2\/product_brand?post=16746"},{"taxonomy":"product_cat","embeddable":true,"href":"https:\/\/sumkcaps.com\/sv\/wp-json\/wp\/v2\/product_cat?post=16746"},{"taxonomy":"product_tag","embeddable":true,"href":"https:\/\/sumkcaps.com\/sv\/wp-json\/wp\/v2\/product_tag?post=16746"}],"curies":[{"name":"wp","href":"https:\/\/api.w.org\/{rel}","templated":true}]}}