{"id":16729,"date":"2022-10-13T11:19:02","date_gmt":"2022-10-13T03:19:02","guid":{"rendered":"https:\/\/sumkcaps.com\/?post_type=product&#038;p=16729"},"modified":"2026-03-12T14:53:41","modified_gmt":"2026-03-12T06:53:41","slug":"sufox-241075-custom-six-panel-3d-embroidery-blue-snapback-cap","status":"publish","type":"product","link":"https:\/\/sumkcaps.com\/sv\/produkt\/sufox-241075-custom-six-panel-3d-brodyr-bla-snapback-keps\/","title":{"rendered":"Sumkcaps 241075 Custom Six Panel 3D-brodyr bl\u00e5 snapback keps"},"content":{"rendered":"<h3 data-start=\"81\" data-end=\"428\"><strong data-start=\"81\" data-end=\"111\">Dekoration<\/strong><\/h3>\n<p data-start=\"81\" data-end=\"428\">Denna snapback-keps har premium 3D-broderi som skapar en upph\u00f6jd, strukturerad logotyp med starkt visuellt djup. Den avancerade broderitekniken garanterar exakta s\u00f6mmar och l\u00e5ng h\u00e5llbarhet, vilket g\u00f6r den idealisk f\u00f6r varum\u00e4rkeslogotyper, teamemblem eller anpassade m\u00f6nster som kr\u00e4ver ett dj\u00e4rvt och professionellt utseende.<\/p>\n<h3 data-start=\"430\" data-end=\"741\"><strong data-start=\"430\" data-end=\"457\">Material<\/strong><\/h3>\n<p data-start=\"430\" data-end=\"741\">Kepsen \u00e4r tillverkad av h\u00f6gkvalitativt 100% akryltyg och erbjuder h\u00e5llbarhet, l\u00e4ttviktskomfort och utm\u00e4rkt formbest\u00e4ndighet. Akrylmaterialet hj\u00e4lper till att bibeh\u00e5lla kepsens struktur samtidigt som det motst\u00e5r rynkor och blekning, vilket s\u00e4kerst\u00e4ller att kepsen f\u00f6rblir snygg och funktionell under vardagligt bruk.<\/p>\n<h3 data-start=\"743\" data-end=\"1029\"><strong data-start=\"743\" data-end=\"771\">F\u00e4rg<\/strong><\/h3>\n<p data-start=\"743\" data-end=\"1029\">Kepsen kommer i en klassisk bl\u00e5 f\u00e4rg som ger en ren och m\u00e5ngsidig look som passar f\u00f6r streetwear, sport och casual mode. Anpassade f\u00e4rgalternativ finns ocks\u00e5 tillg\u00e4ngliga, vilket g\u00f6r det m\u00f6jligt f\u00f6r varum\u00e4rken att matcha sina logotyper, s\u00e4songskollektioner eller kampanjteman.<\/p>\n<h3 data-start=\"1031\" data-end=\"1323\"><strong data-start=\"1031\" data-end=\"1064\">Passform och storlek<\/strong><\/h3>\n<p data-start=\"1031\" data-end=\"1323\">Kepsen har en justerbar snapback-st\u00e4ngning och passar de flesta huvudstorlekar fr\u00e5n 7 till 7 3\/4. Den flexibla storleken ger en bekv\u00e4m och s\u00e4ker passform f\u00f6r ett stort antal anv\u00e4ndare, vilket g\u00f6r den l\u00e4mplig f\u00f6r detaljhandeln, lagkl\u00e4der och reklamdistribution.<\/p>\n<h3 data-start=\"1325\" data-end=\"1607\"><strong data-start=\"1325\" data-end=\"1346\">Visir\u00a0<\/strong><\/h3>\n<p data-start=\"1325\" data-end=\"1607\">Det platta visiret ger en modern streetwear-estetik samtidigt som det ger ett effektivt solskydd. Den strukturerade designen f\u00f6rst\u00e4rker kepsens silhuett och bidrar till att bibeh\u00e5lla en skarp, modern form som \u00e4r popul\u00e4r p\u00e5 marknaden f\u00f6r stads- och livsstilskl\u00e4der.<\/p>\n<h3 data-start=\"1609\" data-end=\"1900\"><strong data-start=\"1609\" data-end=\"1632\">Service<\/strong><\/h3>\n<p data-start=\"1609\" data-end=\"1900\">Sumkcaps tillhandah\u00e5ller professionella OEM- och ODM-tj\u00e4nster f\u00f6r varum\u00e4rken, grossister och distribut\u00f6rer. Anpassningsalternativen inkluderar logotypbroderi, f\u00e4rgmatchning, privat m\u00e4rkning och f\u00f6rpackningsl\u00f6sningar f\u00f6r att hj\u00e4lpa kunderna att utveckla unika och konkurrenskraftiga huvudbonader.<\/p>\n<h3 data-start=\"1902\" data-end=\"2179\"><strong data-start=\"1902\" data-end=\"1921\">Genomf\u00f6randetid<\/strong><\/h3>\n<p data-start=\"1902\" data-end=\"2179\" data-is-last-node=\"\" data-is-only-node=\"\">V\u00e5rt effektiva produktionssystem s\u00e4kerst\u00e4ller tillf\u00f6rlitliga leveranser f\u00f6r kundanpassade best\u00e4llningar. Produktion av prover tar vanligtvis <strong data-start=\"2035\" data-end=\"2055\">7-9 arbetsdagar<\/strong>, medan bulkproduktion kr\u00e4ver <strong data-start=\"2088\" data-end=\"2110\">18-22 arbetsdagar<\/strong>, och hj\u00e4lper varum\u00e4rken att snabbt och effektivt f\u00e5 ut ny design p\u00e5 marknaden.<\/p>","protected":false},"excerpt":{"rendered":"<p>Sumkcaps 241075 Custom Six Panel 3D Broderi Blue Snapback Cap \u00e4r en av popul\u00e4ra kepsar, l\u00e4tt och andas bra. V\u00e5ra Snapbacks kommer i en m\u00e4ngd olika stilar och f\u00e4rger fr\u00e5n alla de b\u00e4sta varum\u00e4rkena.<\/p>","protected":false},"featured_media":16730,"template":"","meta":{"_acf_changed":false,"_kad_blocks_custom_css":"","_kad_blocks_head_custom_js":"","_kad_blocks_body_custom_js":"","_kad_blocks_footer_custom_js":""},"product_brand":[],"product_cat":[42],"product_tag":[],"class_list":{"0":"post-16729","1":"product","2":"type-product","3":"status-publish","4":"has-post-thumbnail","6":"product_cat-snapback-cap","8":"first","9":"outofstock","10":"shipping-taxable","11":"product-type-simple"},"acf":[],"yoast_head":"<!-- This site is optimized with the Yoast SEO Premium plugin v20.8 (Yoast SEO v25.9) - https:\/\/yoast.com\/wordpress\/plugins\/seo\/ -->\n<title>Custom 3D Embroidery Snapback Cap | China Manufactuer<\/title>\n<meta name=\"description\" content=\"High Quality Cap Head Wear With Professional Custom Design Service Available. Add Your Logo or Custom Design Online. Expert Service. Bulk Discount.\" \/>\n<meta name=\"robots\" content=\"index, follow, max-snippet:-1, max-image-preview:large, max-video-preview:-1\" \/>\n<link rel=\"canonical\" href=\"https:\/\/sumkcaps.com\/sv\/produkt\/sufox-241075-custom-six-panel-3d-brodyr-bla-snapback-keps\/\" \/>\n<meta property=\"og:locale\" content=\"sv_SE\" \/>\n<meta property=\"og:type\" content=\"article\" \/>\n<meta property=\"og:title\" content=\"Sumkcaps 241075 Custom Six Panel 3D Embroidery Blue Snapback Cap - Sumkcaps\" \/>\n<meta property=\"og:description\" content=\"High Quality Cap Head Wear With Professional Custom Design Service Available. Add Your Logo or Custom Design Online. Expert Service. Bulk Discount.\" \/>\n<meta property=\"og:url\" content=\"https:\/\/sumkcaps.com\/sv\/produkt\/sufox-241075-custom-six-panel-3d-brodyr-bla-snapback-keps\/\" \/>\n<meta property=\"og:site_name\" content=\"Sumkcaps-China Original Headwear Manufacturer and Suppliers\" \/>\n<meta property=\"article:publisher\" content=\"https:\/\/www.facebook.com\/sumkcap\" \/>\n<meta property=\"article:modified_time\" content=\"2026-03-12T06:53:41+00:00\" \/>\n<meta property=\"og:image\" content=\"https:\/\/sumkcaps.com\/wp-content\/uploads\/2022\/10\/custom_6_panel_hip_hop_3d_embroidery_snapback_hat-1.jpg\" \/>\n\t<meta property=\"og:image:width\" content=\"800\" \/>\n\t<meta property=\"og:image:height\" content=\"800\" \/>\n\t<meta property=\"og:image:type\" content=\"image\/jpeg\" \/>\n<meta name=\"twitter:card\" content=\"summary_large_image\" \/>\n<meta name=\"twitter:label1\" content=\"Ber\u00e4knad l\u00e4stid\" \/>\n\t<meta name=\"twitter:data1\" content=\"2 minuter\" \/>\n<script type=\"application\/ld+json\" class=\"yoast-schema-graph\">{\"@context\":\"https:\/\/schema.org\",\"@graph\":[{\"@type\":\"WebPage\",\"@id\":\"https:\/\/sumkcaps.com\/product\/sufox-241075-custom-six-panel-3d-embroidery-blue-snapback-cap\/\",\"url\":\"https:\/\/sumkcaps.com\/product\/sufox-241075-custom-six-panel-3d-embroidery-blue-snapback-cap\/\",\"name\":\"Custom 3D Embroidery Snapback Cap | China Manufactuer\",\"isPartOf\":{\"@id\":\"https:\/\/sumkcaps.com\/#website\"},\"primaryImageOfPage\":{\"@id\":\"https:\/\/sumkcaps.com\/product\/sufox-241075-custom-six-panel-3d-embroidery-blue-snapback-cap\/#primaryimage\"},\"image\":{\"@id\":\"https:\/\/sumkcaps.com\/product\/sufox-241075-custom-six-panel-3d-embroidery-blue-snapback-cap\/#primaryimage\"},\"thumbnailUrl\":\"https:\/\/sumkcaps.com\/wp-content\/uploads\/2022\/10\/custom_6_panel_hip_hop_3d_embroidery_snapback_hat-1.jpg\",\"datePublished\":\"2022-10-13T03:19:02+00:00\",\"dateModified\":\"2026-03-12T06:53:41+00:00\",\"description\":\"High Quality Cap Head Wear With Professional Custom Design Service Available. Add Your Logo or Custom Design Online. Expert Service. Bulk Discount.\",\"breadcrumb\":{\"@id\":\"https:\/\/sumkcaps.com\/product\/sufox-241075-custom-six-panel-3d-embroidery-blue-snapback-cap\/#breadcrumb\"},\"inLanguage\":\"sv-SE\",\"potentialAction\":[{\"@type\":\"ReadAction\",\"target\":[\"https:\/\/sumkcaps.com\/product\/sufox-241075-custom-six-panel-3d-embroidery-blue-snapback-cap\/\"]}]},{\"@type\":\"ImageObject\",\"inLanguage\":\"sv-SE\",\"@id\":\"https:\/\/sumkcaps.com\/product\/sufox-241075-custom-six-panel-3d-embroidery-blue-snapback-cap\/#primaryimage\",\"url\":\"https:\/\/sumkcaps.com\/wp-content\/uploads\/2022\/10\/custom_6_panel_hip_hop_3d_embroidery_snapback_hat-1.jpg\",\"contentUrl\":\"https:\/\/sumkcaps.com\/wp-content\/uploads\/2022\/10\/custom_6_panel_hip_hop_3d_embroidery_snapback_hat-1.jpg\",\"width\":800,\"height\":800},{\"@type\":\"BreadcrumbList\",\"@id\":\"https:\/\/sumkcaps.com\/product\/sufox-241075-custom-six-panel-3d-embroidery-blue-snapback-cap\/#breadcrumb\",\"itemListElement\":[{\"@type\":\"ListItem\",\"position\":1,\"name\":\"Home\",\"item\":\"https:\/\/sumkcaps.com\/\"},{\"@type\":\"ListItem\",\"position\":2,\"name\":\"Products\",\"item\":\"https:\/\/sumkcaps.com\/product\/\"},{\"@type\":\"ListItem\",\"position\":3,\"name\":\"Sumkcaps 241075 Custom Six Panel 3D Embroidery Blue Snapback Cap\"}]},{\"@type\":\"WebSite\",\"@id\":\"https:\/\/sumkcaps.com\/#website\",\"url\":\"https:\/\/sumkcaps.com\/\",\"name\":\"Sumkcaps-China Original Headwear Manufacturer and Suppliers\",\"description\":\"We are China Cap And Hat Original Factory, whose main business is to custom cap and hat as client&#039;s LOGO. Any cap style, any cap color, any qty, any material and qty is no problem. In one words, any small details can be customized as your request.\",\"publisher\":{\"@id\":\"https:\/\/sumkcaps.com\/#organization\"},\"potentialAction\":[{\"@type\":\"SearchAction\",\"target\":{\"@type\":\"EntryPoint\",\"urlTemplate\":\"https:\/\/sumkcaps.com\/?s={search_term_string}\"},\"query-input\":{\"@type\":\"PropertyValueSpecification\",\"valueRequired\":true,\"valueName\":\"search_term_string\"}}],\"inLanguage\":\"sv-SE\"},{\"@type\":\"Organization\",\"@id\":\"https:\/\/sumkcaps.com\/#organization\",\"name\":\"Sumkcaps-China Original Headwear Manufacturer and Suppliers\",\"url\":\"https:\/\/sumkcaps.com\/\",\"logo\":{\"@type\":\"ImageObject\",\"inLanguage\":\"sv-SE\",\"@id\":\"https:\/\/sumkcaps.com\/#\/schema\/logo\/image\/\",\"url\":\"https:\/\/sumkcaps.com\/wp-content\/uploads\/2025\/12\/1234.jpg\",\"contentUrl\":\"https:\/\/sumkcaps.com\/wp-content\/uploads\/2025\/12\/1234.jpg\",\"width\":800,\"height\":800,\"caption\":\"Sumkcaps-China Original Headwear Manufacturer and Suppliers\"},\"image\":{\"@id\":\"https:\/\/sumkcaps.com\/#\/schema\/logo\/image\/\"},\"sameAs\":[\"https:\/\/www.facebook.com\/sumkcap\",\"https:\/\/www.instagram.com\/sumkcaps7\/\",\"https:\/\/www.pinterest.com\/sumkcapschina\/\"]}]}<\/script>\n<!-- \/ Yoast SEO Premium plugin. -->","yoast_head_json":{"title":"Anpassad 3D-broderad Snapback-keps | Kina Tillverkare","description":"H\u00f6gkvalitativt kepshuvudslitage med professionell anpassad designtj\u00e4nst tillg\u00e4nglig. L\u00e4gg till din logotyp eller anpassade design online. Expert service. Bulk rabatt.","robots":{"index":"index","follow":"follow","max-snippet":"max-snippet:-1","max-image-preview":"max-image-preview:large","max-video-preview":"max-video-preview:-1"},"canonical":"https:\/\/sumkcaps.com\/sv\/produkt\/sufox-241075-custom-six-panel-3d-brodyr-bla-snapback-keps\/","og_locale":"sv_SE","og_type":"article","og_title":"Sumkcaps 241075 Custom Six Panel 3D Embroidery Blue Snapback Cap - Sumkcaps","og_description":"High Quality Cap Head Wear With Professional Custom Design Service Available. Add Your Logo or Custom Design Online. Expert Service. Bulk Discount.","og_url":"https:\/\/sumkcaps.com\/sv\/produkt\/sufox-241075-custom-six-panel-3d-brodyr-bla-snapback-keps\/","og_site_name":"Sumkcaps-China Original Headwear Manufacturer and Suppliers","article_publisher":"https:\/\/www.facebook.com\/sumkcap","article_modified_time":"2026-03-12T06:53:41+00:00","og_image":[{"width":800,"height":800,"url":"https:\/\/sumkcaps.com\/wp-content\/uploads\/2022\/10\/custom_6_panel_hip_hop_3d_embroidery_snapback_hat-1.jpg","type":"image\/jpeg"}],"twitter_card":"summary_large_image","twitter_misc":{"Ber\u00e4knad l\u00e4stid":"2 minuter"},"schema":{"@context":"https:\/\/schema.org","@graph":[{"@type":"WebPage","@id":"https:\/\/sumkcaps.com\/product\/sufox-241075-custom-six-panel-3d-embroidery-blue-snapback-cap\/","url":"https:\/\/sumkcaps.com\/product\/sufox-241075-custom-six-panel-3d-embroidery-blue-snapback-cap\/","name":"Anpassad 3D-broderad Snapback-keps | Kina Tillverkare","isPartOf":{"@id":"https:\/\/sumkcaps.com\/#website"},"primaryImageOfPage":{"@id":"https:\/\/sumkcaps.com\/product\/sufox-241075-custom-six-panel-3d-embroidery-blue-snapback-cap\/#primaryimage"},"image":{"@id":"https:\/\/sumkcaps.com\/product\/sufox-241075-custom-six-panel-3d-embroidery-blue-snapback-cap\/#primaryimage"},"thumbnailUrl":"https:\/\/sumkcaps.com\/wp-content\/uploads\/2022\/10\/custom_6_panel_hip_hop_3d_embroidery_snapback_hat-1.jpg","datePublished":"2022-10-13T03:19:02+00:00","dateModified":"2026-03-12T06:53:41+00:00","description":"H\u00f6gkvalitativt kepshuvudslitage med professionell anpassad designtj\u00e4nst tillg\u00e4nglig. L\u00e4gg till din logotyp eller anpassade design online. Expert service. Bulk rabatt.","breadcrumb":{"@id":"https:\/\/sumkcaps.com\/product\/sufox-241075-custom-six-panel-3d-embroidery-blue-snapback-cap\/#breadcrumb"},"inLanguage":"sv-SE","potentialAction":[{"@type":"ReadAction","target":["https:\/\/sumkcaps.com\/product\/sufox-241075-custom-six-panel-3d-embroidery-blue-snapback-cap\/"]}]},{"@type":"ImageObject","inLanguage":"sv-SE","@id":"https:\/\/sumkcaps.com\/product\/sufox-241075-custom-six-panel-3d-embroidery-blue-snapback-cap\/#primaryimage","url":"https:\/\/sumkcaps.com\/wp-content\/uploads\/2022\/10\/custom_6_panel_hip_hop_3d_embroidery_snapback_hat-1.jpg","contentUrl":"https:\/\/sumkcaps.com\/wp-content\/uploads\/2022\/10\/custom_6_panel_hip_hop_3d_embroidery_snapback_hat-1.jpg","width":800,"height":800},{"@type":"BreadcrumbList","@id":"https:\/\/sumkcaps.com\/product\/sufox-241075-custom-six-panel-3d-embroidery-blue-snapback-cap\/#breadcrumb","itemListElement":[{"@type":"ListItem","position":1,"name":"Home","item":"https:\/\/sumkcaps.com\/"},{"@type":"ListItem","position":2,"name":"Products","item":"https:\/\/sumkcaps.com\/product\/"},{"@type":"ListItem","position":3,"name":"Sumkcaps 241075 Custom Six Panel 3D Embroidery Blue Snapback Cap"}]},{"@type":"WebSite","@id":"https:\/\/sumkcaps.com\/#website","url":"https:\/\/sumkcaps.com\/","name":"Sumkcaps - tillverkare och leverant\u00f6rer av originalhuvudbonader i Kina","description":"Vi \u00e4r China Cap And Hat Original Factory, vars huvudsakliga verksamhet \u00e4r att anpassa m\u00f6ssa och hatt som klient &amp; #03939; s LOGO. Vilken keps som helst, vilken kepsf\u00e4rg som helst, vilket antal som helst, vilket material som helst och antal \u00e4r inget problem. Med ett ord kan alla sm\u00e5 detaljer anpassas efter din beg\u00e4ran.","publisher":{"@id":"https:\/\/sumkcaps.com\/#organization"},"potentialAction":[{"@type":"SearchAction","target":{"@type":"EntryPoint","urlTemplate":"https:\/\/sumkcaps.com\/?s={search_term_string}"},"query-input":{"@type":"PropertyValueSpecification","valueRequired":true,"valueName":"search_term_string"}}],"inLanguage":"sv-SE"},{"@type":"Organization","@id":"https:\/\/sumkcaps.com\/#organization","name":"Sumkcaps - tillverkare och leverant\u00f6rer av originalhuvudbonader i Kina","url":"https:\/\/sumkcaps.com\/","logo":{"@type":"ImageObject","inLanguage":"sv-SE","@id":"https:\/\/sumkcaps.com\/#\/schema\/logo\/image\/","url":"https:\/\/sumkcaps.com\/wp-content\/uploads\/2025\/12\/1234.jpg","contentUrl":"https:\/\/sumkcaps.com\/wp-content\/uploads\/2025\/12\/1234.jpg","width":800,"height":800,"caption":"Sumkcaps-China Original Headwear Manufacturer and Suppliers"},"image":{"@id":"https:\/\/sumkcaps.com\/#\/schema\/logo\/image\/"},"sameAs":["https:\/\/www.facebook.com\/sumkcap","https:\/\/www.instagram.com\/sumkcaps7\/","https:\/\/www.pinterest.com\/sumkcapschina\/"]}]}},"taxonomy_info":{"product_cat":[{"value":42,"label":"Snapback Hats Wholesale"}]},"featured_image_src_large":["https:\/\/sumkcaps.com\/wp-content\/uploads\/2022\/10\/custom_6_panel_hip_hop_3d_embroidery_snapback_hat-1.jpg",800,800,false],"author_info":[],"comment_info":"","_links":{"self":[{"href":"https:\/\/sumkcaps.com\/sv\/wp-json\/wp\/v2\/product\/16729","targetHints":{"allow":["GET"]}}],"collection":[{"href":"https:\/\/sumkcaps.com\/sv\/wp-json\/wp\/v2\/product"}],"about":[{"href":"https:\/\/sumkcaps.com\/sv\/wp-json\/wp\/v2\/types\/product"}],"wp:featuredmedia":[{"embeddable":true,"href":"https:\/\/sumkcaps.com\/sv\/wp-json\/wp\/v2\/media\/16730"}],"wp:attachment":[{"href":"https:\/\/sumkcaps.com\/sv\/wp-json\/wp\/v2\/media?parent=16729"}],"wp:term":[{"taxonomy":"product_brand","embeddable":true,"href":"https:\/\/sumkcaps.com\/sv\/wp-json\/wp\/v2\/product_brand?post=16729"},{"taxonomy":"product_cat","embeddable":true,"href":"https:\/\/sumkcaps.com\/sv\/wp-json\/wp\/v2\/product_cat?post=16729"},{"taxonomy":"product_tag","embeddable":true,"href":"https:\/\/sumkcaps.com\/sv\/wp-json\/wp\/v2\/product_tag?post=16729"}],"curies":[{"name":"wp","href":"https:\/\/api.w.org\/{rel}","templated":true}]}}