{"id":16652,"date":"2022-10-13T10:08:37","date_gmt":"2022-10-13T02:08:37","guid":{"rendered":"https:\/\/sumkcaps.com\/?post_type=product&#038;p=16652"},"modified":"2026-03-17T11:08:50","modified_gmt":"2026-03-17T03:08:50","slug":"sufox-241066-custom-six-panel-embroidery-patch-snapback-cap","status":"publish","type":"product","link":"https:\/\/sumkcaps.com\/sv\/produkt\/sufox-241066-custom-snapback-keps-med-sex-paneler-och-broderad-patch\/","title":{"rendered":"Sumkcaps 241066 Custom Snapback-keps med sex paneler och broderad patch"},"content":{"rendered":"<div class=\"flex flex-col text-sm pb-25\">\n<article class=\"text-token-text-primary w-full focus:outline-none [--shadow-height:45px] has-data-writing-block:pointer-events-none has-data-writing-block:-mt-(--shadow-height) has-data-writing-block:pt-(--shadow-height) [&amp;:has([data-writing-block])&gt;*]:pointer-events-auto scroll-mt-[calc(var(--header-height)+min(200px,max(70px,20svh)))]\" dir=\"auto\" tabindex=\"-1\" data-turn-id=\"request-WEB:44ab88e5-de60-49fb-8365-fb99b00d66d3-2\" data-testid=\"conversation-turn-6\" data-scroll-anchor=\"true\" data-turn=\"assistant\">\n<div class=\"text-base my-auto mx-auto pb-10 [--thread-content-margin:var(--thread-content-margin-xs,calc(var(--spacing)*4))] @w-sm\/main:[--thread-content-margin:var(--thread-content-margin-sm,calc(var(--spacing)*6))] @w-lg\/main:[--thread-content-margin:var(--thread-content-margin-lg,calc(var(--spacing)*16))] px-(--thread-content-margin)\">\n<div class=\"[--thread-content-max-width:40rem] @w-lg\/main:[--thread-content-max-width:48rem] mx-auto max-w-(--thread-content-max-width) flex-1 group\/turn-messages focus-visible:outline-hidden relative flex w-full min-w-0 flex-col agent-turn\" tabindex=\"-1\">\n<div class=\"flex max-w-full flex-col gap-4 grow\">\n<div class=\"min-h-8 text-message relative flex w-full flex-col items-end gap-2 text-start break-words whitespace-normal [.text-message+&amp;]:mt-1\" dir=\"auto\" data-message-author-role=\"assistant\" data-message-id=\"3d9ea5e2-1d37-4d9c-a23f-62356bb3e52a\" data-message-model-slug=\"gpt-5-3\">\n<div class=\"flex w-full flex-col gap-1 empty:hidden\">\n<div class=\"markdown prose dark:prose-invert w-full wrap-break-word light markdown-new-styling\">\n<h3 data-start=\"0\" data-end=\"353\"><strong data-start=\"0\" data-end=\"36\">Dekoration<\/strong><\/h3>\n<p data-start=\"0\" data-end=\"353\">Denna snapback-keps har en h\u00f6gkvalitativ broderipatch som ger textur och djup till din logotyp eller design. Broderiet \u00e4r omsorgsfullt fastsytt p\u00e5 framsidan och skapar en dj\u00e4rv och h\u00e5llbar visuell effekt. Den \u00e4r idealisk f\u00f6r varum\u00e4rkeslogotyper, lagm\u00e4rken eller anpassade konstverk, vilket ger ett distinkt och professionellt utseende.<\/p>\n<h3 data-start=\"355\" data-end=\"699\"><strong data-start=\"355\" data-end=\"385\">Material<\/strong><\/h3>\n<p data-start=\"355\" data-end=\"699\">Kepsen \u00e4r tillverkad av 100% premiumakryl och har utm\u00e4rkt slitstyrka och l\u00e5ngvarig formbest\u00e4ndighet. Materialet \u00e4r l\u00e4tt, bekv\u00e4mt och motst\u00e5ndskraftigt mot skrynklor och blekning, vilket g\u00f6r det l\u00e4mpligt f\u00f6r vardagligt bruk. Akryl ger ocks\u00e5 en sl\u00e4t yta som st\u00f6der olika dekorationstekniker.<\/p>\n<h3 data-start=\"701\" data-end=\"1017\"><strong data-start=\"701\" data-end=\"734\">F\u00e4rg<\/strong><\/h3>\n<p data-start=\"701\" data-end=\"1017\">Denna keps finns i klassiskt gr\u00f6nt samt i helt anpassade f\u00e4rger f\u00f6r att matcha din varum\u00e4rkesidentitet. Oavsett om du f\u00f6redrar neutrala nyanser eller livfulla toner kan vi tillverka kepsar enligt dina specifika f\u00e4rgkrav, inklusive Pantone-f\u00e4rgmatchning f\u00f6r konsekvent varum\u00e4rkesprofilering.<\/p>\n<h3 data-start=\"1019\" data-end=\"1321\"><strong data-start=\"1019\" data-end=\"1055\">Passform och storlek<\/strong><\/h3>\n<p data-start=\"1019\" data-end=\"1321\">Kepsen har en justerbar snapback-st\u00e4ngning och OSFM-storlek (One Size Fits Most) som passar huvudstorlekar fr\u00e5n 7 till 7 3\/4. Det justerbara bandet g\u00f6r att du enkelt kan \u00e4ndra passformen, vilket ger komfort och m\u00e5ngsidighet f\u00f6r olika huvudformer.<\/p>\n<h3 data-start=\"1323\" data-end=\"1628\"><strong data-start=\"1323\" data-end=\"1347\">Visir<\/strong><\/h3>\n<p data-start=\"1323\" data-end=\"1628\">Det platta visiret ger kepsen ett modernt och snyggt utseende som \u00e4r mycket popul\u00e4rt inom streetwear och casual fashion. Den strukturerade designen hj\u00e4lper till att h\u00e5lla kepsens form samtidigt som den ger ett praktiskt solskydd, vilket g\u00f6r den l\u00e4mplig f\u00f6r utomhusaktiviteter och vardagskl\u00e4der.<\/p>\n<h3 data-start=\"1630\" data-end=\"1932\"><strong data-start=\"1630\" data-end=\"1656\">Service<\/strong><\/h3>\n<p data-start=\"1630\" data-end=\"1932\">Vi erbjuder omfattande OEM- och ODM-tj\u00e4nster f\u00f6r att st\u00f6dja dina skr\u00e4ddarsydda huvudbonadsprojekt. Fr\u00e5n logotypdesign och materialval till f\u00e4rganpassning och f\u00f6rpackningsl\u00f6sningar arbetar v\u00e5rt team n\u00e4ra kunderna f\u00f6r att skapa unika kepsar som \u00e4r skr\u00e4ddarsydda f\u00f6r deras varum\u00e4rke och marknadsbehov.<\/p>\n<h3 data-start=\"1934\" data-end=\"2233\"><strong data-start=\"1934\" data-end=\"1956\">Genomf\u00f6randetid<\/strong><\/h3>\n<p data-start=\"1934\" data-end=\"2233\" data-is-last-node=\"\" data-is-only-node=\"\">V\u00e5rt produktionsschema \u00e4r effektivt och p\u00e5litligt. Provproduktion tar vanligtvis <strong data-start=\"2042\" data-end=\"2062\">7-9 arbetsdagar<\/strong>, vilket g\u00f6r det m\u00f6jligt f\u00f6r kunderna att bekr\u00e4fta design och kvalitet. Bulkproduktion kr\u00e4ver i allm\u00e4nhet <strong data-start=\"2151\" data-end=\"2173\">18-22 arbetsdagar<\/strong>, beroende p\u00e5 orderkvantitet och anpassningsdetaljer.<\/p>\n<\/div>\n<\/div>\n<\/div>\n<\/div>\n<\/div>\n<\/div>\n<\/article>\n<\/div>","protected":false},"excerpt":{"rendered":"<p>Sumkcaps 241066 Custom Six Panel Embroidery Patch Snapback Cap \u00e4r en av popul\u00e4ra kepsar, l\u00e4tt vikt och andas bra. V\u00e5ra Snapbacks kommer i en m\u00e4ngd olika stilar och f\u00e4rger fr\u00e5n alla de b\u00e4sta varum\u00e4rkena.<\/p>","protected":false},"featured_media":16653,"template":"","meta":{"_acf_changed":false,"_kad_blocks_custom_css":"","_kad_blocks_head_custom_js":"","_kad_blocks_body_custom_js":"","_kad_blocks_footer_custom_js":""},"product_brand":[],"product_cat":[42],"product_tag":[],"class_list":{"0":"post-16652","1":"product","2":"type-product","3":"status-publish","4":"has-post-thumbnail","6":"product_cat-snapback-cap","8":"first","9":"outofstock","10":"shipping-taxable","11":"product-type-simple"},"acf":[],"yoast_head":"<!-- This site is optimized with the Yoast SEO Premium plugin v20.8 (Yoast SEO v25.9) - https:\/\/yoast.com\/wordpress\/plugins\/seo\/ -->\n<title>Custom Embroidery Patch Snapback Cap | China Manufactuer<\/title>\n<meta name=\"description\" content=\"More Than 10 Years Of Experience In The Headwear Industry. Cap Manufacturers.100% Satisfaction Guarantee. Expert Service. Bulk Discount. Quick delivery.\" \/>\n<meta name=\"robots\" content=\"index, follow, max-snippet:-1, max-image-preview:large, max-video-preview:-1\" \/>\n<link rel=\"canonical\" href=\"https:\/\/sumkcaps.com\/sv\/produkt\/sufox-241066-custom-snapback-keps-med-sex-paneler-och-broderad-patch\/\" \/>\n<meta property=\"og:locale\" content=\"sv_SE\" \/>\n<meta property=\"og:type\" content=\"article\" \/>\n<meta property=\"og:title\" content=\"Sumkcaps 241066 Custom Six Panel Embroidery Patch Snapback Cap - Sumkcaps\" \/>\n<meta property=\"og:description\" content=\"More Than 10 Years Of Experience In The Headwear Industry. Cap Manufacturers.100% Satisfaction Guarantee. Expert Service. Bulk Discount. Quick delivery.\" \/>\n<meta property=\"og:url\" content=\"https:\/\/sumkcaps.com\/sv\/produkt\/sufox-241066-custom-snapback-keps-med-sex-paneler-och-broderad-patch\/\" \/>\n<meta property=\"og:site_name\" content=\"Sumkcaps-China Original Headwear Manufacturer and Suppliers\" \/>\n<meta property=\"article:publisher\" content=\"https:\/\/www.facebook.com\/sumkcap\" \/>\n<meta property=\"article:modified_time\" content=\"2026-03-17T03:08:50+00:00\" \/>\n<meta property=\"og:image\" content=\"https:\/\/sumkcaps.com\/wp-content\/uploads\/2022\/10\/custom_6_panel_camo_brim_embroidery_snapback_hat-1.jpg\" \/>\n\t<meta property=\"og:image:width\" content=\"800\" \/>\n\t<meta property=\"og:image:height\" content=\"800\" \/>\n\t<meta property=\"og:image:type\" content=\"image\/jpeg\" \/>\n<meta name=\"twitter:card\" content=\"summary_large_image\" \/>\n<meta name=\"twitter:label1\" content=\"Ber\u00e4knad l\u00e4stid\" \/>\n\t<meta name=\"twitter:data1\" content=\"2 minuter\" \/>\n<script type=\"application\/ld+json\" class=\"yoast-schema-graph\">{\"@context\":\"https:\/\/schema.org\",\"@graph\":[{\"@type\":\"WebPage\",\"@id\":\"https:\/\/sumkcaps.com\/product\/sufox-241066-custom-six-panel-embroidery-patch-snapback-cap\/\",\"url\":\"https:\/\/sumkcaps.com\/product\/sufox-241066-custom-six-panel-embroidery-patch-snapback-cap\/\",\"name\":\"Custom Embroidery Patch Snapback Cap | China Manufactuer\",\"isPartOf\":{\"@id\":\"https:\/\/sumkcaps.com\/#website\"},\"primaryImageOfPage\":{\"@id\":\"https:\/\/sumkcaps.com\/product\/sufox-241066-custom-six-panel-embroidery-patch-snapback-cap\/#primaryimage\"},\"image\":{\"@id\":\"https:\/\/sumkcaps.com\/product\/sufox-241066-custom-six-panel-embroidery-patch-snapback-cap\/#primaryimage\"},\"thumbnailUrl\":\"https:\/\/sumkcaps.com\/wp-content\/uploads\/2022\/10\/custom_6_panel_camo_brim_embroidery_snapback_hat-1.jpg\",\"datePublished\":\"2022-10-13T02:08:37+00:00\",\"dateModified\":\"2026-03-17T03:08:50+00:00\",\"description\":\"More Than 10 Years Of Experience In The Headwear Industry. Cap Manufacturers.100% Satisfaction Guarantee. Expert Service. Bulk Discount. Quick delivery.\",\"breadcrumb\":{\"@id\":\"https:\/\/sumkcaps.com\/product\/sufox-241066-custom-six-panel-embroidery-patch-snapback-cap\/#breadcrumb\"},\"inLanguage\":\"sv-SE\",\"potentialAction\":[{\"@type\":\"ReadAction\",\"target\":[\"https:\/\/sumkcaps.com\/product\/sufox-241066-custom-six-panel-embroidery-patch-snapback-cap\/\"]}]},{\"@type\":\"ImageObject\",\"inLanguage\":\"sv-SE\",\"@id\":\"https:\/\/sumkcaps.com\/product\/sufox-241066-custom-six-panel-embroidery-patch-snapback-cap\/#primaryimage\",\"url\":\"https:\/\/sumkcaps.com\/wp-content\/uploads\/2022\/10\/custom_6_panel_camo_brim_embroidery_snapback_hat-1.jpg\",\"contentUrl\":\"https:\/\/sumkcaps.com\/wp-content\/uploads\/2022\/10\/custom_6_panel_camo_brim_embroidery_snapback_hat-1.jpg\",\"width\":800,\"height\":800},{\"@type\":\"BreadcrumbList\",\"@id\":\"https:\/\/sumkcaps.com\/product\/sufox-241066-custom-six-panel-embroidery-patch-snapback-cap\/#breadcrumb\",\"itemListElement\":[{\"@type\":\"ListItem\",\"position\":1,\"name\":\"Home\",\"item\":\"https:\/\/sumkcaps.com\/\"},{\"@type\":\"ListItem\",\"position\":2,\"name\":\"Products\",\"item\":\"https:\/\/sumkcaps.com\/product\/\"},{\"@type\":\"ListItem\",\"position\":3,\"name\":\"Sumkcaps 241066 Custom Six Panel Embroidery Patch Snapback Cap\"}]},{\"@type\":\"WebSite\",\"@id\":\"https:\/\/sumkcaps.com\/#website\",\"url\":\"https:\/\/sumkcaps.com\/\",\"name\":\"Sumkcaps-China Original Headwear Manufacturer and Suppliers\",\"description\":\"We are China Cap And Hat Original Factory, whose main business is to custom cap and hat as client&#039;s LOGO. Any cap style, any cap color, any qty, any material and qty is no problem. In one words, any small details can be customized as your request.\",\"publisher\":{\"@id\":\"https:\/\/sumkcaps.com\/#organization\"},\"potentialAction\":[{\"@type\":\"SearchAction\",\"target\":{\"@type\":\"EntryPoint\",\"urlTemplate\":\"https:\/\/sumkcaps.com\/?s={search_term_string}\"},\"query-input\":{\"@type\":\"PropertyValueSpecification\",\"valueRequired\":true,\"valueName\":\"search_term_string\"}}],\"inLanguage\":\"sv-SE\"},{\"@type\":\"Organization\",\"@id\":\"https:\/\/sumkcaps.com\/#organization\",\"name\":\"Sumkcaps-China Original Headwear Manufacturer and Suppliers\",\"url\":\"https:\/\/sumkcaps.com\/\",\"logo\":{\"@type\":\"ImageObject\",\"inLanguage\":\"sv-SE\",\"@id\":\"https:\/\/sumkcaps.com\/#\/schema\/logo\/image\/\",\"url\":\"https:\/\/sumkcaps.com\/wp-content\/uploads\/2025\/12\/1234.jpg\",\"contentUrl\":\"https:\/\/sumkcaps.com\/wp-content\/uploads\/2025\/12\/1234.jpg\",\"width\":800,\"height\":800,\"caption\":\"Sumkcaps-China Original Headwear Manufacturer and Suppliers\"},\"image\":{\"@id\":\"https:\/\/sumkcaps.com\/#\/schema\/logo\/image\/\"},\"sameAs\":[\"https:\/\/www.facebook.com\/sumkcap\",\"https:\/\/www.instagram.com\/sumkcaps7\/\",\"https:\/\/www.pinterest.com\/sumkcapschina\/\"]}]}<\/script>\n<!-- \/ Yoast SEO Premium plugin. -->","yoast_head_json":{"title":"Snapback-keps med specialbroderi och lapp - tillverkare i Kina","description":"Mer \u00e4n 10 \u00e5rs erfarenhet inom huvudkl\u00e4desindustrin. Cap Manufacturers.100% N\u00f6jdhetsgaranti. Expert service. Bulk rabatt. Snabb leverans.","robots":{"index":"index","follow":"follow","max-snippet":"max-snippet:-1","max-image-preview":"max-image-preview:large","max-video-preview":"max-video-preview:-1"},"canonical":"https:\/\/sumkcaps.com\/sv\/produkt\/sufox-241066-custom-snapback-keps-med-sex-paneler-och-broderad-patch\/","og_locale":"sv_SE","og_type":"article","og_title":"Sumkcaps 241066 Custom Six Panel Embroidery Patch Snapback Cap - Sumkcaps","og_description":"More Than 10 Years Of Experience In The Headwear Industry. Cap Manufacturers.100% Satisfaction Guarantee. Expert Service. Bulk Discount. Quick delivery.","og_url":"https:\/\/sumkcaps.com\/sv\/produkt\/sufox-241066-custom-snapback-keps-med-sex-paneler-och-broderad-patch\/","og_site_name":"Sumkcaps-China Original Headwear Manufacturer and Suppliers","article_publisher":"https:\/\/www.facebook.com\/sumkcap","article_modified_time":"2026-03-17T03:08:50+00:00","og_image":[{"width":800,"height":800,"url":"https:\/\/sumkcaps.com\/wp-content\/uploads\/2022\/10\/custom_6_panel_camo_brim_embroidery_snapback_hat-1.jpg","type":"image\/jpeg"}],"twitter_card":"summary_large_image","twitter_misc":{"Ber\u00e4knad l\u00e4stid":"2 minuter"},"schema":{"@context":"https:\/\/schema.org","@graph":[{"@type":"WebPage","@id":"https:\/\/sumkcaps.com\/product\/sufox-241066-custom-six-panel-embroidery-patch-snapback-cap\/","url":"https:\/\/sumkcaps.com\/product\/sufox-241066-custom-six-panel-embroidery-patch-snapback-cap\/","name":"Snapback-keps med specialbroderi och lapp - tillverkare i Kina","isPartOf":{"@id":"https:\/\/sumkcaps.com\/#website"},"primaryImageOfPage":{"@id":"https:\/\/sumkcaps.com\/product\/sufox-241066-custom-six-panel-embroidery-patch-snapback-cap\/#primaryimage"},"image":{"@id":"https:\/\/sumkcaps.com\/product\/sufox-241066-custom-six-panel-embroidery-patch-snapback-cap\/#primaryimage"},"thumbnailUrl":"https:\/\/sumkcaps.com\/wp-content\/uploads\/2022\/10\/custom_6_panel_camo_brim_embroidery_snapback_hat-1.jpg","datePublished":"2022-10-13T02:08:37+00:00","dateModified":"2026-03-17T03:08:50+00:00","description":"Mer \u00e4n 10 \u00e5rs erfarenhet inom huvudkl\u00e4desindustrin. Cap Manufacturers.100% N\u00f6jdhetsgaranti. Expert service. Bulk rabatt. Snabb leverans.","breadcrumb":{"@id":"https:\/\/sumkcaps.com\/product\/sufox-241066-custom-six-panel-embroidery-patch-snapback-cap\/#breadcrumb"},"inLanguage":"sv-SE","potentialAction":[{"@type":"ReadAction","target":["https:\/\/sumkcaps.com\/product\/sufox-241066-custom-six-panel-embroidery-patch-snapback-cap\/"]}]},{"@type":"ImageObject","inLanguage":"sv-SE","@id":"https:\/\/sumkcaps.com\/product\/sufox-241066-custom-six-panel-embroidery-patch-snapback-cap\/#primaryimage","url":"https:\/\/sumkcaps.com\/wp-content\/uploads\/2022\/10\/custom_6_panel_camo_brim_embroidery_snapback_hat-1.jpg","contentUrl":"https:\/\/sumkcaps.com\/wp-content\/uploads\/2022\/10\/custom_6_panel_camo_brim_embroidery_snapback_hat-1.jpg","width":800,"height":800},{"@type":"BreadcrumbList","@id":"https:\/\/sumkcaps.com\/product\/sufox-241066-custom-six-panel-embroidery-patch-snapback-cap\/#breadcrumb","itemListElement":[{"@type":"ListItem","position":1,"name":"Home","item":"https:\/\/sumkcaps.com\/"},{"@type":"ListItem","position":2,"name":"Products","item":"https:\/\/sumkcaps.com\/product\/"},{"@type":"ListItem","position":3,"name":"Sumkcaps 241066 Custom Six Panel Embroidery Patch Snapback Cap"}]},{"@type":"WebSite","@id":"https:\/\/sumkcaps.com\/#website","url":"https:\/\/sumkcaps.com\/","name":"Sumkcaps - tillverkare och leverant\u00f6rer av originalhuvudbonader i Kina","description":"Vi \u00e4r China Cap And Hat Original Factory, vars huvudsakliga verksamhet \u00e4r att anpassa m\u00f6ssa och hatt som klient &amp; #03939; s LOGO. Vilken keps som helst, vilken kepsf\u00e4rg som helst, vilket antal som helst, vilket material som helst och antal \u00e4r inget problem. Med ett ord kan alla sm\u00e5 detaljer anpassas efter din beg\u00e4ran.","publisher":{"@id":"https:\/\/sumkcaps.com\/#organization"},"potentialAction":[{"@type":"SearchAction","target":{"@type":"EntryPoint","urlTemplate":"https:\/\/sumkcaps.com\/?s={search_term_string}"},"query-input":{"@type":"PropertyValueSpecification","valueRequired":true,"valueName":"search_term_string"}}],"inLanguage":"sv-SE"},{"@type":"Organization","@id":"https:\/\/sumkcaps.com\/#organization","name":"Sumkcaps - tillverkare och leverant\u00f6rer av originalhuvudbonader i Kina","url":"https:\/\/sumkcaps.com\/","logo":{"@type":"ImageObject","inLanguage":"sv-SE","@id":"https:\/\/sumkcaps.com\/#\/schema\/logo\/image\/","url":"https:\/\/sumkcaps.com\/wp-content\/uploads\/2025\/12\/1234.jpg","contentUrl":"https:\/\/sumkcaps.com\/wp-content\/uploads\/2025\/12\/1234.jpg","width":800,"height":800,"caption":"Sumkcaps-China Original Headwear Manufacturer and Suppliers"},"image":{"@id":"https:\/\/sumkcaps.com\/#\/schema\/logo\/image\/"},"sameAs":["https:\/\/www.facebook.com\/sumkcap","https:\/\/www.instagram.com\/sumkcaps7\/","https:\/\/www.pinterest.com\/sumkcapschina\/"]}]}},"taxonomy_info":{"product_cat":[{"value":42,"label":"Snapback Hats Wholesale"}]},"featured_image_src_large":["https:\/\/sumkcaps.com\/wp-content\/uploads\/2022\/10\/custom_6_panel_camo_brim_embroidery_snapback_hat-1.jpg",800,800,false],"author_info":[],"comment_info":"","_links":{"self":[{"href":"https:\/\/sumkcaps.com\/sv\/wp-json\/wp\/v2\/product\/16652","targetHints":{"allow":["GET"]}}],"collection":[{"href":"https:\/\/sumkcaps.com\/sv\/wp-json\/wp\/v2\/product"}],"about":[{"href":"https:\/\/sumkcaps.com\/sv\/wp-json\/wp\/v2\/types\/product"}],"wp:featuredmedia":[{"embeddable":true,"href":"https:\/\/sumkcaps.com\/sv\/wp-json\/wp\/v2\/media\/16653"}],"wp:attachment":[{"href":"https:\/\/sumkcaps.com\/sv\/wp-json\/wp\/v2\/media?parent=16652"}],"wp:term":[{"taxonomy":"product_brand","embeddable":true,"href":"https:\/\/sumkcaps.com\/sv\/wp-json\/wp\/v2\/product_brand?post=16652"},{"taxonomy":"product_cat","embeddable":true,"href":"https:\/\/sumkcaps.com\/sv\/wp-json\/wp\/v2\/product_cat?post=16652"},{"taxonomy":"product_tag","embeddable":true,"href":"https:\/\/sumkcaps.com\/sv\/wp-json\/wp\/v2\/product_tag?post=16652"}],"curies":[{"name":"wp","href":"https:\/\/api.w.org\/{rel}","templated":true}]}}