{"id":16503,"date":"2022-10-12T15:49:29","date_gmt":"2022-10-12T07:49:29","guid":{"rendered":"https:\/\/sumkcaps.com\/?post_type=product&#038;p=16503"},"modified":"2026-03-19T15:53:36","modified_gmt":"2026-03-19T07:53:36","slug":"sufox-241049-custom-six-panel-leather-patch-printing-snapback-cap","status":"publish","type":"product","link":"https:\/\/sumkcaps.com\/sv\/produkt\/sufox-241049-custom-sex-paneler-lader-patch-tryck-snapback-keps\/","title":{"rendered":"Sumkcaps 241049 Custom Snapback-keps med sex paneler i l\u00e4der och lapptryck"},"content":{"rendered":"<h3 data-start=\"127\" data-end=\"436\"><strong data-start=\"127\" data-end=\"167\">Dekoration<\/strong><\/h3>\n<p data-start=\"127\" data-end=\"436\">Denna snapback-keps med tryck har h\u00f6gkvalitativa l\u00e4derlappar som \u00e4r skickligt sydda f\u00f6r ett f\u00f6rstklassigt utseende. I kombination med precisionstryck m\u00f6jligg\u00f6r designen livfulla logotyper eller konstverk, vilket s\u00e4kerst\u00e4ller att ditt varum\u00e4rke sticker ut samtidigt som det bibeh\u00e5ller h\u00e5llbarhet och elegans.<\/p>\n<h3 data-start=\"438\" data-end=\"754\"><strong data-start=\"438\" data-end=\"469\">Material<\/strong><\/h3>\n<p data-start=\"438\" data-end=\"754\">Kepsen \u00e4r tillverkad i en bekv\u00e4m polyester-bomullsblandning och har en balans mellan mjukhet, andningsf\u00f6rm\u00e5ga och elasticitet. Tyget krymper inte och bleknar inte, vilket g\u00f6r den l\u00e4mplig f\u00f6r vardagsbruk, reklamevenemang eller l\u00e5ngvariga detaljhandels\u00e4ndam\u00e5l samtidigt som den beh\u00e5ller sin form och finish intakt.<\/p>\n<h3 data-start=\"756\" data-end=\"1046\"><strong data-start=\"756\" data-end=\"778\">F\u00e4rg<\/strong><\/h3>\n<p data-start=\"756\" data-end=\"1046\">Skr\u00e4ddarsy kepsens f\u00e4rg efter ditt varum\u00e4rkes stil eller personliga preferenser. Med fullst\u00e4ndiga anpassningsalternativ kan du v\u00e4lja fr\u00e5n ett brett utbud av nyanser, vilket s\u00e4kerst\u00e4ller att varje del matchar dina unika designkrav, vilket f\u00f6rb\u00e4ttrar b\u00e5de visuell attraktionskraft och varum\u00e4rkesigenk\u00e4nning.<\/p>\n<h3 data-start=\"1048\" data-end=\"1338\"><strong data-start=\"1048\" data-end=\"1081\">Passform och storlek<\/strong><\/h3>\n<p data-start=\"1048\" data-end=\"1338\">Den justerbara snapback-st\u00e4ngningen \u00e4r utformad som One Size Fits Most och passar huvudstorlekar fr\u00e5n 7 till 7 3\/4, vilket ger en bekv\u00e4m och s\u00e4ker passform. Denna m\u00e5ngsidiga storlek \u00e4r idealisk f\u00f6r olika anv\u00e4ndare och ger en perfekt passform utan att kompromissa med stil eller komfort.<\/p>\n<h3 data-start=\"1340\" data-end=\"1633\"><strong data-start=\"1340\" data-end=\"1361\">Visir\u00a0<\/strong><\/h3>\n<p data-start=\"1340\" data-end=\"1633\">Det platta visiret ger en modern och snygg silhuett som passar perfekt f\u00f6r streetwear, sport och casual mode. Den robusta konstruktionen h\u00e5ller formen \u00f6ver tid, samtidigt som den ger skugga och skydd mot solljus, vilket ger kepsen b\u00e5de funktionalitet och estetik.<\/p>\n<h3 data-start=\"1635\" data-end=\"1926\"><strong data-start=\"1635\" data-end=\"1658\">Service<\/strong><\/h3>\n<p data-start=\"1635\" data-end=\"1926\">Sumkcaps tillhandah\u00e5ller fullst\u00e4ndiga OEM- och ODM-tj\u00e4nster, vilket m\u00f6jligg\u00f6r fullst\u00e4ndig anpassning fr\u00e5n design till slutprodukt. Fr\u00e5n logotyper och m\u00e4rken till f\u00e4rg och material, vi ser till att ditt koncept utf\u00f6rs professionellt med h\u00f6gkvalitativa standarder f\u00f6r b\u00e5de sm\u00e5 och stora best\u00e4llningar.<\/p>\n<h3 data-start=\"1928\" data-end=\"2249\"><strong data-start=\"1928\" data-end=\"1990\">Genomf\u00f6randetid<\/strong><\/h3>\n<p data-start=\"1928\" data-end=\"2249\">Snabb provproduktion inom 7-9 arbetsdagar g\u00f6r att du kan granska din design f\u00f6re bulkbest\u00e4llningar. Full produktion \u00e4r effektivt slutf\u00f6rd inom 18-22 arbetsdagar, vilket s\u00e4kerst\u00e4ller leverans i r\u00e4tt tid samtidigt som strikt kvalitetskontroll uppr\u00e4tth\u00e5lls under hela processen.<\/p>","protected":false},"excerpt":{"rendered":"<p>Sumkcaps 241049 Custom Six Panel Leather Patch Printing Snapback Cap \u00e4r en av popul\u00e4ra kepsar, l\u00e4tt vikt och andas v\u00e4l. V\u00e5ra Snapbacks kommer i en m\u00e4ngd olika stilar och f\u00e4rger fr\u00e5n alla de b\u00e4sta varum\u00e4rkena.<\/p>","protected":false},"featured_media":16504,"template":"","meta":{"_acf_changed":false,"_kad_blocks_custom_css":"","_kad_blocks_head_custom_js":"","_kad_blocks_body_custom_js":"","_kad_blocks_footer_custom_js":""},"product_brand":[],"product_cat":[42],"product_tag":[],"class_list":{"0":"post-16503","1":"product","2":"type-product","3":"status-publish","4":"has-post-thumbnail","6":"product_cat-snapback-cap","8":"first","9":"outofstock","10":"shipping-taxable","11":"product-type-simple"},"acf":[],"yoast_head":"<!-- This site is optimized with the Yoast SEO Premium plugin v20.8 (Yoast SEO v25.9) - https:\/\/yoast.com\/wordpress\/plugins\/seo\/ -->\n<title>Custom Leather Patch Printing Snapback Cap | China Manufactuer<\/title>\n<meta name=\"description\" content=\"High Quality Cap Head Wear With Professional Custom Design Service Available. Add Your Logo or Custom Design Online. Expert Service. Bulk Discount.\" \/>\n<meta name=\"robots\" content=\"index, follow, max-snippet:-1, max-image-preview:large, max-video-preview:-1\" \/>\n<link rel=\"canonical\" href=\"https:\/\/sumkcaps.com\/sv\/produkt\/sufox-241049-custom-sex-paneler-lader-patch-tryck-snapback-keps\/\" \/>\n<meta property=\"og:locale\" content=\"sv_SE\" \/>\n<meta property=\"og:type\" content=\"article\" \/>\n<meta property=\"og:title\" content=\"Sumkcaps 241049 Custom Six Panel Leather Patch Printing Snapback Cap - Sumkcaps\" \/>\n<meta property=\"og:description\" content=\"High Quality Cap Head Wear With Professional Custom Design Service Available. Add Your Logo or Custom Design Online. Expert Service. Bulk Discount.\" \/>\n<meta property=\"og:url\" content=\"https:\/\/sumkcaps.com\/sv\/produkt\/sufox-241049-custom-sex-paneler-lader-patch-tryck-snapback-keps\/\" \/>\n<meta property=\"og:site_name\" content=\"Sumkcaps-China Original Headwear Manufacturer and Suppliers\" \/>\n<meta property=\"article:publisher\" content=\"https:\/\/www.facebook.com\/sumkcap\" \/>\n<meta property=\"article:modified_time\" content=\"2026-03-19T07:53:36+00:00\" \/>\n<meta property=\"og:image\" content=\"https:\/\/sumkcaps.com\/wp-content\/uploads\/2022\/10\/custom_-6_panel_printing_snapback_hat-1.jpg\" \/>\n\t<meta property=\"og:image:width\" content=\"782\" \/>\n\t<meta property=\"og:image:height\" content=\"782\" \/>\n\t<meta property=\"og:image:type\" content=\"image\/jpeg\" \/>\n<meta name=\"twitter:card\" content=\"summary_large_image\" \/>\n<meta name=\"twitter:label1\" content=\"Ber\u00e4knad l\u00e4stid\" \/>\n\t<meta name=\"twitter:data1\" content=\"2 minuter\" \/>\n<script type=\"application\/ld+json\" class=\"yoast-schema-graph\">{\"@context\":\"https:\/\/schema.org\",\"@graph\":[{\"@type\":\"WebPage\",\"@id\":\"https:\/\/sumkcaps.com\/product\/sufox-241049-custom-six-panel-leather-patch-printing-snapback-cap\/\",\"url\":\"https:\/\/sumkcaps.com\/product\/sufox-241049-custom-six-panel-leather-patch-printing-snapback-cap\/\",\"name\":\"Custom Leather Patch Printing Snapback Cap | China Manufactuer\",\"isPartOf\":{\"@id\":\"https:\/\/sumkcaps.com\/#website\"},\"primaryImageOfPage\":{\"@id\":\"https:\/\/sumkcaps.com\/product\/sufox-241049-custom-six-panel-leather-patch-printing-snapback-cap\/#primaryimage\"},\"image\":{\"@id\":\"https:\/\/sumkcaps.com\/product\/sufox-241049-custom-six-panel-leather-patch-printing-snapback-cap\/#primaryimage\"},\"thumbnailUrl\":\"https:\/\/sumkcaps.com\/wp-content\/uploads\/2022\/10\/custom_-6_panel_printing_snapback_hat-1.jpg\",\"datePublished\":\"2022-10-12T07:49:29+00:00\",\"dateModified\":\"2026-03-19T07:53:36+00:00\",\"description\":\"High Quality Cap Head Wear With Professional Custom Design Service Available. Add Your Logo or Custom Design Online. Expert Service. Bulk Discount.\",\"breadcrumb\":{\"@id\":\"https:\/\/sumkcaps.com\/product\/sufox-241049-custom-six-panel-leather-patch-printing-snapback-cap\/#breadcrumb\"},\"inLanguage\":\"sv-SE\",\"potentialAction\":[{\"@type\":\"ReadAction\",\"target\":[\"https:\/\/sumkcaps.com\/product\/sufox-241049-custom-six-panel-leather-patch-printing-snapback-cap\/\"]}]},{\"@type\":\"ImageObject\",\"inLanguage\":\"sv-SE\",\"@id\":\"https:\/\/sumkcaps.com\/product\/sufox-241049-custom-six-panel-leather-patch-printing-snapback-cap\/#primaryimage\",\"url\":\"https:\/\/sumkcaps.com\/wp-content\/uploads\/2022\/10\/custom_-6_panel_printing_snapback_hat-1.jpg\",\"contentUrl\":\"https:\/\/sumkcaps.com\/wp-content\/uploads\/2022\/10\/custom_-6_panel_printing_snapback_hat-1.jpg\",\"width\":782,\"height\":782},{\"@type\":\"BreadcrumbList\",\"@id\":\"https:\/\/sumkcaps.com\/product\/sufox-241049-custom-six-panel-leather-patch-printing-snapback-cap\/#breadcrumb\",\"itemListElement\":[{\"@type\":\"ListItem\",\"position\":1,\"name\":\"Home\",\"item\":\"https:\/\/sumkcaps.com\/\"},{\"@type\":\"ListItem\",\"position\":2,\"name\":\"Products\",\"item\":\"https:\/\/sumkcaps.com\/product\/\"},{\"@type\":\"ListItem\",\"position\":3,\"name\":\"Sumkcaps 241049 Custom Six Panel Leather Patch Printing Snapback Cap\"}]},{\"@type\":\"WebSite\",\"@id\":\"https:\/\/sumkcaps.com\/#website\",\"url\":\"https:\/\/sumkcaps.com\/\",\"name\":\"Sumkcaps-China Original Headwear Manufacturer and Suppliers\",\"description\":\"We are China Cap And Hat Original Factory, whose main business is to custom cap and hat as client&#039;s LOGO. Any cap style, any cap color, any qty, any material and qty is no problem. In one words, any small details can be customized as your request.\",\"publisher\":{\"@id\":\"https:\/\/sumkcaps.com\/#organization\"},\"potentialAction\":[{\"@type\":\"SearchAction\",\"target\":{\"@type\":\"EntryPoint\",\"urlTemplate\":\"https:\/\/sumkcaps.com\/?s={search_term_string}\"},\"query-input\":{\"@type\":\"PropertyValueSpecification\",\"valueRequired\":true,\"valueName\":\"search_term_string\"}}],\"inLanguage\":\"sv-SE\"},{\"@type\":\"Organization\",\"@id\":\"https:\/\/sumkcaps.com\/#organization\",\"name\":\"Sumkcaps-China Original Headwear Manufacturer and Suppliers\",\"url\":\"https:\/\/sumkcaps.com\/\",\"logo\":{\"@type\":\"ImageObject\",\"inLanguage\":\"sv-SE\",\"@id\":\"https:\/\/sumkcaps.com\/#\/schema\/logo\/image\/\",\"url\":\"https:\/\/sumkcaps.com\/wp-content\/uploads\/2025\/12\/1234.jpg\",\"contentUrl\":\"https:\/\/sumkcaps.com\/wp-content\/uploads\/2025\/12\/1234.jpg\",\"width\":800,\"height\":800,\"caption\":\"Sumkcaps-China Original Headwear Manufacturer and Suppliers\"},\"image\":{\"@id\":\"https:\/\/sumkcaps.com\/#\/schema\/logo\/image\/\"},\"sameAs\":[\"https:\/\/www.facebook.com\/sumkcap\",\"https:\/\/www.instagram.com\/sumkcaps7\/\",\"https:\/\/www.pinterest.com\/sumkcapschina\/\"]}]}<\/script>\n<!-- \/ Yoast SEO Premium plugin. -->","yoast_head_json":{"title":"Anpassat l\u00e4derlappstryck Snapback keps | Kina Tillverkare","description":"H\u00f6gkvalitativt kepshuvudslitage med professionell anpassad designtj\u00e4nst tillg\u00e4nglig. L\u00e4gg till din logotyp eller anpassade design online. Expert service. Bulk rabatt.","robots":{"index":"index","follow":"follow","max-snippet":"max-snippet:-1","max-image-preview":"max-image-preview:large","max-video-preview":"max-video-preview:-1"},"canonical":"https:\/\/sumkcaps.com\/sv\/produkt\/sufox-241049-custom-sex-paneler-lader-patch-tryck-snapback-keps\/","og_locale":"sv_SE","og_type":"article","og_title":"Sumkcaps 241049 Custom Six Panel Leather Patch Printing Snapback Cap - Sumkcaps","og_description":"High Quality Cap Head Wear With Professional Custom Design Service Available. Add Your Logo or Custom Design Online. Expert Service. Bulk Discount.","og_url":"https:\/\/sumkcaps.com\/sv\/produkt\/sufox-241049-custom-sex-paneler-lader-patch-tryck-snapback-keps\/","og_site_name":"Sumkcaps-China Original Headwear Manufacturer and Suppliers","article_publisher":"https:\/\/www.facebook.com\/sumkcap","article_modified_time":"2026-03-19T07:53:36+00:00","og_image":[{"width":782,"height":782,"url":"https:\/\/sumkcaps.com\/wp-content\/uploads\/2022\/10\/custom_-6_panel_printing_snapback_hat-1.jpg","type":"image\/jpeg"}],"twitter_card":"summary_large_image","twitter_misc":{"Ber\u00e4knad l\u00e4stid":"2 minuter"},"schema":{"@context":"https:\/\/schema.org","@graph":[{"@type":"WebPage","@id":"https:\/\/sumkcaps.com\/product\/sufox-241049-custom-six-panel-leather-patch-printing-snapback-cap\/","url":"https:\/\/sumkcaps.com\/product\/sufox-241049-custom-six-panel-leather-patch-printing-snapback-cap\/","name":"Anpassat l\u00e4derlappstryck Snapback keps | Kina Tillverkare","isPartOf":{"@id":"https:\/\/sumkcaps.com\/#website"},"primaryImageOfPage":{"@id":"https:\/\/sumkcaps.com\/product\/sufox-241049-custom-six-panel-leather-patch-printing-snapback-cap\/#primaryimage"},"image":{"@id":"https:\/\/sumkcaps.com\/product\/sufox-241049-custom-six-panel-leather-patch-printing-snapback-cap\/#primaryimage"},"thumbnailUrl":"https:\/\/sumkcaps.com\/wp-content\/uploads\/2022\/10\/custom_-6_panel_printing_snapback_hat-1.jpg","datePublished":"2022-10-12T07:49:29+00:00","dateModified":"2026-03-19T07:53:36+00:00","description":"H\u00f6gkvalitativt kepshuvudslitage med professionell anpassad designtj\u00e4nst tillg\u00e4nglig. L\u00e4gg till din logotyp eller anpassade design online. Expert service. Bulk rabatt.","breadcrumb":{"@id":"https:\/\/sumkcaps.com\/product\/sufox-241049-custom-six-panel-leather-patch-printing-snapback-cap\/#breadcrumb"},"inLanguage":"sv-SE","potentialAction":[{"@type":"ReadAction","target":["https:\/\/sumkcaps.com\/product\/sufox-241049-custom-six-panel-leather-patch-printing-snapback-cap\/"]}]},{"@type":"ImageObject","inLanguage":"sv-SE","@id":"https:\/\/sumkcaps.com\/product\/sufox-241049-custom-six-panel-leather-patch-printing-snapback-cap\/#primaryimage","url":"https:\/\/sumkcaps.com\/wp-content\/uploads\/2022\/10\/custom_-6_panel_printing_snapback_hat-1.jpg","contentUrl":"https:\/\/sumkcaps.com\/wp-content\/uploads\/2022\/10\/custom_-6_panel_printing_snapback_hat-1.jpg","width":782,"height":782},{"@type":"BreadcrumbList","@id":"https:\/\/sumkcaps.com\/product\/sufox-241049-custom-six-panel-leather-patch-printing-snapback-cap\/#breadcrumb","itemListElement":[{"@type":"ListItem","position":1,"name":"Home","item":"https:\/\/sumkcaps.com\/"},{"@type":"ListItem","position":2,"name":"Products","item":"https:\/\/sumkcaps.com\/product\/"},{"@type":"ListItem","position":3,"name":"Sumkcaps 241049 Custom Six Panel Leather Patch Printing Snapback Cap"}]},{"@type":"WebSite","@id":"https:\/\/sumkcaps.com\/#website","url":"https:\/\/sumkcaps.com\/","name":"Sumkcaps - tillverkare och leverant\u00f6rer av originalhuvudbonader i Kina","description":"Vi \u00e4r China Cap And Hat Original Factory, vars huvudsakliga verksamhet \u00e4r att anpassa m\u00f6ssa och hatt som klient &amp; #03939; s LOGO. Vilken keps som helst, vilken kepsf\u00e4rg som helst, vilket antal som helst, vilket material som helst och antal \u00e4r inget problem. Med ett ord kan alla sm\u00e5 detaljer anpassas efter din beg\u00e4ran.","publisher":{"@id":"https:\/\/sumkcaps.com\/#organization"},"potentialAction":[{"@type":"SearchAction","target":{"@type":"EntryPoint","urlTemplate":"https:\/\/sumkcaps.com\/?s={search_term_string}"},"query-input":{"@type":"PropertyValueSpecification","valueRequired":true,"valueName":"search_term_string"}}],"inLanguage":"sv-SE"},{"@type":"Organization","@id":"https:\/\/sumkcaps.com\/#organization","name":"Sumkcaps - tillverkare och leverant\u00f6rer av originalhuvudbonader i Kina","url":"https:\/\/sumkcaps.com\/","logo":{"@type":"ImageObject","inLanguage":"sv-SE","@id":"https:\/\/sumkcaps.com\/#\/schema\/logo\/image\/","url":"https:\/\/sumkcaps.com\/wp-content\/uploads\/2025\/12\/1234.jpg","contentUrl":"https:\/\/sumkcaps.com\/wp-content\/uploads\/2025\/12\/1234.jpg","width":800,"height":800,"caption":"Sumkcaps-China Original Headwear Manufacturer and Suppliers"},"image":{"@id":"https:\/\/sumkcaps.com\/#\/schema\/logo\/image\/"},"sameAs":["https:\/\/www.facebook.com\/sumkcap","https:\/\/www.instagram.com\/sumkcaps7\/","https:\/\/www.pinterest.com\/sumkcapschina\/"]}]}},"taxonomy_info":{"product_cat":[{"value":42,"label":"Snapback Hats Wholesale"}]},"featured_image_src_large":["https:\/\/sumkcaps.com\/wp-content\/uploads\/2022\/10\/custom_-6_panel_printing_snapback_hat-1.jpg",782,782,false],"author_info":[],"comment_info":"","_links":{"self":[{"href":"https:\/\/sumkcaps.com\/sv\/wp-json\/wp\/v2\/product\/16503","targetHints":{"allow":["GET"]}}],"collection":[{"href":"https:\/\/sumkcaps.com\/sv\/wp-json\/wp\/v2\/product"}],"about":[{"href":"https:\/\/sumkcaps.com\/sv\/wp-json\/wp\/v2\/types\/product"}],"wp:featuredmedia":[{"embeddable":true,"href":"https:\/\/sumkcaps.com\/sv\/wp-json\/wp\/v2\/media\/16504"}],"wp:attachment":[{"href":"https:\/\/sumkcaps.com\/sv\/wp-json\/wp\/v2\/media?parent=16503"}],"wp:term":[{"taxonomy":"product_brand","embeddable":true,"href":"https:\/\/sumkcaps.com\/sv\/wp-json\/wp\/v2\/product_brand?post=16503"},{"taxonomy":"product_cat","embeddable":true,"href":"https:\/\/sumkcaps.com\/sv\/wp-json\/wp\/v2\/product_cat?post=16503"},{"taxonomy":"product_tag","embeddable":true,"href":"https:\/\/sumkcaps.com\/sv\/wp-json\/wp\/v2\/product_tag?post=16503"}],"curies":[{"name":"wp","href":"https:\/\/api.w.org\/{rel}","templated":true}]}}