{"id":16477,"date":"2022-10-12T15:27:15","date_gmt":"2022-10-12T07:27:15","guid":{"rendered":"https:\/\/sumkcaps.com\/?post_type=product&#038;p=16477"},"modified":"2026-03-19T15:58:07","modified_gmt":"2026-03-19T07:58:07","slug":"sufox-241046-custom-six-panel-100-cotton-printed-snapback-cap","status":"publish","type":"product","link":"https:\/\/sumkcaps.com\/sv\/produkt\/sufox-241046-custom-six-panel-100-bomull-tryckt-snapback-keps\/","title":{"rendered":"Sumkcaps 241046 Custom Six Panel 100% Snapback-keps med tryck i bomull"},"content":{"rendered":"<h3 data-start=\"180\" data-end=\"507\"><strong data-start=\"180\" data-end=\"213\">Dekoration<\/strong><\/h3>\n<p data-start=\"180\" data-end=\"507\">Denna snapback-keps erbjuder full anpassning med precisionstryck f\u00f6r att visa upp logotyper, konstverk eller m\u00f6nster. Oavsett om det g\u00e4ller varum\u00e4rkesprofilering, evenemang eller personlig stil garanterar det h\u00f6gkvalitativa trycket livfulla f\u00e4rger och skarpa detaljer som f\u00f6rblir h\u00e5llbara \u00f6ver tid och f\u00f6rb\u00e4ttrar kepsens visuella tilltal.<\/p>\n<h3 data-start=\"509\" data-end=\"822\"><strong data-start=\"509\" data-end=\"535\">Material<\/strong><\/h3>\n<p data-start=\"509\" data-end=\"822\">Kepsen \u00e4r tillverkad helt i premiumbomull och ger mjuk komfort, utm\u00e4rkt andningsf\u00f6rm\u00e5ga och naturlig fuktabsorption. Det slitstarka tyget beh\u00e5ller form och f\u00e4rg \u00e4ven efter upprepade slitage och tv\u00e4ttar, vilket g\u00f6r den idealisk f\u00f6r daglig anv\u00e4ndning, utomhusaktiviteter eller reklam\u00e4ndam\u00e5l.<\/p>\n<h3><strong data-start=\"824\" data-end=\"846\">F\u00e4rg<\/strong><\/h3>\n<p data-start=\"824\" data-end=\"1114\">V\u00e4lj vilken f\u00e4rg som helst f\u00f6r att matcha ditt varum\u00e4rke, lag eller personliga preferenser. Kepsen kan anpassas helt och h\u00e5llet, vilket m\u00f6jligg\u00f6r unika kombinationer och exakt varum\u00e4rkesrepresentation. Varje f\u00e4rgalternativ produceras noggrant f\u00f6r att bibeh\u00e5lla konsistens och livfullhet p\u00e5 alla enheter.<\/p>\n<h3 data-start=\"1116\" data-end=\"1401\"><strong data-start=\"1116\" data-end=\"1149\">Passform och storlek<\/strong><\/h3>\n<p data-start=\"1116\" data-end=\"1401\">Denna justerbara snapback \u00e4r utformad f\u00f6r att passa de flesta och passar huvudstorlekar fr\u00e5n 7 till 7 3\/4. Den anv\u00e4ndarv\u00e4nliga st\u00e4ngningen ger en s\u00e4ker och bekv\u00e4m passform f\u00f6r ett brett spektrum av b\u00e4rare, vilket ger m\u00e5ngsidighet utan att offra stil eller funktionalitet.<\/p>\n<h3 data-start=\"1403\" data-end=\"1701\"><strong data-start=\"1403\" data-end=\"1424\">Visir<\/strong><\/h3>\n<p data-start=\"1403\" data-end=\"1701\">Den platta designen ger en modern och modern look, perfekt f\u00f6r casual, streetwear eller sportkl\u00e4der. Visiret \u00e4r tillverkat med f\u00f6rst\u00e4rkta s\u00f6mmar och beh\u00e5ller sin form samtidigt som det ger skugga och skydd mot solljus och kombinerar funktion och trend p\u00e5 ett s\u00f6ml\u00f6st s\u00e4tt.<\/p>\n<h3 data-start=\"1703\" data-end=\"2000\"><strong data-start=\"1703\" data-end=\"1726\">Service<\/strong><\/h3>\n<p data-start=\"1703\" data-end=\"2000\">Sumkcaps st\u00f6der b\u00e5de OEM- och ODM-tj\u00e4nster, vilket m\u00f6jligg\u00f6r fullst\u00e4ndig anpassning fr\u00e5n koncept till f\u00e4rdig produkt. Fr\u00e5n tryck och design till material- och f\u00e4rgval ger vi professionell v\u00e4gledning och utf\u00f6rande f\u00f6r sm\u00e5 eller stora best\u00e4llningar, vilket garanterar resultat av h\u00f6gsta kvalitet.<\/p>\n<h3 data-start=\"2002\" data-end=\"2344\"><strong data-start=\"2002\" data-end=\"2064\">Genomf\u00f6randetid<\/strong><\/h3>\n<p data-start=\"2002\" data-end=\"2344\">Snabb provleverans inom 7-9 arbetsdagar g\u00f6r att du kan bekr\u00e4fta designens noggrannhet. Fullskalig produktion \u00e4r klar inom 18-22 arbetsdagar, vilket s\u00e4kerst\u00e4ller snabb leverans samtidigt som strikt kvalitetskontroll uppr\u00e4tth\u00e5lls, s\u00e5 att varje keps uppfyller h\u00f6ga krav p\u00e5 hantverk och h\u00e5llbarhet.<\/p>","protected":false},"excerpt":{"rendered":"<p>Sumkcaps 241046 Custom Six Panel 100% Cotton Printed Snapback Cap \u00e4r en av popul\u00e4ra Cap Style, l\u00e4tt vikt och andas v\u00e4l. Perfekt hatt f\u00f6r ditt lilla f\u00f6retag, sportlag, specialevenemang och mer. \u00c4ndra din egen logotyp enkelt.<\/p>","protected":false},"featured_media":16538,"template":"","meta":{"_acf_changed":false,"_kad_blocks_custom_css":"","_kad_blocks_head_custom_js":"","_kad_blocks_body_custom_js":"","_kad_blocks_footer_custom_js":""},"product_brand":[],"product_cat":[42],"product_tag":[],"class_list":{"0":"post-16477","1":"product","2":"type-product","3":"status-publish","4":"has-post-thumbnail","6":"product_cat-snapback-cap","8":"first","9":"outofstock","10":"shipping-taxable","11":"product-type-simple"},"acf":[],"yoast_head":"<!-- This site is optimized with the Yoast SEO Premium plugin v20.8 (Yoast SEO v25.9) - https:\/\/yoast.com\/wordpress\/plugins\/seo\/ -->\n<title>Custom 3D Embroidered Brown Trucker Hat | China Manufactuer<\/title>\n<meta name=\"description\" content=\"High Quality China Custom Headwear Manufacturer. Top Quality Products At Best Prices. 100% Satisfaction Guarantee.Expert Service. Bulk Discount.\" \/>\n<meta name=\"robots\" content=\"index, follow, max-snippet:-1, max-image-preview:large, max-video-preview:-1\" \/>\n<link rel=\"canonical\" href=\"https:\/\/sumkcaps.com\/sv\/produkt\/sufox-241046-custom-six-panel-100-bomull-tryckt-snapback-keps\/\" \/>\n<meta property=\"og:locale\" content=\"sv_SE\" \/>\n<meta property=\"og:type\" content=\"article\" \/>\n<meta property=\"og:title\" content=\"Sumkcaps 241046 Custom Six Panel 100% Cotton Printed Snapback Cap - Sumkcaps\" \/>\n<meta property=\"og:description\" content=\"High Quality China Custom Headwear Manufacturer. Top Quality Products At Best Prices. 100% Satisfaction Guarantee.Expert Service. Bulk Discount.\" \/>\n<meta property=\"og:url\" content=\"https:\/\/sumkcaps.com\/sv\/produkt\/sufox-241046-custom-six-panel-100-bomull-tryckt-snapback-keps\/\" \/>\n<meta property=\"og:site_name\" content=\"Sumkcaps-China Original Headwear Manufacturer and Suppliers\" \/>\n<meta property=\"article:publisher\" content=\"https:\/\/www.facebook.com\/sumkcap\" \/>\n<meta property=\"article:modified_time\" content=\"2026-03-19T07:58:07+00:00\" \/>\n<meta property=\"og:image\" content=\"https:\/\/sumkcaps.com\/wp-content\/uploads\/2022\/10\/custom_6_panel_printed_snapback_cap-1.jpg\" \/>\n\t<meta property=\"og:image:width\" content=\"800\" \/>\n\t<meta property=\"og:image:height\" content=\"800\" \/>\n\t<meta property=\"og:image:type\" content=\"image\/jpeg\" \/>\n<meta name=\"twitter:card\" content=\"summary_large_image\" \/>\n<meta name=\"twitter:label1\" content=\"Ber\u00e4knad l\u00e4stid\" \/>\n\t<meta name=\"twitter:data1\" content=\"2 minuter\" \/>\n<script type=\"application\/ld+json\" class=\"yoast-schema-graph\">{\"@context\":\"https:\/\/schema.org\",\"@graph\":[{\"@type\":\"WebPage\",\"@id\":\"https:\/\/sumkcaps.com\/product\/sufox-241046-custom-six-panel-100-cotton-printed-snapback-cap\/\",\"url\":\"https:\/\/sumkcaps.com\/product\/sufox-241046-custom-six-panel-100-cotton-printed-snapback-cap\/\",\"name\":\"Custom 3D Embroidered Brown Trucker Hat | China Manufactuer\",\"isPartOf\":{\"@id\":\"https:\/\/sumkcaps.com\/#website\"},\"primaryImageOfPage\":{\"@id\":\"https:\/\/sumkcaps.com\/product\/sufox-241046-custom-six-panel-100-cotton-printed-snapback-cap\/#primaryimage\"},\"image\":{\"@id\":\"https:\/\/sumkcaps.com\/product\/sufox-241046-custom-six-panel-100-cotton-printed-snapback-cap\/#primaryimage\"},\"thumbnailUrl\":\"https:\/\/sumkcaps.com\/wp-content\/uploads\/2022\/10\/custom_6_panel_printed_snapback_cap-1.jpg\",\"datePublished\":\"2022-10-12T07:27:15+00:00\",\"dateModified\":\"2026-03-19T07:58:07+00:00\",\"description\":\"High Quality China Custom Headwear Manufacturer. Top Quality Products At Best Prices. 100% Satisfaction Guarantee.Expert Service. Bulk Discount.\",\"breadcrumb\":{\"@id\":\"https:\/\/sumkcaps.com\/product\/sufox-241046-custom-six-panel-100-cotton-printed-snapback-cap\/#breadcrumb\"},\"inLanguage\":\"sv-SE\",\"potentialAction\":[{\"@type\":\"ReadAction\",\"target\":[\"https:\/\/sumkcaps.com\/product\/sufox-241046-custom-six-panel-100-cotton-printed-snapback-cap\/\"]}]},{\"@type\":\"ImageObject\",\"inLanguage\":\"sv-SE\",\"@id\":\"https:\/\/sumkcaps.com\/product\/sufox-241046-custom-six-panel-100-cotton-printed-snapback-cap\/#primaryimage\",\"url\":\"https:\/\/sumkcaps.com\/wp-content\/uploads\/2022\/10\/custom_6_panel_printed_snapback_cap-1.jpg\",\"contentUrl\":\"https:\/\/sumkcaps.com\/wp-content\/uploads\/2022\/10\/custom_6_panel_printed_snapback_cap-1.jpg\",\"width\":800,\"height\":800},{\"@type\":\"BreadcrumbList\",\"@id\":\"https:\/\/sumkcaps.com\/product\/sufox-241046-custom-six-panel-100-cotton-printed-snapback-cap\/#breadcrumb\",\"itemListElement\":[{\"@type\":\"ListItem\",\"position\":1,\"name\":\"Home\",\"item\":\"https:\/\/sumkcaps.com\/\"},{\"@type\":\"ListItem\",\"position\":2,\"name\":\"Products\",\"item\":\"https:\/\/sumkcaps.com\/product\/\"},{\"@type\":\"ListItem\",\"position\":3,\"name\":\"Sumkcaps 241046 Custom Six Panel 100% Cotton Printed Snapback Cap\"}]},{\"@type\":\"WebSite\",\"@id\":\"https:\/\/sumkcaps.com\/#website\",\"url\":\"https:\/\/sumkcaps.com\/\",\"name\":\"Sumkcaps-China Original Headwear Manufacturer and Suppliers\",\"description\":\"We are China Cap And Hat Original Factory, whose main business is to custom cap and hat as client&#039;s LOGO. Any cap style, any cap color, any qty, any material and qty is no problem. In one words, any small details can be customized as your request.\",\"publisher\":{\"@id\":\"https:\/\/sumkcaps.com\/#organization\"},\"potentialAction\":[{\"@type\":\"SearchAction\",\"target\":{\"@type\":\"EntryPoint\",\"urlTemplate\":\"https:\/\/sumkcaps.com\/?s={search_term_string}\"},\"query-input\":{\"@type\":\"PropertyValueSpecification\",\"valueRequired\":true,\"valueName\":\"search_term_string\"}}],\"inLanguage\":\"sv-SE\"},{\"@type\":\"Organization\",\"@id\":\"https:\/\/sumkcaps.com\/#organization\",\"name\":\"Sumkcaps-China Original Headwear Manufacturer and Suppliers\",\"url\":\"https:\/\/sumkcaps.com\/\",\"logo\":{\"@type\":\"ImageObject\",\"inLanguage\":\"sv-SE\",\"@id\":\"https:\/\/sumkcaps.com\/#\/schema\/logo\/image\/\",\"url\":\"https:\/\/sumkcaps.com\/wp-content\/uploads\/2025\/12\/1234.jpg\",\"contentUrl\":\"https:\/\/sumkcaps.com\/wp-content\/uploads\/2025\/12\/1234.jpg\",\"width\":800,\"height\":800,\"caption\":\"Sumkcaps-China Original Headwear Manufacturer and Suppliers\"},\"image\":{\"@id\":\"https:\/\/sumkcaps.com\/#\/schema\/logo\/image\/\"},\"sameAs\":[\"https:\/\/www.facebook.com\/sumkcap\",\"https:\/\/www.instagram.com\/sumkcaps7\/\",\"https:\/\/www.pinterest.com\/sumkcapschina\/\"]}]}<\/script>\n<!-- \/ Yoast SEO Premium plugin. -->","yoast_head_json":{"title":"Anpassad 3D-broderad brun truckerhatt | Kina tillverkare","description":"H\u00f6gkvalitativ tillverkare av anpassade huvudbonader i Kina. Produkter av h\u00f6gsta kvalitet till b\u00e4sta priser. 100% N\u00f6jdhetsgaranti.expert service. Bulk rabatt.","robots":{"index":"index","follow":"follow","max-snippet":"max-snippet:-1","max-image-preview":"max-image-preview:large","max-video-preview":"max-video-preview:-1"},"canonical":"https:\/\/sumkcaps.com\/sv\/produkt\/sufox-241046-custom-six-panel-100-bomull-tryckt-snapback-keps\/","og_locale":"sv_SE","og_type":"article","og_title":"Sumkcaps 241046 Custom Six Panel 100% Cotton Printed Snapback Cap - Sumkcaps","og_description":"High Quality China Custom Headwear Manufacturer. Top Quality Products At Best Prices. 100% Satisfaction Guarantee.Expert Service. Bulk Discount.","og_url":"https:\/\/sumkcaps.com\/sv\/produkt\/sufox-241046-custom-six-panel-100-bomull-tryckt-snapback-keps\/","og_site_name":"Sumkcaps-China Original Headwear Manufacturer and Suppliers","article_publisher":"https:\/\/www.facebook.com\/sumkcap","article_modified_time":"2026-03-19T07:58:07+00:00","og_image":[{"width":800,"height":800,"url":"https:\/\/sumkcaps.com\/wp-content\/uploads\/2022\/10\/custom_6_panel_printed_snapback_cap-1.jpg","type":"image\/jpeg"}],"twitter_card":"summary_large_image","twitter_misc":{"Ber\u00e4knad l\u00e4stid":"2 minuter"},"schema":{"@context":"https:\/\/schema.org","@graph":[{"@type":"WebPage","@id":"https:\/\/sumkcaps.com\/product\/sufox-241046-custom-six-panel-100-cotton-printed-snapback-cap\/","url":"https:\/\/sumkcaps.com\/product\/sufox-241046-custom-six-panel-100-cotton-printed-snapback-cap\/","name":"Anpassad 3D-broderad brun truckerhatt | Kina tillverkare","isPartOf":{"@id":"https:\/\/sumkcaps.com\/#website"},"primaryImageOfPage":{"@id":"https:\/\/sumkcaps.com\/product\/sufox-241046-custom-six-panel-100-cotton-printed-snapback-cap\/#primaryimage"},"image":{"@id":"https:\/\/sumkcaps.com\/product\/sufox-241046-custom-six-panel-100-cotton-printed-snapback-cap\/#primaryimage"},"thumbnailUrl":"https:\/\/sumkcaps.com\/wp-content\/uploads\/2022\/10\/custom_6_panel_printed_snapback_cap-1.jpg","datePublished":"2022-10-12T07:27:15+00:00","dateModified":"2026-03-19T07:58:07+00:00","description":"H\u00f6gkvalitativ tillverkare av anpassade huvudbonader i Kina. Produkter av h\u00f6gsta kvalitet till b\u00e4sta priser. 100% N\u00f6jdhetsgaranti.expert service. Bulk rabatt.","breadcrumb":{"@id":"https:\/\/sumkcaps.com\/product\/sufox-241046-custom-six-panel-100-cotton-printed-snapback-cap\/#breadcrumb"},"inLanguage":"sv-SE","potentialAction":[{"@type":"ReadAction","target":["https:\/\/sumkcaps.com\/product\/sufox-241046-custom-six-panel-100-cotton-printed-snapback-cap\/"]}]},{"@type":"ImageObject","inLanguage":"sv-SE","@id":"https:\/\/sumkcaps.com\/product\/sufox-241046-custom-six-panel-100-cotton-printed-snapback-cap\/#primaryimage","url":"https:\/\/sumkcaps.com\/wp-content\/uploads\/2022\/10\/custom_6_panel_printed_snapback_cap-1.jpg","contentUrl":"https:\/\/sumkcaps.com\/wp-content\/uploads\/2022\/10\/custom_6_panel_printed_snapback_cap-1.jpg","width":800,"height":800},{"@type":"BreadcrumbList","@id":"https:\/\/sumkcaps.com\/product\/sufox-241046-custom-six-panel-100-cotton-printed-snapback-cap\/#breadcrumb","itemListElement":[{"@type":"ListItem","position":1,"name":"Home","item":"https:\/\/sumkcaps.com\/"},{"@type":"ListItem","position":2,"name":"Products","item":"https:\/\/sumkcaps.com\/product\/"},{"@type":"ListItem","position":3,"name":"Sumkcaps 241046 Custom Six Panel 100% Cotton Printed Snapback Cap"}]},{"@type":"WebSite","@id":"https:\/\/sumkcaps.com\/#website","url":"https:\/\/sumkcaps.com\/","name":"Sumkcaps - tillverkare och leverant\u00f6rer av originalhuvudbonader i Kina","description":"Vi \u00e4r China Cap And Hat Original Factory, vars huvudsakliga verksamhet \u00e4r att anpassa m\u00f6ssa och hatt som klient &amp; #03939; s LOGO. Vilken keps som helst, vilken kepsf\u00e4rg som helst, vilket antal som helst, vilket material som helst och antal \u00e4r inget problem. Med ett ord kan alla sm\u00e5 detaljer anpassas efter din beg\u00e4ran.","publisher":{"@id":"https:\/\/sumkcaps.com\/#organization"},"potentialAction":[{"@type":"SearchAction","target":{"@type":"EntryPoint","urlTemplate":"https:\/\/sumkcaps.com\/?s={search_term_string}"},"query-input":{"@type":"PropertyValueSpecification","valueRequired":true,"valueName":"search_term_string"}}],"inLanguage":"sv-SE"},{"@type":"Organization","@id":"https:\/\/sumkcaps.com\/#organization","name":"Sumkcaps - tillverkare och leverant\u00f6rer av originalhuvudbonader i Kina","url":"https:\/\/sumkcaps.com\/","logo":{"@type":"ImageObject","inLanguage":"sv-SE","@id":"https:\/\/sumkcaps.com\/#\/schema\/logo\/image\/","url":"https:\/\/sumkcaps.com\/wp-content\/uploads\/2025\/12\/1234.jpg","contentUrl":"https:\/\/sumkcaps.com\/wp-content\/uploads\/2025\/12\/1234.jpg","width":800,"height":800,"caption":"Sumkcaps-China Original Headwear Manufacturer and Suppliers"},"image":{"@id":"https:\/\/sumkcaps.com\/#\/schema\/logo\/image\/"},"sameAs":["https:\/\/www.facebook.com\/sumkcap","https:\/\/www.instagram.com\/sumkcaps7\/","https:\/\/www.pinterest.com\/sumkcapschina\/"]}]}},"taxonomy_info":{"product_cat":[{"value":42,"label":"Snapback Hats Wholesale"}]},"featured_image_src_large":["https:\/\/sumkcaps.com\/wp-content\/uploads\/2022\/10\/custom_6_panel_printed_snapback_cap-1.jpg",800,800,false],"author_info":[],"comment_info":"","_links":{"self":[{"href":"https:\/\/sumkcaps.com\/sv\/wp-json\/wp\/v2\/product\/16477","targetHints":{"allow":["GET"]}}],"collection":[{"href":"https:\/\/sumkcaps.com\/sv\/wp-json\/wp\/v2\/product"}],"about":[{"href":"https:\/\/sumkcaps.com\/sv\/wp-json\/wp\/v2\/types\/product"}],"wp:featuredmedia":[{"embeddable":true,"href":"https:\/\/sumkcaps.com\/sv\/wp-json\/wp\/v2\/media\/16538"}],"wp:attachment":[{"href":"https:\/\/sumkcaps.com\/sv\/wp-json\/wp\/v2\/media?parent=16477"}],"wp:term":[{"taxonomy":"product_brand","embeddable":true,"href":"https:\/\/sumkcaps.com\/sv\/wp-json\/wp\/v2\/product_brand?post=16477"},{"taxonomy":"product_cat","embeddable":true,"href":"https:\/\/sumkcaps.com\/sv\/wp-json\/wp\/v2\/product_cat?post=16477"},{"taxonomy":"product_tag","embeddable":true,"href":"https:\/\/sumkcaps.com\/sv\/wp-json\/wp\/v2\/product_tag?post=16477"}],"curies":[{"name":"wp","href":"https:\/\/api.w.org\/{rel}","templated":true}]}}