{"id":16247,"date":"2022-10-12T10:29:39","date_gmt":"2022-10-12T02:29:39","guid":{"rendered":"https:\/\/sumkcaps.com\/?post_type=product&#038;p=16247"},"modified":"2025-07-09T15:25:00","modified_gmt":"2025-07-09T07:25:00","slug":"sufox-241019-custom-five-panel-embroidery-patch-foam-trucker-hat","status":"publish","type":"product","link":"https:\/\/sumkcaps.com\/sv\/produkt\/sufox-241019-custom-fem-panel-broderi-patch-skum-truckerhatt\/","title":{"rendered":"Sumkcaps 241019 Custom Five Panel Broderi Patch Skum Truckerhatt"},"content":{"rendered":"<h2 data-start=\"677\" data-end=\"723\"><strong data-start=\"683\" data-end=\"723\">Struktur: Klassisk design med fem paneler<\/strong><\/h2>\n<p data-start=\"724\" data-end=\"913\">Konstruktionen med fem paneler skapar en stor, oavbruten frontpanel - perfekt f\u00f6r brodyrlappar och dj\u00e4rva logotyper. Den h\u00e4r strukturen \u00e4r mycket popul\u00e4r i vintage- och streetwear-stilar.<\/p>\n<h2 data-start=\"915\" data-end=\"960\"><strong data-start=\"921\" data-end=\"960\">Dekoration: Anpassad broderad lapp<\/strong><\/h2>\n<p data-start=\"961\" data-end=\"1143\">Kepsen \u00e4r designad f\u00f6r att ge ett effektfullt varum\u00e4rke och har en frontpanel i skumplast som \u00e4r redo f\u00f6r en <strong data-start=\"1044\" data-end=\"1071\">brodyrlapp med tryck<\/strong>vilket g\u00f6r det m\u00f6jligt f\u00f6r varum\u00e4rken att visa upp sin identitet med textur och dimension.<\/p>\n<h2 data-start=\"1145\" data-end=\"1198\"><strong data-start=\"1151\" data-end=\"1198\">Material: Skum framtill + andningsbart n\u00e4t baktill<\/strong><\/h2>\n<p data-start=\"1199\" data-end=\"1436\">Kombinera en <strong data-start=\"1211\" data-end=\"1225\">skumfront<\/strong> f\u00f6r struktur och en <strong data-start=\"1246\" data-end=\"1259\">rygg i mesh<\/strong> Denna truckerkeps har ventilation och balanserar stil och komfort. Skummet ger kepsen dess ikoniska strukturerade utseende, medan meshen s\u00e4kerst\u00e4ller andningsf\u00f6rm\u00e5ga under utomhusaktiviteter.<\/p>\n<h2 data-start=\"1438\" data-end=\"1493\"><strong data-start=\"1444\" data-end=\"1493\">F\u00e4rg: Anpassningsbar med popul\u00e4rt gr\u00f6nt alternativ<\/strong><\/h2>\n<p data-start=\"1494\" data-end=\"1661\">Standard i en livlig <strong data-start=\"1516\" data-end=\"1525\">gr\u00f6n<\/strong>finns den h\u00e4r kepsen ocks\u00e5 i helt anpassade f\u00e4rger, vilket g\u00f6r att varum\u00e4rken kan anpassa kepsen perfekt till sin varum\u00e4rkespalett eller sitt evenemangstema.<\/p>\n<h2 data-start=\"1663\" data-end=\"1707\"><strong data-start=\"1669\" data-end=\"1707\">Visir: F\u00f6rb\u00f6jd f\u00f6r klassiskt utseende<\/strong><\/h2>\n<p data-start=\"1708\" data-end=\"1871\">Den <strong data-start=\"1712\" data-end=\"1732\">f\u00f6rb\u00f6jd visir<\/strong> har en \"ready-to-wear\"-form som ger kepsen en avslappnad, atletisk k\u00e4nsla som passar b\u00e5de vardagsb\u00e4rare och reklamm\u00e5lgrupper.<\/p>\n<h2 data-start=\"1873\" data-end=\"1916\"><strong data-start=\"1879\" data-end=\"1916\">MOQ: 200 st per design per f\u00e4rg<\/strong><\/h2>\n<p data-start=\"1917\" data-end=\"2074\">Perfekt f\u00f6r sm\u00e5 och medelstora varum\u00e4rken, evenemang eller reklamkampanjer. MOQ p\u00e5 200 delar h\u00e5ller anpassningen tillg\u00e4nglig samtidigt som den st\u00f6der skalbar produktion.<\/p>\n<h2 data-start=\"2076\" data-end=\"2104\"><strong data-start=\"2082\" data-end=\"2104\">Tj\u00e4nst: OEM &amp; ODM<\/strong><\/h2>\n<p data-start=\"2105\" data-end=\"2261\">Sumkcaps tillhandah\u00e5ller fullst\u00e4ndiga OEM- och ODM-tj\u00e4nster, vilket g\u00f6r det m\u00f6jligt f\u00f6r f\u00f6retag att antingen justera denna design eller utveckla helt nya koncept f\u00f6r unika kollektioner av huvudbonader.<\/p>","protected":false},"excerpt":{"rendered":"<p>Sumkcaps 241019 Custom Five Panel Embroidery Patch Foam Trucker Hat \u00e4r en av popul\u00e4ra Cap Style, l\u00e4tt vikt och andas v\u00e4l. Perfekt hatt f\u00f6r ditt lilla f\u00f6retag, sportlag, specialevenemang och mer. \u00c4ndra din egen logotyp enkelt.<\/p>","protected":false},"featured_media":16248,"template":"","meta":{"_acf_changed":false,"_kad_blocks_custom_css":"","_kad_blocks_head_custom_js":"","_kad_blocks_body_custom_js":"","_kad_blocks_footer_custom_js":""},"product_brand":[],"product_cat":[693],"product_tag":[],"class_list":{"0":"post-16247","1":"product","2":"type-product","3":"status-publish","4":"has-post-thumbnail","6":"product_cat-hat","8":"first","9":"outofstock","10":"shipping-taxable","11":"product-type-simple"},"acf":[],"yoast_head":"<!-- This site is optimized with the Yoast SEO Premium plugin v20.8 (Yoast SEO v25.9) - https:\/\/yoast.com\/wordpress\/plugins\/seo\/ -->\n<title>Custom Embroidery Patch Foam Trucker Hat | China Manufactuer<\/title>\n<meta name=\"description\" content=\"More Than 10 Years Of Experience In The Headwear Industry. Cap Manufacturers.100% Satisfaction Guarantee. Expert Service. Bulk Discount. Quick delivery.\" \/>\n<meta name=\"robots\" content=\"index, follow, max-snippet:-1, max-image-preview:large, max-video-preview:-1\" \/>\n<link rel=\"canonical\" href=\"https:\/\/sumkcaps.com\/sv\/produkt\/sufox-241019-custom-fem-panel-broderi-patch-skum-truckerhatt\/\" \/>\n<meta property=\"og:locale\" content=\"sv_SE\" \/>\n<meta property=\"og:type\" content=\"article\" \/>\n<meta property=\"og:title\" content=\"Sumkcaps 241019 Custom Five Panel Embroidery Patch Foam Trucker Hat - Sumkcaps\" \/>\n<meta property=\"og:description\" content=\"More Than 10 Years Of Experience In The Headwear Industry. Cap Manufacturers.100% Satisfaction Guarantee. Expert Service. Bulk Discount. Quick delivery.\" \/>\n<meta property=\"og:url\" content=\"https:\/\/sumkcaps.com\/sv\/produkt\/sufox-241019-custom-fem-panel-broderi-patch-skum-truckerhatt\/\" \/>\n<meta property=\"og:site_name\" content=\"Sumkcaps-China Original Headwear Manufacturer and Suppliers\" \/>\n<meta property=\"article:publisher\" content=\"https:\/\/www.facebook.com\/sumkcap\" \/>\n<meta property=\"article:modified_time\" content=\"2025-07-09T07:25:00+00:00\" \/>\n<meta property=\"og:image\" content=\"https:\/\/sumkcaps.com\/wp-content\/uploads\/2022\/10\/custom_5_panel-embroidery-patch-foam-trucker-hat-1.jpg\" \/>\n\t<meta property=\"og:image:width\" content=\"1200\" \/>\n\t<meta property=\"og:image:height\" content=\"1200\" \/>\n\t<meta property=\"og:image:type\" content=\"image\/jpeg\" \/>\n<meta name=\"twitter:card\" content=\"summary_large_image\" \/>\n<meta name=\"twitter:label1\" content=\"Ber\u00e4knad l\u00e4stid\" \/>\n\t<meta name=\"twitter:data1\" content=\"2 minuter\" \/>\n<script type=\"application\/ld+json\" class=\"yoast-schema-graph\">{\"@context\":\"https:\/\/schema.org\",\"@graph\":[{\"@type\":\"WebPage\",\"@id\":\"https:\/\/sumkcaps.com\/product\/sufox-241019-custom-five-panel-embroidery-patch-foam-trucker-hat\/\",\"url\":\"https:\/\/sumkcaps.com\/product\/sufox-241019-custom-five-panel-embroidery-patch-foam-trucker-hat\/\",\"name\":\"Custom Embroidery Patch Foam Trucker Hat | China Manufactuer\",\"isPartOf\":{\"@id\":\"https:\/\/sumkcaps.com\/#website\"},\"primaryImageOfPage\":{\"@id\":\"https:\/\/sumkcaps.com\/product\/sufox-241019-custom-five-panel-embroidery-patch-foam-trucker-hat\/#primaryimage\"},\"image\":{\"@id\":\"https:\/\/sumkcaps.com\/product\/sufox-241019-custom-five-panel-embroidery-patch-foam-trucker-hat\/#primaryimage\"},\"thumbnailUrl\":\"https:\/\/sumkcaps.com\/wp-content\/uploads\/2022\/10\/custom_5_panel-embroidery-patch-foam-trucker-hat-1.jpg\",\"datePublished\":\"2022-10-12T02:29:39+00:00\",\"dateModified\":\"2025-07-09T07:25:00+00:00\",\"description\":\"More Than 10 Years Of Experience In The Headwear Industry. Cap Manufacturers.100% Satisfaction Guarantee. Expert Service. Bulk Discount. Quick delivery.\",\"breadcrumb\":{\"@id\":\"https:\/\/sumkcaps.com\/product\/sufox-241019-custom-five-panel-embroidery-patch-foam-trucker-hat\/#breadcrumb\"},\"inLanguage\":\"sv-SE\",\"potentialAction\":[{\"@type\":\"ReadAction\",\"target\":[\"https:\/\/sumkcaps.com\/product\/sufox-241019-custom-five-panel-embroidery-patch-foam-trucker-hat\/\"]}]},{\"@type\":\"ImageObject\",\"inLanguage\":\"sv-SE\",\"@id\":\"https:\/\/sumkcaps.com\/product\/sufox-241019-custom-five-panel-embroidery-patch-foam-trucker-hat\/#primaryimage\",\"url\":\"https:\/\/sumkcaps.com\/wp-content\/uploads\/2022\/10\/custom_5_panel-embroidery-patch-foam-trucker-hat-1.jpg\",\"contentUrl\":\"https:\/\/sumkcaps.com\/wp-content\/uploads\/2022\/10\/custom_5_panel-embroidery-patch-foam-trucker-hat-1.jpg\",\"width\":1200,\"height\":1200},{\"@type\":\"BreadcrumbList\",\"@id\":\"https:\/\/sumkcaps.com\/product\/sufox-241019-custom-five-panel-embroidery-patch-foam-trucker-hat\/#breadcrumb\",\"itemListElement\":[{\"@type\":\"ListItem\",\"position\":1,\"name\":\"Home\",\"item\":\"https:\/\/sumkcaps.com\/\"},{\"@type\":\"ListItem\",\"position\":2,\"name\":\"Products\",\"item\":\"https:\/\/sumkcaps.com\/product\/\"},{\"@type\":\"ListItem\",\"position\":3,\"name\":\"Sumkcaps 241019 Custom Five Panel Embroidery Patch Foam Trucker Hat\"}]},{\"@type\":\"WebSite\",\"@id\":\"https:\/\/sumkcaps.com\/#website\",\"url\":\"https:\/\/sumkcaps.com\/\",\"name\":\"Sumkcaps-China Original Headwear Manufacturer and Suppliers\",\"description\":\"We are China Cap And Hat Original Factory, whose main business is to custom cap and hat as client&#039;s LOGO. Any cap style, any cap color, any qty, any material and qty is no problem. In one words, any small details can be customized as your request.\",\"publisher\":{\"@id\":\"https:\/\/sumkcaps.com\/#organization\"},\"potentialAction\":[{\"@type\":\"SearchAction\",\"target\":{\"@type\":\"EntryPoint\",\"urlTemplate\":\"https:\/\/sumkcaps.com\/?s={search_term_string}\"},\"query-input\":{\"@type\":\"PropertyValueSpecification\",\"valueRequired\":true,\"valueName\":\"search_term_string\"}}],\"inLanguage\":\"sv-SE\"},{\"@type\":\"Organization\",\"@id\":\"https:\/\/sumkcaps.com\/#organization\",\"name\":\"Sumkcaps-China Original Headwear Manufacturer and Suppliers\",\"url\":\"https:\/\/sumkcaps.com\/\",\"logo\":{\"@type\":\"ImageObject\",\"inLanguage\":\"sv-SE\",\"@id\":\"https:\/\/sumkcaps.com\/#\/schema\/logo\/image\/\",\"url\":\"https:\/\/sumkcaps.com\/wp-content\/uploads\/2025\/12\/1234.jpg\",\"contentUrl\":\"https:\/\/sumkcaps.com\/wp-content\/uploads\/2025\/12\/1234.jpg\",\"width\":800,\"height\":800,\"caption\":\"Sumkcaps-China Original Headwear Manufacturer and Suppliers\"},\"image\":{\"@id\":\"https:\/\/sumkcaps.com\/#\/schema\/logo\/image\/\"},\"sameAs\":[\"https:\/\/www.facebook.com\/sumkcap\",\"https:\/\/www.instagram.com\/sumkcaps7\/\",\"https:\/\/www.pinterest.com\/sumkcapschina\/\"]}]}<\/script>\n<!-- \/ Yoast SEO Premium plugin. -->","yoast_head_json":{"title":"Anpassad broderipatch skum truckerhatt | Kina tillverkare","description":"Mer \u00e4n 10 \u00e5rs erfarenhet inom huvudkl\u00e4desindustrin. Cap Manufacturers.100% N\u00f6jdhetsgaranti. Expert service. Bulk rabatt. Snabb leverans.","robots":{"index":"index","follow":"follow","max-snippet":"max-snippet:-1","max-image-preview":"max-image-preview:large","max-video-preview":"max-video-preview:-1"},"canonical":"https:\/\/sumkcaps.com\/sv\/produkt\/sufox-241019-custom-fem-panel-broderi-patch-skum-truckerhatt\/","og_locale":"sv_SE","og_type":"article","og_title":"Sumkcaps 241019 Custom Five Panel Embroidery Patch Foam Trucker Hat - Sumkcaps","og_description":"More Than 10 Years Of Experience In The Headwear Industry. Cap Manufacturers.100% Satisfaction Guarantee. Expert Service. Bulk Discount. Quick delivery.","og_url":"https:\/\/sumkcaps.com\/sv\/produkt\/sufox-241019-custom-fem-panel-broderi-patch-skum-truckerhatt\/","og_site_name":"Sumkcaps-China Original Headwear Manufacturer and Suppliers","article_publisher":"https:\/\/www.facebook.com\/sumkcap","article_modified_time":"2025-07-09T07:25:00+00:00","og_image":[{"width":1200,"height":1200,"url":"https:\/\/sumkcaps.com\/wp-content\/uploads\/2022\/10\/custom_5_panel-embroidery-patch-foam-trucker-hat-1.jpg","type":"image\/jpeg"}],"twitter_card":"summary_large_image","twitter_misc":{"Ber\u00e4knad l\u00e4stid":"2 minuter"},"schema":{"@context":"https:\/\/schema.org","@graph":[{"@type":"WebPage","@id":"https:\/\/sumkcaps.com\/product\/sufox-241019-custom-five-panel-embroidery-patch-foam-trucker-hat\/","url":"https:\/\/sumkcaps.com\/product\/sufox-241019-custom-five-panel-embroidery-patch-foam-trucker-hat\/","name":"Anpassad broderipatch skum truckerhatt | Kina tillverkare","isPartOf":{"@id":"https:\/\/sumkcaps.com\/#website"},"primaryImageOfPage":{"@id":"https:\/\/sumkcaps.com\/product\/sufox-241019-custom-five-panel-embroidery-patch-foam-trucker-hat\/#primaryimage"},"image":{"@id":"https:\/\/sumkcaps.com\/product\/sufox-241019-custom-five-panel-embroidery-patch-foam-trucker-hat\/#primaryimage"},"thumbnailUrl":"https:\/\/sumkcaps.com\/wp-content\/uploads\/2022\/10\/custom_5_panel-embroidery-patch-foam-trucker-hat-1.jpg","datePublished":"2022-10-12T02:29:39+00:00","dateModified":"2025-07-09T07:25:00+00:00","description":"Mer \u00e4n 10 \u00e5rs erfarenhet inom huvudkl\u00e4desindustrin. Cap Manufacturers.100% N\u00f6jdhetsgaranti. Expert service. Bulk rabatt. Snabb leverans.","breadcrumb":{"@id":"https:\/\/sumkcaps.com\/product\/sufox-241019-custom-five-panel-embroidery-patch-foam-trucker-hat\/#breadcrumb"},"inLanguage":"sv-SE","potentialAction":[{"@type":"ReadAction","target":["https:\/\/sumkcaps.com\/product\/sufox-241019-custom-five-panel-embroidery-patch-foam-trucker-hat\/"]}]},{"@type":"ImageObject","inLanguage":"sv-SE","@id":"https:\/\/sumkcaps.com\/product\/sufox-241019-custom-five-panel-embroidery-patch-foam-trucker-hat\/#primaryimage","url":"https:\/\/sumkcaps.com\/wp-content\/uploads\/2022\/10\/custom_5_panel-embroidery-patch-foam-trucker-hat-1.jpg","contentUrl":"https:\/\/sumkcaps.com\/wp-content\/uploads\/2022\/10\/custom_5_panel-embroidery-patch-foam-trucker-hat-1.jpg","width":1200,"height":1200},{"@type":"BreadcrumbList","@id":"https:\/\/sumkcaps.com\/product\/sufox-241019-custom-five-panel-embroidery-patch-foam-trucker-hat\/#breadcrumb","itemListElement":[{"@type":"ListItem","position":1,"name":"Home","item":"https:\/\/sumkcaps.com\/"},{"@type":"ListItem","position":2,"name":"Products","item":"https:\/\/sumkcaps.com\/product\/"},{"@type":"ListItem","position":3,"name":"Sumkcaps 241019 Custom Five Panel Embroidery Patch Foam Trucker Hat"}]},{"@type":"WebSite","@id":"https:\/\/sumkcaps.com\/#website","url":"https:\/\/sumkcaps.com\/","name":"Sumkcaps - tillverkare och leverant\u00f6rer av originalhuvudbonader i Kina","description":"Vi \u00e4r China Cap And Hat Original Factory, vars huvudsakliga verksamhet \u00e4r att anpassa m\u00f6ssa och hatt som klient &amp; #03939; s LOGO. Vilken keps som helst, vilken kepsf\u00e4rg som helst, vilket antal som helst, vilket material som helst och antal \u00e4r inget problem. Med ett ord kan alla sm\u00e5 detaljer anpassas efter din beg\u00e4ran.","publisher":{"@id":"https:\/\/sumkcaps.com\/#organization"},"potentialAction":[{"@type":"SearchAction","target":{"@type":"EntryPoint","urlTemplate":"https:\/\/sumkcaps.com\/?s={search_term_string}"},"query-input":{"@type":"PropertyValueSpecification","valueRequired":true,"valueName":"search_term_string"}}],"inLanguage":"sv-SE"},{"@type":"Organization","@id":"https:\/\/sumkcaps.com\/#organization","name":"Sumkcaps - tillverkare och leverant\u00f6rer av originalhuvudbonader i Kina","url":"https:\/\/sumkcaps.com\/","logo":{"@type":"ImageObject","inLanguage":"sv-SE","@id":"https:\/\/sumkcaps.com\/#\/schema\/logo\/image\/","url":"https:\/\/sumkcaps.com\/wp-content\/uploads\/2025\/12\/1234.jpg","contentUrl":"https:\/\/sumkcaps.com\/wp-content\/uploads\/2025\/12\/1234.jpg","width":800,"height":800,"caption":"Sumkcaps-China Original Headwear Manufacturer and Suppliers"},"image":{"@id":"https:\/\/sumkcaps.com\/#\/schema\/logo\/image\/"},"sameAs":["https:\/\/www.facebook.com\/sumkcap","https:\/\/www.instagram.com\/sumkcaps7\/","https:\/\/www.pinterest.com\/sumkcapschina\/"]}]}},"taxonomy_info":{"product_cat":[{"value":693,"label":"Hat"}]},"featured_image_src_large":["https:\/\/sumkcaps.com\/wp-content\/uploads\/2022\/10\/custom_5_panel-embroidery-patch-foam-trucker-hat-1-1024x1024.jpg",800,800,true],"author_info":[],"comment_info":"","_links":{"self":[{"href":"https:\/\/sumkcaps.com\/sv\/wp-json\/wp\/v2\/product\/16247","targetHints":{"allow":["GET"]}}],"collection":[{"href":"https:\/\/sumkcaps.com\/sv\/wp-json\/wp\/v2\/product"}],"about":[{"href":"https:\/\/sumkcaps.com\/sv\/wp-json\/wp\/v2\/types\/product"}],"wp:featuredmedia":[{"embeddable":true,"href":"https:\/\/sumkcaps.com\/sv\/wp-json\/wp\/v2\/media\/16248"}],"wp:attachment":[{"href":"https:\/\/sumkcaps.com\/sv\/wp-json\/wp\/v2\/media?parent=16247"}],"wp:term":[{"taxonomy":"product_brand","embeddable":true,"href":"https:\/\/sumkcaps.com\/sv\/wp-json\/wp\/v2\/product_brand?post=16247"},{"taxonomy":"product_cat","embeddable":true,"href":"https:\/\/sumkcaps.com\/sv\/wp-json\/wp\/v2\/product_cat?post=16247"},{"taxonomy":"product_tag","embeddable":true,"href":"https:\/\/sumkcaps.com\/sv\/wp-json\/wp\/v2\/product_tag?post=16247"}],"curies":[{"name":"wp","href":"https:\/\/api.w.org\/{rel}","templated":true}]}}