{"id":16183,"date":"2022-10-12T09:11:43","date_gmt":"2022-10-12T01:11:43","guid":{"rendered":"https:\/\/sumkcaps.com\/?post_type=product&#038;p=16183"},"modified":"2026-03-31T15:28:46","modified_gmt":"2026-03-31T07:28:46","slug":"sufox-241011-custom-3d-embroidered-galaxy-print-snapback-cap","status":"publish","type":"product","link":"https:\/\/sumkcaps.com\/sv\/produkt\/sufox-241011-anpassad-3d-broderad-snapback-keps-med-galaxtryck\/","title":{"rendered":"Sumkcaps 241011 Custom 3D-broderad Snapback-keps med Galaxy-tryck"},"content":{"rendered":"<div class=\"flex flex-col text-sm pb-25\">\n<section class=\"text-token-text-primary w-full focus:outline-none [--shadow-height:45px] has-data-writing-block:pointer-events-none has-data-writing-block:-mt-(--shadow-height) has-data-writing-block:pt-(--shadow-height) [&amp;:has([data-writing-block])&gt;*]:pointer-events-auto scroll-mt-[calc(var(--header-height)+min(200px,max(70px,20svh)))]\" dir=\"auto\" data-turn-id=\"request-WEB:39ce8f5e-3c2e-415e-b893-a25f9e409ec6-4\" data-testid=\"conversation-turn-10\" data-scroll-anchor=\"true\" data-turn=\"assistant\">\n<div class=\"text-base my-auto mx-auto pb-10 [--thread-content-margin:var(--thread-content-margin-xs,calc(var(--spacing)*4))] @w-sm\/main:[--thread-content-margin:var(--thread-content-margin-sm,calc(var(--spacing)*6))] @w-lg\/main:[--thread-content-margin:var(--thread-content-margin-lg,calc(var(--spacing)*16))] px-(--thread-content-margin)\">\n<div class=\"[--thread-content-max-width:40rem] @w-lg\/main:[--thread-content-max-width:48rem] mx-auto max-w-(--thread-content-max-width) flex-1 group\/turn-messages focus-visible:outline-hidden relative flex w-full min-w-0 flex-col agent-turn\">\n<div class=\"flex max-w-full flex-col gap-4 grow\">\n<div class=\"min-h-8 text-message relative flex w-full flex-col items-end gap-2 text-start break-words whitespace-normal outline-none keyboard-focused:focus-ring [.text-message+&amp;]:mt-1\" dir=\"auto\" tabindex=\"0\" data-message-author-role=\"assistant\" data-message-id=\"c33054dc-4853-49af-9929-6116b9269fb9\" data-message-model-slug=\"gpt-5-3\" data-turn-start-message=\"true\">\n<div class=\"flex w-full flex-col gap-1 empty:hidden\">\n<div class=\"markdown prose dark:prose-invert w-full wrap-break-word light markdown-new-styling\">\n<h3 data-section-id=\"1o0wlg4\" data-start=\"127\" data-end=\"163\"><span role=\"text\"><strong data-start=\"131\" data-end=\"161\">Dekoration<\/strong><\/span><\/h3>\n<p data-start=\"164\" data-end=\"352\">Med premium 3D-brodyr som ger djup och en dj\u00e4rv, upph\u00f6jd effekt till din logotyp eller design. Denna teknik f\u00f6rb\u00e4ttrar varum\u00e4rkets synlighet och ger kepsen en avancerad, i\u00f6gonfallande finish.<\/p>\n<h3 data-section-id=\"1qderb9\" data-start=\"359\" data-end=\"392\"><span role=\"text\"><strong data-start=\"363\" data-end=\"390\">Material<\/strong><\/span><\/h3>\n<p data-start=\"393\" data-end=\"584\">Tillverkad i ett unikt tyg med galaxm\u00f6nster som ger en livfull och futuristisk look. Materialet sticker ut med sina f\u00e4rgglada, rymdinspirerade m\u00f6nster, vilket g\u00f6r varje keps visuellt sl\u00e5ende och trendig.<\/p>\n<h3 data-section-id=\"slu0w9\" data-start=\"591\" data-end=\"619\"><span role=\"text\"><strong data-start=\"595\" data-end=\"617\">F\u00e4rg<\/strong><\/span><\/h3>\n<p data-start=\"620\" data-end=\"786\">Fullt anpassningsbara f\u00e4rgalternativ g\u00f6r att du kan matcha din varum\u00e4rkesidentitet eller dina designbehov. Fr\u00e5n dj\u00e4rva kontraster till subtila toner kan du skapa en verkligt personlig keps.<\/p>\n<h3 data-section-id=\"1ujt2bk\" data-start=\"793\" data-end=\"832\"><span role=\"text\"><strong data-start=\"797\" data-end=\"830\">Passform och storlek<\/strong><\/span><\/h3>\n<p data-start=\"833\" data-end=\"996\">Den h\u00e4r kepsen har en justerbar snapback-st\u00e4ngning och passar de flesta huvudstorlekar. Den \u00e4r bekv\u00e4m och s\u00e4ker och passar utm\u00e4rkt f\u00f6r vardagsbruk.<\/p>\n<h3 data-section-id=\"3asju8\" data-start=\"1003\" data-end=\"1030\"><span role=\"text\"><strong data-start=\"1007\" data-end=\"1028\">Visir<\/strong><\/span><\/h3>\n<p data-start=\"1031\" data-end=\"1178\">Den platta designen ger en modern, streetwear-inspirerad look. Den ger solskydd samtidigt som den bibeh\u00e5ller ett strukturerat och elegant utseende.<\/p>\n<h3 data-section-id=\"3nymbz\" data-start=\"1185\" data-end=\"1214\"><span role=\"text\"><strong data-start=\"1189\" data-end=\"1212\">Service<\/strong><\/span><\/h3>\n<p data-start=\"1215\" data-end=\"1372\">St\u00f6der b\u00e5de OEM- och ODM-tj\u00e4nster, vilket m\u00f6jligg\u00f6r full anpassning fr\u00e5n design till produktion. Perfekt f\u00f6r varum\u00e4rken som vill skapa unika huvudbonader med eget varum\u00e4rke.<\/p>\n<h3 data-section-id=\"1mx9aa5\" data-start=\"1379\" data-end=\"1404\"><span role=\"text\"><strong data-start=\"1383\" data-end=\"1402\">Genomf\u00f6randetid<\/strong><\/span><\/h3>\n<p data-start=\"1405\" data-end=\"1574\" data-is-last-node=\"\" data-is-only-node=\"\">Effektiv produktionstidtabell med prover klara inom 7-9 arbetsdagar och bulkbest\u00e4llningar slutf\u00f6rda inom 18-22 arbetsdagar, vilket garanterar snabb leverans f\u00f6r dina aff\u00e4rsbehov.<\/p>\n<\/div>\n<\/div>\n<\/div>\n<\/div>\n<\/div>\n<\/div>\n<\/section>\n<\/div>","protected":false},"excerpt":{"rendered":"<p>Sumkcaps 241011 Anpassad sexpanel 3D-broderad Galaxy Print Snapback Cap \u00e4r en av popul\u00e4ra kepsar, l\u00e4tt vikt och andas v\u00e4l. V\u00e5ra Snapbacks kommer i en m\u00e4ngd olika stilar och f\u00e4rger fr\u00e5n alla de b\u00e4sta varum\u00e4rkena.<\/p>","protected":false},"featured_media":16184,"template":"","meta":{"_acf_changed":false,"_kad_blocks_custom_css":"","_kad_blocks_head_custom_js":"","_kad_blocks_body_custom_js":"","_kad_blocks_footer_custom_js":""},"product_brand":[],"product_cat":[42],"product_tag":[],"class_list":{"0":"post-16183","1":"product","2":"type-product","3":"status-publish","4":"has-post-thumbnail","6":"product_cat-snapback-cap","8":"first","9":"outofstock","10":"shipping-taxable","11":"product-type-simple"},"acf":[],"yoast_head":"<!-- This site is optimized with the Yoast SEO Premium plugin v20.8 (Yoast SEO v25.9) - https:\/\/yoast.com\/wordpress\/plugins\/seo\/ -->\n<title>Custom 3D Embroidered Print Snapback Cap | China Manufactuer<\/title>\n<meta name=\"description\" content=\"We are dedicated to manufacturing Premium Custom Caps, beanies and bucket hats. Patches available. Many custom options. Quick delivery. Order Today!\" \/>\n<meta name=\"robots\" content=\"index, follow, max-snippet:-1, max-image-preview:large, max-video-preview:-1\" \/>\n<link rel=\"canonical\" href=\"https:\/\/sumkcaps.com\/sv\/produkt\/sufox-241011-anpassad-3d-broderad-snapback-keps-med-galaxtryck\/\" \/>\n<meta property=\"og:locale\" content=\"sv_SE\" \/>\n<meta property=\"og:type\" content=\"article\" \/>\n<meta property=\"og:title\" content=\"Sumkcaps 241011 Custom 3D Embroidered Galaxy Print Snapback Cap - Sumkcaps\" \/>\n<meta property=\"og:description\" content=\"We are dedicated to manufacturing Premium Custom Caps, beanies and bucket hats. Patches available. Many custom options. Quick delivery. Order Today!\" \/>\n<meta property=\"og:url\" content=\"https:\/\/sumkcaps.com\/sv\/produkt\/sufox-241011-anpassad-3d-broderad-snapback-keps-med-galaxtryck\/\" \/>\n<meta property=\"og:site_name\" content=\"Sumkcaps-China Original Headwear Manufacturer and Suppliers\" \/>\n<meta property=\"article:publisher\" content=\"https:\/\/www.facebook.com\/sumkcap\" \/>\n<meta property=\"article:modified_time\" content=\"2026-03-31T07:28:46+00:00\" \/>\n<meta property=\"og:image\" content=\"https:\/\/sumkcaps.com\/wp-content\/uploads\/2022\/10\/3d_Embroidered_Galaxy_Print_Snapback_hat-1.jpg\" \/>\n\t<meta property=\"og:image:width\" content=\"800\" \/>\n\t<meta property=\"og:image:height\" content=\"800\" \/>\n\t<meta property=\"og:image:type\" content=\"image\/jpeg\" \/>\n<meta name=\"twitter:card\" content=\"summary_large_image\" \/>\n<meta name=\"twitter:label1\" content=\"Ber\u00e4knad l\u00e4stid\" \/>\n\t<meta name=\"twitter:data1\" content=\"2 minuter\" \/>\n<script type=\"application\/ld+json\" class=\"yoast-schema-graph\">{\"@context\":\"https:\/\/schema.org\",\"@graph\":[{\"@type\":\"WebPage\",\"@id\":\"https:\/\/sumkcaps.com\/product\/sufox-241011-custom-3d-embroidered-galaxy-print-snapback-cap\/\",\"url\":\"https:\/\/sumkcaps.com\/product\/sufox-241011-custom-3d-embroidered-galaxy-print-snapback-cap\/\",\"name\":\"Custom 3D Embroidered Print Snapback Cap | China Manufactuer\",\"isPartOf\":{\"@id\":\"https:\/\/sumkcaps.com\/#website\"},\"primaryImageOfPage\":{\"@id\":\"https:\/\/sumkcaps.com\/product\/sufox-241011-custom-3d-embroidered-galaxy-print-snapback-cap\/#primaryimage\"},\"image\":{\"@id\":\"https:\/\/sumkcaps.com\/product\/sufox-241011-custom-3d-embroidered-galaxy-print-snapback-cap\/#primaryimage\"},\"thumbnailUrl\":\"https:\/\/sumkcaps.com\/wp-content\/uploads\/2022\/10\/3d_Embroidered_Galaxy_Print_Snapback_hat-1.jpg\",\"datePublished\":\"2022-10-12T01:11:43+00:00\",\"dateModified\":\"2026-03-31T07:28:46+00:00\",\"description\":\"We are dedicated to manufacturing Premium Custom Caps, beanies and bucket hats. Patches available. Many custom options. Quick delivery. Order Today!\",\"breadcrumb\":{\"@id\":\"https:\/\/sumkcaps.com\/product\/sufox-241011-custom-3d-embroidered-galaxy-print-snapback-cap\/#breadcrumb\"},\"inLanguage\":\"sv-SE\",\"potentialAction\":[{\"@type\":\"ReadAction\",\"target\":[\"https:\/\/sumkcaps.com\/product\/sufox-241011-custom-3d-embroidered-galaxy-print-snapback-cap\/\"]}]},{\"@type\":\"ImageObject\",\"inLanguage\":\"sv-SE\",\"@id\":\"https:\/\/sumkcaps.com\/product\/sufox-241011-custom-3d-embroidered-galaxy-print-snapback-cap\/#primaryimage\",\"url\":\"https:\/\/sumkcaps.com\/wp-content\/uploads\/2022\/10\/3d_Embroidered_Galaxy_Print_Snapback_hat-1.jpg\",\"contentUrl\":\"https:\/\/sumkcaps.com\/wp-content\/uploads\/2022\/10\/3d_Embroidered_Galaxy_Print_Snapback_hat-1.jpg\",\"width\":800,\"height\":800},{\"@type\":\"BreadcrumbList\",\"@id\":\"https:\/\/sumkcaps.com\/product\/sufox-241011-custom-3d-embroidered-galaxy-print-snapback-cap\/#breadcrumb\",\"itemListElement\":[{\"@type\":\"ListItem\",\"position\":1,\"name\":\"Home\",\"item\":\"https:\/\/sumkcaps.com\/\"},{\"@type\":\"ListItem\",\"position\":2,\"name\":\"Products\",\"item\":\"https:\/\/sumkcaps.com\/product\/\"},{\"@type\":\"ListItem\",\"position\":3,\"name\":\"Sumkcaps 241011 Custom 3D Embroidered Galaxy Print Snapback Cap\"}]},{\"@type\":\"WebSite\",\"@id\":\"https:\/\/sumkcaps.com\/#website\",\"url\":\"https:\/\/sumkcaps.com\/\",\"name\":\"Sumkcaps-China Original Headwear Manufacturer and Suppliers\",\"description\":\"We are China Cap And Hat Original Factory, whose main business is to custom cap and hat as client&#039;s LOGO. Any cap style, any cap color, any qty, any material and qty is no problem. In one words, any small details can be customized as your request.\",\"publisher\":{\"@id\":\"https:\/\/sumkcaps.com\/#organization\"},\"potentialAction\":[{\"@type\":\"SearchAction\",\"target\":{\"@type\":\"EntryPoint\",\"urlTemplate\":\"https:\/\/sumkcaps.com\/?s={search_term_string}\"},\"query-input\":{\"@type\":\"PropertyValueSpecification\",\"valueRequired\":true,\"valueName\":\"search_term_string\"}}],\"inLanguage\":\"sv-SE\"},{\"@type\":\"Organization\",\"@id\":\"https:\/\/sumkcaps.com\/#organization\",\"name\":\"Sumkcaps-China Original Headwear Manufacturer and Suppliers\",\"url\":\"https:\/\/sumkcaps.com\/\",\"logo\":{\"@type\":\"ImageObject\",\"inLanguage\":\"sv-SE\",\"@id\":\"https:\/\/sumkcaps.com\/#\/schema\/logo\/image\/\",\"url\":\"https:\/\/sumkcaps.com\/wp-content\/uploads\/2025\/12\/1234.jpg\",\"contentUrl\":\"https:\/\/sumkcaps.com\/wp-content\/uploads\/2025\/12\/1234.jpg\",\"width\":800,\"height\":800,\"caption\":\"Sumkcaps-China Original Headwear Manufacturer and Suppliers\"},\"image\":{\"@id\":\"https:\/\/sumkcaps.com\/#\/schema\/logo\/image\/\"},\"sameAs\":[\"https:\/\/www.facebook.com\/sumkcap\",\"https:\/\/www.instagram.com\/sumkcaps7\/\",\"https:\/\/www.pinterest.com\/sumkcapschina\/\"]}]}<\/script>\n<!-- \/ Yoast SEO Premium plugin. -->","yoast_head_json":{"title":"Anpassad 3D-broderad Snapback-keps med tryck | Kina Tillverkare","description":"Vi \u00e4r dedikerade till att tillverka premium anpassade kepsar, m\u00f6ssor och hinkhattar. Patchar tillg\u00e4ngliga. M\u00e5nga anpassade alternativ. Snabb leverans. Best\u00e4ll idag!","robots":{"index":"index","follow":"follow","max-snippet":"max-snippet:-1","max-image-preview":"max-image-preview:large","max-video-preview":"max-video-preview:-1"},"canonical":"https:\/\/sumkcaps.com\/sv\/produkt\/sufox-241011-anpassad-3d-broderad-snapback-keps-med-galaxtryck\/","og_locale":"sv_SE","og_type":"article","og_title":"Sumkcaps 241011 Custom 3D Embroidered Galaxy Print Snapback Cap - Sumkcaps","og_description":"We are dedicated to manufacturing Premium Custom Caps, beanies and bucket hats. Patches available. Many custom options. Quick delivery. Order Today!","og_url":"https:\/\/sumkcaps.com\/sv\/produkt\/sufox-241011-anpassad-3d-broderad-snapback-keps-med-galaxtryck\/","og_site_name":"Sumkcaps-China Original Headwear Manufacturer and Suppliers","article_publisher":"https:\/\/www.facebook.com\/sumkcap","article_modified_time":"2026-03-31T07:28:46+00:00","og_image":[{"width":800,"height":800,"url":"https:\/\/sumkcaps.com\/wp-content\/uploads\/2022\/10\/3d_Embroidered_Galaxy_Print_Snapback_hat-1.jpg","type":"image\/jpeg"}],"twitter_card":"summary_large_image","twitter_misc":{"Ber\u00e4knad l\u00e4stid":"2 minuter"},"schema":{"@context":"https:\/\/schema.org","@graph":[{"@type":"WebPage","@id":"https:\/\/sumkcaps.com\/product\/sufox-241011-custom-3d-embroidered-galaxy-print-snapback-cap\/","url":"https:\/\/sumkcaps.com\/product\/sufox-241011-custom-3d-embroidered-galaxy-print-snapback-cap\/","name":"Anpassad 3D-broderad Snapback-keps med tryck | Kina Tillverkare","isPartOf":{"@id":"https:\/\/sumkcaps.com\/#website"},"primaryImageOfPage":{"@id":"https:\/\/sumkcaps.com\/product\/sufox-241011-custom-3d-embroidered-galaxy-print-snapback-cap\/#primaryimage"},"image":{"@id":"https:\/\/sumkcaps.com\/product\/sufox-241011-custom-3d-embroidered-galaxy-print-snapback-cap\/#primaryimage"},"thumbnailUrl":"https:\/\/sumkcaps.com\/wp-content\/uploads\/2022\/10\/3d_Embroidered_Galaxy_Print_Snapback_hat-1.jpg","datePublished":"2022-10-12T01:11:43+00:00","dateModified":"2026-03-31T07:28:46+00:00","description":"Vi \u00e4r dedikerade till att tillverka premium anpassade kepsar, m\u00f6ssor och hinkhattar. Patchar tillg\u00e4ngliga. M\u00e5nga anpassade alternativ. Snabb leverans. Best\u00e4ll idag!","breadcrumb":{"@id":"https:\/\/sumkcaps.com\/product\/sufox-241011-custom-3d-embroidered-galaxy-print-snapback-cap\/#breadcrumb"},"inLanguage":"sv-SE","potentialAction":[{"@type":"ReadAction","target":["https:\/\/sumkcaps.com\/product\/sufox-241011-custom-3d-embroidered-galaxy-print-snapback-cap\/"]}]},{"@type":"ImageObject","inLanguage":"sv-SE","@id":"https:\/\/sumkcaps.com\/product\/sufox-241011-custom-3d-embroidered-galaxy-print-snapback-cap\/#primaryimage","url":"https:\/\/sumkcaps.com\/wp-content\/uploads\/2022\/10\/3d_Embroidered_Galaxy_Print_Snapback_hat-1.jpg","contentUrl":"https:\/\/sumkcaps.com\/wp-content\/uploads\/2022\/10\/3d_Embroidered_Galaxy_Print_Snapback_hat-1.jpg","width":800,"height":800},{"@type":"BreadcrumbList","@id":"https:\/\/sumkcaps.com\/product\/sufox-241011-custom-3d-embroidered-galaxy-print-snapback-cap\/#breadcrumb","itemListElement":[{"@type":"ListItem","position":1,"name":"Home","item":"https:\/\/sumkcaps.com\/"},{"@type":"ListItem","position":2,"name":"Products","item":"https:\/\/sumkcaps.com\/product\/"},{"@type":"ListItem","position":3,"name":"Sumkcaps 241011 Custom 3D Embroidered Galaxy Print Snapback Cap"}]},{"@type":"WebSite","@id":"https:\/\/sumkcaps.com\/#website","url":"https:\/\/sumkcaps.com\/","name":"Sumkcaps - tillverkare och leverant\u00f6rer av originalhuvudbonader i Kina","description":"Vi \u00e4r China Cap And Hat Original Factory, vars huvudsakliga verksamhet \u00e4r att anpassa m\u00f6ssa och hatt som klient &amp; #03939; s LOGO. Vilken keps som helst, vilken kepsf\u00e4rg som helst, vilket antal som helst, vilket material som helst och antal \u00e4r inget problem. Med ett ord kan alla sm\u00e5 detaljer anpassas efter din beg\u00e4ran.","publisher":{"@id":"https:\/\/sumkcaps.com\/#organization"},"potentialAction":[{"@type":"SearchAction","target":{"@type":"EntryPoint","urlTemplate":"https:\/\/sumkcaps.com\/?s={search_term_string}"},"query-input":{"@type":"PropertyValueSpecification","valueRequired":true,"valueName":"search_term_string"}}],"inLanguage":"sv-SE"},{"@type":"Organization","@id":"https:\/\/sumkcaps.com\/#organization","name":"Sumkcaps - tillverkare och leverant\u00f6rer av originalhuvudbonader i Kina","url":"https:\/\/sumkcaps.com\/","logo":{"@type":"ImageObject","inLanguage":"sv-SE","@id":"https:\/\/sumkcaps.com\/#\/schema\/logo\/image\/","url":"https:\/\/sumkcaps.com\/wp-content\/uploads\/2025\/12\/1234.jpg","contentUrl":"https:\/\/sumkcaps.com\/wp-content\/uploads\/2025\/12\/1234.jpg","width":800,"height":800,"caption":"Sumkcaps-China Original Headwear Manufacturer and Suppliers"},"image":{"@id":"https:\/\/sumkcaps.com\/#\/schema\/logo\/image\/"},"sameAs":["https:\/\/www.facebook.com\/sumkcap","https:\/\/www.instagram.com\/sumkcaps7\/","https:\/\/www.pinterest.com\/sumkcapschina\/"]}]}},"taxonomy_info":{"product_cat":[{"value":42,"label":"Snapback Hats Wholesale"}]},"featured_image_src_large":["https:\/\/sumkcaps.com\/wp-content\/uploads\/2022\/10\/3d_Embroidered_Galaxy_Print_Snapback_hat-1.jpg",800,800,false],"author_info":[],"comment_info":"","_links":{"self":[{"href":"https:\/\/sumkcaps.com\/sv\/wp-json\/wp\/v2\/product\/16183","targetHints":{"allow":["GET"]}}],"collection":[{"href":"https:\/\/sumkcaps.com\/sv\/wp-json\/wp\/v2\/product"}],"about":[{"href":"https:\/\/sumkcaps.com\/sv\/wp-json\/wp\/v2\/types\/product"}],"wp:featuredmedia":[{"embeddable":true,"href":"https:\/\/sumkcaps.com\/sv\/wp-json\/wp\/v2\/media\/16184"}],"wp:attachment":[{"href":"https:\/\/sumkcaps.com\/sv\/wp-json\/wp\/v2\/media?parent=16183"}],"wp:term":[{"taxonomy":"product_brand","embeddable":true,"href":"https:\/\/sumkcaps.com\/sv\/wp-json\/wp\/v2\/product_brand?post=16183"},{"taxonomy":"product_cat","embeddable":true,"href":"https:\/\/sumkcaps.com\/sv\/wp-json\/wp\/v2\/product_cat?post=16183"},{"taxonomy":"product_tag","embeddable":true,"href":"https:\/\/sumkcaps.com\/sv\/wp-json\/wp\/v2\/product_tag?post=16183"}],"curies":[{"name":"wp","href":"https:\/\/api.w.org\/{rel}","templated":true}]}}