{"id":15938,"date":"2022-09-29T13:48:57","date_gmt":"2022-09-29T05:48:57","guid":{"rendered":"https:\/\/sumkcaps.com\/?post_type=product&#038;p=15938"},"modified":"2026-04-03T09:51:24","modified_gmt":"2026-04-03T01:51:24","slug":"sufox-23941-custom-five-panel-embroidered-hip-hop-two-tone-snapback-cap","status":"publish","type":"product","link":"https:\/\/sumkcaps.com\/sv\/produkt\/sufox-23941-custom-fem-panel-broderad-hip-hop-tvafargad-snapback-keps\/","title":{"rendered":"Sumkcaps 23941 Custom Five Panel Broderad Hip Hop Snapback-keps med tv\u00e5 toner"},"content":{"rendered":"<h3 data-section-id=\"1o0wlg4\" data-start=\"125\" data-end=\"161\"><span role=\"text\"><strong data-start=\"129\" data-end=\"159\">Dekoration<\/strong><\/span><\/h3>\n<p data-start=\"162\" data-end=\"446\">Kepsen har h\u00f6gkvalitativt 3D-broderi, vilket ger en upph\u00f6jd, texturerad logotyp som sticker ut b\u00e5de visuellt och fysiskt. Denna teknik f\u00f6rb\u00e4ttrar varum\u00e4rkets synlighet och h\u00e5llbarhet, vilket g\u00f6r den idealisk f\u00f6r dj\u00e4rva m\u00f6nster, streetwear-kollektioner och huvudbonader som kr\u00e4ver uppm\u00e4rksamhet.<\/p>\n<h3 data-section-id=\"1p2br5x\" data-start=\"453\" data-end=\"486\"><span role=\"text\"><strong data-start=\"457\" data-end=\"484\">Material<\/strong><\/span><\/h3>\n<p data-start=\"487\" data-end=\"774\">Denna snapback \u00e4r tillverkad av 100% akryl och har utm\u00e4rkt h\u00e5llbarhet, formbest\u00e4ndighet och motst\u00e5ndskraft mot skrynklor. Tyget \u00e4r l\u00e4tt men \u00e4nd\u00e5 robust och ger en strukturerad look med bibeh\u00e5llen komfort, vilket g\u00f6r den l\u00e4mplig f\u00f6r vardagligt bruk och l\u00e5ngvarig anv\u00e4ndning i olika milj\u00f6er.<\/p>\n<h3 data-section-id=\"slu0w9\" data-start=\"781\" data-end=\"809\"><span role=\"text\"><strong data-start=\"785\" data-end=\"807\">F\u00e4rg<\/strong><\/span><\/h3>\n<p data-start=\"810\" data-end=\"1086\">Denna tv\u00e5f\u00e4rgade snapback finns i helt anpassade f\u00e4rgalternativ och g\u00f6r det m\u00f6jligt f\u00f6r varum\u00e4rken att matcha exakta Pantone-nyanser eller skapa unika f\u00e4rgkombinationer. Denna flexibilitet s\u00e4kerst\u00e4ller att din design passar perfekt med din varum\u00e4rkesidentitet, s\u00e4songskollektioner eller reklamkampanjer.<\/p>\n<h3 data-section-id=\"1ujt2bk\" data-start=\"1093\" data-end=\"1132\"><span role=\"text\"><strong data-start=\"1097\" data-end=\"1130\">Passform och storlek<\/strong><\/span><\/h3>\n<p data-start=\"1133\" data-end=\"1389\">Kepsen har en justerbar snapback-st\u00e4ngning och en OSFM-passform (one-size-fits-most) som str\u00e4cker sig fr\u00e5n 7 till 7 3\/4. Det ger en s\u00e4ker och bekv\u00e4m passform f\u00f6r de flesta huvudstorlekar, vilket g\u00f6r den till ett m\u00e5ngsidigt val f\u00f6r bulkbest\u00e4llningar och breda kundgrupper.<\/p>\n<h3 data-section-id=\"3asju8\" data-start=\"1396\" data-end=\"1423\"><span role=\"text\"><strong data-start=\"1400\" data-end=\"1421\">Visir<\/strong><\/span><\/h3>\n<p data-start=\"1424\" data-end=\"1666\">Den platta designen ger en modern, urban estetik som \u00e4r popul\u00e4r inom hiphop- och streetwear-mode. Den beh\u00e5ller sin form \u00f6ver tid och ger ett effektivt solskydd, vilket g\u00f6r den b\u00e5de snygg och funktionell f\u00f6r daglig anv\u00e4ndning utomhus.<\/p>\n<h3 data-section-id=\"3nymbz\" data-start=\"1673\" data-end=\"1702\"><span role=\"text\"><strong data-start=\"1677\" data-end=\"1700\">Service<\/strong><\/span><\/h3>\n<p data-start=\"1703\" data-end=\"1965\">Vi erbjuder omfattande OEM- och ODM-tj\u00e4nster med st\u00f6d f\u00f6r anpassade logotyper, material, f\u00e4rger och f\u00f6rpackningar. Oavsett om du har en f\u00e4rdig design eller beh\u00f6ver hj\u00e4lp med utveckling, s\u00e4kerst\u00e4ller v\u00e5rt team effektiv kommunikation och h\u00f6gkvalitativ produktion som \u00e4r skr\u00e4ddarsydd f\u00f6r ditt varum\u00e4rke.<\/p>\n<h3 data-section-id=\"1mx9aa5\" data-start=\"1972\" data-end=\"1997\"><span role=\"text\"><strong data-start=\"1976\" data-end=\"1995\">Genomf\u00f6randetid<\/strong><\/span><\/h3>\n<p data-start=\"1998\" data-end=\"2249\" data-is-last-node=\"\" data-is-only-node=\"\">V\u00e5r effektiva produktionsprocess s\u00e4kerst\u00e4ller snabb leverans, med prover som \u00e4r klara inom 7-9 arbetsdagar och bulkproduktion som \u00e4r klar inom 18-22 arbetsdagar. Denna tillf\u00f6rlitliga tidslinje hj\u00e4lper varum\u00e4rken att h\u00e5lla sn\u00e4va deadlines och snabbt svara p\u00e5 marknadens krav.<\/p>","protected":false},"excerpt":{"rendered":"<p>Sumkcaps 23941 Custom Broderad Hip Hop Two Tone Five Panel Snapback Cap \u00e4r en av popul\u00e4ra Cap Style, l\u00e4tt vikt och andas v\u00e4l. V\u00e5ra Snapbacks kommer i en m\u00e4ngd olika stilar och f\u00e4rger fr\u00e5n alla de b\u00e4sta varum\u00e4rkena.<\/p>","protected":false},"featured_media":15939,"template":"","meta":{"_acf_changed":false,"_kad_blocks_custom_css":"","_kad_blocks_head_custom_js":"","_kad_blocks_body_custom_js":"","_kad_blocks_footer_custom_js":""},"product_brand":[],"product_cat":[42],"product_tag":[],"class_list":{"0":"post-15938","1":"product","2":"type-product","3":"status-publish","4":"has-post-thumbnail","6":"product_cat-snapback-cap","8":"first","9":"outofstock","10":"shipping-taxable","11":"product-type-simple"},"acf":[],"yoast_head":"<!-- This site is optimized with the Yoast SEO Premium plugin v20.8 (Yoast SEO v25.9) - https:\/\/yoast.com\/wordpress\/plugins\/seo\/ -->\n<title>Custom Embroidery Two Tone Snapback Cap | China Manufactuer<\/title>\n<meta name=\"description\" content=\"More Than 10 Years Of Experience In The Headwear Industry. Cap Manufacturers. Add Your Logo or Custom Design Online. Expert Service. Bulk Discount.\" \/>\n<meta name=\"robots\" content=\"index, follow, max-snippet:-1, max-image-preview:large, max-video-preview:-1\" \/>\n<link rel=\"canonical\" href=\"https:\/\/sumkcaps.com\/sv\/produkt\/sufox-23941-custom-fem-panel-broderad-hip-hop-tvafargad-snapback-keps\/\" \/>\n<meta property=\"og:locale\" content=\"sv_SE\" \/>\n<meta property=\"og:type\" content=\"article\" \/>\n<meta property=\"og:title\" content=\"Sumkcaps 23941 Custom Five Panel Embroidered Hip Hop Two Tone Snapback Cap - Sumkcaps\" \/>\n<meta property=\"og:description\" content=\"More Than 10 Years Of Experience In The Headwear Industry. Cap Manufacturers. Add Your Logo or Custom Design Online. Expert Service. Bulk Discount.\" \/>\n<meta property=\"og:url\" content=\"https:\/\/sumkcaps.com\/sv\/produkt\/sufox-23941-custom-fem-panel-broderad-hip-hop-tvafargad-snapback-keps\/\" \/>\n<meta property=\"og:site_name\" content=\"Sumkcaps-China Original Headwear Manufacturer and Suppliers\" \/>\n<meta property=\"article:publisher\" content=\"https:\/\/www.facebook.com\/sumkcap\" \/>\n<meta property=\"article:modified_time\" content=\"2026-04-03T01:51:24+00:00\" \/>\n<meta property=\"og:image\" content=\"https:\/\/sumkcaps.com\/wp-content\/uploads\/2022\/09\/hip_hop_5_panel_snapback_cap-1.jpg\" \/>\n\t<meta property=\"og:image:width\" content=\"800\" \/>\n\t<meta property=\"og:image:height\" content=\"800\" \/>\n\t<meta property=\"og:image:type\" content=\"image\/jpeg\" \/>\n<meta name=\"twitter:card\" content=\"summary_large_image\" \/>\n<meta name=\"twitter:label1\" content=\"Ber\u00e4knad l\u00e4stid\" \/>\n\t<meta name=\"twitter:data1\" content=\"2 minuter\" \/>\n<script type=\"application\/ld+json\" class=\"yoast-schema-graph\">{\"@context\":\"https:\/\/schema.org\",\"@graph\":[{\"@type\":\"WebPage\",\"@id\":\"https:\/\/sumkcaps.com\/product\/sufox-23941-custom-five-panel-embroidered-hip-hop-two-tone-snapback-cap\/\",\"url\":\"https:\/\/sumkcaps.com\/product\/sufox-23941-custom-five-panel-embroidered-hip-hop-two-tone-snapback-cap\/\",\"name\":\"Custom Embroidery Two Tone Snapback Cap | China Manufactuer\",\"isPartOf\":{\"@id\":\"https:\/\/sumkcaps.com\/#website\"},\"primaryImageOfPage\":{\"@id\":\"https:\/\/sumkcaps.com\/product\/sufox-23941-custom-five-panel-embroidered-hip-hop-two-tone-snapback-cap\/#primaryimage\"},\"image\":{\"@id\":\"https:\/\/sumkcaps.com\/product\/sufox-23941-custom-five-panel-embroidered-hip-hop-two-tone-snapback-cap\/#primaryimage\"},\"thumbnailUrl\":\"https:\/\/sumkcaps.com\/wp-content\/uploads\/2022\/09\/hip_hop_5_panel_snapback_cap-1.jpg\",\"datePublished\":\"2022-09-29T05:48:57+00:00\",\"dateModified\":\"2026-04-03T01:51:24+00:00\",\"description\":\"More Than 10 Years Of Experience In The Headwear Industry. Cap Manufacturers. Add Your Logo or Custom Design Online. Expert Service. Bulk Discount.\",\"breadcrumb\":{\"@id\":\"https:\/\/sumkcaps.com\/product\/sufox-23941-custom-five-panel-embroidered-hip-hop-two-tone-snapback-cap\/#breadcrumb\"},\"inLanguage\":\"sv-SE\",\"potentialAction\":[{\"@type\":\"ReadAction\",\"target\":[\"https:\/\/sumkcaps.com\/product\/sufox-23941-custom-five-panel-embroidered-hip-hop-two-tone-snapback-cap\/\"]}]},{\"@type\":\"ImageObject\",\"inLanguage\":\"sv-SE\",\"@id\":\"https:\/\/sumkcaps.com\/product\/sufox-23941-custom-five-panel-embroidered-hip-hop-two-tone-snapback-cap\/#primaryimage\",\"url\":\"https:\/\/sumkcaps.com\/wp-content\/uploads\/2022\/09\/hip_hop_5_panel_snapback_cap-1.jpg\",\"contentUrl\":\"https:\/\/sumkcaps.com\/wp-content\/uploads\/2022\/09\/hip_hop_5_panel_snapback_cap-1.jpg\",\"width\":800,\"height\":800},{\"@type\":\"BreadcrumbList\",\"@id\":\"https:\/\/sumkcaps.com\/product\/sufox-23941-custom-five-panel-embroidered-hip-hop-two-tone-snapback-cap\/#breadcrumb\",\"itemListElement\":[{\"@type\":\"ListItem\",\"position\":1,\"name\":\"Home\",\"item\":\"https:\/\/sumkcaps.com\/\"},{\"@type\":\"ListItem\",\"position\":2,\"name\":\"Products\",\"item\":\"https:\/\/sumkcaps.com\/product\/\"},{\"@type\":\"ListItem\",\"position\":3,\"name\":\"Sumkcaps 23941 Custom Five Panel Embroidered Hip Hop Two Tone Snapback Cap\"}]},{\"@type\":\"WebSite\",\"@id\":\"https:\/\/sumkcaps.com\/#website\",\"url\":\"https:\/\/sumkcaps.com\/\",\"name\":\"Sumkcaps-China Original Headwear Manufacturer and Suppliers\",\"description\":\"We are China Cap And Hat Original Factory, whose main business is to custom cap and hat as client&#039;s LOGO. Any cap style, any cap color, any qty, any material and qty is no problem. In one words, any small details can be customized as your request.\",\"publisher\":{\"@id\":\"https:\/\/sumkcaps.com\/#organization\"},\"potentialAction\":[{\"@type\":\"SearchAction\",\"target\":{\"@type\":\"EntryPoint\",\"urlTemplate\":\"https:\/\/sumkcaps.com\/?s={search_term_string}\"},\"query-input\":{\"@type\":\"PropertyValueSpecification\",\"valueRequired\":true,\"valueName\":\"search_term_string\"}}],\"inLanguage\":\"sv-SE\"},{\"@type\":\"Organization\",\"@id\":\"https:\/\/sumkcaps.com\/#organization\",\"name\":\"Sumkcaps-China Original Headwear Manufacturer and Suppliers\",\"url\":\"https:\/\/sumkcaps.com\/\",\"logo\":{\"@type\":\"ImageObject\",\"inLanguage\":\"sv-SE\",\"@id\":\"https:\/\/sumkcaps.com\/#\/schema\/logo\/image\/\",\"url\":\"https:\/\/sumkcaps.com\/wp-content\/uploads\/2025\/12\/1234.jpg\",\"contentUrl\":\"https:\/\/sumkcaps.com\/wp-content\/uploads\/2025\/12\/1234.jpg\",\"width\":800,\"height\":800,\"caption\":\"Sumkcaps-China Original Headwear Manufacturer and Suppliers\"},\"image\":{\"@id\":\"https:\/\/sumkcaps.com\/#\/schema\/logo\/image\/\"},\"sameAs\":[\"https:\/\/www.facebook.com\/sumkcap\",\"https:\/\/www.instagram.com\/sumkcaps7\/\",\"https:\/\/www.pinterest.com\/sumkcapschina\/\"]}]}<\/script>\n<!-- \/ Yoast SEO Premium plugin. -->","yoast_head_json":{"title":"Anpassat broderi tv\u00e5 ton snapback keps | Kina tillverkare","description":"Mer \u00e4n 10 \u00e5rs erfarenhet inom huvudbonadsbranschen. Tillverkare av kepsar. L\u00e4gg till din logotyp eller anpassad design online. Expert service. Bulk rabatt.","robots":{"index":"index","follow":"follow","max-snippet":"max-snippet:-1","max-image-preview":"max-image-preview:large","max-video-preview":"max-video-preview:-1"},"canonical":"https:\/\/sumkcaps.com\/sv\/produkt\/sufox-23941-custom-fem-panel-broderad-hip-hop-tvafargad-snapback-keps\/","og_locale":"sv_SE","og_type":"article","og_title":"Sumkcaps 23941 Custom Five Panel Embroidered Hip Hop Two Tone Snapback Cap - Sumkcaps","og_description":"More Than 10 Years Of Experience In The Headwear Industry. Cap Manufacturers. Add Your Logo or Custom Design Online. Expert Service. Bulk Discount.","og_url":"https:\/\/sumkcaps.com\/sv\/produkt\/sufox-23941-custom-fem-panel-broderad-hip-hop-tvafargad-snapback-keps\/","og_site_name":"Sumkcaps-China Original Headwear Manufacturer and Suppliers","article_publisher":"https:\/\/www.facebook.com\/sumkcap","article_modified_time":"2026-04-03T01:51:24+00:00","og_image":[{"width":800,"height":800,"url":"https:\/\/sumkcaps.com\/wp-content\/uploads\/2022\/09\/hip_hop_5_panel_snapback_cap-1.jpg","type":"image\/jpeg"}],"twitter_card":"summary_large_image","twitter_misc":{"Ber\u00e4knad l\u00e4stid":"2 minuter"},"schema":{"@context":"https:\/\/schema.org","@graph":[{"@type":"WebPage","@id":"https:\/\/sumkcaps.com\/product\/sufox-23941-custom-five-panel-embroidered-hip-hop-two-tone-snapback-cap\/","url":"https:\/\/sumkcaps.com\/product\/sufox-23941-custom-five-panel-embroidered-hip-hop-two-tone-snapback-cap\/","name":"Anpassat broderi tv\u00e5 ton snapback keps | Kina tillverkare","isPartOf":{"@id":"https:\/\/sumkcaps.com\/#website"},"primaryImageOfPage":{"@id":"https:\/\/sumkcaps.com\/product\/sufox-23941-custom-five-panel-embroidered-hip-hop-two-tone-snapback-cap\/#primaryimage"},"image":{"@id":"https:\/\/sumkcaps.com\/product\/sufox-23941-custom-five-panel-embroidered-hip-hop-two-tone-snapback-cap\/#primaryimage"},"thumbnailUrl":"https:\/\/sumkcaps.com\/wp-content\/uploads\/2022\/09\/hip_hop_5_panel_snapback_cap-1.jpg","datePublished":"2022-09-29T05:48:57+00:00","dateModified":"2026-04-03T01:51:24+00:00","description":"Mer \u00e4n 10 \u00e5rs erfarenhet inom huvudbonadsbranschen. Tillverkare av kepsar. L\u00e4gg till din logotyp eller anpassad design online. Expert service. Bulk rabatt.","breadcrumb":{"@id":"https:\/\/sumkcaps.com\/product\/sufox-23941-custom-five-panel-embroidered-hip-hop-two-tone-snapback-cap\/#breadcrumb"},"inLanguage":"sv-SE","potentialAction":[{"@type":"ReadAction","target":["https:\/\/sumkcaps.com\/product\/sufox-23941-custom-five-panel-embroidered-hip-hop-two-tone-snapback-cap\/"]}]},{"@type":"ImageObject","inLanguage":"sv-SE","@id":"https:\/\/sumkcaps.com\/product\/sufox-23941-custom-five-panel-embroidered-hip-hop-two-tone-snapback-cap\/#primaryimage","url":"https:\/\/sumkcaps.com\/wp-content\/uploads\/2022\/09\/hip_hop_5_panel_snapback_cap-1.jpg","contentUrl":"https:\/\/sumkcaps.com\/wp-content\/uploads\/2022\/09\/hip_hop_5_panel_snapback_cap-1.jpg","width":800,"height":800},{"@type":"BreadcrumbList","@id":"https:\/\/sumkcaps.com\/product\/sufox-23941-custom-five-panel-embroidered-hip-hop-two-tone-snapback-cap\/#breadcrumb","itemListElement":[{"@type":"ListItem","position":1,"name":"Home","item":"https:\/\/sumkcaps.com\/"},{"@type":"ListItem","position":2,"name":"Products","item":"https:\/\/sumkcaps.com\/product\/"},{"@type":"ListItem","position":3,"name":"Sumkcaps 23941 Custom Five Panel Embroidered Hip Hop Two Tone Snapback Cap"}]},{"@type":"WebSite","@id":"https:\/\/sumkcaps.com\/#website","url":"https:\/\/sumkcaps.com\/","name":"Sumkcaps - tillverkare och leverant\u00f6rer av originalhuvudbonader i Kina","description":"Vi \u00e4r China Cap And Hat Original Factory, vars huvudsakliga verksamhet \u00e4r att anpassa m\u00f6ssa och hatt som klient &amp; #03939; s LOGO. Vilken keps som helst, vilken kepsf\u00e4rg som helst, vilket antal som helst, vilket material som helst och antal \u00e4r inget problem. Med ett ord kan alla sm\u00e5 detaljer anpassas efter din beg\u00e4ran.","publisher":{"@id":"https:\/\/sumkcaps.com\/#organization"},"potentialAction":[{"@type":"SearchAction","target":{"@type":"EntryPoint","urlTemplate":"https:\/\/sumkcaps.com\/?s={search_term_string}"},"query-input":{"@type":"PropertyValueSpecification","valueRequired":true,"valueName":"search_term_string"}}],"inLanguage":"sv-SE"},{"@type":"Organization","@id":"https:\/\/sumkcaps.com\/#organization","name":"Sumkcaps - tillverkare och leverant\u00f6rer av originalhuvudbonader i Kina","url":"https:\/\/sumkcaps.com\/","logo":{"@type":"ImageObject","inLanguage":"sv-SE","@id":"https:\/\/sumkcaps.com\/#\/schema\/logo\/image\/","url":"https:\/\/sumkcaps.com\/wp-content\/uploads\/2025\/12\/1234.jpg","contentUrl":"https:\/\/sumkcaps.com\/wp-content\/uploads\/2025\/12\/1234.jpg","width":800,"height":800,"caption":"Sumkcaps-China Original Headwear Manufacturer and Suppliers"},"image":{"@id":"https:\/\/sumkcaps.com\/#\/schema\/logo\/image\/"},"sameAs":["https:\/\/www.facebook.com\/sumkcap","https:\/\/www.instagram.com\/sumkcaps7\/","https:\/\/www.pinterest.com\/sumkcapschina\/"]}]}},"taxonomy_info":{"product_cat":[{"value":42,"label":"Snapback Hats Wholesale"}]},"featured_image_src_large":["https:\/\/sumkcaps.com\/wp-content\/uploads\/2022\/09\/hip_hop_5_panel_snapback_cap-1.jpg",800,800,false],"author_info":[],"comment_info":"","_links":{"self":[{"href":"https:\/\/sumkcaps.com\/sv\/wp-json\/wp\/v2\/product\/15938","targetHints":{"allow":["GET"]}}],"collection":[{"href":"https:\/\/sumkcaps.com\/sv\/wp-json\/wp\/v2\/product"}],"about":[{"href":"https:\/\/sumkcaps.com\/sv\/wp-json\/wp\/v2\/types\/product"}],"wp:featuredmedia":[{"embeddable":true,"href":"https:\/\/sumkcaps.com\/sv\/wp-json\/wp\/v2\/media\/15939"}],"wp:attachment":[{"href":"https:\/\/sumkcaps.com\/sv\/wp-json\/wp\/v2\/media?parent=15938"}],"wp:term":[{"taxonomy":"product_brand","embeddable":true,"href":"https:\/\/sumkcaps.com\/sv\/wp-json\/wp\/v2\/product_brand?post=15938"},{"taxonomy":"product_cat","embeddable":true,"href":"https:\/\/sumkcaps.com\/sv\/wp-json\/wp\/v2\/product_cat?post=15938"},{"taxonomy":"product_tag","embeddable":true,"href":"https:\/\/sumkcaps.com\/sv\/wp-json\/wp\/v2\/product_tag?post=15938"}],"curies":[{"name":"wp","href":"https:\/\/api.w.org\/{rel}","templated":true}]}}