{"id":15921,"date":"2022-09-29T13:25:54","date_gmt":"2022-09-29T05:25:54","guid":{"rendered":"https:\/\/sumkcaps.com\/?post_type=product&#038;p=15921"},"modified":"2026-01-12T10:07:57","modified_gmt":"2026-01-12T02:07:57","slug":"sufox-23938-custom-two-side-reversible-bucket-hats","status":"publish","type":"product","link":"https:\/\/sumkcaps.com\/sv\/produkt\/sufox-23938-custom-vandbara-bucket-hats-med-tva-sidor\/","title":{"rendered":"Sumkcaps 23938 Custom v\u00e4ndbara buckethattar med tv\u00e5 sidor"},"content":{"rendered":"<h3 data-start=\"86\" data-end=\"123\">Dekoration<\/h3>\n<p data-start=\"124\" data-end=\"564\">Denna bucket hat har en helt v\u00e4ndbar struktur och erbjuder tv\u00e5 olika utseenden i en och samma produkt. Varje sida kan ha olika f\u00e4rger, m\u00f6nster eller varum\u00e4rkeselement, vilket ger maximal kreativ frihet f\u00f6r anpassad design. Den v\u00e4ndbara dekorationen \u00e4r idealisk f\u00f6r varum\u00e4rken som s\u00f6ker m\u00e5ngsidighet och f\u00f6rb\u00e4ttrar b\u00e4rbarheten samtidigt som den f\u00f6rdubblar stylingalternativen, vilket g\u00f6r den perfekt f\u00f6r kampanjbruk, detaljhandelskollektioner eller modeinriktade streetwear-linjer.<\/p>\n<h3 data-start=\"571\" data-end=\"604\">Material<\/h3>\n<p data-start=\"605\" data-end=\"1023\">Denna bucket hat \u00e4r tillverkad av en slitstark polyester- och bomullsblandning och balanserar komfort, andningsf\u00f6rm\u00e5ga och l\u00e5ngvarig prestanda. Bomullskomponenten ger en mjuk, hudv\u00e4nlig k\u00e4nsla, medan polyester ger styrka, formbest\u00e4ndighet och skrynkelresistens. Denna materialkombination s\u00e4kerst\u00e4ller att hatten fungerar bra vid daglig anv\u00e4ndning, utomhusaktiviteter och frekvent anv\u00e4ndning, och bibeh\u00e5ller sitt utseende och sin komfort \u00f6ver tid.<\/p>\n<h3 data-start=\"1030\" data-end=\"1054\">Form<\/h3>\n<p data-start=\"1055\" data-end=\"1444\">Denna design har en klassisk silhuett av en bucket hat och erbjuder en avslappnad, tidl\u00f6s form som passar f\u00f6r alla \u00e5rstider. Det j\u00e4mnt sluttande br\u00e4ttet ger en avslappnad stil och funktionell t\u00e4ckning, medan den strukturerade kronan ger en konsekvent passform. Den universellt popul\u00e4ra formen g\u00f6r den till ett starkt val f\u00f6r streetwear-varum\u00e4rken, livsstilsm\u00e4rken och reklamartiklar som s\u00f6ker en bred marknad.<\/p>\n<h3 data-start=\"1451\" data-end=\"1471\">F\u00e4rg<\/h3>\n<p data-start=\"1472\" data-end=\"1865\">Denna hinkhatt st\u00f6der full f\u00e4rganpassning p\u00e5 b\u00e5da sidor, vilket g\u00f6r det m\u00f6jligt f\u00f6r varum\u00e4rken att matcha specifika Pantone-nyanser, s\u00e4songspaletter eller signaturf\u00e4rger f\u00f6r varum\u00e4rket. Oavsett om du f\u00f6redrar dj\u00e4rva kontraster, subtila toner eller kreativa tryck, hj\u00e4lper de anpassade f\u00e4rgalternativen till att ge liv \u00e5t unika designkoncept. Denna flexibilitet g\u00f6r hatten l\u00e4mplig f\u00f6r modekollektioner, evenemang och varum\u00e4rkeskampanjer.<\/p>\n<h3 data-start=\"1872\" data-end=\"1894\">Visir<\/h3>\n<p data-start=\"1895\" data-end=\"2264\">Denna bucket hat \u00e4r designad utan ett traditionellt visir och har en ren, minimal profil samtidigt som den ger ett helt\u00e4ckande br\u00e4mt\u00e4ckning. Den visirfria strukturen \u00f6kar komforten och flexibiliteten, vilket g\u00f6r den l\u00e4tt att packa, vika och b\u00e4ra i olika milj\u00f6er. Detta designval betonar avslappnad stil och praktiska egenskaper, perfekt f\u00f6r resor, friluftsliv och vardagliga streetwear.<\/p>\n<h3 data-start=\"2271\" data-end=\"2306\">Passform och storlek<\/h3>\n<p data-start=\"2307\" data-end=\"2654\">Med en One Size Fits Most-design passar den h\u00e4r bucket hat bekv\u00e4mt huvudstorlekar fr\u00e5n 7 till 7 3\/4. Den balanserade konstruktionen garanterar en s\u00e4ker men \u00e4nd\u00e5 avslappnad passform f\u00f6r de flesta b\u00e4rare, vilket g\u00f6r den l\u00e4mplig f\u00f6r unisex-anv\u00e4ndning. Denna standardiserade storlek f\u00f6renklar bulkbest\u00e4llningar och g\u00f6r den till ett utm\u00e4rkt alternativ f\u00f6r grossist-, kampanj- och detaljhandelsdistribution.<\/p>\n<h3 data-start=\"2661\" data-end=\"2682\">Genomf\u00f6randetid<\/h3>\n<p data-start=\"2683\" data-end=\"3071\" data-is-last-node=\"\" data-is-only-node=\"\">Effektiva produktionstider g\u00f6r denna v\u00e4ndbara bucket hat idealisk f\u00f6r planerade lanseringar och bulkbest\u00e4llningar. Provproduktion tar vanligtvis 7-9 arbetsdagar, vilket m\u00f6jligg\u00f6r snabb designverifiering. N\u00e4r den \u00e4r godk\u00e4nd \u00e4r massproduktionen klar inom 18-22 arbetsdagar. Denna p\u00e5litliga produktionstid hj\u00e4lper varum\u00e4rken att hantera scheman effektivt samtidigt som de uppr\u00e4tth\u00e5ller konsekvent kvalitet och hantverk.<\/p>","protected":false},"excerpt":{"rendered":"<p>Sumkcaps 23938 Custom Two Side Reversible Bucket Hat har en m\u00e5ngsidig v\u00e4ndbar design som erbjuder tv\u00e5 stilar i en. Den \u00e4r tillverkad av en slitstark polyester\/bomullsblandning och ger komfort, andningsf\u00f6rm\u00e5ga och l\u00e5ng livsl\u00e4ngd. Med fullt anpassningsbara f\u00e4rger p\u00e5 b\u00e5da sidor och en klassisk bucket hat-form \u00e4r denna OSFM-hatt perfekt f\u00f6r branding, kampanjer och modekollektioner.<\/p>","protected":false},"featured_media":15922,"template":"","meta":{"_acf_changed":false,"_kad_blocks_custom_css":"","_kad_blocks_head_custom_js":"","_kad_blocks_body_custom_js":"","_kad_blocks_footer_custom_js":""},"product_brand":[],"product_cat":[55],"product_tag":[],"class_list":{"0":"post-15921","1":"product","2":"type-product","3":"status-publish","4":"has-post-thumbnail","6":"product_cat-bucket-hat-manufacturers","8":"first","9":"outofstock","10":"shipping-taxable","11":"product-type-simple"},"acf":[],"yoast_head":"<!-- This site is optimized with the Yoast SEO Premium plugin v20.8 (Yoast SEO v25.9) - https:\/\/yoast.com\/wordpress\/plugins\/seo\/ -->\n<title>Custom Two Side Reversible Bucket Hats | China Manufactuer<\/title>\n<meta name=\"description\" content=\"Custom Cap, Logo Cap, Brand Caps, Custom Made Snapback Caps, Custom Snapback Baseball Hats. Premium Cap Manufacturer since 2006. Order Today!\" \/>\n<meta name=\"robots\" content=\"index, follow, max-snippet:-1, max-image-preview:large, max-video-preview:-1\" \/>\n<link rel=\"canonical\" href=\"https:\/\/sumkcaps.com\/sv\/produkt\/sufox-23938-custom-vandbara-bucket-hats-med-tva-sidor\/\" \/>\n<meta property=\"og:locale\" content=\"sv_SE\" \/>\n<meta property=\"og:type\" content=\"article\" \/>\n<meta property=\"og:title\" content=\"Sumkcaps 23938 Custom Two Side Reversible Bucket Hats - Sumkcaps\" \/>\n<meta property=\"og:description\" content=\"Custom Cap, Logo Cap, Brand Caps, Custom Made Snapback Caps, Custom Snapback Baseball Hats. Premium Cap Manufacturer since 2006. Order Today!\" \/>\n<meta property=\"og:url\" content=\"https:\/\/sumkcaps.com\/sv\/produkt\/sufox-23938-custom-vandbara-bucket-hats-med-tva-sidor\/\" \/>\n<meta property=\"og:site_name\" content=\"Sumkcaps-China Original Headwear Manufacturer and Suppliers\" \/>\n<meta property=\"article:publisher\" content=\"https:\/\/www.facebook.com\/sumkcap\" \/>\n<meta property=\"article:modified_time\" content=\"2026-01-12T02:07:57+00:00\" \/>\n<meta property=\"og:image\" content=\"https:\/\/sumkcaps.com\/wp-content\/uploads\/2022\/09\/custom_reversible_bucket_hat-1.jpg\" \/>\n\t<meta property=\"og:image:width\" content=\"800\" \/>\n\t<meta property=\"og:image:height\" content=\"800\" \/>\n\t<meta property=\"og:image:type\" content=\"image\/jpeg\" \/>\n<meta name=\"twitter:card\" content=\"summary_large_image\" \/>\n<meta name=\"twitter:label1\" content=\"Ber\u00e4knad l\u00e4stid\" \/>\n\t<meta name=\"twitter:data1\" content=\"2 minuter\" \/>\n<script type=\"application\/ld+json\" class=\"yoast-schema-graph\">{\"@context\":\"https:\/\/schema.org\",\"@graph\":[{\"@type\":\"WebPage\",\"@id\":\"https:\/\/sumkcaps.com\/product\/sufox-23938-custom-two-side-reversible-bucket-hats\/\",\"url\":\"https:\/\/sumkcaps.com\/product\/sufox-23938-custom-two-side-reversible-bucket-hats\/\",\"name\":\"Custom Two Side Reversible Bucket Hats | China Manufactuer\",\"isPartOf\":{\"@id\":\"https:\/\/sumkcaps.com\/#website\"},\"primaryImageOfPage\":{\"@id\":\"https:\/\/sumkcaps.com\/product\/sufox-23938-custom-two-side-reversible-bucket-hats\/#primaryimage\"},\"image\":{\"@id\":\"https:\/\/sumkcaps.com\/product\/sufox-23938-custom-two-side-reversible-bucket-hats\/#primaryimage\"},\"thumbnailUrl\":\"https:\/\/sumkcaps.com\/wp-content\/uploads\/2022\/09\/custom_reversible_bucket_hat-1.jpg\",\"datePublished\":\"2022-09-29T05:25:54+00:00\",\"dateModified\":\"2026-01-12T02:07:57+00:00\",\"description\":\"Custom Cap, Logo Cap, Brand Caps, Custom Made Snapback Caps, Custom Snapback Baseball Hats. Premium Cap Manufacturer since 2006. Order Today!\",\"breadcrumb\":{\"@id\":\"https:\/\/sumkcaps.com\/product\/sufox-23938-custom-two-side-reversible-bucket-hats\/#breadcrumb\"},\"inLanguage\":\"sv-SE\",\"potentialAction\":[{\"@type\":\"ReadAction\",\"target\":[\"https:\/\/sumkcaps.com\/product\/sufox-23938-custom-two-side-reversible-bucket-hats\/\"]}]},{\"@type\":\"ImageObject\",\"inLanguage\":\"sv-SE\",\"@id\":\"https:\/\/sumkcaps.com\/product\/sufox-23938-custom-two-side-reversible-bucket-hats\/#primaryimage\",\"url\":\"https:\/\/sumkcaps.com\/wp-content\/uploads\/2022\/09\/custom_reversible_bucket_hat-1.jpg\",\"contentUrl\":\"https:\/\/sumkcaps.com\/wp-content\/uploads\/2022\/09\/custom_reversible_bucket_hat-1.jpg\",\"width\":800,\"height\":800},{\"@type\":\"BreadcrumbList\",\"@id\":\"https:\/\/sumkcaps.com\/product\/sufox-23938-custom-two-side-reversible-bucket-hats\/#breadcrumb\",\"itemListElement\":[{\"@type\":\"ListItem\",\"position\":1,\"name\":\"Home\",\"item\":\"https:\/\/sumkcaps.com\/\"},{\"@type\":\"ListItem\",\"position\":2,\"name\":\"Products\",\"item\":\"https:\/\/sumkcaps.com\/product\/\"},{\"@type\":\"ListItem\",\"position\":3,\"name\":\"Sumkcaps 23938 Custom Two Side Reversible Bucket Hats\"}]},{\"@type\":\"WebSite\",\"@id\":\"https:\/\/sumkcaps.com\/#website\",\"url\":\"https:\/\/sumkcaps.com\/\",\"name\":\"Sumkcaps-China Original Headwear Manufacturer and Suppliers\",\"description\":\"We are China Cap And Hat Original Factory, whose main business is to custom cap and hat as client&#039;s LOGO. Any cap style, any cap color, any qty, any material and qty is no problem. In one words, any small details can be customized as your request.\",\"publisher\":{\"@id\":\"https:\/\/sumkcaps.com\/#organization\"},\"potentialAction\":[{\"@type\":\"SearchAction\",\"target\":{\"@type\":\"EntryPoint\",\"urlTemplate\":\"https:\/\/sumkcaps.com\/?s={search_term_string}\"},\"query-input\":{\"@type\":\"PropertyValueSpecification\",\"valueRequired\":true,\"valueName\":\"search_term_string\"}}],\"inLanguage\":\"sv-SE\"},{\"@type\":\"Organization\",\"@id\":\"https:\/\/sumkcaps.com\/#organization\",\"name\":\"Sumkcaps-China Original Headwear Manufacturer and Suppliers\",\"url\":\"https:\/\/sumkcaps.com\/\",\"logo\":{\"@type\":\"ImageObject\",\"inLanguage\":\"sv-SE\",\"@id\":\"https:\/\/sumkcaps.com\/#\/schema\/logo\/image\/\",\"url\":\"https:\/\/sumkcaps.com\/wp-content\/uploads\/2025\/12\/1234.jpg\",\"contentUrl\":\"https:\/\/sumkcaps.com\/wp-content\/uploads\/2025\/12\/1234.jpg\",\"width\":800,\"height\":800,\"caption\":\"Sumkcaps-China Original Headwear Manufacturer and Suppliers\"},\"image\":{\"@id\":\"https:\/\/sumkcaps.com\/#\/schema\/logo\/image\/\"},\"sameAs\":[\"https:\/\/www.facebook.com\/sumkcap\",\"https:\/\/www.instagram.com\/sumkcaps7\/\",\"https:\/\/www.pinterest.com\/sumkcapschina\/\"]}]}<\/script>\n<!-- \/ Yoast SEO Premium plugin. -->","yoast_head_json":{"title":"Anpassade tv\u00e5sidiga v\u00e4ndbara hinkhattar | Kina Tillverkare","description":"Anpassad keps, logotypkeps, varum\u00e4rkeskepsar, skr\u00e4ddarsydda snapback-kepsar, anpassade snapback-basebollhattar. Premium Cap Tillverkare sedan 2006. Best\u00e4ll idag!","robots":{"index":"index","follow":"follow","max-snippet":"max-snippet:-1","max-image-preview":"max-image-preview:large","max-video-preview":"max-video-preview:-1"},"canonical":"https:\/\/sumkcaps.com\/sv\/produkt\/sufox-23938-custom-vandbara-bucket-hats-med-tva-sidor\/","og_locale":"sv_SE","og_type":"article","og_title":"Sumkcaps 23938 Custom Two Side Reversible Bucket Hats - Sumkcaps","og_description":"Custom Cap, Logo Cap, Brand Caps, Custom Made Snapback Caps, Custom Snapback Baseball Hats. Premium Cap Manufacturer since 2006. Order Today!","og_url":"https:\/\/sumkcaps.com\/sv\/produkt\/sufox-23938-custom-vandbara-bucket-hats-med-tva-sidor\/","og_site_name":"Sumkcaps-China Original Headwear Manufacturer and Suppliers","article_publisher":"https:\/\/www.facebook.com\/sumkcap","article_modified_time":"2026-01-12T02:07:57+00:00","og_image":[{"width":800,"height":800,"url":"https:\/\/sumkcaps.com\/wp-content\/uploads\/2022\/09\/custom_reversible_bucket_hat-1.jpg","type":"image\/jpeg"}],"twitter_card":"summary_large_image","twitter_misc":{"Ber\u00e4knad l\u00e4stid":"2 minuter"},"schema":{"@context":"https:\/\/schema.org","@graph":[{"@type":"WebPage","@id":"https:\/\/sumkcaps.com\/product\/sufox-23938-custom-two-side-reversible-bucket-hats\/","url":"https:\/\/sumkcaps.com\/product\/sufox-23938-custom-two-side-reversible-bucket-hats\/","name":"Anpassade tv\u00e5sidiga v\u00e4ndbara hinkhattar | Kina Tillverkare","isPartOf":{"@id":"https:\/\/sumkcaps.com\/#website"},"primaryImageOfPage":{"@id":"https:\/\/sumkcaps.com\/product\/sufox-23938-custom-two-side-reversible-bucket-hats\/#primaryimage"},"image":{"@id":"https:\/\/sumkcaps.com\/product\/sufox-23938-custom-two-side-reversible-bucket-hats\/#primaryimage"},"thumbnailUrl":"https:\/\/sumkcaps.com\/wp-content\/uploads\/2022\/09\/custom_reversible_bucket_hat-1.jpg","datePublished":"2022-09-29T05:25:54+00:00","dateModified":"2026-01-12T02:07:57+00:00","description":"Anpassad keps, logotypkeps, varum\u00e4rkeskepsar, skr\u00e4ddarsydda snapback-kepsar, anpassade snapback-basebollhattar. Premium Cap Tillverkare sedan 2006. Best\u00e4ll idag!","breadcrumb":{"@id":"https:\/\/sumkcaps.com\/product\/sufox-23938-custom-two-side-reversible-bucket-hats\/#breadcrumb"},"inLanguage":"sv-SE","potentialAction":[{"@type":"ReadAction","target":["https:\/\/sumkcaps.com\/product\/sufox-23938-custom-two-side-reversible-bucket-hats\/"]}]},{"@type":"ImageObject","inLanguage":"sv-SE","@id":"https:\/\/sumkcaps.com\/product\/sufox-23938-custom-two-side-reversible-bucket-hats\/#primaryimage","url":"https:\/\/sumkcaps.com\/wp-content\/uploads\/2022\/09\/custom_reversible_bucket_hat-1.jpg","contentUrl":"https:\/\/sumkcaps.com\/wp-content\/uploads\/2022\/09\/custom_reversible_bucket_hat-1.jpg","width":800,"height":800},{"@type":"BreadcrumbList","@id":"https:\/\/sumkcaps.com\/product\/sufox-23938-custom-two-side-reversible-bucket-hats\/#breadcrumb","itemListElement":[{"@type":"ListItem","position":1,"name":"Home","item":"https:\/\/sumkcaps.com\/"},{"@type":"ListItem","position":2,"name":"Products","item":"https:\/\/sumkcaps.com\/product\/"},{"@type":"ListItem","position":3,"name":"Sumkcaps 23938 Custom Two Side Reversible Bucket Hats"}]},{"@type":"WebSite","@id":"https:\/\/sumkcaps.com\/#website","url":"https:\/\/sumkcaps.com\/","name":"Sumkcaps - tillverkare och leverant\u00f6rer av originalhuvudbonader i Kina","description":"Vi \u00e4r China Cap And Hat Original Factory, vars huvudsakliga verksamhet \u00e4r att anpassa m\u00f6ssa och hatt som klient &amp; #03939; s LOGO. Vilken keps som helst, vilken kepsf\u00e4rg som helst, vilket antal som helst, vilket material som helst och antal \u00e4r inget problem. Med ett ord kan alla sm\u00e5 detaljer anpassas efter din beg\u00e4ran.","publisher":{"@id":"https:\/\/sumkcaps.com\/#organization"},"potentialAction":[{"@type":"SearchAction","target":{"@type":"EntryPoint","urlTemplate":"https:\/\/sumkcaps.com\/?s={search_term_string}"},"query-input":{"@type":"PropertyValueSpecification","valueRequired":true,"valueName":"search_term_string"}}],"inLanguage":"sv-SE"},{"@type":"Organization","@id":"https:\/\/sumkcaps.com\/#organization","name":"Sumkcaps - tillverkare och leverant\u00f6rer av originalhuvudbonader i Kina","url":"https:\/\/sumkcaps.com\/","logo":{"@type":"ImageObject","inLanguage":"sv-SE","@id":"https:\/\/sumkcaps.com\/#\/schema\/logo\/image\/","url":"https:\/\/sumkcaps.com\/wp-content\/uploads\/2025\/12\/1234.jpg","contentUrl":"https:\/\/sumkcaps.com\/wp-content\/uploads\/2025\/12\/1234.jpg","width":800,"height":800,"caption":"Sumkcaps-China Original Headwear Manufacturer and Suppliers"},"image":{"@id":"https:\/\/sumkcaps.com\/#\/schema\/logo\/image\/"},"sameAs":["https:\/\/www.facebook.com\/sumkcap","https:\/\/www.instagram.com\/sumkcaps7\/","https:\/\/www.pinterest.com\/sumkcapschina\/"]}]}},"taxonomy_info":{"product_cat":[{"value":55,"label":"Bucket Hat Wholesale"}]},"featured_image_src_large":["https:\/\/sumkcaps.com\/wp-content\/uploads\/2022\/09\/custom_reversible_bucket_hat-1.jpg",800,800,false],"author_info":[],"comment_info":"","_links":{"self":[{"href":"https:\/\/sumkcaps.com\/sv\/wp-json\/wp\/v2\/product\/15921","targetHints":{"allow":["GET"]}}],"collection":[{"href":"https:\/\/sumkcaps.com\/sv\/wp-json\/wp\/v2\/product"}],"about":[{"href":"https:\/\/sumkcaps.com\/sv\/wp-json\/wp\/v2\/types\/product"}],"wp:featuredmedia":[{"embeddable":true,"href":"https:\/\/sumkcaps.com\/sv\/wp-json\/wp\/v2\/media\/15922"}],"wp:attachment":[{"href":"https:\/\/sumkcaps.com\/sv\/wp-json\/wp\/v2\/media?parent=15921"}],"wp:term":[{"taxonomy":"product_brand","embeddable":true,"href":"https:\/\/sumkcaps.com\/sv\/wp-json\/wp\/v2\/product_brand?post=15921"},{"taxonomy":"product_cat","embeddable":true,"href":"https:\/\/sumkcaps.com\/sv\/wp-json\/wp\/v2\/product_cat?post=15921"},{"taxonomy":"product_tag","embeddable":true,"href":"https:\/\/sumkcaps.com\/sv\/wp-json\/wp\/v2\/product_tag?post=15921"}],"curies":[{"name":"wp","href":"https:\/\/api.w.org\/{rel}","templated":true}]}}