{"id":15851,"date":"2022-09-29T10:35:07","date_gmt":"2022-09-29T02:35:07","guid":{"rendered":"https:\/\/sumkcaps.com\/?post_type=product&#038;p=15851"},"modified":"2026-04-03T09:58:31","modified_gmt":"2026-04-03T01:58:31","slug":"sufox-23930-custom-3d-embroidered-six-panel-snapback-cap","status":"publish","type":"product","link":"https:\/\/sumkcaps.com\/sv\/produkt\/sufox-23930-custom-3d-broderad-snapback-keps-med-sex-paneler\/","title":{"rendered":"Sumkcaps 23930 Custom 3D-broderad Snapback-keps med sex paneler"},"content":{"rendered":"<h3 data-section-id=\"1o0wlg4\" data-start=\"141\" data-end=\"177\"><span role=\"text\"><strong data-start=\"145\" data-end=\"175\">Dekoration<\/strong><\/span><\/h3>\n<p data-start=\"178\" data-end=\"460\">This cap features premium 3D embroidery, delivering a raised and textured logo that enhances depth and visual appeal. The technique ensures long-lasting durability and a bold, high-end look, making it ideal for branding, streetwear collections, and eye-catching promotional designs.<\/p>\n<h3 data-section-id=\"1p2br5x\" data-start=\"467\" data-end=\"500\"><span role=\"text\"><strong data-start=\"471\" data-end=\"498\">Material<\/strong><\/span><\/h3>\n<p data-start=\"501\" data-end=\"774\">Constructed from 100% acrylic, this snapback cap offers excellent durability and shape retention. The material is lightweight yet sturdy, resistant to wrinkles, and easy to maintain, ensuring consistent structure and comfort for everyday wear across different environments.<\/p>\n<h3 data-section-id=\"slu0w9\" data-start=\"781\" data-end=\"809\"><span role=\"text\"><strong data-start=\"785\" data-end=\"807\">F\u00e4rg<\/strong><\/span><\/h3>\n<p data-start=\"810\" data-end=\"1079\">The cap is fully customizable in color, allowing you to match Pantone shades or create unique combinations. This flexibility helps brands express their identity clearly, making it suitable for seasonal collections, promotional events, or distinctive fashion statements.<\/p>\n<h3 data-section-id=\"1ujt2bk\" data-start=\"1086\" data-end=\"1125\"><span role=\"text\"><strong data-start=\"1090\" data-end=\"1123\">Passform och storlek<\/strong><\/span><\/h3>\n<p data-start=\"1126\" data-end=\"1374\">Designed with an adjustable snapback closure, this cap provides a one-size-fits-most fit ranging from 7 to 7 3\/4. It ensures a secure and comfortable fit for a wide audience, making it an excellent option for bulk orders and diverse customer needs.<\/p>\n<h3 data-section-id=\"3asju8\" data-start=\"1381\" data-end=\"1408\"><span role=\"text\"><strong data-start=\"1385\" data-end=\"1406\">Visir<\/strong><\/span><\/h3>\n<p data-start=\"1409\" data-end=\"1639\">The flat bill visor gives the cap a modern, structured appearance that aligns with current streetwear trends. It maintains its shape over time while offering practical sun protection, combining style and function for everyday use.<\/p>\n<h3 data-section-id=\"3nymbz\" data-start=\"1646\" data-end=\"1675\"><span role=\"text\"><strong data-start=\"1650\" data-end=\"1673\">Service<\/strong><\/span><\/h3>\n<p data-start=\"1676\" data-end=\"1918\">We provide comprehensive OEM and ODM services, supporting custom logos, materials, colors, and packaging. From concept to production, our team ensures high-quality execution and efficient communication to meet your brand\u2019s exact requirements.<\/p>\n<h3 data-section-id=\"1mx9aa5\" data-start=\"1925\" data-end=\"1950\"><span role=\"text\"><strong data-start=\"1929\" data-end=\"1948\">Genomf\u00f6randetid<\/strong><\/span><\/h3>\n<p data-start=\"1951\" data-end=\"2191\" data-is-last-node=\"\" data-is-only-node=\"\">Our streamlined production process guarantees fast and reliable delivery. Samples are completed within 7\u20139 working days, while bulk production takes 18\u201322 working days, helping you meet tight deadlines and respond quickly to market demands.<\/p>","protected":false},"excerpt":{"rendered":"<p>Sumkcaps 23930 Custom 3D-broderad sexpanel Snapback Cap \u00e4r en av popul\u00e4ra Cap Style, l\u00e4tt vikt och andas v\u00e4l. V\u00e5ra Snapbacks kommer i en m\u00e4ngd olika stilar och f\u00e4rger fr\u00e5n alla de b\u00e4sta varum\u00e4rkena.<\/p>","protected":false},"featured_media":15852,"template":"","meta":{"_acf_changed":false,"_kad_blocks_custom_css":"","_kad_blocks_head_custom_js":"","_kad_blocks_body_custom_js":"","_kad_blocks_footer_custom_js":""},"product_brand":[],"product_cat":[42],"product_tag":[],"class_list":{"0":"post-15851","1":"product","2":"type-product","3":"status-publish","4":"has-post-thumbnail","6":"product_cat-snapback-cap","8":"first","9":"outofstock","10":"shipping-taxable","11":"product-type-simple"},"acf":[],"yoast_head":"<!-- This site is optimized with the Yoast SEO Premium plugin v20.8 (Yoast SEO v25.9) - https:\/\/yoast.com\/wordpress\/plugins\/seo\/ -->\n<title>Custom 3D Embroidered Snapback Cap | China Manufactuer<\/title>\n<meta name=\"description\" content=\"We are dedicated to manufacturing Premium Custom Caps, beanies and bucket hats. Patches available. Many custom options. Save Your 75% Budget!\" \/>\n<meta name=\"robots\" content=\"index, follow, max-snippet:-1, max-image-preview:large, max-video-preview:-1\" \/>\n<link rel=\"canonical\" href=\"https:\/\/sumkcaps.com\/sv\/produkt\/sufox-23930-custom-3d-broderad-snapback-keps-med-sex-paneler\/\" \/>\n<meta property=\"og:locale\" content=\"sv_SE\" \/>\n<meta property=\"og:type\" content=\"article\" \/>\n<meta property=\"og:title\" content=\"Sumkcaps 23930 Custom 3D Embroidered Six Panel Snapback Cap - Sumkcaps\" \/>\n<meta property=\"og:description\" content=\"We are dedicated to manufacturing Premium Custom Caps, beanies and bucket hats. Patches available. Many custom options. Save Your 75% Budget!\" \/>\n<meta property=\"og:url\" content=\"https:\/\/sumkcaps.com\/sv\/produkt\/sufox-23930-custom-3d-broderad-snapback-keps-med-sex-paneler\/\" \/>\n<meta property=\"og:site_name\" content=\"Sumkcaps-China Original Headwear Manufacturer and Suppliers\" \/>\n<meta property=\"article:publisher\" content=\"https:\/\/www.facebook.com\/sumkcap\" \/>\n<meta property=\"article:modified_time\" content=\"2026-04-03T01:58:31+00:00\" \/>\n<meta property=\"og:image\" content=\"https:\/\/sumkcaps.com\/wp-content\/uploads\/2022\/09\/custom_logo_6_panel_snapback_cap-1.jpg\" \/>\n\t<meta property=\"og:image:width\" content=\"800\" \/>\n\t<meta property=\"og:image:height\" content=\"800\" \/>\n\t<meta property=\"og:image:type\" content=\"image\/jpeg\" \/>\n<meta name=\"twitter:card\" content=\"summary_large_image\" \/>\n<meta name=\"twitter:label1\" content=\"Ber\u00e4knad l\u00e4stid\" \/>\n\t<meta name=\"twitter:data1\" content=\"2 minuter\" \/>\n<script type=\"application\/ld+json\" class=\"yoast-schema-graph\">{\"@context\":\"https:\/\/schema.org\",\"@graph\":[{\"@type\":\"WebPage\",\"@id\":\"https:\/\/sumkcaps.com\/product\/sufox-23930-custom-3d-embroidered-six-panel-snapback-cap\/\",\"url\":\"https:\/\/sumkcaps.com\/product\/sufox-23930-custom-3d-embroidered-six-panel-snapback-cap\/\",\"name\":\"Custom 3D Embroidered Snapback Cap | China Manufactuer\",\"isPartOf\":{\"@id\":\"https:\/\/sumkcaps.com\/#website\"},\"primaryImageOfPage\":{\"@id\":\"https:\/\/sumkcaps.com\/product\/sufox-23930-custom-3d-embroidered-six-panel-snapback-cap\/#primaryimage\"},\"image\":{\"@id\":\"https:\/\/sumkcaps.com\/product\/sufox-23930-custom-3d-embroidered-six-panel-snapback-cap\/#primaryimage\"},\"thumbnailUrl\":\"https:\/\/sumkcaps.com\/wp-content\/uploads\/2022\/09\/custom_logo_6_panel_snapback_cap-1.jpg\",\"datePublished\":\"2022-09-29T02:35:07+00:00\",\"dateModified\":\"2026-04-03T01:58:31+00:00\",\"description\":\"We are dedicated to manufacturing Premium Custom Caps, beanies and bucket hats. Patches available. Many custom options. Save Your 75% Budget!\",\"breadcrumb\":{\"@id\":\"https:\/\/sumkcaps.com\/product\/sufox-23930-custom-3d-embroidered-six-panel-snapback-cap\/#breadcrumb\"},\"inLanguage\":\"sv-SE\",\"potentialAction\":[{\"@type\":\"ReadAction\",\"target\":[\"https:\/\/sumkcaps.com\/product\/sufox-23930-custom-3d-embroidered-six-panel-snapback-cap\/\"]}]},{\"@type\":\"ImageObject\",\"inLanguage\":\"sv-SE\",\"@id\":\"https:\/\/sumkcaps.com\/product\/sufox-23930-custom-3d-embroidered-six-panel-snapback-cap\/#primaryimage\",\"url\":\"https:\/\/sumkcaps.com\/wp-content\/uploads\/2022\/09\/custom_logo_6_panel_snapback_cap-1.jpg\",\"contentUrl\":\"https:\/\/sumkcaps.com\/wp-content\/uploads\/2022\/09\/custom_logo_6_panel_snapback_cap-1.jpg\",\"width\":800,\"height\":800},{\"@type\":\"BreadcrumbList\",\"@id\":\"https:\/\/sumkcaps.com\/product\/sufox-23930-custom-3d-embroidered-six-panel-snapback-cap\/#breadcrumb\",\"itemListElement\":[{\"@type\":\"ListItem\",\"position\":1,\"name\":\"Home\",\"item\":\"https:\/\/sumkcaps.com\/\"},{\"@type\":\"ListItem\",\"position\":2,\"name\":\"Products\",\"item\":\"https:\/\/sumkcaps.com\/product\/\"},{\"@type\":\"ListItem\",\"position\":3,\"name\":\"Sumkcaps 23930 Custom 3D Embroidered Six Panel Snapback Cap\"}]},{\"@type\":\"WebSite\",\"@id\":\"https:\/\/sumkcaps.com\/#website\",\"url\":\"https:\/\/sumkcaps.com\/\",\"name\":\"Sumkcaps-China Original Headwear Manufacturer and Suppliers\",\"description\":\"We are China Cap And Hat Original Factory, whose main business is to custom cap and hat as client&#039;s LOGO. Any cap style, any cap color, any qty, any material and qty is no problem. In one words, any small details can be customized as your request.\",\"publisher\":{\"@id\":\"https:\/\/sumkcaps.com\/#organization\"},\"potentialAction\":[{\"@type\":\"SearchAction\",\"target\":{\"@type\":\"EntryPoint\",\"urlTemplate\":\"https:\/\/sumkcaps.com\/?s={search_term_string}\"},\"query-input\":{\"@type\":\"PropertyValueSpecification\",\"valueRequired\":true,\"valueName\":\"search_term_string\"}}],\"inLanguage\":\"sv-SE\"},{\"@type\":\"Organization\",\"@id\":\"https:\/\/sumkcaps.com\/#organization\",\"name\":\"Sumkcaps-China Original Headwear Manufacturer and Suppliers\",\"url\":\"https:\/\/sumkcaps.com\/\",\"logo\":{\"@type\":\"ImageObject\",\"inLanguage\":\"sv-SE\",\"@id\":\"https:\/\/sumkcaps.com\/#\/schema\/logo\/image\/\",\"url\":\"https:\/\/sumkcaps.com\/wp-content\/uploads\/2025\/12\/1234.jpg\",\"contentUrl\":\"https:\/\/sumkcaps.com\/wp-content\/uploads\/2025\/12\/1234.jpg\",\"width\":800,\"height\":800,\"caption\":\"Sumkcaps-China Original Headwear Manufacturer and Suppliers\"},\"image\":{\"@id\":\"https:\/\/sumkcaps.com\/#\/schema\/logo\/image\/\"},\"sameAs\":[\"https:\/\/www.facebook.com\/sumkcap\",\"https:\/\/www.instagram.com\/sumkcaps7\/\",\"https:\/\/www.pinterest.com\/sumkcapschina\/\"]}]}<\/script>\n<!-- \/ Yoast SEO Premium plugin. -->","yoast_head_json":{"title":"Anpassad 3D-broderad Snapback-keps | Kina Tillverkare","description":"Vi \u00e4r dedikerade till att tillverka premium anpassade kepsar, m\u00f6ssor och hinkhattar. Patchar tillg\u00e4ngliga. M\u00e5nga anpassade alternativ. Spara din 75%-budget!","robots":{"index":"index","follow":"follow","max-snippet":"max-snippet:-1","max-image-preview":"max-image-preview:large","max-video-preview":"max-video-preview:-1"},"canonical":"https:\/\/sumkcaps.com\/sv\/produkt\/sufox-23930-custom-3d-broderad-snapback-keps-med-sex-paneler\/","og_locale":"sv_SE","og_type":"article","og_title":"Sumkcaps 23930 Custom 3D Embroidered Six Panel Snapback Cap - Sumkcaps","og_description":"We are dedicated to manufacturing Premium Custom Caps, beanies and bucket hats. Patches available. Many custom options. Save Your 75% Budget!","og_url":"https:\/\/sumkcaps.com\/sv\/produkt\/sufox-23930-custom-3d-broderad-snapback-keps-med-sex-paneler\/","og_site_name":"Sumkcaps-China Original Headwear Manufacturer and Suppliers","article_publisher":"https:\/\/www.facebook.com\/sumkcap","article_modified_time":"2026-04-03T01:58:31+00:00","og_image":[{"width":800,"height":800,"url":"https:\/\/sumkcaps.com\/wp-content\/uploads\/2022\/09\/custom_logo_6_panel_snapback_cap-1.jpg","type":"image\/jpeg"}],"twitter_card":"summary_large_image","twitter_misc":{"Ber\u00e4knad l\u00e4stid":"2 minuter"},"schema":{"@context":"https:\/\/schema.org","@graph":[{"@type":"WebPage","@id":"https:\/\/sumkcaps.com\/product\/sufox-23930-custom-3d-embroidered-six-panel-snapback-cap\/","url":"https:\/\/sumkcaps.com\/product\/sufox-23930-custom-3d-embroidered-six-panel-snapback-cap\/","name":"Anpassad 3D-broderad Snapback-keps | Kina Tillverkare","isPartOf":{"@id":"https:\/\/sumkcaps.com\/#website"},"primaryImageOfPage":{"@id":"https:\/\/sumkcaps.com\/product\/sufox-23930-custom-3d-embroidered-six-panel-snapback-cap\/#primaryimage"},"image":{"@id":"https:\/\/sumkcaps.com\/product\/sufox-23930-custom-3d-embroidered-six-panel-snapback-cap\/#primaryimage"},"thumbnailUrl":"https:\/\/sumkcaps.com\/wp-content\/uploads\/2022\/09\/custom_logo_6_panel_snapback_cap-1.jpg","datePublished":"2022-09-29T02:35:07+00:00","dateModified":"2026-04-03T01:58:31+00:00","description":"Vi \u00e4r dedikerade till att tillverka premium anpassade kepsar, m\u00f6ssor och hinkhattar. Patchar tillg\u00e4ngliga. M\u00e5nga anpassade alternativ. Spara din 75%-budget!","breadcrumb":{"@id":"https:\/\/sumkcaps.com\/product\/sufox-23930-custom-3d-embroidered-six-panel-snapback-cap\/#breadcrumb"},"inLanguage":"sv-SE","potentialAction":[{"@type":"ReadAction","target":["https:\/\/sumkcaps.com\/product\/sufox-23930-custom-3d-embroidered-six-panel-snapback-cap\/"]}]},{"@type":"ImageObject","inLanguage":"sv-SE","@id":"https:\/\/sumkcaps.com\/product\/sufox-23930-custom-3d-embroidered-six-panel-snapback-cap\/#primaryimage","url":"https:\/\/sumkcaps.com\/wp-content\/uploads\/2022\/09\/custom_logo_6_panel_snapback_cap-1.jpg","contentUrl":"https:\/\/sumkcaps.com\/wp-content\/uploads\/2022\/09\/custom_logo_6_panel_snapback_cap-1.jpg","width":800,"height":800},{"@type":"BreadcrumbList","@id":"https:\/\/sumkcaps.com\/product\/sufox-23930-custom-3d-embroidered-six-panel-snapback-cap\/#breadcrumb","itemListElement":[{"@type":"ListItem","position":1,"name":"Home","item":"https:\/\/sumkcaps.com\/"},{"@type":"ListItem","position":2,"name":"Products","item":"https:\/\/sumkcaps.com\/product\/"},{"@type":"ListItem","position":3,"name":"Sumkcaps 23930 Custom 3D Embroidered Six Panel Snapback Cap"}]},{"@type":"WebSite","@id":"https:\/\/sumkcaps.com\/#website","url":"https:\/\/sumkcaps.com\/","name":"Sumkcaps - tillverkare och leverant\u00f6rer av originalhuvudbonader i Kina","description":"Vi \u00e4r China Cap And Hat Original Factory, vars huvudsakliga verksamhet \u00e4r att anpassa m\u00f6ssa och hatt som klient &amp; #03939; s LOGO. Vilken keps som helst, vilken kepsf\u00e4rg som helst, vilket antal som helst, vilket material som helst och antal \u00e4r inget problem. Med ett ord kan alla sm\u00e5 detaljer anpassas efter din beg\u00e4ran.","publisher":{"@id":"https:\/\/sumkcaps.com\/#organization"},"potentialAction":[{"@type":"SearchAction","target":{"@type":"EntryPoint","urlTemplate":"https:\/\/sumkcaps.com\/?s={search_term_string}"},"query-input":{"@type":"PropertyValueSpecification","valueRequired":true,"valueName":"search_term_string"}}],"inLanguage":"sv-SE"},{"@type":"Organization","@id":"https:\/\/sumkcaps.com\/#organization","name":"Sumkcaps - tillverkare och leverant\u00f6rer av originalhuvudbonader i Kina","url":"https:\/\/sumkcaps.com\/","logo":{"@type":"ImageObject","inLanguage":"sv-SE","@id":"https:\/\/sumkcaps.com\/#\/schema\/logo\/image\/","url":"https:\/\/sumkcaps.com\/wp-content\/uploads\/2025\/12\/1234.jpg","contentUrl":"https:\/\/sumkcaps.com\/wp-content\/uploads\/2025\/12\/1234.jpg","width":800,"height":800,"caption":"Sumkcaps-China Original Headwear Manufacturer and Suppliers"},"image":{"@id":"https:\/\/sumkcaps.com\/#\/schema\/logo\/image\/"},"sameAs":["https:\/\/www.facebook.com\/sumkcap","https:\/\/www.instagram.com\/sumkcaps7\/","https:\/\/www.pinterest.com\/sumkcapschina\/"]}]}},"taxonomy_info":{"product_cat":[{"value":42,"label":"Snapback Hats Wholesale"}]},"featured_image_src_large":["https:\/\/sumkcaps.com\/wp-content\/uploads\/2022\/09\/custom_logo_6_panel_snapback_cap-1.jpg",800,800,false],"author_info":[],"comment_info":"","_links":{"self":[{"href":"https:\/\/sumkcaps.com\/sv\/wp-json\/wp\/v2\/product\/15851","targetHints":{"allow":["GET"]}}],"collection":[{"href":"https:\/\/sumkcaps.com\/sv\/wp-json\/wp\/v2\/product"}],"about":[{"href":"https:\/\/sumkcaps.com\/sv\/wp-json\/wp\/v2\/types\/product"}],"wp:featuredmedia":[{"embeddable":true,"href":"https:\/\/sumkcaps.com\/sv\/wp-json\/wp\/v2\/media\/15852"}],"wp:attachment":[{"href":"https:\/\/sumkcaps.com\/sv\/wp-json\/wp\/v2\/media?parent=15851"}],"wp:term":[{"taxonomy":"product_brand","embeddable":true,"href":"https:\/\/sumkcaps.com\/sv\/wp-json\/wp\/v2\/product_brand?post=15851"},{"taxonomy":"product_cat","embeddable":true,"href":"https:\/\/sumkcaps.com\/sv\/wp-json\/wp\/v2\/product_cat?post=15851"},{"taxonomy":"product_tag","embeddable":true,"href":"https:\/\/sumkcaps.com\/sv\/wp-json\/wp\/v2\/product_tag?post=15851"}],"curies":[{"name":"wp","href":"https:\/\/api.w.org\/{rel}","templated":true}]}}