{"id":15603,"date":"2022-09-25T00:06:55","date_gmt":"2022-09-24T16:06:55","guid":{"rendered":"https:\/\/sumkcaps.com\/?post_type=product&#038;p=15603"},"modified":"2024-05-08T14:35:28","modified_gmt":"2024-05-08T06:35:28","slug":"china-factory-custom-high-quality-camo-distressed-dad-hat","status":"publish","type":"product","link":"https:\/\/sumkcaps.com\/sv\/produkt\/kina-fabriksanpassad-hogkvalitativ-camo-distressed-dad-hat\/","title":{"rendered":"Anpassad h\u00f6g kvalitet Camo Distressed Dad Hat Wholesale"},"content":{"rendered":"","protected":false},"excerpt":{"rendered":"<p>6-Panel Distressed Dad Hat \u00e4r en superpopul\u00e4r keps stil, mjuk och bekv\u00e4m. Visst kan ocks\u00e5 anpassas efter din beg\u00e4ran. Logotyp, storlek, f\u00e4rg etc kan alla anpassas.<\/p>\n<p>Toppkvalitet eller kampanjkvalitet Allt \u00e4r inget problem.<\/p>","protected":false},"featured_media":15598,"template":"","meta":{"_acf_changed":false,"_kad_blocks_custom_css":"","_kad_blocks_head_custom_js":"","_kad_blocks_body_custom_js":"","_kad_blocks_footer_custom_js":""},"product_brand":[],"product_cat":[695,955,952],"product_tag":[],"class_list":{"0":"post-15603","1":"product","2":"type-product","3":"status-publish","4":"has-post-thumbnail","6":"product_cat-dad-cap","7":"product_cat-camo-dad-hat-wholesale","8":"product_cat-custom-distressed-dad-hat-wholesale","10":"first","11":"outofstock","12":"shipping-taxable","13":"product-type-simple"},"acf":[],"yoast_head":"<!-- This site is optimized with the Yoast SEO Premium plugin v20.8 (Yoast SEO v25.9) - https:\/\/yoast.com\/wordpress\/plugins\/seo\/ -->\n<title>China Factory Custom High Quality Camo Distressed Dad Hat<\/title>\n<meta name=\"description\" content=\"We are able to Camo Distressed Dad Hat Supplier as your logo. 100pcs minimum, any material, any logo, any size, any color can be customized as your request.\" \/>\n<meta name=\"robots\" content=\"index, follow, max-snippet:-1, max-image-preview:large, max-video-preview:-1\" \/>\n<link rel=\"canonical\" href=\"https:\/\/sumkcaps.com\/sv\/produkt\/kina-fabriksanpassad-hogkvalitativ-camo-distressed-dad-hat\/\" \/>\n<meta property=\"og:locale\" content=\"sv_SE\" \/>\n<meta property=\"og:type\" content=\"article\" \/>\n<meta property=\"og:title\" content=\"Custom High Quality Camo Distressed Dad Hat Wholesale - Sumkcaps\" \/>\n<meta property=\"og:description\" content=\"We are able to Camo Distressed Dad Hat Supplier as your logo. 100pcs minimum, any material, any logo, any size, any color can be customized as your request.\" \/>\n<meta property=\"og:url\" content=\"https:\/\/sumkcaps.com\/sv\/produkt\/kina-fabriksanpassad-hogkvalitativ-camo-distressed-dad-hat\/\" \/>\n<meta property=\"og:site_name\" content=\"Sumkcaps-China Original Headwear Manufacturer and Suppliers\" \/>\n<meta property=\"article:publisher\" content=\"https:\/\/www.facebook.com\/sumkcap\" \/>\n<meta property=\"article:modified_time\" content=\"2024-05-08T06:35:28+00:00\" \/>\n<meta property=\"og:image\" content=\"https:\/\/sumkcaps.com\/wp-content\/uploads\/2022\/09\/camo_dad_hat-1.jpg\" \/>\n\t<meta property=\"og:image:width\" content=\"2044\" \/>\n\t<meta property=\"og:image:height\" content=\"1665\" \/>\n\t<meta property=\"og:image:type\" content=\"image\/jpeg\" \/>\n<meta name=\"twitter:card\" content=\"summary_large_image\" \/>\n<script type=\"application\/ld+json\" class=\"yoast-schema-graph\">{\"@context\":\"https:\/\/schema.org\",\"@graph\":[{\"@type\":\"WebPage\",\"@id\":\"https:\/\/sumkcaps.com\/product\/china-factory-custom-high-quality-camo-distressed-dad-hat\/\",\"url\":\"https:\/\/sumkcaps.com\/product\/china-factory-custom-high-quality-camo-distressed-dad-hat\/\",\"name\":\"China Factory Custom High Quality Camo Distressed Dad Hat\",\"isPartOf\":{\"@id\":\"https:\/\/sumkcaps.com\/#website\"},\"primaryImageOfPage\":{\"@id\":\"https:\/\/sumkcaps.com\/product\/china-factory-custom-high-quality-camo-distressed-dad-hat\/#primaryimage\"},\"image\":{\"@id\":\"https:\/\/sumkcaps.com\/product\/china-factory-custom-high-quality-camo-distressed-dad-hat\/#primaryimage\"},\"thumbnailUrl\":\"https:\/\/sumkcaps.com\/wp-content\/uploads\/2022\/09\/camo_dad_hat-1.jpg\",\"datePublished\":\"2022-09-24T16:06:55+00:00\",\"dateModified\":\"2024-05-08T06:35:28+00:00\",\"description\":\"We are able to Camo Distressed Dad Hat Supplier as your logo. 100pcs minimum, any material, any logo, any size, any color can be customized as your request.\",\"breadcrumb\":{\"@id\":\"https:\/\/sumkcaps.com\/product\/china-factory-custom-high-quality-camo-distressed-dad-hat\/#breadcrumb\"},\"inLanguage\":\"sv-SE\",\"potentialAction\":[{\"@type\":\"ReadAction\",\"target\":[\"https:\/\/sumkcaps.com\/product\/china-factory-custom-high-quality-camo-distressed-dad-hat\/\"]}]},{\"@type\":\"ImageObject\",\"inLanguage\":\"sv-SE\",\"@id\":\"https:\/\/sumkcaps.com\/product\/china-factory-custom-high-quality-camo-distressed-dad-hat\/#primaryimage\",\"url\":\"https:\/\/sumkcaps.com\/wp-content\/uploads\/2022\/09\/camo_dad_hat-1.jpg\",\"contentUrl\":\"https:\/\/sumkcaps.com\/wp-content\/uploads\/2022\/09\/camo_dad_hat-1.jpg\",\"width\":2044,\"height\":1665,\"caption\":\"Dad Hat\"},{\"@type\":\"BreadcrumbList\",\"@id\":\"https:\/\/sumkcaps.com\/product\/china-factory-custom-high-quality-camo-distressed-dad-hat\/#breadcrumb\",\"itemListElement\":[{\"@type\":\"ListItem\",\"position\":1,\"name\":\"Home\",\"item\":\"https:\/\/sumkcaps.com\/\"},{\"@type\":\"ListItem\",\"position\":2,\"name\":\"Products\",\"item\":\"https:\/\/sumkcaps.com\/product\/\"},{\"@type\":\"ListItem\",\"position\":3,\"name\":\"Custom High Quality Camo Distressed Dad Hat Wholesale\"}]},{\"@type\":\"WebSite\",\"@id\":\"https:\/\/sumkcaps.com\/#website\",\"url\":\"https:\/\/sumkcaps.com\/\",\"name\":\"Sumkcaps-China Original Headwear Manufacturer and Suppliers\",\"description\":\"We are China Cap And Hat Original Factory, whose main business is to custom cap and hat as client&#039;s LOGO. Any cap style, any cap color, any qty, any material and qty is no problem. In one words, any small details can be customized as your request.\",\"publisher\":{\"@id\":\"https:\/\/sumkcaps.com\/#organization\"},\"potentialAction\":[{\"@type\":\"SearchAction\",\"target\":{\"@type\":\"EntryPoint\",\"urlTemplate\":\"https:\/\/sumkcaps.com\/?s={search_term_string}\"},\"query-input\":{\"@type\":\"PropertyValueSpecification\",\"valueRequired\":true,\"valueName\":\"search_term_string\"}}],\"inLanguage\":\"sv-SE\"},{\"@type\":\"Organization\",\"@id\":\"https:\/\/sumkcaps.com\/#organization\",\"name\":\"Sumkcaps-China Original Headwear Manufacturer and Suppliers\",\"url\":\"https:\/\/sumkcaps.com\/\",\"logo\":{\"@type\":\"ImageObject\",\"inLanguage\":\"sv-SE\",\"@id\":\"https:\/\/sumkcaps.com\/#\/schema\/logo\/image\/\",\"url\":\"https:\/\/sumkcaps.com\/wp-content\/uploads\/2025\/12\/1234.jpg\",\"contentUrl\":\"https:\/\/sumkcaps.com\/wp-content\/uploads\/2025\/12\/1234.jpg\",\"width\":800,\"height\":800,\"caption\":\"Sumkcaps-China Original Headwear Manufacturer and Suppliers\"},\"image\":{\"@id\":\"https:\/\/sumkcaps.com\/#\/schema\/logo\/image\/\"},\"sameAs\":[\"https:\/\/www.facebook.com\/sumkcap\",\"https:\/\/www.instagram.com\/sumkcaps7\/\",\"https:\/\/www.pinterest.com\/sumkcapschina\/\"]}]}<\/script>\n<!-- \/ Yoast SEO Premium plugin. -->","yoast_head_json":{"title":"Kina Fabriksanpassad h\u00f6gkvalitativ Camo Distressed Dad Hat","description":"Vi kan Camo Distressed Dad Hat Leverant\u00f6r som din logotyp. 100st minimum, vilket material som helst, vilken logotyp som helst, vilken storlek som helst, vilken f\u00e4rg som helst kan anpassas efter din beg\u00e4ran.","robots":{"index":"index","follow":"follow","max-snippet":"max-snippet:-1","max-image-preview":"max-image-preview:large","max-video-preview":"max-video-preview:-1"},"canonical":"https:\/\/sumkcaps.com\/sv\/produkt\/kina-fabriksanpassad-hogkvalitativ-camo-distressed-dad-hat\/","og_locale":"sv_SE","og_type":"article","og_title":"Custom High Quality Camo Distressed Dad Hat Wholesale - Sumkcaps","og_description":"We are able to Camo Distressed Dad Hat Supplier as your logo. 100pcs minimum, any material, any logo, any size, any color can be customized as your request.","og_url":"https:\/\/sumkcaps.com\/sv\/produkt\/kina-fabriksanpassad-hogkvalitativ-camo-distressed-dad-hat\/","og_site_name":"Sumkcaps-China Original Headwear Manufacturer and Suppliers","article_publisher":"https:\/\/www.facebook.com\/sumkcap","article_modified_time":"2024-05-08T06:35:28+00:00","og_image":[{"width":2044,"height":1665,"url":"https:\/\/sumkcaps.com\/wp-content\/uploads\/2022\/09\/camo_dad_hat-1.jpg","type":"image\/jpeg"}],"twitter_card":"summary_large_image","schema":{"@context":"https:\/\/schema.org","@graph":[{"@type":"WebPage","@id":"https:\/\/sumkcaps.com\/product\/china-factory-custom-high-quality-camo-distressed-dad-hat\/","url":"https:\/\/sumkcaps.com\/product\/china-factory-custom-high-quality-camo-distressed-dad-hat\/","name":"Kina Fabriksanpassad h\u00f6gkvalitativ Camo Distressed Dad Hat","isPartOf":{"@id":"https:\/\/sumkcaps.com\/#website"},"primaryImageOfPage":{"@id":"https:\/\/sumkcaps.com\/product\/china-factory-custom-high-quality-camo-distressed-dad-hat\/#primaryimage"},"image":{"@id":"https:\/\/sumkcaps.com\/product\/china-factory-custom-high-quality-camo-distressed-dad-hat\/#primaryimage"},"thumbnailUrl":"https:\/\/sumkcaps.com\/wp-content\/uploads\/2022\/09\/camo_dad_hat-1.jpg","datePublished":"2022-09-24T16:06:55+00:00","dateModified":"2024-05-08T06:35:28+00:00","description":"Vi kan Camo Distressed Dad Hat Leverant\u00f6r som din logotyp. 100st minimum, vilket material som helst, vilken logotyp som helst, vilken storlek som helst, vilken f\u00e4rg som helst kan anpassas efter din beg\u00e4ran.","breadcrumb":{"@id":"https:\/\/sumkcaps.com\/product\/china-factory-custom-high-quality-camo-distressed-dad-hat\/#breadcrumb"},"inLanguage":"sv-SE","potentialAction":[{"@type":"ReadAction","target":["https:\/\/sumkcaps.com\/product\/china-factory-custom-high-quality-camo-distressed-dad-hat\/"]}]},{"@type":"ImageObject","inLanguage":"sv-SE","@id":"https:\/\/sumkcaps.com\/product\/china-factory-custom-high-quality-camo-distressed-dad-hat\/#primaryimage","url":"https:\/\/sumkcaps.com\/wp-content\/uploads\/2022\/09\/camo_dad_hat-1.jpg","contentUrl":"https:\/\/sumkcaps.com\/wp-content\/uploads\/2022\/09\/camo_dad_hat-1.jpg","width":2044,"height":1665,"caption":"Dad Hat"},{"@type":"BreadcrumbList","@id":"https:\/\/sumkcaps.com\/product\/china-factory-custom-high-quality-camo-distressed-dad-hat\/#breadcrumb","itemListElement":[{"@type":"ListItem","position":1,"name":"Home","item":"https:\/\/sumkcaps.com\/"},{"@type":"ListItem","position":2,"name":"Products","item":"https:\/\/sumkcaps.com\/product\/"},{"@type":"ListItem","position":3,"name":"Custom High Quality Camo Distressed Dad Hat Wholesale"}]},{"@type":"WebSite","@id":"https:\/\/sumkcaps.com\/#website","url":"https:\/\/sumkcaps.com\/","name":"Sumkcaps - tillverkare och leverant\u00f6rer av originalhuvudbonader i Kina","description":"Vi \u00e4r China Cap And Hat Original Factory, vars huvudsakliga verksamhet \u00e4r att anpassa m\u00f6ssa och hatt som klient &amp; #03939; s LOGO. Vilken keps som helst, vilken kepsf\u00e4rg som helst, vilket antal som helst, vilket material som helst och antal \u00e4r inget problem. Med ett ord kan alla sm\u00e5 detaljer anpassas efter din beg\u00e4ran.","publisher":{"@id":"https:\/\/sumkcaps.com\/#organization"},"potentialAction":[{"@type":"SearchAction","target":{"@type":"EntryPoint","urlTemplate":"https:\/\/sumkcaps.com\/?s={search_term_string}"},"query-input":{"@type":"PropertyValueSpecification","valueRequired":true,"valueName":"search_term_string"}}],"inLanguage":"sv-SE"},{"@type":"Organization","@id":"https:\/\/sumkcaps.com\/#organization","name":"Sumkcaps - tillverkare och leverant\u00f6rer av originalhuvudbonader i Kina","url":"https:\/\/sumkcaps.com\/","logo":{"@type":"ImageObject","inLanguage":"sv-SE","@id":"https:\/\/sumkcaps.com\/#\/schema\/logo\/image\/","url":"https:\/\/sumkcaps.com\/wp-content\/uploads\/2025\/12\/1234.jpg","contentUrl":"https:\/\/sumkcaps.com\/wp-content\/uploads\/2025\/12\/1234.jpg","width":800,"height":800,"caption":"Sumkcaps-China Original Headwear Manufacturer and Suppliers"},"image":{"@id":"https:\/\/sumkcaps.com\/#\/schema\/logo\/image\/"},"sameAs":["https:\/\/www.facebook.com\/sumkcap","https:\/\/www.instagram.com\/sumkcaps7\/","https:\/\/www.pinterest.com\/sumkcapschina\/"]}]}},"taxonomy_info":{"product_cat":[{"value":695,"label":"Dad Hat Wholesale"},{"value":955,"label":"Camo Dad Hat Wholesale"},{"value":952,"label":"Distressed Dad Hat Wholesale"}]},"featured_image_src_large":["https:\/\/sumkcaps.com\/wp-content\/uploads\/2022\/09\/camo_dad_hat-1-1024x834.jpg",800,652,true],"author_info":[],"comment_info":"","_links":{"self":[{"href":"https:\/\/sumkcaps.com\/sv\/wp-json\/wp\/v2\/product\/15603","targetHints":{"allow":["GET"]}}],"collection":[{"href":"https:\/\/sumkcaps.com\/sv\/wp-json\/wp\/v2\/product"}],"about":[{"href":"https:\/\/sumkcaps.com\/sv\/wp-json\/wp\/v2\/types\/product"}],"wp:featuredmedia":[{"embeddable":true,"href":"https:\/\/sumkcaps.com\/sv\/wp-json\/wp\/v2\/media\/15598"}],"wp:attachment":[{"href":"https:\/\/sumkcaps.com\/sv\/wp-json\/wp\/v2\/media?parent=15603"}],"wp:term":[{"taxonomy":"product_brand","embeddable":true,"href":"https:\/\/sumkcaps.com\/sv\/wp-json\/wp\/v2\/product_brand?post=15603"},{"taxonomy":"product_cat","embeddable":true,"href":"https:\/\/sumkcaps.com\/sv\/wp-json\/wp\/v2\/product_cat?post=15603"},{"taxonomy":"product_tag","embeddable":true,"href":"https:\/\/sumkcaps.com\/sv\/wp-json\/wp\/v2\/product_tag?post=15603"}],"curies":[{"name":"wp","href":"https:\/\/api.w.org\/{rel}","templated":true}]}}