{"id":14893,"date":"2022-09-19T14:34:22","date_gmt":"2022-09-19T06:34:22","guid":{"rendered":"https:\/\/sumkcaps.com\/?post_type=product&#038;p=14893"},"modified":"2025-07-09T17:34:15","modified_gmt":"2025-07-09T09:34:15","slug":"sufox-2910-custom-printed-logo-leather-closure-five-panel-hat","status":"publish","type":"product","link":"https:\/\/sumkcaps.com\/sv\/produkt\/sufox-2910-specialtryckt-logotyp-laderstangning-fem-panel-hatt\/","title":{"rendered":"Sumkcaps 2910 Custom Printed Logo L\u00e4derst\u00e4ngning Hatt med fem paneler"},"content":{"rendered":"<h2 data-start=\"784\" data-end=\"839\"><strong data-start=\"790\" data-end=\"839\">Struktur: Design med fem paneler f\u00f6r modern stil<\/strong><\/h2>\n<p data-start=\"840\" data-end=\"1108\">Den <strong data-start=\"844\" data-end=\"869\">silhuett med fem paneler<\/strong> har en platt, s\u00f6ml\u00f6s frontpanel - perfekt f\u00f6r stora, dj\u00e4rva tryckta logotyper. Den strukturerade men \u00e4nd\u00e5 l\u00e5ga passformen tilltalar marknaderna f\u00f6r streetwear, surfing\/skate och outdoor och ger en m\u00e5ngsidig look som fungerar f\u00f6r b\u00e5de casual- och premiummode.<\/p>\n<h2 data-start=\"1110\" data-end=\"1165\"><strong data-start=\"1116\" data-end=\"1165\">Dekoration: Anpassade tryckta logotyper av h\u00f6g kvalitet<\/strong><\/h2>\n<p data-start=\"1166\" data-end=\"1380\">Anpassat logotryck s\u00e4kerst\u00e4ller att din design visas i livfulla, exakta detaljer. Utskrift \u00e4r perfekt f\u00f6r invecklade logotyper, konstverk i fullf\u00e4rg eller kreativ varum\u00e4rkesgrafik, vilket ger din hatt ett dj\u00e4rvt och professionellt utseende.<\/p>\n<h2 data-start=\"1166\" data-end=\"1380\"><strong data-start=\"1388\" data-end=\"1449\">Material: Polyester\/bomullsblandning f\u00f6r komfort och h\u00e5llbarhet<\/strong><\/h2>\n<p data-start=\"1450\" data-end=\"1671\">Tillverkad av en <strong data-start=\"1462\" data-end=\"1488\">polyester\/bomullsblandning<\/strong>Den h\u00e4r hatten erbjuder den perfekta balansen mellan struktur och mjukhet. Polyester ger h\u00e5llbarhet och f\u00e4rgbest\u00e4ndighet, medan bomull ger andningsf\u00f6rm\u00e5ga och komfort f\u00f6r hela dagen.<\/p>\n<h2 data-start=\"1673\" data-end=\"1736\"><strong data-start=\"1679\" data-end=\"1736\">St\u00e4ngning: Justerbar l\u00e4derrem f\u00f6r en premiumk\u00e4nsla<\/strong><\/h2>\n<p data-start=\"1737\" data-end=\"1953\">Den <strong data-start=\"1741\" data-end=\"1784\">rem i \u00e4kta l\u00e4der med metallsp\u00e4nne<\/strong> g\u00f6r det inte bara m\u00f6jligt att justera storleken utan ger ocks\u00e5 en raffinerad premiumk\u00e4nsla. Den h\u00e4r exklusiva st\u00e4ngningen skiljer hatten fr\u00e5n vanliga snapbacks eller kardborreband.<\/p>\n<h2 data-start=\"1955\" data-end=\"2000\"><strong data-start=\"1961\" data-end=\"2000\">Visir: F\u00f6rb\u00f6jd f\u00f6r en avslappnad passform<\/strong><\/h2>\n<p data-start=\"2001\" data-end=\"2149\">Den <strong data-start=\"2005\" data-end=\"2025\">f\u00f6rb\u00f6jd visir<\/strong> har ett f\u00e4rdigt, avslappnat utseende som g\u00f6r den h\u00e4r hatten idealisk f\u00f6r livsstilskollektioner, utomhuskampanjer och lagkl\u00e4der.<\/p>\n<h2 data-start=\"2151\" data-end=\"2186\"><strong data-start=\"2157\" data-end=\"2186\">F\u00e4rg: Helt anpassningsbar<\/strong><\/h2>\n<p data-start=\"2187\" data-end=\"2333\">Hattens basf\u00e4rg och tryckta m\u00f6nster \u00e4r standard i neutrala toner och kan anpassas helt f\u00f6r att matcha ditt varum\u00e4rkes f\u00e4rgpalett eller s\u00e4songsstil.<\/p>\n<h2 data-start=\"2335\" data-end=\"2378\"><strong data-start=\"2341\" data-end=\"2378\">MOQ: 200 st per design per f\u00e4rg<\/strong><\/h2>\n<p data-start=\"2379\" data-end=\"2526\">Med en <strong data-start=\"2386\" data-end=\"2426\">minsta orderkvantitet 200 stycken<\/strong>\u00e4r den h\u00e4r hatten tillg\u00e4nglig f\u00f6r b\u00e5de nya varum\u00e4rken, sm\u00e5butiker och f\u00f6retagskampanjer.<\/p>\n<h2 data-start=\"2528\" data-end=\"2575\"><strong data-start=\"2534\" data-end=\"2575\">Tj\u00e4nst: Full OEM &amp; ODM-tillverkning<\/strong><\/h2>\n<p data-start=\"2576\" data-end=\"2744\">Sumkcaps erbjuder komplett <strong data-start=\"2601\" data-end=\"2623\">OEM- och ODM-tj\u00e4nster<\/strong>vilket g\u00f6r det m\u00f6jligt f\u00f6r varum\u00e4rken att skapa originaldesign, justera produktspecifikationer och skala upp produktionen f\u00f6r att m\u00f6ta marknadens krav.<\/p>","protected":false},"excerpt":{"rendered":"<p>Sumkcaps 2910 Anpassad tryckt logotyp L\u00e4derst\u00e4ngning Fem panelhatt \u00e4r en av popul\u00e4ra kepsar, l\u00e4tt vikt och andas v\u00e4l. Perfekt hatt f\u00f6r ditt lilla f\u00f6retag, sportlag, specialevenemang och mer. \u00c4ndra din egen logotyp enkelt.<\/p>","protected":false},"featured_media":14894,"template":"","meta":{"_acf_changed":false,"_kad_blocks_custom_css":"","_kad_blocks_head_custom_js":"","_kad_blocks_body_custom_js":"","_kad_blocks_footer_custom_js":""},"product_brand":[],"product_cat":[60],"product_tag":[],"class_list":{"0":"post-14893","1":"product","2":"type-product","3":"status-publish","4":"has-post-thumbnail","6":"product_cat-5-panel-hat","8":"first","9":"outofstock","10":"shipping-taxable","11":"product-type-simple"},"acf":[],"yoast_head":"<!-- This site is optimized with the Yoast SEO Premium plugin v20.8 (Yoast SEO v25.9) - https:\/\/yoast.com\/wordpress\/plugins\/seo\/ -->\n<title>Custom Printed Logo Five Panel Hat | China Manufactuer<\/title>\n<meta name=\"description\" content=\"Leading Manufacturer For Headwear, Orders From Factory Directly And Save Your 75% Budget! Add Your Logo or Custom Design Online. Expert Service.\" \/>\n<meta name=\"robots\" content=\"index, follow, max-snippet:-1, max-image-preview:large, max-video-preview:-1\" \/>\n<link rel=\"canonical\" href=\"https:\/\/sumkcaps.com\/sv\/produkt\/sufox-2910-specialtryckt-logotyp-laderstangning-fem-panel-hatt\/\" \/>\n<meta property=\"og:locale\" content=\"sv_SE\" \/>\n<meta property=\"og:type\" content=\"article\" \/>\n<meta property=\"og:title\" content=\"Sumkcaps 2910 Custom Printed Logo Leather Closure Five Panel Hat - Sumkcaps\" \/>\n<meta property=\"og:description\" content=\"Leading Manufacturer For Headwear, Orders From Factory Directly And Save Your 75% Budget! Add Your Logo or Custom Design Online. Expert Service.\" \/>\n<meta property=\"og:url\" content=\"https:\/\/sumkcaps.com\/sv\/produkt\/sufox-2910-specialtryckt-logotyp-laderstangning-fem-panel-hatt\/\" \/>\n<meta property=\"og:site_name\" content=\"Sumkcaps-China Original Headwear Manufacturer and Suppliers\" \/>\n<meta property=\"article:publisher\" content=\"https:\/\/www.facebook.com\/sumkcap\" \/>\n<meta property=\"article:modified_time\" content=\"2025-07-09T09:34:15+00:00\" \/>\n<meta property=\"og:image\" content=\"https:\/\/sumkcaps.com\/wp-content\/uploads\/2022\/09\/5_panel_caps_hats-4.jpg\" \/>\n\t<meta property=\"og:image:width\" content=\"1000\" \/>\n\t<meta property=\"og:image:height\" content=\"1000\" \/>\n\t<meta property=\"og:image:type\" content=\"image\/jpeg\" \/>\n<meta name=\"twitter:card\" content=\"summary_large_image\" \/>\n<meta name=\"twitter:label1\" content=\"Ber\u00e4knad l\u00e4stid\" \/>\n\t<meta name=\"twitter:data1\" content=\"2 minuter\" \/>\n<script type=\"application\/ld+json\" class=\"yoast-schema-graph\">{\"@context\":\"https:\/\/schema.org\",\"@graph\":[{\"@type\":\"WebPage\",\"@id\":\"https:\/\/sumkcaps.com\/product\/sufox-2910-custom-printed-logo-leather-closure-five-panel-hat\/\",\"url\":\"https:\/\/sumkcaps.com\/product\/sufox-2910-custom-printed-logo-leather-closure-five-panel-hat\/\",\"name\":\"Custom Printed Logo Five Panel Hat | China Manufactuer\",\"isPartOf\":{\"@id\":\"https:\/\/sumkcaps.com\/#website\"},\"primaryImageOfPage\":{\"@id\":\"https:\/\/sumkcaps.com\/product\/sufox-2910-custom-printed-logo-leather-closure-five-panel-hat\/#primaryimage\"},\"image\":{\"@id\":\"https:\/\/sumkcaps.com\/product\/sufox-2910-custom-printed-logo-leather-closure-five-panel-hat\/#primaryimage\"},\"thumbnailUrl\":\"https:\/\/sumkcaps.com\/wp-content\/uploads\/2022\/09\/5_panel_caps_hats-4.jpg\",\"datePublished\":\"2022-09-19T06:34:22+00:00\",\"dateModified\":\"2025-07-09T09:34:15+00:00\",\"description\":\"Leading Manufacturer For Headwear, Orders From Factory Directly And Save Your 75% Budget! Add Your Logo or Custom Design Online. Expert Service.\",\"breadcrumb\":{\"@id\":\"https:\/\/sumkcaps.com\/product\/sufox-2910-custom-printed-logo-leather-closure-five-panel-hat\/#breadcrumb\"},\"inLanguage\":\"sv-SE\",\"potentialAction\":[{\"@type\":\"ReadAction\",\"target\":[\"https:\/\/sumkcaps.com\/product\/sufox-2910-custom-printed-logo-leather-closure-five-panel-hat\/\"]}]},{\"@type\":\"ImageObject\",\"inLanguage\":\"sv-SE\",\"@id\":\"https:\/\/sumkcaps.com\/product\/sufox-2910-custom-printed-logo-leather-closure-five-panel-hat\/#primaryimage\",\"url\":\"https:\/\/sumkcaps.com\/wp-content\/uploads\/2022\/09\/5_panel_caps_hats-4.jpg\",\"contentUrl\":\"https:\/\/sumkcaps.com\/wp-content\/uploads\/2022\/09\/5_panel_caps_hats-4.jpg\",\"width\":1000,\"height\":1000,\"caption\":\"Custom 5 panel camp hat\"},{\"@type\":\"BreadcrumbList\",\"@id\":\"https:\/\/sumkcaps.com\/product\/sufox-2910-custom-printed-logo-leather-closure-five-panel-hat\/#breadcrumb\",\"itemListElement\":[{\"@type\":\"ListItem\",\"position\":1,\"name\":\"Home\",\"item\":\"https:\/\/sumkcaps.com\/\"},{\"@type\":\"ListItem\",\"position\":2,\"name\":\"Products\",\"item\":\"https:\/\/sumkcaps.com\/product\/\"},{\"@type\":\"ListItem\",\"position\":3,\"name\":\"Sumkcaps 2910 Custom Printed Logo Leather Closure Five Panel Hat\"}]},{\"@type\":\"WebSite\",\"@id\":\"https:\/\/sumkcaps.com\/#website\",\"url\":\"https:\/\/sumkcaps.com\/\",\"name\":\"Sumkcaps-China Original Headwear Manufacturer and Suppliers\",\"description\":\"We are China Cap And Hat Original Factory, whose main business is to custom cap and hat as client&#039;s LOGO. Any cap style, any cap color, any qty, any material and qty is no problem. In one words, any small details can be customized as your request.\",\"publisher\":{\"@id\":\"https:\/\/sumkcaps.com\/#organization\"},\"potentialAction\":[{\"@type\":\"SearchAction\",\"target\":{\"@type\":\"EntryPoint\",\"urlTemplate\":\"https:\/\/sumkcaps.com\/?s={search_term_string}\"},\"query-input\":{\"@type\":\"PropertyValueSpecification\",\"valueRequired\":true,\"valueName\":\"search_term_string\"}}],\"inLanguage\":\"sv-SE\"},{\"@type\":\"Organization\",\"@id\":\"https:\/\/sumkcaps.com\/#organization\",\"name\":\"Sumkcaps-China Original Headwear Manufacturer and Suppliers\",\"url\":\"https:\/\/sumkcaps.com\/\",\"logo\":{\"@type\":\"ImageObject\",\"inLanguage\":\"sv-SE\",\"@id\":\"https:\/\/sumkcaps.com\/#\/schema\/logo\/image\/\",\"url\":\"https:\/\/sumkcaps.com\/wp-content\/uploads\/2025\/12\/1234.jpg\",\"contentUrl\":\"https:\/\/sumkcaps.com\/wp-content\/uploads\/2025\/12\/1234.jpg\",\"width\":800,\"height\":800,\"caption\":\"Sumkcaps-China Original Headwear Manufacturer and Suppliers\"},\"image\":{\"@id\":\"https:\/\/sumkcaps.com\/#\/schema\/logo\/image\/\"},\"sameAs\":[\"https:\/\/www.facebook.com\/sumkcap\",\"https:\/\/www.instagram.com\/sumkcaps7\/\",\"https:\/\/www.pinterest.com\/sumkcapschina\/\"]}]}<\/script>\n<!-- \/ Yoast SEO Premium plugin. -->","yoast_head_json":{"title":"Anpassad tryckt logotyp fem panelhatt | Kina tillverkare","description":"Ledande tillverkare av huvudbonader, best\u00e4ller direkt fr\u00e5n fabriken och sparar din 75%-budget! L\u00e4gg till din logotyp eller anpassade design online. Expert service.","robots":{"index":"index","follow":"follow","max-snippet":"max-snippet:-1","max-image-preview":"max-image-preview:large","max-video-preview":"max-video-preview:-1"},"canonical":"https:\/\/sumkcaps.com\/sv\/produkt\/sufox-2910-specialtryckt-logotyp-laderstangning-fem-panel-hatt\/","og_locale":"sv_SE","og_type":"article","og_title":"Sumkcaps 2910 Custom Printed Logo Leather Closure Five Panel Hat - Sumkcaps","og_description":"Leading Manufacturer For Headwear, Orders From Factory Directly And Save Your 75% Budget! Add Your Logo or Custom Design Online. Expert Service.","og_url":"https:\/\/sumkcaps.com\/sv\/produkt\/sufox-2910-specialtryckt-logotyp-laderstangning-fem-panel-hatt\/","og_site_name":"Sumkcaps-China Original Headwear Manufacturer and Suppliers","article_publisher":"https:\/\/www.facebook.com\/sumkcap","article_modified_time":"2025-07-09T09:34:15+00:00","og_image":[{"width":1000,"height":1000,"url":"https:\/\/sumkcaps.com\/wp-content\/uploads\/2022\/09\/5_panel_caps_hats-4.jpg","type":"image\/jpeg"}],"twitter_card":"summary_large_image","twitter_misc":{"Ber\u00e4knad l\u00e4stid":"2 minuter"},"schema":{"@context":"https:\/\/schema.org","@graph":[{"@type":"WebPage","@id":"https:\/\/sumkcaps.com\/product\/sufox-2910-custom-printed-logo-leather-closure-five-panel-hat\/","url":"https:\/\/sumkcaps.com\/product\/sufox-2910-custom-printed-logo-leather-closure-five-panel-hat\/","name":"Anpassad tryckt logotyp fem panelhatt | Kina tillverkare","isPartOf":{"@id":"https:\/\/sumkcaps.com\/#website"},"primaryImageOfPage":{"@id":"https:\/\/sumkcaps.com\/product\/sufox-2910-custom-printed-logo-leather-closure-five-panel-hat\/#primaryimage"},"image":{"@id":"https:\/\/sumkcaps.com\/product\/sufox-2910-custom-printed-logo-leather-closure-five-panel-hat\/#primaryimage"},"thumbnailUrl":"https:\/\/sumkcaps.com\/wp-content\/uploads\/2022\/09\/5_panel_caps_hats-4.jpg","datePublished":"2022-09-19T06:34:22+00:00","dateModified":"2025-07-09T09:34:15+00:00","description":"Ledande tillverkare av huvudbonader, best\u00e4ller direkt fr\u00e5n fabriken och sparar din 75%-budget! L\u00e4gg till din logotyp eller anpassade design online. Expert service.","breadcrumb":{"@id":"https:\/\/sumkcaps.com\/product\/sufox-2910-custom-printed-logo-leather-closure-five-panel-hat\/#breadcrumb"},"inLanguage":"sv-SE","potentialAction":[{"@type":"ReadAction","target":["https:\/\/sumkcaps.com\/product\/sufox-2910-custom-printed-logo-leather-closure-five-panel-hat\/"]}]},{"@type":"ImageObject","inLanguage":"sv-SE","@id":"https:\/\/sumkcaps.com\/product\/sufox-2910-custom-printed-logo-leather-closure-five-panel-hat\/#primaryimage","url":"https:\/\/sumkcaps.com\/wp-content\/uploads\/2022\/09\/5_panel_caps_hats-4.jpg","contentUrl":"https:\/\/sumkcaps.com\/wp-content\/uploads\/2022\/09\/5_panel_caps_hats-4.jpg","width":1000,"height":1000,"caption":"Custom 5 panel camp hat"},{"@type":"BreadcrumbList","@id":"https:\/\/sumkcaps.com\/product\/sufox-2910-custom-printed-logo-leather-closure-five-panel-hat\/#breadcrumb","itemListElement":[{"@type":"ListItem","position":1,"name":"Home","item":"https:\/\/sumkcaps.com\/"},{"@type":"ListItem","position":2,"name":"Products","item":"https:\/\/sumkcaps.com\/product\/"},{"@type":"ListItem","position":3,"name":"Sumkcaps 2910 Custom Printed Logo Leather Closure Five Panel Hat"}]},{"@type":"WebSite","@id":"https:\/\/sumkcaps.com\/#website","url":"https:\/\/sumkcaps.com\/","name":"Sumkcaps - tillverkare och leverant\u00f6rer av originalhuvudbonader i Kina","description":"Vi \u00e4r China Cap And Hat Original Factory, vars huvudsakliga verksamhet \u00e4r att anpassa m\u00f6ssa och hatt som klient &amp; #03939; s LOGO. Vilken keps som helst, vilken kepsf\u00e4rg som helst, vilket antal som helst, vilket material som helst och antal \u00e4r inget problem. Med ett ord kan alla sm\u00e5 detaljer anpassas efter din beg\u00e4ran.","publisher":{"@id":"https:\/\/sumkcaps.com\/#organization"},"potentialAction":[{"@type":"SearchAction","target":{"@type":"EntryPoint","urlTemplate":"https:\/\/sumkcaps.com\/?s={search_term_string}"},"query-input":{"@type":"PropertyValueSpecification","valueRequired":true,"valueName":"search_term_string"}}],"inLanguage":"sv-SE"},{"@type":"Organization","@id":"https:\/\/sumkcaps.com\/#organization","name":"Sumkcaps - tillverkare och leverant\u00f6rer av originalhuvudbonader i Kina","url":"https:\/\/sumkcaps.com\/","logo":{"@type":"ImageObject","inLanguage":"sv-SE","@id":"https:\/\/sumkcaps.com\/#\/schema\/logo\/image\/","url":"https:\/\/sumkcaps.com\/wp-content\/uploads\/2025\/12\/1234.jpg","contentUrl":"https:\/\/sumkcaps.com\/wp-content\/uploads\/2025\/12\/1234.jpg","width":800,"height":800,"caption":"Sumkcaps-China Original Headwear Manufacturer and Suppliers"},"image":{"@id":"https:\/\/sumkcaps.com\/#\/schema\/logo\/image\/"},"sameAs":["https:\/\/www.facebook.com\/sumkcap","https:\/\/www.instagram.com\/sumkcaps7\/","https:\/\/www.pinterest.com\/sumkcapschina\/"]}]}},"taxonomy_info":{"product_cat":[{"value":60,"label":"Wholesale Five Panel Hats"}]},"featured_image_src_large":["https:\/\/sumkcaps.com\/wp-content\/uploads\/2022\/09\/5_panel_caps_hats-4.jpg",800,800,false],"author_info":[],"comment_info":"","_links":{"self":[{"href":"https:\/\/sumkcaps.com\/sv\/wp-json\/wp\/v2\/product\/14893","targetHints":{"allow":["GET"]}}],"collection":[{"href":"https:\/\/sumkcaps.com\/sv\/wp-json\/wp\/v2\/product"}],"about":[{"href":"https:\/\/sumkcaps.com\/sv\/wp-json\/wp\/v2\/types\/product"}],"wp:featuredmedia":[{"embeddable":true,"href":"https:\/\/sumkcaps.com\/sv\/wp-json\/wp\/v2\/media\/14894"}],"wp:attachment":[{"href":"https:\/\/sumkcaps.com\/sv\/wp-json\/wp\/v2\/media?parent=14893"}],"wp:term":[{"taxonomy":"product_brand","embeddable":true,"href":"https:\/\/sumkcaps.com\/sv\/wp-json\/wp\/v2\/product_brand?post=14893"},{"taxonomy":"product_cat","embeddable":true,"href":"https:\/\/sumkcaps.com\/sv\/wp-json\/wp\/v2\/product_cat?post=14893"},{"taxonomy":"product_tag","embeddable":true,"href":"https:\/\/sumkcaps.com\/sv\/wp-json\/wp\/v2\/product_tag?post=14893"}],"curies":[{"name":"wp","href":"https:\/\/api.w.org\/{rel}","templated":true}]}}