{"id":14885,"date":"2022-09-19T14:16:58","date_gmt":"2022-09-19T06:16:58","guid":{"rendered":"https:\/\/sumkcaps.com\/?post_type=product&#038;p=14885"},"modified":"2026-04-03T15:23:16","modified_gmt":"2026-04-03T07:23:16","slug":"sufox-2911-custom-red-six-panel-full-embroidered-fitted-snapback-cap","status":"publish","type":"product","link":"https:\/\/sumkcaps.com\/sv\/produkt\/sufox-2911-custom-rod-sex-panel-helbroderad-fitted-snapback-keps\/","title":{"rendered":"Sumkcaps 2911 Custom Red Six Panel Full Embroidered Fitted Snapback keps"},"content":{"rendered":"<div class=\"flex flex-col text-sm pb-25\">\n<section class=\"text-token-text-primary w-full focus:outline-none [--shadow-height:45px] has-data-writing-block:pointer-events-none has-data-writing-block:-mt-(--shadow-height) has-data-writing-block:pt-(--shadow-height) [&amp;:has([data-writing-block])&gt;*]:pointer-events-auto scroll-mt-[calc(var(--header-height)+min(200px,max(70px,20svh)))]\" dir=\"auto\" data-turn-id=\"request-WEB:bbc05147-6152-4591-8172-cc7c19e1ce4f-6\" data-testid=\"conversation-turn-14\" data-scroll-anchor=\"true\" data-turn=\"assistant\">\n<div class=\"text-base my-auto mx-auto pb-10 [--thread-content-margin:var(--thread-content-margin-xs,calc(var(--spacing)*4))] @w-sm\/main:[--thread-content-margin:var(--thread-content-margin-sm,calc(var(--spacing)*6))] @w-lg\/main:[--thread-content-margin:var(--thread-content-margin-lg,calc(var(--spacing)*16))] px-(--thread-content-margin)\">\n<div class=\"[--thread-content-max-width:40rem] @w-lg\/main:[--thread-content-max-width:48rem] mx-auto max-w-(--thread-content-max-width) flex-1 group\/turn-messages focus-visible:outline-hidden relative flex w-full min-w-0 flex-col agent-turn\">\n<div class=\"flex max-w-full flex-col gap-4 grow\">\n<div class=\"min-h-8 text-message relative flex w-full flex-col items-end gap-2 text-start break-words whitespace-normal outline-none keyboard-focused:focus-ring [.text-message+&amp;]:mt-1\" dir=\"auto\" tabindex=\"0\" data-message-author-role=\"assistant\" data-message-id=\"96376cc3-9682-423a-983c-24deeb4f2b49\" data-message-model-slug=\"gpt-5-3\" data-turn-start-message=\"true\">\n<div class=\"flex w-full flex-col gap-1 empty:hidden\">\n<div class=\"markdown prose dark:prose-invert w-full wrap-break-word light markdown-new-styling\">\n<h3 data-section-id=\"mtqtsz\" data-start=\"126\" data-end=\"159\"><span role=\"text\"><strong data-start=\"130\" data-end=\"157\">Dekoration<\/strong><\/span><\/h3>\n<p data-start=\"160\" data-end=\"444\">Denna keps har full brodyr \u00f6ver flera paneler, vilket ger en rik, detaljerad och effektfull design. S\u00f6mmarna \u00e4r exakta och h\u00e5llbara, vilket garanterar en l\u00e5ngvarig kvalitet utan blekning eller fransning. Den \u00e4r perfekt f\u00f6r dj\u00e4rv branding, teamlogotyper och premiumkollektioner f\u00f6r streetwear.<\/p>\n<h3 data-section-id=\"1p2br5x\" data-start=\"451\" data-end=\"484\"><span role=\"text\"><strong data-start=\"455\" data-end=\"482\">Material<\/strong><\/span><\/h3>\n<p data-start=\"485\" data-end=\"755\">Den h\u00e4r kepsen \u00e4r tillverkad av 100%-akryl och har utm\u00e4rkt h\u00e5llbarhet, struktur och formbest\u00e4ndighet. Materialet \u00e4r l\u00e4tt, skrynkelfritt och l\u00e4ttsk\u00f6tt, vilket g\u00f6r den l\u00e4mplig f\u00f6r vardagsbruk samtidigt som den beh\u00e5ller ett rent och strukturerat utseende \u00f6ver tid.<\/p>\n<h3 data-section-id=\"pu1c0m\" data-start=\"762\" data-end=\"795\"><span role=\"text\"><strong data-start=\"766\" data-end=\"793\">F\u00e4rg<\/strong><\/span><\/h3>\n<p data-start=\"796\" data-end=\"1052\">Kepsen finns i skr\u00e4ddarsydda f\u00e4rger, inklusive livfull r\u00f6d, och ger en stark visuell effekt och ett starkt varum\u00e4rkesuttryck. Oavsett om den anv\u00e4nds f\u00f6r dj\u00e4rva uttalanden eller samordnade m\u00f6nster kan f\u00e4rgalternativen skr\u00e4ddarsys f\u00f6r att matcha din varum\u00e4rkesidentitet eller s\u00e4songsteman.<\/p>\n<h3 data-section-id=\"1ujt2bk\" data-start=\"1059\" data-end=\"1098\"><span role=\"text\"><strong data-start=\"1063\" data-end=\"1096\">Passform och storlek<\/strong><\/span><\/h3>\n<p data-start=\"1099\" data-end=\"1340\">Den h\u00e4r kepsen har en justerbar st\u00e4ngning och passar i en storlek fr\u00e5n 7 till 7 3\/4. Den ger en bekv\u00e4m och s\u00e4ker passform f\u00f6r m\u00e5nga olika huvudstorlekar, vilket g\u00f6r den idealisk f\u00f6r bulkproduktion och olika kundgrupper.<\/p>\n<h3 data-section-id=\"3asju8\" data-start=\"1347\" data-end=\"1374\"><span role=\"text\"><strong data-start=\"1351\" data-end=\"1372\">Visir<\/strong><\/span><\/h3>\n<p data-start=\"1375\" data-end=\"1607\">Det platta visiret ger kepsen ett modernt och strukturerat utseende som ligger i linje med dagens streetwear-trender. Den beh\u00e5ller sin form \u00f6ver tid samtidigt som den erbjuder effektivt solskydd och kombinerar stil och funktionalitet f\u00f6r daglig anv\u00e4ndning.<\/p>\n<h3 data-section-id=\"3nymbz\" data-start=\"1614\" data-end=\"1643\"><span role=\"text\"><strong data-start=\"1618\" data-end=\"1641\">Service<\/strong><\/span><\/h3>\n<p data-start=\"1644\" data-end=\"1889\">Vi erbjuder omfattande OEM- och ODM-tj\u00e4nster, inklusive anpassade logotyper, material, f\u00e4rger och f\u00f6rpackningar. V\u00e5rt erfarna team arbetar n\u00e4ra kunderna f\u00f6r att s\u00e4kerst\u00e4lla att varje detalj uppfyller varum\u00e4rkets f\u00f6rv\u00e4ntningar, fr\u00e5n konceptutveckling till slutproduktion.<\/p>\n<h3 data-section-id=\"1mx9aa5\" data-start=\"1896\" data-end=\"1921\"><span role=\"text\"><strong data-start=\"1900\" data-end=\"1919\">Genomf\u00f6randetid<\/strong><\/span><\/h3>\n<p data-start=\"1922\" data-end=\"2154\" data-is-last-node=\"\" data-is-only-node=\"\">V\u00e5rt effektiva produktionssystem s\u00e4kerst\u00e4ller snabba och tillf\u00f6rlitliga leveranser. Prover f\u00e4rdigst\u00e4lls inom 7-9 arbetsdagar och bulkproduktion tar 18-22 arbetsdagar, vilket hj\u00e4lper dig att uppfylla sn\u00e4va tidsplaner och snabbt svara p\u00e5 marknadens krav.<\/p>\n<\/div>\n<\/div>\n<\/div>\n<\/div>\n<\/div>\n<\/div>\n<\/section>\n<\/div>","protected":false},"excerpt":{"rendered":"<p>Sumkcaps 2911 Custom Red Six Panel Full Broderad Fitted Snapback Cap \u00e4r en av popul\u00e4ra Cap Style, l\u00e4tt vikt och andningsbar v\u00e4l. V\u00e5ra Snapbacks kommer i en m\u00e4ngd olika stilar och f\u00e4rger fr\u00e5n alla de b\u00e4sta varum\u00e4rkena.<\/p>","protected":false},"featured_media":14886,"template":"","meta":{"_acf_changed":false,"_kad_blocks_custom_css":"","_kad_blocks_head_custom_js":"","_kad_blocks_body_custom_js":"","_kad_blocks_footer_custom_js":""},"product_brand":[],"product_cat":[42],"product_tag":[],"class_list":{"0":"post-14885","1":"product","2":"type-product","3":"status-publish","4":"has-post-thumbnail","6":"product_cat-snapback-cap","8":"first","9":"outofstock","10":"shipping-taxable","11":"product-type-simple"},"acf":[],"yoast_head":"<!-- This site is optimized with the Yoast SEO Premium plugin v20.8 (Yoast SEO v25.9) - https:\/\/yoast.com\/wordpress\/plugins\/seo\/ -->\n<title>Custom Embroidered Fitted Snapback Cap | China Manufactuer<\/title>\n<meta name=\"description\" content=\"More Than 10 Years Of Experience In The Headwear Industry. Cap Manufacturers.100% Satisfaction Guarantee. Save Your 75% Budget! Quick delivery. Order Today!\" \/>\n<meta name=\"robots\" content=\"index, follow, max-snippet:-1, max-image-preview:large, max-video-preview:-1\" \/>\n<link rel=\"canonical\" href=\"https:\/\/sumkcaps.com\/sv\/produkt\/sufox-2911-custom-rod-sex-panel-helbroderad-fitted-snapback-keps\/\" \/>\n<meta property=\"og:locale\" content=\"sv_SE\" \/>\n<meta property=\"og:type\" content=\"article\" \/>\n<meta property=\"og:title\" content=\"Sumkcaps 2911 Custom Red Six Panel Full Embroidered Fitted Snapback Cap - Sumkcaps\" \/>\n<meta property=\"og:description\" content=\"More Than 10 Years Of Experience In The Headwear Industry. Cap Manufacturers.100% Satisfaction Guarantee. Save Your 75% Budget! Quick delivery. Order Today!\" \/>\n<meta property=\"og:url\" content=\"https:\/\/sumkcaps.com\/sv\/produkt\/sufox-2911-custom-rod-sex-panel-helbroderad-fitted-snapback-keps\/\" \/>\n<meta property=\"og:site_name\" content=\"Sumkcaps-China Original Headwear Manufacturer and Suppliers\" \/>\n<meta property=\"article:publisher\" content=\"https:\/\/www.facebook.com\/sumkcap\" \/>\n<meta property=\"article:modified_time\" content=\"2026-04-03T07:23:16+00:00\" \/>\n<meta property=\"og:image\" content=\"https:\/\/sumkcaps.com\/wp-content\/uploads\/2022\/09\/full_embroidery_fitted_hat-1.jpg\" \/>\n\t<meta property=\"og:image:width\" content=\"1000\" \/>\n\t<meta property=\"og:image:height\" content=\"1000\" \/>\n\t<meta property=\"og:image:type\" content=\"image\/jpeg\" \/>\n<meta name=\"twitter:card\" content=\"summary_large_image\" \/>\n<meta name=\"twitter:label1\" content=\"Ber\u00e4knad l\u00e4stid\" \/>\n\t<meta name=\"twitter:data1\" content=\"2 minuter\" \/>\n<script type=\"application\/ld+json\" class=\"yoast-schema-graph\">{\"@context\":\"https:\/\/schema.org\",\"@graph\":[{\"@type\":\"WebPage\",\"@id\":\"https:\/\/sumkcaps.com\/product\/sufox-2911-custom-red-six-panel-full-embroidered-fitted-snapback-cap\/\",\"url\":\"https:\/\/sumkcaps.com\/product\/sufox-2911-custom-red-six-panel-full-embroidered-fitted-snapback-cap\/\",\"name\":\"Custom Embroidered Fitted Snapback Cap | China Manufactuer\",\"isPartOf\":{\"@id\":\"https:\/\/sumkcaps.com\/#website\"},\"primaryImageOfPage\":{\"@id\":\"https:\/\/sumkcaps.com\/product\/sufox-2911-custom-red-six-panel-full-embroidered-fitted-snapback-cap\/#primaryimage\"},\"image\":{\"@id\":\"https:\/\/sumkcaps.com\/product\/sufox-2911-custom-red-six-panel-full-embroidered-fitted-snapback-cap\/#primaryimage\"},\"thumbnailUrl\":\"https:\/\/sumkcaps.com\/wp-content\/uploads\/2022\/09\/full_embroidery_fitted_hat-1.jpg\",\"datePublished\":\"2022-09-19T06:16:58+00:00\",\"dateModified\":\"2026-04-03T07:23:16+00:00\",\"description\":\"More Than 10 Years Of Experience In The Headwear Industry. Cap Manufacturers.100% Satisfaction Guarantee. Save Your 75% Budget! Quick delivery. Order Today!\",\"breadcrumb\":{\"@id\":\"https:\/\/sumkcaps.com\/product\/sufox-2911-custom-red-six-panel-full-embroidered-fitted-snapback-cap\/#breadcrumb\"},\"inLanguage\":\"sv-SE\",\"potentialAction\":[{\"@type\":\"ReadAction\",\"target\":[\"https:\/\/sumkcaps.com\/product\/sufox-2911-custom-red-six-panel-full-embroidered-fitted-snapback-cap\/\"]}]},{\"@type\":\"ImageObject\",\"inLanguage\":\"sv-SE\",\"@id\":\"https:\/\/sumkcaps.com\/product\/sufox-2911-custom-red-six-panel-full-embroidered-fitted-snapback-cap\/#primaryimage\",\"url\":\"https:\/\/sumkcaps.com\/wp-content\/uploads\/2022\/09\/full_embroidery_fitted_hat-1.jpg\",\"contentUrl\":\"https:\/\/sumkcaps.com\/wp-content\/uploads\/2022\/09\/full_embroidery_fitted_hat-1.jpg\",\"width\":1000,\"height\":1000,\"caption\":\"custom full embroidery snapback\"},{\"@type\":\"BreadcrumbList\",\"@id\":\"https:\/\/sumkcaps.com\/product\/sufox-2911-custom-red-six-panel-full-embroidered-fitted-snapback-cap\/#breadcrumb\",\"itemListElement\":[{\"@type\":\"ListItem\",\"position\":1,\"name\":\"Home\",\"item\":\"https:\/\/sumkcaps.com\/\"},{\"@type\":\"ListItem\",\"position\":2,\"name\":\"Products\",\"item\":\"https:\/\/sumkcaps.com\/product\/\"},{\"@type\":\"ListItem\",\"position\":3,\"name\":\"Sumkcaps 2911 Custom Red Six Panel Full Embroidered Fitted Snapback Cap\"}]},{\"@type\":\"WebSite\",\"@id\":\"https:\/\/sumkcaps.com\/#website\",\"url\":\"https:\/\/sumkcaps.com\/\",\"name\":\"Sumkcaps-China Original Headwear Manufacturer and Suppliers\",\"description\":\"We are China Cap And Hat Original Factory, whose main business is to custom cap and hat as client&#039;s LOGO. Any cap style, any cap color, any qty, any material and qty is no problem. In one words, any small details can be customized as your request.\",\"publisher\":{\"@id\":\"https:\/\/sumkcaps.com\/#organization\"},\"potentialAction\":[{\"@type\":\"SearchAction\",\"target\":{\"@type\":\"EntryPoint\",\"urlTemplate\":\"https:\/\/sumkcaps.com\/?s={search_term_string}\"},\"query-input\":{\"@type\":\"PropertyValueSpecification\",\"valueRequired\":true,\"valueName\":\"search_term_string\"}}],\"inLanguage\":\"sv-SE\"},{\"@type\":\"Organization\",\"@id\":\"https:\/\/sumkcaps.com\/#organization\",\"name\":\"Sumkcaps-China Original Headwear Manufacturer and Suppliers\",\"url\":\"https:\/\/sumkcaps.com\/\",\"logo\":{\"@type\":\"ImageObject\",\"inLanguage\":\"sv-SE\",\"@id\":\"https:\/\/sumkcaps.com\/#\/schema\/logo\/image\/\",\"url\":\"https:\/\/sumkcaps.com\/wp-content\/uploads\/2025\/12\/1234.jpg\",\"contentUrl\":\"https:\/\/sumkcaps.com\/wp-content\/uploads\/2025\/12\/1234.jpg\",\"width\":800,\"height\":800,\"caption\":\"Sumkcaps-China Original Headwear Manufacturer and Suppliers\"},\"image\":{\"@id\":\"https:\/\/sumkcaps.com\/#\/schema\/logo\/image\/\"},\"sameAs\":[\"https:\/\/www.facebook.com\/sumkcap\",\"https:\/\/www.instagram.com\/sumkcaps7\/\",\"https:\/\/www.pinterest.com\/sumkcapschina\/\"]}]}<\/script>\n<!-- \/ Yoast SEO Premium plugin. -->","yoast_head_json":{"title":"Anpassad broderad monterad Snapback-keps | Kina Tillverkare","description":"Mer \u00e4n 10 \u00e5rs erfarenhet inom huvudkl\u00e4desindustrin. Cap Manufacturers.100% N\u00f6jdhetsgaranti. Spara din 75%-budget! Snabb leverans. Best\u00e4ll idag!","robots":{"index":"index","follow":"follow","max-snippet":"max-snippet:-1","max-image-preview":"max-image-preview:large","max-video-preview":"max-video-preview:-1"},"canonical":"https:\/\/sumkcaps.com\/sv\/produkt\/sufox-2911-custom-rod-sex-panel-helbroderad-fitted-snapback-keps\/","og_locale":"sv_SE","og_type":"article","og_title":"Sumkcaps 2911 Custom Red Six Panel Full Embroidered Fitted Snapback Cap - Sumkcaps","og_description":"More Than 10 Years Of Experience In The Headwear Industry. Cap Manufacturers.100% Satisfaction Guarantee. Save Your 75% Budget! Quick delivery. Order Today!","og_url":"https:\/\/sumkcaps.com\/sv\/produkt\/sufox-2911-custom-rod-sex-panel-helbroderad-fitted-snapback-keps\/","og_site_name":"Sumkcaps-China Original Headwear Manufacturer and Suppliers","article_publisher":"https:\/\/www.facebook.com\/sumkcap","article_modified_time":"2026-04-03T07:23:16+00:00","og_image":[{"width":1000,"height":1000,"url":"https:\/\/sumkcaps.com\/wp-content\/uploads\/2022\/09\/full_embroidery_fitted_hat-1.jpg","type":"image\/jpeg"}],"twitter_card":"summary_large_image","twitter_misc":{"Ber\u00e4knad l\u00e4stid":"2 minuter"},"schema":{"@context":"https:\/\/schema.org","@graph":[{"@type":"WebPage","@id":"https:\/\/sumkcaps.com\/product\/sufox-2911-custom-red-six-panel-full-embroidered-fitted-snapback-cap\/","url":"https:\/\/sumkcaps.com\/product\/sufox-2911-custom-red-six-panel-full-embroidered-fitted-snapback-cap\/","name":"Anpassad broderad monterad Snapback-keps | Kina Tillverkare","isPartOf":{"@id":"https:\/\/sumkcaps.com\/#website"},"primaryImageOfPage":{"@id":"https:\/\/sumkcaps.com\/product\/sufox-2911-custom-red-six-panel-full-embroidered-fitted-snapback-cap\/#primaryimage"},"image":{"@id":"https:\/\/sumkcaps.com\/product\/sufox-2911-custom-red-six-panel-full-embroidered-fitted-snapback-cap\/#primaryimage"},"thumbnailUrl":"https:\/\/sumkcaps.com\/wp-content\/uploads\/2022\/09\/full_embroidery_fitted_hat-1.jpg","datePublished":"2022-09-19T06:16:58+00:00","dateModified":"2026-04-03T07:23:16+00:00","description":"Mer \u00e4n 10 \u00e5rs erfarenhet inom huvudkl\u00e4desindustrin. Cap Manufacturers.100% N\u00f6jdhetsgaranti. Spara din 75%-budget! Snabb leverans. Best\u00e4ll idag!","breadcrumb":{"@id":"https:\/\/sumkcaps.com\/product\/sufox-2911-custom-red-six-panel-full-embroidered-fitted-snapback-cap\/#breadcrumb"},"inLanguage":"sv-SE","potentialAction":[{"@type":"ReadAction","target":["https:\/\/sumkcaps.com\/product\/sufox-2911-custom-red-six-panel-full-embroidered-fitted-snapback-cap\/"]}]},{"@type":"ImageObject","inLanguage":"sv-SE","@id":"https:\/\/sumkcaps.com\/product\/sufox-2911-custom-red-six-panel-full-embroidered-fitted-snapback-cap\/#primaryimage","url":"https:\/\/sumkcaps.com\/wp-content\/uploads\/2022\/09\/full_embroidery_fitted_hat-1.jpg","contentUrl":"https:\/\/sumkcaps.com\/wp-content\/uploads\/2022\/09\/full_embroidery_fitted_hat-1.jpg","width":1000,"height":1000,"caption":"custom full embroidery snapback"},{"@type":"BreadcrumbList","@id":"https:\/\/sumkcaps.com\/product\/sufox-2911-custom-red-six-panel-full-embroidered-fitted-snapback-cap\/#breadcrumb","itemListElement":[{"@type":"ListItem","position":1,"name":"Home","item":"https:\/\/sumkcaps.com\/"},{"@type":"ListItem","position":2,"name":"Products","item":"https:\/\/sumkcaps.com\/product\/"},{"@type":"ListItem","position":3,"name":"Sumkcaps 2911 Custom Red Six Panel Full Embroidered Fitted Snapback Cap"}]},{"@type":"WebSite","@id":"https:\/\/sumkcaps.com\/#website","url":"https:\/\/sumkcaps.com\/","name":"Sumkcaps - tillverkare och leverant\u00f6rer av originalhuvudbonader i Kina","description":"Vi \u00e4r China Cap And Hat Original Factory, vars huvudsakliga verksamhet \u00e4r att anpassa m\u00f6ssa och hatt som klient &amp; #03939; s LOGO. Vilken keps som helst, vilken kepsf\u00e4rg som helst, vilket antal som helst, vilket material som helst och antal \u00e4r inget problem. Med ett ord kan alla sm\u00e5 detaljer anpassas efter din beg\u00e4ran.","publisher":{"@id":"https:\/\/sumkcaps.com\/#organization"},"potentialAction":[{"@type":"SearchAction","target":{"@type":"EntryPoint","urlTemplate":"https:\/\/sumkcaps.com\/?s={search_term_string}"},"query-input":{"@type":"PropertyValueSpecification","valueRequired":true,"valueName":"search_term_string"}}],"inLanguage":"sv-SE"},{"@type":"Organization","@id":"https:\/\/sumkcaps.com\/#organization","name":"Sumkcaps - tillverkare och leverant\u00f6rer av originalhuvudbonader i Kina","url":"https:\/\/sumkcaps.com\/","logo":{"@type":"ImageObject","inLanguage":"sv-SE","@id":"https:\/\/sumkcaps.com\/#\/schema\/logo\/image\/","url":"https:\/\/sumkcaps.com\/wp-content\/uploads\/2025\/12\/1234.jpg","contentUrl":"https:\/\/sumkcaps.com\/wp-content\/uploads\/2025\/12\/1234.jpg","width":800,"height":800,"caption":"Sumkcaps-China Original Headwear Manufacturer and Suppliers"},"image":{"@id":"https:\/\/sumkcaps.com\/#\/schema\/logo\/image\/"},"sameAs":["https:\/\/www.facebook.com\/sumkcap","https:\/\/www.instagram.com\/sumkcaps7\/","https:\/\/www.pinterest.com\/sumkcapschina\/"]}]}},"taxonomy_info":{"product_cat":[{"value":42,"label":"Snapback Hats Wholesale"}]},"featured_image_src_large":["https:\/\/sumkcaps.com\/wp-content\/uploads\/2022\/09\/full_embroidery_fitted_hat-1.jpg",800,800,false],"author_info":[],"comment_info":"","_links":{"self":[{"href":"https:\/\/sumkcaps.com\/sv\/wp-json\/wp\/v2\/product\/14885","targetHints":{"allow":["GET"]}}],"collection":[{"href":"https:\/\/sumkcaps.com\/sv\/wp-json\/wp\/v2\/product"}],"about":[{"href":"https:\/\/sumkcaps.com\/sv\/wp-json\/wp\/v2\/types\/product"}],"wp:featuredmedia":[{"embeddable":true,"href":"https:\/\/sumkcaps.com\/sv\/wp-json\/wp\/v2\/media\/14886"}],"wp:attachment":[{"href":"https:\/\/sumkcaps.com\/sv\/wp-json\/wp\/v2\/media?parent=14885"}],"wp:term":[{"taxonomy":"product_brand","embeddable":true,"href":"https:\/\/sumkcaps.com\/sv\/wp-json\/wp\/v2\/product_brand?post=14885"},{"taxonomy":"product_cat","embeddable":true,"href":"https:\/\/sumkcaps.com\/sv\/wp-json\/wp\/v2\/product_cat?post=14885"},{"taxonomy":"product_tag","embeddable":true,"href":"https:\/\/sumkcaps.com\/sv\/wp-json\/wp\/v2\/product_tag?post=14885"}],"curies":[{"name":"wp","href":"https:\/\/api.w.org\/{rel}","templated":true}]}}