{"id":14861,"date":"2022-09-19T13:18:50","date_gmt":"2022-09-19T05:18:50","guid":{"rendered":"https:\/\/sumkcaps.com\/?post_type=product&#038;p=14861"},"modified":"2025-07-09T15:45:53","modified_gmt":"2025-07-09T07:45:53","slug":"sufox-2916-custom-five-panel-woven-label-full-printing-dad-snapback-cap","status":"publish","type":"product","link":"https:\/\/sumkcaps.com\/sv\/produkt\/sufox-2916-anpassad-fem-panel-vavd-etikett-med-fullt-tryck-pappa-snapback-keps\/","title":{"rendered":"Sumkcaps 2916 Custom Five Panel Woven Label Full Printing Dad Snapback keps"},"content":{"rendered":"<h2 data-start=\"681\" data-end=\"719\"><strong data-start=\"687\" data-end=\"719\">Struktur: Fem paneler<\/strong><\/h2>\n<p data-start=\"720\" data-end=\"972\">Den <strong data-start=\"724\" data-end=\"751\">fem paneler<\/strong> ger en ren, oavbruten frontpanel \u2013 perfekt f\u00f6r att visa upp heltryck och specialv\u00e4vda etiketter. Denna struktur tilltalar b\u00e5de klassiska dad hat-entusiaster och streetwear-fans som s\u00f6ker en ny tolkning av snapbacken.<\/p>\n<h2 data-start=\"974\" data-end=\"1032\"><strong data-start=\"980\" data-end=\"1032\">Dekoration: Fulltryck + v\u00e4vd etikett med varum\u00e4rkeslogotyp<\/strong><\/h2>\n<p data-start=\"1033\" data-end=\"1324\">Denna keps erbjuder <strong data-start=\"1049\" data-end=\"1077\">helt\u00e4ckande anpassad tryckning<\/strong>, vilket g\u00f6r det m\u00f6jligt f\u00f6r varum\u00e4rken att t\u00e4cka hela ytan med unika m\u00f6nster, kamouflageprint, varum\u00e4rkeselement eller konstn\u00e4rliga motiv. <strong data-start=\"1202\" data-end=\"1217\">v\u00e4vd etikett<\/strong> ger en extra touch av premiumvarum\u00e4rke, perfekt f\u00f6r logotyper, slogans eller intrikata m\u00f6nster med rik textur.<\/p>\n<h2 data-start=\"1326\" data-end=\"1376\"><strong data-start=\"1332\" data-end=\"1376\">Material: Slitstark polyester\/bomullsblandning<\/strong><\/h2>\n<p data-start=\"1377\" data-end=\"1617\">Tillverkad av en <strong data-start=\"1389\" data-end=\"1415\">polyester\/bomullsblandning<\/strong>, Denna hatt balanserar struktur och komfort. Polyester garanterar h\u00e5llbarhet och levande tryckresultat, medan bomull tillf\u00f6r mjukhet och andningsf\u00f6rm\u00e5ga, vilket g\u00f6r den l\u00e4mplig f\u00f6r b\u00e5de mode och funktionella kl\u00e4der.<\/p>\n<h2 data-start=\"1619\" data-end=\"1654\"><strong data-start=\"1625\" data-end=\"1654\">F\u00e4rg: Helt anpassningsbar<\/strong><\/h2>\n<p data-start=\"1655\" data-end=\"1869\">Hela locket kan vara <strong data-start=\"1677\" data-end=\"1707\">anpassad f\u00e4rg och tryck<\/strong>, vilket ger o\u00e4ndliga kreativa m\u00f6jligheter. Oavsett om du vill ha livfulla m\u00f6nster, tonade \u00f6verg\u00e5ngar eller varum\u00e4rkesspecifika f\u00e4rgpaletter \u00e4r denna keps din tomma duk.<\/p>\n<h2 data-start=\"1871\" data-end=\"1903\"><strong data-start=\"1877\" data-end=\"1903\">Visir: Flat Bill Style<\/strong><\/h2>\n<p data-start=\"1904\" data-end=\"2094\">Den <strong data-start=\"1908\" data-end=\"1927\">visir med platt sk\u00e4rm<\/strong> f\u00f6rst\u00e4rker dess moderna snapback-estetik, vilket g\u00f6r den till en favorit bland hiphopartister, streetwear-m\u00e4rken och casual-b\u00e4rare som s\u00f6ker ett dj\u00e4rvt men \u00e4nd\u00e5 b\u00e4rbart accessoar.<\/p>\n<h2 data-start=\"2096\" data-end=\"2139\"><strong data-start=\"2102\" data-end=\"2139\">MOQ: 200 st per design per f\u00e4rg<\/strong><\/h2>\n<p data-start=\"2140\" data-end=\"2279\">En l\u00e5g <strong data-start=\"2146\" data-end=\"2188\">Minsta orderkvantitet (MOQ) p\u00e5 200 stycken<\/strong> g\u00f6r denna keps idealisk f\u00f6r begr\u00e4nsade upplagor, lanseringar i detaljhandeln eller reklamg\u00e5vor.<\/p>\n<h2 data-start=\"2281\" data-end=\"2309\"><strong data-start=\"2287\" data-end=\"2309\">Tj\u00e4nst: OEM &amp; ODM<\/strong><\/h2>\n<p data-start=\"2310\" data-end=\"2527\">Sumkcaps erbjuder full <strong data-start=\"2331\" data-end=\"2344\">OEM &amp; ODM<\/strong> l\u00f6sningar som hj\u00e4lper varum\u00e4rken att skapa exklusiva huvudbonader fr\u00e5n koncept till f\u00e4rdig produkt. Oavsett om du vill modifiera denna stil eller utveckla en helt ny keps, s\u00e5 har Sumkcaps det du beh\u00f6ver.<\/p>","protected":false},"excerpt":{"rendered":"<p>Sumkcaps 2916 anpassad fem panel v\u00e4vd etikett full utskrift pappa snapback keps \u00e4r en av popul\u00e4ra keps stil, l\u00e4tt vikt och andas v\u00e4l. V\u00e5ra Snapbacks kommer i en m\u00e4ngd olika stilar och f\u00e4rger fr\u00e5n alla de b\u00e4sta varum\u00e4rkena.<\/p>","protected":false},"featured_media":14862,"template":"","meta":{"_acf_changed":false,"_kad_blocks_custom_css":"","_kad_blocks_head_custom_js":"","_kad_blocks_body_custom_js":"","_kad_blocks_footer_custom_js":""},"product_brand":[],"product_cat":[42],"product_tag":[],"class_list":{"0":"post-14861","1":"product","2":"type-product","3":"status-publish","4":"has-post-thumbnail","6":"product_cat-snapback-cap","8":"first","9":"outofstock","10":"shipping-taxable","11":"product-type-simple"},"acf":[],"yoast_head":"<!-- This site is optimized with the Yoast SEO Premium plugin v20.8 (Yoast SEO v25.9) - https:\/\/yoast.com\/wordpress\/plugins\/seo\/ -->\n<title>Custom Full Printing Dad Snpaback Cap | China Manufactuer<\/title>\n<meta name=\"description\" content=\"We are dedicated to manufacturing Premium Custom Caps, beanies and bucket hats. Patches available. Many custom options. Bulk Discount. Order Today!\" \/>\n<meta name=\"robots\" content=\"index, follow, max-snippet:-1, max-image-preview:large, max-video-preview:-1\" \/>\n<link rel=\"canonical\" href=\"https:\/\/sumkcaps.com\/sv\/produkt\/sufox-2916-anpassad-fem-panel-vavd-etikett-med-fullt-tryck-pappa-snapback-keps\/\" \/>\n<meta property=\"og:locale\" content=\"sv_SE\" \/>\n<meta property=\"og:type\" content=\"article\" \/>\n<meta property=\"og:title\" content=\"Sumkcaps 2916 Custom Five Panel Woven Label Full Printing Dad Snapback Cap - Sumkcaps\" \/>\n<meta property=\"og:description\" content=\"We are dedicated to manufacturing Premium Custom Caps, beanies and bucket hats. Patches available. Many custom options. Bulk Discount. Order Today!\" \/>\n<meta property=\"og:url\" content=\"https:\/\/sumkcaps.com\/sv\/produkt\/sufox-2916-anpassad-fem-panel-vavd-etikett-med-fullt-tryck-pappa-snapback-keps\/\" \/>\n<meta property=\"og:site_name\" content=\"Sumkcaps-China Original Headwear Manufacturer and Suppliers\" \/>\n<meta property=\"article:publisher\" content=\"https:\/\/www.facebook.com\/sumkcap\" \/>\n<meta property=\"article:modified_time\" content=\"2025-07-09T07:45:53+00:00\" \/>\n<meta property=\"og:image\" content=\"https:\/\/sumkcaps.com\/wp-content\/uploads\/2022\/09\/5_panel_full_printing_dad_snapback_cap-1.jpg\" \/>\n\t<meta property=\"og:image:width\" content=\"1000\" \/>\n\t<meta property=\"og:image:height\" content=\"1000\" \/>\n\t<meta property=\"og:image:type\" content=\"image\/jpeg\" \/>\n<meta name=\"twitter:card\" content=\"summary_large_image\" \/>\n<meta name=\"twitter:label1\" content=\"Ber\u00e4knad l\u00e4stid\" \/>\n\t<meta name=\"twitter:data1\" content=\"2 minuter\" \/>\n<script type=\"application\/ld+json\" class=\"yoast-schema-graph\">{\"@context\":\"https:\/\/schema.org\",\"@graph\":[{\"@type\":\"WebPage\",\"@id\":\"https:\/\/sumkcaps.com\/product\/sufox-2916-custom-five-panel-woven-label-full-printing-dad-snapback-cap\/\",\"url\":\"https:\/\/sumkcaps.com\/product\/sufox-2916-custom-five-panel-woven-label-full-printing-dad-snapback-cap\/\",\"name\":\"Custom Full Printing Dad Snpaback Cap | China Manufactuer\",\"isPartOf\":{\"@id\":\"https:\/\/sumkcaps.com\/#website\"},\"primaryImageOfPage\":{\"@id\":\"https:\/\/sumkcaps.com\/product\/sufox-2916-custom-five-panel-woven-label-full-printing-dad-snapback-cap\/#primaryimage\"},\"image\":{\"@id\":\"https:\/\/sumkcaps.com\/product\/sufox-2916-custom-five-panel-woven-label-full-printing-dad-snapback-cap\/#primaryimage\"},\"thumbnailUrl\":\"https:\/\/sumkcaps.com\/wp-content\/uploads\/2022\/09\/5_panel_full_printing_dad_snapback_cap-1.jpg\",\"datePublished\":\"2022-09-19T05:18:50+00:00\",\"dateModified\":\"2025-07-09T07:45:53+00:00\",\"description\":\"We are dedicated to manufacturing Premium Custom Caps, beanies and bucket hats. Patches available. Many custom options. Bulk Discount. Order Today!\",\"breadcrumb\":{\"@id\":\"https:\/\/sumkcaps.com\/product\/sufox-2916-custom-five-panel-woven-label-full-printing-dad-snapback-cap\/#breadcrumb\"},\"inLanguage\":\"sv-SE\",\"potentialAction\":[{\"@type\":\"ReadAction\",\"target\":[\"https:\/\/sumkcaps.com\/product\/sufox-2916-custom-five-panel-woven-label-full-printing-dad-snapback-cap\/\"]}]},{\"@type\":\"ImageObject\",\"inLanguage\":\"sv-SE\",\"@id\":\"https:\/\/sumkcaps.com\/product\/sufox-2916-custom-five-panel-woven-label-full-printing-dad-snapback-cap\/#primaryimage\",\"url\":\"https:\/\/sumkcaps.com\/wp-content\/uploads\/2022\/09\/5_panel_full_printing_dad_snapback_cap-1.jpg\",\"contentUrl\":\"https:\/\/sumkcaps.com\/wp-content\/uploads\/2022\/09\/5_panel_full_printing_dad_snapback_cap-1.jpg\",\"width\":1000,\"height\":1000,\"caption\":\"custom printing camp cap\"},{\"@type\":\"BreadcrumbList\",\"@id\":\"https:\/\/sumkcaps.com\/product\/sufox-2916-custom-five-panel-woven-label-full-printing-dad-snapback-cap\/#breadcrumb\",\"itemListElement\":[{\"@type\":\"ListItem\",\"position\":1,\"name\":\"Home\",\"item\":\"https:\/\/sumkcaps.com\/\"},{\"@type\":\"ListItem\",\"position\":2,\"name\":\"Products\",\"item\":\"https:\/\/sumkcaps.com\/product\/\"},{\"@type\":\"ListItem\",\"position\":3,\"name\":\"Sumkcaps 2916 Custom Five Panel Woven Label Full Printing Dad Snapback Cap\"}]},{\"@type\":\"WebSite\",\"@id\":\"https:\/\/sumkcaps.com\/#website\",\"url\":\"https:\/\/sumkcaps.com\/\",\"name\":\"Sumkcaps-China Original Headwear Manufacturer and Suppliers\",\"description\":\"We are China Cap And Hat Original Factory, whose main business is to custom cap and hat as client&#039;s LOGO. Any cap style, any cap color, any qty, any material and qty is no problem. In one words, any small details can be customized as your request.\",\"publisher\":{\"@id\":\"https:\/\/sumkcaps.com\/#organization\"},\"potentialAction\":[{\"@type\":\"SearchAction\",\"target\":{\"@type\":\"EntryPoint\",\"urlTemplate\":\"https:\/\/sumkcaps.com\/?s={search_term_string}\"},\"query-input\":{\"@type\":\"PropertyValueSpecification\",\"valueRequired\":true,\"valueName\":\"search_term_string\"}}],\"inLanguage\":\"sv-SE\"},{\"@type\":\"Organization\",\"@id\":\"https:\/\/sumkcaps.com\/#organization\",\"name\":\"Sumkcaps-China Original Headwear Manufacturer and Suppliers\",\"url\":\"https:\/\/sumkcaps.com\/\",\"logo\":{\"@type\":\"ImageObject\",\"inLanguage\":\"sv-SE\",\"@id\":\"https:\/\/sumkcaps.com\/#\/schema\/logo\/image\/\",\"url\":\"https:\/\/sumkcaps.com\/wp-content\/uploads\/2025\/12\/1234.jpg\",\"contentUrl\":\"https:\/\/sumkcaps.com\/wp-content\/uploads\/2025\/12\/1234.jpg\",\"width\":800,\"height\":800,\"caption\":\"Sumkcaps-China Original Headwear Manufacturer and Suppliers\"},\"image\":{\"@id\":\"https:\/\/sumkcaps.com\/#\/schema\/logo\/image\/\"},\"sameAs\":[\"https:\/\/www.facebook.com\/sumkcap\",\"https:\/\/www.instagram.com\/sumkcaps7\/\",\"https:\/\/www.pinterest.com\/sumkcapschina\/\"]}]}<\/script>\n<!-- \/ Yoast SEO Premium plugin. -->","yoast_head_json":{"title":"Anpassad full utskrift pappa snpaback keps | Kina tillverkare","description":"Vi \u00e4r dedikerade till att tillverka premium anpassade kepsar, m\u00f6ssor och hinkhattar. Patchar tillg\u00e4ngliga. M\u00e5nga anpassade alternativ. Bulk rabatt. Best\u00e4ll idag!","robots":{"index":"index","follow":"follow","max-snippet":"max-snippet:-1","max-image-preview":"max-image-preview:large","max-video-preview":"max-video-preview:-1"},"canonical":"https:\/\/sumkcaps.com\/sv\/produkt\/sufox-2916-anpassad-fem-panel-vavd-etikett-med-fullt-tryck-pappa-snapback-keps\/","og_locale":"sv_SE","og_type":"article","og_title":"Sumkcaps 2916 Custom Five Panel Woven Label Full Printing Dad Snapback Cap - Sumkcaps","og_description":"We are dedicated to manufacturing Premium Custom Caps, beanies and bucket hats. Patches available. Many custom options. Bulk Discount. Order Today!","og_url":"https:\/\/sumkcaps.com\/sv\/produkt\/sufox-2916-anpassad-fem-panel-vavd-etikett-med-fullt-tryck-pappa-snapback-keps\/","og_site_name":"Sumkcaps-China Original Headwear Manufacturer and Suppliers","article_publisher":"https:\/\/www.facebook.com\/sumkcap","article_modified_time":"2025-07-09T07:45:53+00:00","og_image":[{"width":1000,"height":1000,"url":"https:\/\/sumkcaps.com\/wp-content\/uploads\/2022\/09\/5_panel_full_printing_dad_snapback_cap-1.jpg","type":"image\/jpeg"}],"twitter_card":"summary_large_image","twitter_misc":{"Ber\u00e4knad l\u00e4stid":"2 minuter"},"schema":{"@context":"https:\/\/schema.org","@graph":[{"@type":"WebPage","@id":"https:\/\/sumkcaps.com\/product\/sufox-2916-custom-five-panel-woven-label-full-printing-dad-snapback-cap\/","url":"https:\/\/sumkcaps.com\/product\/sufox-2916-custom-five-panel-woven-label-full-printing-dad-snapback-cap\/","name":"Anpassad full utskrift pappa snpaback keps | Kina tillverkare","isPartOf":{"@id":"https:\/\/sumkcaps.com\/#website"},"primaryImageOfPage":{"@id":"https:\/\/sumkcaps.com\/product\/sufox-2916-custom-five-panel-woven-label-full-printing-dad-snapback-cap\/#primaryimage"},"image":{"@id":"https:\/\/sumkcaps.com\/product\/sufox-2916-custom-five-panel-woven-label-full-printing-dad-snapback-cap\/#primaryimage"},"thumbnailUrl":"https:\/\/sumkcaps.com\/wp-content\/uploads\/2022\/09\/5_panel_full_printing_dad_snapback_cap-1.jpg","datePublished":"2022-09-19T05:18:50+00:00","dateModified":"2025-07-09T07:45:53+00:00","description":"Vi \u00e4r dedikerade till att tillverka premium anpassade kepsar, m\u00f6ssor och hinkhattar. Patchar tillg\u00e4ngliga. M\u00e5nga anpassade alternativ. Bulk rabatt. Best\u00e4ll idag!","breadcrumb":{"@id":"https:\/\/sumkcaps.com\/product\/sufox-2916-custom-five-panel-woven-label-full-printing-dad-snapback-cap\/#breadcrumb"},"inLanguage":"sv-SE","potentialAction":[{"@type":"ReadAction","target":["https:\/\/sumkcaps.com\/product\/sufox-2916-custom-five-panel-woven-label-full-printing-dad-snapback-cap\/"]}]},{"@type":"ImageObject","inLanguage":"sv-SE","@id":"https:\/\/sumkcaps.com\/product\/sufox-2916-custom-five-panel-woven-label-full-printing-dad-snapback-cap\/#primaryimage","url":"https:\/\/sumkcaps.com\/wp-content\/uploads\/2022\/09\/5_panel_full_printing_dad_snapback_cap-1.jpg","contentUrl":"https:\/\/sumkcaps.com\/wp-content\/uploads\/2022\/09\/5_panel_full_printing_dad_snapback_cap-1.jpg","width":1000,"height":1000,"caption":"custom printing camp cap"},{"@type":"BreadcrumbList","@id":"https:\/\/sumkcaps.com\/product\/sufox-2916-custom-five-panel-woven-label-full-printing-dad-snapback-cap\/#breadcrumb","itemListElement":[{"@type":"ListItem","position":1,"name":"Home","item":"https:\/\/sumkcaps.com\/"},{"@type":"ListItem","position":2,"name":"Products","item":"https:\/\/sumkcaps.com\/product\/"},{"@type":"ListItem","position":3,"name":"Sumkcaps 2916 Custom Five Panel Woven Label Full Printing Dad Snapback Cap"}]},{"@type":"WebSite","@id":"https:\/\/sumkcaps.com\/#website","url":"https:\/\/sumkcaps.com\/","name":"Sumkcaps - tillverkare och leverant\u00f6rer av originalhuvudbonader i Kina","description":"Vi \u00e4r China Cap And Hat Original Factory, vars huvudsakliga verksamhet \u00e4r att anpassa m\u00f6ssa och hatt som klient &amp; #03939; s LOGO. Vilken keps som helst, vilken kepsf\u00e4rg som helst, vilket antal som helst, vilket material som helst och antal \u00e4r inget problem. Med ett ord kan alla sm\u00e5 detaljer anpassas efter din beg\u00e4ran.","publisher":{"@id":"https:\/\/sumkcaps.com\/#organization"},"potentialAction":[{"@type":"SearchAction","target":{"@type":"EntryPoint","urlTemplate":"https:\/\/sumkcaps.com\/?s={search_term_string}"},"query-input":{"@type":"PropertyValueSpecification","valueRequired":true,"valueName":"search_term_string"}}],"inLanguage":"sv-SE"},{"@type":"Organization","@id":"https:\/\/sumkcaps.com\/#organization","name":"Sumkcaps - tillverkare och leverant\u00f6rer av originalhuvudbonader i Kina","url":"https:\/\/sumkcaps.com\/","logo":{"@type":"ImageObject","inLanguage":"sv-SE","@id":"https:\/\/sumkcaps.com\/#\/schema\/logo\/image\/","url":"https:\/\/sumkcaps.com\/wp-content\/uploads\/2025\/12\/1234.jpg","contentUrl":"https:\/\/sumkcaps.com\/wp-content\/uploads\/2025\/12\/1234.jpg","width":800,"height":800,"caption":"Sumkcaps-China Original Headwear Manufacturer and Suppliers"},"image":{"@id":"https:\/\/sumkcaps.com\/#\/schema\/logo\/image\/"},"sameAs":["https:\/\/www.facebook.com\/sumkcap","https:\/\/www.instagram.com\/sumkcaps7\/","https:\/\/www.pinterest.com\/sumkcapschina\/"]}]}},"taxonomy_info":{"product_cat":[{"value":42,"label":"Snapback Hats Wholesale"}]},"featured_image_src_large":["https:\/\/sumkcaps.com\/wp-content\/uploads\/2022\/09\/5_panel_full_printing_dad_snapback_cap-1.jpg",800,800,false],"author_info":[],"comment_info":"","_links":{"self":[{"href":"https:\/\/sumkcaps.com\/sv\/wp-json\/wp\/v2\/product\/14861","targetHints":{"allow":["GET"]}}],"collection":[{"href":"https:\/\/sumkcaps.com\/sv\/wp-json\/wp\/v2\/product"}],"about":[{"href":"https:\/\/sumkcaps.com\/sv\/wp-json\/wp\/v2\/types\/product"}],"wp:featuredmedia":[{"embeddable":true,"href":"https:\/\/sumkcaps.com\/sv\/wp-json\/wp\/v2\/media\/14862"}],"wp:attachment":[{"href":"https:\/\/sumkcaps.com\/sv\/wp-json\/wp\/v2\/media?parent=14861"}],"wp:term":[{"taxonomy":"product_brand","embeddable":true,"href":"https:\/\/sumkcaps.com\/sv\/wp-json\/wp\/v2\/product_brand?post=14861"},{"taxonomy":"product_cat","embeddable":true,"href":"https:\/\/sumkcaps.com\/sv\/wp-json\/wp\/v2\/product_cat?post=14861"},{"taxonomy":"product_tag","embeddable":true,"href":"https:\/\/sumkcaps.com\/sv\/wp-json\/wp\/v2\/product_tag?post=14861"}],"curies":[{"name":"wp","href":"https:\/\/api.w.org\/{rel}","templated":true}]}}