{"id":14836,"date":"2022-09-19T11:34:23","date_gmt":"2022-09-19T03:34:23","guid":{"rendered":"https:\/\/sumkcaps.com\/?post_type=product&#038;p=14836"},"modified":"2026-04-03T15:31:42","modified_gmt":"2026-04-03T07:31:42","slug":"sufox-2919-custom-six-panel-sublimation-full-newspaper-printing-snapback-cap","status":"publish","type":"product","link":"https:\/\/sumkcaps.com\/sv\/produkt\/sufox-2919-anpassad-sex-panel-sublimering-full-tidning-utskrift-snapback-keps\/","title":{"rendered":"Sumkcaps 2919 Custom sex paneler sublimering fulltidningstryck Snapback keps"},"content":{"rendered":"<div class=\"flex flex-col text-sm pb-25\">\n<section class=\"text-token-text-primary w-full focus:outline-none [--shadow-height:45px] has-data-writing-block:pointer-events-none has-data-writing-block:-mt-(--shadow-height) has-data-writing-block:pt-(--shadow-height) [&amp;:has([data-writing-block])&gt;*]:pointer-events-auto scroll-mt-[calc(var(--header-height)+min(200px,max(70px,20svh)))]\" dir=\"auto\" data-turn-id=\"request-WEB:bbc05147-6152-4591-8172-cc7c19e1ce4f-7\" data-testid=\"conversation-turn-16\" data-scroll-anchor=\"true\" data-turn=\"assistant\">\n<div class=\"text-base my-auto mx-auto pb-10 [--thread-content-margin:var(--thread-content-margin-xs,calc(var(--spacing)*4))] @w-sm\/main:[--thread-content-margin:var(--thread-content-margin-sm,calc(var(--spacing)*6))] @w-lg\/main:[--thread-content-margin:var(--thread-content-margin-lg,calc(var(--spacing)*16))] px-(--thread-content-margin)\">\n<div class=\"[--thread-content-max-width:40rem] @w-lg\/main:[--thread-content-max-width:48rem] mx-auto max-w-(--thread-content-max-width) flex-1 group\/turn-messages focus-visible:outline-hidden relative flex w-full min-w-0 flex-col agent-turn\">\n<div class=\"flex max-w-full flex-col gap-4 grow\">\n<div class=\"min-h-8 text-message relative flex w-full flex-col items-end gap-2 text-start break-words whitespace-normal outline-none keyboard-focused:focus-ring [.text-message+&amp;]:mt-1\" dir=\"auto\" tabindex=\"0\" data-message-author-role=\"assistant\" data-message-id=\"dd038b26-2562-46dc-a21f-d9b28d209f57\" data-message-model-slug=\"gpt-5-3\" data-turn-start-message=\"true\">\n<div class=\"flex w-full flex-col gap-1 empty:hidden\">\n<div class=\"markdown prose dark:prose-invert w-full wrap-break-word light markdown-new-styling\">\n<h3 data-section-id=\"1d2uf3t\" data-start=\"126\" data-end=\"184\"><span role=\"text\"><strong data-start=\"130\" data-end=\"182\">Dekoration<\/strong><\/span><\/h3>\n<p data-start=\"185\" data-end=\"476\">Den h\u00e4r kepsen har sublimeringstryck p\u00e5 hela ytan, vilket m\u00f6jligg\u00f6r livfulla, helt\u00e4ckande m\u00f6nster som tidningsgrafik och komplexa m\u00f6nster. Tryckprocessen s\u00e4kerst\u00e4ller att f\u00e4rgerna infiltreras djupt i tyget, vilket f\u00f6rhindrar blekning eller sprickbildning samtidigt som det ger skarpa, h\u00f6guppl\u00f6sta bilder.<\/p>\n<h3 data-section-id=\"kpdawz\" data-start=\"483\" data-end=\"520\"><span role=\"text\"><strong data-start=\"487\" data-end=\"518\">Material<\/strong><\/span><\/h3>\n<p data-start=\"521\" data-end=\"797\">Den h\u00e4r kepsen \u00e4r tillverkad i en polyester- och bomullsblandning och kombinerar h\u00e5llbarhet med komfort. Polyester ger b\u00e4ttre f\u00e4rgbest\u00e4ndighet och tydligare tryck, medan bomull ger mjukhet och andningsf\u00f6rm\u00e5ga. Resultatet \u00e4r ett balanserat material som st\u00f6der detaljerade tryck och bekv\u00e4m daglig anv\u00e4ndning.<\/p>\n<h3 data-section-id=\"slu0w9\" data-start=\"804\" data-end=\"832\"><span role=\"text\"><strong data-start=\"808\" data-end=\"830\">F\u00e4rg<\/strong><\/span><\/h3>\n<p data-start=\"833\" data-end=\"1108\">Locket st\u00f6der helt anpassade f\u00e4rgdesigner, vilket g\u00f6r det idealiskt f\u00f6r kreativa koncept som tidningstryck eller konstn\u00e4rliga m\u00f6nster. Varum\u00e4rken kan uppn\u00e5 obegr\u00e4nsade f\u00e4rgkombinationer och invecklade layouter, vilket s\u00e4kerst\u00e4ller att varje produkt sticker ut med ett unikt och i\u00f6gonfallande utseende.<\/p>\n<h3 data-section-id=\"1ujt2bk\" data-start=\"1115\" data-end=\"1154\"><span role=\"text\"><strong data-start=\"1119\" data-end=\"1152\">Passform och storlek<\/strong><\/span><\/h3>\n<p data-start=\"1155\" data-end=\"1409\">Den h\u00e4r kepsen har en justerbar snapback-st\u00e4ngning och passar i en storlek fr\u00e5n 7 till 7 3\/4. Den ger en s\u00e4ker och bekv\u00e4m passform f\u00f6r m\u00e5nga olika huvudstorlekar, vilket g\u00f6r den l\u00e4mplig f\u00f6r massdistribution och olika kundgrupper.<\/p>\n<h3 data-section-id=\"3asju8\" data-start=\"1416\" data-end=\"1443\"><span role=\"text\"><strong data-start=\"1420\" data-end=\"1441\">Visir<\/strong><\/span><\/h3>\n<p data-start=\"1444\" data-end=\"1675\">Det platta visiret f\u00f6rst\u00e4rker kepsens moderna och streetinspirerade look. Det beh\u00e5ller sin strukturerade form \u00f6ver tid och kompletterar den dj\u00e4rva designen med fullt tryck, samtidigt som det ger ett praktiskt solskydd f\u00f6r vardagliga utomhusaktiviteter.<\/p>\n<h3 data-section-id=\"3nymbz\" data-start=\"1682\" data-end=\"1711\"><span role=\"text\"><strong data-start=\"1686\" data-end=\"1709\">Service<\/strong><\/span><\/h3>\n<p data-start=\"1712\" data-end=\"1959\">Vi erbjuder kompletta OEM- och ODM-tj\u00e4nster med st\u00f6d f\u00f6r anpassade illustrationer, material, f\u00e4rger och f\u00f6rpackningsl\u00f6sningar. V\u00e5rt team s\u00e4kerst\u00e4ller exakt utf\u00f6rande av komplexa m\u00f6nster och hj\u00e4lper varum\u00e4rken att omvandla kreativa id\u00e9er till h\u00f6gkvalitativa f\u00e4rdiga produkter p\u00e5 ett effektivt s\u00e4tt.<\/p>\n<h3 data-section-id=\"1mx9aa5\" data-start=\"1966\" data-end=\"1991\"><span role=\"text\"><strong data-start=\"1970\" data-end=\"1989\">Genomf\u00f6randetid<\/strong><\/span><\/h3>\n<p data-start=\"1992\" data-end=\"2229\" data-is-last-node=\"\" data-is-only-node=\"\">Med en str\u00f6mlinjeformad produktionsprocess \u00e4r proverna f\u00e4rdiga inom 7-9 arbetsdagar och bulkproduktionen tar 18-22 arbetsdagar. Den h\u00e4r effektiva processen g\u00f6r det m\u00f6jligt f\u00f6r varum\u00e4rken att h\u00e5lla sn\u00e4va tidsfrister och snabbt lansera ny design p\u00e5 marknaden.<\/p>\n<\/div>\n<\/div>\n<\/div>\n<\/div>\n<\/div>\n<\/div>\n<\/section>\n<\/div>","protected":false},"excerpt":{"rendered":"<p>Sumkcaps 2919 Custom Six Panel Sublimation Full Newspaper Printing Snapback Cap \u00e4r en av popul\u00e4ra Cap Style, l\u00e4tt vikt och andningsbar v\u00e4l. V\u00e5ra Snapbacks kommer i en m\u00e4ngd olika stilar och f\u00e4rger fr\u00e5n alla de b\u00e4sta varum\u00e4rkena.<\/p>","protected":false},"featured_media":14837,"template":"","meta":{"_acf_changed":false,"_kad_blocks_custom_css":"","_kad_blocks_head_custom_js":"","_kad_blocks_body_custom_js":"","_kad_blocks_footer_custom_js":""},"product_brand":[],"product_cat":[42],"product_tag":[],"class_list":{"0":"post-14836","1":"product","2":"type-product","3":"status-publish","4":"has-post-thumbnail","6":"product_cat-snapback-cap","8":"first","9":"outofstock","10":"shipping-taxable","11":"product-type-simple"},"acf":[],"yoast_head":"<!-- This site is optimized with the Yoast SEO Premium plugin v20.8 (Yoast SEO v25.9) - https:\/\/yoast.com\/wordpress\/plugins\/seo\/ -->\n<title>Custom Sublimation Printing Snapback Cap | China Manufactuer<\/title>\n<meta name=\"description\" content=\"Custom Cap, Logo Cap, Brand Caps, Custom Made Snapback Caps, Custom Snapback Baseball Hats. Premium Cap Manufacturer since 2006. Min order 100pcs\" \/>\n<meta name=\"robots\" content=\"index, follow, max-snippet:-1, max-image-preview:large, max-video-preview:-1\" \/>\n<link rel=\"canonical\" href=\"https:\/\/sumkcaps.com\/sv\/produkt\/sufox-2919-anpassad-sex-panel-sublimering-full-tidning-utskrift-snapback-keps\/\" \/>\n<meta property=\"og:locale\" content=\"sv_SE\" \/>\n<meta property=\"og:type\" content=\"article\" \/>\n<meta property=\"og:title\" content=\"Sumkcaps 2919 Custom Six Panel Sublimation Full Newspaper Printing Snapback Cap - Sumkcaps\" \/>\n<meta property=\"og:description\" content=\"Custom Cap, Logo Cap, Brand Caps, Custom Made Snapback Caps, Custom Snapback Baseball Hats. Premium Cap Manufacturer since 2006. Min order 100pcs\" \/>\n<meta property=\"og:url\" content=\"https:\/\/sumkcaps.com\/sv\/produkt\/sufox-2919-anpassad-sex-panel-sublimering-full-tidning-utskrift-snapback-keps\/\" \/>\n<meta property=\"og:site_name\" content=\"Sumkcaps-China Original Headwear Manufacturer and Suppliers\" \/>\n<meta property=\"article:publisher\" content=\"https:\/\/www.facebook.com\/sumkcap\" \/>\n<meta property=\"article:modified_time\" content=\"2026-04-03T07:31:42+00:00\" \/>\n<meta property=\"og:image\" content=\"https:\/\/sumkcaps.com\/wp-content\/uploads\/2022\/09\/printing_snapback_cap-1.jpg\" \/>\n\t<meta property=\"og:image:width\" content=\"1000\" \/>\n\t<meta property=\"og:image:height\" content=\"1000\" \/>\n\t<meta property=\"og:image:type\" content=\"image\/jpeg\" \/>\n<meta name=\"twitter:card\" content=\"summary_large_image\" \/>\n<meta name=\"twitter:label1\" content=\"Ber\u00e4knad l\u00e4stid\" \/>\n\t<meta name=\"twitter:data1\" content=\"2 minuter\" \/>\n<script type=\"application\/ld+json\" class=\"yoast-schema-graph\">{\"@context\":\"https:\/\/schema.org\",\"@graph\":[{\"@type\":\"WebPage\",\"@id\":\"https:\/\/sumkcaps.com\/product\/sufox-2919-custom-six-panel-sublimation-full-newspaper-printing-snapback-cap\/\",\"url\":\"https:\/\/sumkcaps.com\/product\/sufox-2919-custom-six-panel-sublimation-full-newspaper-printing-snapback-cap\/\",\"name\":\"Custom Sublimation Printing Snapback Cap | China Manufactuer\",\"isPartOf\":{\"@id\":\"https:\/\/sumkcaps.com\/#website\"},\"primaryImageOfPage\":{\"@id\":\"https:\/\/sumkcaps.com\/product\/sufox-2919-custom-six-panel-sublimation-full-newspaper-printing-snapback-cap\/#primaryimage\"},\"image\":{\"@id\":\"https:\/\/sumkcaps.com\/product\/sufox-2919-custom-six-panel-sublimation-full-newspaper-printing-snapback-cap\/#primaryimage\"},\"thumbnailUrl\":\"https:\/\/sumkcaps.com\/wp-content\/uploads\/2022\/09\/printing_snapback_cap-1.jpg\",\"datePublished\":\"2022-09-19T03:34:23+00:00\",\"dateModified\":\"2026-04-03T07:31:42+00:00\",\"description\":\"Custom Cap, Logo Cap, Brand Caps, Custom Made Snapback Caps, Custom Snapback Baseball Hats. Premium Cap Manufacturer since 2006. Min order 100pcs\",\"breadcrumb\":{\"@id\":\"https:\/\/sumkcaps.com\/product\/sufox-2919-custom-six-panel-sublimation-full-newspaper-printing-snapback-cap\/#breadcrumb\"},\"inLanguage\":\"sv-SE\",\"potentialAction\":[{\"@type\":\"ReadAction\",\"target\":[\"https:\/\/sumkcaps.com\/product\/sufox-2919-custom-six-panel-sublimation-full-newspaper-printing-snapback-cap\/\"]}]},{\"@type\":\"ImageObject\",\"inLanguage\":\"sv-SE\",\"@id\":\"https:\/\/sumkcaps.com\/product\/sufox-2919-custom-six-panel-sublimation-full-newspaper-printing-snapback-cap\/#primaryimage\",\"url\":\"https:\/\/sumkcaps.com\/wp-content\/uploads\/2022\/09\/printing_snapback_cap-1.jpg\",\"contentUrl\":\"https:\/\/sumkcaps.com\/wp-content\/uploads\/2022\/09\/printing_snapback_cap-1.jpg\",\"width\":1000,\"height\":1000},{\"@type\":\"BreadcrumbList\",\"@id\":\"https:\/\/sumkcaps.com\/product\/sufox-2919-custom-six-panel-sublimation-full-newspaper-printing-snapback-cap\/#breadcrumb\",\"itemListElement\":[{\"@type\":\"ListItem\",\"position\":1,\"name\":\"Home\",\"item\":\"https:\/\/sumkcaps.com\/\"},{\"@type\":\"ListItem\",\"position\":2,\"name\":\"Products\",\"item\":\"https:\/\/sumkcaps.com\/product\/\"},{\"@type\":\"ListItem\",\"position\":3,\"name\":\"Sumkcaps 2919 Custom Six Panel Sublimation Full Newspaper Printing Snapback Cap\"}]},{\"@type\":\"WebSite\",\"@id\":\"https:\/\/sumkcaps.com\/#website\",\"url\":\"https:\/\/sumkcaps.com\/\",\"name\":\"Sumkcaps-China Original Headwear Manufacturer and Suppliers\",\"description\":\"We are China Cap And Hat Original Factory, whose main business is to custom cap and hat as client&#039;s LOGO. Any cap style, any cap color, any qty, any material and qty is no problem. In one words, any small details can be customized as your request.\",\"publisher\":{\"@id\":\"https:\/\/sumkcaps.com\/#organization\"},\"potentialAction\":[{\"@type\":\"SearchAction\",\"target\":{\"@type\":\"EntryPoint\",\"urlTemplate\":\"https:\/\/sumkcaps.com\/?s={search_term_string}\"},\"query-input\":{\"@type\":\"PropertyValueSpecification\",\"valueRequired\":true,\"valueName\":\"search_term_string\"}}],\"inLanguage\":\"sv-SE\"},{\"@type\":\"Organization\",\"@id\":\"https:\/\/sumkcaps.com\/#organization\",\"name\":\"Sumkcaps-China Original Headwear Manufacturer and Suppliers\",\"url\":\"https:\/\/sumkcaps.com\/\",\"logo\":{\"@type\":\"ImageObject\",\"inLanguage\":\"sv-SE\",\"@id\":\"https:\/\/sumkcaps.com\/#\/schema\/logo\/image\/\",\"url\":\"https:\/\/sumkcaps.com\/wp-content\/uploads\/2025\/12\/1234.jpg\",\"contentUrl\":\"https:\/\/sumkcaps.com\/wp-content\/uploads\/2025\/12\/1234.jpg\",\"width\":800,\"height\":800,\"caption\":\"Sumkcaps-China Original Headwear Manufacturer and Suppliers\"},\"image\":{\"@id\":\"https:\/\/sumkcaps.com\/#\/schema\/logo\/image\/\"},\"sameAs\":[\"https:\/\/www.facebook.com\/sumkcap\",\"https:\/\/www.instagram.com\/sumkcaps7\/\",\"https:\/\/www.pinterest.com\/sumkcapschina\/\"]}]}<\/script>\n<!-- \/ Yoast SEO Premium plugin. -->","yoast_head_json":{"title":"Anpassat sublimeringstryck Snapback Cap | Kina Tillverkare","description":"Anpassad keps, logotypkeps, varum\u00e4rkeskepsar, skr\u00e4ddarsydda snapback-kepsar, anpassade snapback-basebollhattar. Premium Cap Tillverkare sedan 2006. Min order 100st","robots":{"index":"index","follow":"follow","max-snippet":"max-snippet:-1","max-image-preview":"max-image-preview:large","max-video-preview":"max-video-preview:-1"},"canonical":"https:\/\/sumkcaps.com\/sv\/produkt\/sufox-2919-anpassad-sex-panel-sublimering-full-tidning-utskrift-snapback-keps\/","og_locale":"sv_SE","og_type":"article","og_title":"Sumkcaps 2919 Custom Six Panel Sublimation Full Newspaper Printing Snapback Cap - Sumkcaps","og_description":"Custom Cap, Logo Cap, Brand Caps, Custom Made Snapback Caps, Custom Snapback Baseball Hats. Premium Cap Manufacturer since 2006. Min order 100pcs","og_url":"https:\/\/sumkcaps.com\/sv\/produkt\/sufox-2919-anpassad-sex-panel-sublimering-full-tidning-utskrift-snapback-keps\/","og_site_name":"Sumkcaps-China Original Headwear Manufacturer and Suppliers","article_publisher":"https:\/\/www.facebook.com\/sumkcap","article_modified_time":"2026-04-03T07:31:42+00:00","og_image":[{"width":1000,"height":1000,"url":"https:\/\/sumkcaps.com\/wp-content\/uploads\/2022\/09\/printing_snapback_cap-1.jpg","type":"image\/jpeg"}],"twitter_card":"summary_large_image","twitter_misc":{"Ber\u00e4knad l\u00e4stid":"2 minuter"},"schema":{"@context":"https:\/\/schema.org","@graph":[{"@type":"WebPage","@id":"https:\/\/sumkcaps.com\/product\/sufox-2919-custom-six-panel-sublimation-full-newspaper-printing-snapback-cap\/","url":"https:\/\/sumkcaps.com\/product\/sufox-2919-custom-six-panel-sublimation-full-newspaper-printing-snapback-cap\/","name":"Anpassat sublimeringstryck Snapback Cap | Kina Tillverkare","isPartOf":{"@id":"https:\/\/sumkcaps.com\/#website"},"primaryImageOfPage":{"@id":"https:\/\/sumkcaps.com\/product\/sufox-2919-custom-six-panel-sublimation-full-newspaper-printing-snapback-cap\/#primaryimage"},"image":{"@id":"https:\/\/sumkcaps.com\/product\/sufox-2919-custom-six-panel-sublimation-full-newspaper-printing-snapback-cap\/#primaryimage"},"thumbnailUrl":"https:\/\/sumkcaps.com\/wp-content\/uploads\/2022\/09\/printing_snapback_cap-1.jpg","datePublished":"2022-09-19T03:34:23+00:00","dateModified":"2026-04-03T07:31:42+00:00","description":"Anpassad keps, logotypkeps, varum\u00e4rkeskepsar, skr\u00e4ddarsydda snapback-kepsar, anpassade snapback-basebollhattar. Premium Cap Tillverkare sedan 2006. Min order 100st","breadcrumb":{"@id":"https:\/\/sumkcaps.com\/product\/sufox-2919-custom-six-panel-sublimation-full-newspaper-printing-snapback-cap\/#breadcrumb"},"inLanguage":"sv-SE","potentialAction":[{"@type":"ReadAction","target":["https:\/\/sumkcaps.com\/product\/sufox-2919-custom-six-panel-sublimation-full-newspaper-printing-snapback-cap\/"]}]},{"@type":"ImageObject","inLanguage":"sv-SE","@id":"https:\/\/sumkcaps.com\/product\/sufox-2919-custom-six-panel-sublimation-full-newspaper-printing-snapback-cap\/#primaryimage","url":"https:\/\/sumkcaps.com\/wp-content\/uploads\/2022\/09\/printing_snapback_cap-1.jpg","contentUrl":"https:\/\/sumkcaps.com\/wp-content\/uploads\/2022\/09\/printing_snapback_cap-1.jpg","width":1000,"height":1000},{"@type":"BreadcrumbList","@id":"https:\/\/sumkcaps.com\/product\/sufox-2919-custom-six-panel-sublimation-full-newspaper-printing-snapback-cap\/#breadcrumb","itemListElement":[{"@type":"ListItem","position":1,"name":"Home","item":"https:\/\/sumkcaps.com\/"},{"@type":"ListItem","position":2,"name":"Products","item":"https:\/\/sumkcaps.com\/product\/"},{"@type":"ListItem","position":3,"name":"Sumkcaps 2919 Custom Six Panel Sublimation Full Newspaper Printing Snapback Cap"}]},{"@type":"WebSite","@id":"https:\/\/sumkcaps.com\/#website","url":"https:\/\/sumkcaps.com\/","name":"Sumkcaps - tillverkare och leverant\u00f6rer av originalhuvudbonader i Kina","description":"Vi \u00e4r China Cap And Hat Original Factory, vars huvudsakliga verksamhet \u00e4r att anpassa m\u00f6ssa och hatt som klient &amp; #03939; s LOGO. Vilken keps som helst, vilken kepsf\u00e4rg som helst, vilket antal som helst, vilket material som helst och antal \u00e4r inget problem. Med ett ord kan alla sm\u00e5 detaljer anpassas efter din beg\u00e4ran.","publisher":{"@id":"https:\/\/sumkcaps.com\/#organization"},"potentialAction":[{"@type":"SearchAction","target":{"@type":"EntryPoint","urlTemplate":"https:\/\/sumkcaps.com\/?s={search_term_string}"},"query-input":{"@type":"PropertyValueSpecification","valueRequired":true,"valueName":"search_term_string"}}],"inLanguage":"sv-SE"},{"@type":"Organization","@id":"https:\/\/sumkcaps.com\/#organization","name":"Sumkcaps - tillverkare och leverant\u00f6rer av originalhuvudbonader i Kina","url":"https:\/\/sumkcaps.com\/","logo":{"@type":"ImageObject","inLanguage":"sv-SE","@id":"https:\/\/sumkcaps.com\/#\/schema\/logo\/image\/","url":"https:\/\/sumkcaps.com\/wp-content\/uploads\/2025\/12\/1234.jpg","contentUrl":"https:\/\/sumkcaps.com\/wp-content\/uploads\/2025\/12\/1234.jpg","width":800,"height":800,"caption":"Sumkcaps-China Original Headwear Manufacturer and Suppliers"},"image":{"@id":"https:\/\/sumkcaps.com\/#\/schema\/logo\/image\/"},"sameAs":["https:\/\/www.facebook.com\/sumkcap","https:\/\/www.instagram.com\/sumkcaps7\/","https:\/\/www.pinterest.com\/sumkcapschina\/"]}]}},"taxonomy_info":{"product_cat":[{"value":42,"label":"Snapback Hats Wholesale"}]},"featured_image_src_large":["https:\/\/sumkcaps.com\/wp-content\/uploads\/2022\/09\/printing_snapback_cap-1.jpg",800,800,false],"author_info":[],"comment_info":"","_links":{"self":[{"href":"https:\/\/sumkcaps.com\/sv\/wp-json\/wp\/v2\/product\/14836","targetHints":{"allow":["GET"]}}],"collection":[{"href":"https:\/\/sumkcaps.com\/sv\/wp-json\/wp\/v2\/product"}],"about":[{"href":"https:\/\/sumkcaps.com\/sv\/wp-json\/wp\/v2\/types\/product"}],"wp:featuredmedia":[{"embeddable":true,"href":"https:\/\/sumkcaps.com\/sv\/wp-json\/wp\/v2\/media\/14837"}],"wp:attachment":[{"href":"https:\/\/sumkcaps.com\/sv\/wp-json\/wp\/v2\/media?parent=14836"}],"wp:term":[{"taxonomy":"product_brand","embeddable":true,"href":"https:\/\/sumkcaps.com\/sv\/wp-json\/wp\/v2\/product_brand?post=14836"},{"taxonomy":"product_cat","embeddable":true,"href":"https:\/\/sumkcaps.com\/sv\/wp-json\/wp\/v2\/product_cat?post=14836"},{"taxonomy":"product_tag","embeddable":true,"href":"https:\/\/sumkcaps.com\/sv\/wp-json\/wp\/v2\/product_tag?post=14836"}],"curies":[{"name":"wp","href":"https:\/\/api.w.org\/{rel}","templated":true}]}}